{"id":15336,"date":"2025-07-09T10:49:22","date_gmt":"2025-07-09T10:49:22","guid":{"rendered":"https:\/\/botiga.saiga.es\/producte\/zum-insecticide-aerosol-600-cc\/"},"modified":"2025-12-10T11:47:34","modified_gmt":"2025-12-10T11:47:34","slug":"zum-insecticide-aerosol-600-cc","status":"publish","type":"product","link":"https:\/\/saiga.es\/fr\/produit\/zum-insecticide-aerosol-600-cc\/","title":{"rendered":"Zum insecticide a\u00e9rosol 600 cc"},"content":{"rendered":"<p data-start=\"273\" data-end=\"629\">L&rsquo;A\u00e9rosol insecticide Zum 600 cc est une laque hautement efficace et durable, con\u00e7ue pour \u00e9liminer et pr\u00e9venir la pr\u00e9sence d&rsquo;insectes rampants dans la maison. Sa formule puissante agit rapidement et durablement contre une grande vari\u00e9t\u00e9 de nuisibles courants tels que les vers, les fourmis, les araign\u00e9es, les punaises de lit, les col\u00e9opt\u00e8res et les cafards. Une seule application suffit pour \u00e9loigner les insectes jusqu&rsquo;\u00e0 12 mois, offrant une protection continue et fiable. Son effet est quasi imm\u00e9diat : il attaque le syst\u00e8me nerveux des insectes et les \u00e9limine en quelques minutes, tandis que son action r\u00e9manente continue d&rsquo;agir sur les nouvelles apparitions.   <\/p>\n<p data-start=\"980\" data-end=\"1331\">ZUM est id\u00e9al pour un usage domestique et peut \u00eatre appliqu\u00e9 dans les zones de passage ou les cachettes habituelles des insectes : coins, encadrements de portes et fen\u00eatres, derri\u00e8re les appareils \u00e9lectrom\u00e9nagers, sous les meubles, garages, d\u00e9barras ou sous-sols. Son application par pulv\u00e9risation est confortable, pr\u00e9cise et s\u00fbre, \u00e0 condition de respecter le mode d&#8217;emploi indiqu\u00e9 sur le produit.  <\/p>\n","protected":false},"excerpt":{"rendered":"<p>L&rsquo;a\u00e9rosol insecticide Zum 600 cc est un insecticide tr\u00e8s efficace et durable, con\u00e7u pour \u00e9liminer et pr\u00e9venir la pr\u00e9sence d&rsquo;insectes rampants dans la maison. Sa formule puissante agit rapidement et durablement contre une grande vari\u00e9t\u00e9 de nuisibles courants tels que les vers, les fourmis, les araign\u00e9es, les punaises de lit, les col\u00e9opt\u00e8res et les cafards. <\/p>\n","protected":false},"featured_media":15333,"comment_status":"closed","ping_status":"closed","template":"","meta":[],"product_brand":[],"product_cat":[445],"product_tag":[],"class_list":{"0":"post-15336","1":"product","2":"type-product","3":"status-publish","4":"has-post-thumbnail","6":"product_cat-insecticides-fr-2","8":"first","9":"instock","10":"taxable","11":"shipping-taxable","12":"purchasable","13":"product-type-simple"},"yoast_head":"<!-- This site is optimized with the Yoast SEO plugin v27.4 - https:\/\/yoast.com\/product\/yoast-seo-wordpress\/ -->\n<title>Zum insecticide a\u00e9rosol 600 cc | SAIGA<\/title>\n<meta name=\"description\" content=\"L&#039;a\u00e9rosol insecticide Zum est une laque tr\u00e8s efficace et durable, con\u00e7ue pour \u00e9liminer et pr\u00e9venir la pr\u00e9sence d&#039;insectes \u00e0 l&#039;int\u00e9rieur de la maison.\" \/>\n<meta name=\"robots\" content=\"index, follow, max-snippet:-1, max-image-preview:large, max-video-preview:-1\" \/>\n<link rel=\"canonical\" href=\"https:\/\/saiga.es\/fr\/produit\/zum-insecticide-aerosol-600-cc\/\" \/>\n<meta property=\"og:locale\" content=\"fr_FR\" \/>\n<meta property=\"og:type\" content=\"article\" \/>\n<meta property=\"og:title\" content=\"Zum insecticide a\u00e9rosol 600 cc | SAIGA\" \/>\n<meta property=\"og:description\" content=\"L&#039;a\u00e9rosol insecticide Zum est une laque tr\u00e8s efficace et durable, con\u00e7ue pour \u00e9liminer et pr\u00e9venir la pr\u00e9sence d&#039;insectes \u00e0 l&#039;int\u00e9rieur de la maison.\" \/>\n<meta property=\"og:url\" content=\"https:\/\/saiga.es\/fr\/produit\/zum-insecticide-aerosol-600-cc\/\" \/>\n<meta property=\"og:site_name\" content=\"SAIGA\" \/>\n<meta property=\"article:modified_time\" content=\"2025-12-10T11:47:34+00:00\" \/>\n<meta property=\"og:image\" content=\"https:\/\/saiga.es\/wp-content\/uploads\/2025\/07\/Zum-Pro-laca-insecticida.jpg\" \/>\n\t<meta property=\"og:image:width\" content=\"1080\" \/>\n\t<meta property=\"og:image:height\" content=\"1080\" \/>\n\t<meta property=\"og:image:type\" content=\"image\/jpeg\" \/>\n<meta name=\"twitter:card\" content=\"summary_large_image\" \/>\n<meta name=\"twitter:site\" content=\"@saiga_agro\" \/>\n<meta name=\"twitter:label1\" content=\"Dur\u00e9e de lecture estim\u00e9e\" \/>\n\t<meta name=\"twitter:data1\" content=\"1 minute\" \/>\n<script type=\"application\/ld+json\" class=\"yoast-schema-graph\">{\"@context\":\"https:\\\/\\\/schema.org\",\"@graph\":[{\"@type\":\"WebPage\",\"@id\":\"https:\\\/\\\/saiga.es\\\/fr\\\/produit\\\/zum-insecticide-aerosol-600-cc\\\/\",\"url\":\"https:\\\/\\\/saiga.es\\\/fr\\\/produit\\\/zum-insecticide-aerosol-600-cc\\\/\",\"name\":\"Zum insecticide a\u00e9rosol 600 cc | SAIGA\",\"isPartOf\":{\"@id\":\"https:\\\/\\\/saiga.es\\\/fr\\\/#website\"},\"primaryImageOfPage\":{\"@id\":\"https:\\\/\\\/saiga.es\\\/fr\\\/produit\\\/zum-insecticide-aerosol-600-cc\\\/#primaryimage\"},\"image\":{\"@id\":\"https:\\\/\\\/saiga.es\\\/fr\\\/produit\\\/zum-insecticide-aerosol-600-cc\\\/#primaryimage\"},\"thumbnailUrl\":\"https:\\\/\\\/saiga.es\\\/wp-content\\\/uploads\\\/2025\\\/07\\\/Zum-Pro-laca-insecticida.jpg\",\"datePublished\":\"2025-07-09T10:49:22+00:00\",\"dateModified\":\"2025-12-10T11:47:34+00:00\",\"description\":\"L'a\u00e9rosol insecticide Zum est une laque tr\u00e8s efficace et durable, con\u00e7ue pour \u00e9liminer et pr\u00e9venir la pr\u00e9sence d'insectes \u00e0 l'int\u00e9rieur de la maison.\",\"breadcrumb\":{\"@id\":\"https:\\\/\\\/saiga.es\\\/fr\\\/produit\\\/zum-insecticide-aerosol-600-cc\\\/#breadcrumb\"},\"inLanguage\":\"fr-FR\",\"potentialAction\":[{\"@type\":\"ReadAction\",\"target\":[\"https:\\\/\\\/saiga.es\\\/fr\\\/produit\\\/zum-insecticide-aerosol-600-cc\\\/\"]}]},{\"@type\":\"ImageObject\",\"inLanguage\":\"fr-FR\",\"@id\":\"https:\\\/\\\/saiga.es\\\/fr\\\/produit\\\/zum-insecticide-aerosol-600-cc\\\/#primaryimage\",\"url\":\"https:\\\/\\\/saiga.es\\\/wp-content\\\/uploads\\\/2025\\\/07\\\/Zum-Pro-laca-insecticida.jpg\",\"contentUrl\":\"https:\\\/\\\/saiga.es\\\/wp-content\\\/uploads\\\/2025\\\/07\\\/Zum-Pro-laca-insecticida.jpg\",\"width\":1080,\"height\":1080,\"caption\":\"Zum pro laca insecticida\"},{\"@type\":\"BreadcrumbList\",\"@id\":\"https:\\\/\\\/saiga.es\\\/fr\\\/produit\\\/zum-insecticide-aerosol-600-cc\\\/#breadcrumb\",\"itemListElement\":[{\"@type\":\"ListItem\",\"position\":1,\"name\":\"Inici\",\"item\":\"https:\\\/\\\/saiga.es\\\/fr\\\/\"},{\"@type\":\"ListItem\",\"position\":2,\"name\":\"boutique\",\"item\":\"https:\\\/\\\/saiga.es\\\/fr\\\/boutique\\\/\"},{\"@type\":\"ListItem\",\"position\":3,\"name\":\"Zum insecticide a\u00e9rosol 600 cc\"}]},{\"@type\":\"WebSite\",\"@id\":\"https:\\\/\\\/saiga.es\\\/fr\\\/#website\",\"url\":\"https:\\\/\\\/saiga.es\\\/fr\\\/\",\"name\":\"SAIGA\",\"description\":\"M\u00e9s de 50 anys al servei de la terra i treballant per a un \u00fas eficient de l\u2019aigua!\",\"publisher\":{\"@id\":\"https:\\\/\\\/saiga.es\\\/fr\\\/#organization\"},\"potentialAction\":[{\"@type\":\"SearchAction\",\"target\":{\"@type\":\"EntryPoint\",\"urlTemplate\":\"https:\\\/\\\/saiga.es\\\/fr\\\/?s={search_term_string}\"},\"query-input\":{\"@type\":\"PropertyValueSpecification\",\"valueRequired\":true,\"valueName\":\"search_term_string\"}}],\"inLanguage\":\"fr-FR\"},{\"@type\":\"Organization\",\"@id\":\"https:\\\/\\\/saiga.es\\\/fr\\\/#organization\",\"name\":\"SAIGA\",\"url\":\"https:\\\/\\\/saiga.es\\\/fr\\\/\",\"logo\":{\"@type\":\"ImageObject\",\"inLanguage\":\"fr-FR\",\"@id\":\"https:\\\/\\\/saiga.es\\\/fr\\\/#\\\/schema\\\/logo\\\/image\\\/\",\"url\":\"https:\\\/\\\/saiga.es\\\/wp-content\\\/uploads\\\/2025\\\/07\\\/logo_saiga_baseline_optimitzat.svg\",\"contentUrl\":\"https:\\\/\\\/saiga.es\\\/wp-content\\\/uploads\\\/2025\\\/07\\\/logo_saiga_baseline_optimitzat.svg\",\"caption\":\"SAIGA\"},\"image\":{\"@id\":\"https:\\\/\\\/saiga.es\\\/fr\\\/#\\\/schema\\\/logo\\\/image\\\/\"},\"sameAs\":[\"https:\\\/\\\/x.com\\\/saiga_agro\",\"https:\\\/\\\/www.instagram.com\\\/saiga_agro\\\/\"]}]}<\/script>\n<!-- \/ Yoast SEO plugin. -->","yoast_head_json":{"title":"Zum insecticide a\u00e9rosol 600 cc | SAIGA","description":"L'a\u00e9rosol insecticide Zum est une laque tr\u00e8s efficace et durable, con\u00e7ue pour \u00e9liminer et pr\u00e9venir la pr\u00e9sence d'insectes \u00e0 l'int\u00e9rieur de la maison.","robots":{"index":"index","follow":"follow","max-snippet":"max-snippet:-1","max-image-preview":"max-image-preview:large","max-video-preview":"max-video-preview:-1"},"canonical":"https:\/\/saiga.es\/fr\/produit\/zum-insecticide-aerosol-600-cc\/","og_locale":"fr_FR","og_type":"article","og_title":"Zum insecticide a\u00e9rosol 600 cc | SAIGA","og_description":"L'a\u00e9rosol insecticide Zum est une laque tr\u00e8s efficace et durable, con\u00e7ue pour \u00e9liminer et pr\u00e9venir la pr\u00e9sence d'insectes \u00e0 l'int\u00e9rieur de la maison.","og_url":"https:\/\/saiga.es\/fr\/produit\/zum-insecticide-aerosol-600-cc\/","og_site_name":"SAIGA","article_modified_time":"2025-12-10T11:47:34+00:00","og_image":[{"width":1080,"height":1080,"url":"https:\/\/saiga.es\/wp-content\/uploads\/2025\/07\/Zum-Pro-laca-insecticida.jpg","type":"image\/jpeg"}],"twitter_card":"summary_large_image","twitter_site":"@saiga_agro","twitter_misc":{"Dur\u00e9e de lecture estim\u00e9e":"1 minute"},"schema":{"@context":"https:\/\/schema.org","@graph":[{"@type":"WebPage","@id":"https:\/\/saiga.es\/fr\/produit\/zum-insecticide-aerosol-600-cc\/","url":"https:\/\/saiga.es\/fr\/produit\/zum-insecticide-aerosol-600-cc\/","name":"Zum insecticide a\u00e9rosol 600 cc | SAIGA","isPartOf":{"@id":"https:\/\/saiga.es\/fr\/#website"},"primaryImageOfPage":{"@id":"https:\/\/saiga.es\/fr\/produit\/zum-insecticide-aerosol-600-cc\/#primaryimage"},"image":{"@id":"https:\/\/saiga.es\/fr\/produit\/zum-insecticide-aerosol-600-cc\/#primaryimage"},"thumbnailUrl":"https:\/\/saiga.es\/wp-content\/uploads\/2025\/07\/Zum-Pro-laca-insecticida.jpg","datePublished":"2025-07-09T10:49:22+00:00","dateModified":"2025-12-10T11:47:34+00:00","description":"L'a\u00e9rosol insecticide Zum est une laque tr\u00e8s efficace et durable, con\u00e7ue pour \u00e9liminer et pr\u00e9venir la pr\u00e9sence d'insectes \u00e0 l'int\u00e9rieur de la maison.","breadcrumb":{"@id":"https:\/\/saiga.es\/fr\/produit\/zum-insecticide-aerosol-600-cc\/#breadcrumb"},"inLanguage":"fr-FR","potentialAction":[{"@type":"ReadAction","target":["https:\/\/saiga.es\/fr\/produit\/zum-insecticide-aerosol-600-cc\/"]}]},{"@type":"ImageObject","inLanguage":"fr-FR","@id":"https:\/\/saiga.es\/fr\/produit\/zum-insecticide-aerosol-600-cc\/#primaryimage","url":"https:\/\/saiga.es\/wp-content\/uploads\/2025\/07\/Zum-Pro-laca-insecticida.jpg","contentUrl":"https:\/\/saiga.es\/wp-content\/uploads\/2025\/07\/Zum-Pro-laca-insecticida.jpg","width":1080,"height":1080,"caption":"Zum pro laca insecticida"},{"@type":"BreadcrumbList","@id":"https:\/\/saiga.es\/fr\/produit\/zum-insecticide-aerosol-600-cc\/#breadcrumb","itemListElement":[{"@type":"ListItem","position":1,"name":"Inici","item":"https:\/\/saiga.es\/fr\/"},{"@type":"ListItem","position":2,"name":"boutique","item":"https:\/\/saiga.es\/fr\/boutique\/"},{"@type":"ListItem","position":3,"name":"Zum insecticide a\u00e9rosol 600 cc"}]},{"@type":"WebSite","@id":"https:\/\/saiga.es\/fr\/#website","url":"https:\/\/saiga.es\/fr\/","name":"SAIGA","description":"M\u00e9s de 50 anys al servei de la terra i treballant per a un \u00fas eficient de l\u2019aigua!","publisher":{"@id":"https:\/\/saiga.es\/fr\/#organization"},"potentialAction":[{"@type":"SearchAction","target":{"@type":"EntryPoint","urlTemplate":"https:\/\/saiga.es\/fr\/?s={search_term_string}"},"query-input":{"@type":"PropertyValueSpecification","valueRequired":true,"valueName":"search_term_string"}}],"inLanguage":"fr-FR"},{"@type":"Organization","@id":"https:\/\/saiga.es\/fr\/#organization","name":"SAIGA","url":"https:\/\/saiga.es\/fr\/","logo":{"@type":"ImageObject","inLanguage":"fr-FR","@id":"https:\/\/saiga.es\/fr\/#\/schema\/logo\/image\/","url":"https:\/\/saiga.es\/wp-content\/uploads\/2025\/07\/logo_saiga_baseline_optimitzat.svg","contentUrl":"https:\/\/saiga.es\/wp-content\/uploads\/2025\/07\/logo_saiga_baseline_optimitzat.svg","caption":"SAIGA"},"image":{"@id":"https:\/\/saiga.es\/fr\/#\/schema\/logo\/image\/"},"sameAs":["https:\/\/x.com\/saiga_agro","https:\/\/www.instagram.com\/saiga_agro\/"]}]}},"_links":{"self":[{"href":"https:\/\/saiga.es\/fr\/wp-json\/wp\/v2\/product\/15336","targetHints":{"allow":["GET"]}}],"collection":[{"href":"https:\/\/saiga.es\/fr\/wp-json\/wp\/v2\/product"}],"about":[{"href":"https:\/\/saiga.es\/fr\/wp-json\/wp\/v2\/types\/product"}],"replies":[{"embeddable":true,"href":"https:\/\/saiga.es\/fr\/wp-json\/wp\/v2\/comments?post=15336"}],"wp:featuredmedia":[{"embeddable":true,"href":"https:\/\/saiga.es\/fr\/wp-json\/wp\/v2\/media\/15333"}],"wp:attachment":[{"href":"https:\/\/saiga.es\/fr\/wp-json\/wp\/v2\/media?parent=15336"}],"wp:term":[{"taxonomy":"product_brand","embeddable":true,"href":"https:\/\/saiga.es\/fr\/wp-json\/wp\/v2\/product_brand?post=15336"},{"taxonomy":"product_cat","embeddable":true,"href":"https:\/\/saiga.es\/fr\/wp-json\/wp\/v2\/product_cat?post=15336"},{"taxonomy":"product_tag","embeddable":true,"href":"https:\/\/saiga.es\/fr\/wp-json\/wp\/v2\/product_tag?post=15336"}],"curies":[{"name":"wp","href":"https:\/\/api.w.org\/{rel}","templated":true}]}}