{"id":15343,"date":"2025-07-10T07:32:28","date_gmt":"2025-07-10T07:32:28","guid":{"rendered":"https:\/\/botiga.saiga.es\/producte\/engrais-liquide-pour-orchidees\/"},"modified":"2025-12-10T11:46:42","modified_gmt":"2025-12-10T11:46:42","slug":"engrais-liquide-pour-orchidees","status":"publish","type":"product","link":"https:\/\/saiga.es\/fr\/produit\/engrais-liquide-pour-orchidees\/","title":{"rendered":"Engrais liquide pour orchid\u00e9es"},"content":{"rendered":"<p>L&rsquo;engrais liquide pour orchid\u00e9es Fertiberia Jard\u00edn est sp\u00e9cialement formul\u00e9 pour tous les types d&rsquo;orchid\u00e9es, au jardin comme \u00e0 l&rsquo;int\u00e9rieur, en terrasse ou en serre. Sa composition NPK \u00e9quilibr\u00e9e contient 4 % d&rsquo;azote (N), 4 % de phosphore (P) et 8 % de potassium. <\/p>\n<p>Principaux avantages<\/p>\n<ul data-start=\"148\" data-end=\"384\">\n<li data-start=\"148\" data-end=\"226\">\n<p data-start=\"150\" data-end=\"226\"><span class=\"relative -mx-px my-[-0.2rem] rounded px-px py-[0.2rem] transition-colors duration-100 ease-in-out\">Floraison abondante et couleurs intenses : il favorise la formation des fleurs et rehausse leur teinte naturelle, les rendant plus color\u00e9es.<\/span><\/p>\n<\/li>\n<li data-start=\"227\" data-end=\"305\">\n<p data-start=\"229\" data-end=\"305\"><span class=\"relative -mx-px my-[-0.2rem] rounded px-px py-[0.2rem] transition-colors duration-100 ease-in-out\">Millora de la fotos\u00edntesi i creixement vegetatiu: l\u2019extracte d\u2019algues augmenta l\u2019activitat fotosint\u00e8tica, estimulant el creixement de fulles i tiges .<\/span><\/p>\n<\/li>\n<li data-start=\"306\" data-end=\"384\">\n<p data-start=\"308\" data-end=\"384\"><span class=\"relative -mx-px my-[-0.2rem] rounded px-px py-[0.2rem] transition-colors duration-100 ease-in-out\">Plus de r\u00e9sistance et de vitalit\u00e9 : l&rsquo;aide \u00e0 r\u00e9sister aux situations stressantes, comme apr\u00e8s une transplantation, aux variations de temp\u00e9rature ou \u00e0 la s\u00e9cheresse, gr\u00e2ce aux micro\u00e9l\u00e9ments et aux algues.<\/span><\/p>\n<\/li>\n<\/ul>\n<p>Forme d&rsquo;utilisation<\/p>\n<p data-start=\"402\" data-end=\"480\"><span class=\"relative -mx-px my-[-0.2rem] rounded px-px py-[0.2rem] transition-colors duration-100 ease-in-out\">Diluer 1 bouchon (environ 15 ml) dans 3 litres d&rsquo;eau. Il est conseill\u00e9 de l&rsquo;utiliser avec mod\u00e9ration pendant la croissance et la floraison, en \u00e9vitant la p\u00e9riode de repos v\u00e9g\u00e9tatif ou sur les plantes r\u00e9cemment transplant\u00e9es ou divis\u00e9es. <\/span><\/p>\n","protected":false},"excerpt":{"rendered":"<p>L&rsquo;engrais liquide pour orchid\u00e9es Fertiberia Jard\u00edn est sp\u00e9cialement formul\u00e9 pour tous les types d&rsquo;orchid\u00e9es, au jardin comme \u00e0 l&rsquo;int\u00e9rieur, en terrasse ou en serre. Sa composition NPK \u00e9quilibr\u00e9e contient 4 % d&rsquo;azote (N), 4 % de phosphore (P) et 8 % de potassium. <\/p>\n","protected":false},"featured_media":15340,"comment_status":"closed","ping_status":"closed","template":"","meta":[],"product_brand":[2206],"product_cat":[1898],"product_tag":[],"class_list":{"0":"post-15343","1":"product","2":"type-product","3":"status-publish","4":"has-post-thumbnail","6":"product_brand-fertiberia-fr","7":"product_cat-plantes-ornementales","9":"first","10":"instock","11":"taxable","12":"shipping-taxable","13":"purchasable","14":"product-type-simple"},"yoast_head":"<!-- This site is optimized with the Yoast SEO plugin v27.4 - https:\/\/yoast.com\/product\/yoast-seo-wordpress\/ -->\n<title>Engrais liquide pour orchid\u00e9es | SAIGA<\/title>\n<meta name=\"description\" content=\"L&#039;engrais liquide pour orchid\u00e9es Fertiberia Jard\u00edn est un engrais liquide sp\u00e9cialement formul\u00e9 pour tous les types d&#039;orchid\u00e9es.\" \/>\n<meta name=\"robots\" content=\"index, follow, max-snippet:-1, max-image-preview:large, max-video-preview:-1\" \/>\n<link rel=\"canonical\" href=\"https:\/\/saiga.es\/fr\/produit\/engrais-liquide-pour-orchidees\/\" \/>\n<meta property=\"og:locale\" content=\"fr_FR\" \/>\n<meta property=\"og:type\" content=\"article\" \/>\n<meta property=\"og:title\" content=\"Engrais liquide pour orchid\u00e9es | SAIGA\" \/>\n<meta property=\"og:description\" content=\"L&#039;engrais liquide pour orchid\u00e9es Fertiberia Jard\u00edn est un engrais liquide sp\u00e9cialement formul\u00e9 pour tous les types d&#039;orchid\u00e9es.\" \/>\n<meta property=\"og:url\" content=\"https:\/\/saiga.es\/fr\/produit\/engrais-liquide-pour-orchidees\/\" \/>\n<meta property=\"og:site_name\" content=\"SAIGA\" \/>\n<meta property=\"article:modified_time\" content=\"2025-12-10T11:46:42+00:00\" \/>\n<meta property=\"og:image\" content=\"https:\/\/saiga.es\/wp-content\/uploads\/2025\/07\/Adob-liquid-orquidies.jpg\" \/>\n\t<meta property=\"og:image:width\" content=\"1080\" \/>\n\t<meta property=\"og:image:height\" content=\"1080\" \/>\n\t<meta property=\"og:image:type\" content=\"image\/jpeg\" \/>\n<meta name=\"twitter:card\" content=\"summary_large_image\" \/>\n<meta name=\"twitter:site\" content=\"@saiga_agro\" \/>\n<meta name=\"twitter:label1\" content=\"Dur\u00e9e de lecture estim\u00e9e\" \/>\n\t<meta name=\"twitter:data1\" content=\"1 minute\" \/>\n<script type=\"application\/ld+json\" class=\"yoast-schema-graph\">{\"@context\":\"https:\\\/\\\/schema.org\",\"@graph\":[{\"@type\":\"WebPage\",\"@id\":\"https:\\\/\\\/saiga.es\\\/fr\\\/produit\\\/engrais-liquide-pour-orchidees\\\/\",\"url\":\"https:\\\/\\\/saiga.es\\\/fr\\\/produit\\\/engrais-liquide-pour-orchidees\\\/\",\"name\":\"Engrais liquide pour orchid\u00e9es | SAIGA\",\"isPartOf\":{\"@id\":\"https:\\\/\\\/saiga.es\\\/fr\\\/#website\"},\"primaryImageOfPage\":{\"@id\":\"https:\\\/\\\/saiga.es\\\/fr\\\/produit\\\/engrais-liquide-pour-orchidees\\\/#primaryimage\"},\"image\":{\"@id\":\"https:\\\/\\\/saiga.es\\\/fr\\\/produit\\\/engrais-liquide-pour-orchidees\\\/#primaryimage\"},\"thumbnailUrl\":\"https:\\\/\\\/saiga.es\\\/wp-content\\\/uploads\\\/2025\\\/07\\\/Adob-liquid-orquidies.jpg\",\"datePublished\":\"2025-07-10T07:32:28+00:00\",\"dateModified\":\"2025-12-10T11:46:42+00:00\",\"description\":\"L'engrais liquide pour orchid\u00e9es Fertiberia Jard\u00edn est un engrais liquide sp\u00e9cialement formul\u00e9 pour tous les types d'orchid\u00e9es.\",\"breadcrumb\":{\"@id\":\"https:\\\/\\\/saiga.es\\\/fr\\\/produit\\\/engrais-liquide-pour-orchidees\\\/#breadcrumb\"},\"inLanguage\":\"fr-FR\",\"potentialAction\":[{\"@type\":\"ReadAction\",\"target\":[\"https:\\\/\\\/saiga.es\\\/fr\\\/produit\\\/engrais-liquide-pour-orchidees\\\/\"]}]},{\"@type\":\"ImageObject\",\"inLanguage\":\"fr-FR\",\"@id\":\"https:\\\/\\\/saiga.es\\\/fr\\\/produit\\\/engrais-liquide-pour-orchidees\\\/#primaryimage\",\"url\":\"https:\\\/\\\/saiga.es\\\/wp-content\\\/uploads\\\/2025\\\/07\\\/Adob-liquid-orquidies.jpg\",\"contentUrl\":\"https:\\\/\\\/saiga.es\\\/wp-content\\\/uploads\\\/2025\\\/07\\\/Adob-liquid-orquidies.jpg\",\"width\":1080,\"height\":1080,\"caption\":\"Engrais liquide pour orchid\u00e9es\"},{\"@type\":\"BreadcrumbList\",\"@id\":\"https:\\\/\\\/saiga.es\\\/fr\\\/produit\\\/engrais-liquide-pour-orchidees\\\/#breadcrumb\",\"itemListElement\":[{\"@type\":\"ListItem\",\"position\":1,\"name\":\"Inici\",\"item\":\"https:\\\/\\\/saiga.es\\\/fr\\\/\"},{\"@type\":\"ListItem\",\"position\":2,\"name\":\"boutique\",\"item\":\"https:\\\/\\\/saiga.es\\\/fr\\\/boutique\\\/\"},{\"@type\":\"ListItem\",\"position\":3,\"name\":\"Engrais liquide pour orchid\u00e9es\"}]},{\"@type\":\"WebSite\",\"@id\":\"https:\\\/\\\/saiga.es\\\/fr\\\/#website\",\"url\":\"https:\\\/\\\/saiga.es\\\/fr\\\/\",\"name\":\"SAIGA\",\"description\":\"M\u00e9s de 50 anys al servei de la terra i treballant per a un \u00fas eficient de l\u2019aigua!\",\"publisher\":{\"@id\":\"https:\\\/\\\/saiga.es\\\/fr\\\/#organization\"},\"potentialAction\":[{\"@type\":\"SearchAction\",\"target\":{\"@type\":\"EntryPoint\",\"urlTemplate\":\"https:\\\/\\\/saiga.es\\\/fr\\\/?s={search_term_string}\"},\"query-input\":{\"@type\":\"PropertyValueSpecification\",\"valueRequired\":true,\"valueName\":\"search_term_string\"}}],\"inLanguage\":\"fr-FR\"},{\"@type\":\"Organization\",\"@id\":\"https:\\\/\\\/saiga.es\\\/fr\\\/#organization\",\"name\":\"SAIGA\",\"url\":\"https:\\\/\\\/saiga.es\\\/fr\\\/\",\"logo\":{\"@type\":\"ImageObject\",\"inLanguage\":\"fr-FR\",\"@id\":\"https:\\\/\\\/saiga.es\\\/fr\\\/#\\\/schema\\\/logo\\\/image\\\/\",\"url\":\"https:\\\/\\\/saiga.es\\\/wp-content\\\/uploads\\\/2025\\\/07\\\/logo_saiga_baseline_optimitzat.svg\",\"contentUrl\":\"https:\\\/\\\/saiga.es\\\/wp-content\\\/uploads\\\/2025\\\/07\\\/logo_saiga_baseline_optimitzat.svg\",\"caption\":\"SAIGA\"},\"image\":{\"@id\":\"https:\\\/\\\/saiga.es\\\/fr\\\/#\\\/schema\\\/logo\\\/image\\\/\"},\"sameAs\":[\"https:\\\/\\\/x.com\\\/saiga_agro\",\"https:\\\/\\\/www.instagram.com\\\/saiga_agro\\\/\"]}]}<\/script>\n<!-- \/ Yoast SEO plugin. -->","yoast_head_json":{"title":"Engrais liquide pour orchid\u00e9es | SAIGA","description":"L'engrais liquide pour orchid\u00e9es Fertiberia Jard\u00edn est un engrais liquide sp\u00e9cialement formul\u00e9 pour tous les types d'orchid\u00e9es.","robots":{"index":"index","follow":"follow","max-snippet":"max-snippet:-1","max-image-preview":"max-image-preview:large","max-video-preview":"max-video-preview:-1"},"canonical":"https:\/\/saiga.es\/fr\/produit\/engrais-liquide-pour-orchidees\/","og_locale":"fr_FR","og_type":"article","og_title":"Engrais liquide pour orchid\u00e9es | SAIGA","og_description":"L'engrais liquide pour orchid\u00e9es Fertiberia Jard\u00edn est un engrais liquide sp\u00e9cialement formul\u00e9 pour tous les types d'orchid\u00e9es.","og_url":"https:\/\/saiga.es\/fr\/produit\/engrais-liquide-pour-orchidees\/","og_site_name":"SAIGA","article_modified_time":"2025-12-10T11:46:42+00:00","og_image":[{"width":1080,"height":1080,"url":"https:\/\/saiga.es\/wp-content\/uploads\/2025\/07\/Adob-liquid-orquidies.jpg","type":"image\/jpeg"}],"twitter_card":"summary_large_image","twitter_site":"@saiga_agro","twitter_misc":{"Dur\u00e9e de lecture estim\u00e9e":"1 minute"},"schema":{"@context":"https:\/\/schema.org","@graph":[{"@type":"WebPage","@id":"https:\/\/saiga.es\/fr\/produit\/engrais-liquide-pour-orchidees\/","url":"https:\/\/saiga.es\/fr\/produit\/engrais-liquide-pour-orchidees\/","name":"Engrais liquide pour orchid\u00e9es | SAIGA","isPartOf":{"@id":"https:\/\/saiga.es\/fr\/#website"},"primaryImageOfPage":{"@id":"https:\/\/saiga.es\/fr\/produit\/engrais-liquide-pour-orchidees\/#primaryimage"},"image":{"@id":"https:\/\/saiga.es\/fr\/produit\/engrais-liquide-pour-orchidees\/#primaryimage"},"thumbnailUrl":"https:\/\/saiga.es\/wp-content\/uploads\/2025\/07\/Adob-liquid-orquidies.jpg","datePublished":"2025-07-10T07:32:28+00:00","dateModified":"2025-12-10T11:46:42+00:00","description":"L'engrais liquide pour orchid\u00e9es Fertiberia Jard\u00edn est un engrais liquide sp\u00e9cialement formul\u00e9 pour tous les types d'orchid\u00e9es.","breadcrumb":{"@id":"https:\/\/saiga.es\/fr\/produit\/engrais-liquide-pour-orchidees\/#breadcrumb"},"inLanguage":"fr-FR","potentialAction":[{"@type":"ReadAction","target":["https:\/\/saiga.es\/fr\/produit\/engrais-liquide-pour-orchidees\/"]}]},{"@type":"ImageObject","inLanguage":"fr-FR","@id":"https:\/\/saiga.es\/fr\/produit\/engrais-liquide-pour-orchidees\/#primaryimage","url":"https:\/\/saiga.es\/wp-content\/uploads\/2025\/07\/Adob-liquid-orquidies.jpg","contentUrl":"https:\/\/saiga.es\/wp-content\/uploads\/2025\/07\/Adob-liquid-orquidies.jpg","width":1080,"height":1080,"caption":"Engrais liquide pour orchid\u00e9es"},{"@type":"BreadcrumbList","@id":"https:\/\/saiga.es\/fr\/produit\/engrais-liquide-pour-orchidees\/#breadcrumb","itemListElement":[{"@type":"ListItem","position":1,"name":"Inici","item":"https:\/\/saiga.es\/fr\/"},{"@type":"ListItem","position":2,"name":"boutique","item":"https:\/\/saiga.es\/fr\/boutique\/"},{"@type":"ListItem","position":3,"name":"Engrais liquide pour orchid\u00e9es"}]},{"@type":"WebSite","@id":"https:\/\/saiga.es\/fr\/#website","url":"https:\/\/saiga.es\/fr\/","name":"SAIGA","description":"M\u00e9s de 50 anys al servei de la terra i treballant per a un \u00fas eficient de l\u2019aigua!","publisher":{"@id":"https:\/\/saiga.es\/fr\/#organization"},"potentialAction":[{"@type":"SearchAction","target":{"@type":"EntryPoint","urlTemplate":"https:\/\/saiga.es\/fr\/?s={search_term_string}"},"query-input":{"@type":"PropertyValueSpecification","valueRequired":true,"valueName":"search_term_string"}}],"inLanguage":"fr-FR"},{"@type":"Organization","@id":"https:\/\/saiga.es\/fr\/#organization","name":"SAIGA","url":"https:\/\/saiga.es\/fr\/","logo":{"@type":"ImageObject","inLanguage":"fr-FR","@id":"https:\/\/saiga.es\/fr\/#\/schema\/logo\/image\/","url":"https:\/\/saiga.es\/wp-content\/uploads\/2025\/07\/logo_saiga_baseline_optimitzat.svg","contentUrl":"https:\/\/saiga.es\/wp-content\/uploads\/2025\/07\/logo_saiga_baseline_optimitzat.svg","caption":"SAIGA"},"image":{"@id":"https:\/\/saiga.es\/fr\/#\/schema\/logo\/image\/"},"sameAs":["https:\/\/x.com\/saiga_agro","https:\/\/www.instagram.com\/saiga_agro\/"]}]}},"_links":{"self":[{"href":"https:\/\/saiga.es\/fr\/wp-json\/wp\/v2\/product\/15343","targetHints":{"allow":["GET"]}}],"collection":[{"href":"https:\/\/saiga.es\/fr\/wp-json\/wp\/v2\/product"}],"about":[{"href":"https:\/\/saiga.es\/fr\/wp-json\/wp\/v2\/types\/product"}],"replies":[{"embeddable":true,"href":"https:\/\/saiga.es\/fr\/wp-json\/wp\/v2\/comments?post=15343"}],"wp:featuredmedia":[{"embeddable":true,"href":"https:\/\/saiga.es\/fr\/wp-json\/wp\/v2\/media\/15340"}],"wp:attachment":[{"href":"https:\/\/saiga.es\/fr\/wp-json\/wp\/v2\/media?parent=15343"}],"wp:term":[{"taxonomy":"product_brand","embeddable":true,"href":"https:\/\/saiga.es\/fr\/wp-json\/wp\/v2\/product_brand?post=15343"},{"taxonomy":"product_cat","embeddable":true,"href":"https:\/\/saiga.es\/fr\/wp-json\/wp\/v2\/product_cat?post=15343"},{"taxonomy":"product_tag","embeddable":true,"href":"https:\/\/saiga.es\/fr\/wp-json\/wp\/v2\/product_tag?post=15343"}],"curies":[{"name":"wp","href":"https:\/\/api.w.org\/{rel}","templated":true}]}}