{"id":15349,"date":"2025-07-10T10:19:46","date_gmt":"2025-07-10T10:19:46","guid":{"rendered":"https:\/\/botiga.saiga.es\/producte\/repulsif-pour-animaux-de-compagnie-pour-chiens-et-chats\/"},"modified":"2025-12-10T11:45:46","modified_gmt":"2025-12-10T11:45:46","slug":"repulsif-pour-animaux-de-compagnie-pour-chiens-et-chats","status":"publish","type":"product","link":"https:\/\/saiga.es\/fr\/produit\/repulsif-pour-animaux-de-compagnie-pour-chiens-et-chats\/","title":{"rendered":"R\u00e9pulsif pour animaux de compagnie pour chiens et chats"},"content":{"rendered":"<p>Repelin Pets pour chiens et chats est un produit liquide sp\u00e9cialement formul\u00e9 pour pr\u00e9venir les comportements ind\u00e9sirables des animaux de compagnie en ext\u00e9rieur. Il est id\u00e9al pour prot\u00e9ger les espaces tels que les terrasses, patios, jardins, vergers ou fa\u00e7ades, emp\u00eachant les animaux d&rsquo;uriner, de se gratter ou de marquer leur territoire. <\/p>\n<p>Il contient une combinaison d&rsquo;extraits et d&rsquo;essences naturels dans un milieu hydroalcoolique, ainsi qu&rsquo;un agent filmog\u00e8ne qui assure une bonne adh\u00e9rence aux surfaces. Sa formule cr\u00e9e une barri\u00e8re olfactive d\u00e9sagr\u00e9able pour les chiens et les chats, sans \u00eatre toxique ni nocive, ce qui contribue \u00e0 r\u00e9\u00e9duquer leur comportement. <\/p>\n<p>Il s&rsquo;applique directement par pulv\u00e9risation, sans dilution. Il est recommand\u00e9 d&rsquo;utiliser 1 litre pour 20 m\u00b2 de surface. Il doit \u00eatre appliqu\u00e9 quotidiennement sur les zones \u00e0 prot\u00e9ger, de pr\u00e9f\u00e9rence le matin ou le soir, en \u00e9vitant les heures de forte chaleur. Pour un r\u00e9sultat optimal, il est recommand\u00e9 de nettoyer au pr\u00e9alable avec Ferobac, un inhibiteur de ph\u00e9romones et un d\u00e9tartrant.   <\/p>\n<p>Il n&rsquo;y a pas de d\u00e9lai de r\u00e9tractation et est sans danger pour l&rsquo;environnement et les animaux s&rsquo;il est utilis\u00e9 correctement. Il ne laisse pas de r\u00e9sidus toxiques. <\/p>\n","protected":false},"excerpt":{"rendered":"<p>Repelin Pets pour chiens et chats est un produit liquide sp\u00e9cialement formul\u00e9 pour pr\u00e9venir les comportements ind\u00e9sirables des animaux de compagnie dans les espaces ext\u00e9rieurs.<\/p>\n","protected":false},"featured_media":15347,"comment_status":"closed","ping_status":"closed","template":"","meta":[],"product_brand":[2204],"product_cat":[1421,1551],"product_tag":[],"class_list":{"0":"post-15349","1":"product","2":"type-product","3":"status-publish","4":"has-post-thumbnail","6":"product_brand-pba-fr","7":"product_cat-animaux-domestiques","8":"product_cat-produits-naturels","10":"first","11":"instock","12":"taxable","13":"shipping-taxable","14":"purchasable","15":"product-type-simple"},"yoast_head":"<!-- This site is optimized with the Yoast SEO plugin v27.4 - https:\/\/yoast.com\/product\/yoast-seo-wordpress\/ -->\n<title>R\u00e9pulsif pour animaux de compagnie pour chiens et chats | SAIGA<\/title>\n<meta name=\"description\" content=\"Le r\u00e9pulsif pour animaux de compagnie pour chiens et chats est un produit liquide formul\u00e9 pour pr\u00e9venir les comportements ind\u00e9sirables des animaux de compagnie dans les espaces ext\u00e9rieurs.\" \/>\n<meta name=\"robots\" content=\"index, follow, max-snippet:-1, max-image-preview:large, max-video-preview:-1\" \/>\n<link rel=\"canonical\" href=\"https:\/\/saiga.es\/fr\/produit\/repulsif-pour-animaux-de-compagnie-pour-chiens-et-chats\/\" \/>\n<meta property=\"og:locale\" content=\"fr_FR\" \/>\n<meta property=\"og:type\" content=\"article\" \/>\n<meta property=\"og:title\" content=\"R\u00e9pulsif pour animaux de compagnie pour chiens et chats | SAIGA\" \/>\n<meta property=\"og:description\" content=\"Le r\u00e9pulsif pour animaux de compagnie pour chiens et chats est un produit liquide formul\u00e9 pour pr\u00e9venir les comportements ind\u00e9sirables des animaux de compagnie dans les espaces ext\u00e9rieurs.\" \/>\n<meta property=\"og:url\" content=\"https:\/\/saiga.es\/fr\/produit\/repulsif-pour-animaux-de-compagnie-pour-chiens-et-chats\/\" \/>\n<meta property=\"og:site_name\" content=\"SAIGA\" \/>\n<meta property=\"article:modified_time\" content=\"2025-12-10T11:45:46+00:00\" \/>\n<meta property=\"og:image\" content=\"https:\/\/saiga.es\/wp-content\/uploads\/2025\/07\/Modificador-de-conducte-scare-pets.jpg\" \/>\n\t<meta property=\"og:image:width\" content=\"1080\" \/>\n\t<meta property=\"og:image:height\" content=\"1080\" \/>\n\t<meta property=\"og:image:type\" content=\"image\/jpeg\" \/>\n<meta name=\"twitter:card\" content=\"summary_large_image\" \/>\n<meta name=\"twitter:site\" content=\"@saiga_agro\" \/>\n<meta name=\"twitter:label1\" content=\"Dur\u00e9e de lecture estim\u00e9e\" \/>\n\t<meta name=\"twitter:data1\" content=\"1 minute\" \/>\n<script type=\"application\/ld+json\" class=\"yoast-schema-graph\">{\"@context\":\"https:\\\/\\\/schema.org\",\"@graph\":[{\"@type\":\"WebPage\",\"@id\":\"https:\\\/\\\/saiga.es\\\/fr\\\/produit\\\/repulsif-pour-animaux-de-compagnie-pour-chiens-et-chats\\\/\",\"url\":\"https:\\\/\\\/saiga.es\\\/fr\\\/produit\\\/repulsif-pour-animaux-de-compagnie-pour-chiens-et-chats\\\/\",\"name\":\"R\u00e9pulsif pour animaux de compagnie pour chiens et chats | SAIGA\",\"isPartOf\":{\"@id\":\"https:\\\/\\\/saiga.es\\\/fr\\\/#website\"},\"primaryImageOfPage\":{\"@id\":\"https:\\\/\\\/saiga.es\\\/fr\\\/produit\\\/repulsif-pour-animaux-de-compagnie-pour-chiens-et-chats\\\/#primaryimage\"},\"image\":{\"@id\":\"https:\\\/\\\/saiga.es\\\/fr\\\/produit\\\/repulsif-pour-animaux-de-compagnie-pour-chiens-et-chats\\\/#primaryimage\"},\"thumbnailUrl\":\"https:\\\/\\\/saiga.es\\\/wp-content\\\/uploads\\\/2025\\\/07\\\/Modificador-de-conducte-scare-pets.jpg\",\"datePublished\":\"2025-07-10T10:19:46+00:00\",\"dateModified\":\"2025-12-10T11:45:46+00:00\",\"description\":\"Le r\u00e9pulsif pour animaux de compagnie pour chiens et chats est un produit liquide formul\u00e9 pour pr\u00e9venir les comportements ind\u00e9sirables des animaux de compagnie dans les espaces ext\u00e9rieurs.\",\"breadcrumb\":{\"@id\":\"https:\\\/\\\/saiga.es\\\/fr\\\/produit\\\/repulsif-pour-animaux-de-compagnie-pour-chiens-et-chats\\\/#breadcrumb\"},\"inLanguage\":\"fr-FR\",\"potentialAction\":[{\"@type\":\"ReadAction\",\"target\":[\"https:\\\/\\\/saiga.es\\\/fr\\\/produit\\\/repulsif-pour-animaux-de-compagnie-pour-chiens-et-chats\\\/\"]}]},{\"@type\":\"ImageObject\",\"inLanguage\":\"fr-FR\",\"@id\":\"https:\\\/\\\/saiga.es\\\/fr\\\/produit\\\/repulsif-pour-animaux-de-compagnie-pour-chiens-et-chats\\\/#primaryimage\",\"url\":\"https:\\\/\\\/saiga.es\\\/wp-content\\\/uploads\\\/2025\\\/07\\\/Modificador-de-conducte-scare-pets.jpg\",\"contentUrl\":\"https:\\\/\\\/saiga.es\\\/wp-content\\\/uploads\\\/2025\\\/07\\\/Modificador-de-conducte-scare-pets.jpg\",\"width\":1080,\"height\":1080,\"caption\":\"R\u00e9pulsif pour animaux de compagnie pour chiens et chats\"},{\"@type\":\"BreadcrumbList\",\"@id\":\"https:\\\/\\\/saiga.es\\\/fr\\\/produit\\\/repulsif-pour-animaux-de-compagnie-pour-chiens-et-chats\\\/#breadcrumb\",\"itemListElement\":[{\"@type\":\"ListItem\",\"position\":1,\"name\":\"Inici\",\"item\":\"https:\\\/\\\/saiga.es\\\/fr\\\/\"},{\"@type\":\"ListItem\",\"position\":2,\"name\":\"boutique\",\"item\":\"https:\\\/\\\/saiga.es\\\/fr\\\/boutique\\\/\"},{\"@type\":\"ListItem\",\"position\":3,\"name\":\"R\u00e9pulsif pour animaux de compagnie pour chiens et chats\"}]},{\"@type\":\"WebSite\",\"@id\":\"https:\\\/\\\/saiga.es\\\/fr\\\/#website\",\"url\":\"https:\\\/\\\/saiga.es\\\/fr\\\/\",\"name\":\"SAIGA\",\"description\":\"M\u00e9s de 50 anys al servei de la terra i treballant per a un \u00fas eficient de l\u2019aigua!\",\"publisher\":{\"@id\":\"https:\\\/\\\/saiga.es\\\/fr\\\/#organization\"},\"potentialAction\":[{\"@type\":\"SearchAction\",\"target\":{\"@type\":\"EntryPoint\",\"urlTemplate\":\"https:\\\/\\\/saiga.es\\\/fr\\\/?s={search_term_string}\"},\"query-input\":{\"@type\":\"PropertyValueSpecification\",\"valueRequired\":true,\"valueName\":\"search_term_string\"}}],\"inLanguage\":\"fr-FR\"},{\"@type\":\"Organization\",\"@id\":\"https:\\\/\\\/saiga.es\\\/fr\\\/#organization\",\"name\":\"SAIGA\",\"url\":\"https:\\\/\\\/saiga.es\\\/fr\\\/\",\"logo\":{\"@type\":\"ImageObject\",\"inLanguage\":\"fr-FR\",\"@id\":\"https:\\\/\\\/saiga.es\\\/fr\\\/#\\\/schema\\\/logo\\\/image\\\/\",\"url\":\"https:\\\/\\\/saiga.es\\\/wp-content\\\/uploads\\\/2025\\\/07\\\/logo_saiga_baseline_optimitzat.svg\",\"contentUrl\":\"https:\\\/\\\/saiga.es\\\/wp-content\\\/uploads\\\/2025\\\/07\\\/logo_saiga_baseline_optimitzat.svg\",\"caption\":\"SAIGA\"},\"image\":{\"@id\":\"https:\\\/\\\/saiga.es\\\/fr\\\/#\\\/schema\\\/logo\\\/image\\\/\"},\"sameAs\":[\"https:\\\/\\\/x.com\\\/saiga_agro\",\"https:\\\/\\\/www.instagram.com\\\/saiga_agro\\\/\"]}]}<\/script>\n<!-- \/ Yoast SEO plugin. -->","yoast_head_json":{"title":"R\u00e9pulsif pour animaux de compagnie pour chiens et chats | SAIGA","description":"Le r\u00e9pulsif pour animaux de compagnie pour chiens et chats est un produit liquide formul\u00e9 pour pr\u00e9venir les comportements ind\u00e9sirables des animaux de compagnie dans les espaces ext\u00e9rieurs.","robots":{"index":"index","follow":"follow","max-snippet":"max-snippet:-1","max-image-preview":"max-image-preview:large","max-video-preview":"max-video-preview:-1"},"canonical":"https:\/\/saiga.es\/fr\/produit\/repulsif-pour-animaux-de-compagnie-pour-chiens-et-chats\/","og_locale":"fr_FR","og_type":"article","og_title":"R\u00e9pulsif pour animaux de compagnie pour chiens et chats | SAIGA","og_description":"Le r\u00e9pulsif pour animaux de compagnie pour chiens et chats est un produit liquide formul\u00e9 pour pr\u00e9venir les comportements ind\u00e9sirables des animaux de compagnie dans les espaces ext\u00e9rieurs.","og_url":"https:\/\/saiga.es\/fr\/produit\/repulsif-pour-animaux-de-compagnie-pour-chiens-et-chats\/","og_site_name":"SAIGA","article_modified_time":"2025-12-10T11:45:46+00:00","og_image":[{"width":1080,"height":1080,"url":"https:\/\/saiga.es\/wp-content\/uploads\/2025\/07\/Modificador-de-conducte-scare-pets.jpg","type":"image\/jpeg"}],"twitter_card":"summary_large_image","twitter_site":"@saiga_agro","twitter_misc":{"Dur\u00e9e de lecture estim\u00e9e":"1 minute"},"schema":{"@context":"https:\/\/schema.org","@graph":[{"@type":"WebPage","@id":"https:\/\/saiga.es\/fr\/produit\/repulsif-pour-animaux-de-compagnie-pour-chiens-et-chats\/","url":"https:\/\/saiga.es\/fr\/produit\/repulsif-pour-animaux-de-compagnie-pour-chiens-et-chats\/","name":"R\u00e9pulsif pour animaux de compagnie pour chiens et chats | SAIGA","isPartOf":{"@id":"https:\/\/saiga.es\/fr\/#website"},"primaryImageOfPage":{"@id":"https:\/\/saiga.es\/fr\/produit\/repulsif-pour-animaux-de-compagnie-pour-chiens-et-chats\/#primaryimage"},"image":{"@id":"https:\/\/saiga.es\/fr\/produit\/repulsif-pour-animaux-de-compagnie-pour-chiens-et-chats\/#primaryimage"},"thumbnailUrl":"https:\/\/saiga.es\/wp-content\/uploads\/2025\/07\/Modificador-de-conducte-scare-pets.jpg","datePublished":"2025-07-10T10:19:46+00:00","dateModified":"2025-12-10T11:45:46+00:00","description":"Le r\u00e9pulsif pour animaux de compagnie pour chiens et chats est un produit liquide formul\u00e9 pour pr\u00e9venir les comportements ind\u00e9sirables des animaux de compagnie dans les espaces ext\u00e9rieurs.","breadcrumb":{"@id":"https:\/\/saiga.es\/fr\/produit\/repulsif-pour-animaux-de-compagnie-pour-chiens-et-chats\/#breadcrumb"},"inLanguage":"fr-FR","potentialAction":[{"@type":"ReadAction","target":["https:\/\/saiga.es\/fr\/produit\/repulsif-pour-animaux-de-compagnie-pour-chiens-et-chats\/"]}]},{"@type":"ImageObject","inLanguage":"fr-FR","@id":"https:\/\/saiga.es\/fr\/produit\/repulsif-pour-animaux-de-compagnie-pour-chiens-et-chats\/#primaryimage","url":"https:\/\/saiga.es\/wp-content\/uploads\/2025\/07\/Modificador-de-conducte-scare-pets.jpg","contentUrl":"https:\/\/saiga.es\/wp-content\/uploads\/2025\/07\/Modificador-de-conducte-scare-pets.jpg","width":1080,"height":1080,"caption":"R\u00e9pulsif pour animaux de compagnie pour chiens et chats"},{"@type":"BreadcrumbList","@id":"https:\/\/saiga.es\/fr\/produit\/repulsif-pour-animaux-de-compagnie-pour-chiens-et-chats\/#breadcrumb","itemListElement":[{"@type":"ListItem","position":1,"name":"Inici","item":"https:\/\/saiga.es\/fr\/"},{"@type":"ListItem","position":2,"name":"boutique","item":"https:\/\/saiga.es\/fr\/boutique\/"},{"@type":"ListItem","position":3,"name":"R\u00e9pulsif pour animaux de compagnie pour chiens et chats"}]},{"@type":"WebSite","@id":"https:\/\/saiga.es\/fr\/#website","url":"https:\/\/saiga.es\/fr\/","name":"SAIGA","description":"M\u00e9s de 50 anys al servei de la terra i treballant per a un \u00fas eficient de l\u2019aigua!","publisher":{"@id":"https:\/\/saiga.es\/fr\/#organization"},"potentialAction":[{"@type":"SearchAction","target":{"@type":"EntryPoint","urlTemplate":"https:\/\/saiga.es\/fr\/?s={search_term_string}"},"query-input":{"@type":"PropertyValueSpecification","valueRequired":true,"valueName":"search_term_string"}}],"inLanguage":"fr-FR"},{"@type":"Organization","@id":"https:\/\/saiga.es\/fr\/#organization","name":"SAIGA","url":"https:\/\/saiga.es\/fr\/","logo":{"@type":"ImageObject","inLanguage":"fr-FR","@id":"https:\/\/saiga.es\/fr\/#\/schema\/logo\/image\/","url":"https:\/\/saiga.es\/wp-content\/uploads\/2025\/07\/logo_saiga_baseline_optimitzat.svg","contentUrl":"https:\/\/saiga.es\/wp-content\/uploads\/2025\/07\/logo_saiga_baseline_optimitzat.svg","caption":"SAIGA"},"image":{"@id":"https:\/\/saiga.es\/fr\/#\/schema\/logo\/image\/"},"sameAs":["https:\/\/x.com\/saiga_agro","https:\/\/www.instagram.com\/saiga_agro\/"]}]}},"_links":{"self":[{"href":"https:\/\/saiga.es\/fr\/wp-json\/wp\/v2\/product\/15349","targetHints":{"allow":["GET"]}}],"collection":[{"href":"https:\/\/saiga.es\/fr\/wp-json\/wp\/v2\/product"}],"about":[{"href":"https:\/\/saiga.es\/fr\/wp-json\/wp\/v2\/types\/product"}],"replies":[{"embeddable":true,"href":"https:\/\/saiga.es\/fr\/wp-json\/wp\/v2\/comments?post=15349"}],"wp:featuredmedia":[{"embeddable":true,"href":"https:\/\/saiga.es\/fr\/wp-json\/wp\/v2\/media\/15347"}],"wp:attachment":[{"href":"https:\/\/saiga.es\/fr\/wp-json\/wp\/v2\/media?parent=15349"}],"wp:term":[{"taxonomy":"product_brand","embeddable":true,"href":"https:\/\/saiga.es\/fr\/wp-json\/wp\/v2\/product_brand?post=15349"},{"taxonomy":"product_cat","embeddable":true,"href":"https:\/\/saiga.es\/fr\/wp-json\/wp\/v2\/product_cat?post=15349"},{"taxonomy":"product_tag","embeddable":true,"href":"https:\/\/saiga.es\/fr\/wp-json\/wp\/v2\/product_tag?post=15349"}],"curies":[{"name":"wp","href":"https:\/\/api.w.org\/{rel}","templated":true}]}}