{"id":15793,"date":"2025-07-18T07:54:35","date_gmt":"2025-07-18T07:54:35","guid":{"rendered":"https:\/\/botiga.saiga.es\/producte\/tuyau-ibomaster-plus\/"},"modified":"2025-12-10T14:30:03","modified_gmt":"2025-12-10T14:30:03","slug":"tuyau-ibomaster-plus","status":"publish","type":"product","link":"https:\/\/saiga.es\/fr\/produit\/tuyau-ibomaster-plus\/","title":{"rendered":"tuyau Ibomaster Plus"},"content":{"rendered":"<p data-start=\"44\" data-end=\"120\"><span class=\"relative -mx-px my-[-0.2rem] rounded px-px py-[0.2rem] transition-colors duration-100 ease-in-out\">Le tuyau Ibomaster Plu<strong data-start=\"3\" data-end=\"30\">s<\/strong> fait partie de la prestigieuse Gamme Duplex d&rsquo;Ibotec, et est con\u00e7u pour une utilisation intensive en jardinage et pour le transport d&rsquo;eau potable, avec une qualit\u00e9 et une s\u00e9curit\u00e9 maximales. Fabriqu\u00e9 en PVC flexible avec des plastifiants sans phtalates et un renforcement \u00e0 double technologie (TDR), sa structure en 5 couches comprend une couche int\u00e9rieure alimentaire cristalline, une couche interm\u00e9diaire blanche, un double renforcement en fil polyester et une couche ext\u00e9rieure r\u00e9sistante \u00e0 l&rsquo;abrasion et aux rayons UV, garantissant une grande durabilit\u00e9 et flexibilit\u00e9.<\/span><\/p>\n<p data-start=\"122\" data-end=\"352\"><span class=\"relative -mx-px my-[-0.2rem] rounded px-px py-[0.2rem] transition-colors duration-100 ease-in-out\">Ce mod\u00e8le est homologu\u00e9 pour le contact alimentaire, conform\u00e9ment au r\u00e8glement (UE) 10\/2011, ce qui le rend id\u00e9al pour un usage domestique et professionnel. <\/span><span class=\"relative -mx-px my-[-0.2rem] rounded px-px py-[0.2rem] transition-colors duration-100 ease-in-out\">Il supporte des pressions de service allant jusqu&rsquo;\u00e0 10 bars \u00e0 23 \u00b0C (et 6,5 bars \u00e0 55 \u00b0C), avec une pression d&rsquo;\u00e9clatement de 30 bars, une r\u00e9sistance \u00e0 la traction \u2265 5 MPa et un allongement \u00e0 la rupture \u2265 150 %. <\/span><span class=\"relative -mx-px my-[-0.2rem] rounded px-px py-[0.2rem] transition-colors duration-100 ease-in-out\">Sa capacit\u00e9 s&rsquo;\u00e9tend de diam\u00e8tres int\u00e9rieurs de \u00d8 12,5 mm \u00e0 30 mm, avec des longueurs de 15 m, 25 m, 50 m et jusqu&rsquo;\u00e0 100 m, s&rsquo;adaptant ainsi \u00e0 diff\u00e9rents besoins d&rsquo;irrigation et de connectivit\u00e9.<\/span><\/p>\n<p data-start=\"354\" data-end=\"513\"><span class=\"relative -mx-px my-[-0.2rem] rounded px-px py-[0.2rem] transition-colors duration-100 ease-in-out\">Il se distingue par son caract\u00e8re non toxique, exempt de m\u00e9taux lourds tels que le plomb, le cadmium et le baryum (conforme aux normes REACH et RoHS), et par ses syst\u00e8mes anti-plis et anti-torsion qui facilitent sa manipulation et augmentent sa dur\u00e9e de vie.<\/span> <span class=\"relative -mx-px my-[-0.2rem] rounded px-px py-[0.2rem] transition-colors duration-100 ease-in-out\">Il est propos\u00e9 en rouleaux simples et en kits avec accessoires et raccords rapides Click compatibles, facilitant ainsi l&rsquo;installation et la maintenance.<\/span><\/p>\n<p data-start=\"515\" data-end=\"798\"><span class=\"relative -mx-px my-[-0.2rem] rounded px-px py-[0.2rem] transition-colors duration-100 ease-in-out\">De plus, sa r\u00e9sistance \u00e0 l&rsquo;abrasion et son \u00e9lasticit\u00e9 multi-environnements (de \u201310 \u00b0C \u00e0 +60 \u00b0C) en font une solution robuste pour les environnements exigeants, tant dans le domaine domestique que dans les activit\u00e9s agricoles et industrielles l\u00e9g\u00e8res.<\/span> Cette combinaison de s\u00e9curit\u00e9, de performance et de facilit\u00e9 d&rsquo;utilisation fait de l&rsquo;Ibomaster Plus une option de premier ordre pour les professionnels et les amateurs de jardinage qui exigent qualit\u00e9 et fiabilit\u00e9. <\/p>\n","protected":false},"excerpt":{"rendered":"<p><span class=\"relative -mx-px my-[-0.2rem] rounded px-px py-[0.2rem] transition-colors duration-100 ease-in-out\">Le tuyau Ibomaster Plu<strong data-start=\"3\" data-end=\"30\">s<\/strong> fait partie de la prestigieuse Gamme Duplex d&rsquo;Ibotec, et est con\u00e7u pour une utilisation intensive en jardinage et pour le transport d&rsquo;eau potable, avec une qualit\u00e9 et une s\u00e9curit\u00e9 maximales. Fabriqu\u00e9 en PVC flexible avec des plastifiants sans phtalates et un renforcement \u00e0 double technologie (TDR), sa structure en 5 couches comprend une couche int\u00e9rieure alimentaire cristalline, une couche interm\u00e9diaire blanche, un double renforcement en fil polyester et une couche ext\u00e9rieure r\u00e9sistante \u00e0 l&rsquo;abrasion et aux rayons UV, garantissant une grande durabilit\u00e9 et flexibilit\u00e9.<\/span><\/p>\n","protected":false},"featured_media":15791,"comment_status":"closed","ping_status":"closed","template":"","meta":[],"product_brand":[2261],"product_cat":[461],"product_tag":[],"class_list":{"0":"post-15793","1":"product","2":"type-product","3":"status-publish","4":"has-post-thumbnail","6":"product_brand-ibotec","7":"product_cat-tuyaux-et-accessoires","9":"first","10":"instock","11":"taxable","12":"shipping-taxable","13":"purchasable","14":"product-type-variable"},"yoast_head":"<!-- This site is optimized with the Yoast SEO plugin v27.4 - https:\/\/yoast.com\/product\/yoast-seo-wordpress\/ -->\n<title>tuyau Ibomaster Plus | SAIGA<\/title>\n<meta name=\"description\" content=\"Le tuyau Ibomaster Plus fait partie de la prestigieuse gamme Duplex d&#039;Ibotec et est con\u00e7u pour une utilisation intensive dans le jardinage et la distribution d&#039;eau potable.\" \/>\n<meta name=\"robots\" content=\"index, follow, max-snippet:-1, max-image-preview:large, max-video-preview:-1\" \/>\n<link rel=\"canonical\" href=\"https:\/\/saiga.es\/fr\/produit\/tuyau-ibomaster-plus\/\" \/>\n<meta property=\"og:locale\" content=\"fr_FR\" \/>\n<meta property=\"og:type\" content=\"article\" \/>\n<meta property=\"og:title\" content=\"tuyau Ibomaster Plus | SAIGA\" \/>\n<meta property=\"og:description\" content=\"Le tuyau Ibomaster Plus fait partie de la prestigieuse gamme Duplex d&#039;Ibotec et est con\u00e7u pour une utilisation intensive dans le jardinage et la distribution d&#039;eau potable.\" \/>\n<meta property=\"og:url\" content=\"https:\/\/saiga.es\/fr\/produit\/tuyau-ibomaster-plus\/\" \/>\n<meta property=\"og:site_name\" content=\"SAIGA\" \/>\n<meta property=\"article:modified_time\" content=\"2025-12-10T14:30:03+00:00\" \/>\n<meta property=\"og:image\" content=\"https:\/\/saiga.es\/wp-content\/uploads\/2025\/07\/Manguera-Ibomaster-plus.jpg\" \/>\n\t<meta property=\"og:image:width\" content=\"1080\" \/>\n\t<meta property=\"og:image:height\" content=\"1080\" \/>\n\t<meta property=\"og:image:type\" content=\"image\/jpeg\" \/>\n<meta name=\"twitter:card\" content=\"summary_large_image\" \/>\n<meta name=\"twitter:site\" content=\"@saiga_agro\" \/>\n<meta name=\"twitter:label1\" content=\"Dur\u00e9e de lecture estim\u00e9e\" \/>\n\t<meta name=\"twitter:data1\" content=\"2 minutes\" \/>\n<script type=\"application\/ld+json\" class=\"yoast-schema-graph\">{\"@context\":\"https:\\\/\\\/schema.org\",\"@graph\":[{\"@type\":\"WebPage\",\"@id\":\"https:\\\/\\\/saiga.es\\\/fr\\\/produit\\\/tuyau-ibomaster-plus\\\/\",\"url\":\"https:\\\/\\\/saiga.es\\\/fr\\\/produit\\\/tuyau-ibomaster-plus\\\/\",\"name\":\"tuyau Ibomaster Plus | SAIGA\",\"isPartOf\":{\"@id\":\"https:\\\/\\\/saiga.es\\\/fr\\\/#website\"},\"primaryImageOfPage\":{\"@id\":\"https:\\\/\\\/saiga.es\\\/fr\\\/produit\\\/tuyau-ibomaster-plus\\\/#primaryimage\"},\"image\":{\"@id\":\"https:\\\/\\\/saiga.es\\\/fr\\\/produit\\\/tuyau-ibomaster-plus\\\/#primaryimage\"},\"thumbnailUrl\":\"https:\\\/\\\/saiga.es\\\/wp-content\\\/uploads\\\/2025\\\/07\\\/Manguera-Ibomaster-plus.jpg\",\"datePublished\":\"2025-07-18T07:54:35+00:00\",\"dateModified\":\"2025-12-10T14:30:03+00:00\",\"description\":\"Le tuyau Ibomaster Plus fait partie de la prestigieuse gamme Duplex d'Ibotec et est con\u00e7u pour une utilisation intensive dans le jardinage et la distribution d'eau potable.\",\"breadcrumb\":{\"@id\":\"https:\\\/\\\/saiga.es\\\/fr\\\/produit\\\/tuyau-ibomaster-plus\\\/#breadcrumb\"},\"inLanguage\":\"fr-FR\",\"potentialAction\":[{\"@type\":\"ReadAction\",\"target\":[\"https:\\\/\\\/saiga.es\\\/fr\\\/produit\\\/tuyau-ibomaster-plus\\\/\"]}]},{\"@type\":\"ImageObject\",\"inLanguage\":\"fr-FR\",\"@id\":\"https:\\\/\\\/saiga.es\\\/fr\\\/produit\\\/tuyau-ibomaster-plus\\\/#primaryimage\",\"url\":\"https:\\\/\\\/saiga.es\\\/wp-content\\\/uploads\\\/2025\\\/07\\\/Manguera-Ibomaster-plus.jpg\",\"contentUrl\":\"https:\\\/\\\/saiga.es\\\/wp-content\\\/uploads\\\/2025\\\/07\\\/Manguera-Ibomaster-plus.jpg\",\"width\":1080,\"height\":1080,\"caption\":\"tuyau Ibomaster Plus\"},{\"@type\":\"BreadcrumbList\",\"@id\":\"https:\\\/\\\/saiga.es\\\/fr\\\/produit\\\/tuyau-ibomaster-plus\\\/#breadcrumb\",\"itemListElement\":[{\"@type\":\"ListItem\",\"position\":1,\"name\":\"Inici\",\"item\":\"https:\\\/\\\/saiga.es\\\/fr\\\/\"},{\"@type\":\"ListItem\",\"position\":2,\"name\":\"boutique\",\"item\":\"https:\\\/\\\/saiga.es\\\/fr\\\/boutique\\\/\"},{\"@type\":\"ListItem\",\"position\":3,\"name\":\"tuyau Ibomaster Plus\"}]},{\"@type\":\"WebSite\",\"@id\":\"https:\\\/\\\/saiga.es\\\/fr\\\/#website\",\"url\":\"https:\\\/\\\/saiga.es\\\/fr\\\/\",\"name\":\"SAIGA\",\"description\":\"M\u00e9s de 50 anys al servei de la terra i treballant per a un \u00fas eficient de l\u2019aigua!\",\"publisher\":{\"@id\":\"https:\\\/\\\/saiga.es\\\/fr\\\/#organization\"},\"potentialAction\":[{\"@type\":\"SearchAction\",\"target\":{\"@type\":\"EntryPoint\",\"urlTemplate\":\"https:\\\/\\\/saiga.es\\\/fr\\\/?s={search_term_string}\"},\"query-input\":{\"@type\":\"PropertyValueSpecification\",\"valueRequired\":true,\"valueName\":\"search_term_string\"}}],\"inLanguage\":\"fr-FR\"},{\"@type\":\"Organization\",\"@id\":\"https:\\\/\\\/saiga.es\\\/fr\\\/#organization\",\"name\":\"SAIGA\",\"url\":\"https:\\\/\\\/saiga.es\\\/fr\\\/\",\"logo\":{\"@type\":\"ImageObject\",\"inLanguage\":\"fr-FR\",\"@id\":\"https:\\\/\\\/saiga.es\\\/fr\\\/#\\\/schema\\\/logo\\\/image\\\/\",\"url\":\"https:\\\/\\\/saiga.es\\\/wp-content\\\/uploads\\\/2025\\\/07\\\/logo_saiga_baseline_optimitzat.svg\",\"contentUrl\":\"https:\\\/\\\/saiga.es\\\/wp-content\\\/uploads\\\/2025\\\/07\\\/logo_saiga_baseline_optimitzat.svg\",\"caption\":\"SAIGA\"},\"image\":{\"@id\":\"https:\\\/\\\/saiga.es\\\/fr\\\/#\\\/schema\\\/logo\\\/image\\\/\"},\"sameAs\":[\"https:\\\/\\\/x.com\\\/saiga_agro\",\"https:\\\/\\\/www.instagram.com\\\/saiga_agro\\\/\"]}]}<\/script>\n<!-- \/ Yoast SEO plugin. -->","yoast_head_json":{"title":"tuyau Ibomaster Plus | SAIGA","description":"Le tuyau Ibomaster Plus fait partie de la prestigieuse gamme Duplex d'Ibotec et est con\u00e7u pour une utilisation intensive dans le jardinage et la distribution d'eau potable.","robots":{"index":"index","follow":"follow","max-snippet":"max-snippet:-1","max-image-preview":"max-image-preview:large","max-video-preview":"max-video-preview:-1"},"canonical":"https:\/\/saiga.es\/fr\/produit\/tuyau-ibomaster-plus\/","og_locale":"fr_FR","og_type":"article","og_title":"tuyau Ibomaster Plus | SAIGA","og_description":"Le tuyau Ibomaster Plus fait partie de la prestigieuse gamme Duplex d'Ibotec et est con\u00e7u pour une utilisation intensive dans le jardinage et la distribution d'eau potable.","og_url":"https:\/\/saiga.es\/fr\/produit\/tuyau-ibomaster-plus\/","og_site_name":"SAIGA","article_modified_time":"2025-12-10T14:30:03+00:00","og_image":[{"width":1080,"height":1080,"url":"https:\/\/saiga.es\/wp-content\/uploads\/2025\/07\/Manguera-Ibomaster-plus.jpg","type":"image\/jpeg"}],"twitter_card":"summary_large_image","twitter_site":"@saiga_agro","twitter_misc":{"Dur\u00e9e de lecture estim\u00e9e":"2 minutes"},"schema":{"@context":"https:\/\/schema.org","@graph":[{"@type":"WebPage","@id":"https:\/\/saiga.es\/fr\/produit\/tuyau-ibomaster-plus\/","url":"https:\/\/saiga.es\/fr\/produit\/tuyau-ibomaster-plus\/","name":"tuyau Ibomaster Plus | SAIGA","isPartOf":{"@id":"https:\/\/saiga.es\/fr\/#website"},"primaryImageOfPage":{"@id":"https:\/\/saiga.es\/fr\/produit\/tuyau-ibomaster-plus\/#primaryimage"},"image":{"@id":"https:\/\/saiga.es\/fr\/produit\/tuyau-ibomaster-plus\/#primaryimage"},"thumbnailUrl":"https:\/\/saiga.es\/wp-content\/uploads\/2025\/07\/Manguera-Ibomaster-plus.jpg","datePublished":"2025-07-18T07:54:35+00:00","dateModified":"2025-12-10T14:30:03+00:00","description":"Le tuyau Ibomaster Plus fait partie de la prestigieuse gamme Duplex d'Ibotec et est con\u00e7u pour une utilisation intensive dans le jardinage et la distribution d'eau potable.","breadcrumb":{"@id":"https:\/\/saiga.es\/fr\/produit\/tuyau-ibomaster-plus\/#breadcrumb"},"inLanguage":"fr-FR","potentialAction":[{"@type":"ReadAction","target":["https:\/\/saiga.es\/fr\/produit\/tuyau-ibomaster-plus\/"]}]},{"@type":"ImageObject","inLanguage":"fr-FR","@id":"https:\/\/saiga.es\/fr\/produit\/tuyau-ibomaster-plus\/#primaryimage","url":"https:\/\/saiga.es\/wp-content\/uploads\/2025\/07\/Manguera-Ibomaster-plus.jpg","contentUrl":"https:\/\/saiga.es\/wp-content\/uploads\/2025\/07\/Manguera-Ibomaster-plus.jpg","width":1080,"height":1080,"caption":"tuyau Ibomaster Plus"},{"@type":"BreadcrumbList","@id":"https:\/\/saiga.es\/fr\/produit\/tuyau-ibomaster-plus\/#breadcrumb","itemListElement":[{"@type":"ListItem","position":1,"name":"Inici","item":"https:\/\/saiga.es\/fr\/"},{"@type":"ListItem","position":2,"name":"boutique","item":"https:\/\/saiga.es\/fr\/boutique\/"},{"@type":"ListItem","position":3,"name":"tuyau Ibomaster Plus"}]},{"@type":"WebSite","@id":"https:\/\/saiga.es\/fr\/#website","url":"https:\/\/saiga.es\/fr\/","name":"SAIGA","description":"M\u00e9s de 50 anys al servei de la terra i treballant per a un \u00fas eficient de l\u2019aigua!","publisher":{"@id":"https:\/\/saiga.es\/fr\/#organization"},"potentialAction":[{"@type":"SearchAction","target":{"@type":"EntryPoint","urlTemplate":"https:\/\/saiga.es\/fr\/?s={search_term_string}"},"query-input":{"@type":"PropertyValueSpecification","valueRequired":true,"valueName":"search_term_string"}}],"inLanguage":"fr-FR"},{"@type":"Organization","@id":"https:\/\/saiga.es\/fr\/#organization","name":"SAIGA","url":"https:\/\/saiga.es\/fr\/","logo":{"@type":"ImageObject","inLanguage":"fr-FR","@id":"https:\/\/saiga.es\/fr\/#\/schema\/logo\/image\/","url":"https:\/\/saiga.es\/wp-content\/uploads\/2025\/07\/logo_saiga_baseline_optimitzat.svg","contentUrl":"https:\/\/saiga.es\/wp-content\/uploads\/2025\/07\/logo_saiga_baseline_optimitzat.svg","caption":"SAIGA"},"image":{"@id":"https:\/\/saiga.es\/fr\/#\/schema\/logo\/image\/"},"sameAs":["https:\/\/x.com\/saiga_agro","https:\/\/www.instagram.com\/saiga_agro\/"]}]}},"_links":{"self":[{"href":"https:\/\/saiga.es\/fr\/wp-json\/wp\/v2\/product\/15793","targetHints":{"allow":["GET"]}}],"collection":[{"href":"https:\/\/saiga.es\/fr\/wp-json\/wp\/v2\/product"}],"about":[{"href":"https:\/\/saiga.es\/fr\/wp-json\/wp\/v2\/types\/product"}],"replies":[{"embeddable":true,"href":"https:\/\/saiga.es\/fr\/wp-json\/wp\/v2\/comments?post=15793"}],"wp:featuredmedia":[{"embeddable":true,"href":"https:\/\/saiga.es\/fr\/wp-json\/wp\/v2\/media\/15791"}],"wp:attachment":[{"href":"https:\/\/saiga.es\/fr\/wp-json\/wp\/v2\/media?parent=15793"}],"wp:term":[{"taxonomy":"product_brand","embeddable":true,"href":"https:\/\/saiga.es\/fr\/wp-json\/wp\/v2\/product_brand?post=15793"},{"taxonomy":"product_cat","embeddable":true,"href":"https:\/\/saiga.es\/fr\/wp-json\/wp\/v2\/product_cat?post=15793"},{"taxonomy":"product_tag","embeddable":true,"href":"https:\/\/saiga.es\/fr\/wp-json\/wp\/v2\/product_tag?post=15793"}],"curies":[{"name":"wp","href":"https:\/\/api.w.org\/{rel}","templated":true}]}}