{"id":15811,"date":"2025-07-18T08:58:54","date_gmt":"2025-07-18T08:58:54","guid":{"rendered":"https:\/\/botiga.saiga.es\/producte\/piege-a-charancons-a-pheromones\/"},"modified":"2025-12-10T11:41:33","modified_gmt":"2025-12-10T11:41:33","slug":"piege-a-charancons-a-pheromones","status":"publish","type":"product","link":"https:\/\/saiga.es\/fr\/produit\/piege-a-charancons-a-pheromones\/","title":{"rendered":"Pi\u00e8ge \u00e0 charan\u00e7ons \u00e0 ph\u00e9romones"},"content":{"rendered":"<p data-start=\"277\" data-end=\"811\">La ph\u00e9romone sp\u00e9cifique du charan\u00e7on rouge du palmier est un \u00e9l\u00e9ment cl\u00e9 de la lutte int\u00e9gr\u00e9e contre ce ravageur extr\u00eamement destructeur. Il affecte gravement des esp\u00e8ces comme <em data-start=\"454\" data-end=\"475\">Phoenix canariensis<\/em> et <em data-start=\"481\" data-end=\"502\">Phoenix dactylifera<\/em>. Cette ph\u00e9romone synth\u00e9tique agit comme un attractif chimique, reproduisant les compos\u00e9s naturels \u00e9mis par les charan\u00e7ons adultes pour communiquer et se rassembler. Sa grande sp\u00e9cificit\u00e9 lui permet d&rsquo;attirer m\u00e2les et femelles, favorisant ainsi la capture massive et contribuant \u00e0 r\u00e9duire la pression d\u00e9mographique.   <\/p>\n<p data-start=\"813\" data-end=\"1203\">Le produit se pr\u00e9sente sous forme de doseur ou de capsule \u00e0 lib\u00e9ration prolong\u00e9e, avec une dur\u00e9e d&rsquo;action de 6 \u00e0 8 semaines selon les conditions climatiques. R\u00e9sistant aux temp\u00e9ratures \u00e9lev\u00e9es et \u00e0 l&rsquo;humidit\u00e9, il est parfaitement adapt\u00e9 aux pi\u00e8ges commerciaux homologu\u00e9s. Cette ph\u00e9romone convient aussi bien aux espaces publics (parcs, jardins urbains) qu&rsquo;aux environnements agricoles et ornementaux. Pour un r\u00e9sultat optimal, il est recommand\u00e9 d&rsquo;associer la ph\u00e9romone \u00e0 un attractif alimentaire (comme de la banane ferment\u00e9e ou un extrait de plante) et de placer le pi\u00e8ge \u00e0 une hauteur comprise entre 1 et 1,5 m\u00e8tre, de pr\u00e9f\u00e9rence \u00e0 l&rsquo;ombre. Outil essentiel pour la surveillance, la d\u00e9tection pr\u00e9coce et la r\u00e9duction de la population de charan\u00e7ons rouges, il s&rsquo;inscrit dans une d\u00e9marche durable et respectueuse de l&rsquo;environnement.    <\/p>\n<p data-start=\"1607\" data-end=\"1873\">Gr\u00e2ce \u00e0 cette ph\u00e9romone, nous contribuons \u00e0 la protection et \u00e0 la conservation des palmiers, un pr\u00e9cieux patrimoine v\u00e9g\u00e9tal pour les paysages m\u00e9diterran\u00e9ens et tropicaux. C&rsquo;est une solution efficace, non toxique et s\u00fbre, aussi bien pour un usage professionnel que pour des applications domestiques ou municipales. <\/p>\n","protected":false},"excerpt":{"rendered":"<p>La ph\u00e9romone sp\u00e9cifique du charan\u00e7on rouge du palmier est un \u00e9l\u00e9ment cl\u00e9 de la lutte int\u00e9gr\u00e9e contre ce ravageur extr\u00eamement destructeur. Il affecte gravement des esp\u00e8ces comme <em data-start=\"454\" data-end=\"475\">Phoenix canariensis<\/em> et <em data-start=\"481\" data-end=\"502\">Phoenix dactylifera<\/em>. Cette ph\u00e9romone synth\u00e9tique agit comme un attractif chimique, reproduisant les compos\u00e9s naturels \u00e9mis par les charan\u00e7ons adultes pour communiquer et se rassembler. Sa grande sp\u00e9cificit\u00e9 lui permet d&rsquo;attirer m\u00e2les et femelles, favorisant ainsi la capture massive et contribuant \u00e0 r\u00e9duire la pression d\u00e9mographique.   <\/p>\n","protected":false},"featured_media":15809,"comment_status":"closed","ping_status":"closed","template":"","meta":[],"product_brand":[],"product_cat":[442],"product_tag":[2263,1561,1565],"class_list":{"0":"post-15811","1":"product","2":"type-product","3":"status-publish","4":"has-post-thumbnail","6":"product_cat-non-classe","7":"product_tag-morrut-de-la-palmera-fr","8":"product_tag-pheromone","9":"product_tag-piege","11":"first","12":"instock","13":"taxable","14":"shipping-taxable","15":"purchasable","16":"product-type-simple"},"yoast_head":"<!-- This site is optimized with the Yoast SEO plugin v27.4 - https:\/\/yoast.com\/product\/yoast-seo-wordpress\/ -->\n<title>Pi\u00e8ge \u00e0 charan\u00e7ons \u00e0 ph\u00e9romones | SAIGA<\/title>\n<meta name=\"description\" content=\"La ph\u00e9romone sp\u00e9cifique du charan\u00e7on rouge du palmier est un \u00e9l\u00e9ment cl\u00e9 dans la lutte int\u00e9gr\u00e9e contre ce ravageur hautement destructeur.\" \/>\n<meta name=\"robots\" content=\"index, follow, max-snippet:-1, max-image-preview:large, max-video-preview:-1\" \/>\n<link rel=\"canonical\" href=\"https:\/\/saiga.es\/fr\/produit\/piege-a-charancons-a-pheromones\/\" \/>\n<meta property=\"og:locale\" content=\"fr_FR\" \/>\n<meta property=\"og:type\" content=\"article\" \/>\n<meta property=\"og:title\" content=\"Pi\u00e8ge \u00e0 charan\u00e7ons \u00e0 ph\u00e9romones | SAIGA\" \/>\n<meta property=\"og:description\" content=\"La ph\u00e9romone sp\u00e9cifique du charan\u00e7on rouge du palmier est un \u00e9l\u00e9ment cl\u00e9 dans la lutte int\u00e9gr\u00e9e contre ce ravageur hautement destructeur.\" \/>\n<meta property=\"og:url\" content=\"https:\/\/saiga.es\/fr\/produit\/piege-a-charancons-a-pheromones\/\" \/>\n<meta property=\"og:site_name\" content=\"SAIGA\" \/>\n<meta property=\"article:modified_time\" content=\"2025-12-10T11:41:33+00:00\" \/>\n<meta property=\"og:image\" content=\"https:\/\/saiga.es\/wp-content\/uploads\/2025\/07\/Feromona-Morrut-vermell.jpg\" \/>\n\t<meta property=\"og:image:width\" content=\"1080\" \/>\n\t<meta property=\"og:image:height\" content=\"1080\" \/>\n\t<meta property=\"og:image:type\" content=\"image\/jpeg\" \/>\n<meta name=\"twitter:card\" content=\"summary_large_image\" \/>\n<meta name=\"twitter:site\" content=\"@saiga_agro\" \/>\n<meta name=\"twitter:label1\" content=\"Dur\u00e9e de lecture estim\u00e9e\" \/>\n\t<meta name=\"twitter:data1\" content=\"1 minute\" \/>\n<script type=\"application\/ld+json\" class=\"yoast-schema-graph\">{\"@context\":\"https:\\\/\\\/schema.org\",\"@graph\":[{\"@type\":\"WebPage\",\"@id\":\"https:\\\/\\\/saiga.es\\\/fr\\\/produit\\\/piege-a-charancons-a-pheromones\\\/\",\"url\":\"https:\\\/\\\/saiga.es\\\/fr\\\/produit\\\/piege-a-charancons-a-pheromones\\\/\",\"name\":\"Pi\u00e8ge \u00e0 charan\u00e7ons \u00e0 ph\u00e9romones | SAIGA\",\"isPartOf\":{\"@id\":\"https:\\\/\\\/saiga.es\\\/fr\\\/#website\"},\"primaryImageOfPage\":{\"@id\":\"https:\\\/\\\/saiga.es\\\/fr\\\/produit\\\/piege-a-charancons-a-pheromones\\\/#primaryimage\"},\"image\":{\"@id\":\"https:\\\/\\\/saiga.es\\\/fr\\\/produit\\\/piege-a-charancons-a-pheromones\\\/#primaryimage\"},\"thumbnailUrl\":\"https:\\\/\\\/saiga.es\\\/wp-content\\\/uploads\\\/2025\\\/07\\\/Feromona-Morrut-vermell.jpg\",\"datePublished\":\"2025-07-18T08:58:54+00:00\",\"dateModified\":\"2025-12-10T11:41:33+00:00\",\"description\":\"La ph\u00e9romone sp\u00e9cifique du charan\u00e7on rouge du palmier est un \u00e9l\u00e9ment cl\u00e9 dans la lutte int\u00e9gr\u00e9e contre ce ravageur hautement destructeur.\",\"breadcrumb\":{\"@id\":\"https:\\\/\\\/saiga.es\\\/fr\\\/produit\\\/piege-a-charancons-a-pheromones\\\/#breadcrumb\"},\"inLanguage\":\"fr-FR\",\"potentialAction\":[{\"@type\":\"ReadAction\",\"target\":[\"https:\\\/\\\/saiga.es\\\/fr\\\/produit\\\/piege-a-charancons-a-pheromones\\\/\"]}]},{\"@type\":\"ImageObject\",\"inLanguage\":\"fr-FR\",\"@id\":\"https:\\\/\\\/saiga.es\\\/fr\\\/produit\\\/piege-a-charancons-a-pheromones\\\/#primaryimage\",\"url\":\"https:\\\/\\\/saiga.es\\\/wp-content\\\/uploads\\\/2025\\\/07\\\/Feromona-Morrut-vermell.jpg\",\"contentUrl\":\"https:\\\/\\\/saiga.es\\\/wp-content\\\/uploads\\\/2025\\\/07\\\/Feromona-Morrut-vermell.jpg\",\"width\":1080,\"height\":1080,\"caption\":\"Pi\u00e8ge \u00e0 charan\u00e7ons \u00e0 ph\u00e9romones\"},{\"@type\":\"BreadcrumbList\",\"@id\":\"https:\\\/\\\/saiga.es\\\/fr\\\/produit\\\/piege-a-charancons-a-pheromones\\\/#breadcrumb\",\"itemListElement\":[{\"@type\":\"ListItem\",\"position\":1,\"name\":\"Inici\",\"item\":\"https:\\\/\\\/saiga.es\\\/fr\\\/\"},{\"@type\":\"ListItem\",\"position\":2,\"name\":\"boutique\",\"item\":\"https:\\\/\\\/saiga.es\\\/fr\\\/boutique\\\/\"},{\"@type\":\"ListItem\",\"position\":3,\"name\":\"Pi\u00e8ge \u00e0 charan\u00e7ons \u00e0 ph\u00e9romones\"}]},{\"@type\":\"WebSite\",\"@id\":\"https:\\\/\\\/saiga.es\\\/fr\\\/#website\",\"url\":\"https:\\\/\\\/saiga.es\\\/fr\\\/\",\"name\":\"SAIGA\",\"description\":\"M\u00e9s de 50 anys al servei de la terra i treballant per a un \u00fas eficient de l\u2019aigua!\",\"publisher\":{\"@id\":\"https:\\\/\\\/saiga.es\\\/fr\\\/#organization\"},\"potentialAction\":[{\"@type\":\"SearchAction\",\"target\":{\"@type\":\"EntryPoint\",\"urlTemplate\":\"https:\\\/\\\/saiga.es\\\/fr\\\/?s={search_term_string}\"},\"query-input\":{\"@type\":\"PropertyValueSpecification\",\"valueRequired\":true,\"valueName\":\"search_term_string\"}}],\"inLanguage\":\"fr-FR\"},{\"@type\":\"Organization\",\"@id\":\"https:\\\/\\\/saiga.es\\\/fr\\\/#organization\",\"name\":\"SAIGA\",\"url\":\"https:\\\/\\\/saiga.es\\\/fr\\\/\",\"logo\":{\"@type\":\"ImageObject\",\"inLanguage\":\"fr-FR\",\"@id\":\"https:\\\/\\\/saiga.es\\\/fr\\\/#\\\/schema\\\/logo\\\/image\\\/\",\"url\":\"https:\\\/\\\/saiga.es\\\/wp-content\\\/uploads\\\/2025\\\/07\\\/logo_saiga_baseline_optimitzat.svg\",\"contentUrl\":\"https:\\\/\\\/saiga.es\\\/wp-content\\\/uploads\\\/2025\\\/07\\\/logo_saiga_baseline_optimitzat.svg\",\"caption\":\"SAIGA\"},\"image\":{\"@id\":\"https:\\\/\\\/saiga.es\\\/fr\\\/#\\\/schema\\\/logo\\\/image\\\/\"},\"sameAs\":[\"https:\\\/\\\/x.com\\\/saiga_agro\",\"https:\\\/\\\/www.instagram.com\\\/saiga_agro\\\/\"]}]}<\/script>\n<!-- \/ Yoast SEO plugin. -->","yoast_head_json":{"title":"Pi\u00e8ge \u00e0 charan\u00e7ons \u00e0 ph\u00e9romones | SAIGA","description":"La ph\u00e9romone sp\u00e9cifique du charan\u00e7on rouge du palmier est un \u00e9l\u00e9ment cl\u00e9 dans la lutte int\u00e9gr\u00e9e contre ce ravageur hautement destructeur.","robots":{"index":"index","follow":"follow","max-snippet":"max-snippet:-1","max-image-preview":"max-image-preview:large","max-video-preview":"max-video-preview:-1"},"canonical":"https:\/\/saiga.es\/fr\/produit\/piege-a-charancons-a-pheromones\/","og_locale":"fr_FR","og_type":"article","og_title":"Pi\u00e8ge \u00e0 charan\u00e7ons \u00e0 ph\u00e9romones | SAIGA","og_description":"La ph\u00e9romone sp\u00e9cifique du charan\u00e7on rouge du palmier est un \u00e9l\u00e9ment cl\u00e9 dans la lutte int\u00e9gr\u00e9e contre ce ravageur hautement destructeur.","og_url":"https:\/\/saiga.es\/fr\/produit\/piege-a-charancons-a-pheromones\/","og_site_name":"SAIGA","article_modified_time":"2025-12-10T11:41:33+00:00","og_image":[{"width":1080,"height":1080,"url":"https:\/\/saiga.es\/wp-content\/uploads\/2025\/07\/Feromona-Morrut-vermell.jpg","type":"image\/jpeg"}],"twitter_card":"summary_large_image","twitter_site":"@saiga_agro","twitter_misc":{"Dur\u00e9e de lecture estim\u00e9e":"1 minute"},"schema":{"@context":"https:\/\/schema.org","@graph":[{"@type":"WebPage","@id":"https:\/\/saiga.es\/fr\/produit\/piege-a-charancons-a-pheromones\/","url":"https:\/\/saiga.es\/fr\/produit\/piege-a-charancons-a-pheromones\/","name":"Pi\u00e8ge \u00e0 charan\u00e7ons \u00e0 ph\u00e9romones | SAIGA","isPartOf":{"@id":"https:\/\/saiga.es\/fr\/#website"},"primaryImageOfPage":{"@id":"https:\/\/saiga.es\/fr\/produit\/piege-a-charancons-a-pheromones\/#primaryimage"},"image":{"@id":"https:\/\/saiga.es\/fr\/produit\/piege-a-charancons-a-pheromones\/#primaryimage"},"thumbnailUrl":"https:\/\/saiga.es\/wp-content\/uploads\/2025\/07\/Feromona-Morrut-vermell.jpg","datePublished":"2025-07-18T08:58:54+00:00","dateModified":"2025-12-10T11:41:33+00:00","description":"La ph\u00e9romone sp\u00e9cifique du charan\u00e7on rouge du palmier est un \u00e9l\u00e9ment cl\u00e9 dans la lutte int\u00e9gr\u00e9e contre ce ravageur hautement destructeur.","breadcrumb":{"@id":"https:\/\/saiga.es\/fr\/produit\/piege-a-charancons-a-pheromones\/#breadcrumb"},"inLanguage":"fr-FR","potentialAction":[{"@type":"ReadAction","target":["https:\/\/saiga.es\/fr\/produit\/piege-a-charancons-a-pheromones\/"]}]},{"@type":"ImageObject","inLanguage":"fr-FR","@id":"https:\/\/saiga.es\/fr\/produit\/piege-a-charancons-a-pheromones\/#primaryimage","url":"https:\/\/saiga.es\/wp-content\/uploads\/2025\/07\/Feromona-Morrut-vermell.jpg","contentUrl":"https:\/\/saiga.es\/wp-content\/uploads\/2025\/07\/Feromona-Morrut-vermell.jpg","width":1080,"height":1080,"caption":"Pi\u00e8ge \u00e0 charan\u00e7ons \u00e0 ph\u00e9romones"},{"@type":"BreadcrumbList","@id":"https:\/\/saiga.es\/fr\/produit\/piege-a-charancons-a-pheromones\/#breadcrumb","itemListElement":[{"@type":"ListItem","position":1,"name":"Inici","item":"https:\/\/saiga.es\/fr\/"},{"@type":"ListItem","position":2,"name":"boutique","item":"https:\/\/saiga.es\/fr\/boutique\/"},{"@type":"ListItem","position":3,"name":"Pi\u00e8ge \u00e0 charan\u00e7ons \u00e0 ph\u00e9romones"}]},{"@type":"WebSite","@id":"https:\/\/saiga.es\/fr\/#website","url":"https:\/\/saiga.es\/fr\/","name":"SAIGA","description":"M\u00e9s de 50 anys al servei de la terra i treballant per a un \u00fas eficient de l\u2019aigua!","publisher":{"@id":"https:\/\/saiga.es\/fr\/#organization"},"potentialAction":[{"@type":"SearchAction","target":{"@type":"EntryPoint","urlTemplate":"https:\/\/saiga.es\/fr\/?s={search_term_string}"},"query-input":{"@type":"PropertyValueSpecification","valueRequired":true,"valueName":"search_term_string"}}],"inLanguage":"fr-FR"},{"@type":"Organization","@id":"https:\/\/saiga.es\/fr\/#organization","name":"SAIGA","url":"https:\/\/saiga.es\/fr\/","logo":{"@type":"ImageObject","inLanguage":"fr-FR","@id":"https:\/\/saiga.es\/fr\/#\/schema\/logo\/image\/","url":"https:\/\/saiga.es\/wp-content\/uploads\/2025\/07\/logo_saiga_baseline_optimitzat.svg","contentUrl":"https:\/\/saiga.es\/wp-content\/uploads\/2025\/07\/logo_saiga_baseline_optimitzat.svg","caption":"SAIGA"},"image":{"@id":"https:\/\/saiga.es\/fr\/#\/schema\/logo\/image\/"},"sameAs":["https:\/\/x.com\/saiga_agro","https:\/\/www.instagram.com\/saiga_agro\/"]}]}},"_links":{"self":[{"href":"https:\/\/saiga.es\/fr\/wp-json\/wp\/v2\/product\/15811","targetHints":{"allow":["GET"]}}],"collection":[{"href":"https:\/\/saiga.es\/fr\/wp-json\/wp\/v2\/product"}],"about":[{"href":"https:\/\/saiga.es\/fr\/wp-json\/wp\/v2\/types\/product"}],"replies":[{"embeddable":true,"href":"https:\/\/saiga.es\/fr\/wp-json\/wp\/v2\/comments?post=15811"}],"wp:featuredmedia":[{"embeddable":true,"href":"https:\/\/saiga.es\/fr\/wp-json\/wp\/v2\/media\/15809"}],"wp:attachment":[{"href":"https:\/\/saiga.es\/fr\/wp-json\/wp\/v2\/media?parent=15811"}],"wp:term":[{"taxonomy":"product_brand","embeddable":true,"href":"https:\/\/saiga.es\/fr\/wp-json\/wp\/v2\/product_brand?post=15811"},{"taxonomy":"product_cat","embeddable":true,"href":"https:\/\/saiga.es\/fr\/wp-json\/wp\/v2\/product_cat?post=15811"},{"taxonomy":"product_tag","embeddable":true,"href":"https:\/\/saiga.es\/fr\/wp-json\/wp\/v2\/product_tag?post=15811"}],"curies":[{"name":"wp","href":"https:\/\/api.w.org\/{rel}","templated":true}]}}