{"id":15868,"date":"2025-07-25T09:43:39","date_gmt":"2025-07-25T09:43:39","guid":{"rendered":"https:\/\/botiga.saiga.es\/producte\/reservoir-de-120-l\/"},"modified":"2025-12-10T11:39:05","modified_gmt":"2025-12-10T11:39:05","slug":"reservoir-de-120-l","status":"publish","type":"product","link":"https:\/\/saiga.es\/fr\/produit\/reservoir-de-120-l\/","title":{"rendered":"R\u00e9servoir de 120 L"},"content":{"rendered":"<p>Notre r\u00e9servoir de 120 litres est fabriqu\u00e9 en polypropyl\u00e8ne de qualit\u00e9 alimentaire, un mat\u00e9riau s\u00fbr et durable, id\u00e9al pour le stockage de l&rsquo;eau et d&rsquo;autres liquides destin\u00e9s \u00e0 la consommation humaine. Ce r\u00e9servoir a \u00e9t\u00e9 con\u00e7u pour offrir une solution fiable et durable pour un usage domestique, agricole, industriel ou alimentaire. <\/p>\n<p>D&rsquo;une capacit\u00e9 de 120 litres, ce conteneur offre un bon \u00e9quilibre entre espace de rangement et maniabilit\u00e9. Ses dimensions de 490 mm de diam\u00e8tre et 800 mm de hauteur le rendent id\u00e9al pour les petits espaces, tout en conservant une grande capacit\u00e9 de stockage. <\/p>\n<p>Le polypropyl\u00e8ne de qualit\u00e9 alimentaire est un mat\u00e9riau hautement r\u00e9sistant aux chocs, aux produits chimiques et \u00e0 la corrosion, qui n&rsquo;alt\u00e8re ni le go\u00fbt ni les propri\u00e9t\u00e9s des liquides stock\u00e9s. De plus, il est l\u00e9ger, recyclable et tr\u00e8s facile \u00e0 nettoyer, ce qui en fait une option durable et pratique pour tout environnement. <\/p>\n<p>Ce r\u00e9servoir convient au stockage de l&rsquo;eau potable et d&rsquo;autres liquides compatibles avec les plastiques de qualit\u00e9 alimentaire. Il peut \u00eatre utilis\u00e9 dans un syst\u00e8me de r\u00e9cup\u00e9ration des eaux pluviales, dans des installations d&rsquo;eau potable, pour les proc\u00e9d\u00e9s agroalimentaires, ou m\u00eame comme r\u00e9servoir auxiliaire en milieu industriel. <\/p>\n<p>En bref, ce r\u00e9servoir de 120 litres est une solution compacte, s\u00fbre et efficace pour stocker l&rsquo;eau et autres liquides alimentaires. Un choix judicieux pour ceux qui recherchent qualit\u00e9, durabilit\u00e9 et s\u00e9curit\u00e9 alimentaire dans un seul produit. <\/p>\n","protected":false},"excerpt":{"rendered":"<p>Notre r\u00e9servoir de 120 litres est fabriqu\u00e9 en polypropyl\u00e8ne de qualit\u00e9 alimentaire, un mat\u00e9riau s\u00fbr, r\u00e9sistant et id\u00e9al pour stocker l&rsquo;eau et d&rsquo;autres liquides destin\u00e9s \u00e0 la consommation humaine.<\/p>\n","protected":false},"featured_media":15866,"comment_status":"closed","ping_status":"closed","template":"","meta":[],"product_brand":[2212],"product_cat":[2153],"product_tag":[],"class_list":{"0":"post-15868","1":"product","2":"type-product","3":"status-publish","4":"has-post-thumbnail","6":"product_brand-gaun-fr","7":"product_cat-divers","9":"first","10":"instock","11":"taxable","12":"shipping-taxable","13":"purchasable","14":"product-type-simple"},"yoast_head":"<!-- This site is optimized with the Yoast SEO plugin v27.4 - https:\/\/yoast.com\/product\/yoast-seo-wordpress\/ -->\n<title>R\u00e9servoir de 120 L | SAIGA<\/title>\n<meta name=\"description\" content=\"R\u00e9servoir de 120 litres en polypropyl\u00e8ne, un mat\u00e9riau s\u00fbr, r\u00e9sistant et id\u00e9al pour stocker l&#039;eau et d&#039;autres liquides destin\u00e9s \u00e0 la consommation humaine.\" \/>\n<meta name=\"robots\" content=\"index, follow, max-snippet:-1, max-image-preview:large, max-video-preview:-1\" \/>\n<link rel=\"canonical\" href=\"https:\/\/saiga.es\/fr\/produit\/reservoir-de-120-l\/\" \/>\n<meta property=\"og:locale\" content=\"fr_FR\" \/>\n<meta property=\"og:type\" content=\"article\" \/>\n<meta property=\"og:title\" content=\"R\u00e9servoir de 120 L | SAIGA\" \/>\n<meta property=\"og:description\" content=\"R\u00e9servoir de 120 litres en polypropyl\u00e8ne, un mat\u00e9riau s\u00fbr, r\u00e9sistant et id\u00e9al pour stocker l&#039;eau et d&#039;autres liquides destin\u00e9s \u00e0 la consommation humaine.\" \/>\n<meta property=\"og:url\" content=\"https:\/\/saiga.es\/fr\/produit\/reservoir-de-120-l\/\" \/>\n<meta property=\"og:site_name\" content=\"SAIGA\" \/>\n<meta property=\"article:modified_time\" content=\"2025-12-10T11:39:05+00:00\" \/>\n<meta property=\"og:image\" content=\"https:\/\/saiga.es\/wp-content\/uploads\/2025\/07\/Diposit-120-L.jpg\" \/>\n\t<meta property=\"og:image:width\" content=\"1080\" \/>\n\t<meta property=\"og:image:height\" content=\"1080\" \/>\n\t<meta property=\"og:image:type\" content=\"image\/jpeg\" \/>\n<meta name=\"twitter:card\" content=\"summary_large_image\" \/>\n<meta name=\"twitter:site\" content=\"@saiga_agro\" \/>\n<meta name=\"twitter:label1\" content=\"Dur\u00e9e de lecture estim\u00e9e\" \/>\n\t<meta name=\"twitter:data1\" content=\"1 minute\" \/>\n<script type=\"application\/ld+json\" class=\"yoast-schema-graph\">{\"@context\":\"https:\\\/\\\/schema.org\",\"@graph\":[{\"@type\":\"WebPage\",\"@id\":\"https:\\\/\\\/saiga.es\\\/fr\\\/produit\\\/reservoir-de-120-l\\\/\",\"url\":\"https:\\\/\\\/saiga.es\\\/fr\\\/produit\\\/reservoir-de-120-l\\\/\",\"name\":\"R\u00e9servoir de 120 L | SAIGA\",\"isPartOf\":{\"@id\":\"https:\\\/\\\/saiga.es\\\/fr\\\/#website\"},\"primaryImageOfPage\":{\"@id\":\"https:\\\/\\\/saiga.es\\\/fr\\\/produit\\\/reservoir-de-120-l\\\/#primaryimage\"},\"image\":{\"@id\":\"https:\\\/\\\/saiga.es\\\/fr\\\/produit\\\/reservoir-de-120-l\\\/#primaryimage\"},\"thumbnailUrl\":\"https:\\\/\\\/saiga.es\\\/wp-content\\\/uploads\\\/2025\\\/07\\\/Diposit-120-L.jpg\",\"datePublished\":\"2025-07-25T09:43:39+00:00\",\"dateModified\":\"2025-12-10T11:39:05+00:00\",\"description\":\"R\u00e9servoir de 120 litres en polypropyl\u00e8ne, un mat\u00e9riau s\u00fbr, r\u00e9sistant et id\u00e9al pour stocker l'eau et d'autres liquides destin\u00e9s \u00e0 la consommation humaine.\",\"breadcrumb\":{\"@id\":\"https:\\\/\\\/saiga.es\\\/fr\\\/produit\\\/reservoir-de-120-l\\\/#breadcrumb\"},\"inLanguage\":\"fr-FR\",\"potentialAction\":[{\"@type\":\"ReadAction\",\"target\":[\"https:\\\/\\\/saiga.es\\\/fr\\\/produit\\\/reservoir-de-120-l\\\/\"]}]},{\"@type\":\"ImageObject\",\"inLanguage\":\"fr-FR\",\"@id\":\"https:\\\/\\\/saiga.es\\\/fr\\\/produit\\\/reservoir-de-120-l\\\/#primaryimage\",\"url\":\"https:\\\/\\\/saiga.es\\\/wp-content\\\/uploads\\\/2025\\\/07\\\/Diposit-120-L.jpg\",\"contentUrl\":\"https:\\\/\\\/saiga.es\\\/wp-content\\\/uploads\\\/2025\\\/07\\\/Diposit-120-L.jpg\",\"width\":1080,\"height\":1080,\"caption\":\"R\u00e9servoir de 120 L\"},{\"@type\":\"BreadcrumbList\",\"@id\":\"https:\\\/\\\/saiga.es\\\/fr\\\/produit\\\/reservoir-de-120-l\\\/#breadcrumb\",\"itemListElement\":[{\"@type\":\"ListItem\",\"position\":1,\"name\":\"Inici\",\"item\":\"https:\\\/\\\/saiga.es\\\/fr\\\/\"},{\"@type\":\"ListItem\",\"position\":2,\"name\":\"boutique\",\"item\":\"https:\\\/\\\/saiga.es\\\/fr\\\/boutique\\\/\"},{\"@type\":\"ListItem\",\"position\":3,\"name\":\"R\u00e9servoir de 120 L\"}]},{\"@type\":\"WebSite\",\"@id\":\"https:\\\/\\\/saiga.es\\\/fr\\\/#website\",\"url\":\"https:\\\/\\\/saiga.es\\\/fr\\\/\",\"name\":\"SAIGA\",\"description\":\"M\u00e9s de 50 anys al servei de la terra i treballant per a un \u00fas eficient de l\u2019aigua!\",\"publisher\":{\"@id\":\"https:\\\/\\\/saiga.es\\\/fr\\\/#organization\"},\"potentialAction\":[{\"@type\":\"SearchAction\",\"target\":{\"@type\":\"EntryPoint\",\"urlTemplate\":\"https:\\\/\\\/saiga.es\\\/fr\\\/?s={search_term_string}\"},\"query-input\":{\"@type\":\"PropertyValueSpecification\",\"valueRequired\":true,\"valueName\":\"search_term_string\"}}],\"inLanguage\":\"fr-FR\"},{\"@type\":\"Organization\",\"@id\":\"https:\\\/\\\/saiga.es\\\/fr\\\/#organization\",\"name\":\"SAIGA\",\"url\":\"https:\\\/\\\/saiga.es\\\/fr\\\/\",\"logo\":{\"@type\":\"ImageObject\",\"inLanguage\":\"fr-FR\",\"@id\":\"https:\\\/\\\/saiga.es\\\/fr\\\/#\\\/schema\\\/logo\\\/image\\\/\",\"url\":\"https:\\\/\\\/saiga.es\\\/wp-content\\\/uploads\\\/2025\\\/07\\\/logo_saiga_baseline_optimitzat.svg\",\"contentUrl\":\"https:\\\/\\\/saiga.es\\\/wp-content\\\/uploads\\\/2025\\\/07\\\/logo_saiga_baseline_optimitzat.svg\",\"caption\":\"SAIGA\"},\"image\":{\"@id\":\"https:\\\/\\\/saiga.es\\\/fr\\\/#\\\/schema\\\/logo\\\/image\\\/\"},\"sameAs\":[\"https:\\\/\\\/x.com\\\/saiga_agro\",\"https:\\\/\\\/www.instagram.com\\\/saiga_agro\\\/\"]}]}<\/script>\n<!-- \/ Yoast SEO plugin. -->","yoast_head_json":{"title":"R\u00e9servoir de 120 L | SAIGA","description":"R\u00e9servoir de 120 litres en polypropyl\u00e8ne, un mat\u00e9riau s\u00fbr, r\u00e9sistant et id\u00e9al pour stocker l'eau et d'autres liquides destin\u00e9s \u00e0 la consommation humaine.","robots":{"index":"index","follow":"follow","max-snippet":"max-snippet:-1","max-image-preview":"max-image-preview:large","max-video-preview":"max-video-preview:-1"},"canonical":"https:\/\/saiga.es\/fr\/produit\/reservoir-de-120-l\/","og_locale":"fr_FR","og_type":"article","og_title":"R\u00e9servoir de 120 L | SAIGA","og_description":"R\u00e9servoir de 120 litres en polypropyl\u00e8ne, un mat\u00e9riau s\u00fbr, r\u00e9sistant et id\u00e9al pour stocker l'eau et d'autres liquides destin\u00e9s \u00e0 la consommation humaine.","og_url":"https:\/\/saiga.es\/fr\/produit\/reservoir-de-120-l\/","og_site_name":"SAIGA","article_modified_time":"2025-12-10T11:39:05+00:00","og_image":[{"width":1080,"height":1080,"url":"https:\/\/saiga.es\/wp-content\/uploads\/2025\/07\/Diposit-120-L.jpg","type":"image\/jpeg"}],"twitter_card":"summary_large_image","twitter_site":"@saiga_agro","twitter_misc":{"Dur\u00e9e de lecture estim\u00e9e":"1 minute"},"schema":{"@context":"https:\/\/schema.org","@graph":[{"@type":"WebPage","@id":"https:\/\/saiga.es\/fr\/produit\/reservoir-de-120-l\/","url":"https:\/\/saiga.es\/fr\/produit\/reservoir-de-120-l\/","name":"R\u00e9servoir de 120 L | SAIGA","isPartOf":{"@id":"https:\/\/saiga.es\/fr\/#website"},"primaryImageOfPage":{"@id":"https:\/\/saiga.es\/fr\/produit\/reservoir-de-120-l\/#primaryimage"},"image":{"@id":"https:\/\/saiga.es\/fr\/produit\/reservoir-de-120-l\/#primaryimage"},"thumbnailUrl":"https:\/\/saiga.es\/wp-content\/uploads\/2025\/07\/Diposit-120-L.jpg","datePublished":"2025-07-25T09:43:39+00:00","dateModified":"2025-12-10T11:39:05+00:00","description":"R\u00e9servoir de 120 litres en polypropyl\u00e8ne, un mat\u00e9riau s\u00fbr, r\u00e9sistant et id\u00e9al pour stocker l'eau et d'autres liquides destin\u00e9s \u00e0 la consommation humaine.","breadcrumb":{"@id":"https:\/\/saiga.es\/fr\/produit\/reservoir-de-120-l\/#breadcrumb"},"inLanguage":"fr-FR","potentialAction":[{"@type":"ReadAction","target":["https:\/\/saiga.es\/fr\/produit\/reservoir-de-120-l\/"]}]},{"@type":"ImageObject","inLanguage":"fr-FR","@id":"https:\/\/saiga.es\/fr\/produit\/reservoir-de-120-l\/#primaryimage","url":"https:\/\/saiga.es\/wp-content\/uploads\/2025\/07\/Diposit-120-L.jpg","contentUrl":"https:\/\/saiga.es\/wp-content\/uploads\/2025\/07\/Diposit-120-L.jpg","width":1080,"height":1080,"caption":"R\u00e9servoir de 120 L"},{"@type":"BreadcrumbList","@id":"https:\/\/saiga.es\/fr\/produit\/reservoir-de-120-l\/#breadcrumb","itemListElement":[{"@type":"ListItem","position":1,"name":"Inici","item":"https:\/\/saiga.es\/fr\/"},{"@type":"ListItem","position":2,"name":"boutique","item":"https:\/\/saiga.es\/fr\/boutique\/"},{"@type":"ListItem","position":3,"name":"R\u00e9servoir de 120 L"}]},{"@type":"WebSite","@id":"https:\/\/saiga.es\/fr\/#website","url":"https:\/\/saiga.es\/fr\/","name":"SAIGA","description":"M\u00e9s de 50 anys al servei de la terra i treballant per a un \u00fas eficient de l\u2019aigua!","publisher":{"@id":"https:\/\/saiga.es\/fr\/#organization"},"potentialAction":[{"@type":"SearchAction","target":{"@type":"EntryPoint","urlTemplate":"https:\/\/saiga.es\/fr\/?s={search_term_string}"},"query-input":{"@type":"PropertyValueSpecification","valueRequired":true,"valueName":"search_term_string"}}],"inLanguage":"fr-FR"},{"@type":"Organization","@id":"https:\/\/saiga.es\/fr\/#organization","name":"SAIGA","url":"https:\/\/saiga.es\/fr\/","logo":{"@type":"ImageObject","inLanguage":"fr-FR","@id":"https:\/\/saiga.es\/fr\/#\/schema\/logo\/image\/","url":"https:\/\/saiga.es\/wp-content\/uploads\/2025\/07\/logo_saiga_baseline_optimitzat.svg","contentUrl":"https:\/\/saiga.es\/wp-content\/uploads\/2025\/07\/logo_saiga_baseline_optimitzat.svg","caption":"SAIGA"},"image":{"@id":"https:\/\/saiga.es\/fr\/#\/schema\/logo\/image\/"},"sameAs":["https:\/\/x.com\/saiga_agro","https:\/\/www.instagram.com\/saiga_agro\/"]}]}},"_links":{"self":[{"href":"https:\/\/saiga.es\/fr\/wp-json\/wp\/v2\/product\/15868","targetHints":{"allow":["GET"]}}],"collection":[{"href":"https:\/\/saiga.es\/fr\/wp-json\/wp\/v2\/product"}],"about":[{"href":"https:\/\/saiga.es\/fr\/wp-json\/wp\/v2\/types\/product"}],"replies":[{"embeddable":true,"href":"https:\/\/saiga.es\/fr\/wp-json\/wp\/v2\/comments?post=15868"}],"wp:featuredmedia":[{"embeddable":true,"href":"https:\/\/saiga.es\/fr\/wp-json\/wp\/v2\/media\/15866"}],"wp:attachment":[{"href":"https:\/\/saiga.es\/fr\/wp-json\/wp\/v2\/media?parent=15868"}],"wp:term":[{"taxonomy":"product_brand","embeddable":true,"href":"https:\/\/saiga.es\/fr\/wp-json\/wp\/v2\/product_brand?post=15868"},{"taxonomy":"product_cat","embeddable":true,"href":"https:\/\/saiga.es\/fr\/wp-json\/wp\/v2\/product_cat?post=15868"},{"taxonomy":"product_tag","embeddable":true,"href":"https:\/\/saiga.es\/fr\/wp-json\/wp\/v2\/product_tag?post=15868"}],"curies":[{"name":"wp","href":"https:\/\/api.w.org\/{rel}","templated":true}]}}