{"id":15918,"date":"2025-07-25T10:06:04","date_gmt":"2025-07-25T10:06:04","guid":{"rendered":"https:\/\/botiga.saiga.es\/producte\/reservoir-220-l\/"},"modified":"2025-12-10T11:37:39","modified_gmt":"2025-12-10T11:37:39","slug":"reservoir-220-l","status":"publish","type":"product","link":"https:\/\/saiga.es\/fr\/produit\/reservoir-220-l\/","title":{"rendered":"R\u00e9servoir 220 L"},"content":{"rendered":"<p data-start=\"218\" data-end=\"567\">Le r\u00e9servoir de 220 litres est fabriqu\u00e9 en polypropyl\u00e8ne alimentaire, un mat\u00e9riau s\u00fbr, l\u00e9ger et tr\u00e8s r\u00e9sistant, adapt\u00e9 au stockage de l&rsquo;eau potable et d&rsquo;autres liquides destin\u00e9s \u00e0 la consommation humaine ou \u00e0 la transformation des aliments. Il constitue un excellent choix pour les applications domestiques, agricoles, industrielles ou professionnelles du secteur agroalimentaire. D&rsquo;une capacit\u00e9 de 220 litres, ce r\u00e9servoir offre un volume g\u00e9n\u00e9reux sans compromettre l&rsquo;espace. Ses dimensions de 600 mm de diam\u00e8tre et 985 mm de hauteur le rendent stable et facile \u00e0 installer dans une grande vari\u00e9t\u00e9 d&rsquo;environnements.   <\/p>\n<p data-start=\"806\" data-end=\"1137\">Le polypropyl\u00e8ne alimentaire est un mat\u00e9riau tr\u00e8s appr\u00e9ci\u00e9 pour sa r\u00e9sistance aux produits chimiques, \u00e0 l&rsquo;humidit\u00e9 et aux chocs. Il ne transmet ni odeurs ni saveurs au contenu, garantissant ainsi une s\u00e9curit\u00e9 hygi\u00e9nique maximale. De plus, il est 100 % recyclable et facile \u00e0 nettoyer, contribuant ainsi \u00e0 une gestion plus durable des ressources.  <\/p>\n<p data-start=\"1139\" data-end=\"1372\">Ce r\u00e9servoir est id\u00e9al pour la collecte des eaux de pluie, le stockage de l&rsquo;eau potable ou dans le cadre d&rsquo;un syst\u00e8me de traitement ou d&rsquo;approvisionnement dans des environnements o\u00f9 le respect des r\u00e9glementations alimentaires est requis.<\/p>\n<p data-start=\"1374\" data-end=\"1575\">Gr\u00e2ce \u00e0 sa grande capacit\u00e9 et \u00e0 sa conception robuste, ce r\u00e9servoir repr\u00e9sente une solution pratique, s\u00fbre et durable pour ceux qui recherchent un r\u00e9cipient fiable pour les liquides alimentaires.<\/p>\n","protected":false},"excerpt":{"rendered":"<p>Le r\u00e9servoir de 220 litres est fabriqu\u00e9 en polypropyl\u00e8ne de qualit\u00e9 alimentaire, un mat\u00e9riau s\u00fbr, l\u00e9ger et tr\u00e8s r\u00e9sistant, adapt\u00e9 au stockage de l&rsquo;eau potable et d&rsquo;autres liquides destin\u00e9s \u00e0 la consommation humaine.<\/p>\n","protected":false},"featured_media":15872,"comment_status":"closed","ping_status":"closed","template":"","meta":[],"product_brand":[2212],"product_cat":[2153],"product_tag":[],"class_list":{"0":"post-15918","1":"product","2":"type-product","3":"status-publish","4":"has-post-thumbnail","6":"product_brand-gaun-fr","7":"product_cat-divers","9":"first","10":"instock","11":"taxable","12":"shipping-taxable","13":"purchasable","14":"product-type-simple"},"yoast_head":"<!-- This site is optimized with the Yoast SEO plugin v27.4 - https:\/\/yoast.com\/product\/yoast-seo-wordpress\/ -->\n<title>R\u00e9servoir 220 L | SAIGA<\/title>\n<meta name=\"description\" content=\"Le r\u00e9servoir de 220 litres est fabriqu\u00e9 en polypropyl\u00e8ne, un mat\u00e9riau s\u00fbr, l\u00e9ger et tr\u00e8s r\u00e9sistant, adapt\u00e9 au stockage de l&#039;eau potable et d&#039;autres liquides destin\u00e9s \u00e0 la consommation humaine.\" \/>\n<meta name=\"robots\" content=\"index, follow, max-snippet:-1, max-image-preview:large, max-video-preview:-1\" \/>\n<link rel=\"canonical\" href=\"https:\/\/saiga.es\/fr\/produit\/reservoir-220-l\/\" \/>\n<meta property=\"og:locale\" content=\"fr_FR\" \/>\n<meta property=\"og:type\" content=\"article\" \/>\n<meta property=\"og:title\" content=\"R\u00e9servoir 220 L | SAIGA\" \/>\n<meta property=\"og:description\" content=\"Le r\u00e9servoir de 220 litres est fabriqu\u00e9 en polypropyl\u00e8ne, un mat\u00e9riau s\u00fbr, l\u00e9ger et tr\u00e8s r\u00e9sistant, adapt\u00e9 au stockage de l&#039;eau potable et d&#039;autres liquides destin\u00e9s \u00e0 la consommation humaine.\" \/>\n<meta property=\"og:url\" content=\"https:\/\/saiga.es\/fr\/produit\/reservoir-220-l\/\" \/>\n<meta property=\"og:site_name\" content=\"SAIGA\" \/>\n<meta property=\"article:modified_time\" content=\"2025-12-10T11:37:39+00:00\" \/>\n<meta property=\"og:image\" content=\"https:\/\/saiga.es\/wp-content\/uploads\/2025\/07\/Diposit-220-L.jpg\" \/>\n\t<meta property=\"og:image:width\" content=\"1080\" \/>\n\t<meta property=\"og:image:height\" content=\"1080\" \/>\n\t<meta property=\"og:image:type\" content=\"image\/jpeg\" \/>\n<meta name=\"twitter:card\" content=\"summary_large_image\" \/>\n<meta name=\"twitter:site\" content=\"@saiga_agro\" \/>\n<meta name=\"twitter:label1\" content=\"Dur\u00e9e de lecture estim\u00e9e\" \/>\n\t<meta name=\"twitter:data1\" content=\"1 minute\" \/>\n<script type=\"application\/ld+json\" class=\"yoast-schema-graph\">{\"@context\":\"https:\\\/\\\/schema.org\",\"@graph\":[{\"@type\":\"WebPage\",\"@id\":\"https:\\\/\\\/saiga.es\\\/fr\\\/produit\\\/reservoir-220-l\\\/\",\"url\":\"https:\\\/\\\/saiga.es\\\/fr\\\/produit\\\/reservoir-220-l\\\/\",\"name\":\"R\u00e9servoir 220 L | SAIGA\",\"isPartOf\":{\"@id\":\"https:\\\/\\\/saiga.es\\\/fr\\\/#website\"},\"primaryImageOfPage\":{\"@id\":\"https:\\\/\\\/saiga.es\\\/fr\\\/produit\\\/reservoir-220-l\\\/#primaryimage\"},\"image\":{\"@id\":\"https:\\\/\\\/saiga.es\\\/fr\\\/produit\\\/reservoir-220-l\\\/#primaryimage\"},\"thumbnailUrl\":\"https:\\\/\\\/saiga.es\\\/wp-content\\\/uploads\\\/2025\\\/07\\\/Diposit-220-L.jpg\",\"datePublished\":\"2025-07-25T10:06:04+00:00\",\"dateModified\":\"2025-12-10T11:37:39+00:00\",\"description\":\"Le r\u00e9servoir de 220 litres est fabriqu\u00e9 en polypropyl\u00e8ne, un mat\u00e9riau s\u00fbr, l\u00e9ger et tr\u00e8s r\u00e9sistant, adapt\u00e9 au stockage de l'eau potable et d'autres liquides destin\u00e9s \u00e0 la consommation humaine.\",\"breadcrumb\":{\"@id\":\"https:\\\/\\\/saiga.es\\\/fr\\\/produit\\\/reservoir-220-l\\\/#breadcrumb\"},\"inLanguage\":\"fr-FR\",\"potentialAction\":[{\"@type\":\"ReadAction\",\"target\":[\"https:\\\/\\\/saiga.es\\\/fr\\\/produit\\\/reservoir-220-l\\\/\"]}]},{\"@type\":\"ImageObject\",\"inLanguage\":\"fr-FR\",\"@id\":\"https:\\\/\\\/saiga.es\\\/fr\\\/produit\\\/reservoir-220-l\\\/#primaryimage\",\"url\":\"https:\\\/\\\/saiga.es\\\/wp-content\\\/uploads\\\/2025\\\/07\\\/Diposit-220-L.jpg\",\"contentUrl\":\"https:\\\/\\\/saiga.es\\\/wp-content\\\/uploads\\\/2025\\\/07\\\/Diposit-220-L.jpg\",\"width\":1080,\"height\":1080,\"caption\":\"R\u00e9servoir 220 L\"},{\"@type\":\"BreadcrumbList\",\"@id\":\"https:\\\/\\\/saiga.es\\\/fr\\\/produit\\\/reservoir-220-l\\\/#breadcrumb\",\"itemListElement\":[{\"@type\":\"ListItem\",\"position\":1,\"name\":\"Inici\",\"item\":\"https:\\\/\\\/saiga.es\\\/fr\\\/\"},{\"@type\":\"ListItem\",\"position\":2,\"name\":\"boutique\",\"item\":\"https:\\\/\\\/saiga.es\\\/fr\\\/boutique\\\/\"},{\"@type\":\"ListItem\",\"position\":3,\"name\":\"R\u00e9servoir 220 L\"}]},{\"@type\":\"WebSite\",\"@id\":\"https:\\\/\\\/saiga.es\\\/fr\\\/#website\",\"url\":\"https:\\\/\\\/saiga.es\\\/fr\\\/\",\"name\":\"SAIGA\",\"description\":\"M\u00e9s de 50 anys al servei de la terra i treballant per a un \u00fas eficient de l\u2019aigua!\",\"publisher\":{\"@id\":\"https:\\\/\\\/saiga.es\\\/fr\\\/#organization\"},\"potentialAction\":[{\"@type\":\"SearchAction\",\"target\":{\"@type\":\"EntryPoint\",\"urlTemplate\":\"https:\\\/\\\/saiga.es\\\/fr\\\/?s={search_term_string}\"},\"query-input\":{\"@type\":\"PropertyValueSpecification\",\"valueRequired\":true,\"valueName\":\"search_term_string\"}}],\"inLanguage\":\"fr-FR\"},{\"@type\":\"Organization\",\"@id\":\"https:\\\/\\\/saiga.es\\\/fr\\\/#organization\",\"name\":\"SAIGA\",\"url\":\"https:\\\/\\\/saiga.es\\\/fr\\\/\",\"logo\":{\"@type\":\"ImageObject\",\"inLanguage\":\"fr-FR\",\"@id\":\"https:\\\/\\\/saiga.es\\\/fr\\\/#\\\/schema\\\/logo\\\/image\\\/\",\"url\":\"https:\\\/\\\/saiga.es\\\/wp-content\\\/uploads\\\/2025\\\/07\\\/logo_saiga_baseline_optimitzat.svg\",\"contentUrl\":\"https:\\\/\\\/saiga.es\\\/wp-content\\\/uploads\\\/2025\\\/07\\\/logo_saiga_baseline_optimitzat.svg\",\"caption\":\"SAIGA\"},\"image\":{\"@id\":\"https:\\\/\\\/saiga.es\\\/fr\\\/#\\\/schema\\\/logo\\\/image\\\/\"},\"sameAs\":[\"https:\\\/\\\/x.com\\\/saiga_agro\",\"https:\\\/\\\/www.instagram.com\\\/saiga_agro\\\/\"]}]}<\/script>\n<!-- \/ Yoast SEO plugin. -->","yoast_head_json":{"title":"R\u00e9servoir 220 L | SAIGA","description":"Le r\u00e9servoir de 220 litres est fabriqu\u00e9 en polypropyl\u00e8ne, un mat\u00e9riau s\u00fbr, l\u00e9ger et tr\u00e8s r\u00e9sistant, adapt\u00e9 au stockage de l'eau potable et d'autres liquides destin\u00e9s \u00e0 la consommation humaine.","robots":{"index":"index","follow":"follow","max-snippet":"max-snippet:-1","max-image-preview":"max-image-preview:large","max-video-preview":"max-video-preview:-1"},"canonical":"https:\/\/saiga.es\/fr\/produit\/reservoir-220-l\/","og_locale":"fr_FR","og_type":"article","og_title":"R\u00e9servoir 220 L | SAIGA","og_description":"Le r\u00e9servoir de 220 litres est fabriqu\u00e9 en polypropyl\u00e8ne, un mat\u00e9riau s\u00fbr, l\u00e9ger et tr\u00e8s r\u00e9sistant, adapt\u00e9 au stockage de l'eau potable et d'autres liquides destin\u00e9s \u00e0 la consommation humaine.","og_url":"https:\/\/saiga.es\/fr\/produit\/reservoir-220-l\/","og_site_name":"SAIGA","article_modified_time":"2025-12-10T11:37:39+00:00","og_image":[{"width":1080,"height":1080,"url":"https:\/\/saiga.es\/wp-content\/uploads\/2025\/07\/Diposit-220-L.jpg","type":"image\/jpeg"}],"twitter_card":"summary_large_image","twitter_site":"@saiga_agro","twitter_misc":{"Dur\u00e9e de lecture estim\u00e9e":"1 minute"},"schema":{"@context":"https:\/\/schema.org","@graph":[{"@type":"WebPage","@id":"https:\/\/saiga.es\/fr\/produit\/reservoir-220-l\/","url":"https:\/\/saiga.es\/fr\/produit\/reservoir-220-l\/","name":"R\u00e9servoir 220 L | SAIGA","isPartOf":{"@id":"https:\/\/saiga.es\/fr\/#website"},"primaryImageOfPage":{"@id":"https:\/\/saiga.es\/fr\/produit\/reservoir-220-l\/#primaryimage"},"image":{"@id":"https:\/\/saiga.es\/fr\/produit\/reservoir-220-l\/#primaryimage"},"thumbnailUrl":"https:\/\/saiga.es\/wp-content\/uploads\/2025\/07\/Diposit-220-L.jpg","datePublished":"2025-07-25T10:06:04+00:00","dateModified":"2025-12-10T11:37:39+00:00","description":"Le r\u00e9servoir de 220 litres est fabriqu\u00e9 en polypropyl\u00e8ne, un mat\u00e9riau s\u00fbr, l\u00e9ger et tr\u00e8s r\u00e9sistant, adapt\u00e9 au stockage de l'eau potable et d'autres liquides destin\u00e9s \u00e0 la consommation humaine.","breadcrumb":{"@id":"https:\/\/saiga.es\/fr\/produit\/reservoir-220-l\/#breadcrumb"},"inLanguage":"fr-FR","potentialAction":[{"@type":"ReadAction","target":["https:\/\/saiga.es\/fr\/produit\/reservoir-220-l\/"]}]},{"@type":"ImageObject","inLanguage":"fr-FR","@id":"https:\/\/saiga.es\/fr\/produit\/reservoir-220-l\/#primaryimage","url":"https:\/\/saiga.es\/wp-content\/uploads\/2025\/07\/Diposit-220-L.jpg","contentUrl":"https:\/\/saiga.es\/wp-content\/uploads\/2025\/07\/Diposit-220-L.jpg","width":1080,"height":1080,"caption":"R\u00e9servoir 220 L"},{"@type":"BreadcrumbList","@id":"https:\/\/saiga.es\/fr\/produit\/reservoir-220-l\/#breadcrumb","itemListElement":[{"@type":"ListItem","position":1,"name":"Inici","item":"https:\/\/saiga.es\/fr\/"},{"@type":"ListItem","position":2,"name":"boutique","item":"https:\/\/saiga.es\/fr\/boutique\/"},{"@type":"ListItem","position":3,"name":"R\u00e9servoir 220 L"}]},{"@type":"WebSite","@id":"https:\/\/saiga.es\/fr\/#website","url":"https:\/\/saiga.es\/fr\/","name":"SAIGA","description":"M\u00e9s de 50 anys al servei de la terra i treballant per a un \u00fas eficient de l\u2019aigua!","publisher":{"@id":"https:\/\/saiga.es\/fr\/#organization"},"potentialAction":[{"@type":"SearchAction","target":{"@type":"EntryPoint","urlTemplate":"https:\/\/saiga.es\/fr\/?s={search_term_string}"},"query-input":{"@type":"PropertyValueSpecification","valueRequired":true,"valueName":"search_term_string"}}],"inLanguage":"fr-FR"},{"@type":"Organization","@id":"https:\/\/saiga.es\/fr\/#organization","name":"SAIGA","url":"https:\/\/saiga.es\/fr\/","logo":{"@type":"ImageObject","inLanguage":"fr-FR","@id":"https:\/\/saiga.es\/fr\/#\/schema\/logo\/image\/","url":"https:\/\/saiga.es\/wp-content\/uploads\/2025\/07\/logo_saiga_baseline_optimitzat.svg","contentUrl":"https:\/\/saiga.es\/wp-content\/uploads\/2025\/07\/logo_saiga_baseline_optimitzat.svg","caption":"SAIGA"},"image":{"@id":"https:\/\/saiga.es\/fr\/#\/schema\/logo\/image\/"},"sameAs":["https:\/\/x.com\/saiga_agro","https:\/\/www.instagram.com\/saiga_agro\/"]}]}},"_links":{"self":[{"href":"https:\/\/saiga.es\/fr\/wp-json\/wp\/v2\/product\/15918","targetHints":{"allow":["GET"]}}],"collection":[{"href":"https:\/\/saiga.es\/fr\/wp-json\/wp\/v2\/product"}],"about":[{"href":"https:\/\/saiga.es\/fr\/wp-json\/wp\/v2\/types\/product"}],"replies":[{"embeddable":true,"href":"https:\/\/saiga.es\/fr\/wp-json\/wp\/v2\/comments?post=15918"}],"wp:featuredmedia":[{"embeddable":true,"href":"https:\/\/saiga.es\/fr\/wp-json\/wp\/v2\/media\/15872"}],"wp:attachment":[{"href":"https:\/\/saiga.es\/fr\/wp-json\/wp\/v2\/media?parent=15918"}],"wp:term":[{"taxonomy":"product_brand","embeddable":true,"href":"https:\/\/saiga.es\/fr\/wp-json\/wp\/v2\/product_brand?post=15918"},{"taxonomy":"product_cat","embeddable":true,"href":"https:\/\/saiga.es\/fr\/wp-json\/wp\/v2\/product_cat?post=15918"},{"taxonomy":"product_tag","embeddable":true,"href":"https:\/\/saiga.es\/fr\/wp-json\/wp\/v2\/product_tag?post=15918"}],"curies":[{"name":"wp","href":"https:\/\/api.w.org\/{rel}","templated":true}]}}