{"id":15973,"date":"2025-08-08T11:07:46","date_gmt":"2025-08-08T11:07:46","guid":{"rendered":"https:\/\/botiga.saiga.es\/producte\/chaussures-dune-jaq-green-kapriol\/"},"modified":"2025-08-08T11:07:46","modified_gmt":"2025-08-08T11:07:46","slug":"chaussures-dune-jaq-green-kapriol","status":"publish","type":"product","link":"https:\/\/saiga.es\/fr\/produit\/chaussures-dune-jaq-green-kapriol\/","title":{"rendered":"Chaussures Dune Jaq Green Kapriol"},"content":{"rendered":"<p>&nbsp;<\/p>\n<p>Les chaussures vertes Dune Jaq de Kapriol allient s\u00e9curit\u00e9 avanc\u00e9e, confort et style moderne pour le travail quotidien. Leur semelle interm\u00e9diaire NHP-Ultra (Nylon Hautes Performances) avec m\u00e9lange d&rsquo;EVA offre un amorti sup\u00e9rieur, une grande flexibilit\u00e9 et un effet \u00e9lastique qui r\u00e9duit la fatigue lors de la marche. Elles sont dot\u00e9es d&rsquo;une coque ultra-l\u00e9g\u00e8re en fibre de carbone et d&rsquo;une semelle int\u00e9rieure anti-perforation High Flex PS, garantissant une r\u00e9sistance maximale pour un poids r\u00e9duit. La semelle en caoutchouc est antid\u00e9rapante et r\u00e9sistante aux hydrocarbures, offrant une adh\u00e9rence optimale sur les surfaces difficiles. Con\u00e7ues pour les environnements sensibles, elles dissipent les charges \u00e9lectrostatiques, id\u00e9ales pour travailler sur des machines \u00e9lectroniques, en laboratoire ou dans des zones \u00e0 risque d&rsquo;explosion. Dot\u00e9es de rembourrages au talon, \u00e0 la cheville et sur la languette, ainsi que d&rsquo;une tige respirante avec renforts en TPU et d&rsquo;un bout recouvert de caoutchouc, elles garantissent confort et durabilit\u00e9, m\u00eame lors des longues journ\u00e9es.     <\/p>\n<p>Caract\u00e9ristiques principales des chaussures Dune Jaq Green Kapriol :<\/p>\n<ul>\n<li>Cat\u00e9gorie de s\u00e9curit\u00e9 : S3S, FO, SR, ESD<\/li>\n<li>Norme : EN ISO 20345:2022<\/li>\n<li>Poids approximatif : 450 g<\/li>\n<\/ul>\n<p>Les Dune Jaq vertes sont la combinaison parfaite de protection, de performance et de design pour les professionnels \u00e0 la recherche d&rsquo;un confort maximal sans sacrifier la s\u00e9curit\u00e9.<\/p>\n","protected":false},"excerpt":{"rendered":"<p>Les chaussures vertes Dune Jaq, de la marque Kapriol, allient s\u00e9curit\u00e9 avanc\u00e9e, confort et style moderne pour le travail quotidien.<\/p>\n","protected":false},"featured_media":15971,"comment_status":"open","ping_status":"closed","template":"","meta":[],"product_brand":[2271],"product_cat":[1284],"product_tag":[2275,2276,2274],"class_list":{"0":"post-15973","1":"product","2":"type-product","3":"status-publish","4":"has-post-thumbnail","6":"product_brand-kapriol","7":"product_cat-chaussures-de-travail","8":"product_tag-chaussures-de-travail","9":"product_tag-kapriol-fr","10":"product_tag-vetements-techniques","12":"first","13":"instock","14":"taxable","15":"shipping-taxable","16":"purchasable","17":"product-type-variable"},"yoast_head":"<!-- This site is optimized with the Yoast SEO plugin v27.3 - https:\/\/yoast.com\/product\/yoast-seo-wordpress\/ -->\n<title>Chaussures Dune Jaq Green Kapriol | SAIGA<\/title>\n<meta name=\"description\" content=\"Les chaussures vertes Dune Jaq, de la marque Kapriol, allient s\u00e9curit\u00e9 avanc\u00e9e, confort et style moderne pour le travail quotidien.\" \/>\n<meta name=\"robots\" content=\"index, follow, max-snippet:-1, max-image-preview:large, max-video-preview:-1\" \/>\n<link rel=\"canonical\" href=\"https:\/\/saiga.es\/fr\/produit\/chaussures-dune-jaq-green-kapriol\/\" \/>\n<meta property=\"og:locale\" content=\"fr_FR\" \/>\n<meta property=\"og:type\" content=\"article\" \/>\n<meta property=\"og:title\" content=\"Chaussures Dune Jaq Green Kapriol | SAIGA\" \/>\n<meta property=\"og:description\" content=\"Les chaussures vertes Dune Jaq, de la marque Kapriol, allient s\u00e9curit\u00e9 avanc\u00e9e, confort et style moderne pour le travail quotidien.\" \/>\n<meta property=\"og:url\" content=\"https:\/\/saiga.es\/fr\/produit\/chaussures-dune-jaq-green-kapriol\/\" \/>\n<meta property=\"og:site_name\" content=\"SAIGA\" \/>\n<meta property=\"og:image\" content=\"https:\/\/saiga.es\/wp-content\/uploads\/2025\/08\/Sabtes-Dune-Jaq-Kapriol.jpg\" \/>\n\t<meta property=\"og:image:width\" content=\"1080\" \/>\n\t<meta property=\"og:image:height\" content=\"1080\" \/>\n\t<meta property=\"og:image:type\" content=\"image\/jpeg\" \/>\n<meta name=\"twitter:card\" content=\"summary_large_image\" \/>\n<meta name=\"twitter:site\" content=\"@saiga_agro\" \/>\n<meta name=\"twitter:label1\" content=\"Dur\u00e9e de lecture estim\u00e9e\" \/>\n\t<meta name=\"twitter:data1\" content=\"1 minute\" \/>\n<script type=\"application\/ld+json\" class=\"yoast-schema-graph\">{\"@context\":\"https:\\\/\\\/schema.org\",\"@graph\":[{\"@type\":\"WebPage\",\"@id\":\"https:\\\/\\\/saiga.es\\\/fr\\\/produit\\\/chaussures-dune-jaq-green-kapriol\\\/\",\"url\":\"https:\\\/\\\/saiga.es\\\/fr\\\/produit\\\/chaussures-dune-jaq-green-kapriol\\\/\",\"name\":\"Chaussures Dune Jaq Green Kapriol | SAIGA\",\"isPartOf\":{\"@id\":\"https:\\\/\\\/saiga.es\\\/fr\\\/#website\"},\"primaryImageOfPage\":{\"@id\":\"https:\\\/\\\/saiga.es\\\/fr\\\/produit\\\/chaussures-dune-jaq-green-kapriol\\\/#primaryimage\"},\"image\":{\"@id\":\"https:\\\/\\\/saiga.es\\\/fr\\\/produit\\\/chaussures-dune-jaq-green-kapriol\\\/#primaryimage\"},\"thumbnailUrl\":\"https:\\\/\\\/saiga.es\\\/wp-content\\\/uploads\\\/2025\\\/08\\\/Sabtes-Dune-Jaq-Kapriol.jpg\",\"datePublished\":\"2025-08-08T11:07:46+00:00\",\"description\":\"Les chaussures vertes Dune Jaq, de la marque Kapriol, allient s\u00e9curit\u00e9 avanc\u00e9e, confort et style moderne pour le travail quotidien.\",\"breadcrumb\":{\"@id\":\"https:\\\/\\\/saiga.es\\\/fr\\\/produit\\\/chaussures-dune-jaq-green-kapriol\\\/#breadcrumb\"},\"inLanguage\":\"fr-FR\",\"potentialAction\":[{\"@type\":\"ReadAction\",\"target\":[\"https:\\\/\\\/saiga.es\\\/fr\\\/produit\\\/chaussures-dune-jaq-green-kapriol\\\/\"]}]},{\"@type\":\"ImageObject\",\"inLanguage\":\"fr-FR\",\"@id\":\"https:\\\/\\\/saiga.es\\\/fr\\\/produit\\\/chaussures-dune-jaq-green-kapriol\\\/#primaryimage\",\"url\":\"https:\\\/\\\/saiga.es\\\/wp-content\\\/uploads\\\/2025\\\/08\\\/Sabtes-Dune-Jaq-Kapriol.jpg\",\"contentUrl\":\"https:\\\/\\\/saiga.es\\\/wp-content\\\/uploads\\\/2025\\\/08\\\/Sabtes-Dune-Jaq-Kapriol.jpg\",\"width\":1080,\"height\":1080,\"caption\":\"Chaussures Dune Jaq Green Kapriol\"},{\"@type\":\"BreadcrumbList\",\"@id\":\"https:\\\/\\\/saiga.es\\\/fr\\\/produit\\\/chaussures-dune-jaq-green-kapriol\\\/#breadcrumb\",\"itemListElement\":[{\"@type\":\"ListItem\",\"position\":1,\"name\":\"Inici\",\"item\":\"https:\\\/\\\/saiga.es\\\/fr\\\/\"},{\"@type\":\"ListItem\",\"position\":2,\"name\":\"boutique\",\"item\":\"https:\\\/\\\/saiga.es\\\/fr\\\/boutique\\\/\"},{\"@type\":\"ListItem\",\"position\":3,\"name\":\"Chaussures Dune Jaq Green Kapriol\"}]},{\"@type\":\"WebSite\",\"@id\":\"https:\\\/\\\/saiga.es\\\/fr\\\/#website\",\"url\":\"https:\\\/\\\/saiga.es\\\/fr\\\/\",\"name\":\"SAIGA\",\"description\":\"M\u00e9s de 50 anys al servei de la terra i treballant per a un \u00fas eficient de l\u2019aigua!\",\"publisher\":{\"@id\":\"https:\\\/\\\/saiga.es\\\/fr\\\/#organization\"},\"potentialAction\":[{\"@type\":\"SearchAction\",\"target\":{\"@type\":\"EntryPoint\",\"urlTemplate\":\"https:\\\/\\\/saiga.es\\\/fr\\\/?s={search_term_string}\"},\"query-input\":{\"@type\":\"PropertyValueSpecification\",\"valueRequired\":true,\"valueName\":\"search_term_string\"}}],\"inLanguage\":\"fr-FR\"},{\"@type\":\"Organization\",\"@id\":\"https:\\\/\\\/saiga.es\\\/fr\\\/#organization\",\"name\":\"SAIGA\",\"url\":\"https:\\\/\\\/saiga.es\\\/fr\\\/\",\"logo\":{\"@type\":\"ImageObject\",\"inLanguage\":\"fr-FR\",\"@id\":\"https:\\\/\\\/saiga.es\\\/fr\\\/#\\\/schema\\\/logo\\\/image\\\/\",\"url\":\"https:\\\/\\\/saiga.es\\\/wp-content\\\/uploads\\\/2025\\\/07\\\/logo_saiga_baseline_optimitzat.svg\",\"contentUrl\":\"https:\\\/\\\/saiga.es\\\/wp-content\\\/uploads\\\/2025\\\/07\\\/logo_saiga_baseline_optimitzat.svg\",\"caption\":\"SAIGA\"},\"image\":{\"@id\":\"https:\\\/\\\/saiga.es\\\/fr\\\/#\\\/schema\\\/logo\\\/image\\\/\"},\"sameAs\":[\"https:\\\/\\\/x.com\\\/saiga_agro\",\"https:\\\/\\\/www.instagram.com\\\/saiga_agro\\\/\"]}]}<\/script>\n<!-- \/ Yoast SEO plugin. -->","yoast_head_json":{"title":"Chaussures Dune Jaq Green Kapriol | SAIGA","description":"Les chaussures vertes Dune Jaq, de la marque Kapriol, allient s\u00e9curit\u00e9 avanc\u00e9e, confort et style moderne pour le travail quotidien.","robots":{"index":"index","follow":"follow","max-snippet":"max-snippet:-1","max-image-preview":"max-image-preview:large","max-video-preview":"max-video-preview:-1"},"canonical":"https:\/\/saiga.es\/fr\/produit\/chaussures-dune-jaq-green-kapriol\/","og_locale":"fr_FR","og_type":"article","og_title":"Chaussures Dune Jaq Green Kapriol | SAIGA","og_description":"Les chaussures vertes Dune Jaq, de la marque Kapriol, allient s\u00e9curit\u00e9 avanc\u00e9e, confort et style moderne pour le travail quotidien.","og_url":"https:\/\/saiga.es\/fr\/produit\/chaussures-dune-jaq-green-kapriol\/","og_site_name":"SAIGA","og_image":[{"width":1080,"height":1080,"url":"https:\/\/saiga.es\/wp-content\/uploads\/2025\/08\/Sabtes-Dune-Jaq-Kapriol.jpg","type":"image\/jpeg"}],"twitter_card":"summary_large_image","twitter_site":"@saiga_agro","twitter_misc":{"Dur\u00e9e de lecture estim\u00e9e":"1 minute"},"schema":{"@context":"https:\/\/schema.org","@graph":[{"@type":"WebPage","@id":"https:\/\/saiga.es\/fr\/produit\/chaussures-dune-jaq-green-kapriol\/","url":"https:\/\/saiga.es\/fr\/produit\/chaussures-dune-jaq-green-kapriol\/","name":"Chaussures Dune Jaq Green Kapriol | SAIGA","isPartOf":{"@id":"https:\/\/saiga.es\/fr\/#website"},"primaryImageOfPage":{"@id":"https:\/\/saiga.es\/fr\/produit\/chaussures-dune-jaq-green-kapriol\/#primaryimage"},"image":{"@id":"https:\/\/saiga.es\/fr\/produit\/chaussures-dune-jaq-green-kapriol\/#primaryimage"},"thumbnailUrl":"https:\/\/saiga.es\/wp-content\/uploads\/2025\/08\/Sabtes-Dune-Jaq-Kapriol.jpg","datePublished":"2025-08-08T11:07:46+00:00","description":"Les chaussures vertes Dune Jaq, de la marque Kapriol, allient s\u00e9curit\u00e9 avanc\u00e9e, confort et style moderne pour le travail quotidien.","breadcrumb":{"@id":"https:\/\/saiga.es\/fr\/produit\/chaussures-dune-jaq-green-kapriol\/#breadcrumb"},"inLanguage":"fr-FR","potentialAction":[{"@type":"ReadAction","target":["https:\/\/saiga.es\/fr\/produit\/chaussures-dune-jaq-green-kapriol\/"]}]},{"@type":"ImageObject","inLanguage":"fr-FR","@id":"https:\/\/saiga.es\/fr\/produit\/chaussures-dune-jaq-green-kapriol\/#primaryimage","url":"https:\/\/saiga.es\/wp-content\/uploads\/2025\/08\/Sabtes-Dune-Jaq-Kapriol.jpg","contentUrl":"https:\/\/saiga.es\/wp-content\/uploads\/2025\/08\/Sabtes-Dune-Jaq-Kapriol.jpg","width":1080,"height":1080,"caption":"Chaussures Dune Jaq Green Kapriol"},{"@type":"BreadcrumbList","@id":"https:\/\/saiga.es\/fr\/produit\/chaussures-dune-jaq-green-kapriol\/#breadcrumb","itemListElement":[{"@type":"ListItem","position":1,"name":"Inici","item":"https:\/\/saiga.es\/fr\/"},{"@type":"ListItem","position":2,"name":"boutique","item":"https:\/\/saiga.es\/fr\/boutique\/"},{"@type":"ListItem","position":3,"name":"Chaussures Dune Jaq Green Kapriol"}]},{"@type":"WebSite","@id":"https:\/\/saiga.es\/fr\/#website","url":"https:\/\/saiga.es\/fr\/","name":"SAIGA","description":"M\u00e9s de 50 anys al servei de la terra i treballant per a un \u00fas eficient de l\u2019aigua!","publisher":{"@id":"https:\/\/saiga.es\/fr\/#organization"},"potentialAction":[{"@type":"SearchAction","target":{"@type":"EntryPoint","urlTemplate":"https:\/\/saiga.es\/fr\/?s={search_term_string}"},"query-input":{"@type":"PropertyValueSpecification","valueRequired":true,"valueName":"search_term_string"}}],"inLanguage":"fr-FR"},{"@type":"Organization","@id":"https:\/\/saiga.es\/fr\/#organization","name":"SAIGA","url":"https:\/\/saiga.es\/fr\/","logo":{"@type":"ImageObject","inLanguage":"fr-FR","@id":"https:\/\/saiga.es\/fr\/#\/schema\/logo\/image\/","url":"https:\/\/saiga.es\/wp-content\/uploads\/2025\/07\/logo_saiga_baseline_optimitzat.svg","contentUrl":"https:\/\/saiga.es\/wp-content\/uploads\/2025\/07\/logo_saiga_baseline_optimitzat.svg","caption":"SAIGA"},"image":{"@id":"https:\/\/saiga.es\/fr\/#\/schema\/logo\/image\/"},"sameAs":["https:\/\/x.com\/saiga_agro","https:\/\/www.instagram.com\/saiga_agro\/"]}]}},"_links":{"self":[{"href":"https:\/\/saiga.es\/fr\/wp-json\/wp\/v2\/product\/15973","targetHints":{"allow":["GET"]}}],"collection":[{"href":"https:\/\/saiga.es\/fr\/wp-json\/wp\/v2\/product"}],"about":[{"href":"https:\/\/saiga.es\/fr\/wp-json\/wp\/v2\/types\/product"}],"replies":[{"embeddable":true,"href":"https:\/\/saiga.es\/fr\/wp-json\/wp\/v2\/comments?post=15973"}],"wp:featuredmedia":[{"embeddable":true,"href":"https:\/\/saiga.es\/fr\/wp-json\/wp\/v2\/media\/15971"}],"wp:attachment":[{"href":"https:\/\/saiga.es\/fr\/wp-json\/wp\/v2\/media?parent=15973"}],"wp:term":[{"taxonomy":"product_brand","embeddable":true,"href":"https:\/\/saiga.es\/fr\/wp-json\/wp\/v2\/product_brand?post=15973"},{"taxonomy":"product_cat","embeddable":true,"href":"https:\/\/saiga.es\/fr\/wp-json\/wp\/v2\/product_cat?post=15973"},{"taxonomy":"product_tag","embeddable":true,"href":"https:\/\/saiga.es\/fr\/wp-json\/wp\/v2\/product_tag?post=15973"}],"curies":[{"name":"wp","href":"https:\/\/api.w.org\/{rel}","templated":true}]}}