{"id":16000,"date":"2025-08-08T12:56:00","date_gmt":"2025-08-08T12:56:00","guid":{"rendered":"https:\/\/botiga.saiga.es\/producte\/chaussures-dune-s-mesh-orange-kapriol\/"},"modified":"2025-08-08T12:56:00","modified_gmt":"2025-08-08T12:56:00","slug":"chaussures-dune-s-mesh-orange-kapriol","status":"publish","type":"product","link":"https:\/\/saiga.es\/fr\/produit\/chaussures-dune-s-mesh-orange-kapriol\/","title":{"rendered":"Chaussures Dune S-Mesh Orange Kapriol"},"content":{"rendered":"<p>Les chaussures Dune S-Mesh Orange Kapriol font partie de la nouvelle gamme de chaussures de travail Ultra Rebound Technology. Con\u00e7ues pour offrir s\u00e9curit\u00e9, confort et r\u00e9sistance dans les environnements exigeants, elles sont dot\u00e9es d&rsquo;une tige en mesh technique avec renforts en TPU. Cette conception garantit flexibilit\u00e9, respirabilit\u00e9 et r\u00e9sistance aux temp\u00e9ratures \u00e9lev\u00e9es. Elles sont conformes \u00e0 la norme EN ISO 20345:2022 et \u00e0 la cat\u00e9gorie S3S-FO-SR. Elles sont \u00e9galement certifi\u00e9es HRO, ce qui leur permet de travailler dans des environnements allant jusqu&rsquo;\u00e0 300 \u00b0C pendant 60 secondes.     <\/p>\n<p>La semelle interm\u00e9diaire NHP Ultra Rebound en EVA et nylon haute performance offre un amorti et un effet \u00e9lastique sup\u00e9rieurs. Elle r\u00e9duit la fatigue et prot\u00e8ge les articulations et les muscles lors d&rsquo;une utilisation prolong\u00e9e. <\/p>\n<p>La semelle int\u00e9rieure NHP Tech et la semelle anti-perforation High Flex PS offrent plus de s\u00e9curit\u00e9 sans sacrifier la l\u00e9g\u00e8ret\u00e9. Le poids est de seulement 480 g (pointure 42). <\/p>\n<p>D\u00e9tails con\u00e7us pour le professionnel :<\/p>\n<ul>\n<li>Talon, cheville et languette rembourr\u00e9s pour plus de confort.<\/li>\n<li>Embout en fibre de carbone ultral\u00e9ger avec renfort avant en caoutchouc pour plus de durabilit\u00e9.<\/li>\n<li>Semelle antid\u00e9rapante et r\u00e9sistante aux hydrocarbures pour une s\u00e9curit\u00e9 sur les surfaces difficiles.<\/li>\n<\/ul>\n<p>Ce mod\u00e8le est id\u00e9al pour les professionnels en qu\u00eate de performances techniques, de s\u00e9curit\u00e9 certifi\u00e9e et de confort durable. Le tout dans une chaussure de travail moderne, r\u00e9sistante et l\u00e9g\u00e8re. <\/p>\n","protected":false},"excerpt":{"rendered":"<p>Les chaussures Dune S-Mesh Orange de Kapriol font partie de la nouvelle ligne de chaussures de travail Ultra Rebound Technology con\u00e7ue pour offrir la s\u00e9curit\u00e9<\/p>\n","protected":false},"featured_media":15991,"comment_status":"open","ping_status":"closed","template":"","meta":[],"product_brand":[],"product_cat":[1284],"product_tag":[],"class_list":{"0":"post-16000","1":"product","2":"type-product","3":"status-publish","4":"has-post-thumbnail","6":"product_cat-chaussures-de-travail","8":"first","9":"instock","10":"taxable","11":"shipping-taxable","12":"purchasable","13":"product-type-variable"},"yoast_head":"<!-- This site is optimized with the Yoast SEO plugin v27.4 - https:\/\/yoast.com\/product\/yoast-seo-wordpress\/ -->\n<title>Chaussures Dune S-Mesh Orange Kapriol | SAIGA<\/title>\n<meta name=\"description\" content=\"Les chaussures Dune S-Mesh Orange de Kapriol font partie de la nouvelle gamme de chaussures de travail Ultra Rebound Technology con\u00e7ues pour offrir la s\u00e9curit\u00e9.\" \/>\n<meta name=\"robots\" content=\"index, follow, max-snippet:-1, max-image-preview:large, max-video-preview:-1\" \/>\n<link rel=\"canonical\" href=\"https:\/\/saiga.es\/fr\/produit\/chaussures-dune-s-mesh-orange-kapriol\/\" \/>\n<meta property=\"og:locale\" content=\"fr_FR\" \/>\n<meta property=\"og:type\" content=\"article\" \/>\n<meta property=\"og:title\" content=\"Chaussures Dune S-Mesh Orange Kapriol | SAIGA\" \/>\n<meta property=\"og:description\" content=\"Les chaussures Dune S-Mesh Orange de Kapriol font partie de la nouvelle gamme de chaussures de travail Ultra Rebound Technology con\u00e7ues pour offrir la s\u00e9curit\u00e9.\" \/>\n<meta property=\"og:url\" content=\"https:\/\/saiga.es\/fr\/produit\/chaussures-dune-s-mesh-orange-kapriol\/\" \/>\n<meta property=\"og:site_name\" content=\"SAIGA\" \/>\n<meta property=\"og:image\" content=\"https:\/\/saiga.es\/wp-content\/uploads\/2025\/08\/Sabates-Dune-S-Mesh-Taronja.jpg\" \/>\n\t<meta property=\"og:image:width\" content=\"1080\" \/>\n\t<meta property=\"og:image:height\" content=\"1080\" \/>\n\t<meta property=\"og:image:type\" content=\"image\/jpeg\" \/>\n<meta name=\"twitter:card\" content=\"summary_large_image\" \/>\n<meta name=\"twitter:site\" content=\"@saiga_agro\" \/>\n<meta name=\"twitter:label1\" content=\"Dur\u00e9e de lecture estim\u00e9e\" \/>\n\t<meta name=\"twitter:data1\" content=\"1 minute\" \/>\n<script type=\"application\/ld+json\" class=\"yoast-schema-graph\">{\"@context\":\"https:\\\/\\\/schema.org\",\"@graph\":[{\"@type\":\"WebPage\",\"@id\":\"https:\\\/\\\/saiga.es\\\/fr\\\/produit\\\/chaussures-dune-s-mesh-orange-kapriol\\\/\",\"url\":\"https:\\\/\\\/saiga.es\\\/fr\\\/produit\\\/chaussures-dune-s-mesh-orange-kapriol\\\/\",\"name\":\"Chaussures Dune S-Mesh Orange Kapriol | SAIGA\",\"isPartOf\":{\"@id\":\"https:\\\/\\\/saiga.es\\\/fr\\\/#website\"},\"primaryImageOfPage\":{\"@id\":\"https:\\\/\\\/saiga.es\\\/fr\\\/produit\\\/chaussures-dune-s-mesh-orange-kapriol\\\/#primaryimage\"},\"image\":{\"@id\":\"https:\\\/\\\/saiga.es\\\/fr\\\/produit\\\/chaussures-dune-s-mesh-orange-kapriol\\\/#primaryimage\"},\"thumbnailUrl\":\"https:\\\/\\\/saiga.es\\\/wp-content\\\/uploads\\\/2025\\\/08\\\/Sabates-Dune-S-Mesh-Taronja.jpg\",\"datePublished\":\"2025-08-08T12:56:00+00:00\",\"description\":\"Les chaussures Dune S-Mesh Orange de Kapriol font partie de la nouvelle gamme de chaussures de travail Ultra Rebound Technology con\u00e7ues pour offrir la s\u00e9curit\u00e9.\",\"breadcrumb\":{\"@id\":\"https:\\\/\\\/saiga.es\\\/fr\\\/produit\\\/chaussures-dune-s-mesh-orange-kapriol\\\/#breadcrumb\"},\"inLanguage\":\"fr-FR\",\"potentialAction\":[{\"@type\":\"ReadAction\",\"target\":[\"https:\\\/\\\/saiga.es\\\/fr\\\/produit\\\/chaussures-dune-s-mesh-orange-kapriol\\\/\"]}]},{\"@type\":\"ImageObject\",\"inLanguage\":\"fr-FR\",\"@id\":\"https:\\\/\\\/saiga.es\\\/fr\\\/produit\\\/chaussures-dune-s-mesh-orange-kapriol\\\/#primaryimage\",\"url\":\"https:\\\/\\\/saiga.es\\\/wp-content\\\/uploads\\\/2025\\\/08\\\/Sabates-Dune-S-Mesh-Taronja.jpg\",\"contentUrl\":\"https:\\\/\\\/saiga.es\\\/wp-content\\\/uploads\\\/2025\\\/08\\\/Sabates-Dune-S-Mesh-Taronja.jpg\",\"width\":1080,\"height\":1080,\"caption\":\"Chaussures orange en maille S\"},{\"@type\":\"BreadcrumbList\",\"@id\":\"https:\\\/\\\/saiga.es\\\/fr\\\/produit\\\/chaussures-dune-s-mesh-orange-kapriol\\\/#breadcrumb\",\"itemListElement\":[{\"@type\":\"ListItem\",\"position\":1,\"name\":\"Inici\",\"item\":\"https:\\\/\\\/saiga.es\\\/fr\\\/\"},{\"@type\":\"ListItem\",\"position\":2,\"name\":\"boutique\",\"item\":\"https:\\\/\\\/saiga.es\\\/fr\\\/boutique\\\/\"},{\"@type\":\"ListItem\",\"position\":3,\"name\":\"Chaussures Dune S-Mesh Orange Kapriol\"}]},{\"@type\":\"WebSite\",\"@id\":\"https:\\\/\\\/saiga.es\\\/fr\\\/#website\",\"url\":\"https:\\\/\\\/saiga.es\\\/fr\\\/\",\"name\":\"SAIGA\",\"description\":\"M\u00e9s de 50 anys al servei de la terra i treballant per a un \u00fas eficient de l\u2019aigua!\",\"publisher\":{\"@id\":\"https:\\\/\\\/saiga.es\\\/fr\\\/#organization\"},\"potentialAction\":[{\"@type\":\"SearchAction\",\"target\":{\"@type\":\"EntryPoint\",\"urlTemplate\":\"https:\\\/\\\/saiga.es\\\/fr\\\/?s={search_term_string}\"},\"query-input\":{\"@type\":\"PropertyValueSpecification\",\"valueRequired\":true,\"valueName\":\"search_term_string\"}}],\"inLanguage\":\"fr-FR\"},{\"@type\":\"Organization\",\"@id\":\"https:\\\/\\\/saiga.es\\\/fr\\\/#organization\",\"name\":\"SAIGA\",\"url\":\"https:\\\/\\\/saiga.es\\\/fr\\\/\",\"logo\":{\"@type\":\"ImageObject\",\"inLanguage\":\"fr-FR\",\"@id\":\"https:\\\/\\\/saiga.es\\\/fr\\\/#\\\/schema\\\/logo\\\/image\\\/\",\"url\":\"https:\\\/\\\/saiga.es\\\/wp-content\\\/uploads\\\/2025\\\/07\\\/logo_saiga_baseline_optimitzat.svg\",\"contentUrl\":\"https:\\\/\\\/saiga.es\\\/wp-content\\\/uploads\\\/2025\\\/07\\\/logo_saiga_baseline_optimitzat.svg\",\"caption\":\"SAIGA\"},\"image\":{\"@id\":\"https:\\\/\\\/saiga.es\\\/fr\\\/#\\\/schema\\\/logo\\\/image\\\/\"},\"sameAs\":[\"https:\\\/\\\/x.com\\\/saiga_agro\",\"https:\\\/\\\/www.instagram.com\\\/saiga_agro\\\/\"]}]}<\/script>\n<!-- \/ Yoast SEO plugin. -->","yoast_head_json":{"title":"Chaussures Dune S-Mesh Orange Kapriol | SAIGA","description":"Les chaussures Dune S-Mesh Orange de Kapriol font partie de la nouvelle gamme de chaussures de travail Ultra Rebound Technology con\u00e7ues pour offrir la s\u00e9curit\u00e9.","robots":{"index":"index","follow":"follow","max-snippet":"max-snippet:-1","max-image-preview":"max-image-preview:large","max-video-preview":"max-video-preview:-1"},"canonical":"https:\/\/saiga.es\/fr\/produit\/chaussures-dune-s-mesh-orange-kapriol\/","og_locale":"fr_FR","og_type":"article","og_title":"Chaussures Dune S-Mesh Orange Kapriol | SAIGA","og_description":"Les chaussures Dune S-Mesh Orange de Kapriol font partie de la nouvelle gamme de chaussures de travail Ultra Rebound Technology con\u00e7ues pour offrir la s\u00e9curit\u00e9.","og_url":"https:\/\/saiga.es\/fr\/produit\/chaussures-dune-s-mesh-orange-kapriol\/","og_site_name":"SAIGA","og_image":[{"width":1080,"height":1080,"url":"https:\/\/saiga.es\/wp-content\/uploads\/2025\/08\/Sabates-Dune-S-Mesh-Taronja.jpg","type":"image\/jpeg"}],"twitter_card":"summary_large_image","twitter_site":"@saiga_agro","twitter_misc":{"Dur\u00e9e de lecture estim\u00e9e":"1 minute"},"schema":{"@context":"https:\/\/schema.org","@graph":[{"@type":"WebPage","@id":"https:\/\/saiga.es\/fr\/produit\/chaussures-dune-s-mesh-orange-kapriol\/","url":"https:\/\/saiga.es\/fr\/produit\/chaussures-dune-s-mesh-orange-kapriol\/","name":"Chaussures Dune S-Mesh Orange Kapriol | SAIGA","isPartOf":{"@id":"https:\/\/saiga.es\/fr\/#website"},"primaryImageOfPage":{"@id":"https:\/\/saiga.es\/fr\/produit\/chaussures-dune-s-mesh-orange-kapriol\/#primaryimage"},"image":{"@id":"https:\/\/saiga.es\/fr\/produit\/chaussures-dune-s-mesh-orange-kapriol\/#primaryimage"},"thumbnailUrl":"https:\/\/saiga.es\/wp-content\/uploads\/2025\/08\/Sabates-Dune-S-Mesh-Taronja.jpg","datePublished":"2025-08-08T12:56:00+00:00","description":"Les chaussures Dune S-Mesh Orange de Kapriol font partie de la nouvelle gamme de chaussures de travail Ultra Rebound Technology con\u00e7ues pour offrir la s\u00e9curit\u00e9.","breadcrumb":{"@id":"https:\/\/saiga.es\/fr\/produit\/chaussures-dune-s-mesh-orange-kapriol\/#breadcrumb"},"inLanguage":"fr-FR","potentialAction":[{"@type":"ReadAction","target":["https:\/\/saiga.es\/fr\/produit\/chaussures-dune-s-mesh-orange-kapriol\/"]}]},{"@type":"ImageObject","inLanguage":"fr-FR","@id":"https:\/\/saiga.es\/fr\/produit\/chaussures-dune-s-mesh-orange-kapriol\/#primaryimage","url":"https:\/\/saiga.es\/wp-content\/uploads\/2025\/08\/Sabates-Dune-S-Mesh-Taronja.jpg","contentUrl":"https:\/\/saiga.es\/wp-content\/uploads\/2025\/08\/Sabates-Dune-S-Mesh-Taronja.jpg","width":1080,"height":1080,"caption":"Chaussures orange en maille S"},{"@type":"BreadcrumbList","@id":"https:\/\/saiga.es\/fr\/produit\/chaussures-dune-s-mesh-orange-kapriol\/#breadcrumb","itemListElement":[{"@type":"ListItem","position":1,"name":"Inici","item":"https:\/\/saiga.es\/fr\/"},{"@type":"ListItem","position":2,"name":"boutique","item":"https:\/\/saiga.es\/fr\/boutique\/"},{"@type":"ListItem","position":3,"name":"Chaussures Dune S-Mesh Orange Kapriol"}]},{"@type":"WebSite","@id":"https:\/\/saiga.es\/fr\/#website","url":"https:\/\/saiga.es\/fr\/","name":"SAIGA","description":"M\u00e9s de 50 anys al servei de la terra i treballant per a un \u00fas eficient de l\u2019aigua!","publisher":{"@id":"https:\/\/saiga.es\/fr\/#organization"},"potentialAction":[{"@type":"SearchAction","target":{"@type":"EntryPoint","urlTemplate":"https:\/\/saiga.es\/fr\/?s={search_term_string}"},"query-input":{"@type":"PropertyValueSpecification","valueRequired":true,"valueName":"search_term_string"}}],"inLanguage":"fr-FR"},{"@type":"Organization","@id":"https:\/\/saiga.es\/fr\/#organization","name":"SAIGA","url":"https:\/\/saiga.es\/fr\/","logo":{"@type":"ImageObject","inLanguage":"fr-FR","@id":"https:\/\/saiga.es\/fr\/#\/schema\/logo\/image\/","url":"https:\/\/saiga.es\/wp-content\/uploads\/2025\/07\/logo_saiga_baseline_optimitzat.svg","contentUrl":"https:\/\/saiga.es\/wp-content\/uploads\/2025\/07\/logo_saiga_baseline_optimitzat.svg","caption":"SAIGA"},"image":{"@id":"https:\/\/saiga.es\/fr\/#\/schema\/logo\/image\/"},"sameAs":["https:\/\/x.com\/saiga_agro","https:\/\/www.instagram.com\/saiga_agro\/"]}]}},"_links":{"self":[{"href":"https:\/\/saiga.es\/fr\/wp-json\/wp\/v2\/product\/16000","targetHints":{"allow":["GET"]}}],"collection":[{"href":"https:\/\/saiga.es\/fr\/wp-json\/wp\/v2\/product"}],"about":[{"href":"https:\/\/saiga.es\/fr\/wp-json\/wp\/v2\/types\/product"}],"replies":[{"embeddable":true,"href":"https:\/\/saiga.es\/fr\/wp-json\/wp\/v2\/comments?post=16000"}],"wp:featuredmedia":[{"embeddable":true,"href":"https:\/\/saiga.es\/fr\/wp-json\/wp\/v2\/media\/15991"}],"wp:attachment":[{"href":"https:\/\/saiga.es\/fr\/wp-json\/wp\/v2\/media?parent=16000"}],"wp:term":[{"taxonomy":"product_brand","embeddable":true,"href":"https:\/\/saiga.es\/fr\/wp-json\/wp\/v2\/product_brand?post=16000"},{"taxonomy":"product_cat","embeddable":true,"href":"https:\/\/saiga.es\/fr\/wp-json\/wp\/v2\/product_cat?post=16000"},{"taxonomy":"product_tag","embeddable":true,"href":"https:\/\/saiga.es\/fr\/wp-json\/wp\/v2\/product_tag?post=16000"}],"curies":[{"name":"wp","href":"https:\/\/api.w.org\/{rel}","templated":true}]}}