{"id":16150,"date":"2025-08-13T09:09:29","date_gmt":"2025-08-13T09:09:29","guid":{"rendered":"https:\/\/botiga.saiga.es\/producte\/manchon-en-laiton-f-f\/"},"modified":"2025-08-13T09:09:29","modified_gmt":"2025-08-13T09:09:29","slug":"manchon-en-laiton-f-f","status":"publish","type":"product","link":"https:\/\/saiga.es\/fr\/produit\/manchon-en-laiton-f-f\/","title":{"rendered":"Manchon en laiton F F"},"content":{"rendered":"<p data-start=\"95\" data-end=\"433\">Manchon femelle-femelle en laiton (F F)<br data-start=\"133\" data-end=\"136\">Le manchon femelle-femelle en laiton est un raccord robuste et fiable, con\u00e7u pour relier deux sections de tuyaux ou de raccords \u00e0 filetage m\u00e2le de mani\u00e8re simple et s\u00fbre. Son corps compact et r\u00e9sistant permet des installations propres et durables, avec un ajustement parfait qui pr\u00e9vient les fuites. <\/p>\n<p data-start=\"435\" data-end=\"648\">Fabriqu\u00e9 en laiton massif de haute qualit\u00e9, ce manchon offre une excellente r\u00e9sistance \u00e0 la corrosion et \u00e0 une utilisation continue, \u00e9tant adapt\u00e9 aux syst\u00e8mes d&rsquo;eau froide, d&rsquo;eau chaude et d&rsquo;autres fluides non corrosifs.<\/p>\n<p data-start=\"650\" data-end=\"679\">Principales applications :<\/p>\n<ul data-start=\"680\" data-end=\"854\">\n<li data-start=\"680\" data-end=\"749\">\n<p data-start=\"682\" data-end=\"749\">Raccordements dans les installations de plomberie domestiques et industrielles<\/p>\n<\/li>\n<li data-start=\"750\" data-end=\"791\">\n<p data-start=\"752\" data-end=\"791\">Syst\u00e8mes de chauffage et de refroidissement<\/p>\n<\/li>\n<li data-start=\"792\" data-end=\"820\">\n<p data-start=\"794\" data-end=\"820\">Circuits d&rsquo;eau potable<\/p>\n<\/li>\n<li data-start=\"821\" data-end=\"854\">\n<p data-start=\"823\" data-end=\"854\">R\u00e9seaux de fluides non corrosifs<\/p>\n<\/li>\n<\/ul>\n","protected":false},"excerpt":{"rendered":"<p>Manchon femelle-femelle en laiton (F F)Le manchon femelle-femelle en laiton est un raccord robuste et fiable, con\u00e7u pour relier deux sections de tuyaux ou de raccords \u00e0 filetage m\u00e2le de mani\u00e8re simple et s\u00fbre. Son corps compact et r\u00e9sistant permet des installations propres et durables, avec un ajustement parfait qui pr\u00e9vient les fuites. Fabriqu\u00e9 en&#8230;<\/p>\n","protected":false},"featured_media":16139,"comment_status":"open","ping_status":"closed","template":"","meta":[],"product_brand":[],"product_cat":[2285],"product_tag":[],"class_list":{"0":"post-16150","1":"product","2":"type-product","3":"status-publish","4":"has-post-thumbnail","6":"product_cat-accessoires-en-laiton","8":"first","9":"instock","10":"taxable","11":"shipping-taxable","12":"purchasable","13":"product-type-variable"},"yoast_head":"<!-- This site is optimized with the Yoast SEO plugin v27.4 - https:\/\/yoast.com\/product\/yoast-seo-wordpress\/ -->\n<title>Manchon en laiton F F | SAIGA<\/title>\n<meta name=\"description\" content=\"Le manchon en laiton F est un raccord de connexion robuste et fiable, con\u00e7u pour joindre deux sections de tuyaux ou de raccords avec filetage m\u00e2le de mani\u00e8re simple et s\u00fbre.\" \/>\n<meta name=\"robots\" content=\"index, follow, max-snippet:-1, max-image-preview:large, max-video-preview:-1\" \/>\n<link rel=\"canonical\" href=\"https:\/\/saiga.es\/fr\/produit\/manchon-en-laiton-f-f\/\" \/>\n<meta property=\"og:locale\" content=\"fr_FR\" \/>\n<meta property=\"og:type\" content=\"article\" \/>\n<meta property=\"og:title\" content=\"Manchon en laiton F F | SAIGA\" \/>\n<meta property=\"og:description\" content=\"Le manchon en laiton F est un raccord de connexion robuste et fiable, con\u00e7u pour joindre deux sections de tuyaux ou de raccords avec filetage m\u00e2le de mani\u00e8re simple et s\u00fbre.\" \/>\n<meta property=\"og:url\" content=\"https:\/\/saiga.es\/fr\/produit\/manchon-en-laiton-f-f\/\" \/>\n<meta property=\"og:site_name\" content=\"SAIGA\" \/>\n<meta property=\"og:image\" content=\"https:\/\/saiga.es\/wp-content\/uploads\/2025\/08\/Maneguet-llauto-M-M.jpg\" \/>\n\t<meta property=\"og:image:width\" content=\"1080\" \/>\n\t<meta property=\"og:image:height\" content=\"1080\" \/>\n\t<meta property=\"og:image:type\" content=\"image\/jpeg\" \/>\n<meta name=\"twitter:card\" content=\"summary_large_image\" \/>\n<meta name=\"twitter:site\" content=\"@saiga_agro\" \/>\n<meta name=\"twitter:label1\" content=\"Dur\u00e9e de lecture estim\u00e9e\" \/>\n\t<meta name=\"twitter:data1\" content=\"1 minute\" \/>\n<script type=\"application\/ld+json\" class=\"yoast-schema-graph\">{\"@context\":\"https:\\\/\\\/schema.org\",\"@graph\":[{\"@type\":\"WebPage\",\"@id\":\"https:\\\/\\\/saiga.es\\\/fr\\\/produit\\\/manchon-en-laiton-f-f\\\/\",\"url\":\"https:\\\/\\\/saiga.es\\\/fr\\\/produit\\\/manchon-en-laiton-f-f\\\/\",\"name\":\"Manchon en laiton F F | SAIGA\",\"isPartOf\":{\"@id\":\"https:\\\/\\\/saiga.es\\\/fr\\\/#website\"},\"primaryImageOfPage\":{\"@id\":\"https:\\\/\\\/saiga.es\\\/fr\\\/produit\\\/manchon-en-laiton-f-f\\\/#primaryimage\"},\"image\":{\"@id\":\"https:\\\/\\\/saiga.es\\\/fr\\\/produit\\\/manchon-en-laiton-f-f\\\/#primaryimage\"},\"thumbnailUrl\":\"https:\\\/\\\/saiga.es\\\/wp-content\\\/uploads\\\/2025\\\/08\\\/Maneguet-llauto-M-M.jpg\",\"datePublished\":\"2025-08-13T09:09:29+00:00\",\"description\":\"Le manchon en laiton F est un raccord de connexion robuste et fiable, con\u00e7u pour joindre deux sections de tuyaux ou de raccords avec filetage m\u00e2le de mani\u00e8re simple et s\u00fbre.\",\"breadcrumb\":{\"@id\":\"https:\\\/\\\/saiga.es\\\/fr\\\/produit\\\/manchon-en-laiton-f-f\\\/#breadcrumb\"},\"inLanguage\":\"fr-FR\",\"potentialAction\":[{\"@type\":\"ReadAction\",\"target\":[\"https:\\\/\\\/saiga.es\\\/fr\\\/produit\\\/manchon-en-laiton-f-f\\\/\"]}]},{\"@type\":\"ImageObject\",\"inLanguage\":\"fr-FR\",\"@id\":\"https:\\\/\\\/saiga.es\\\/fr\\\/produit\\\/manchon-en-laiton-f-f\\\/#primaryimage\",\"url\":\"https:\\\/\\\/saiga.es\\\/wp-content\\\/uploads\\\/2025\\\/08\\\/Maneguet-llauto-M-M.jpg\",\"contentUrl\":\"https:\\\/\\\/saiga.es\\\/wp-content\\\/uploads\\\/2025\\\/08\\\/Maneguet-llauto-M-M.jpg\",\"width\":1080,\"height\":1080,\"caption\":\"Manchon en laiton\"},{\"@type\":\"BreadcrumbList\",\"@id\":\"https:\\\/\\\/saiga.es\\\/fr\\\/produit\\\/manchon-en-laiton-f-f\\\/#breadcrumb\",\"itemListElement\":[{\"@type\":\"ListItem\",\"position\":1,\"name\":\"Inici\",\"item\":\"https:\\\/\\\/saiga.es\\\/fr\\\/\"},{\"@type\":\"ListItem\",\"position\":2,\"name\":\"boutique\",\"item\":\"https:\\\/\\\/saiga.es\\\/fr\\\/boutique\\\/\"},{\"@type\":\"ListItem\",\"position\":3,\"name\":\"Manchon en laiton F F\"}]},{\"@type\":\"WebSite\",\"@id\":\"https:\\\/\\\/saiga.es\\\/fr\\\/#website\",\"url\":\"https:\\\/\\\/saiga.es\\\/fr\\\/\",\"name\":\"SAIGA\",\"description\":\"M\u00e9s de 50 anys al servei de la terra i treballant per a un \u00fas eficient de l\u2019aigua!\",\"publisher\":{\"@id\":\"https:\\\/\\\/saiga.es\\\/fr\\\/#organization\"},\"potentialAction\":[{\"@type\":\"SearchAction\",\"target\":{\"@type\":\"EntryPoint\",\"urlTemplate\":\"https:\\\/\\\/saiga.es\\\/fr\\\/?s={search_term_string}\"},\"query-input\":{\"@type\":\"PropertyValueSpecification\",\"valueRequired\":true,\"valueName\":\"search_term_string\"}}],\"inLanguage\":\"fr-FR\"},{\"@type\":\"Organization\",\"@id\":\"https:\\\/\\\/saiga.es\\\/fr\\\/#organization\",\"name\":\"SAIGA\",\"url\":\"https:\\\/\\\/saiga.es\\\/fr\\\/\",\"logo\":{\"@type\":\"ImageObject\",\"inLanguage\":\"fr-FR\",\"@id\":\"https:\\\/\\\/saiga.es\\\/fr\\\/#\\\/schema\\\/logo\\\/image\\\/\",\"url\":\"https:\\\/\\\/saiga.es\\\/wp-content\\\/uploads\\\/2025\\\/07\\\/logo_saiga_baseline_optimitzat.svg\",\"contentUrl\":\"https:\\\/\\\/saiga.es\\\/wp-content\\\/uploads\\\/2025\\\/07\\\/logo_saiga_baseline_optimitzat.svg\",\"caption\":\"SAIGA\"},\"image\":{\"@id\":\"https:\\\/\\\/saiga.es\\\/fr\\\/#\\\/schema\\\/logo\\\/image\\\/\"},\"sameAs\":[\"https:\\\/\\\/x.com\\\/saiga_agro\",\"https:\\\/\\\/www.instagram.com\\\/saiga_agro\\\/\"]}]}<\/script>\n<!-- \/ Yoast SEO plugin. -->","yoast_head_json":{"title":"Manchon en laiton F F | SAIGA","description":"Le manchon en laiton F est un raccord de connexion robuste et fiable, con\u00e7u pour joindre deux sections de tuyaux ou de raccords avec filetage m\u00e2le de mani\u00e8re simple et s\u00fbre.","robots":{"index":"index","follow":"follow","max-snippet":"max-snippet:-1","max-image-preview":"max-image-preview:large","max-video-preview":"max-video-preview:-1"},"canonical":"https:\/\/saiga.es\/fr\/produit\/manchon-en-laiton-f-f\/","og_locale":"fr_FR","og_type":"article","og_title":"Manchon en laiton F F | SAIGA","og_description":"Le manchon en laiton F est un raccord de connexion robuste et fiable, con\u00e7u pour joindre deux sections de tuyaux ou de raccords avec filetage m\u00e2le de mani\u00e8re simple et s\u00fbre.","og_url":"https:\/\/saiga.es\/fr\/produit\/manchon-en-laiton-f-f\/","og_site_name":"SAIGA","og_image":[{"width":1080,"height":1080,"url":"https:\/\/saiga.es\/wp-content\/uploads\/2025\/08\/Maneguet-llauto-M-M.jpg","type":"image\/jpeg"}],"twitter_card":"summary_large_image","twitter_site":"@saiga_agro","twitter_misc":{"Dur\u00e9e de lecture estim\u00e9e":"1 minute"},"schema":{"@context":"https:\/\/schema.org","@graph":[{"@type":"WebPage","@id":"https:\/\/saiga.es\/fr\/produit\/manchon-en-laiton-f-f\/","url":"https:\/\/saiga.es\/fr\/produit\/manchon-en-laiton-f-f\/","name":"Manchon en laiton F F | SAIGA","isPartOf":{"@id":"https:\/\/saiga.es\/fr\/#website"},"primaryImageOfPage":{"@id":"https:\/\/saiga.es\/fr\/produit\/manchon-en-laiton-f-f\/#primaryimage"},"image":{"@id":"https:\/\/saiga.es\/fr\/produit\/manchon-en-laiton-f-f\/#primaryimage"},"thumbnailUrl":"https:\/\/saiga.es\/wp-content\/uploads\/2025\/08\/Maneguet-llauto-M-M.jpg","datePublished":"2025-08-13T09:09:29+00:00","description":"Le manchon en laiton F est un raccord de connexion robuste et fiable, con\u00e7u pour joindre deux sections de tuyaux ou de raccords avec filetage m\u00e2le de mani\u00e8re simple et s\u00fbre.","breadcrumb":{"@id":"https:\/\/saiga.es\/fr\/produit\/manchon-en-laiton-f-f\/#breadcrumb"},"inLanguage":"fr-FR","potentialAction":[{"@type":"ReadAction","target":["https:\/\/saiga.es\/fr\/produit\/manchon-en-laiton-f-f\/"]}]},{"@type":"ImageObject","inLanguage":"fr-FR","@id":"https:\/\/saiga.es\/fr\/produit\/manchon-en-laiton-f-f\/#primaryimage","url":"https:\/\/saiga.es\/wp-content\/uploads\/2025\/08\/Maneguet-llauto-M-M.jpg","contentUrl":"https:\/\/saiga.es\/wp-content\/uploads\/2025\/08\/Maneguet-llauto-M-M.jpg","width":1080,"height":1080,"caption":"Manchon en laiton"},{"@type":"BreadcrumbList","@id":"https:\/\/saiga.es\/fr\/produit\/manchon-en-laiton-f-f\/#breadcrumb","itemListElement":[{"@type":"ListItem","position":1,"name":"Inici","item":"https:\/\/saiga.es\/fr\/"},{"@type":"ListItem","position":2,"name":"boutique","item":"https:\/\/saiga.es\/fr\/boutique\/"},{"@type":"ListItem","position":3,"name":"Manchon en laiton F F"}]},{"@type":"WebSite","@id":"https:\/\/saiga.es\/fr\/#website","url":"https:\/\/saiga.es\/fr\/","name":"SAIGA","description":"M\u00e9s de 50 anys al servei de la terra i treballant per a un \u00fas eficient de l\u2019aigua!","publisher":{"@id":"https:\/\/saiga.es\/fr\/#organization"},"potentialAction":[{"@type":"SearchAction","target":{"@type":"EntryPoint","urlTemplate":"https:\/\/saiga.es\/fr\/?s={search_term_string}"},"query-input":{"@type":"PropertyValueSpecification","valueRequired":true,"valueName":"search_term_string"}}],"inLanguage":"fr-FR"},{"@type":"Organization","@id":"https:\/\/saiga.es\/fr\/#organization","name":"SAIGA","url":"https:\/\/saiga.es\/fr\/","logo":{"@type":"ImageObject","inLanguage":"fr-FR","@id":"https:\/\/saiga.es\/fr\/#\/schema\/logo\/image\/","url":"https:\/\/saiga.es\/wp-content\/uploads\/2025\/07\/logo_saiga_baseline_optimitzat.svg","contentUrl":"https:\/\/saiga.es\/wp-content\/uploads\/2025\/07\/logo_saiga_baseline_optimitzat.svg","caption":"SAIGA"},"image":{"@id":"https:\/\/saiga.es\/fr\/#\/schema\/logo\/image\/"},"sameAs":["https:\/\/x.com\/saiga_agro","https:\/\/www.instagram.com\/saiga_agro\/"]}]}},"_links":{"self":[{"href":"https:\/\/saiga.es\/fr\/wp-json\/wp\/v2\/product\/16150","targetHints":{"allow":["GET"]}}],"collection":[{"href":"https:\/\/saiga.es\/fr\/wp-json\/wp\/v2\/product"}],"about":[{"href":"https:\/\/saiga.es\/fr\/wp-json\/wp\/v2\/types\/product"}],"replies":[{"embeddable":true,"href":"https:\/\/saiga.es\/fr\/wp-json\/wp\/v2\/comments?post=16150"}],"wp:featuredmedia":[{"embeddable":true,"href":"https:\/\/saiga.es\/fr\/wp-json\/wp\/v2\/media\/16139"}],"wp:attachment":[{"href":"https:\/\/saiga.es\/fr\/wp-json\/wp\/v2\/media?parent=16150"}],"wp:term":[{"taxonomy":"product_brand","embeddable":true,"href":"https:\/\/saiga.es\/fr\/wp-json\/wp\/v2\/product_brand?post=16150"},{"taxonomy":"product_cat","embeddable":true,"href":"https:\/\/saiga.es\/fr\/wp-json\/wp\/v2\/product_cat?post=16150"},{"taxonomy":"product_tag","embeddable":true,"href":"https:\/\/saiga.es\/fr\/wp-json\/wp\/v2\/product_tag?post=16150"}],"curies":[{"name":"wp","href":"https:\/\/api.w.org\/{rel}","templated":true}]}}