{"id":16174,"date":"2025-08-13T09:33:27","date_gmt":"2025-08-13T09:33:27","guid":{"rendered":"https:\/\/botiga.saiga.es\/producte\/drycop-50-df\/"},"modified":"2025-12-10T11:22:42","modified_gmt":"2025-12-10T11:22:42","slug":"drycop-50-df","status":"publish","type":"product","link":"https:\/\/saiga.es\/fr\/produit\/drycop-50-df\/","title":{"rendered":"Drycop 50 DF"},"content":{"rendered":"<p data-start=\"1908\" data-end=\"2204\">DRYCOP 50 DF est un fongicide et bact\u00e9ricide de contact d\u00e9velopp\u00e9 pour prot\u00e9ger les plantes de mani\u00e8re pr\u00e9ventive. Gr\u00e2ce \u00e0 sa formulation en granul\u00e9s dispersibles, il offre une couverture efficace contre un large \u00e9ventail de maladies foliaires, assurant une protection durable et s\u00fbre. <\/p>\n<p data-start=\"2206\" data-end=\"2238\">Principales caract\u00e9ristiques du Drycop 50 DF :<\/p>\n<ul data-start=\"2239\" data-end=\"2664\">\n<li data-start=\"2239\" data-end=\"2297\">\n<p data-start=\"2241\" data-end=\"2297\">Ingr\u00e9dient actif : Oxychlorure de cuivre 50% (format WG).<\/p>\n<\/li>\n<li data-start=\"2298\" data-end=\"2382\">\n<p data-start=\"2300\" data-end=\"2382\">Action pr\u00e9ventive : Forme une barri\u00e8re protectrice \u00e0 la surface des plantes.<\/p>\n<\/li>\n<li data-start=\"2383\" data-end=\"2497\">\n<p data-start=\"2385\" data-end=\"2497\">Couverture phytosanitaire \u00e9tendue : lutte alternative, mildiou, cercosporiose, moucheture, bosselage et plus encore.<\/p>\n<\/li>\n<li data-start=\"2498\" data-end=\"2579\">\n<p data-start=\"2500\" data-end=\"2579\">Applicable dans : agrumes, arbres fruitiers, horticoles, bois ornementaux et autres.<\/p>\n<\/li>\n<li data-start=\"2580\" data-end=\"2664\">\n<p data-start=\"2582\" data-end=\"2664\">Compatible avec l&rsquo;agriculture biologique et con\u00e7u pour un usage non professionnel.<\/p>\n<\/li>\n<\/ul>\n<p data-start=\"2666\" data-end=\"2693\">Posologie recommand\u00e9e :<\/p>\n<ul data-start=\"2694\" data-end=\"2736\">\n<li data-start=\"2694\" data-end=\"2713\">\n<p data-start=\"2696\" data-end=\"2713\">Hiver : 8 g\/L<\/p>\n<\/li>\n<li data-start=\"2714\" data-end=\"2736\">\n<p data-start=\"2716\" data-end=\"2736\">Printemps : 4 g\/L<\/p>\n<\/li>\n<\/ul>\n<p data-start=\"2738\" data-end=\"2768\">Pr\u00e9sentations disponibles :<\/p>\n<ul data-start=\"2769\" data-end=\"2819\">\n<li data-start=\"2769\" data-end=\"2801\">\n<p data-start=\"2771\" data-end=\"2801\">Sachet de 60 g avec doseur.<\/p>\n<\/li>\n<li data-start=\"2802\" data-end=\"2819\">\n<p data-start=\"2804\" data-end=\"2819\">Sachet de 500 g.<\/p>\n<\/li>\n<\/ul>\n<p data-start=\"2821\" data-end=\"2845\">Avantages pour vous :<\/p>\n<ul data-start=\"2846\" data-end=\"3075\">\n<li data-start=\"2846\" data-end=\"2888\">\n<p data-start=\"2848\" data-end=\"2888\">Protection pr\u00e9ventive et longue dur\u00e9e.<\/p>\n<\/li>\n<li data-start=\"2889\" data-end=\"2952\">\n<p data-start=\"2891\" data-end=\"2952\">Cela \u00e9vite la n\u00e9cessit\u00e9 d\u2019interventions post-infection imm\u00e9diates.<\/p>\n<\/li>\n<li data-start=\"2953\" data-end=\"3012\">\n<p data-start=\"2955\" data-end=\"3012\">Format polyvalent et pratique pour le jardinage et l&rsquo;horticulture.<\/p>\n<\/li>\n<li data-start=\"3013\" data-end=\"3075\">\n<p data-start=\"3015\" data-end=\"3075\">Id\u00e9al pour les petites exploitations, les vergers et les jardins sensibles.<\/p>\n<\/li>\n<\/ul>\n<p data-start=\"3077\" data-end=\"3272\">\u00c9tiquetage et s\u00e9curit\u00e9 :<br \/>\nConsulter la fiche technique pour conna\u00eetre les p\u00e9riodes de s\u00e9curit\u00e9 selon la culture et les conditions d\u2019utilisation. Toujours respecter les consignes de s\u00e9curit\u00e9 pour l\u2019environnement et l\u2019usage personnel. <\/p>\n","protected":false},"excerpt":{"rendered":"<p>DRYCOP 50 DF est un fongicide et bact\u00e9ricide de contact d\u00e9velopp\u00e9 pour prot\u00e9ger les plantes de mani\u00e8re pr\u00e9ventive, avec une formulation granul\u00e9e dispersible.<\/p>\n","protected":false},"featured_media":16177,"comment_status":"closed","ping_status":"closed","template":"","meta":[],"product_brand":[1841],"product_cat":[444],"product_tag":[],"class_list":{"0":"post-16174","1":"product","2":"type-product","3":"status-publish","4":"has-post-thumbnail","6":"product_brand-sipcam","7":"product_cat-fongicides","9":"first","10":"instock","11":"taxable","12":"shipping-taxable","13":"purchasable","14":"product-type-simple"},"yoast_head":"<!-- This site is optimized with the Yoast SEO plugin v27.4 - https:\/\/yoast.com\/product\/yoast-seo-wordpress\/ -->\n<title>Drycop 50 DF | SAIGA<\/title>\n<meta name=\"description\" content=\"DRYCOP 50 DF est un fongicide et bact\u00e9ricide de contact d\u00e9velopp\u00e9 pour prot\u00e9ger les plantes de mani\u00e8re pr\u00e9ventive gr\u00e2ce \u00e0 une formulation granul\u00e9e dispersible.\" \/>\n<meta name=\"robots\" content=\"index, follow, max-snippet:-1, max-image-preview:large, max-video-preview:-1\" \/>\n<link rel=\"canonical\" href=\"https:\/\/saiga.es\/fr\/produit\/drycop-50-df\/\" \/>\n<meta property=\"og:locale\" content=\"fr_FR\" \/>\n<meta property=\"og:type\" content=\"article\" \/>\n<meta property=\"og:title\" content=\"Drycop 50 DF | SAIGA\" \/>\n<meta property=\"og:description\" content=\"DRYCOP 50 DF est un fongicide et bact\u00e9ricide de contact d\u00e9velopp\u00e9 pour prot\u00e9ger les plantes de mani\u00e8re pr\u00e9ventive gr\u00e2ce \u00e0 une formulation granul\u00e9e dispersible.\" \/>\n<meta property=\"og:url\" content=\"https:\/\/saiga.es\/fr\/produit\/drycop-50-df\/\" \/>\n<meta property=\"og:site_name\" content=\"SAIGA\" \/>\n<meta property=\"article:modified_time\" content=\"2025-12-10T11:22:42+00:00\" \/>\n<meta property=\"og:image\" content=\"https:\/\/saiga.es\/wp-content\/uploads\/2025\/08\/Drycop-50-DF.jpg\" \/>\n\t<meta property=\"og:image:width\" content=\"1080\" \/>\n\t<meta property=\"og:image:height\" content=\"1080\" \/>\n\t<meta property=\"og:image:type\" content=\"image\/jpeg\" \/>\n<meta name=\"twitter:card\" content=\"summary_large_image\" \/>\n<meta name=\"twitter:site\" content=\"@saiga_agro\" \/>\n<meta name=\"twitter:label1\" content=\"Dur\u00e9e de lecture estim\u00e9e\" \/>\n\t<meta name=\"twitter:data1\" content=\"1 minute\" \/>\n<script type=\"application\/ld+json\" class=\"yoast-schema-graph\">{\"@context\":\"https:\\\/\\\/schema.org\",\"@graph\":[{\"@type\":\"WebPage\",\"@id\":\"https:\\\/\\\/saiga.es\\\/fr\\\/produit\\\/drycop-50-df\\\/\",\"url\":\"https:\\\/\\\/saiga.es\\\/fr\\\/produit\\\/drycop-50-df\\\/\",\"name\":\"Drycop 50 DF | SAIGA\",\"isPartOf\":{\"@id\":\"https:\\\/\\\/saiga.es\\\/fr\\\/#website\"},\"primaryImageOfPage\":{\"@id\":\"https:\\\/\\\/saiga.es\\\/fr\\\/produit\\\/drycop-50-df\\\/#primaryimage\"},\"image\":{\"@id\":\"https:\\\/\\\/saiga.es\\\/fr\\\/produit\\\/drycop-50-df\\\/#primaryimage\"},\"thumbnailUrl\":\"https:\\\/\\\/saiga.es\\\/wp-content\\\/uploads\\\/2025\\\/08\\\/Drycop-50-DF.jpg\",\"datePublished\":\"2025-08-13T09:33:27+00:00\",\"dateModified\":\"2025-12-10T11:22:42+00:00\",\"description\":\"DRYCOP 50 DF est un fongicide et bact\u00e9ricide de contact d\u00e9velopp\u00e9 pour prot\u00e9ger les plantes de mani\u00e8re pr\u00e9ventive gr\u00e2ce \u00e0 une formulation granul\u00e9e dispersible.\",\"breadcrumb\":{\"@id\":\"https:\\\/\\\/saiga.es\\\/fr\\\/produit\\\/drycop-50-df\\\/#breadcrumb\"},\"inLanguage\":\"fr-FR\",\"potentialAction\":[{\"@type\":\"ReadAction\",\"target\":[\"https:\\\/\\\/saiga.es\\\/fr\\\/produit\\\/drycop-50-df\\\/\"]}]},{\"@type\":\"ImageObject\",\"inLanguage\":\"fr-FR\",\"@id\":\"https:\\\/\\\/saiga.es\\\/fr\\\/produit\\\/drycop-50-df\\\/#primaryimage\",\"url\":\"https:\\\/\\\/saiga.es\\\/wp-content\\\/uploads\\\/2025\\\/08\\\/Drycop-50-DF.jpg\",\"contentUrl\":\"https:\\\/\\\/saiga.es\\\/wp-content\\\/uploads\\\/2025\\\/08\\\/Drycop-50-DF.jpg\",\"width\":1080,\"height\":1080,\"caption\":\"Drycop 50 DF\"},{\"@type\":\"BreadcrumbList\",\"@id\":\"https:\\\/\\\/saiga.es\\\/fr\\\/produit\\\/drycop-50-df\\\/#breadcrumb\",\"itemListElement\":[{\"@type\":\"ListItem\",\"position\":1,\"name\":\"Inici\",\"item\":\"https:\\\/\\\/saiga.es\\\/fr\\\/\"},{\"@type\":\"ListItem\",\"position\":2,\"name\":\"boutique\",\"item\":\"https:\\\/\\\/saiga.es\\\/fr\\\/boutique\\\/\"},{\"@type\":\"ListItem\",\"position\":3,\"name\":\"Drycop 50 DF\"}]},{\"@type\":\"WebSite\",\"@id\":\"https:\\\/\\\/saiga.es\\\/fr\\\/#website\",\"url\":\"https:\\\/\\\/saiga.es\\\/fr\\\/\",\"name\":\"SAIGA\",\"description\":\"M\u00e9s de 50 anys al servei de la terra i treballant per a un \u00fas eficient de l\u2019aigua!\",\"publisher\":{\"@id\":\"https:\\\/\\\/saiga.es\\\/fr\\\/#organization\"},\"potentialAction\":[{\"@type\":\"SearchAction\",\"target\":{\"@type\":\"EntryPoint\",\"urlTemplate\":\"https:\\\/\\\/saiga.es\\\/fr\\\/?s={search_term_string}\"},\"query-input\":{\"@type\":\"PropertyValueSpecification\",\"valueRequired\":true,\"valueName\":\"search_term_string\"}}],\"inLanguage\":\"fr-FR\"},{\"@type\":\"Organization\",\"@id\":\"https:\\\/\\\/saiga.es\\\/fr\\\/#organization\",\"name\":\"SAIGA\",\"url\":\"https:\\\/\\\/saiga.es\\\/fr\\\/\",\"logo\":{\"@type\":\"ImageObject\",\"inLanguage\":\"fr-FR\",\"@id\":\"https:\\\/\\\/saiga.es\\\/fr\\\/#\\\/schema\\\/logo\\\/image\\\/\",\"url\":\"https:\\\/\\\/saiga.es\\\/wp-content\\\/uploads\\\/2025\\\/07\\\/logo_saiga_baseline_optimitzat.svg\",\"contentUrl\":\"https:\\\/\\\/saiga.es\\\/wp-content\\\/uploads\\\/2025\\\/07\\\/logo_saiga_baseline_optimitzat.svg\",\"caption\":\"SAIGA\"},\"image\":{\"@id\":\"https:\\\/\\\/saiga.es\\\/fr\\\/#\\\/schema\\\/logo\\\/image\\\/\"},\"sameAs\":[\"https:\\\/\\\/x.com\\\/saiga_agro\",\"https:\\\/\\\/www.instagram.com\\\/saiga_agro\\\/\"]}]}<\/script>\n<!-- \/ Yoast SEO plugin. -->","yoast_head_json":{"title":"Drycop 50 DF | SAIGA","description":"DRYCOP 50 DF est un fongicide et bact\u00e9ricide de contact d\u00e9velopp\u00e9 pour prot\u00e9ger les plantes de mani\u00e8re pr\u00e9ventive gr\u00e2ce \u00e0 une formulation granul\u00e9e dispersible.","robots":{"index":"index","follow":"follow","max-snippet":"max-snippet:-1","max-image-preview":"max-image-preview:large","max-video-preview":"max-video-preview:-1"},"canonical":"https:\/\/saiga.es\/fr\/produit\/drycop-50-df\/","og_locale":"fr_FR","og_type":"article","og_title":"Drycop 50 DF | SAIGA","og_description":"DRYCOP 50 DF est un fongicide et bact\u00e9ricide de contact d\u00e9velopp\u00e9 pour prot\u00e9ger les plantes de mani\u00e8re pr\u00e9ventive gr\u00e2ce \u00e0 une formulation granul\u00e9e dispersible.","og_url":"https:\/\/saiga.es\/fr\/produit\/drycop-50-df\/","og_site_name":"SAIGA","article_modified_time":"2025-12-10T11:22:42+00:00","og_image":[{"width":1080,"height":1080,"url":"https:\/\/saiga.es\/wp-content\/uploads\/2025\/08\/Drycop-50-DF.jpg","type":"image\/jpeg"}],"twitter_card":"summary_large_image","twitter_site":"@saiga_agro","twitter_misc":{"Dur\u00e9e de lecture estim\u00e9e":"1 minute"},"schema":{"@context":"https:\/\/schema.org","@graph":[{"@type":"WebPage","@id":"https:\/\/saiga.es\/fr\/produit\/drycop-50-df\/","url":"https:\/\/saiga.es\/fr\/produit\/drycop-50-df\/","name":"Drycop 50 DF | SAIGA","isPartOf":{"@id":"https:\/\/saiga.es\/fr\/#website"},"primaryImageOfPage":{"@id":"https:\/\/saiga.es\/fr\/produit\/drycop-50-df\/#primaryimage"},"image":{"@id":"https:\/\/saiga.es\/fr\/produit\/drycop-50-df\/#primaryimage"},"thumbnailUrl":"https:\/\/saiga.es\/wp-content\/uploads\/2025\/08\/Drycop-50-DF.jpg","datePublished":"2025-08-13T09:33:27+00:00","dateModified":"2025-12-10T11:22:42+00:00","description":"DRYCOP 50 DF est un fongicide et bact\u00e9ricide de contact d\u00e9velopp\u00e9 pour prot\u00e9ger les plantes de mani\u00e8re pr\u00e9ventive gr\u00e2ce \u00e0 une formulation granul\u00e9e dispersible.","breadcrumb":{"@id":"https:\/\/saiga.es\/fr\/produit\/drycop-50-df\/#breadcrumb"},"inLanguage":"fr-FR","potentialAction":[{"@type":"ReadAction","target":["https:\/\/saiga.es\/fr\/produit\/drycop-50-df\/"]}]},{"@type":"ImageObject","inLanguage":"fr-FR","@id":"https:\/\/saiga.es\/fr\/produit\/drycop-50-df\/#primaryimage","url":"https:\/\/saiga.es\/wp-content\/uploads\/2025\/08\/Drycop-50-DF.jpg","contentUrl":"https:\/\/saiga.es\/wp-content\/uploads\/2025\/08\/Drycop-50-DF.jpg","width":1080,"height":1080,"caption":"Drycop 50 DF"},{"@type":"BreadcrumbList","@id":"https:\/\/saiga.es\/fr\/produit\/drycop-50-df\/#breadcrumb","itemListElement":[{"@type":"ListItem","position":1,"name":"Inici","item":"https:\/\/saiga.es\/fr\/"},{"@type":"ListItem","position":2,"name":"boutique","item":"https:\/\/saiga.es\/fr\/boutique\/"},{"@type":"ListItem","position":3,"name":"Drycop 50 DF"}]},{"@type":"WebSite","@id":"https:\/\/saiga.es\/fr\/#website","url":"https:\/\/saiga.es\/fr\/","name":"SAIGA","description":"M\u00e9s de 50 anys al servei de la terra i treballant per a un \u00fas eficient de l\u2019aigua!","publisher":{"@id":"https:\/\/saiga.es\/fr\/#organization"},"potentialAction":[{"@type":"SearchAction","target":{"@type":"EntryPoint","urlTemplate":"https:\/\/saiga.es\/fr\/?s={search_term_string}"},"query-input":{"@type":"PropertyValueSpecification","valueRequired":true,"valueName":"search_term_string"}}],"inLanguage":"fr-FR"},{"@type":"Organization","@id":"https:\/\/saiga.es\/fr\/#organization","name":"SAIGA","url":"https:\/\/saiga.es\/fr\/","logo":{"@type":"ImageObject","inLanguage":"fr-FR","@id":"https:\/\/saiga.es\/fr\/#\/schema\/logo\/image\/","url":"https:\/\/saiga.es\/wp-content\/uploads\/2025\/07\/logo_saiga_baseline_optimitzat.svg","contentUrl":"https:\/\/saiga.es\/wp-content\/uploads\/2025\/07\/logo_saiga_baseline_optimitzat.svg","caption":"SAIGA"},"image":{"@id":"https:\/\/saiga.es\/fr\/#\/schema\/logo\/image\/"},"sameAs":["https:\/\/x.com\/saiga_agro","https:\/\/www.instagram.com\/saiga_agro\/"]}]}},"_links":{"self":[{"href":"https:\/\/saiga.es\/fr\/wp-json\/wp\/v2\/product\/16174","targetHints":{"allow":["GET"]}}],"collection":[{"href":"https:\/\/saiga.es\/fr\/wp-json\/wp\/v2\/product"}],"about":[{"href":"https:\/\/saiga.es\/fr\/wp-json\/wp\/v2\/types\/product"}],"replies":[{"embeddable":true,"href":"https:\/\/saiga.es\/fr\/wp-json\/wp\/v2\/comments?post=16174"}],"wp:featuredmedia":[{"embeddable":true,"href":"https:\/\/saiga.es\/fr\/wp-json\/wp\/v2\/media\/16177"}],"wp:attachment":[{"href":"https:\/\/saiga.es\/fr\/wp-json\/wp\/v2\/media?parent=16174"}],"wp:term":[{"taxonomy":"product_brand","embeddable":true,"href":"https:\/\/saiga.es\/fr\/wp-json\/wp\/v2\/product_brand?post=16174"},{"taxonomy":"product_cat","embeddable":true,"href":"https:\/\/saiga.es\/fr\/wp-json\/wp\/v2\/product_cat?post=16174"},{"taxonomy":"product_tag","embeddable":true,"href":"https:\/\/saiga.es\/fr\/wp-json\/wp\/v2\/product_tag?post=16174"}],"curies":[{"name":"wp","href":"https:\/\/api.w.org\/{rel}","templated":true}]}}