{"id":16198,"date":"2025-08-13T12:20:50","date_gmt":"2025-08-13T12:20:50","guid":{"rendered":"https:\/\/botiga.saiga.es\/producte\/raccord-contre-filete-en-laiton-m-m\/"},"modified":"2025-08-13T12:20:50","modified_gmt":"2025-08-13T12:20:50","slug":"raccord-contre-filete-en-laiton-m-m","status":"publish","type":"product","link":"https:\/\/saiga.es\/fr\/produit\/raccord-contre-filete-en-laiton-m-m\/","title":{"rendered":"Raccord contre-filet\u00e9 en laiton M M"},"content":{"rendered":"<p data-start=\"121\" data-end=\"506\">Raccord m\u00e2le-m\u00e2le en laiton avec filetage invers\u00e9<br data-start=\"167\" data-end=\"170\">Le raccord m\u00e2le-m\u00e2le avec filetage invers\u00e9 (M M) est un raccord con\u00e7u pour relier deux composants ou sections de tuyauterie \u00e0 filetage int\u00e9rieur (femelle) de mani\u00e8re rapide, s\u00fbre et \u00e9tanche. Sa conception compacte et r\u00e9sistante en laiton massif garantit une longue dur\u00e9e de vie et une excellente r\u00e9sistance \u00e0 la corrosion, m\u00eame dans des conditions difficiles. <\/p>\n<p data-start=\"508\" data-end=\"677\">Le raccord contre-filet\u00e9 MM est un type de raccord particuli\u00e8rement utile dans les adaptations, extensions et r\u00e9parations de circuits de plomberie, de chauffage ou de fluides non corrosifs.<\/p>\n<p data-start=\"679\" data-end=\"708\">Principales applications :<\/p>\n<ul data-start=\"709\" data-end=\"866\">\n<li data-start=\"709\" data-end=\"744\">\n<p data-start=\"711\" data-end=\"744\">Assemblage de pi\u00e8ces avec filetage femelle<\/p>\n<\/li>\n<li data-start=\"745\" data-end=\"787\">\n<p data-start=\"747\" data-end=\"787\">Installations d&rsquo;eau froide et chaude<\/p>\n<\/li>\n<li data-start=\"788\" data-end=\"830\">\n<p data-start=\"790\" data-end=\"830\">Syst\u00e8mes de chauffage et de climatisation<\/p>\n<\/li>\n<li data-start=\"831\" data-end=\"866\">\n<p data-start=\"833\" data-end=\"866\">Circuits de fluides non agressifs<\/p>\n<\/li>\n<\/ul>\n","protected":false},"excerpt":{"rendered":"<p>Le raccord contre-filet\u00e9 m\u00e2le-m\u00e2le (M M) est un accessoire con\u00e7u pour joindre deux composants ou sections de tuyau avec un filetage int\u00e9rieur (femelle) de mani\u00e8re rapide, s\u00fbre et \u00e9tanche.<\/p>\n","protected":false},"featured_media":16185,"comment_status":"open","ping_status":"closed","template":"","meta":[],"product_brand":[],"product_cat":[2285],"product_tag":[],"class_list":{"0":"post-16198","1":"product","2":"type-product","3":"status-publish","4":"has-post-thumbnail","6":"product_cat-accessoires-en-laiton","8":"first","9":"instock","10":"taxable","11":"shipping-taxable","12":"purchasable","13":"product-type-variable"},"yoast_head":"<!-- This site is optimized with the Yoast SEO plugin v27.4 - https:\/\/yoast.com\/product\/yoast-seo-wordpress\/ -->\n<title>Raccord contre-filet\u00e9 en laiton M M | SAIGA<\/title>\n<meta name=\"description\" content=\"Le raccord contre-filet\u00e9 m\u00e2le-m\u00e2le (MM) est un raccord con\u00e7u pour joindre deux composants ou sections de tuyau avec un filetage interne (femelle).\" \/>\n<meta name=\"robots\" content=\"index, follow, max-snippet:-1, max-image-preview:large, max-video-preview:-1\" \/>\n<link rel=\"canonical\" href=\"https:\/\/saiga.es\/fr\/produit\/raccord-contre-filete-en-laiton-m-m\/\" \/>\n<meta property=\"og:locale\" content=\"fr_FR\" \/>\n<meta property=\"og:type\" content=\"article\" \/>\n<meta property=\"og:title\" content=\"Raccord contre-filet\u00e9 en laiton M M | SAIGA\" \/>\n<meta property=\"og:description\" content=\"Le raccord contre-filet\u00e9 m\u00e2le-m\u00e2le (MM) est un raccord con\u00e7u pour joindre deux composants ou sections de tuyau avec un filetage interne (femelle).\" \/>\n<meta property=\"og:url\" content=\"https:\/\/saiga.es\/fr\/produit\/raccord-contre-filete-en-laiton-m-m\/\" \/>\n<meta property=\"og:site_name\" content=\"SAIGA\" \/>\n<meta property=\"og:image\" content=\"https:\/\/saiga.es\/wp-content\/uploads\/2025\/08\/Enllac-contrarosca-M-M-.jpg\" \/>\n\t<meta property=\"og:image:width\" content=\"1080\" \/>\n\t<meta property=\"og:image:height\" content=\"1080\" \/>\n\t<meta property=\"og:image:type\" content=\"image\/jpeg\" \/>\n<meta name=\"twitter:card\" content=\"summary_large_image\" \/>\n<meta name=\"twitter:site\" content=\"@saiga_agro\" \/>\n<meta name=\"twitter:label1\" content=\"Dur\u00e9e de lecture estim\u00e9e\" \/>\n\t<meta name=\"twitter:data1\" content=\"1 minute\" \/>\n<script type=\"application\/ld+json\" class=\"yoast-schema-graph\">{\"@context\":\"https:\\\/\\\/schema.org\",\"@graph\":[{\"@type\":\"WebPage\",\"@id\":\"https:\\\/\\\/saiga.es\\\/fr\\\/produit\\\/raccord-contre-filete-en-laiton-m-m\\\/\",\"url\":\"https:\\\/\\\/saiga.es\\\/fr\\\/produit\\\/raccord-contre-filete-en-laiton-m-m\\\/\",\"name\":\"Raccord contre-filet\u00e9 en laiton M M | SAIGA\",\"isPartOf\":{\"@id\":\"https:\\\/\\\/saiga.es\\\/fr\\\/#website\"},\"primaryImageOfPage\":{\"@id\":\"https:\\\/\\\/saiga.es\\\/fr\\\/produit\\\/raccord-contre-filete-en-laiton-m-m\\\/#primaryimage\"},\"image\":{\"@id\":\"https:\\\/\\\/saiga.es\\\/fr\\\/produit\\\/raccord-contre-filete-en-laiton-m-m\\\/#primaryimage\"},\"thumbnailUrl\":\"https:\\\/\\\/saiga.es\\\/wp-content\\\/uploads\\\/2025\\\/08\\\/Enllac-contrarosca-M-M-.jpg\",\"datePublished\":\"2025-08-13T12:20:50+00:00\",\"description\":\"Le raccord contre-filet\u00e9 m\u00e2le-m\u00e2le (MM) est un raccord con\u00e7u pour joindre deux composants ou sections de tuyau avec un filetage interne (femelle).\",\"breadcrumb\":{\"@id\":\"https:\\\/\\\/saiga.es\\\/fr\\\/produit\\\/raccord-contre-filete-en-laiton-m-m\\\/#breadcrumb\"},\"inLanguage\":\"fr-FR\",\"potentialAction\":[{\"@type\":\"ReadAction\",\"target\":[\"https:\\\/\\\/saiga.es\\\/fr\\\/produit\\\/raccord-contre-filete-en-laiton-m-m\\\/\"]}]},{\"@type\":\"ImageObject\",\"inLanguage\":\"fr-FR\",\"@id\":\"https:\\\/\\\/saiga.es\\\/fr\\\/produit\\\/raccord-contre-filete-en-laiton-m-m\\\/#primaryimage\",\"url\":\"https:\\\/\\\/saiga.es\\\/wp-content\\\/uploads\\\/2025\\\/08\\\/Enllac-contrarosca-M-M-.jpg\",\"contentUrl\":\"https:\\\/\\\/saiga.es\\\/wp-content\\\/uploads\\\/2025\\\/08\\\/Enllac-contrarosca-M-M-.jpg\",\"width\":1080,\"height\":1080,\"caption\":\"Raccord filet\u00e9 de verrouillage M M\"},{\"@type\":\"BreadcrumbList\",\"@id\":\"https:\\\/\\\/saiga.es\\\/fr\\\/produit\\\/raccord-contre-filete-en-laiton-m-m\\\/#breadcrumb\",\"itemListElement\":[{\"@type\":\"ListItem\",\"position\":1,\"name\":\"Inici\",\"item\":\"https:\\\/\\\/saiga.es\\\/fr\\\/\"},{\"@type\":\"ListItem\",\"position\":2,\"name\":\"boutique\",\"item\":\"https:\\\/\\\/saiga.es\\\/fr\\\/boutique\\\/\"},{\"@type\":\"ListItem\",\"position\":3,\"name\":\"Raccord contre-filet\u00e9 en laiton M M\"}]},{\"@type\":\"WebSite\",\"@id\":\"https:\\\/\\\/saiga.es\\\/fr\\\/#website\",\"url\":\"https:\\\/\\\/saiga.es\\\/fr\\\/\",\"name\":\"SAIGA\",\"description\":\"M\u00e9s de 50 anys al servei de la terra i treballant per a un \u00fas eficient de l\u2019aigua!\",\"publisher\":{\"@id\":\"https:\\\/\\\/saiga.es\\\/fr\\\/#organization\"},\"potentialAction\":[{\"@type\":\"SearchAction\",\"target\":{\"@type\":\"EntryPoint\",\"urlTemplate\":\"https:\\\/\\\/saiga.es\\\/fr\\\/?s={search_term_string}\"},\"query-input\":{\"@type\":\"PropertyValueSpecification\",\"valueRequired\":true,\"valueName\":\"search_term_string\"}}],\"inLanguage\":\"fr-FR\"},{\"@type\":\"Organization\",\"@id\":\"https:\\\/\\\/saiga.es\\\/fr\\\/#organization\",\"name\":\"SAIGA\",\"url\":\"https:\\\/\\\/saiga.es\\\/fr\\\/\",\"logo\":{\"@type\":\"ImageObject\",\"inLanguage\":\"fr-FR\",\"@id\":\"https:\\\/\\\/saiga.es\\\/fr\\\/#\\\/schema\\\/logo\\\/image\\\/\",\"url\":\"https:\\\/\\\/saiga.es\\\/wp-content\\\/uploads\\\/2025\\\/07\\\/logo_saiga_baseline_optimitzat.svg\",\"contentUrl\":\"https:\\\/\\\/saiga.es\\\/wp-content\\\/uploads\\\/2025\\\/07\\\/logo_saiga_baseline_optimitzat.svg\",\"caption\":\"SAIGA\"},\"image\":{\"@id\":\"https:\\\/\\\/saiga.es\\\/fr\\\/#\\\/schema\\\/logo\\\/image\\\/\"},\"sameAs\":[\"https:\\\/\\\/x.com\\\/saiga_agro\",\"https:\\\/\\\/www.instagram.com\\\/saiga_agro\\\/\"]}]}<\/script>\n<!-- \/ Yoast SEO plugin. -->","yoast_head_json":{"title":"Raccord contre-filet\u00e9 en laiton M M | SAIGA","description":"Le raccord contre-filet\u00e9 m\u00e2le-m\u00e2le (MM) est un raccord con\u00e7u pour joindre deux composants ou sections de tuyau avec un filetage interne (femelle).","robots":{"index":"index","follow":"follow","max-snippet":"max-snippet:-1","max-image-preview":"max-image-preview:large","max-video-preview":"max-video-preview:-1"},"canonical":"https:\/\/saiga.es\/fr\/produit\/raccord-contre-filete-en-laiton-m-m\/","og_locale":"fr_FR","og_type":"article","og_title":"Raccord contre-filet\u00e9 en laiton M M | SAIGA","og_description":"Le raccord contre-filet\u00e9 m\u00e2le-m\u00e2le (MM) est un raccord con\u00e7u pour joindre deux composants ou sections de tuyau avec un filetage interne (femelle).","og_url":"https:\/\/saiga.es\/fr\/produit\/raccord-contre-filete-en-laiton-m-m\/","og_site_name":"SAIGA","og_image":[{"width":1080,"height":1080,"url":"https:\/\/saiga.es\/wp-content\/uploads\/2025\/08\/Enllac-contrarosca-M-M-.jpg","type":"image\/jpeg"}],"twitter_card":"summary_large_image","twitter_site":"@saiga_agro","twitter_misc":{"Dur\u00e9e de lecture estim\u00e9e":"1 minute"},"schema":{"@context":"https:\/\/schema.org","@graph":[{"@type":"WebPage","@id":"https:\/\/saiga.es\/fr\/produit\/raccord-contre-filete-en-laiton-m-m\/","url":"https:\/\/saiga.es\/fr\/produit\/raccord-contre-filete-en-laiton-m-m\/","name":"Raccord contre-filet\u00e9 en laiton M M | SAIGA","isPartOf":{"@id":"https:\/\/saiga.es\/fr\/#website"},"primaryImageOfPage":{"@id":"https:\/\/saiga.es\/fr\/produit\/raccord-contre-filete-en-laiton-m-m\/#primaryimage"},"image":{"@id":"https:\/\/saiga.es\/fr\/produit\/raccord-contre-filete-en-laiton-m-m\/#primaryimage"},"thumbnailUrl":"https:\/\/saiga.es\/wp-content\/uploads\/2025\/08\/Enllac-contrarosca-M-M-.jpg","datePublished":"2025-08-13T12:20:50+00:00","description":"Le raccord contre-filet\u00e9 m\u00e2le-m\u00e2le (MM) est un raccord con\u00e7u pour joindre deux composants ou sections de tuyau avec un filetage interne (femelle).","breadcrumb":{"@id":"https:\/\/saiga.es\/fr\/produit\/raccord-contre-filete-en-laiton-m-m\/#breadcrumb"},"inLanguage":"fr-FR","potentialAction":[{"@type":"ReadAction","target":["https:\/\/saiga.es\/fr\/produit\/raccord-contre-filete-en-laiton-m-m\/"]}]},{"@type":"ImageObject","inLanguage":"fr-FR","@id":"https:\/\/saiga.es\/fr\/produit\/raccord-contre-filete-en-laiton-m-m\/#primaryimage","url":"https:\/\/saiga.es\/wp-content\/uploads\/2025\/08\/Enllac-contrarosca-M-M-.jpg","contentUrl":"https:\/\/saiga.es\/wp-content\/uploads\/2025\/08\/Enllac-contrarosca-M-M-.jpg","width":1080,"height":1080,"caption":"Raccord filet\u00e9 de verrouillage M M"},{"@type":"BreadcrumbList","@id":"https:\/\/saiga.es\/fr\/produit\/raccord-contre-filete-en-laiton-m-m\/#breadcrumb","itemListElement":[{"@type":"ListItem","position":1,"name":"Inici","item":"https:\/\/saiga.es\/fr\/"},{"@type":"ListItem","position":2,"name":"boutique","item":"https:\/\/saiga.es\/fr\/boutique\/"},{"@type":"ListItem","position":3,"name":"Raccord contre-filet\u00e9 en laiton M M"}]},{"@type":"WebSite","@id":"https:\/\/saiga.es\/fr\/#website","url":"https:\/\/saiga.es\/fr\/","name":"SAIGA","description":"M\u00e9s de 50 anys al servei de la terra i treballant per a un \u00fas eficient de l\u2019aigua!","publisher":{"@id":"https:\/\/saiga.es\/fr\/#organization"},"potentialAction":[{"@type":"SearchAction","target":{"@type":"EntryPoint","urlTemplate":"https:\/\/saiga.es\/fr\/?s={search_term_string}"},"query-input":{"@type":"PropertyValueSpecification","valueRequired":true,"valueName":"search_term_string"}}],"inLanguage":"fr-FR"},{"@type":"Organization","@id":"https:\/\/saiga.es\/fr\/#organization","name":"SAIGA","url":"https:\/\/saiga.es\/fr\/","logo":{"@type":"ImageObject","inLanguage":"fr-FR","@id":"https:\/\/saiga.es\/fr\/#\/schema\/logo\/image\/","url":"https:\/\/saiga.es\/wp-content\/uploads\/2025\/07\/logo_saiga_baseline_optimitzat.svg","contentUrl":"https:\/\/saiga.es\/wp-content\/uploads\/2025\/07\/logo_saiga_baseline_optimitzat.svg","caption":"SAIGA"},"image":{"@id":"https:\/\/saiga.es\/fr\/#\/schema\/logo\/image\/"},"sameAs":["https:\/\/x.com\/saiga_agro","https:\/\/www.instagram.com\/saiga_agro\/"]}]}},"_links":{"self":[{"href":"https:\/\/saiga.es\/fr\/wp-json\/wp\/v2\/product\/16198","targetHints":{"allow":["GET"]}}],"collection":[{"href":"https:\/\/saiga.es\/fr\/wp-json\/wp\/v2\/product"}],"about":[{"href":"https:\/\/saiga.es\/fr\/wp-json\/wp\/v2\/types\/product"}],"replies":[{"embeddable":true,"href":"https:\/\/saiga.es\/fr\/wp-json\/wp\/v2\/comments?post=16198"}],"wp:featuredmedia":[{"embeddable":true,"href":"https:\/\/saiga.es\/fr\/wp-json\/wp\/v2\/media\/16185"}],"wp:attachment":[{"href":"https:\/\/saiga.es\/fr\/wp-json\/wp\/v2\/media?parent=16198"}],"wp:term":[{"taxonomy":"product_brand","embeddable":true,"href":"https:\/\/saiga.es\/fr\/wp-json\/wp\/v2\/product_brand?post=16198"},{"taxonomy":"product_cat","embeddable":true,"href":"https:\/\/saiga.es\/fr\/wp-json\/wp\/v2\/product_cat?post=16198"},{"taxonomy":"product_tag","embeddable":true,"href":"https:\/\/saiga.es\/fr\/wp-json\/wp\/v2\/product_tag?post=16198"}],"curies":[{"name":"wp","href":"https:\/\/api.w.org\/{rel}","templated":true}]}}