{"id":16353,"date":"2025-08-19T13:51:42","date_gmt":"2025-08-19T13:51:42","guid":{"rendered":"https:\/\/botiga.saiga.es\/producte\/te-en-laiton\/"},"modified":"2025-08-19T13:51:42","modified_gmt":"2025-08-19T13:51:42","slug":"te-en-laiton","status":"publish","type":"product","link":"https:\/\/saiga.es\/fr\/produit\/te-en-laiton\/","title":{"rendered":"T\u00e9 en laiton"},"content":{"rendered":"<p>&nbsp;<\/p>\n<p>Le t\u00e9 en laiton est un \u00e9l\u00e9ment essentiel des installations d&rsquo;irrigation en jardinage et en agriculture, car il permet de d\u00e9vier et de raccorder facilement diff\u00e9rentes conduites d&rsquo;eau. Gr\u00e2ce \u00e0 sa forme en T, il facilite la jonction de trois tuyaux et assure une distribution efficace de l&rsquo;eau l\u00e0 o\u00f9 elle est n\u00e9cessaire. <\/p>\n<p>Fabriqu\u00e9 en laiton haute r\u00e9sistance, ce raccord est beaucoup plus durable que les autres alternatives en plastique, supportant la pression, les variations de temp\u00e9rature et une utilisation continue en ext\u00e9rieur. Il constitue donc une option fiable pour les vergers, les champs et les syst\u00e8mes d&rsquo;irrigation des jardins priv\u00e9s. <\/p>\n<p>Le t\u00e9 en laiton est facile \u00e0 monter et disponible en diff\u00e9rentes tailles pour s&rsquo;adapter \u00e0 tout syst\u00e8me d&rsquo;irrigation. Gr\u00e2ce \u00e0 sa qualit\u00e9 et sa durabilit\u00e9, il garantit des connexions s\u00fbres, sans fuites et avec un entretien minimal. <\/p>\n<p>Avec cet accessoire, vous pouvez optimiser votre syst\u00e8me d&rsquo;irrigation et obtenir une distribution d&rsquo;eau plus efficace et professionnelle, que ce soit en agriculture ou en jardinage.<\/p>\n","protected":false},"excerpt":{"rendered":"<p>T\u00e9 en laiton pour l&rsquo;irrigation agricole et horticole. Raccord robuste et durable pour raccorder les tuyaux et d\u00e9vier les conduites d&rsquo;eau facilement et en toute s\u00e9curit\u00e9. <\/p>\n","protected":false},"featured_media":16342,"comment_status":"open","ping_status":"closed","template":"","meta":[],"product_brand":[2284],"product_cat":[2285],"product_tag":[],"class_list":{"0":"post-16353","1":"product","2":"type-product","3":"status-publish","4":"has-post-thumbnail","6":"product_brand-gebo","7":"product_cat-accessoires-en-laiton","9":"first","10":"instock","11":"taxable","12":"shipping-taxable","13":"purchasable","14":"product-type-variable"},"yoast_head":"<!-- This site is optimized with the Yoast SEO plugin v27.4 - https:\/\/yoast.com\/product\/yoast-seo-wordpress\/ -->\n<title>T\u00e9 en laiton | SAIGA<\/title>\n<meta name=\"description\" content=\"T\u00e9 en laiton pour l&#039;irrigation agricole et horticole. Raccord robuste et durable pour raccorder les tuyaux et d\u00e9vier les conduites d&#039;eau facilement et en toute s\u00e9curit\u00e9.\" \/>\n<meta name=\"robots\" content=\"index, follow, max-snippet:-1, max-image-preview:large, max-video-preview:-1\" \/>\n<link rel=\"canonical\" href=\"https:\/\/saiga.es\/fr\/produit\/te-en-laiton\/\" \/>\n<meta property=\"og:locale\" content=\"fr_FR\" \/>\n<meta property=\"og:type\" content=\"article\" \/>\n<meta property=\"og:title\" content=\"T\u00e9 en laiton | SAIGA\" \/>\n<meta property=\"og:description\" content=\"T\u00e9 en laiton pour l&#039;irrigation agricole et horticole. Raccord robuste et durable pour raccorder les tuyaux et d\u00e9vier les conduites d&#039;eau facilement et en toute s\u00e9curit\u00e9.\" \/>\n<meta property=\"og:url\" content=\"https:\/\/saiga.es\/fr\/produit\/te-en-laiton\/\" \/>\n<meta property=\"og:site_name\" content=\"SAIGA\" \/>\n<meta property=\"og:image\" content=\"https:\/\/saiga.es\/wp-content\/uploads\/2025\/08\/Te-llauto.jpg\" \/>\n\t<meta property=\"og:image:width\" content=\"1080\" \/>\n\t<meta property=\"og:image:height\" content=\"1080\" \/>\n\t<meta property=\"og:image:type\" content=\"image\/jpeg\" \/>\n<meta name=\"twitter:card\" content=\"summary_large_image\" \/>\n<meta name=\"twitter:site\" content=\"@saiga_agro\" \/>\n<meta name=\"twitter:label1\" content=\"Dur\u00e9e de lecture estim\u00e9e\" \/>\n\t<meta name=\"twitter:data1\" content=\"1 minute\" \/>\n<script type=\"application\/ld+json\" class=\"yoast-schema-graph\">{\"@context\":\"https:\\\/\\\/schema.org\",\"@graph\":[{\"@type\":\"WebPage\",\"@id\":\"https:\\\/\\\/saiga.es\\\/fr\\\/produit\\\/te-en-laiton\\\/\",\"url\":\"https:\\\/\\\/saiga.es\\\/fr\\\/produit\\\/te-en-laiton\\\/\",\"name\":\"T\u00e9 en laiton | SAIGA\",\"isPartOf\":{\"@id\":\"https:\\\/\\\/saiga.es\\\/fr\\\/#website\"},\"primaryImageOfPage\":{\"@id\":\"https:\\\/\\\/saiga.es\\\/fr\\\/produit\\\/te-en-laiton\\\/#primaryimage\"},\"image\":{\"@id\":\"https:\\\/\\\/saiga.es\\\/fr\\\/produit\\\/te-en-laiton\\\/#primaryimage\"},\"thumbnailUrl\":\"https:\\\/\\\/saiga.es\\\/wp-content\\\/uploads\\\/2025\\\/08\\\/Te-llauto.jpg\",\"datePublished\":\"2025-08-19T13:51:42+00:00\",\"description\":\"T\u00e9 en laiton pour l'irrigation agricole et horticole. Raccord robuste et durable pour raccorder les tuyaux et d\u00e9vier les conduites d'eau facilement et en toute s\u00e9curit\u00e9.\",\"breadcrumb\":{\"@id\":\"https:\\\/\\\/saiga.es\\\/fr\\\/produit\\\/te-en-laiton\\\/#breadcrumb\"},\"inLanguage\":\"fr-FR\",\"potentialAction\":[{\"@type\":\"ReadAction\",\"target\":[\"https:\\\/\\\/saiga.es\\\/fr\\\/produit\\\/te-en-laiton\\\/\"]}]},{\"@type\":\"ImageObject\",\"inLanguage\":\"fr-FR\",\"@id\":\"https:\\\/\\\/saiga.es\\\/fr\\\/produit\\\/te-en-laiton\\\/#primaryimage\",\"url\":\"https:\\\/\\\/saiga.es\\\/wp-content\\\/uploads\\\/2025\\\/08\\\/Te-llauto.jpg\",\"contentUrl\":\"https:\\\/\\\/saiga.es\\\/wp-content\\\/uploads\\\/2025\\\/08\\\/Te-llauto.jpg\",\"width\":1080,\"height\":1080,\"caption\":\"T\u00e9 en laiton\"},{\"@type\":\"BreadcrumbList\",\"@id\":\"https:\\\/\\\/saiga.es\\\/fr\\\/produit\\\/te-en-laiton\\\/#breadcrumb\",\"itemListElement\":[{\"@type\":\"ListItem\",\"position\":1,\"name\":\"Inici\",\"item\":\"https:\\\/\\\/saiga.es\\\/fr\\\/\"},{\"@type\":\"ListItem\",\"position\":2,\"name\":\"boutique\",\"item\":\"https:\\\/\\\/saiga.es\\\/fr\\\/boutique\\\/\"},{\"@type\":\"ListItem\",\"position\":3,\"name\":\"T\u00e9 en laiton\"}]},{\"@type\":\"WebSite\",\"@id\":\"https:\\\/\\\/saiga.es\\\/fr\\\/#website\",\"url\":\"https:\\\/\\\/saiga.es\\\/fr\\\/\",\"name\":\"SAIGA\",\"description\":\"M\u00e9s de 50 anys al servei de la terra i treballant per a un \u00fas eficient de l\u2019aigua!\",\"publisher\":{\"@id\":\"https:\\\/\\\/saiga.es\\\/fr\\\/#organization\"},\"potentialAction\":[{\"@type\":\"SearchAction\",\"target\":{\"@type\":\"EntryPoint\",\"urlTemplate\":\"https:\\\/\\\/saiga.es\\\/fr\\\/?s={search_term_string}\"},\"query-input\":{\"@type\":\"PropertyValueSpecification\",\"valueRequired\":true,\"valueName\":\"search_term_string\"}}],\"inLanguage\":\"fr-FR\"},{\"@type\":\"Organization\",\"@id\":\"https:\\\/\\\/saiga.es\\\/fr\\\/#organization\",\"name\":\"SAIGA\",\"url\":\"https:\\\/\\\/saiga.es\\\/fr\\\/\",\"logo\":{\"@type\":\"ImageObject\",\"inLanguage\":\"fr-FR\",\"@id\":\"https:\\\/\\\/saiga.es\\\/fr\\\/#\\\/schema\\\/logo\\\/image\\\/\",\"url\":\"https:\\\/\\\/saiga.es\\\/wp-content\\\/uploads\\\/2025\\\/07\\\/logo_saiga_baseline_optimitzat.svg\",\"contentUrl\":\"https:\\\/\\\/saiga.es\\\/wp-content\\\/uploads\\\/2025\\\/07\\\/logo_saiga_baseline_optimitzat.svg\",\"caption\":\"SAIGA\"},\"image\":{\"@id\":\"https:\\\/\\\/saiga.es\\\/fr\\\/#\\\/schema\\\/logo\\\/image\\\/\"},\"sameAs\":[\"https:\\\/\\\/x.com\\\/saiga_agro\",\"https:\\\/\\\/www.instagram.com\\\/saiga_agro\\\/\"]}]}<\/script>\n<!-- \/ Yoast SEO plugin. -->","yoast_head_json":{"title":"T\u00e9 en laiton | SAIGA","description":"T\u00e9 en laiton pour l'irrigation agricole et horticole. Raccord robuste et durable pour raccorder les tuyaux et d\u00e9vier les conduites d'eau facilement et en toute s\u00e9curit\u00e9.","robots":{"index":"index","follow":"follow","max-snippet":"max-snippet:-1","max-image-preview":"max-image-preview:large","max-video-preview":"max-video-preview:-1"},"canonical":"https:\/\/saiga.es\/fr\/produit\/te-en-laiton\/","og_locale":"fr_FR","og_type":"article","og_title":"T\u00e9 en laiton | SAIGA","og_description":"T\u00e9 en laiton pour l'irrigation agricole et horticole. Raccord robuste et durable pour raccorder les tuyaux et d\u00e9vier les conduites d'eau facilement et en toute s\u00e9curit\u00e9.","og_url":"https:\/\/saiga.es\/fr\/produit\/te-en-laiton\/","og_site_name":"SAIGA","og_image":[{"width":1080,"height":1080,"url":"https:\/\/saiga.es\/wp-content\/uploads\/2025\/08\/Te-llauto.jpg","type":"image\/jpeg"}],"twitter_card":"summary_large_image","twitter_site":"@saiga_agro","twitter_misc":{"Dur\u00e9e de lecture estim\u00e9e":"1 minute"},"schema":{"@context":"https:\/\/schema.org","@graph":[{"@type":"WebPage","@id":"https:\/\/saiga.es\/fr\/produit\/te-en-laiton\/","url":"https:\/\/saiga.es\/fr\/produit\/te-en-laiton\/","name":"T\u00e9 en laiton | SAIGA","isPartOf":{"@id":"https:\/\/saiga.es\/fr\/#website"},"primaryImageOfPage":{"@id":"https:\/\/saiga.es\/fr\/produit\/te-en-laiton\/#primaryimage"},"image":{"@id":"https:\/\/saiga.es\/fr\/produit\/te-en-laiton\/#primaryimage"},"thumbnailUrl":"https:\/\/saiga.es\/wp-content\/uploads\/2025\/08\/Te-llauto.jpg","datePublished":"2025-08-19T13:51:42+00:00","description":"T\u00e9 en laiton pour l'irrigation agricole et horticole. Raccord robuste et durable pour raccorder les tuyaux et d\u00e9vier les conduites d'eau facilement et en toute s\u00e9curit\u00e9.","breadcrumb":{"@id":"https:\/\/saiga.es\/fr\/produit\/te-en-laiton\/#breadcrumb"},"inLanguage":"fr-FR","potentialAction":[{"@type":"ReadAction","target":["https:\/\/saiga.es\/fr\/produit\/te-en-laiton\/"]}]},{"@type":"ImageObject","inLanguage":"fr-FR","@id":"https:\/\/saiga.es\/fr\/produit\/te-en-laiton\/#primaryimage","url":"https:\/\/saiga.es\/wp-content\/uploads\/2025\/08\/Te-llauto.jpg","contentUrl":"https:\/\/saiga.es\/wp-content\/uploads\/2025\/08\/Te-llauto.jpg","width":1080,"height":1080,"caption":"T\u00e9 en laiton"},{"@type":"BreadcrumbList","@id":"https:\/\/saiga.es\/fr\/produit\/te-en-laiton\/#breadcrumb","itemListElement":[{"@type":"ListItem","position":1,"name":"Inici","item":"https:\/\/saiga.es\/fr\/"},{"@type":"ListItem","position":2,"name":"boutique","item":"https:\/\/saiga.es\/fr\/boutique\/"},{"@type":"ListItem","position":3,"name":"T\u00e9 en laiton"}]},{"@type":"WebSite","@id":"https:\/\/saiga.es\/fr\/#website","url":"https:\/\/saiga.es\/fr\/","name":"SAIGA","description":"M\u00e9s de 50 anys al servei de la terra i treballant per a un \u00fas eficient de l\u2019aigua!","publisher":{"@id":"https:\/\/saiga.es\/fr\/#organization"},"potentialAction":[{"@type":"SearchAction","target":{"@type":"EntryPoint","urlTemplate":"https:\/\/saiga.es\/fr\/?s={search_term_string}"},"query-input":{"@type":"PropertyValueSpecification","valueRequired":true,"valueName":"search_term_string"}}],"inLanguage":"fr-FR"},{"@type":"Organization","@id":"https:\/\/saiga.es\/fr\/#organization","name":"SAIGA","url":"https:\/\/saiga.es\/fr\/","logo":{"@type":"ImageObject","inLanguage":"fr-FR","@id":"https:\/\/saiga.es\/fr\/#\/schema\/logo\/image\/","url":"https:\/\/saiga.es\/wp-content\/uploads\/2025\/07\/logo_saiga_baseline_optimitzat.svg","contentUrl":"https:\/\/saiga.es\/wp-content\/uploads\/2025\/07\/logo_saiga_baseline_optimitzat.svg","caption":"SAIGA"},"image":{"@id":"https:\/\/saiga.es\/fr\/#\/schema\/logo\/image\/"},"sameAs":["https:\/\/x.com\/saiga_agro","https:\/\/www.instagram.com\/saiga_agro\/"]}]}},"_links":{"self":[{"href":"https:\/\/saiga.es\/fr\/wp-json\/wp\/v2\/product\/16353","targetHints":{"allow":["GET"]}}],"collection":[{"href":"https:\/\/saiga.es\/fr\/wp-json\/wp\/v2\/product"}],"about":[{"href":"https:\/\/saiga.es\/fr\/wp-json\/wp\/v2\/types\/product"}],"replies":[{"embeddable":true,"href":"https:\/\/saiga.es\/fr\/wp-json\/wp\/v2\/comments?post=16353"}],"wp:featuredmedia":[{"embeddable":true,"href":"https:\/\/saiga.es\/fr\/wp-json\/wp\/v2\/media\/16342"}],"wp:attachment":[{"href":"https:\/\/saiga.es\/fr\/wp-json\/wp\/v2\/media?parent=16353"}],"wp:term":[{"taxonomy":"product_brand","embeddable":true,"href":"https:\/\/saiga.es\/fr\/wp-json\/wp\/v2\/product_brand?post=16353"},{"taxonomy":"product_cat","embeddable":true,"href":"https:\/\/saiga.es\/fr\/wp-json\/wp\/v2\/product_cat?post=16353"},{"taxonomy":"product_tag","embeddable":true,"href":"https:\/\/saiga.es\/fr\/wp-json\/wp\/v2\/product_tag?post=16353"}],"curies":[{"name":"wp","href":"https:\/\/api.w.org\/{rel}","templated":true}]}}