{"id":16814,"date":"2025-09-29T13:52:44","date_gmt":"2025-09-29T13:52:44","guid":{"rendered":"https:\/\/saiga.es\/producte\/pantalon-de-travail-kavir-vert-kapriol\/"},"modified":"2025-09-29T14:06:28","modified_gmt":"2025-09-29T14:06:28","slug":"pantalon-de-travail-kavir-vert-kapriol","status":"publish","type":"product","link":"https:\/\/saiga.es\/fr\/produit\/pantalon-de-travail-kavir-vert-kapriol\/","title":{"rendered":"Pantalon de travail Kavir vert Kapriol"},"content":{"rendered":"<p data-start=\"279\" data-end=\"622\">Le pantalon de travail KAVIR vert de Kapriol est un v\u00eatement fonctionnel et r\u00e9sistant con\u00e7u pour les professionnels qui ont besoin de durabilit\u00e9, de confort et de polyvalence. Il est confectionn\u00e9 avec un tissu de 65 % polyester et 35 % coton (twill, 240 g\/m\u00b2), qui offre l\u00e9g\u00e8ret\u00e9 et r\u00e9sistance dans des environnements exigeants.<\/p>\n<p data-start=\"624\" data-end=\"686\">Il int\u00e8gre des d\u00e9tails pens\u00e9s pour une utilisation pratique au quotidien :<\/p>\n<ul data-start=\"687\" data-end=\"1059\">\n<li data-start=\"687\" data-end=\"717\">\n<p data-start=\"689\" data-end=\"717\">poche pour mesure \/ m\u00e8tre<\/p>\n<\/li>\n<li data-start=\"718\" data-end=\"772\">\n<p data-start=\"720\" data-end=\"772\">poche avec rabat type \u00ab cargo \u00bb sur les deux jambes<\/p>\n<\/li>\n<li data-start=\"773\" data-end=\"801\">\n<p data-start=\"775\" data-end=\"801\">poche pour genouill\u00e8res<\/p>\n<\/li>\n<li data-start=\"802\" data-end=\"884\">\n<p data-start=\"804\" data-end=\"884\">coutures renforc\u00e9es et zones d&rsquo;usure renforc\u00e9es pour augmenter la durabilit\u00e9<\/p>\n<\/li>\n<li data-start=\"885\" data-end=\"949\">\n<p data-start=\"887\" data-end=\"949\">coupe ajust\u00e9e et version courte disponible pour une plus grande mobilit\u00e9<\/p>\n<\/li>\n<li data-start=\"950\" data-end=\"1059\">\n<p data-start=\"952\" data-end=\"1059\">diff\u00e9rentes tailles (S \u00e0 XXXXXL) et options de couleur : beige, vert et gris<\/p>\n<\/li>\n<\/ul>\n<p data-start=\"1061\" data-end=\"1267\">Ce pantalon est id\u00e9al pour les professionnels du secteur de la construction, de la maintenance, des m\u00e9tiers industriels ou tout travail qui exige un v\u00eatement robuste et fonctionnel.<\/p>\n","protected":false},"excerpt":{"rendered":"<p>Le pantalon de travail KAVIR de Kapriol est un v\u00eatement fonctionnel et r\u00e9sistant con\u00e7u pour les professionnels qui ont besoin de durabilit\u00e9, de confort et de polyvalence. Il est confectionn\u00e9 avec un tissu de 65 % polyester et 35 % coton (twill, 240 g\/m\u00b2), qui offre l\u00e9g\u00e8ret\u00e9 et r\u00e9sistance dans des environnements exigeants.<\/p>\n","protected":false},"featured_media":16811,"comment_status":"closed","ping_status":"closed","template":"","meta":[],"product_brand":[],"product_cat":[2309],"product_tag":[],"class_list":{"0":"post-16814","1":"product","2":"type-product","3":"status-publish","4":"has-post-thumbnail","6":"product_cat-pantalon-de-travail","8":"first","9":"instock","10":"taxable","11":"shipping-taxable","12":"purchasable","13":"product-type-variable"},"yoast_head":"<!-- This site is optimized with the Yoast SEO plugin v27.3 - https:\/\/yoast.com\/product\/yoast-seo-wordpress\/ -->\n<title>Pantalon de travail Kavir vert Kapriol | SAIGA<\/title>\n<meta name=\"description\" content=\"Pantalon de travail KAVIR vert de Kapriol : tissu 65 % polyester \/ 35 % coton, poches fonctionnelles et bonne r\u00e9sistance pour les professionnels.\" \/>\n<meta name=\"robots\" content=\"index, follow, max-snippet:-1, max-image-preview:large, max-video-preview:-1\" \/>\n<link rel=\"canonical\" href=\"https:\/\/saiga.es\/fr\/produit\/pantalon-de-travail-kavir-vert-kapriol\/\" \/>\n<meta property=\"og:locale\" content=\"fr_FR\" \/>\n<meta property=\"og:type\" content=\"article\" \/>\n<meta property=\"og:title\" content=\"Pantalon de travail Kavir vert Kapriol | SAIGA\" \/>\n<meta property=\"og:description\" content=\"Pantalon de travail KAVIR vert de Kapriol : tissu 65 % polyester \/ 35 % coton, poches fonctionnelles et bonne r\u00e9sistance pour les professionnels.\" \/>\n<meta property=\"og:url\" content=\"https:\/\/saiga.es\/fr\/produit\/pantalon-de-travail-kavir-vert-kapriol\/\" \/>\n<meta property=\"og:site_name\" content=\"SAIGA\" \/>\n<meta property=\"article:modified_time\" content=\"2025-09-29T14:06:28+00:00\" \/>\n<meta property=\"og:image\" content=\"https:\/\/saiga.es\/wp-content\/uploads\/2025\/09\/Pantalons-Kavir-Kapriol.jpg\" \/>\n\t<meta property=\"og:image:width\" content=\"1080\" \/>\n\t<meta property=\"og:image:height\" content=\"1080\" \/>\n\t<meta property=\"og:image:type\" content=\"image\/jpeg\" \/>\n<meta name=\"twitter:card\" content=\"summary_large_image\" \/>\n<meta name=\"twitter:site\" content=\"@saiga_agro\" \/>\n<meta name=\"twitter:label1\" content=\"Dur\u00e9e de lecture estim\u00e9e\" \/>\n\t<meta name=\"twitter:data1\" content=\"1 minute\" \/>\n<script type=\"application\/ld+json\" class=\"yoast-schema-graph\">{\"@context\":\"https:\\\/\\\/schema.org\",\"@graph\":[{\"@type\":\"WebPage\",\"@id\":\"https:\\\/\\\/saiga.es\\\/fr\\\/produit\\\/pantalon-de-travail-kavir-vert-kapriol\\\/\",\"url\":\"https:\\\/\\\/saiga.es\\\/fr\\\/produit\\\/pantalon-de-travail-kavir-vert-kapriol\\\/\",\"name\":\"Pantalon de travail Kavir vert Kapriol | SAIGA\",\"isPartOf\":{\"@id\":\"https:\\\/\\\/saiga.es\\\/fr\\\/#website\"},\"primaryImageOfPage\":{\"@id\":\"https:\\\/\\\/saiga.es\\\/fr\\\/produit\\\/pantalon-de-travail-kavir-vert-kapriol\\\/#primaryimage\"},\"image\":{\"@id\":\"https:\\\/\\\/saiga.es\\\/fr\\\/produit\\\/pantalon-de-travail-kavir-vert-kapriol\\\/#primaryimage\"},\"thumbnailUrl\":\"https:\\\/\\\/saiga.es\\\/wp-content\\\/uploads\\\/2025\\\/09\\\/Pantalons-Kavir-Kapriol.jpg\",\"datePublished\":\"2025-09-29T13:52:44+00:00\",\"dateModified\":\"2025-09-29T14:06:28+00:00\",\"description\":\"Pantalon de travail KAVIR vert de Kapriol : tissu 65 % polyester \\\/ 35 % coton, poches fonctionnelles et bonne r\u00e9sistance pour les professionnels.\",\"breadcrumb\":{\"@id\":\"https:\\\/\\\/saiga.es\\\/fr\\\/produit\\\/pantalon-de-travail-kavir-vert-kapriol\\\/#breadcrumb\"},\"inLanguage\":\"fr-FR\",\"potentialAction\":[{\"@type\":\"ReadAction\",\"target\":[\"https:\\\/\\\/saiga.es\\\/fr\\\/produit\\\/pantalon-de-travail-kavir-vert-kapriol\\\/\"]}]},{\"@type\":\"ImageObject\",\"inLanguage\":\"fr-FR\",\"@id\":\"https:\\\/\\\/saiga.es\\\/fr\\\/produit\\\/pantalon-de-travail-kavir-vert-kapriol\\\/#primaryimage\",\"url\":\"https:\\\/\\\/saiga.es\\\/wp-content\\\/uploads\\\/2025\\\/09\\\/Pantalons-Kavir-Kapriol.jpg\",\"contentUrl\":\"https:\\\/\\\/saiga.es\\\/wp-content\\\/uploads\\\/2025\\\/09\\\/Pantalons-Kavir-Kapriol.jpg\",\"width\":1080,\"height\":1080,\"caption\":\"Pantalon de travail Kavir vert Kapriol\"},{\"@type\":\"BreadcrumbList\",\"@id\":\"https:\\\/\\\/saiga.es\\\/fr\\\/produit\\\/pantalon-de-travail-kavir-vert-kapriol\\\/#breadcrumb\",\"itemListElement\":[{\"@type\":\"ListItem\",\"position\":1,\"name\":\"Inici\",\"item\":\"https:\\\/\\\/saiga.es\\\/fr\\\/\"},{\"@type\":\"ListItem\",\"position\":2,\"name\":\"boutique\",\"item\":\"https:\\\/\\\/saiga.es\\\/fr\\\/boutique\\\/\"},{\"@type\":\"ListItem\",\"position\":3,\"name\":\"Pantalon de travail Kavir vert Kapriol\"}]},{\"@type\":\"WebSite\",\"@id\":\"https:\\\/\\\/saiga.es\\\/fr\\\/#website\",\"url\":\"https:\\\/\\\/saiga.es\\\/fr\\\/\",\"name\":\"SAIGA\",\"description\":\"M\u00e9s de 50 anys al servei de la terra i treballant per a un \u00fas eficient de l\u2019aigua!\",\"publisher\":{\"@id\":\"https:\\\/\\\/saiga.es\\\/fr\\\/#organization\"},\"potentialAction\":[{\"@type\":\"SearchAction\",\"target\":{\"@type\":\"EntryPoint\",\"urlTemplate\":\"https:\\\/\\\/saiga.es\\\/fr\\\/?s={search_term_string}\"},\"query-input\":{\"@type\":\"PropertyValueSpecification\",\"valueRequired\":true,\"valueName\":\"search_term_string\"}}],\"inLanguage\":\"fr-FR\"},{\"@type\":\"Organization\",\"@id\":\"https:\\\/\\\/saiga.es\\\/fr\\\/#organization\",\"name\":\"SAIGA\",\"url\":\"https:\\\/\\\/saiga.es\\\/fr\\\/\",\"logo\":{\"@type\":\"ImageObject\",\"inLanguage\":\"fr-FR\",\"@id\":\"https:\\\/\\\/saiga.es\\\/fr\\\/#\\\/schema\\\/logo\\\/image\\\/\",\"url\":\"https:\\\/\\\/saiga.es\\\/wp-content\\\/uploads\\\/2025\\\/07\\\/logo_saiga_baseline_optimitzat.svg\",\"contentUrl\":\"https:\\\/\\\/saiga.es\\\/wp-content\\\/uploads\\\/2025\\\/07\\\/logo_saiga_baseline_optimitzat.svg\",\"caption\":\"SAIGA\"},\"image\":{\"@id\":\"https:\\\/\\\/saiga.es\\\/fr\\\/#\\\/schema\\\/logo\\\/image\\\/\"},\"sameAs\":[\"https:\\\/\\\/x.com\\\/saiga_agro\",\"https:\\\/\\\/www.instagram.com\\\/saiga_agro\\\/\"]}]}<\/script>\n<!-- \/ Yoast SEO plugin. -->","yoast_head_json":{"title":"Pantalon de travail Kavir vert Kapriol | SAIGA","description":"Pantalon de travail KAVIR vert de Kapriol : tissu 65 % polyester \/ 35 % coton, poches fonctionnelles et bonne r\u00e9sistance pour les professionnels.","robots":{"index":"index","follow":"follow","max-snippet":"max-snippet:-1","max-image-preview":"max-image-preview:large","max-video-preview":"max-video-preview:-1"},"canonical":"https:\/\/saiga.es\/fr\/produit\/pantalon-de-travail-kavir-vert-kapriol\/","og_locale":"fr_FR","og_type":"article","og_title":"Pantalon de travail Kavir vert Kapriol | SAIGA","og_description":"Pantalon de travail KAVIR vert de Kapriol : tissu 65 % polyester \/ 35 % coton, poches fonctionnelles et bonne r\u00e9sistance pour les professionnels.","og_url":"https:\/\/saiga.es\/fr\/produit\/pantalon-de-travail-kavir-vert-kapriol\/","og_site_name":"SAIGA","article_modified_time":"2025-09-29T14:06:28+00:00","og_image":[{"width":1080,"height":1080,"url":"https:\/\/saiga.es\/wp-content\/uploads\/2025\/09\/Pantalons-Kavir-Kapriol.jpg","type":"image\/jpeg"}],"twitter_card":"summary_large_image","twitter_site":"@saiga_agro","twitter_misc":{"Dur\u00e9e de lecture estim\u00e9e":"1 minute"},"schema":{"@context":"https:\/\/schema.org","@graph":[{"@type":"WebPage","@id":"https:\/\/saiga.es\/fr\/produit\/pantalon-de-travail-kavir-vert-kapriol\/","url":"https:\/\/saiga.es\/fr\/produit\/pantalon-de-travail-kavir-vert-kapriol\/","name":"Pantalon de travail Kavir vert Kapriol | SAIGA","isPartOf":{"@id":"https:\/\/saiga.es\/fr\/#website"},"primaryImageOfPage":{"@id":"https:\/\/saiga.es\/fr\/produit\/pantalon-de-travail-kavir-vert-kapriol\/#primaryimage"},"image":{"@id":"https:\/\/saiga.es\/fr\/produit\/pantalon-de-travail-kavir-vert-kapriol\/#primaryimage"},"thumbnailUrl":"https:\/\/saiga.es\/wp-content\/uploads\/2025\/09\/Pantalons-Kavir-Kapriol.jpg","datePublished":"2025-09-29T13:52:44+00:00","dateModified":"2025-09-29T14:06:28+00:00","description":"Pantalon de travail KAVIR vert de Kapriol : tissu 65 % polyester \/ 35 % coton, poches fonctionnelles et bonne r\u00e9sistance pour les professionnels.","breadcrumb":{"@id":"https:\/\/saiga.es\/fr\/produit\/pantalon-de-travail-kavir-vert-kapriol\/#breadcrumb"},"inLanguage":"fr-FR","potentialAction":[{"@type":"ReadAction","target":["https:\/\/saiga.es\/fr\/produit\/pantalon-de-travail-kavir-vert-kapriol\/"]}]},{"@type":"ImageObject","inLanguage":"fr-FR","@id":"https:\/\/saiga.es\/fr\/produit\/pantalon-de-travail-kavir-vert-kapriol\/#primaryimage","url":"https:\/\/saiga.es\/wp-content\/uploads\/2025\/09\/Pantalons-Kavir-Kapriol.jpg","contentUrl":"https:\/\/saiga.es\/wp-content\/uploads\/2025\/09\/Pantalons-Kavir-Kapriol.jpg","width":1080,"height":1080,"caption":"Pantalon de travail Kavir vert Kapriol"},{"@type":"BreadcrumbList","@id":"https:\/\/saiga.es\/fr\/produit\/pantalon-de-travail-kavir-vert-kapriol\/#breadcrumb","itemListElement":[{"@type":"ListItem","position":1,"name":"Inici","item":"https:\/\/saiga.es\/fr\/"},{"@type":"ListItem","position":2,"name":"boutique","item":"https:\/\/saiga.es\/fr\/boutique\/"},{"@type":"ListItem","position":3,"name":"Pantalon de travail Kavir vert Kapriol"}]},{"@type":"WebSite","@id":"https:\/\/saiga.es\/fr\/#website","url":"https:\/\/saiga.es\/fr\/","name":"SAIGA","description":"M\u00e9s de 50 anys al servei de la terra i treballant per a un \u00fas eficient de l\u2019aigua!","publisher":{"@id":"https:\/\/saiga.es\/fr\/#organization"},"potentialAction":[{"@type":"SearchAction","target":{"@type":"EntryPoint","urlTemplate":"https:\/\/saiga.es\/fr\/?s={search_term_string}"},"query-input":{"@type":"PropertyValueSpecification","valueRequired":true,"valueName":"search_term_string"}}],"inLanguage":"fr-FR"},{"@type":"Organization","@id":"https:\/\/saiga.es\/fr\/#organization","name":"SAIGA","url":"https:\/\/saiga.es\/fr\/","logo":{"@type":"ImageObject","inLanguage":"fr-FR","@id":"https:\/\/saiga.es\/fr\/#\/schema\/logo\/image\/","url":"https:\/\/saiga.es\/wp-content\/uploads\/2025\/07\/logo_saiga_baseline_optimitzat.svg","contentUrl":"https:\/\/saiga.es\/wp-content\/uploads\/2025\/07\/logo_saiga_baseline_optimitzat.svg","caption":"SAIGA"},"image":{"@id":"https:\/\/saiga.es\/fr\/#\/schema\/logo\/image\/"},"sameAs":["https:\/\/x.com\/saiga_agro","https:\/\/www.instagram.com\/saiga_agro\/"]}]}},"_links":{"self":[{"href":"https:\/\/saiga.es\/fr\/wp-json\/wp\/v2\/product\/16814","targetHints":{"allow":["GET"]}}],"collection":[{"href":"https:\/\/saiga.es\/fr\/wp-json\/wp\/v2\/product"}],"about":[{"href":"https:\/\/saiga.es\/fr\/wp-json\/wp\/v2\/types\/product"}],"replies":[{"embeddable":true,"href":"https:\/\/saiga.es\/fr\/wp-json\/wp\/v2\/comments?post=16814"}],"wp:featuredmedia":[{"embeddable":true,"href":"https:\/\/saiga.es\/fr\/wp-json\/wp\/v2\/media\/16811"}],"wp:attachment":[{"href":"https:\/\/saiga.es\/fr\/wp-json\/wp\/v2\/media?parent=16814"}],"wp:term":[{"taxonomy":"product_brand","embeddable":true,"href":"https:\/\/saiga.es\/fr\/wp-json\/wp\/v2\/product_brand?post=16814"},{"taxonomy":"product_cat","embeddable":true,"href":"https:\/\/saiga.es\/fr\/wp-json\/wp\/v2\/product_cat?post=16814"},{"taxonomy":"product_tag","embeddable":true,"href":"https:\/\/saiga.es\/fr\/wp-json\/wp\/v2\/product_tag?post=16814"}],"curies":[{"name":"wp","href":"https:\/\/api.w.org\/{rel}","templated":true}]}}