{"id":16838,"date":"2025-09-30T07:12:42","date_gmt":"2025-09-30T07:12:42","guid":{"rendered":"https:\/\/saiga.es\/producte\/pantalon-de-travail-slick-de-kapriol\/"},"modified":"2025-09-30T07:12:42","modified_gmt":"2025-09-30T07:12:42","slug":"pantalon-de-travail-slick-de-kapriol","status":"publish","type":"product","link":"https:\/\/saiga.es\/fr\/produit\/pantalon-de-travail-slick-de-kapriol\/","title":{"rendered":"Pantalon de travail Slick de Kapriol"},"content":{"rendered":"<p data-start=\"264\" data-end=\"588\">Le pantalon technique de travail Slick est con\u00e7u pour les professionnels qui travaillent en ext\u00e9rieur et ont besoin d&rsquo;une pi\u00e8ce robuste, confortable et fonctionnelle. Fabriqu\u00e9 avec des mat\u00e9riaux haute r\u00e9sistance et con\u00e7u avec de multiples poches et renforts, ce pantalon offre durabilit\u00e9 et confort dans les conditions exigeantes du quotidien. <\/p>\n<p data-start=\"590\" data-end=\"621\">Caract\u00e9ristiques remarquables<\/p>\n<p>&#8211; Multi-poches : deux larges poches avant avec soufflet, poches avec rabat et soufflet, poche pour outils et t\u00e9l\u00e9phone, et poches pour genouill\u00e8res.<br \/>\n&#8211; Renforts : renforts post\u00e9rieurs au bas de la jambe pour augmenter la r\u00e9sistance et prot\u00e9ger les zones vuln\u00e9rables.<br \/>\n&#8211; Ceinture \u00e9lastique : procure un ajustement confortable et une adaptation au mouvement.<br \/>\n&#8211; Tissu technique : composition de 65 % polyester \/ 32 % coton \/ 3 % \u00e9lasthanne, avec un poids de 260 g\/m\u00b2, qui combine r\u00e9sistance et flexibilit\u00e9.<br \/>\n&#8211; Renforts : 100 % polyester dans les zones de plus grande usure.<br \/>\n&#8211; Technologie Kflex HD : tissus \u00e0 texture flexible (sans \u00e9lasthanne) qui assurent stabilit\u00e9, robustesse et confort lors d&rsquo;un usage continu.<\/p>\n<p data-start=\"1547\" data-end=\"1565\">Performance et utilisation<\/p>\n<p data-start=\"1711\" data-end=\"1952\">En premier lieu, il offre une haute durabilit\u00e9 gr\u00e2ce aux coutures renforc\u00e9es et \u00e0 la r\u00e9sistance au lavage \u00e0 hautes temp\u00e9ratures. De plus, sa coupe Regular Fit \u00e9vite que le pantalon ne tombe en s&rsquo;accroupissant et garantit la libert\u00e9 de mouvement. <\/p>\n<p data-start=\"1954\" data-end=\"2149\">Enfin, la gamme de tailles sur le site web des tailles M \u00e0 XXXL permet d&rsquo;adapter le pantalon \u00e0 tout besoin professionnel ou style.<\/p>\n","protected":false},"excerpt":{"rendered":"<p>Le pantalon technique de travail Slick est con\u00e7u pour les professionnels qui travaillent en ext\u00e9rieur et ont besoin d&rsquo;une pi\u00e8ce robuste, confortable et fonctionnelle. Fabriqu\u00e9 avec des mat\u00e9riaux haute r\u00e9sistance et con\u00e7u avec de multiples poches et renforts, ce pantalon offre durabilit\u00e9 et confort dans les conditions exigeantes du quotidien. <\/p>\n","protected":false},"featured_media":16831,"comment_status":"open","ping_status":"closed","template":"","meta":[],"product_brand":[2271],"product_cat":[2309],"product_tag":[],"class_list":{"0":"post-16838","1":"product","2":"type-product","3":"status-publish","4":"has-post-thumbnail","6":"product_brand-kapriol","7":"product_cat-pantalon-de-travail","9":"first","10":"instock","11":"taxable","12":"shipping-taxable","13":"purchasable","14":"product-type-variable"},"yoast_head":"<!-- This site is optimized with the Yoast SEO plugin v27.3 - https:\/\/yoast.com\/product\/yoast-seo-wordpress\/ -->\n<title>Pantalon de travail Slick de Kapriol | SAIGA<\/title>\n<meta name=\"description\" content=\"Pantalon Slick Kapriol : robuste, polyvalent. Multi-poches, renforts, Kflex HD, coupe regular. Performance maximale.\" \/>\n<meta name=\"robots\" content=\"index, follow, max-snippet:-1, max-image-preview:large, max-video-preview:-1\" \/>\n<link rel=\"canonical\" href=\"https:\/\/saiga.es\/fr\/produit\/pantalon-de-travail-slick-de-kapriol\/\" \/>\n<meta property=\"og:locale\" content=\"fr_FR\" \/>\n<meta property=\"og:type\" content=\"article\" \/>\n<meta property=\"og:title\" content=\"Pantalon de travail Slick de Kapriol | SAIGA\" \/>\n<meta property=\"og:description\" content=\"Pantalon Slick Kapriol : robuste, polyvalent. Multi-poches, renforts, Kflex HD, coupe regular. Performance maximale.\" \/>\n<meta property=\"og:url\" content=\"https:\/\/saiga.es\/fr\/produit\/pantalon-de-travail-slick-de-kapriol\/\" \/>\n<meta property=\"og:site_name\" content=\"SAIGA\" \/>\n<meta property=\"og:image\" content=\"https:\/\/saiga.es\/wp-content\/uploads\/2025\/09\/Pantalons-de-treball-Slick.jpg\" \/>\n\t<meta property=\"og:image:width\" content=\"1080\" \/>\n\t<meta property=\"og:image:height\" content=\"1080\" \/>\n\t<meta property=\"og:image:type\" content=\"image\/jpeg\" \/>\n<meta name=\"twitter:card\" content=\"summary_large_image\" \/>\n<meta name=\"twitter:site\" content=\"@saiga_agro\" \/>\n<meta name=\"twitter:label1\" content=\"Dur\u00e9e de lecture estim\u00e9e\" \/>\n\t<meta name=\"twitter:data1\" content=\"1 minute\" \/>\n<script type=\"application\/ld+json\" class=\"yoast-schema-graph\">{\"@context\":\"https:\\\/\\\/schema.org\",\"@graph\":[{\"@type\":\"WebPage\",\"@id\":\"https:\\\/\\\/saiga.es\\\/fr\\\/produit\\\/pantalon-de-travail-slick-de-kapriol\\\/\",\"url\":\"https:\\\/\\\/saiga.es\\\/fr\\\/produit\\\/pantalon-de-travail-slick-de-kapriol\\\/\",\"name\":\"Pantalon de travail Slick de Kapriol | SAIGA\",\"isPartOf\":{\"@id\":\"https:\\\/\\\/saiga.es\\\/fr\\\/#website\"},\"primaryImageOfPage\":{\"@id\":\"https:\\\/\\\/saiga.es\\\/fr\\\/produit\\\/pantalon-de-travail-slick-de-kapriol\\\/#primaryimage\"},\"image\":{\"@id\":\"https:\\\/\\\/saiga.es\\\/fr\\\/produit\\\/pantalon-de-travail-slick-de-kapriol\\\/#primaryimage\"},\"thumbnailUrl\":\"https:\\\/\\\/saiga.es\\\/wp-content\\\/uploads\\\/2025\\\/09\\\/Pantalons-de-treball-Slick.jpg\",\"datePublished\":\"2025-09-30T07:12:42+00:00\",\"description\":\"Pantalon Slick Kapriol : robuste, polyvalent. Multi-poches, renforts, Kflex HD, coupe regular. Performance maximale.\",\"breadcrumb\":{\"@id\":\"https:\\\/\\\/saiga.es\\\/fr\\\/produit\\\/pantalon-de-travail-slick-de-kapriol\\\/#breadcrumb\"},\"inLanguage\":\"fr-FR\",\"potentialAction\":[{\"@type\":\"ReadAction\",\"target\":[\"https:\\\/\\\/saiga.es\\\/fr\\\/produit\\\/pantalon-de-travail-slick-de-kapriol\\\/\"]}]},{\"@type\":\"ImageObject\",\"inLanguage\":\"fr-FR\",\"@id\":\"https:\\\/\\\/saiga.es\\\/fr\\\/produit\\\/pantalon-de-travail-slick-de-kapriol\\\/#primaryimage\",\"url\":\"https:\\\/\\\/saiga.es\\\/wp-content\\\/uploads\\\/2025\\\/09\\\/Pantalons-de-treball-Slick.jpg\",\"contentUrl\":\"https:\\\/\\\/saiga.es\\\/wp-content\\\/uploads\\\/2025\\\/09\\\/Pantalons-de-treball-Slick.jpg\",\"width\":1080,\"height\":1080,\"caption\":\"Pantalon de travail Slick\"},{\"@type\":\"BreadcrumbList\",\"@id\":\"https:\\\/\\\/saiga.es\\\/fr\\\/produit\\\/pantalon-de-travail-slick-de-kapriol\\\/#breadcrumb\",\"itemListElement\":[{\"@type\":\"ListItem\",\"position\":1,\"name\":\"Inici\",\"item\":\"https:\\\/\\\/saiga.es\\\/fr\\\/\"},{\"@type\":\"ListItem\",\"position\":2,\"name\":\"boutique\",\"item\":\"https:\\\/\\\/saiga.es\\\/fr\\\/boutique\\\/\"},{\"@type\":\"ListItem\",\"position\":3,\"name\":\"Pantalon de travail Slick de Kapriol\"}]},{\"@type\":\"WebSite\",\"@id\":\"https:\\\/\\\/saiga.es\\\/fr\\\/#website\",\"url\":\"https:\\\/\\\/saiga.es\\\/fr\\\/\",\"name\":\"SAIGA\",\"description\":\"M\u00e9s de 50 anys al servei de la terra i treballant per a un \u00fas eficient de l\u2019aigua!\",\"publisher\":{\"@id\":\"https:\\\/\\\/saiga.es\\\/fr\\\/#organization\"},\"potentialAction\":[{\"@type\":\"SearchAction\",\"target\":{\"@type\":\"EntryPoint\",\"urlTemplate\":\"https:\\\/\\\/saiga.es\\\/fr\\\/?s={search_term_string}\"},\"query-input\":{\"@type\":\"PropertyValueSpecification\",\"valueRequired\":true,\"valueName\":\"search_term_string\"}}],\"inLanguage\":\"fr-FR\"},{\"@type\":\"Organization\",\"@id\":\"https:\\\/\\\/saiga.es\\\/fr\\\/#organization\",\"name\":\"SAIGA\",\"url\":\"https:\\\/\\\/saiga.es\\\/fr\\\/\",\"logo\":{\"@type\":\"ImageObject\",\"inLanguage\":\"fr-FR\",\"@id\":\"https:\\\/\\\/saiga.es\\\/fr\\\/#\\\/schema\\\/logo\\\/image\\\/\",\"url\":\"https:\\\/\\\/saiga.es\\\/wp-content\\\/uploads\\\/2025\\\/07\\\/logo_saiga_baseline_optimitzat.svg\",\"contentUrl\":\"https:\\\/\\\/saiga.es\\\/wp-content\\\/uploads\\\/2025\\\/07\\\/logo_saiga_baseline_optimitzat.svg\",\"caption\":\"SAIGA\"},\"image\":{\"@id\":\"https:\\\/\\\/saiga.es\\\/fr\\\/#\\\/schema\\\/logo\\\/image\\\/\"},\"sameAs\":[\"https:\\\/\\\/x.com\\\/saiga_agro\",\"https:\\\/\\\/www.instagram.com\\\/saiga_agro\\\/\"]}]}<\/script>\n<!-- \/ Yoast SEO plugin. -->","yoast_head_json":{"title":"Pantalon de travail Slick de Kapriol | SAIGA","description":"Pantalon Slick Kapriol : robuste, polyvalent. Multi-poches, renforts, Kflex HD, coupe regular. Performance maximale.","robots":{"index":"index","follow":"follow","max-snippet":"max-snippet:-1","max-image-preview":"max-image-preview:large","max-video-preview":"max-video-preview:-1"},"canonical":"https:\/\/saiga.es\/fr\/produit\/pantalon-de-travail-slick-de-kapriol\/","og_locale":"fr_FR","og_type":"article","og_title":"Pantalon de travail Slick de Kapriol | SAIGA","og_description":"Pantalon Slick Kapriol : robuste, polyvalent. Multi-poches, renforts, Kflex HD, coupe regular. Performance maximale.","og_url":"https:\/\/saiga.es\/fr\/produit\/pantalon-de-travail-slick-de-kapriol\/","og_site_name":"SAIGA","og_image":[{"width":1080,"height":1080,"url":"https:\/\/saiga.es\/wp-content\/uploads\/2025\/09\/Pantalons-de-treball-Slick.jpg","type":"image\/jpeg"}],"twitter_card":"summary_large_image","twitter_site":"@saiga_agro","twitter_misc":{"Dur\u00e9e de lecture estim\u00e9e":"1 minute"},"schema":{"@context":"https:\/\/schema.org","@graph":[{"@type":"WebPage","@id":"https:\/\/saiga.es\/fr\/produit\/pantalon-de-travail-slick-de-kapriol\/","url":"https:\/\/saiga.es\/fr\/produit\/pantalon-de-travail-slick-de-kapriol\/","name":"Pantalon de travail Slick de Kapriol | SAIGA","isPartOf":{"@id":"https:\/\/saiga.es\/fr\/#website"},"primaryImageOfPage":{"@id":"https:\/\/saiga.es\/fr\/produit\/pantalon-de-travail-slick-de-kapriol\/#primaryimage"},"image":{"@id":"https:\/\/saiga.es\/fr\/produit\/pantalon-de-travail-slick-de-kapriol\/#primaryimage"},"thumbnailUrl":"https:\/\/saiga.es\/wp-content\/uploads\/2025\/09\/Pantalons-de-treball-Slick.jpg","datePublished":"2025-09-30T07:12:42+00:00","description":"Pantalon Slick Kapriol : robuste, polyvalent. Multi-poches, renforts, Kflex HD, coupe regular. Performance maximale.","breadcrumb":{"@id":"https:\/\/saiga.es\/fr\/produit\/pantalon-de-travail-slick-de-kapriol\/#breadcrumb"},"inLanguage":"fr-FR","potentialAction":[{"@type":"ReadAction","target":["https:\/\/saiga.es\/fr\/produit\/pantalon-de-travail-slick-de-kapriol\/"]}]},{"@type":"ImageObject","inLanguage":"fr-FR","@id":"https:\/\/saiga.es\/fr\/produit\/pantalon-de-travail-slick-de-kapriol\/#primaryimage","url":"https:\/\/saiga.es\/wp-content\/uploads\/2025\/09\/Pantalons-de-treball-Slick.jpg","contentUrl":"https:\/\/saiga.es\/wp-content\/uploads\/2025\/09\/Pantalons-de-treball-Slick.jpg","width":1080,"height":1080,"caption":"Pantalon de travail Slick"},{"@type":"BreadcrumbList","@id":"https:\/\/saiga.es\/fr\/produit\/pantalon-de-travail-slick-de-kapriol\/#breadcrumb","itemListElement":[{"@type":"ListItem","position":1,"name":"Inici","item":"https:\/\/saiga.es\/fr\/"},{"@type":"ListItem","position":2,"name":"boutique","item":"https:\/\/saiga.es\/fr\/boutique\/"},{"@type":"ListItem","position":3,"name":"Pantalon de travail Slick de Kapriol"}]},{"@type":"WebSite","@id":"https:\/\/saiga.es\/fr\/#website","url":"https:\/\/saiga.es\/fr\/","name":"SAIGA","description":"M\u00e9s de 50 anys al servei de la terra i treballant per a un \u00fas eficient de l\u2019aigua!","publisher":{"@id":"https:\/\/saiga.es\/fr\/#organization"},"potentialAction":[{"@type":"SearchAction","target":{"@type":"EntryPoint","urlTemplate":"https:\/\/saiga.es\/fr\/?s={search_term_string}"},"query-input":{"@type":"PropertyValueSpecification","valueRequired":true,"valueName":"search_term_string"}}],"inLanguage":"fr-FR"},{"@type":"Organization","@id":"https:\/\/saiga.es\/fr\/#organization","name":"SAIGA","url":"https:\/\/saiga.es\/fr\/","logo":{"@type":"ImageObject","inLanguage":"fr-FR","@id":"https:\/\/saiga.es\/fr\/#\/schema\/logo\/image\/","url":"https:\/\/saiga.es\/wp-content\/uploads\/2025\/07\/logo_saiga_baseline_optimitzat.svg","contentUrl":"https:\/\/saiga.es\/wp-content\/uploads\/2025\/07\/logo_saiga_baseline_optimitzat.svg","caption":"SAIGA"},"image":{"@id":"https:\/\/saiga.es\/fr\/#\/schema\/logo\/image\/"},"sameAs":["https:\/\/x.com\/saiga_agro","https:\/\/www.instagram.com\/saiga_agro\/"]}]}},"_links":{"self":[{"href":"https:\/\/saiga.es\/fr\/wp-json\/wp\/v2\/product\/16838","targetHints":{"allow":["GET"]}}],"collection":[{"href":"https:\/\/saiga.es\/fr\/wp-json\/wp\/v2\/product"}],"about":[{"href":"https:\/\/saiga.es\/fr\/wp-json\/wp\/v2\/types\/product"}],"replies":[{"embeddable":true,"href":"https:\/\/saiga.es\/fr\/wp-json\/wp\/v2\/comments?post=16838"}],"wp:featuredmedia":[{"embeddable":true,"href":"https:\/\/saiga.es\/fr\/wp-json\/wp\/v2\/media\/16831"}],"wp:attachment":[{"href":"https:\/\/saiga.es\/fr\/wp-json\/wp\/v2\/media?parent=16838"}],"wp:term":[{"taxonomy":"product_brand","embeddable":true,"href":"https:\/\/saiga.es\/fr\/wp-json\/wp\/v2\/product_brand?post=16838"},{"taxonomy":"product_cat","embeddable":true,"href":"https:\/\/saiga.es\/fr\/wp-json\/wp\/v2\/product_cat?post=16838"},{"taxonomy":"product_tag","embeddable":true,"href":"https:\/\/saiga.es\/fr\/wp-json\/wp\/v2\/product_tag?post=16838"}],"curies":[{"name":"wp","href":"https:\/\/api.w.org\/{rel}","templated":true}]}}