{"id":16866,"date":"2025-09-30T07:58:25","date_gmt":"2025-09-30T07:58:25","guid":{"rendered":"https:\/\/saiga.es\/producte\/pantalon-de-travail-tropic-de-kapriol\/"},"modified":"2025-09-30T07:58:25","modified_gmt":"2025-09-30T07:58:25","slug":"pantalon-de-travail-tropic-de-kapriol","status":"publish","type":"product","link":"https:\/\/saiga.es\/fr\/produit\/pantalon-de-travail-tropic-de-kapriol\/","title":{"rendered":"Pantalon de travail Tropic de Kapriol"},"content":{"rendered":"<p data-start=\"259\" data-end=\"585\">Le pantalon technique Tropic est con\u00e7u pour ceux qui travaillent en ext\u00e9rieur et exigent confort et protection. De plus, il offre des fonctionnalit\u00e9s sp\u00e9cifiques qui le rendent id\u00e9al dans des conditions d&rsquo;exposition solaire intense. Par cons\u00e9quent, c&rsquo;est une excellente option pour les professionnels qui ont besoin de performance et de confort simultan\u00e9ment.  <\/p>\n<p data-start=\"592\" data-end=\"623\">Principales caract\u00e9ristiques<\/p>\n<p data-start=\"627\" data-end=\"736\">&#8211; Protection solaire UPF 50+ : garantit une d\u00e9fense contre les rayons UV pendant les activit\u00e9s en ext\u00e9rieur.<br \/>\n&#8211; Taille \u00e9lastique : permet un ajustement confortable et s\u00fbr, m\u00eame lors de mouvements fr\u00e9quents.<br \/>\n&#8211; Poche zipp\u00e9e oblique sur la jambe gauche : parfaite pour ranger les objets de travail en toute s\u00e9curit\u00e9.<br \/>\n&#8211; Poche pour le m\u00e8tre : utile pour avoir cet outil toujours \u00e0 port\u00e9e de main, sans g\u00eane.<\/p>\n<p data-start=\"1039\" data-end=\"1065\">Mat\u00e9riaux et technologie<\/p>\n<p data-start=\"1067\" data-end=\"1539\">Le tissu principal est compos\u00e9 de 76 % de polyester et 24 % de coton, avec un poids l\u00e9ger de 156 g\/m\u00b2, ce qui offre une combinaison \u00e9quilibr\u00e9e entre r\u00e9sistance et l\u00e9g\u00e8ret\u00e9. De plus, il int\u00e8gre la technologie KDry, qui assure un s\u00e9chage rapide et un confort accru, car elle emp\u00eache le v\u00eatement de retenir l&rsquo;humidit\u00e9. Enfin, les coutures renforc\u00e9es et le traitement technique du tissu contribuent \u00e0 la durabilit\u00e9 et \u00e0 la r\u00e9sistance \u00e0 l&rsquo;usure et aux lavages r\u00e9p\u00e9t\u00e9s.  <\/p>\n<p data-start=\"1546\" data-end=\"1574\">Avantages pour l&rsquo;utilisateur<\/p>\n<p data-start=\"1576\" data-end=\"1951\">Tout d&rsquo;abord, la coupe Regular Fit assure une silhouette ajust\u00e9e mais confortable : l&rsquo;entrejambe profil\u00e9 emp\u00eache le pantalon de bouger lorsque vous vous penchez et, en m\u00eame temps, permet une libert\u00e9 de mouvement pour les jambes. De plus, la combinaison du tissu l\u00e9ger, de la protection UV et du s\u00e9chage rapide le rend id\u00e9al pour les longues journ\u00e9es sous le soleil et les environnements humides. <\/p>\n<p data-start=\"1953\" data-end=\"2177\">Enfin, la disponibilit\u00e9 d&rsquo;une multitude de tailles (du S au XXXL) et de plusieurs couleurs (vert, gris, orange) permet \u00e0 chaque professionnel de choisir l&rsquo;option qui correspond le mieux \u00e0 son style et \u00e0 ses besoins.<\/p>\n","protected":false},"excerpt":{"rendered":"<p>Le pantalon technique Tropic est con\u00e7u pour ceux qui travaillent en ext\u00e9rieur et exigent confort et protection. De plus, il offre des fonctionnalit\u00e9s sp\u00e9cifiques qui le rendent id\u00e9al dans des conditions d&rsquo;exposition solaire intense. Par cons\u00e9quent, c&rsquo;est une excellente option pour les professionnels qui ont besoin de performance et de confort simultan\u00e9ment.  <\/p>\n","protected":false},"featured_media":16858,"comment_status":"closed","ping_status":"closed","template":"","meta":[],"product_brand":[],"product_cat":[2309],"product_tag":[],"class_list":{"0":"post-16866","1":"product","2":"type-product","3":"status-publish","4":"has-post-thumbnail","6":"product_cat-pantalon-de-travail","8":"first","9":"instock","10":"taxable","11":"shipping-taxable","12":"purchasable","13":"product-type-variable"},"yoast_head":"<!-- This site is optimized with the Yoast SEO plugin v27.3 - https:\/\/yoast.com\/product\/yoast-seo-wordpress\/ -->\n<title>Pantalon de travail Tropic de Kapriol | SAIGA<\/title>\n<meta name=\"description\" content=\"Pantalon de travail Tropic de Kapriol : protection UPF 50+, s\u00e9chage rapide, grande durabilit\u00e9 et poches fonctionnelles. Id\u00e9al pour le travail en ext\u00e9rieur.\" \/>\n<meta name=\"robots\" content=\"index, follow, max-snippet:-1, max-image-preview:large, max-video-preview:-1\" \/>\n<link rel=\"canonical\" href=\"https:\/\/saiga.es\/fr\/produit\/pantalon-de-travail-tropic-de-kapriol\/\" \/>\n<meta property=\"og:locale\" content=\"fr_FR\" \/>\n<meta property=\"og:type\" content=\"article\" \/>\n<meta property=\"og:title\" content=\"Pantalon de travail Tropic de Kapriol | SAIGA\" \/>\n<meta property=\"og:description\" content=\"Pantalon de travail Tropic de Kapriol : protection UPF 50+, s\u00e9chage rapide, grande durabilit\u00e9 et poches fonctionnelles. Id\u00e9al pour le travail en ext\u00e9rieur.\" \/>\n<meta property=\"og:url\" content=\"https:\/\/saiga.es\/fr\/produit\/pantalon-de-travail-tropic-de-kapriol\/\" \/>\n<meta property=\"og:site_name\" content=\"SAIGA\" \/>\n<meta property=\"og:image\" content=\"https:\/\/saiga.es\/wp-content\/uploads\/2025\/09\/Pantalons-de-treball-Tropic.jpg\" \/>\n\t<meta property=\"og:image:width\" content=\"1080\" \/>\n\t<meta property=\"og:image:height\" content=\"1080\" \/>\n\t<meta property=\"og:image:type\" content=\"image\/jpeg\" \/>\n<meta name=\"twitter:card\" content=\"summary_large_image\" \/>\n<meta name=\"twitter:site\" content=\"@saiga_agro\" \/>\n<meta name=\"twitter:label1\" content=\"Dur\u00e9e de lecture estim\u00e9e\" \/>\n\t<meta name=\"twitter:data1\" content=\"2 minutes\" \/>\n<script type=\"application\/ld+json\" class=\"yoast-schema-graph\">{\"@context\":\"https:\\\/\\\/schema.org\",\"@graph\":[{\"@type\":\"WebPage\",\"@id\":\"https:\\\/\\\/saiga.es\\\/fr\\\/produit\\\/pantalon-de-travail-tropic-de-kapriol\\\/\",\"url\":\"https:\\\/\\\/saiga.es\\\/fr\\\/produit\\\/pantalon-de-travail-tropic-de-kapriol\\\/\",\"name\":\"Pantalon de travail Tropic de Kapriol | SAIGA\",\"isPartOf\":{\"@id\":\"https:\\\/\\\/saiga.es\\\/fr\\\/#website\"},\"primaryImageOfPage\":{\"@id\":\"https:\\\/\\\/saiga.es\\\/fr\\\/produit\\\/pantalon-de-travail-tropic-de-kapriol\\\/#primaryimage\"},\"image\":{\"@id\":\"https:\\\/\\\/saiga.es\\\/fr\\\/produit\\\/pantalon-de-travail-tropic-de-kapriol\\\/#primaryimage\"},\"thumbnailUrl\":\"https:\\\/\\\/saiga.es\\\/wp-content\\\/uploads\\\/2025\\\/09\\\/Pantalons-de-treball-Tropic.jpg\",\"datePublished\":\"2025-09-30T07:58:25+00:00\",\"description\":\"Pantalon de travail Tropic de Kapriol : protection UPF 50+, s\u00e9chage rapide, grande durabilit\u00e9 et poches fonctionnelles. Id\u00e9al pour le travail en ext\u00e9rieur.\",\"breadcrumb\":{\"@id\":\"https:\\\/\\\/saiga.es\\\/fr\\\/produit\\\/pantalon-de-travail-tropic-de-kapriol\\\/#breadcrumb\"},\"inLanguage\":\"fr-FR\",\"potentialAction\":[{\"@type\":\"ReadAction\",\"target\":[\"https:\\\/\\\/saiga.es\\\/fr\\\/produit\\\/pantalon-de-travail-tropic-de-kapriol\\\/\"]}]},{\"@type\":\"ImageObject\",\"inLanguage\":\"fr-FR\",\"@id\":\"https:\\\/\\\/saiga.es\\\/fr\\\/produit\\\/pantalon-de-travail-tropic-de-kapriol\\\/#primaryimage\",\"url\":\"https:\\\/\\\/saiga.es\\\/wp-content\\\/uploads\\\/2025\\\/09\\\/Pantalons-de-treball-Tropic.jpg\",\"contentUrl\":\"https:\\\/\\\/saiga.es\\\/wp-content\\\/uploads\\\/2025\\\/09\\\/Pantalons-de-treball-Tropic.jpg\",\"width\":1080,\"height\":1080,\"caption\":\"Pantalon de travail Tropic de Kapriol\"},{\"@type\":\"BreadcrumbList\",\"@id\":\"https:\\\/\\\/saiga.es\\\/fr\\\/produit\\\/pantalon-de-travail-tropic-de-kapriol\\\/#breadcrumb\",\"itemListElement\":[{\"@type\":\"ListItem\",\"position\":1,\"name\":\"Inici\",\"item\":\"https:\\\/\\\/saiga.es\\\/fr\\\/\"},{\"@type\":\"ListItem\",\"position\":2,\"name\":\"boutique\",\"item\":\"https:\\\/\\\/saiga.es\\\/fr\\\/boutique\\\/\"},{\"@type\":\"ListItem\",\"position\":3,\"name\":\"Pantalon de travail Tropic de Kapriol\"}]},{\"@type\":\"WebSite\",\"@id\":\"https:\\\/\\\/saiga.es\\\/fr\\\/#website\",\"url\":\"https:\\\/\\\/saiga.es\\\/fr\\\/\",\"name\":\"SAIGA\",\"description\":\"M\u00e9s de 50 anys al servei de la terra i treballant per a un \u00fas eficient de l\u2019aigua!\",\"publisher\":{\"@id\":\"https:\\\/\\\/saiga.es\\\/fr\\\/#organization\"},\"potentialAction\":[{\"@type\":\"SearchAction\",\"target\":{\"@type\":\"EntryPoint\",\"urlTemplate\":\"https:\\\/\\\/saiga.es\\\/fr\\\/?s={search_term_string}\"},\"query-input\":{\"@type\":\"PropertyValueSpecification\",\"valueRequired\":true,\"valueName\":\"search_term_string\"}}],\"inLanguage\":\"fr-FR\"},{\"@type\":\"Organization\",\"@id\":\"https:\\\/\\\/saiga.es\\\/fr\\\/#organization\",\"name\":\"SAIGA\",\"url\":\"https:\\\/\\\/saiga.es\\\/fr\\\/\",\"logo\":{\"@type\":\"ImageObject\",\"inLanguage\":\"fr-FR\",\"@id\":\"https:\\\/\\\/saiga.es\\\/fr\\\/#\\\/schema\\\/logo\\\/image\\\/\",\"url\":\"https:\\\/\\\/saiga.es\\\/wp-content\\\/uploads\\\/2025\\\/07\\\/logo_saiga_baseline_optimitzat.svg\",\"contentUrl\":\"https:\\\/\\\/saiga.es\\\/wp-content\\\/uploads\\\/2025\\\/07\\\/logo_saiga_baseline_optimitzat.svg\",\"caption\":\"SAIGA\"},\"image\":{\"@id\":\"https:\\\/\\\/saiga.es\\\/fr\\\/#\\\/schema\\\/logo\\\/image\\\/\"},\"sameAs\":[\"https:\\\/\\\/x.com\\\/saiga_agro\",\"https:\\\/\\\/www.instagram.com\\\/saiga_agro\\\/\"]}]}<\/script>\n<!-- \/ Yoast SEO plugin. -->","yoast_head_json":{"title":"Pantalon de travail Tropic de Kapriol | SAIGA","description":"Pantalon de travail Tropic de Kapriol : protection UPF 50+, s\u00e9chage rapide, grande durabilit\u00e9 et poches fonctionnelles. Id\u00e9al pour le travail en ext\u00e9rieur.","robots":{"index":"index","follow":"follow","max-snippet":"max-snippet:-1","max-image-preview":"max-image-preview:large","max-video-preview":"max-video-preview:-1"},"canonical":"https:\/\/saiga.es\/fr\/produit\/pantalon-de-travail-tropic-de-kapriol\/","og_locale":"fr_FR","og_type":"article","og_title":"Pantalon de travail Tropic de Kapriol | SAIGA","og_description":"Pantalon de travail Tropic de Kapriol : protection UPF 50+, s\u00e9chage rapide, grande durabilit\u00e9 et poches fonctionnelles. Id\u00e9al pour le travail en ext\u00e9rieur.","og_url":"https:\/\/saiga.es\/fr\/produit\/pantalon-de-travail-tropic-de-kapriol\/","og_site_name":"SAIGA","og_image":[{"width":1080,"height":1080,"url":"https:\/\/saiga.es\/wp-content\/uploads\/2025\/09\/Pantalons-de-treball-Tropic.jpg","type":"image\/jpeg"}],"twitter_card":"summary_large_image","twitter_site":"@saiga_agro","twitter_misc":{"Dur\u00e9e de lecture estim\u00e9e":"2 minutes"},"schema":{"@context":"https:\/\/schema.org","@graph":[{"@type":"WebPage","@id":"https:\/\/saiga.es\/fr\/produit\/pantalon-de-travail-tropic-de-kapriol\/","url":"https:\/\/saiga.es\/fr\/produit\/pantalon-de-travail-tropic-de-kapriol\/","name":"Pantalon de travail Tropic de Kapriol | SAIGA","isPartOf":{"@id":"https:\/\/saiga.es\/fr\/#website"},"primaryImageOfPage":{"@id":"https:\/\/saiga.es\/fr\/produit\/pantalon-de-travail-tropic-de-kapriol\/#primaryimage"},"image":{"@id":"https:\/\/saiga.es\/fr\/produit\/pantalon-de-travail-tropic-de-kapriol\/#primaryimage"},"thumbnailUrl":"https:\/\/saiga.es\/wp-content\/uploads\/2025\/09\/Pantalons-de-treball-Tropic.jpg","datePublished":"2025-09-30T07:58:25+00:00","description":"Pantalon de travail Tropic de Kapriol : protection UPF 50+, s\u00e9chage rapide, grande durabilit\u00e9 et poches fonctionnelles. Id\u00e9al pour le travail en ext\u00e9rieur.","breadcrumb":{"@id":"https:\/\/saiga.es\/fr\/produit\/pantalon-de-travail-tropic-de-kapriol\/#breadcrumb"},"inLanguage":"fr-FR","potentialAction":[{"@type":"ReadAction","target":["https:\/\/saiga.es\/fr\/produit\/pantalon-de-travail-tropic-de-kapriol\/"]}]},{"@type":"ImageObject","inLanguage":"fr-FR","@id":"https:\/\/saiga.es\/fr\/produit\/pantalon-de-travail-tropic-de-kapriol\/#primaryimage","url":"https:\/\/saiga.es\/wp-content\/uploads\/2025\/09\/Pantalons-de-treball-Tropic.jpg","contentUrl":"https:\/\/saiga.es\/wp-content\/uploads\/2025\/09\/Pantalons-de-treball-Tropic.jpg","width":1080,"height":1080,"caption":"Pantalon de travail Tropic de Kapriol"},{"@type":"BreadcrumbList","@id":"https:\/\/saiga.es\/fr\/produit\/pantalon-de-travail-tropic-de-kapriol\/#breadcrumb","itemListElement":[{"@type":"ListItem","position":1,"name":"Inici","item":"https:\/\/saiga.es\/fr\/"},{"@type":"ListItem","position":2,"name":"boutique","item":"https:\/\/saiga.es\/fr\/boutique\/"},{"@type":"ListItem","position":3,"name":"Pantalon de travail Tropic de Kapriol"}]},{"@type":"WebSite","@id":"https:\/\/saiga.es\/fr\/#website","url":"https:\/\/saiga.es\/fr\/","name":"SAIGA","description":"M\u00e9s de 50 anys al servei de la terra i treballant per a un \u00fas eficient de l\u2019aigua!","publisher":{"@id":"https:\/\/saiga.es\/fr\/#organization"},"potentialAction":[{"@type":"SearchAction","target":{"@type":"EntryPoint","urlTemplate":"https:\/\/saiga.es\/fr\/?s={search_term_string}"},"query-input":{"@type":"PropertyValueSpecification","valueRequired":true,"valueName":"search_term_string"}}],"inLanguage":"fr-FR"},{"@type":"Organization","@id":"https:\/\/saiga.es\/fr\/#organization","name":"SAIGA","url":"https:\/\/saiga.es\/fr\/","logo":{"@type":"ImageObject","inLanguage":"fr-FR","@id":"https:\/\/saiga.es\/fr\/#\/schema\/logo\/image\/","url":"https:\/\/saiga.es\/wp-content\/uploads\/2025\/07\/logo_saiga_baseline_optimitzat.svg","contentUrl":"https:\/\/saiga.es\/wp-content\/uploads\/2025\/07\/logo_saiga_baseline_optimitzat.svg","caption":"SAIGA"},"image":{"@id":"https:\/\/saiga.es\/fr\/#\/schema\/logo\/image\/"},"sameAs":["https:\/\/x.com\/saiga_agro","https:\/\/www.instagram.com\/saiga_agro\/"]}]}},"_links":{"self":[{"href":"https:\/\/saiga.es\/fr\/wp-json\/wp\/v2\/product\/16866","targetHints":{"allow":["GET"]}}],"collection":[{"href":"https:\/\/saiga.es\/fr\/wp-json\/wp\/v2\/product"}],"about":[{"href":"https:\/\/saiga.es\/fr\/wp-json\/wp\/v2\/types\/product"}],"replies":[{"embeddable":true,"href":"https:\/\/saiga.es\/fr\/wp-json\/wp\/v2\/comments?post=16866"}],"wp:featuredmedia":[{"embeddable":true,"href":"https:\/\/saiga.es\/fr\/wp-json\/wp\/v2\/media\/16858"}],"wp:attachment":[{"href":"https:\/\/saiga.es\/fr\/wp-json\/wp\/v2\/media?parent=16866"}],"wp:term":[{"taxonomy":"product_brand","embeddable":true,"href":"https:\/\/saiga.es\/fr\/wp-json\/wp\/v2\/product_brand?post=16866"},{"taxonomy":"product_cat","embeddable":true,"href":"https:\/\/saiga.es\/fr\/wp-json\/wp\/v2\/product_cat?post=16866"},{"taxonomy":"product_tag","embeddable":true,"href":"https:\/\/saiga.es\/fr\/wp-json\/wp\/v2\/product_tag?post=16866"}],"curies":[{"name":"wp","href":"https:\/\/api.w.org\/{rel}","templated":true}]}}