{"id":16890,"date":"2025-09-30T13:33:36","date_gmt":"2025-09-30T13:33:36","guid":{"rendered":"https:\/\/saiga.es\/producte\/t-shirt-a-sechage-rapide-kapriol\/"},"modified":"2025-12-09T14:33:27","modified_gmt":"2025-12-09T14:33:27","slug":"t-shirt-a-sechage-rapide-kapriol","status":"publish","type":"product","link":"https:\/\/saiga.es\/fr\/produit\/t-shirt-a-sechage-rapide-kapriol\/","title":{"rendered":"T-shirt \u00e0 s\u00e9chage rapide Kapriol"},"content":{"rendered":"<p data-start=\"254\" data-end=\"603\">La veste technique Quick Dry de Kapriol est la meilleure option pour les professionnels qui recherchent confort et fra\u00eecheur pendant les longues journ\u00e9es. De plus, gr\u00e2ce \u00e0 son tissu l\u00e9ger et respirant, elle garantit des performances optimales dans les environnements chauds ou lors d&rsquo;une activit\u00e9 physique intense. C&rsquo;est donc une pi\u00e8ce indispensable, aussi bien pour la feina que pour les journ\u00e9es ensoleill\u00e9es.  <\/p>\n<p data-start=\"605\" data-end=\"636\">Principales caract\u00e9risticas<\/p>\n<p data-start=\"639\" data-end=\"742\">-Tissu polyester respirant : favorise la circulation de l&rsquo;air et aide \u00e0 garder la peau s\u00e8che.<br \/>\n-Technologie de s\u00e9chage rapide : \u00e9vacue l&rsquo;humidit\u00e9 et r\u00e9duit le temps de s\u00e9chage apr\u00e8s le lavage ou la transpiration.<br \/>\n-Confort ergonomique : la coupe regular fit offre une libert\u00e9 de mouvement sans sacrifier le style.<br \/>\n-Points de renfort strat\u00e9giques : garantissent durabilit\u00e9 et r\u00e9sistance \u00e0 une utilisation intensive.<\/p>\n<p data-start=\"1062\" data-end=\"1090\">Avantages pour l&rsquo;utilisateur<\/p>\n<p data-start=\"1091\" data-end=\"1420\">Tout d&rsquo;abord, il offre une sensation de fra\u00eecheur constante, car le tissu emp\u00eache l&rsquo;accumulation de transpiration. De plus, son s\u00e9chage rapide facilite son entretien et sa r\u00e9utilisation rapide. Enfin, sa conception polyvalente et sa disponibilit\u00e9 en diff\u00e9rentes tailles permettent de l&rsquo;adapter facilement aux besoins de chaque professionnel.  <\/p>\n","protected":false},"excerpt":{"rendered":"<p>La veste technique Quick Dry de Kapriol est la meilleure option pour les professionnels qui recherchent confort et fra\u00eecheur pendant les longues journ\u00e9es. De plus, gr\u00e2ce \u00e0 son tissu l\u00e9ger et respirant, elle garantit des performances optimales dans les environnements chauds ou lors d&rsquo;une activit\u00e9 physique intense. C&rsquo;est donc une pi\u00e8ce indispensable, aussi bien pour la feina que pour les journ\u00e9es ensoleill\u00e9es.  <\/p>\n","protected":false},"featured_media":16883,"comment_status":"closed","ping_status":"closed","template":"","meta":[],"product_brand":[2271],"product_cat":[2312],"product_tag":[],"class_list":{"0":"post-16890","1":"product","2":"type-product","3":"status-publish","4":"has-post-thumbnail","6":"product_brand-kapriol","7":"product_cat-chemises-de-travail","9":"first","10":"instock","11":"taxable","12":"shipping-taxable","13":"purchasable","14":"product-type-variable"},"yoast_head":"<!-- This site is optimized with the Yoast SEO plugin v27.4 - https:\/\/yoast.com\/product\/yoast-seo-wordpress\/ -->\n<title>T-shirt \u00e0 s\u00e9chage rapide Kapriol | SAIGA<\/title>\n<meta name=\"description\" content=\"T-shirt Kapriol Quick Dry : respirant, l\u00e9ger et ergonomique. Confort technique et s\u00e9chage rapide pour les professionnels travaillant en ext\u00e9rieur.\" \/>\n<meta name=\"robots\" content=\"index, follow, max-snippet:-1, max-image-preview:large, max-video-preview:-1\" \/>\n<link rel=\"canonical\" href=\"https:\/\/saiga.es\/fr\/produit\/t-shirt-a-sechage-rapide-kapriol\/\" \/>\n<meta property=\"og:locale\" content=\"fr_FR\" \/>\n<meta property=\"og:type\" content=\"article\" \/>\n<meta property=\"og:title\" content=\"T-shirt \u00e0 s\u00e9chage rapide Kapriol | SAIGA\" \/>\n<meta property=\"og:description\" content=\"T-shirt Kapriol Quick Dry : respirant, l\u00e9ger et ergonomique. Confort technique et s\u00e9chage rapide pour les professionnels travaillant en ext\u00e9rieur.\" \/>\n<meta property=\"og:url\" content=\"https:\/\/saiga.es\/fr\/produit\/t-shirt-a-sechage-rapide-kapriol\/\" \/>\n<meta property=\"og:site_name\" content=\"SAIGA\" \/>\n<meta property=\"article:modified_time\" content=\"2025-12-09T14:33:27+00:00\" \/>\n<meta property=\"og:image\" content=\"https:\/\/saiga.es\/wp-content\/uploads\/2025\/09\/Samarreta-Kapriol-verda.jpg\" \/>\n\t<meta property=\"og:image:width\" content=\"1080\" \/>\n\t<meta property=\"og:image:height\" content=\"1080\" \/>\n\t<meta property=\"og:image:type\" content=\"image\/jpeg\" \/>\n<meta name=\"twitter:card\" content=\"summary_large_image\" \/>\n<meta name=\"twitter:site\" content=\"@saiga_agro\" \/>\n<meta name=\"twitter:label1\" content=\"Dur\u00e9e de lecture estim\u00e9e\" \/>\n\t<meta name=\"twitter:data1\" content=\"1 minute\" \/>\n<script type=\"application\/ld+json\" class=\"yoast-schema-graph\">{\"@context\":\"https:\\\/\\\/schema.org\",\"@graph\":[{\"@type\":\"WebPage\",\"@id\":\"https:\\\/\\\/saiga.es\\\/fr\\\/produit\\\/t-shirt-a-sechage-rapide-kapriol\\\/\",\"url\":\"https:\\\/\\\/saiga.es\\\/fr\\\/produit\\\/t-shirt-a-sechage-rapide-kapriol\\\/\",\"name\":\"T-shirt \u00e0 s\u00e9chage rapide Kapriol | SAIGA\",\"isPartOf\":{\"@id\":\"https:\\\/\\\/saiga.es\\\/fr\\\/#website\"},\"primaryImageOfPage\":{\"@id\":\"https:\\\/\\\/saiga.es\\\/fr\\\/produit\\\/t-shirt-a-sechage-rapide-kapriol\\\/#primaryimage\"},\"image\":{\"@id\":\"https:\\\/\\\/saiga.es\\\/fr\\\/produit\\\/t-shirt-a-sechage-rapide-kapriol\\\/#primaryimage\"},\"thumbnailUrl\":\"https:\\\/\\\/saiga.es\\\/wp-content\\\/uploads\\\/2025\\\/09\\\/Samarreta-Kapriol-verda.jpg\",\"datePublished\":\"2025-09-30T13:33:36+00:00\",\"dateModified\":\"2025-12-09T14:33:27+00:00\",\"description\":\"T-shirt Kapriol Quick Dry : respirant, l\u00e9ger et ergonomique. Confort technique et s\u00e9chage rapide pour les professionnels travaillant en ext\u00e9rieur.\",\"breadcrumb\":{\"@id\":\"https:\\\/\\\/saiga.es\\\/fr\\\/produit\\\/t-shirt-a-sechage-rapide-kapriol\\\/#breadcrumb\"},\"inLanguage\":\"fr-FR\",\"potentialAction\":[{\"@type\":\"ReadAction\",\"target\":[\"https:\\\/\\\/saiga.es\\\/fr\\\/produit\\\/t-shirt-a-sechage-rapide-kapriol\\\/\"]}]},{\"@type\":\"ImageObject\",\"inLanguage\":\"fr-FR\",\"@id\":\"https:\\\/\\\/saiga.es\\\/fr\\\/produit\\\/t-shirt-a-sechage-rapide-kapriol\\\/#primaryimage\",\"url\":\"https:\\\/\\\/saiga.es\\\/wp-content\\\/uploads\\\/2025\\\/09\\\/Samarreta-Kapriol-verda.jpg\",\"contentUrl\":\"https:\\\/\\\/saiga.es\\\/wp-content\\\/uploads\\\/2025\\\/09\\\/Samarreta-Kapriol-verda.jpg\",\"width\":1080,\"height\":1080,\"caption\":\"T-shirt \u00e0 s\u00e9chage rapide Kapriol\"},{\"@type\":\"BreadcrumbList\",\"@id\":\"https:\\\/\\\/saiga.es\\\/fr\\\/produit\\\/t-shirt-a-sechage-rapide-kapriol\\\/#breadcrumb\",\"itemListElement\":[{\"@type\":\"ListItem\",\"position\":1,\"name\":\"Inici\",\"item\":\"https:\\\/\\\/saiga.es\\\/fr\\\/\"},{\"@type\":\"ListItem\",\"position\":2,\"name\":\"boutique\",\"item\":\"https:\\\/\\\/saiga.es\\\/fr\\\/boutique\\\/\"},{\"@type\":\"ListItem\",\"position\":3,\"name\":\"T-shirt \u00e0 s\u00e9chage rapide Kapriol\"}]},{\"@type\":\"WebSite\",\"@id\":\"https:\\\/\\\/saiga.es\\\/fr\\\/#website\",\"url\":\"https:\\\/\\\/saiga.es\\\/fr\\\/\",\"name\":\"SAIGA\",\"description\":\"M\u00e9s de 50 anys al servei de la terra i treballant per a un \u00fas eficient de l\u2019aigua!\",\"publisher\":{\"@id\":\"https:\\\/\\\/saiga.es\\\/fr\\\/#organization\"},\"potentialAction\":[{\"@type\":\"SearchAction\",\"target\":{\"@type\":\"EntryPoint\",\"urlTemplate\":\"https:\\\/\\\/saiga.es\\\/fr\\\/?s={search_term_string}\"},\"query-input\":{\"@type\":\"PropertyValueSpecification\",\"valueRequired\":true,\"valueName\":\"search_term_string\"}}],\"inLanguage\":\"fr-FR\"},{\"@type\":\"Organization\",\"@id\":\"https:\\\/\\\/saiga.es\\\/fr\\\/#organization\",\"name\":\"SAIGA\",\"url\":\"https:\\\/\\\/saiga.es\\\/fr\\\/\",\"logo\":{\"@type\":\"ImageObject\",\"inLanguage\":\"fr-FR\",\"@id\":\"https:\\\/\\\/saiga.es\\\/fr\\\/#\\\/schema\\\/logo\\\/image\\\/\",\"url\":\"https:\\\/\\\/saiga.es\\\/wp-content\\\/uploads\\\/2025\\\/07\\\/logo_saiga_baseline_optimitzat.svg\",\"contentUrl\":\"https:\\\/\\\/saiga.es\\\/wp-content\\\/uploads\\\/2025\\\/07\\\/logo_saiga_baseline_optimitzat.svg\",\"caption\":\"SAIGA\"},\"image\":{\"@id\":\"https:\\\/\\\/saiga.es\\\/fr\\\/#\\\/schema\\\/logo\\\/image\\\/\"},\"sameAs\":[\"https:\\\/\\\/x.com\\\/saiga_agro\",\"https:\\\/\\\/www.instagram.com\\\/saiga_agro\\\/\"]}]}<\/script>\n<!-- \/ Yoast SEO plugin. -->","yoast_head_json":{"title":"T-shirt \u00e0 s\u00e9chage rapide Kapriol | SAIGA","description":"T-shirt Kapriol Quick Dry : respirant, l\u00e9ger et ergonomique. Confort technique et s\u00e9chage rapide pour les professionnels travaillant en ext\u00e9rieur.","robots":{"index":"index","follow":"follow","max-snippet":"max-snippet:-1","max-image-preview":"max-image-preview:large","max-video-preview":"max-video-preview:-1"},"canonical":"https:\/\/saiga.es\/fr\/produit\/t-shirt-a-sechage-rapide-kapriol\/","og_locale":"fr_FR","og_type":"article","og_title":"T-shirt \u00e0 s\u00e9chage rapide Kapriol | SAIGA","og_description":"T-shirt Kapriol Quick Dry : respirant, l\u00e9ger et ergonomique. Confort technique et s\u00e9chage rapide pour les professionnels travaillant en ext\u00e9rieur.","og_url":"https:\/\/saiga.es\/fr\/produit\/t-shirt-a-sechage-rapide-kapriol\/","og_site_name":"SAIGA","article_modified_time":"2025-12-09T14:33:27+00:00","og_image":[{"width":1080,"height":1080,"url":"https:\/\/saiga.es\/wp-content\/uploads\/2025\/09\/Samarreta-Kapriol-verda.jpg","type":"image\/jpeg"}],"twitter_card":"summary_large_image","twitter_site":"@saiga_agro","twitter_misc":{"Dur\u00e9e de lecture estim\u00e9e":"1 minute"},"schema":{"@context":"https:\/\/schema.org","@graph":[{"@type":"WebPage","@id":"https:\/\/saiga.es\/fr\/produit\/t-shirt-a-sechage-rapide-kapriol\/","url":"https:\/\/saiga.es\/fr\/produit\/t-shirt-a-sechage-rapide-kapriol\/","name":"T-shirt \u00e0 s\u00e9chage rapide Kapriol | SAIGA","isPartOf":{"@id":"https:\/\/saiga.es\/fr\/#website"},"primaryImageOfPage":{"@id":"https:\/\/saiga.es\/fr\/produit\/t-shirt-a-sechage-rapide-kapriol\/#primaryimage"},"image":{"@id":"https:\/\/saiga.es\/fr\/produit\/t-shirt-a-sechage-rapide-kapriol\/#primaryimage"},"thumbnailUrl":"https:\/\/saiga.es\/wp-content\/uploads\/2025\/09\/Samarreta-Kapriol-verda.jpg","datePublished":"2025-09-30T13:33:36+00:00","dateModified":"2025-12-09T14:33:27+00:00","description":"T-shirt Kapriol Quick Dry : respirant, l\u00e9ger et ergonomique. Confort technique et s\u00e9chage rapide pour les professionnels travaillant en ext\u00e9rieur.","breadcrumb":{"@id":"https:\/\/saiga.es\/fr\/produit\/t-shirt-a-sechage-rapide-kapriol\/#breadcrumb"},"inLanguage":"fr-FR","potentialAction":[{"@type":"ReadAction","target":["https:\/\/saiga.es\/fr\/produit\/t-shirt-a-sechage-rapide-kapriol\/"]}]},{"@type":"ImageObject","inLanguage":"fr-FR","@id":"https:\/\/saiga.es\/fr\/produit\/t-shirt-a-sechage-rapide-kapriol\/#primaryimage","url":"https:\/\/saiga.es\/wp-content\/uploads\/2025\/09\/Samarreta-Kapriol-verda.jpg","contentUrl":"https:\/\/saiga.es\/wp-content\/uploads\/2025\/09\/Samarreta-Kapriol-verda.jpg","width":1080,"height":1080,"caption":"T-shirt \u00e0 s\u00e9chage rapide Kapriol"},{"@type":"BreadcrumbList","@id":"https:\/\/saiga.es\/fr\/produit\/t-shirt-a-sechage-rapide-kapriol\/#breadcrumb","itemListElement":[{"@type":"ListItem","position":1,"name":"Inici","item":"https:\/\/saiga.es\/fr\/"},{"@type":"ListItem","position":2,"name":"boutique","item":"https:\/\/saiga.es\/fr\/boutique\/"},{"@type":"ListItem","position":3,"name":"T-shirt \u00e0 s\u00e9chage rapide Kapriol"}]},{"@type":"WebSite","@id":"https:\/\/saiga.es\/fr\/#website","url":"https:\/\/saiga.es\/fr\/","name":"SAIGA","description":"M\u00e9s de 50 anys al servei de la terra i treballant per a un \u00fas eficient de l\u2019aigua!","publisher":{"@id":"https:\/\/saiga.es\/fr\/#organization"},"potentialAction":[{"@type":"SearchAction","target":{"@type":"EntryPoint","urlTemplate":"https:\/\/saiga.es\/fr\/?s={search_term_string}"},"query-input":{"@type":"PropertyValueSpecification","valueRequired":true,"valueName":"search_term_string"}}],"inLanguage":"fr-FR"},{"@type":"Organization","@id":"https:\/\/saiga.es\/fr\/#organization","name":"SAIGA","url":"https:\/\/saiga.es\/fr\/","logo":{"@type":"ImageObject","inLanguage":"fr-FR","@id":"https:\/\/saiga.es\/fr\/#\/schema\/logo\/image\/","url":"https:\/\/saiga.es\/wp-content\/uploads\/2025\/07\/logo_saiga_baseline_optimitzat.svg","contentUrl":"https:\/\/saiga.es\/wp-content\/uploads\/2025\/07\/logo_saiga_baseline_optimitzat.svg","caption":"SAIGA"},"image":{"@id":"https:\/\/saiga.es\/fr\/#\/schema\/logo\/image\/"},"sameAs":["https:\/\/x.com\/saiga_agro","https:\/\/www.instagram.com\/saiga_agro\/"]}]}},"_links":{"self":[{"href":"https:\/\/saiga.es\/fr\/wp-json\/wp\/v2\/product\/16890","targetHints":{"allow":["GET"]}}],"collection":[{"href":"https:\/\/saiga.es\/fr\/wp-json\/wp\/v2\/product"}],"about":[{"href":"https:\/\/saiga.es\/fr\/wp-json\/wp\/v2\/types\/product"}],"replies":[{"embeddable":true,"href":"https:\/\/saiga.es\/fr\/wp-json\/wp\/v2\/comments?post=16890"}],"wp:featuredmedia":[{"embeddable":true,"href":"https:\/\/saiga.es\/fr\/wp-json\/wp\/v2\/media\/16883"}],"wp:attachment":[{"href":"https:\/\/saiga.es\/fr\/wp-json\/wp\/v2\/media?parent=16890"}],"wp:term":[{"taxonomy":"product_brand","embeddable":true,"href":"https:\/\/saiga.es\/fr\/wp-json\/wp\/v2\/product_brand?post=16890"},{"taxonomy":"product_cat","embeddable":true,"href":"https:\/\/saiga.es\/fr\/wp-json\/wp\/v2\/product_cat?post=16890"},{"taxonomy":"product_tag","embeddable":true,"href":"https:\/\/saiga.es\/fr\/wp-json\/wp\/v2\/product_tag?post=16890"}],"curies":[{"name":"wp","href":"https:\/\/api.w.org\/{rel}","templated":true}]}}