{"id":17116,"date":"2025-10-14T07:48:05","date_gmt":"2025-10-14T07:48:05","guid":{"rendered":"https:\/\/saiga.es\/producte\/desherbeur-dhx-60-2\/"},"modified":"2025-10-14T07:48:05","modified_gmt":"2025-10-14T07:48:05","slug":"desherbeur-dhx-60-2","status":"publish","type":"product","link":"https:\/\/saiga.es\/fr\/produit\/desherbeur-dhx-60-2\/","title":{"rendered":"D\u00e9sherbeur DHX 60"},"content":{"rendered":"<div class=\"text-blue\">\n<p>D\u00e9sherbeur XGREENS\u2122 DHX 60 Propuls\u00e9 par Honda, professionnel, alternative aux herbicides chimiques pour faire le travail de d\u00e9racinement de la mousse et des mauvaises herbes en terrain non perm\u00e9able. Aucune projection.<\/p>\n<p>Prix : <strong>125 \u20ac<\/strong> \/ jour (TVA non incl.)<\/p>\n<p>Retrait dans nos magasins de Santa Llogaia d&rsquo;\u00c0lguema et G\u00e9rone.<\/p>\n<p><a href=\"https:\/\/saiga.es\/fr\/contact\/\">Plus d&rsquo;informations sur la location<\/a><\/p>\n<\/div>\n<p>&nbsp;<\/p>\n","protected":false},"excerpt":{"rendered":"<p>D\u00e9sherbeur XGREENS\u2122 DHX 60 Propuls\u00e9 par Honda, professionnel, alternative aux herbicides chimiques pour faire le travail de d\u00e9racinement de la mousse et des mauvaises herbes en terrain non perm\u00e9able. Aucune projection. Prix : 125 \u20ac \/ jour (TVA non incl.) Retrait dans nos magasins de Santa Llogaia d&rsquo;\u00c0lguema et G\u00e9rone. Plus d&rsquo;informations sur la location&#8230;<\/p>\n","protected":false},"featured_media":17083,"comment_status":"open","ping_status":"closed","template":"","meta":[],"product_brand":[],"product_cat":[2317],"product_tag":[],"class_list":{"0":"post-17116","1":"product","2":"type-product","3":"status-publish","4":"has-post-thumbnail","6":"product_cat-location-de-materiel","8":"first","9":"instock","10":"taxable","11":"shipping-taxable","12":"product-type-simple"},"yoast_head":"<!-- This site is optimized with the Yoast SEO plugin v27.5 - https:\/\/yoast.com\/product\/yoast-seo-wordpress\/ -->\n<title>D\u00e9sherbeur DHX 60 | SAIGA<\/title>\n<meta name=\"robots\" content=\"index, follow, max-snippet:-1, max-image-preview:large, max-video-preview:-1\" \/>\n<link rel=\"canonical\" href=\"https:\/\/saiga.es\/fr\/produit\/desherbeur-dhx-60-2\/\" \/>\n<meta property=\"og:locale\" content=\"fr_FR\" \/>\n<meta property=\"og:type\" content=\"article\" \/>\n<meta property=\"og:title\" content=\"D\u00e9sherbeur DHX 60 | SAIGA\" \/>\n<meta property=\"og:description\" content=\"D\u00e9sherbeur XGREENS\u2122 DHX 60 Propuls\u00e9 par Honda, professionnel, alternative aux herbicides chimiques pour faire le travail de d\u00e9racinement de la mousse et des mauvaises herbes en terrain non perm\u00e9able. Aucune projection. Prix : 125 \u20ac \/ jour (TVA non incl.) Retrait dans nos magasins de Santa Llogaia d&rsquo;\u00c0lguema et G\u00e9rone. Plus d&rsquo;informations sur la location...\" \/>\n<meta property=\"og:url\" content=\"https:\/\/saiga.es\/fr\/produit\/desherbeur-dhx-60-2\/\" \/>\n<meta property=\"og:site_name\" content=\"SAIGA\" \/>\n<meta property=\"og:image\" content=\"https:\/\/saiga.es\/wp-content\/uploads\/2025\/10\/desherbadora-raspall.jpg\" \/>\n\t<meta property=\"og:image:width\" content=\"680\" \/>\n\t<meta property=\"og:image:height\" content=\"680\" \/>\n\t<meta property=\"og:image:type\" content=\"image\/jpeg\" \/>\n<meta name=\"twitter:card\" content=\"summary_large_image\" \/>\n<meta name=\"twitter:site\" content=\"@saiga_agro\" \/>\n<script type=\"application\/ld+json\" class=\"yoast-schema-graph\">{\"@context\":\"https:\\\/\\\/schema.org\",\"@graph\":[{\"@type\":\"WebPage\",\"@id\":\"https:\\\/\\\/saiga.es\\\/fr\\\/produit\\\/desherbeur-dhx-60-2\\\/\",\"url\":\"https:\\\/\\\/saiga.es\\\/fr\\\/produit\\\/desherbeur-dhx-60-2\\\/\",\"name\":\"D\u00e9sherbeur DHX 60 | SAIGA\",\"isPartOf\":{\"@id\":\"https:\\\/\\\/saiga.es\\\/fr\\\/#website\"},\"primaryImageOfPage\":{\"@id\":\"https:\\\/\\\/saiga.es\\\/fr\\\/produit\\\/desherbeur-dhx-60-2\\\/#primaryimage\"},\"image\":{\"@id\":\"https:\\\/\\\/saiga.es\\\/fr\\\/produit\\\/desherbeur-dhx-60-2\\\/#primaryimage\"},\"thumbnailUrl\":\"https:\\\/\\\/saiga.es\\\/wp-content\\\/uploads\\\/2025\\\/10\\\/desherbadora-raspall.jpg\",\"datePublished\":\"2025-10-14T07:48:05+00:00\",\"breadcrumb\":{\"@id\":\"https:\\\/\\\/saiga.es\\\/fr\\\/produit\\\/desherbeur-dhx-60-2\\\/#breadcrumb\"},\"inLanguage\":\"fr-FR\",\"potentialAction\":[{\"@type\":\"ReadAction\",\"target\":[\"https:\\\/\\\/saiga.es\\\/fr\\\/produit\\\/desherbeur-dhx-60-2\\\/\"]}]},{\"@type\":\"ImageObject\",\"inLanguage\":\"fr-FR\",\"@id\":\"https:\\\/\\\/saiga.es\\\/fr\\\/produit\\\/desherbeur-dhx-60-2\\\/#primaryimage\",\"url\":\"https:\\\/\\\/saiga.es\\\/wp-content\\\/uploads\\\/2025\\\/10\\\/desherbadora-raspall.jpg\",\"contentUrl\":\"https:\\\/\\\/saiga.es\\\/wp-content\\\/uploads\\\/2025\\\/10\\\/desherbadora-raspall.jpg\",\"width\":680,\"height\":680,\"caption\":\"xr:d:DAFyKduIq74:13,j:5289884870921593490,t:23102511\"},{\"@type\":\"BreadcrumbList\",\"@id\":\"https:\\\/\\\/saiga.es\\\/fr\\\/produit\\\/desherbeur-dhx-60-2\\\/#breadcrumb\",\"itemListElement\":[{\"@type\":\"ListItem\",\"position\":1,\"name\":\"Inici\",\"item\":\"https:\\\/\\\/saiga.es\\\/fr\\\/\"},{\"@type\":\"ListItem\",\"position\":2,\"name\":\"boutique\",\"item\":\"https:\\\/\\\/saiga.es\\\/fr\\\/boutique\\\/\"},{\"@type\":\"ListItem\",\"position\":3,\"name\":\"D\u00e9sherbeur DHX 60\"}]},{\"@type\":\"WebSite\",\"@id\":\"https:\\\/\\\/saiga.es\\\/fr\\\/#website\",\"url\":\"https:\\\/\\\/saiga.es\\\/fr\\\/\",\"name\":\"SAIGA\",\"description\":\"M\u00e9s de 50 anys al servei de la terra i treballant per a un \u00fas eficient de l\u2019aigua!\",\"publisher\":{\"@id\":\"https:\\\/\\\/saiga.es\\\/fr\\\/#organization\"},\"potentialAction\":[{\"@type\":\"SearchAction\",\"target\":{\"@type\":\"EntryPoint\",\"urlTemplate\":\"https:\\\/\\\/saiga.es\\\/fr\\\/?s={search_term_string}\"},\"query-input\":{\"@type\":\"PropertyValueSpecification\",\"valueRequired\":true,\"valueName\":\"search_term_string\"}}],\"inLanguage\":\"fr-FR\"},{\"@type\":\"Organization\",\"@id\":\"https:\\\/\\\/saiga.es\\\/fr\\\/#organization\",\"name\":\"SAIGA\",\"url\":\"https:\\\/\\\/saiga.es\\\/fr\\\/\",\"logo\":{\"@type\":\"ImageObject\",\"inLanguage\":\"fr-FR\",\"@id\":\"https:\\\/\\\/saiga.es\\\/fr\\\/#\\\/schema\\\/logo\\\/image\\\/\",\"url\":\"https:\\\/\\\/saiga.es\\\/wp-content\\\/uploads\\\/2025\\\/07\\\/logo_saiga_baseline_optimitzat.svg\",\"contentUrl\":\"https:\\\/\\\/saiga.es\\\/wp-content\\\/uploads\\\/2025\\\/07\\\/logo_saiga_baseline_optimitzat.svg\",\"caption\":\"SAIGA\"},\"image\":{\"@id\":\"https:\\\/\\\/saiga.es\\\/fr\\\/#\\\/schema\\\/logo\\\/image\\\/\"},\"sameAs\":[\"https:\\\/\\\/x.com\\\/saiga_agro\",\"https:\\\/\\\/www.instagram.com\\\/saiga_agro\\\/\"]}]}<\/script>\n<!-- \/ Yoast SEO plugin. -->","yoast_head_json":{"title":"D\u00e9sherbeur DHX 60 | SAIGA","robots":{"index":"index","follow":"follow","max-snippet":"max-snippet:-1","max-image-preview":"max-image-preview:large","max-video-preview":"max-video-preview:-1"},"canonical":"https:\/\/saiga.es\/fr\/produit\/desherbeur-dhx-60-2\/","og_locale":"fr_FR","og_type":"article","og_title":"D\u00e9sherbeur DHX 60 | SAIGA","og_description":"D\u00e9sherbeur XGREENS\u2122 DHX 60 Propuls\u00e9 par Honda, professionnel, alternative aux herbicides chimiques pour faire le travail de d\u00e9racinement de la mousse et des mauvaises herbes en terrain non perm\u00e9able. Aucune projection. Prix : 125 \u20ac \/ jour (TVA non incl.) Retrait dans nos magasins de Santa Llogaia d&rsquo;\u00c0lguema et G\u00e9rone. Plus d&rsquo;informations sur la location...","og_url":"https:\/\/saiga.es\/fr\/produit\/desherbeur-dhx-60-2\/","og_site_name":"SAIGA","og_image":[{"width":680,"height":680,"url":"https:\/\/saiga.es\/wp-content\/uploads\/2025\/10\/desherbadora-raspall.jpg","type":"image\/jpeg"}],"twitter_card":"summary_large_image","twitter_site":"@saiga_agro","schema":{"@context":"https:\/\/schema.org","@graph":[{"@type":"WebPage","@id":"https:\/\/saiga.es\/fr\/produit\/desherbeur-dhx-60-2\/","url":"https:\/\/saiga.es\/fr\/produit\/desherbeur-dhx-60-2\/","name":"D\u00e9sherbeur DHX 60 | SAIGA","isPartOf":{"@id":"https:\/\/saiga.es\/fr\/#website"},"primaryImageOfPage":{"@id":"https:\/\/saiga.es\/fr\/produit\/desherbeur-dhx-60-2\/#primaryimage"},"image":{"@id":"https:\/\/saiga.es\/fr\/produit\/desherbeur-dhx-60-2\/#primaryimage"},"thumbnailUrl":"https:\/\/saiga.es\/wp-content\/uploads\/2025\/10\/desherbadora-raspall.jpg","datePublished":"2025-10-14T07:48:05+00:00","breadcrumb":{"@id":"https:\/\/saiga.es\/fr\/produit\/desherbeur-dhx-60-2\/#breadcrumb"},"inLanguage":"fr-FR","potentialAction":[{"@type":"ReadAction","target":["https:\/\/saiga.es\/fr\/produit\/desherbeur-dhx-60-2\/"]}]},{"@type":"ImageObject","inLanguage":"fr-FR","@id":"https:\/\/saiga.es\/fr\/produit\/desherbeur-dhx-60-2\/#primaryimage","url":"https:\/\/saiga.es\/wp-content\/uploads\/2025\/10\/desherbadora-raspall.jpg","contentUrl":"https:\/\/saiga.es\/wp-content\/uploads\/2025\/10\/desherbadora-raspall.jpg","width":680,"height":680,"caption":"xr:d:DAFyKduIq74:13,j:5289884870921593490,t:23102511"},{"@type":"BreadcrumbList","@id":"https:\/\/saiga.es\/fr\/produit\/desherbeur-dhx-60-2\/#breadcrumb","itemListElement":[{"@type":"ListItem","position":1,"name":"Inici","item":"https:\/\/saiga.es\/fr\/"},{"@type":"ListItem","position":2,"name":"boutique","item":"https:\/\/saiga.es\/fr\/boutique\/"},{"@type":"ListItem","position":3,"name":"D\u00e9sherbeur DHX 60"}]},{"@type":"WebSite","@id":"https:\/\/saiga.es\/fr\/#website","url":"https:\/\/saiga.es\/fr\/","name":"SAIGA","description":"M\u00e9s de 50 anys al servei de la terra i treballant per a un \u00fas eficient de l\u2019aigua!","publisher":{"@id":"https:\/\/saiga.es\/fr\/#organization"},"potentialAction":[{"@type":"SearchAction","target":{"@type":"EntryPoint","urlTemplate":"https:\/\/saiga.es\/fr\/?s={search_term_string}"},"query-input":{"@type":"PropertyValueSpecification","valueRequired":true,"valueName":"search_term_string"}}],"inLanguage":"fr-FR"},{"@type":"Organization","@id":"https:\/\/saiga.es\/fr\/#organization","name":"SAIGA","url":"https:\/\/saiga.es\/fr\/","logo":{"@type":"ImageObject","inLanguage":"fr-FR","@id":"https:\/\/saiga.es\/fr\/#\/schema\/logo\/image\/","url":"https:\/\/saiga.es\/wp-content\/uploads\/2025\/07\/logo_saiga_baseline_optimitzat.svg","contentUrl":"https:\/\/saiga.es\/wp-content\/uploads\/2025\/07\/logo_saiga_baseline_optimitzat.svg","caption":"SAIGA"},"image":{"@id":"https:\/\/saiga.es\/fr\/#\/schema\/logo\/image\/"},"sameAs":["https:\/\/x.com\/saiga_agro","https:\/\/www.instagram.com\/saiga_agro\/"]}]}},"_links":{"self":[{"href":"https:\/\/saiga.es\/fr\/wp-json\/wp\/v2\/product\/17116","targetHints":{"allow":["GET"]}}],"collection":[{"href":"https:\/\/saiga.es\/fr\/wp-json\/wp\/v2\/product"}],"about":[{"href":"https:\/\/saiga.es\/fr\/wp-json\/wp\/v2\/types\/product"}],"replies":[{"embeddable":true,"href":"https:\/\/saiga.es\/fr\/wp-json\/wp\/v2\/comments?post=17116"}],"wp:featuredmedia":[{"embeddable":true,"href":"https:\/\/saiga.es\/fr\/wp-json\/wp\/v2\/media\/17083"}],"wp:attachment":[{"href":"https:\/\/saiga.es\/fr\/wp-json\/wp\/v2\/media?parent=17116"}],"wp:term":[{"taxonomy":"product_brand","embeddable":true,"href":"https:\/\/saiga.es\/fr\/wp-json\/wp\/v2\/product_brand?post=17116"},{"taxonomy":"product_cat","embeddable":true,"href":"https:\/\/saiga.es\/fr\/wp-json\/wp\/v2\/product_cat?post=17116"},{"taxonomy":"product_tag","embeddable":true,"href":"https:\/\/saiga.es\/fr\/wp-json\/wp\/v2\/product_tag?post=17116"}],"curies":[{"name":"wp","href":"https:\/\/api.w.org\/{rel}","templated":true}]}}