{"id":17120,"date":"2025-10-14T07:46:17","date_gmt":"2025-10-14T07:46:17","guid":{"rendered":"https:\/\/saiga.es\/producte\/electropompe-de-drainage-hidrobex-qdx-al\/"},"modified":"2025-10-14T07:46:17","modified_gmt":"2025-10-14T07:46:17","slug":"electropompe-de-drainage-hidrobex-qdx-al","status":"publish","type":"product","link":"https:\/\/saiga.es\/fr\/produit\/electropompe-de-drainage-hidrobex-qdx-al\/","title":{"rendered":"\u00c9lectropompe de drainage HIDROBEX QDX-AL"},"content":{"rendered":"<div class=\"text-blue\">\n<p>Pompes submersibles pour le drainage d&rsquo;eaux us\u00e9es et boueuses contenant des mat\u00e9riaux abrasifs dans le secteur de la construction, pour le drainage des eaux us\u00e9es, des excavations et des \u00e9gouts, des foss\u00e9s et des passages souterrains. Gr\u00e2ce \u00e0 sa conception, un refroidissement plus efficace est garanti et la pompe peut fonctionner m\u00eame partiellement immerg\u00e9e. La version monophas\u00e9e est livr\u00e9e avec un r\u00e9gulateur de niveau pour un fonctionnement automatique.  <\/p>\n<p>Prix : <strong>25 \u20ac<\/strong> \/ jour (TVA non incl.)<\/p>\n<p>Retrait dans nos magasins de Santa Llogaia d&rsquo;\u00c0lguema et G\u00e9rone.<\/p>\n<p><a href=\"https:\/\/saiga.es\/fr\/contact\/\">Plus d&rsquo;informations sur la location<\/a><\/p>\n<\/div>\n","protected":false},"excerpt":{"rendered":"<p>Pompes submersibles pour le drainage d&rsquo;eaux us\u00e9es et boueuses contenant des mat\u00e9riaux abrasifs dans le secteur de la construction, pour le drainage des eaux us\u00e9es, des excavations et des \u00e9gouts, des foss\u00e9s et des passages souterrains. Gr\u00e2ce \u00e0 sa conception, un refroidissement plus efficace est garanti et la pompe peut fonctionner m\u00eame partiellement immerg\u00e9e. La&#8230;<\/p>\n","protected":false},"featured_media":17073,"comment_status":"open","ping_status":"closed","template":"","meta":[],"product_brand":[],"product_cat":[2317],"product_tag":[],"class_list":{"0":"post-17120","1":"product","2":"type-product","3":"status-publish","4":"has-post-thumbnail","6":"product_cat-location-de-materiel","8":"first","9":"instock","10":"taxable","11":"shipping-taxable","12":"product-type-simple"},"yoast_head":"<!-- This site is optimized with the Yoast SEO plugin v27.5 - https:\/\/yoast.com\/product\/yoast-seo-wordpress\/ -->\n<title>\u00c9lectropompe de drainage HIDROBEX QDX-AL | SAIGA<\/title>\n<meta name=\"robots\" content=\"index, follow, max-snippet:-1, max-image-preview:large, max-video-preview:-1\" \/>\n<link rel=\"canonical\" href=\"https:\/\/saiga.es\/fr\/produit\/electropompe-de-drainage-hidrobex-qdx-al\/\" \/>\n<meta property=\"og:locale\" content=\"fr_FR\" \/>\n<meta property=\"og:type\" content=\"article\" \/>\n<meta property=\"og:title\" content=\"\u00c9lectropompe de drainage HIDROBEX QDX-AL | SAIGA\" \/>\n<meta property=\"og:description\" content=\"Pompes submersibles pour le drainage d&rsquo;eaux us\u00e9es et boueuses contenant des mat\u00e9riaux abrasifs dans le secteur de la construction, pour le drainage des eaux us\u00e9es, des excavations et des \u00e9gouts, des foss\u00e9s et des passages souterrains. Gr\u00e2ce \u00e0 sa conception, un refroidissement plus efficace est garanti et la pompe peut fonctionner m\u00eame partiellement immerg\u00e9e. La...\" \/>\n<meta property=\"og:url\" content=\"https:\/\/saiga.es\/fr\/produit\/electropompe-de-drainage-hidrobex-qdx-al\/\" \/>\n<meta property=\"og:site_name\" content=\"SAIGA\" \/>\n<meta property=\"og:image\" content=\"https:\/\/saiga.es\/wp-content\/uploads\/2025\/10\/electrobomba-drenatge-hidrobex-qdx-al.jpg\" \/>\n\t<meta property=\"og:image:width\" content=\"1000\" \/>\n\t<meta property=\"og:image:height\" content=\"1000\" \/>\n\t<meta property=\"og:image:type\" content=\"image\/jpeg\" \/>\n<meta name=\"twitter:card\" content=\"summary_large_image\" \/>\n<meta name=\"twitter:site\" content=\"@saiga_agro\" \/>\n<script type=\"application\/ld+json\" class=\"yoast-schema-graph\">{\"@context\":\"https:\\\/\\\/schema.org\",\"@graph\":[{\"@type\":\"WebPage\",\"@id\":\"https:\\\/\\\/saiga.es\\\/fr\\\/produit\\\/electropompe-de-drainage-hidrobex-qdx-al\\\/\",\"url\":\"https:\\\/\\\/saiga.es\\\/fr\\\/produit\\\/electropompe-de-drainage-hidrobex-qdx-al\\\/\",\"name\":\"\u00c9lectropompe de drainage HIDROBEX QDX-AL | SAIGA\",\"isPartOf\":{\"@id\":\"https:\\\/\\\/saiga.es\\\/fr\\\/#website\"},\"primaryImageOfPage\":{\"@id\":\"https:\\\/\\\/saiga.es\\\/fr\\\/produit\\\/electropompe-de-drainage-hidrobex-qdx-al\\\/#primaryimage\"},\"image\":{\"@id\":\"https:\\\/\\\/saiga.es\\\/fr\\\/produit\\\/electropompe-de-drainage-hidrobex-qdx-al\\\/#primaryimage\"},\"thumbnailUrl\":\"https:\\\/\\\/saiga.es\\\/wp-content\\\/uploads\\\/2025\\\/10\\\/electrobomba-drenatge-hidrobex-qdx-al.jpg\",\"datePublished\":\"2025-10-14T07:46:17+00:00\",\"breadcrumb\":{\"@id\":\"https:\\\/\\\/saiga.es\\\/fr\\\/produit\\\/electropompe-de-drainage-hidrobex-qdx-al\\\/#breadcrumb\"},\"inLanguage\":\"fr-FR\",\"potentialAction\":[{\"@type\":\"ReadAction\",\"target\":[\"https:\\\/\\\/saiga.es\\\/fr\\\/produit\\\/electropompe-de-drainage-hidrobex-qdx-al\\\/\"]}]},{\"@type\":\"ImageObject\",\"inLanguage\":\"fr-FR\",\"@id\":\"https:\\\/\\\/saiga.es\\\/fr\\\/produit\\\/electropompe-de-drainage-hidrobex-qdx-al\\\/#primaryimage\",\"url\":\"https:\\\/\\\/saiga.es\\\/wp-content\\\/uploads\\\/2025\\\/10\\\/electrobomba-drenatge-hidrobex-qdx-al.jpg\",\"contentUrl\":\"https:\\\/\\\/saiga.es\\\/wp-content\\\/uploads\\\/2025\\\/10\\\/electrobomba-drenatge-hidrobex-qdx-al.jpg\",\"width\":1000,\"height\":1000},{\"@type\":\"BreadcrumbList\",\"@id\":\"https:\\\/\\\/saiga.es\\\/fr\\\/produit\\\/electropompe-de-drainage-hidrobex-qdx-al\\\/#breadcrumb\",\"itemListElement\":[{\"@type\":\"ListItem\",\"position\":1,\"name\":\"Inici\",\"item\":\"https:\\\/\\\/saiga.es\\\/fr\\\/\"},{\"@type\":\"ListItem\",\"position\":2,\"name\":\"boutique\",\"item\":\"https:\\\/\\\/saiga.es\\\/fr\\\/boutique\\\/\"},{\"@type\":\"ListItem\",\"position\":3,\"name\":\"\u00c9lectropompe de drainage HIDROBEX QDX-AL\"}]},{\"@type\":\"WebSite\",\"@id\":\"https:\\\/\\\/saiga.es\\\/fr\\\/#website\",\"url\":\"https:\\\/\\\/saiga.es\\\/fr\\\/\",\"name\":\"SAIGA\",\"description\":\"M\u00e9s de 50 anys al servei de la terra i treballant per a un \u00fas eficient de l\u2019aigua!\",\"publisher\":{\"@id\":\"https:\\\/\\\/saiga.es\\\/fr\\\/#organization\"},\"potentialAction\":[{\"@type\":\"SearchAction\",\"target\":{\"@type\":\"EntryPoint\",\"urlTemplate\":\"https:\\\/\\\/saiga.es\\\/fr\\\/?s={search_term_string}\"},\"query-input\":{\"@type\":\"PropertyValueSpecification\",\"valueRequired\":true,\"valueName\":\"search_term_string\"}}],\"inLanguage\":\"fr-FR\"},{\"@type\":\"Organization\",\"@id\":\"https:\\\/\\\/saiga.es\\\/fr\\\/#organization\",\"name\":\"SAIGA\",\"url\":\"https:\\\/\\\/saiga.es\\\/fr\\\/\",\"logo\":{\"@type\":\"ImageObject\",\"inLanguage\":\"fr-FR\",\"@id\":\"https:\\\/\\\/saiga.es\\\/fr\\\/#\\\/schema\\\/logo\\\/image\\\/\",\"url\":\"https:\\\/\\\/saiga.es\\\/wp-content\\\/uploads\\\/2025\\\/07\\\/logo_saiga_baseline_optimitzat.svg\",\"contentUrl\":\"https:\\\/\\\/saiga.es\\\/wp-content\\\/uploads\\\/2025\\\/07\\\/logo_saiga_baseline_optimitzat.svg\",\"caption\":\"SAIGA\"},\"image\":{\"@id\":\"https:\\\/\\\/saiga.es\\\/fr\\\/#\\\/schema\\\/logo\\\/image\\\/\"},\"sameAs\":[\"https:\\\/\\\/x.com\\\/saiga_agro\",\"https:\\\/\\\/www.instagram.com\\\/saiga_agro\\\/\"]}]}<\/script>\n<!-- \/ Yoast SEO plugin. -->","yoast_head_json":{"title":"\u00c9lectropompe de drainage HIDROBEX QDX-AL | SAIGA","robots":{"index":"index","follow":"follow","max-snippet":"max-snippet:-1","max-image-preview":"max-image-preview:large","max-video-preview":"max-video-preview:-1"},"canonical":"https:\/\/saiga.es\/fr\/produit\/electropompe-de-drainage-hidrobex-qdx-al\/","og_locale":"fr_FR","og_type":"article","og_title":"\u00c9lectropompe de drainage HIDROBEX QDX-AL | SAIGA","og_description":"Pompes submersibles pour le drainage d&rsquo;eaux us\u00e9es et boueuses contenant des mat\u00e9riaux abrasifs dans le secteur de la construction, pour le drainage des eaux us\u00e9es, des excavations et des \u00e9gouts, des foss\u00e9s et des passages souterrains. Gr\u00e2ce \u00e0 sa conception, un refroidissement plus efficace est garanti et la pompe peut fonctionner m\u00eame partiellement immerg\u00e9e. La...","og_url":"https:\/\/saiga.es\/fr\/produit\/electropompe-de-drainage-hidrobex-qdx-al\/","og_site_name":"SAIGA","og_image":[{"width":1000,"height":1000,"url":"https:\/\/saiga.es\/wp-content\/uploads\/2025\/10\/electrobomba-drenatge-hidrobex-qdx-al.jpg","type":"image\/jpeg"}],"twitter_card":"summary_large_image","twitter_site":"@saiga_agro","schema":{"@context":"https:\/\/schema.org","@graph":[{"@type":"WebPage","@id":"https:\/\/saiga.es\/fr\/produit\/electropompe-de-drainage-hidrobex-qdx-al\/","url":"https:\/\/saiga.es\/fr\/produit\/electropompe-de-drainage-hidrobex-qdx-al\/","name":"\u00c9lectropompe de drainage HIDROBEX QDX-AL | SAIGA","isPartOf":{"@id":"https:\/\/saiga.es\/fr\/#website"},"primaryImageOfPage":{"@id":"https:\/\/saiga.es\/fr\/produit\/electropompe-de-drainage-hidrobex-qdx-al\/#primaryimage"},"image":{"@id":"https:\/\/saiga.es\/fr\/produit\/electropompe-de-drainage-hidrobex-qdx-al\/#primaryimage"},"thumbnailUrl":"https:\/\/saiga.es\/wp-content\/uploads\/2025\/10\/electrobomba-drenatge-hidrobex-qdx-al.jpg","datePublished":"2025-10-14T07:46:17+00:00","breadcrumb":{"@id":"https:\/\/saiga.es\/fr\/produit\/electropompe-de-drainage-hidrobex-qdx-al\/#breadcrumb"},"inLanguage":"fr-FR","potentialAction":[{"@type":"ReadAction","target":["https:\/\/saiga.es\/fr\/produit\/electropompe-de-drainage-hidrobex-qdx-al\/"]}]},{"@type":"ImageObject","inLanguage":"fr-FR","@id":"https:\/\/saiga.es\/fr\/produit\/electropompe-de-drainage-hidrobex-qdx-al\/#primaryimage","url":"https:\/\/saiga.es\/wp-content\/uploads\/2025\/10\/electrobomba-drenatge-hidrobex-qdx-al.jpg","contentUrl":"https:\/\/saiga.es\/wp-content\/uploads\/2025\/10\/electrobomba-drenatge-hidrobex-qdx-al.jpg","width":1000,"height":1000},{"@type":"BreadcrumbList","@id":"https:\/\/saiga.es\/fr\/produit\/electropompe-de-drainage-hidrobex-qdx-al\/#breadcrumb","itemListElement":[{"@type":"ListItem","position":1,"name":"Inici","item":"https:\/\/saiga.es\/fr\/"},{"@type":"ListItem","position":2,"name":"boutique","item":"https:\/\/saiga.es\/fr\/boutique\/"},{"@type":"ListItem","position":3,"name":"\u00c9lectropompe de drainage HIDROBEX QDX-AL"}]},{"@type":"WebSite","@id":"https:\/\/saiga.es\/fr\/#website","url":"https:\/\/saiga.es\/fr\/","name":"SAIGA","description":"M\u00e9s de 50 anys al servei de la terra i treballant per a un \u00fas eficient de l\u2019aigua!","publisher":{"@id":"https:\/\/saiga.es\/fr\/#organization"},"potentialAction":[{"@type":"SearchAction","target":{"@type":"EntryPoint","urlTemplate":"https:\/\/saiga.es\/fr\/?s={search_term_string}"},"query-input":{"@type":"PropertyValueSpecification","valueRequired":true,"valueName":"search_term_string"}}],"inLanguage":"fr-FR"},{"@type":"Organization","@id":"https:\/\/saiga.es\/fr\/#organization","name":"SAIGA","url":"https:\/\/saiga.es\/fr\/","logo":{"@type":"ImageObject","inLanguage":"fr-FR","@id":"https:\/\/saiga.es\/fr\/#\/schema\/logo\/image\/","url":"https:\/\/saiga.es\/wp-content\/uploads\/2025\/07\/logo_saiga_baseline_optimitzat.svg","contentUrl":"https:\/\/saiga.es\/wp-content\/uploads\/2025\/07\/logo_saiga_baseline_optimitzat.svg","caption":"SAIGA"},"image":{"@id":"https:\/\/saiga.es\/fr\/#\/schema\/logo\/image\/"},"sameAs":["https:\/\/x.com\/saiga_agro","https:\/\/www.instagram.com\/saiga_agro\/"]}]}},"_links":{"self":[{"href":"https:\/\/saiga.es\/fr\/wp-json\/wp\/v2\/product\/17120","targetHints":{"allow":["GET"]}}],"collection":[{"href":"https:\/\/saiga.es\/fr\/wp-json\/wp\/v2\/product"}],"about":[{"href":"https:\/\/saiga.es\/fr\/wp-json\/wp\/v2\/types\/product"}],"replies":[{"embeddable":true,"href":"https:\/\/saiga.es\/fr\/wp-json\/wp\/v2\/comments?post=17120"}],"wp:featuredmedia":[{"embeddable":true,"href":"https:\/\/saiga.es\/fr\/wp-json\/wp\/v2\/media\/17073"}],"wp:attachment":[{"href":"https:\/\/saiga.es\/fr\/wp-json\/wp\/v2\/media?parent=17120"}],"wp:term":[{"taxonomy":"product_brand","embeddable":true,"href":"https:\/\/saiga.es\/fr\/wp-json\/wp\/v2\/product_brand?post=17120"},{"taxonomy":"product_cat","embeddable":true,"href":"https:\/\/saiga.es\/fr\/wp-json\/wp\/v2\/product_cat?post=17120"},{"taxonomy":"product_tag","embeddable":true,"href":"https:\/\/saiga.es\/fr\/wp-json\/wp\/v2\/product_tag?post=17120"}],"curies":[{"name":"wp","href":"https:\/\/api.w.org\/{rel}","templated":true}]}}