{"id":17126,"date":"2025-10-14T07:38:58","date_gmt":"2025-10-14T07:38:58","guid":{"rendered":"https:\/\/saiga.es\/producte\/secateur-arvipo-ps32\/"},"modified":"2025-10-14T07:38:58","modified_gmt":"2025-10-14T07:38:58","slug":"secateur-arvipo-ps32","status":"publish","type":"product","link":"https:\/\/saiga.es\/fr\/produit\/secateur-arvipo-ps32\/","title":{"rendered":"S\u00e9cateur Arvipo PS32"},"content":{"rendered":"<div class=\"text-blue\">\n<p>L&rsquo;ARVIPO PS32 EVO2 int\u00e8gre une \u00e9lectronique de pointe qui lui conf\u00e8re une vitesse exceptionnelle et un toucher exquis dans la fonction de mouvement progressif.<\/p>\n<p>Il en r\u00e9sulte un outil de manipulation de haut niveau qui atteint des limites de plus en plus insurmontables.<\/p>\n<p>Il convient de souligner la nouveaut\u00e9 de la r\u00e9gulation logicielle de la jonction des vantaux en position ferm\u00e9e. Cela vous permet d&rsquo;ajuster \u00e0 la fois la qualit\u00e9 de la coupe et l&rsquo;utilisation de la lame.<\/p>\n<p>Prix : <strong>25 \u20ac <\/strong>\/ jour (TVA non incl.)<\/p>\n<p>Retrait dans nos magasins de Santa Llogaia d&rsquo;\u00c0lguema et G\u00e9rone.<\/p>\n<p><a href=\"https:\/\/saiga.es\/fr\/contact\/\">Plus d&rsquo;informations sur la location<\/a><\/p>\n<\/div>\n","protected":false},"excerpt":{"rendered":"<p>L&rsquo;ARVIPO PS32 EVO2 int\u00e8gre une \u00e9lectronique de pointe qui lui conf\u00e8re une vitesse exceptionnelle et un toucher exquis dans la fonction de mouvement progressif. Il en r\u00e9sulte un outil de manipulation de haut niveau qui atteint des limites de plus en plus insurmontables. Il convient de souligner la nouveaut\u00e9 de la r\u00e9gulation logicielle de la&#8230;<\/p>\n","protected":false},"featured_media":17045,"comment_status":"open","ping_status":"closed","template":"","meta":[],"product_brand":[],"product_cat":[2317],"product_tag":[],"class_list":{"0":"post-17126","1":"product","2":"type-product","3":"status-publish","4":"has-post-thumbnail","6":"product_cat-location-de-materiel","8":"first","9":"instock","10":"taxable","11":"shipping-taxable","12":"product-type-simple"},"yoast_head":"<!-- This site is optimized with the Yoast SEO plugin v27.5 - https:\/\/yoast.com\/product\/yoast-seo-wordpress\/ -->\n<title>S\u00e9cateur Arvipo PS32 | SAIGA<\/title>\n<meta name=\"robots\" content=\"index, follow, max-snippet:-1, max-image-preview:large, max-video-preview:-1\" \/>\n<link rel=\"canonical\" href=\"https:\/\/saiga.es\/fr\/produit\/secateur-arvipo-ps32\/\" \/>\n<meta property=\"og:locale\" content=\"fr_FR\" \/>\n<meta property=\"og:type\" content=\"article\" \/>\n<meta property=\"og:title\" content=\"S\u00e9cateur Arvipo PS32 | SAIGA\" \/>\n<meta property=\"og:description\" content=\"L&rsquo;ARVIPO PS32 EVO2 int\u00e8gre une \u00e9lectronique de pointe qui lui conf\u00e8re une vitesse exceptionnelle et un toucher exquis dans la fonction de mouvement progressif. Il en r\u00e9sulte un outil de manipulation de haut niveau qui atteint des limites de plus en plus insurmontables. Il convient de souligner la nouveaut\u00e9 de la r\u00e9gulation logicielle de la...\" \/>\n<meta property=\"og:url\" content=\"https:\/\/saiga.es\/fr\/produit\/secateur-arvipo-ps32\/\" \/>\n<meta property=\"og:site_name\" content=\"SAIGA\" \/>\n<meta property=\"og:image\" content=\"https:\/\/saiga.es\/wp-content\/uploads\/2025\/10\/TisoraArvipoPS32.png\" \/>\n\t<meta property=\"og:image:width\" content=\"400\" \/>\n\t<meta property=\"og:image:height\" content=\"400\" \/>\n\t<meta property=\"og:image:type\" content=\"image\/png\" \/>\n<meta name=\"twitter:card\" content=\"summary_large_image\" \/>\n<meta name=\"twitter:site\" content=\"@saiga_agro\" \/>\n<meta name=\"twitter:label1\" content=\"Dur\u00e9e de lecture estim\u00e9e\" \/>\n\t<meta name=\"twitter:data1\" content=\"1 minute\" \/>\n<script type=\"application\/ld+json\" class=\"yoast-schema-graph\">{\"@context\":\"https:\\\/\\\/schema.org\",\"@graph\":[{\"@type\":\"WebPage\",\"@id\":\"https:\\\/\\\/saiga.es\\\/fr\\\/produit\\\/secateur-arvipo-ps32\\\/\",\"url\":\"https:\\\/\\\/saiga.es\\\/fr\\\/produit\\\/secateur-arvipo-ps32\\\/\",\"name\":\"S\u00e9cateur Arvipo PS32 | SAIGA\",\"isPartOf\":{\"@id\":\"https:\\\/\\\/saiga.es\\\/fr\\\/#website\"},\"primaryImageOfPage\":{\"@id\":\"https:\\\/\\\/saiga.es\\\/fr\\\/produit\\\/secateur-arvipo-ps32\\\/#primaryimage\"},\"image\":{\"@id\":\"https:\\\/\\\/saiga.es\\\/fr\\\/produit\\\/secateur-arvipo-ps32\\\/#primaryimage\"},\"thumbnailUrl\":\"https:\\\/\\\/saiga.es\\\/wp-content\\\/uploads\\\/2025\\\/10\\\/TisoraArvipoPS32.png\",\"datePublished\":\"2025-10-14T07:38:58+00:00\",\"breadcrumb\":{\"@id\":\"https:\\\/\\\/saiga.es\\\/fr\\\/produit\\\/secateur-arvipo-ps32\\\/#breadcrumb\"},\"inLanguage\":\"fr-FR\",\"potentialAction\":[{\"@type\":\"ReadAction\",\"target\":[\"https:\\\/\\\/saiga.es\\\/fr\\\/produit\\\/secateur-arvipo-ps32\\\/\"]}]},{\"@type\":\"ImageObject\",\"inLanguage\":\"fr-FR\",\"@id\":\"https:\\\/\\\/saiga.es\\\/fr\\\/produit\\\/secateur-arvipo-ps32\\\/#primaryimage\",\"url\":\"https:\\\/\\\/saiga.es\\\/wp-content\\\/uploads\\\/2025\\\/10\\\/TisoraArvipoPS32.png\",\"contentUrl\":\"https:\\\/\\\/saiga.es\\\/wp-content\\\/uploads\\\/2025\\\/10\\\/TisoraArvipoPS32.png\",\"width\":400,\"height\":400},{\"@type\":\"BreadcrumbList\",\"@id\":\"https:\\\/\\\/saiga.es\\\/fr\\\/produit\\\/secateur-arvipo-ps32\\\/#breadcrumb\",\"itemListElement\":[{\"@type\":\"ListItem\",\"position\":1,\"name\":\"Inici\",\"item\":\"https:\\\/\\\/saiga.es\\\/fr\\\/\"},{\"@type\":\"ListItem\",\"position\":2,\"name\":\"boutique\",\"item\":\"https:\\\/\\\/saiga.es\\\/fr\\\/boutique\\\/\"},{\"@type\":\"ListItem\",\"position\":3,\"name\":\"S\u00e9cateur Arvipo PS32\"}]},{\"@type\":\"WebSite\",\"@id\":\"https:\\\/\\\/saiga.es\\\/fr\\\/#website\",\"url\":\"https:\\\/\\\/saiga.es\\\/fr\\\/\",\"name\":\"SAIGA\",\"description\":\"M\u00e9s de 50 anys al servei de la terra i treballant per a un \u00fas eficient de l\u2019aigua!\",\"publisher\":{\"@id\":\"https:\\\/\\\/saiga.es\\\/fr\\\/#organization\"},\"potentialAction\":[{\"@type\":\"SearchAction\",\"target\":{\"@type\":\"EntryPoint\",\"urlTemplate\":\"https:\\\/\\\/saiga.es\\\/fr\\\/?s={search_term_string}\"},\"query-input\":{\"@type\":\"PropertyValueSpecification\",\"valueRequired\":true,\"valueName\":\"search_term_string\"}}],\"inLanguage\":\"fr-FR\"},{\"@type\":\"Organization\",\"@id\":\"https:\\\/\\\/saiga.es\\\/fr\\\/#organization\",\"name\":\"SAIGA\",\"url\":\"https:\\\/\\\/saiga.es\\\/fr\\\/\",\"logo\":{\"@type\":\"ImageObject\",\"inLanguage\":\"fr-FR\",\"@id\":\"https:\\\/\\\/saiga.es\\\/fr\\\/#\\\/schema\\\/logo\\\/image\\\/\",\"url\":\"https:\\\/\\\/saiga.es\\\/wp-content\\\/uploads\\\/2025\\\/07\\\/logo_saiga_baseline_optimitzat.svg\",\"contentUrl\":\"https:\\\/\\\/saiga.es\\\/wp-content\\\/uploads\\\/2025\\\/07\\\/logo_saiga_baseline_optimitzat.svg\",\"caption\":\"SAIGA\"},\"image\":{\"@id\":\"https:\\\/\\\/saiga.es\\\/fr\\\/#\\\/schema\\\/logo\\\/image\\\/\"},\"sameAs\":[\"https:\\\/\\\/x.com\\\/saiga_agro\",\"https:\\\/\\\/www.instagram.com\\\/saiga_agro\\\/\"]}]}<\/script>\n<!-- \/ Yoast SEO plugin. -->","yoast_head_json":{"title":"S\u00e9cateur Arvipo PS32 | SAIGA","robots":{"index":"index","follow":"follow","max-snippet":"max-snippet:-1","max-image-preview":"max-image-preview:large","max-video-preview":"max-video-preview:-1"},"canonical":"https:\/\/saiga.es\/fr\/produit\/secateur-arvipo-ps32\/","og_locale":"fr_FR","og_type":"article","og_title":"S\u00e9cateur Arvipo PS32 | SAIGA","og_description":"L&rsquo;ARVIPO PS32 EVO2 int\u00e8gre une \u00e9lectronique de pointe qui lui conf\u00e8re une vitesse exceptionnelle et un toucher exquis dans la fonction de mouvement progressif. Il en r\u00e9sulte un outil de manipulation de haut niveau qui atteint des limites de plus en plus insurmontables. Il convient de souligner la nouveaut\u00e9 de la r\u00e9gulation logicielle de la...","og_url":"https:\/\/saiga.es\/fr\/produit\/secateur-arvipo-ps32\/","og_site_name":"SAIGA","og_image":[{"width":400,"height":400,"url":"https:\/\/saiga.es\/wp-content\/uploads\/2025\/10\/TisoraArvipoPS32.png","type":"image\/png"}],"twitter_card":"summary_large_image","twitter_site":"@saiga_agro","twitter_misc":{"Dur\u00e9e de lecture estim\u00e9e":"1 minute"},"schema":{"@context":"https:\/\/schema.org","@graph":[{"@type":"WebPage","@id":"https:\/\/saiga.es\/fr\/produit\/secateur-arvipo-ps32\/","url":"https:\/\/saiga.es\/fr\/produit\/secateur-arvipo-ps32\/","name":"S\u00e9cateur Arvipo PS32 | SAIGA","isPartOf":{"@id":"https:\/\/saiga.es\/fr\/#website"},"primaryImageOfPage":{"@id":"https:\/\/saiga.es\/fr\/produit\/secateur-arvipo-ps32\/#primaryimage"},"image":{"@id":"https:\/\/saiga.es\/fr\/produit\/secateur-arvipo-ps32\/#primaryimage"},"thumbnailUrl":"https:\/\/saiga.es\/wp-content\/uploads\/2025\/10\/TisoraArvipoPS32.png","datePublished":"2025-10-14T07:38:58+00:00","breadcrumb":{"@id":"https:\/\/saiga.es\/fr\/produit\/secateur-arvipo-ps32\/#breadcrumb"},"inLanguage":"fr-FR","potentialAction":[{"@type":"ReadAction","target":["https:\/\/saiga.es\/fr\/produit\/secateur-arvipo-ps32\/"]}]},{"@type":"ImageObject","inLanguage":"fr-FR","@id":"https:\/\/saiga.es\/fr\/produit\/secateur-arvipo-ps32\/#primaryimage","url":"https:\/\/saiga.es\/wp-content\/uploads\/2025\/10\/TisoraArvipoPS32.png","contentUrl":"https:\/\/saiga.es\/wp-content\/uploads\/2025\/10\/TisoraArvipoPS32.png","width":400,"height":400},{"@type":"BreadcrumbList","@id":"https:\/\/saiga.es\/fr\/produit\/secateur-arvipo-ps32\/#breadcrumb","itemListElement":[{"@type":"ListItem","position":1,"name":"Inici","item":"https:\/\/saiga.es\/fr\/"},{"@type":"ListItem","position":2,"name":"boutique","item":"https:\/\/saiga.es\/fr\/boutique\/"},{"@type":"ListItem","position":3,"name":"S\u00e9cateur Arvipo PS32"}]},{"@type":"WebSite","@id":"https:\/\/saiga.es\/fr\/#website","url":"https:\/\/saiga.es\/fr\/","name":"SAIGA","description":"M\u00e9s de 50 anys al servei de la terra i treballant per a un \u00fas eficient de l\u2019aigua!","publisher":{"@id":"https:\/\/saiga.es\/fr\/#organization"},"potentialAction":[{"@type":"SearchAction","target":{"@type":"EntryPoint","urlTemplate":"https:\/\/saiga.es\/fr\/?s={search_term_string}"},"query-input":{"@type":"PropertyValueSpecification","valueRequired":true,"valueName":"search_term_string"}}],"inLanguage":"fr-FR"},{"@type":"Organization","@id":"https:\/\/saiga.es\/fr\/#organization","name":"SAIGA","url":"https:\/\/saiga.es\/fr\/","logo":{"@type":"ImageObject","inLanguage":"fr-FR","@id":"https:\/\/saiga.es\/fr\/#\/schema\/logo\/image\/","url":"https:\/\/saiga.es\/wp-content\/uploads\/2025\/07\/logo_saiga_baseline_optimitzat.svg","contentUrl":"https:\/\/saiga.es\/wp-content\/uploads\/2025\/07\/logo_saiga_baseline_optimitzat.svg","caption":"SAIGA"},"image":{"@id":"https:\/\/saiga.es\/fr\/#\/schema\/logo\/image\/"},"sameAs":["https:\/\/x.com\/saiga_agro","https:\/\/www.instagram.com\/saiga_agro\/"]}]}},"_links":{"self":[{"href":"https:\/\/saiga.es\/fr\/wp-json\/wp\/v2\/product\/17126","targetHints":{"allow":["GET"]}}],"collection":[{"href":"https:\/\/saiga.es\/fr\/wp-json\/wp\/v2\/product"}],"about":[{"href":"https:\/\/saiga.es\/fr\/wp-json\/wp\/v2\/types\/product"}],"replies":[{"embeddable":true,"href":"https:\/\/saiga.es\/fr\/wp-json\/wp\/v2\/comments?post=17126"}],"wp:featuredmedia":[{"embeddable":true,"href":"https:\/\/saiga.es\/fr\/wp-json\/wp\/v2\/media\/17045"}],"wp:attachment":[{"href":"https:\/\/saiga.es\/fr\/wp-json\/wp\/v2\/media?parent=17126"}],"wp:term":[{"taxonomy":"product_brand","embeddable":true,"href":"https:\/\/saiga.es\/fr\/wp-json\/wp\/v2\/product_brand?post=17126"},{"taxonomy":"product_cat","embeddable":true,"href":"https:\/\/saiga.es\/fr\/wp-json\/wp\/v2\/product_cat?post=17126"},{"taxonomy":"product_tag","embeddable":true,"href":"https:\/\/saiga.es\/fr\/wp-json\/wp\/v2\/product_tag?post=17126"}],"curies":[{"name":"wp","href":"https:\/\/api.w.org\/{rel}","templated":true}]}}