{"id":17133,"date":"2025-10-14T07:47:07","date_gmt":"2025-10-14T07:47:07","guid":{"rendered":"https:\/\/saiga.es\/producte\/machine-a-creuser-des-tranchees\/"},"modified":"2025-10-14T07:47:07","modified_gmt":"2025-10-14T07:47:07","slug":"machine-a-creuser-des-tranchees","status":"publish","type":"product","link":"https:\/\/saiga.es\/fr\/produit\/machine-a-creuser-des-tranchees\/","title":{"rendered":"Machine \u00e0 creuser des tranch\u00e9es"},"content":{"rendered":"<div class=\"text-blue\">\n<p>Machine \u00e0 creuser des tranch\u00e9es sans traction Camon mod\u00e8le TR12 avec moteur B&amp;S Vanguard de 6,5 cv. C&rsquo;est l&rsquo;une des plus compactes actuellement. Elle permet \u00e0 l&rsquo;op\u00e9rateur de creuser une tranch\u00e9e n&rsquo;importe o\u00f9. La machine \u00e0 creuser des tranch\u00e9es id\u00e9ale pour ouvrir des tranch\u00e9es pour c\u00e2bles, canalisations, \u00e9vacuations, etc. Elle dispose de 3 profondeurs de travail, compacte, efficace et facile \u00e0 utiliser.    <\/p>\n<p>Prix : <strong>125 \u20ac<\/strong> \/ jour (TVA non incl.)<\/p>\n<p>Prix : <strong>25 \u20ac<\/strong> \/ jour (TVA non comprise)<\/p>\n<p>Retrait dans nos magasins de Santa Llogaia d&rsquo;\u00c0lguema et G\u00e9rone.<\/p>\n<p><a href=\"https:\/\/saiga.es\/fr\/contact\/\">Plus d&rsquo;informations sur la location<\/a><\/p>\n<\/div>\n<p>* En ce moment, elle n&rsquo;est pas disponible.<\/p>\n","protected":false},"excerpt":{"rendered":"<p>Machine \u00e0 creuser des tranch\u00e9es sans traction Camon mod\u00e8le TR12 avec moteur B&amp;S Vanguard de 6,5 cv. C&rsquo;est l&rsquo;une des plus compactes actuellement. Elle permet \u00e0 l&rsquo;op\u00e9rateur de creuser une tranch\u00e9e n&rsquo;importe o\u00f9. La machine \u00e0 creuser des tranch\u00e9es id\u00e9ale pour ouvrir des tranch\u00e9es pour c\u00e2bles, canalisations, \u00e9vacuations, etc. Elle dispose de 3 profondeurs de&#8230;<\/p>\n","protected":false},"featured_media":17078,"comment_status":"open","ping_status":"closed","template":"","meta":[],"product_brand":[],"product_cat":[2317],"product_tag":[],"class_list":{"0":"post-17133","1":"product","2":"type-product","3":"status-publish","4":"has-post-thumbnail","6":"product_cat-location-de-materiel","8":"first","9":"instock","10":"taxable","11":"shipping-taxable","12":"product-type-simple"},"yoast_head":"<!-- This site is optimized with the Yoast SEO plugin v27.5 - https:\/\/yoast.com\/product\/yoast-seo-wordpress\/ -->\n<title>Machine \u00e0 creuser des tranch\u00e9es | SAIGA<\/title>\n<meta name=\"robots\" content=\"index, follow, max-snippet:-1, max-image-preview:large, max-video-preview:-1\" \/>\n<link rel=\"canonical\" href=\"https:\/\/saiga.es\/fr\/produit\/machine-a-creuser-des-tranchees\/\" \/>\n<meta property=\"og:locale\" content=\"fr_FR\" \/>\n<meta property=\"og:type\" content=\"article\" \/>\n<meta property=\"og:title\" content=\"Machine \u00e0 creuser des tranch\u00e9es | SAIGA\" \/>\n<meta property=\"og:description\" content=\"Machine \u00e0 creuser des tranch\u00e9es sans traction Camon mod\u00e8le TR12 avec moteur B&amp;S Vanguard de 6,5 cv. C&rsquo;est l&rsquo;une des plus compactes actuellement. Elle permet \u00e0 l&rsquo;op\u00e9rateur de creuser une tranch\u00e9e n&rsquo;importe o\u00f9. La machine \u00e0 creuser des tranch\u00e9es id\u00e9ale pour ouvrir des tranch\u00e9es pour c\u00e2bles, canalisations, \u00e9vacuations, etc. Elle dispose de 3 profondeurs de...\" \/>\n<meta property=\"og:url\" content=\"https:\/\/saiga.es\/fr\/produit\/machine-a-creuser-des-tranchees\/\" \/>\n<meta property=\"og:site_name\" content=\"SAIGA\" \/>\n<meta property=\"og:image\" content=\"https:\/\/saiga.es\/wp-content\/uploads\/2025\/10\/maquina-de-fer-rases.jpg\" \/>\n\t<meta property=\"og:image:width\" content=\"680\" \/>\n\t<meta property=\"og:image:height\" content=\"680\" \/>\n\t<meta property=\"og:image:type\" content=\"image\/jpeg\" \/>\n<meta name=\"twitter:card\" content=\"summary_large_image\" \/>\n<meta name=\"twitter:site\" content=\"@saiga_agro\" \/>\n<meta name=\"twitter:label1\" content=\"Dur\u00e9e de lecture estim\u00e9e\" \/>\n\t<meta name=\"twitter:data1\" content=\"1 minute\" \/>\n<script type=\"application\/ld+json\" class=\"yoast-schema-graph\">{\"@context\":\"https:\\\/\\\/schema.org\",\"@graph\":[{\"@type\":\"WebPage\",\"@id\":\"https:\\\/\\\/saiga.es\\\/fr\\\/produit\\\/machine-a-creuser-des-tranchees\\\/\",\"url\":\"https:\\\/\\\/saiga.es\\\/fr\\\/produit\\\/machine-a-creuser-des-tranchees\\\/\",\"name\":\"Machine \u00e0 creuser des tranch\u00e9es | SAIGA\",\"isPartOf\":{\"@id\":\"https:\\\/\\\/saiga.es\\\/fr\\\/#website\"},\"primaryImageOfPage\":{\"@id\":\"https:\\\/\\\/saiga.es\\\/fr\\\/produit\\\/machine-a-creuser-des-tranchees\\\/#primaryimage\"},\"image\":{\"@id\":\"https:\\\/\\\/saiga.es\\\/fr\\\/produit\\\/machine-a-creuser-des-tranchees\\\/#primaryimage\"},\"thumbnailUrl\":\"https:\\\/\\\/saiga.es\\\/wp-content\\\/uploads\\\/2025\\\/10\\\/maquina-de-fer-rases.jpg\",\"datePublished\":\"2025-10-14T07:47:07+00:00\",\"breadcrumb\":{\"@id\":\"https:\\\/\\\/saiga.es\\\/fr\\\/produit\\\/machine-a-creuser-des-tranchees\\\/#breadcrumb\"},\"inLanguage\":\"fr-FR\",\"potentialAction\":[{\"@type\":\"ReadAction\",\"target\":[\"https:\\\/\\\/saiga.es\\\/fr\\\/produit\\\/machine-a-creuser-des-tranchees\\\/\"]}]},{\"@type\":\"ImageObject\",\"inLanguage\":\"fr-FR\",\"@id\":\"https:\\\/\\\/saiga.es\\\/fr\\\/produit\\\/machine-a-creuser-des-tranchees\\\/#primaryimage\",\"url\":\"https:\\\/\\\/saiga.es\\\/wp-content\\\/uploads\\\/2025\\\/10\\\/maquina-de-fer-rases.jpg\",\"contentUrl\":\"https:\\\/\\\/saiga.es\\\/wp-content\\\/uploads\\\/2025\\\/10\\\/maquina-de-fer-rases.jpg\",\"width\":680,\"height\":680,\"caption\":\"xr:d:DAFyKduIq74:11,j:3894894882906886152,t:23102510\"},{\"@type\":\"BreadcrumbList\",\"@id\":\"https:\\\/\\\/saiga.es\\\/fr\\\/produit\\\/machine-a-creuser-des-tranchees\\\/#breadcrumb\",\"itemListElement\":[{\"@type\":\"ListItem\",\"position\":1,\"name\":\"Inici\",\"item\":\"https:\\\/\\\/saiga.es\\\/fr\\\/\"},{\"@type\":\"ListItem\",\"position\":2,\"name\":\"boutique\",\"item\":\"https:\\\/\\\/saiga.es\\\/fr\\\/boutique\\\/\"},{\"@type\":\"ListItem\",\"position\":3,\"name\":\"Machine \u00e0 creuser des tranch\u00e9es\"}]},{\"@type\":\"WebSite\",\"@id\":\"https:\\\/\\\/saiga.es\\\/fr\\\/#website\",\"url\":\"https:\\\/\\\/saiga.es\\\/fr\\\/\",\"name\":\"SAIGA\",\"description\":\"M\u00e9s de 50 anys al servei de la terra i treballant per a un \u00fas eficient de l\u2019aigua!\",\"publisher\":{\"@id\":\"https:\\\/\\\/saiga.es\\\/fr\\\/#organization\"},\"potentialAction\":[{\"@type\":\"SearchAction\",\"target\":{\"@type\":\"EntryPoint\",\"urlTemplate\":\"https:\\\/\\\/saiga.es\\\/fr\\\/?s={search_term_string}\"},\"query-input\":{\"@type\":\"PropertyValueSpecification\",\"valueRequired\":true,\"valueName\":\"search_term_string\"}}],\"inLanguage\":\"fr-FR\"},{\"@type\":\"Organization\",\"@id\":\"https:\\\/\\\/saiga.es\\\/fr\\\/#organization\",\"name\":\"SAIGA\",\"url\":\"https:\\\/\\\/saiga.es\\\/fr\\\/\",\"logo\":{\"@type\":\"ImageObject\",\"inLanguage\":\"fr-FR\",\"@id\":\"https:\\\/\\\/saiga.es\\\/fr\\\/#\\\/schema\\\/logo\\\/image\\\/\",\"url\":\"https:\\\/\\\/saiga.es\\\/wp-content\\\/uploads\\\/2025\\\/07\\\/logo_saiga_baseline_optimitzat.svg\",\"contentUrl\":\"https:\\\/\\\/saiga.es\\\/wp-content\\\/uploads\\\/2025\\\/07\\\/logo_saiga_baseline_optimitzat.svg\",\"caption\":\"SAIGA\"},\"image\":{\"@id\":\"https:\\\/\\\/saiga.es\\\/fr\\\/#\\\/schema\\\/logo\\\/image\\\/\"},\"sameAs\":[\"https:\\\/\\\/x.com\\\/saiga_agro\",\"https:\\\/\\\/www.instagram.com\\\/saiga_agro\\\/\"]}]}<\/script>\n<!-- \/ Yoast SEO plugin. -->","yoast_head_json":{"title":"Machine \u00e0 creuser des tranch\u00e9es | SAIGA","robots":{"index":"index","follow":"follow","max-snippet":"max-snippet:-1","max-image-preview":"max-image-preview:large","max-video-preview":"max-video-preview:-1"},"canonical":"https:\/\/saiga.es\/fr\/produit\/machine-a-creuser-des-tranchees\/","og_locale":"fr_FR","og_type":"article","og_title":"Machine \u00e0 creuser des tranch\u00e9es | SAIGA","og_description":"Machine \u00e0 creuser des tranch\u00e9es sans traction Camon mod\u00e8le TR12 avec moteur B&amp;S Vanguard de 6,5 cv. C&rsquo;est l&rsquo;une des plus compactes actuellement. Elle permet \u00e0 l&rsquo;op\u00e9rateur de creuser une tranch\u00e9e n&rsquo;importe o\u00f9. La machine \u00e0 creuser des tranch\u00e9es id\u00e9ale pour ouvrir des tranch\u00e9es pour c\u00e2bles, canalisations, \u00e9vacuations, etc. Elle dispose de 3 profondeurs de...","og_url":"https:\/\/saiga.es\/fr\/produit\/machine-a-creuser-des-tranchees\/","og_site_name":"SAIGA","og_image":[{"width":680,"height":680,"url":"https:\/\/saiga.es\/wp-content\/uploads\/2025\/10\/maquina-de-fer-rases.jpg","type":"image\/jpeg"}],"twitter_card":"summary_large_image","twitter_site":"@saiga_agro","twitter_misc":{"Dur\u00e9e de lecture estim\u00e9e":"1 minute"},"schema":{"@context":"https:\/\/schema.org","@graph":[{"@type":"WebPage","@id":"https:\/\/saiga.es\/fr\/produit\/machine-a-creuser-des-tranchees\/","url":"https:\/\/saiga.es\/fr\/produit\/machine-a-creuser-des-tranchees\/","name":"Machine \u00e0 creuser des tranch\u00e9es | SAIGA","isPartOf":{"@id":"https:\/\/saiga.es\/fr\/#website"},"primaryImageOfPage":{"@id":"https:\/\/saiga.es\/fr\/produit\/machine-a-creuser-des-tranchees\/#primaryimage"},"image":{"@id":"https:\/\/saiga.es\/fr\/produit\/machine-a-creuser-des-tranchees\/#primaryimage"},"thumbnailUrl":"https:\/\/saiga.es\/wp-content\/uploads\/2025\/10\/maquina-de-fer-rases.jpg","datePublished":"2025-10-14T07:47:07+00:00","breadcrumb":{"@id":"https:\/\/saiga.es\/fr\/produit\/machine-a-creuser-des-tranchees\/#breadcrumb"},"inLanguage":"fr-FR","potentialAction":[{"@type":"ReadAction","target":["https:\/\/saiga.es\/fr\/produit\/machine-a-creuser-des-tranchees\/"]}]},{"@type":"ImageObject","inLanguage":"fr-FR","@id":"https:\/\/saiga.es\/fr\/produit\/machine-a-creuser-des-tranchees\/#primaryimage","url":"https:\/\/saiga.es\/wp-content\/uploads\/2025\/10\/maquina-de-fer-rases.jpg","contentUrl":"https:\/\/saiga.es\/wp-content\/uploads\/2025\/10\/maquina-de-fer-rases.jpg","width":680,"height":680,"caption":"xr:d:DAFyKduIq74:11,j:3894894882906886152,t:23102510"},{"@type":"BreadcrumbList","@id":"https:\/\/saiga.es\/fr\/produit\/machine-a-creuser-des-tranchees\/#breadcrumb","itemListElement":[{"@type":"ListItem","position":1,"name":"Inici","item":"https:\/\/saiga.es\/fr\/"},{"@type":"ListItem","position":2,"name":"boutique","item":"https:\/\/saiga.es\/fr\/boutique\/"},{"@type":"ListItem","position":3,"name":"Machine \u00e0 creuser des tranch\u00e9es"}]},{"@type":"WebSite","@id":"https:\/\/saiga.es\/fr\/#website","url":"https:\/\/saiga.es\/fr\/","name":"SAIGA","description":"M\u00e9s de 50 anys al servei de la terra i treballant per a un \u00fas eficient de l\u2019aigua!","publisher":{"@id":"https:\/\/saiga.es\/fr\/#organization"},"potentialAction":[{"@type":"SearchAction","target":{"@type":"EntryPoint","urlTemplate":"https:\/\/saiga.es\/fr\/?s={search_term_string}"},"query-input":{"@type":"PropertyValueSpecification","valueRequired":true,"valueName":"search_term_string"}}],"inLanguage":"fr-FR"},{"@type":"Organization","@id":"https:\/\/saiga.es\/fr\/#organization","name":"SAIGA","url":"https:\/\/saiga.es\/fr\/","logo":{"@type":"ImageObject","inLanguage":"fr-FR","@id":"https:\/\/saiga.es\/fr\/#\/schema\/logo\/image\/","url":"https:\/\/saiga.es\/wp-content\/uploads\/2025\/07\/logo_saiga_baseline_optimitzat.svg","contentUrl":"https:\/\/saiga.es\/wp-content\/uploads\/2025\/07\/logo_saiga_baseline_optimitzat.svg","caption":"SAIGA"},"image":{"@id":"https:\/\/saiga.es\/fr\/#\/schema\/logo\/image\/"},"sameAs":["https:\/\/x.com\/saiga_agro","https:\/\/www.instagram.com\/saiga_agro\/"]}]}},"_links":{"self":[{"href":"https:\/\/saiga.es\/fr\/wp-json\/wp\/v2\/product\/17133","targetHints":{"allow":["GET"]}}],"collection":[{"href":"https:\/\/saiga.es\/fr\/wp-json\/wp\/v2\/product"}],"about":[{"href":"https:\/\/saiga.es\/fr\/wp-json\/wp\/v2\/types\/product"}],"replies":[{"embeddable":true,"href":"https:\/\/saiga.es\/fr\/wp-json\/wp\/v2\/comments?post=17133"}],"wp:featuredmedia":[{"embeddable":true,"href":"https:\/\/saiga.es\/fr\/wp-json\/wp\/v2\/media\/17078"}],"wp:attachment":[{"href":"https:\/\/saiga.es\/fr\/wp-json\/wp\/v2\/media?parent=17133"}],"wp:term":[{"taxonomy":"product_brand","embeddable":true,"href":"https:\/\/saiga.es\/fr\/wp-json\/wp\/v2\/product_brand?post=17133"},{"taxonomy":"product_cat","embeddable":true,"href":"https:\/\/saiga.es\/fr\/wp-json\/wp\/v2\/product_cat?post=17133"},{"taxonomy":"product_tag","embeddable":true,"href":"https:\/\/saiga.es\/fr\/wp-json\/wp\/v2\/product_tag?post=17133"}],"curies":[{"name":"wp","href":"https:\/\/api.w.org\/{rel}","templated":true}]}}