{"id":17143,"date":"2025-10-14T07:31:41","date_gmt":"2025-10-14T07:31:41","guid":{"rendered":"https:\/\/saiga.es\/producte\/regenerateur-rh-480\/"},"modified":"2025-10-14T07:31:41","modified_gmt":"2025-10-14T07:31:41","slug":"regenerateur-rh-480","status":"publish","type":"product","link":"https:\/\/saiga.es\/fr\/produit\/regenerateur-rh-480\/","title":{"rendered":"R\u00e9g\u00e9n\u00e9rateur RH 480"},"content":{"rendered":"<div class=\"text-blue\">\n<p>Si vous \u00eates un professionnel du jardinage, voici votre r\u00e9g\u00e9n\u00e9rateur : l&rsquo;Honda RH480. Puissant, robuste et fiable, avec un nouveau syst\u00e8me de lames flottantes. <\/p>\n<p>Prix : <strong>55 \u20ac <\/strong>\/ jour (TVA non incluse)<\/p>\n<p>Retrait dans nos magasins de Santa Llogaia d&rsquo;\u00c0lguema et G\u00e9rone.<\/p>\n<p><a href=\"https:\/\/saiga.es\/fr\/contact\/\">Plus d&rsquo;informations sur la location<\/a><\/p>\n<\/div>\n","protected":false},"excerpt":{"rendered":"<p>Si vous \u00eates un professionnel du jardinage, voici votre r\u00e9g\u00e9n\u00e9rateur : l&rsquo;Honda RH480. Puissant, robuste et fiable, avec un nouveau syst\u00e8me de lames flottantes. Prix : 55 \u20ac \/ jour (TVA non incluse) Retrait dans nos magasins de Santa Llogaia d&rsquo;\u00c0lguema et G\u00e9rone. Plus d&rsquo;informations sur la location<\/p>\n","protected":false},"featured_media":17021,"comment_status":"open","ping_status":"closed","template":"","meta":[],"product_brand":[],"product_cat":[2317],"product_tag":[],"class_list":{"0":"post-17143","1":"product","2":"type-product","3":"status-publish","4":"has-post-thumbnail","6":"product_cat-location-de-materiel","8":"first","9":"instock","10":"taxable","11":"shipping-taxable","12":"product-type-simple"},"yoast_head":"<!-- This site is optimized with the Yoast SEO plugin v27.5 - https:\/\/yoast.com\/product\/yoast-seo-wordpress\/ -->\n<title>R\u00e9g\u00e9n\u00e9rateur RH 480 | SAIGA<\/title>\n<meta name=\"robots\" content=\"index, follow, max-snippet:-1, max-image-preview:large, max-video-preview:-1\" \/>\n<link rel=\"canonical\" href=\"https:\/\/saiga.es\/fr\/produit\/regenerateur-rh-480\/\" \/>\n<meta property=\"og:locale\" content=\"fr_FR\" \/>\n<meta property=\"og:type\" content=\"article\" \/>\n<meta property=\"og:title\" content=\"R\u00e9g\u00e9n\u00e9rateur RH 480 | SAIGA\" \/>\n<meta property=\"og:description\" content=\"Si vous \u00eates un professionnel du jardinage, voici votre r\u00e9g\u00e9n\u00e9rateur : l&rsquo;Honda RH480. Puissant, robuste et fiable, avec un nouveau syst\u00e8me de lames flottantes. Prix : 55 \u20ac \/ jour (TVA non incluse) Retrait dans nos magasins de Santa Llogaia d&rsquo;\u00c0lguema et G\u00e9rone. Plus d&rsquo;informations sur la location\" \/>\n<meta property=\"og:url\" content=\"https:\/\/saiga.es\/fr\/produit\/regenerateur-rh-480\/\" \/>\n<meta property=\"og:site_name\" content=\"SAIGA\" \/>\n<meta property=\"og:image\" content=\"https:\/\/saiga.es\/wp-content\/uploads\/2025\/10\/regenerador-rh-480.jpg\" \/>\n\t<meta property=\"og:image:width\" content=\"437\" \/>\n\t<meta property=\"og:image:height\" content=\"437\" \/>\n\t<meta property=\"og:image:type\" content=\"image\/jpeg\" \/>\n<meta name=\"twitter:card\" content=\"summary_large_image\" \/>\n<meta name=\"twitter:site\" content=\"@saiga_agro\" \/>\n<script type=\"application\/ld+json\" class=\"yoast-schema-graph\">{\"@context\":\"https:\\\/\\\/schema.org\",\"@graph\":[{\"@type\":\"WebPage\",\"@id\":\"https:\\\/\\\/saiga.es\\\/fr\\\/produit\\\/regenerateur-rh-480\\\/\",\"url\":\"https:\\\/\\\/saiga.es\\\/fr\\\/produit\\\/regenerateur-rh-480\\\/\",\"name\":\"R\u00e9g\u00e9n\u00e9rateur RH 480 | SAIGA\",\"isPartOf\":{\"@id\":\"https:\\\/\\\/saiga.es\\\/fr\\\/#website\"},\"primaryImageOfPage\":{\"@id\":\"https:\\\/\\\/saiga.es\\\/fr\\\/produit\\\/regenerateur-rh-480\\\/#primaryimage\"},\"image\":{\"@id\":\"https:\\\/\\\/saiga.es\\\/fr\\\/produit\\\/regenerateur-rh-480\\\/#primaryimage\"},\"thumbnailUrl\":\"https:\\\/\\\/saiga.es\\\/wp-content\\\/uploads\\\/2025\\\/10\\\/regenerador-rh-480.jpg\",\"datePublished\":\"2025-10-14T07:31:41+00:00\",\"breadcrumb\":{\"@id\":\"https:\\\/\\\/saiga.es\\\/fr\\\/produit\\\/regenerateur-rh-480\\\/#breadcrumb\"},\"inLanguage\":\"fr-FR\",\"potentialAction\":[{\"@type\":\"ReadAction\",\"target\":[\"https:\\\/\\\/saiga.es\\\/fr\\\/produit\\\/regenerateur-rh-480\\\/\"]}]},{\"@type\":\"ImageObject\",\"inLanguage\":\"fr-FR\",\"@id\":\"https:\\\/\\\/saiga.es\\\/fr\\\/produit\\\/regenerateur-rh-480\\\/#primaryimage\",\"url\":\"https:\\\/\\\/saiga.es\\\/wp-content\\\/uploads\\\/2025\\\/10\\\/regenerador-rh-480.jpg\",\"contentUrl\":\"https:\\\/\\\/saiga.es\\\/wp-content\\\/uploads\\\/2025\\\/10\\\/regenerador-rh-480.jpg\",\"width\":437,\"height\":437},{\"@type\":\"BreadcrumbList\",\"@id\":\"https:\\\/\\\/saiga.es\\\/fr\\\/produit\\\/regenerateur-rh-480\\\/#breadcrumb\",\"itemListElement\":[{\"@type\":\"ListItem\",\"position\":1,\"name\":\"Inici\",\"item\":\"https:\\\/\\\/saiga.es\\\/fr\\\/\"},{\"@type\":\"ListItem\",\"position\":2,\"name\":\"boutique\",\"item\":\"https:\\\/\\\/saiga.es\\\/fr\\\/boutique\\\/\"},{\"@type\":\"ListItem\",\"position\":3,\"name\":\"R\u00e9g\u00e9n\u00e9rateur RH 480\"}]},{\"@type\":\"WebSite\",\"@id\":\"https:\\\/\\\/saiga.es\\\/fr\\\/#website\",\"url\":\"https:\\\/\\\/saiga.es\\\/fr\\\/\",\"name\":\"SAIGA\",\"description\":\"M\u00e9s de 50 anys al servei de la terra i treballant per a un \u00fas eficient de l\u2019aigua!\",\"publisher\":{\"@id\":\"https:\\\/\\\/saiga.es\\\/fr\\\/#organization\"},\"potentialAction\":[{\"@type\":\"SearchAction\",\"target\":{\"@type\":\"EntryPoint\",\"urlTemplate\":\"https:\\\/\\\/saiga.es\\\/fr\\\/?s={search_term_string}\"},\"query-input\":{\"@type\":\"PropertyValueSpecification\",\"valueRequired\":true,\"valueName\":\"search_term_string\"}}],\"inLanguage\":\"fr-FR\"},{\"@type\":\"Organization\",\"@id\":\"https:\\\/\\\/saiga.es\\\/fr\\\/#organization\",\"name\":\"SAIGA\",\"url\":\"https:\\\/\\\/saiga.es\\\/fr\\\/\",\"logo\":{\"@type\":\"ImageObject\",\"inLanguage\":\"fr-FR\",\"@id\":\"https:\\\/\\\/saiga.es\\\/fr\\\/#\\\/schema\\\/logo\\\/image\\\/\",\"url\":\"https:\\\/\\\/saiga.es\\\/wp-content\\\/uploads\\\/2025\\\/07\\\/logo_saiga_baseline_optimitzat.svg\",\"contentUrl\":\"https:\\\/\\\/saiga.es\\\/wp-content\\\/uploads\\\/2025\\\/07\\\/logo_saiga_baseline_optimitzat.svg\",\"caption\":\"SAIGA\"},\"image\":{\"@id\":\"https:\\\/\\\/saiga.es\\\/fr\\\/#\\\/schema\\\/logo\\\/image\\\/\"},\"sameAs\":[\"https:\\\/\\\/x.com\\\/saiga_agro\",\"https:\\\/\\\/www.instagram.com\\\/saiga_agro\\\/\"]}]}<\/script>\n<!-- \/ Yoast SEO plugin. -->","yoast_head_json":{"title":"R\u00e9g\u00e9n\u00e9rateur RH 480 | SAIGA","robots":{"index":"index","follow":"follow","max-snippet":"max-snippet:-1","max-image-preview":"max-image-preview:large","max-video-preview":"max-video-preview:-1"},"canonical":"https:\/\/saiga.es\/fr\/produit\/regenerateur-rh-480\/","og_locale":"fr_FR","og_type":"article","og_title":"R\u00e9g\u00e9n\u00e9rateur RH 480 | SAIGA","og_description":"Si vous \u00eates un professionnel du jardinage, voici votre r\u00e9g\u00e9n\u00e9rateur : l&rsquo;Honda RH480. Puissant, robuste et fiable, avec un nouveau syst\u00e8me de lames flottantes. Prix : 55 \u20ac \/ jour (TVA non incluse) Retrait dans nos magasins de Santa Llogaia d&rsquo;\u00c0lguema et G\u00e9rone. Plus d&rsquo;informations sur la location","og_url":"https:\/\/saiga.es\/fr\/produit\/regenerateur-rh-480\/","og_site_name":"SAIGA","og_image":[{"width":437,"height":437,"url":"https:\/\/saiga.es\/wp-content\/uploads\/2025\/10\/regenerador-rh-480.jpg","type":"image\/jpeg"}],"twitter_card":"summary_large_image","twitter_site":"@saiga_agro","schema":{"@context":"https:\/\/schema.org","@graph":[{"@type":"WebPage","@id":"https:\/\/saiga.es\/fr\/produit\/regenerateur-rh-480\/","url":"https:\/\/saiga.es\/fr\/produit\/regenerateur-rh-480\/","name":"R\u00e9g\u00e9n\u00e9rateur RH 480 | SAIGA","isPartOf":{"@id":"https:\/\/saiga.es\/fr\/#website"},"primaryImageOfPage":{"@id":"https:\/\/saiga.es\/fr\/produit\/regenerateur-rh-480\/#primaryimage"},"image":{"@id":"https:\/\/saiga.es\/fr\/produit\/regenerateur-rh-480\/#primaryimage"},"thumbnailUrl":"https:\/\/saiga.es\/wp-content\/uploads\/2025\/10\/regenerador-rh-480.jpg","datePublished":"2025-10-14T07:31:41+00:00","breadcrumb":{"@id":"https:\/\/saiga.es\/fr\/produit\/regenerateur-rh-480\/#breadcrumb"},"inLanguage":"fr-FR","potentialAction":[{"@type":"ReadAction","target":["https:\/\/saiga.es\/fr\/produit\/regenerateur-rh-480\/"]}]},{"@type":"ImageObject","inLanguage":"fr-FR","@id":"https:\/\/saiga.es\/fr\/produit\/regenerateur-rh-480\/#primaryimage","url":"https:\/\/saiga.es\/wp-content\/uploads\/2025\/10\/regenerador-rh-480.jpg","contentUrl":"https:\/\/saiga.es\/wp-content\/uploads\/2025\/10\/regenerador-rh-480.jpg","width":437,"height":437},{"@type":"BreadcrumbList","@id":"https:\/\/saiga.es\/fr\/produit\/regenerateur-rh-480\/#breadcrumb","itemListElement":[{"@type":"ListItem","position":1,"name":"Inici","item":"https:\/\/saiga.es\/fr\/"},{"@type":"ListItem","position":2,"name":"boutique","item":"https:\/\/saiga.es\/fr\/boutique\/"},{"@type":"ListItem","position":3,"name":"R\u00e9g\u00e9n\u00e9rateur RH 480"}]},{"@type":"WebSite","@id":"https:\/\/saiga.es\/fr\/#website","url":"https:\/\/saiga.es\/fr\/","name":"SAIGA","description":"M\u00e9s de 50 anys al servei de la terra i treballant per a un \u00fas eficient de l\u2019aigua!","publisher":{"@id":"https:\/\/saiga.es\/fr\/#organization"},"potentialAction":[{"@type":"SearchAction","target":{"@type":"EntryPoint","urlTemplate":"https:\/\/saiga.es\/fr\/?s={search_term_string}"},"query-input":{"@type":"PropertyValueSpecification","valueRequired":true,"valueName":"search_term_string"}}],"inLanguage":"fr-FR"},{"@type":"Organization","@id":"https:\/\/saiga.es\/fr\/#organization","name":"SAIGA","url":"https:\/\/saiga.es\/fr\/","logo":{"@type":"ImageObject","inLanguage":"fr-FR","@id":"https:\/\/saiga.es\/fr\/#\/schema\/logo\/image\/","url":"https:\/\/saiga.es\/wp-content\/uploads\/2025\/07\/logo_saiga_baseline_optimitzat.svg","contentUrl":"https:\/\/saiga.es\/wp-content\/uploads\/2025\/07\/logo_saiga_baseline_optimitzat.svg","caption":"SAIGA"},"image":{"@id":"https:\/\/saiga.es\/fr\/#\/schema\/logo\/image\/"},"sameAs":["https:\/\/x.com\/saiga_agro","https:\/\/www.instagram.com\/saiga_agro\/"]}]}},"_links":{"self":[{"href":"https:\/\/saiga.es\/fr\/wp-json\/wp\/v2\/product\/17143","targetHints":{"allow":["GET"]}}],"collection":[{"href":"https:\/\/saiga.es\/fr\/wp-json\/wp\/v2\/product"}],"about":[{"href":"https:\/\/saiga.es\/fr\/wp-json\/wp\/v2\/types\/product"}],"replies":[{"embeddable":true,"href":"https:\/\/saiga.es\/fr\/wp-json\/wp\/v2\/comments?post=17143"}],"wp:featuredmedia":[{"embeddable":true,"href":"https:\/\/saiga.es\/fr\/wp-json\/wp\/v2\/media\/17021"}],"wp:attachment":[{"href":"https:\/\/saiga.es\/fr\/wp-json\/wp\/v2\/media?parent=17143"}],"wp:term":[{"taxonomy":"product_brand","embeddable":true,"href":"https:\/\/saiga.es\/fr\/wp-json\/wp\/v2\/product_brand?post=17143"},{"taxonomy":"product_cat","embeddable":true,"href":"https:\/\/saiga.es\/fr\/wp-json\/wp\/v2\/product_cat?post=17143"},{"taxonomy":"product_tag","embeddable":true,"href":"https:\/\/saiga.es\/fr\/wp-json\/wp\/v2\/product_tag?post=17143"}],"curies":[{"name":"wp","href":"https:\/\/api.w.org\/{rel}","templated":true}]}}