{"id":17282,"date":"2025-04-11T09:24:39","date_gmt":"2025-04-11T09:24:39","guid":{"rendered":"https:\/\/saiga.es\/producte\/houe-bellota-87-c\/"},"modified":"2025-04-11T09:24:39","modified_gmt":"2025-04-11T09:24:39","slug":"houe-bellota-87-c","status":"publish","type":"product","link":"https:\/\/saiga.es\/fr\/produit\/houe-bellota-87-c\/","title":{"rendered":"Houe Bellota 87 C"},"content":{"rendered":"<p>Houe Bellota 87 C<\/p>\n<p>Houe forg\u00e9e d&rsquo;une seule pi\u00e8ce et fabriqu\u00e9e en acier sp\u00e9cial Bellota, id\u00e9ale pour la culture des asperges. Polie et aff\u00fbt\u00e9e sp\u00e9cialement sur la face arri\u00e8re pour faciliter l&rsquo;insertion dans le sol et travailler avec pr\u00e9cision dans les terres meubles ou sableuses, typiques de cette culture.<br data-start=\"530\" data-end=\"533\">Elle ne s&rsquo;use pas et vous pourrez l&rsquo;utiliser toute votre vie gr\u00e2ce \u00e0 la trempe int\u00e9grale de toute la lame. Elle int\u00e8gre une nervure centrale qui lui conf\u00e8re plus de robustesse et de durabilit\u00e9, m\u00eame lors de travaux intensifs.<br data-start=\"729\" data-end=\"732\">Vous pourrez pr\u00e9parer les billons et ouvrir des sillons pour semer ou r\u00e9colter des asperges sans craindre que la houe ne se d\u00e9forme. Sa conception effil\u00e9e permet une p\u00e9n\u00e9tration douce et efficace, \u00e9conomisant du temps et de l&rsquo;effort.   <br data-start=\"929\" data-end=\"932\">Elle comprend un syst\u00e8me anti-rotation \u00e0 l&rsquo;\u0153il : les deux encoches emp\u00eachent la t\u00eate de tourner. Combin\u00e9 au manche sp\u00e9cial avec des languettes anti-rotation, l&rsquo;assemblage est ferme et stable, sans mouvements.<br data-start=\"1105\" data-end=\"1108\">Fini le recours aux cales, chiffons ou \u00e0 l&rsquo;eau pour fixer le manche. Le syst\u00e8me anti-rotation est \u00e9galement compatible avec les manches traditionnels, car le bois s&rsquo;adapte naturellement aux encoches.  <\/p>\n","protected":false},"excerpt":{"rendered":"<p>Houe Bellota 87 C<\/p>\n<p>Houe forg\u00e9e d&rsquo;une seule pi\u00e8ce et fabriqu\u00e9e en acier sp\u00e9cial Bellota, id\u00e9ale pour la culture des asperges. Polie et aff\u00fbt\u00e9e sp\u00e9cialement sur la face arri\u00e8re pour faciliter l&rsquo;insertion dans le sol et travailler avec pr\u00e9cision dans les terres meubles ou sableuses, typiques de cette culture.<br data-start=\"530\" data-end=\"533\">Elle ne s&rsquo;use pas et vous pourrez l&rsquo;utiliser toute votre vie gr\u00e2ce \u00e0 la trempe int\u00e9grale de toute la lame. Elle int\u00e8gre une nervure centrale qui lui conf\u00e8re plus de robustesse et de durabilit\u00e9, m\u00eame lors de travaux intensifs.<br data-start=\"729\" data-end=\"732\">Vous pourrez pr\u00e9parer les billons et ouvrir des sillons pour semer ou r\u00e9colter des asperges sans craindre que la houe ne se d\u00e9forme. Sa conception effil\u00e9e permet une p\u00e9n\u00e9tration douce et efficace, \u00e9conomisant du temps et de l&rsquo;effort.   <br data-start=\"929\" data-end=\"932\">Elle comprend un syst\u00e8me anti-rotation \u00e0 l&rsquo;\u0153il : les deux encoches emp\u00eachent la t\u00eate de tourner. Combin\u00e9 au manche sp\u00e9cial avec des languettes anti-rotation, l&rsquo;assemblage est ferme et stable, sans mouvements.<br data-start=\"1105\" data-end=\"1108\">Fini le recours aux cales, chiffons ou \u00e0 l&rsquo;eau pour fixer le manche. Le syst\u00e8me anti-rotation est \u00e9galement compatible avec les manches traditionnels, car le bois s&rsquo;adapte naturellement aux encoches.  <\/p>\n","protected":false},"featured_media":14560,"comment_status":"open","ping_status":"closed","template":"","meta":[],"product_brand":[1959],"product_cat":[1957],"product_tag":[],"class_list":{"0":"post-17282","1":"product","2":"type-product","3":"status-publish","4":"has-post-thumbnail","6":"product_brand-bellota","7":"product_cat-houes","9":"first","10":"instock","11":"taxable","12":"shipping-taxable","13":"purchasable","14":"product-type-simple"},"yoast_head":"<!-- This site is optimized with the Yoast SEO plugin v27.4 - https:\/\/yoast.com\/product\/yoast-seo-wordpress\/ -->\n<title>Houe Bellota 87 C | SAIGA<\/title>\n<meta name=\"description\" content=\"Houe forg\u00e9e dans une seule pi\u00e8ce d&#039;acier Bellota, r\u00e9sistante et durable. Id\u00e9al pour a\u00e9rer et pr\u00e9parer le sol \u00e0 la plantation et au nettoyage autour des arbres et des vignes.\" \/>\n<meta name=\"robots\" content=\"index, follow, max-snippet:-1, max-image-preview:large, max-video-preview:-1\" \/>\n<link rel=\"canonical\" href=\"https:\/\/saiga.es\/fr\/produit\/houe-bellota-87-c\/\" \/>\n<meta property=\"og:locale\" content=\"fr_FR\" \/>\n<meta property=\"og:type\" content=\"article\" \/>\n<meta property=\"og:title\" content=\"Houe Bellota 87 C | SAIGA\" \/>\n<meta property=\"og:description\" content=\"Houe forg\u00e9e dans une seule pi\u00e8ce d&#039;acier Bellota, r\u00e9sistante et durable. Id\u00e9al pour a\u00e9rer et pr\u00e9parer le sol \u00e0 la plantation et au nettoyage autour des arbres et des vignes.\" \/>\n<meta property=\"og:url\" content=\"https:\/\/saiga.es\/fr\/produit\/houe-bellota-87-c\/\" \/>\n<meta property=\"og:site_name\" content=\"SAIGA\" \/>\n<meta property=\"og:image\" content=\"https:\/\/saiga.es\/wp-content\/uploads\/2025\/04\/Diseno-sin-titulo-2.png\" \/>\n\t<meta property=\"og:image:width\" content=\"1080\" \/>\n\t<meta property=\"og:image:height\" content=\"1080\" \/>\n\t<meta property=\"og:image:type\" content=\"image\/png\" \/>\n<meta name=\"twitter:card\" content=\"summary_large_image\" \/>\n<meta name=\"twitter:site\" content=\"@saiga_agro\" \/>\n<meta name=\"twitter:label1\" content=\"Dur\u00e9e de lecture estim\u00e9e\" \/>\n\t<meta name=\"twitter:data1\" content=\"1 minute\" \/>\n<script type=\"application\/ld+json\" class=\"yoast-schema-graph\">{\"@context\":\"https:\\\/\\\/schema.org\",\"@graph\":[{\"@type\":\"WebPage\",\"@id\":\"https:\\\/\\\/saiga.es\\\/fr\\\/produit\\\/houe-bellota-87-c\\\/\",\"url\":\"https:\\\/\\\/saiga.es\\\/fr\\\/produit\\\/houe-bellota-87-c\\\/\",\"name\":\"Houe Bellota 87 C | SAIGA\",\"isPartOf\":{\"@id\":\"https:\\\/\\\/saiga.es\\\/fr\\\/#website\"},\"primaryImageOfPage\":{\"@id\":\"https:\\\/\\\/saiga.es\\\/fr\\\/produit\\\/houe-bellota-87-c\\\/#primaryimage\"},\"image\":{\"@id\":\"https:\\\/\\\/saiga.es\\\/fr\\\/produit\\\/houe-bellota-87-c\\\/#primaryimage\"},\"thumbnailUrl\":\"https:\\\/\\\/saiga.es\\\/wp-content\\\/uploads\\\/2025\\\/04\\\/Diseno-sin-titulo-2.png\",\"datePublished\":\"2025-04-11T09:24:39+00:00\",\"description\":\"Houe forg\u00e9e dans une seule pi\u00e8ce d'acier Bellota, r\u00e9sistante et durable. Id\u00e9al pour a\u00e9rer et pr\u00e9parer le sol \u00e0 la plantation et au nettoyage autour des arbres et des vignes.\",\"breadcrumb\":{\"@id\":\"https:\\\/\\\/saiga.es\\\/fr\\\/produit\\\/houe-bellota-87-c\\\/#breadcrumb\"},\"inLanguage\":\"fr-FR\",\"potentialAction\":[{\"@type\":\"ReadAction\",\"target\":[\"https:\\\/\\\/saiga.es\\\/fr\\\/produit\\\/houe-bellota-87-c\\\/\"]}]},{\"@type\":\"ImageObject\",\"inLanguage\":\"fr-FR\",\"@id\":\"https:\\\/\\\/saiga.es\\\/fr\\\/produit\\\/houe-bellota-87-c\\\/#primaryimage\",\"url\":\"https:\\\/\\\/saiga.es\\\/wp-content\\\/uploads\\\/2025\\\/04\\\/Diseno-sin-titulo-2.png\",\"contentUrl\":\"https:\\\/\\\/saiga.es\\\/wp-content\\\/uploads\\\/2025\\\/04\\\/Diseno-sin-titulo-2.png\",\"width\":1080,\"height\":1080},{\"@type\":\"BreadcrumbList\",\"@id\":\"https:\\\/\\\/saiga.es\\\/fr\\\/produit\\\/houe-bellota-87-c\\\/#breadcrumb\",\"itemListElement\":[{\"@type\":\"ListItem\",\"position\":1,\"name\":\"Inici\",\"item\":\"https:\\\/\\\/saiga.es\\\/fr\\\/\"},{\"@type\":\"ListItem\",\"position\":2,\"name\":\"boutique\",\"item\":\"https:\\\/\\\/saiga.es\\\/fr\\\/boutique\\\/\"},{\"@type\":\"ListItem\",\"position\":3,\"name\":\"Houe Bellota 87 C\"}]},{\"@type\":\"WebSite\",\"@id\":\"https:\\\/\\\/saiga.es\\\/fr\\\/#website\",\"url\":\"https:\\\/\\\/saiga.es\\\/fr\\\/\",\"name\":\"SAIGA\",\"description\":\"M\u00e9s de 50 anys al servei de la terra i treballant per a un \u00fas eficient de l\u2019aigua!\",\"publisher\":{\"@id\":\"https:\\\/\\\/saiga.es\\\/fr\\\/#organization\"},\"potentialAction\":[{\"@type\":\"SearchAction\",\"target\":{\"@type\":\"EntryPoint\",\"urlTemplate\":\"https:\\\/\\\/saiga.es\\\/fr\\\/?s={search_term_string}\"},\"query-input\":{\"@type\":\"PropertyValueSpecification\",\"valueRequired\":true,\"valueName\":\"search_term_string\"}}],\"inLanguage\":\"fr-FR\"},{\"@type\":\"Organization\",\"@id\":\"https:\\\/\\\/saiga.es\\\/fr\\\/#organization\",\"name\":\"SAIGA\",\"url\":\"https:\\\/\\\/saiga.es\\\/fr\\\/\",\"logo\":{\"@type\":\"ImageObject\",\"inLanguage\":\"fr-FR\",\"@id\":\"https:\\\/\\\/saiga.es\\\/fr\\\/#\\\/schema\\\/logo\\\/image\\\/\",\"url\":\"https:\\\/\\\/saiga.es\\\/wp-content\\\/uploads\\\/2025\\\/07\\\/logo_saiga_baseline_optimitzat.svg\",\"contentUrl\":\"https:\\\/\\\/saiga.es\\\/wp-content\\\/uploads\\\/2025\\\/07\\\/logo_saiga_baseline_optimitzat.svg\",\"caption\":\"SAIGA\"},\"image\":{\"@id\":\"https:\\\/\\\/saiga.es\\\/fr\\\/#\\\/schema\\\/logo\\\/image\\\/\"},\"sameAs\":[\"https:\\\/\\\/x.com\\\/saiga_agro\",\"https:\\\/\\\/www.instagram.com\\\/saiga_agro\\\/\"]}]}<\/script>\n<!-- \/ Yoast SEO plugin. -->","yoast_head_json":{"title":"Houe Bellota 87 C | SAIGA","description":"Houe forg\u00e9e dans une seule pi\u00e8ce d'acier Bellota, r\u00e9sistante et durable. Id\u00e9al pour a\u00e9rer et pr\u00e9parer le sol \u00e0 la plantation et au nettoyage autour des arbres et des vignes.","robots":{"index":"index","follow":"follow","max-snippet":"max-snippet:-1","max-image-preview":"max-image-preview:large","max-video-preview":"max-video-preview:-1"},"canonical":"https:\/\/saiga.es\/fr\/produit\/houe-bellota-87-c\/","og_locale":"fr_FR","og_type":"article","og_title":"Houe Bellota 87 C | SAIGA","og_description":"Houe forg\u00e9e dans une seule pi\u00e8ce d'acier Bellota, r\u00e9sistante et durable. Id\u00e9al pour a\u00e9rer et pr\u00e9parer le sol \u00e0 la plantation et au nettoyage autour des arbres et des vignes.","og_url":"https:\/\/saiga.es\/fr\/produit\/houe-bellota-87-c\/","og_site_name":"SAIGA","og_image":[{"width":1080,"height":1080,"url":"https:\/\/saiga.es\/wp-content\/uploads\/2025\/04\/Diseno-sin-titulo-2.png","type":"image\/png"}],"twitter_card":"summary_large_image","twitter_site":"@saiga_agro","twitter_misc":{"Dur\u00e9e de lecture estim\u00e9e":"1 minute"},"schema":{"@context":"https:\/\/schema.org","@graph":[{"@type":"WebPage","@id":"https:\/\/saiga.es\/fr\/produit\/houe-bellota-87-c\/","url":"https:\/\/saiga.es\/fr\/produit\/houe-bellota-87-c\/","name":"Houe Bellota 87 C | SAIGA","isPartOf":{"@id":"https:\/\/saiga.es\/fr\/#website"},"primaryImageOfPage":{"@id":"https:\/\/saiga.es\/fr\/produit\/houe-bellota-87-c\/#primaryimage"},"image":{"@id":"https:\/\/saiga.es\/fr\/produit\/houe-bellota-87-c\/#primaryimage"},"thumbnailUrl":"https:\/\/saiga.es\/wp-content\/uploads\/2025\/04\/Diseno-sin-titulo-2.png","datePublished":"2025-04-11T09:24:39+00:00","description":"Houe forg\u00e9e dans une seule pi\u00e8ce d'acier Bellota, r\u00e9sistante et durable. Id\u00e9al pour a\u00e9rer et pr\u00e9parer le sol \u00e0 la plantation et au nettoyage autour des arbres et des vignes.","breadcrumb":{"@id":"https:\/\/saiga.es\/fr\/produit\/houe-bellota-87-c\/#breadcrumb"},"inLanguage":"fr-FR","potentialAction":[{"@type":"ReadAction","target":["https:\/\/saiga.es\/fr\/produit\/houe-bellota-87-c\/"]}]},{"@type":"ImageObject","inLanguage":"fr-FR","@id":"https:\/\/saiga.es\/fr\/produit\/houe-bellota-87-c\/#primaryimage","url":"https:\/\/saiga.es\/wp-content\/uploads\/2025\/04\/Diseno-sin-titulo-2.png","contentUrl":"https:\/\/saiga.es\/wp-content\/uploads\/2025\/04\/Diseno-sin-titulo-2.png","width":1080,"height":1080},{"@type":"BreadcrumbList","@id":"https:\/\/saiga.es\/fr\/produit\/houe-bellota-87-c\/#breadcrumb","itemListElement":[{"@type":"ListItem","position":1,"name":"Inici","item":"https:\/\/saiga.es\/fr\/"},{"@type":"ListItem","position":2,"name":"boutique","item":"https:\/\/saiga.es\/fr\/boutique\/"},{"@type":"ListItem","position":3,"name":"Houe Bellota 87 C"}]},{"@type":"WebSite","@id":"https:\/\/saiga.es\/fr\/#website","url":"https:\/\/saiga.es\/fr\/","name":"SAIGA","description":"M\u00e9s de 50 anys al servei de la terra i treballant per a un \u00fas eficient de l\u2019aigua!","publisher":{"@id":"https:\/\/saiga.es\/fr\/#organization"},"potentialAction":[{"@type":"SearchAction","target":{"@type":"EntryPoint","urlTemplate":"https:\/\/saiga.es\/fr\/?s={search_term_string}"},"query-input":{"@type":"PropertyValueSpecification","valueRequired":true,"valueName":"search_term_string"}}],"inLanguage":"fr-FR"},{"@type":"Organization","@id":"https:\/\/saiga.es\/fr\/#organization","name":"SAIGA","url":"https:\/\/saiga.es\/fr\/","logo":{"@type":"ImageObject","inLanguage":"fr-FR","@id":"https:\/\/saiga.es\/fr\/#\/schema\/logo\/image\/","url":"https:\/\/saiga.es\/wp-content\/uploads\/2025\/07\/logo_saiga_baseline_optimitzat.svg","contentUrl":"https:\/\/saiga.es\/wp-content\/uploads\/2025\/07\/logo_saiga_baseline_optimitzat.svg","caption":"SAIGA"},"image":{"@id":"https:\/\/saiga.es\/fr\/#\/schema\/logo\/image\/"},"sameAs":["https:\/\/x.com\/saiga_agro","https:\/\/www.instagram.com\/saiga_agro\/"]}]}},"_links":{"self":[{"href":"https:\/\/saiga.es\/fr\/wp-json\/wp\/v2\/product\/17282","targetHints":{"allow":["GET"]}}],"collection":[{"href":"https:\/\/saiga.es\/fr\/wp-json\/wp\/v2\/product"}],"about":[{"href":"https:\/\/saiga.es\/fr\/wp-json\/wp\/v2\/types\/product"}],"replies":[{"embeddable":true,"href":"https:\/\/saiga.es\/fr\/wp-json\/wp\/v2\/comments?post=17282"}],"wp:featuredmedia":[{"embeddable":true,"href":"https:\/\/saiga.es\/fr\/wp-json\/wp\/v2\/media\/14560"}],"wp:attachment":[{"href":"https:\/\/saiga.es\/fr\/wp-json\/wp\/v2\/media?parent=17282"}],"wp:term":[{"taxonomy":"product_brand","embeddable":true,"href":"https:\/\/saiga.es\/fr\/wp-json\/wp\/v2\/product_brand?post=17282"},{"taxonomy":"product_cat","embeddable":true,"href":"https:\/\/saiga.es\/fr\/wp-json\/wp\/v2\/product_cat?post=17282"},{"taxonomy":"product_tag","embeddable":true,"href":"https:\/\/saiga.es\/fr\/wp-json\/wp\/v2\/product_tag?post=17282"}],"curies":[{"name":"wp","href":"https:\/\/api.w.org\/{rel}","templated":true}]}}