{"id":17286,"date":"2025-04-11T07:43:42","date_gmt":"2025-04-11T07:43:42","guid":{"rendered":"https:\/\/saiga.es\/producte\/houe-bellota-3-b\/"},"modified":"2025-04-11T07:43:42","modified_gmt":"2025-04-11T07:43:42","slug":"houe-bellota-3-b","status":"publish","type":"product","link":"https:\/\/saiga.es\/fr\/produit\/houe-bellota-3-b\/","title":{"rendered":"Houe Bellota 3 B"},"content":{"rendered":"<p>Houe Bellota 3B<\/p>\n<p>Houe forg\u00e9e d&rsquo;une seule pi\u00e8ce et fabriqu\u00e9e en acier sp\u00e9cial Bellota, polie et aiguis\u00e9e sp\u00e9cialement sur la face arri\u00e8re pour faciliter son insertion dans la terre.<br data-start=\"331\" data-end=\"334\">Elle ne s&rsquo;use pas et vous pourrez l&rsquo;utiliser toute votre vie gr\u00e2ce \u00e0 la trempe int\u00e9grale de toute la lame. Elle poss\u00e8de une nervure qui lui conf\u00e8re plus de robustesse et de durabilit\u00e9.<br data-start=\"489\" data-end=\"492\">Vous travaillerez la terre sans craindre que la houe ne se d\u00e9forme. Elle p\u00e9n\u00e9trera plus facilement et efficacement, \u00e9conomisant du temps et de l&rsquo;effort.  <br data-start=\"619\" data-end=\"622\">Elle int\u00e8gre un syst\u00e8me anti-rotation \u00e0 l&rsquo;\u0153il : les deux encoches \u00e0 l&rsquo;\u0153il bloquent la rotation de la t\u00eate. En combinaison avec le manche sp\u00e9cial anti-rotation, qui a deux languettes dans la zone d&#8217;embo\u00eetement, l&rsquo;union est parfaite et emp\u00eache toute rotation, mouvement ou jeu. Fini l&rsquo;utilisation de seaux d&rsquo;eau, de chiffons ou de cales.<br data-start=\"915\" data-end=\"918\">Le syst\u00e8me anti-rotation est compatible avec les manches traditionnels : le bois s&rsquo;adaptera naturellement aux encoches de la t\u00eate.  <\/p>\n","protected":false},"excerpt":{"rendered":"<p>Houe Bellota 3B<\/p>\n<p>Houe forg\u00e9e d&rsquo;une seule pi\u00e8ce et fabriqu\u00e9e en acier sp\u00e9cial Bellota, polie et aiguis\u00e9e sp\u00e9cialement sur la face arri\u00e8re pour faciliter son insertion dans la terre.<br data-start=\"331\" data-end=\"334\">Elle ne s&rsquo;use pas et vous pourrez l&rsquo;utiliser toute votre vie gr\u00e2ce \u00e0 la trempe int\u00e9grale de toute la lame. Elle poss\u00e8de une nervure qui lui conf\u00e8re plus de robustesse et de durabilit\u00e9.<br data-start=\"489\" data-end=\"492\">Vous travaillerez la terre sans craindre que la houe ne se d\u00e9forme. Elle p\u00e9n\u00e9trera plus facilement et efficacement, \u00e9conomisant du temps et de l&rsquo;effort.  <br data-start=\"619\" data-end=\"622\">Elle int\u00e8gre un syst\u00e8me anti-rotation \u00e0 l&rsquo;\u0153il : les deux encoches \u00e0 l&rsquo;\u0153il bloquent la rotation de la t\u00eate. En combinaison avec le manche sp\u00e9cial anti-rotation, qui a deux languettes dans la zone d&#8217;embo\u00eetement, l&rsquo;union est parfaite et emp\u00eache toute rotation, mouvement ou jeu. Fini l&rsquo;utilisation de seaux d&rsquo;eau, de chiffons ou de cales.<br data-start=\"915\" data-end=\"918\">Le syst\u00e8me anti-rotation est compatible avec les manches traditionnels : le bois s&rsquo;adaptera naturellement aux encoches de la t\u00eate.  <\/p>\n","protected":false},"featured_media":14548,"comment_status":"open","ping_status":"closed","template":"","meta":[],"product_brand":[1959],"product_cat":[1957],"product_tag":[],"class_list":{"0":"post-17286","1":"product","2":"type-product","3":"status-publish","4":"has-post-thumbnail","6":"product_brand-bellota","7":"product_cat-houes","9":"first","10":"instock","11":"taxable","12":"shipping-taxable","13":"purchasable","14":"product-type-simple"},"yoast_head":"<!-- This site is optimized with the Yoast SEO plugin v27.4 - https:\/\/yoast.com\/product\/yoast-seo-wordpress\/ -->\n<title>Houe Bellota 3 B | SAIGA<\/title>\n<meta name=\"robots\" content=\"index, follow, max-snippet:-1, max-image-preview:large, max-video-preview:-1\" \/>\n<link rel=\"canonical\" href=\"https:\/\/saiga.es\/fr\/produit\/houe-bellota-3-b\/\" \/>\n<meta property=\"og:locale\" content=\"fr_FR\" \/>\n<meta property=\"og:type\" content=\"article\" \/>\n<meta property=\"og:title\" content=\"Houe Bellota 3 B | SAIGA\" \/>\n<meta property=\"og:description\" content=\"Houe Bellota 3B Houe forg\u00e9e d&#039;une seule pi\u00e8ce et fabriqu\u00e9e en acier sp\u00e9cial Bellota, polie et aiguis\u00e9e sp\u00e9cialement sur la face arri\u00e8re pour faciliter son insertion dans la terre.Elle ne s&#039;use pas et vous pourrez l&#039;utiliser toute votre vie gr\u00e2ce \u00e0 la trempe int\u00e9grale de toute la lame. Elle poss\u00e8de une nervure qui lui conf\u00e8re plus de robustesse et de durabilit\u00e9.Vous travaillerez la terre sans craindre que la houe ne se d\u00e9forme. Elle p\u00e9n\u00e9trera plus facilement et efficacement, \u00e9conomisant du temps et de l&#039;effort. Elle int\u00e8gre un syst\u00e8me anti-rotation \u00e0 l&#039;\u0153il : les deux encoches \u00e0 l&#039;\u0153il bloquent la rotation de la t\u00eate. En combinaison avec le manche sp\u00e9cial anti-rotation, qui a deux languettes dans la zone d&#039;embo\u00eetement, l&#039;union est parfaite et emp\u00eache toute rotation, mouvement ou jeu. Fini l&#039;utilisation de seaux d&#039;eau, de chiffons ou de cales.Le syst\u00e8me anti-rotation est compatible avec les manches traditionnels : le bois s&#039;adaptera naturellement aux encoches de la t\u00eate.\" \/>\n<meta property=\"og:url\" content=\"https:\/\/saiga.es\/fr\/produit\/houe-bellota-3-b\/\" \/>\n<meta property=\"og:site_name\" content=\"SAIGA\" \/>\n<meta property=\"og:image\" content=\"https:\/\/saiga.es\/wp-content\/uploads\/2025\/04\/Diseno-sin-titulo-1.png\" \/>\n\t<meta property=\"og:image:width\" content=\"1080\" \/>\n\t<meta property=\"og:image:height\" content=\"1080\" \/>\n\t<meta property=\"og:image:type\" content=\"image\/png\" \/>\n<meta name=\"twitter:card\" content=\"summary_large_image\" \/>\n<meta name=\"twitter:site\" content=\"@saiga_agro\" \/>\n<meta name=\"twitter:label1\" content=\"Dur\u00e9e de lecture estim\u00e9e\" \/>\n\t<meta name=\"twitter:data1\" content=\"1 minute\" \/>\n<script type=\"application\/ld+json\" class=\"yoast-schema-graph\">{\"@context\":\"https:\\\/\\\/schema.org\",\"@graph\":[{\"@type\":\"WebPage\",\"@id\":\"https:\\\/\\\/saiga.es\\\/fr\\\/produit\\\/houe-bellota-3-b\\\/\",\"url\":\"https:\\\/\\\/saiga.es\\\/fr\\\/produit\\\/houe-bellota-3-b\\\/\",\"name\":\"Houe Bellota 3 B | SAIGA\",\"isPartOf\":{\"@id\":\"https:\\\/\\\/saiga.es\\\/fr\\\/#website\"},\"primaryImageOfPage\":{\"@id\":\"https:\\\/\\\/saiga.es\\\/fr\\\/produit\\\/houe-bellota-3-b\\\/#primaryimage\"},\"image\":{\"@id\":\"https:\\\/\\\/saiga.es\\\/fr\\\/produit\\\/houe-bellota-3-b\\\/#primaryimage\"},\"thumbnailUrl\":\"https:\\\/\\\/saiga.es\\\/wp-content\\\/uploads\\\/2025\\\/04\\\/Diseno-sin-titulo-1.png\",\"datePublished\":\"2025-04-11T07:43:42+00:00\",\"breadcrumb\":{\"@id\":\"https:\\\/\\\/saiga.es\\\/fr\\\/produit\\\/houe-bellota-3-b\\\/#breadcrumb\"},\"inLanguage\":\"fr-FR\",\"potentialAction\":[{\"@type\":\"ReadAction\",\"target\":[\"https:\\\/\\\/saiga.es\\\/fr\\\/produit\\\/houe-bellota-3-b\\\/\"]}]},{\"@type\":\"ImageObject\",\"inLanguage\":\"fr-FR\",\"@id\":\"https:\\\/\\\/saiga.es\\\/fr\\\/produit\\\/houe-bellota-3-b\\\/#primaryimage\",\"url\":\"https:\\\/\\\/saiga.es\\\/wp-content\\\/uploads\\\/2025\\\/04\\\/Diseno-sin-titulo-1.png\",\"contentUrl\":\"https:\\\/\\\/saiga.es\\\/wp-content\\\/uploads\\\/2025\\\/04\\\/Diseno-sin-titulo-1.png\",\"width\":1080,\"height\":1080},{\"@type\":\"BreadcrumbList\",\"@id\":\"https:\\\/\\\/saiga.es\\\/fr\\\/produit\\\/houe-bellota-3-b\\\/#breadcrumb\",\"itemListElement\":[{\"@type\":\"ListItem\",\"position\":1,\"name\":\"Inici\",\"item\":\"https:\\\/\\\/saiga.es\\\/fr\\\/\"},{\"@type\":\"ListItem\",\"position\":2,\"name\":\"boutique\",\"item\":\"https:\\\/\\\/saiga.es\\\/fr\\\/boutique\\\/\"},{\"@type\":\"ListItem\",\"position\":3,\"name\":\"Houe Bellota 3 B\"}]},{\"@type\":\"WebSite\",\"@id\":\"https:\\\/\\\/saiga.es\\\/fr\\\/#website\",\"url\":\"https:\\\/\\\/saiga.es\\\/fr\\\/\",\"name\":\"SAIGA\",\"description\":\"M\u00e9s de 50 anys al servei de la terra i treballant per a un \u00fas eficient de l\u2019aigua!\",\"publisher\":{\"@id\":\"https:\\\/\\\/saiga.es\\\/fr\\\/#organization\"},\"potentialAction\":[{\"@type\":\"SearchAction\",\"target\":{\"@type\":\"EntryPoint\",\"urlTemplate\":\"https:\\\/\\\/saiga.es\\\/fr\\\/?s={search_term_string}\"},\"query-input\":{\"@type\":\"PropertyValueSpecification\",\"valueRequired\":true,\"valueName\":\"search_term_string\"}}],\"inLanguage\":\"fr-FR\"},{\"@type\":\"Organization\",\"@id\":\"https:\\\/\\\/saiga.es\\\/fr\\\/#organization\",\"name\":\"SAIGA\",\"url\":\"https:\\\/\\\/saiga.es\\\/fr\\\/\",\"logo\":{\"@type\":\"ImageObject\",\"inLanguage\":\"fr-FR\",\"@id\":\"https:\\\/\\\/saiga.es\\\/fr\\\/#\\\/schema\\\/logo\\\/image\\\/\",\"url\":\"https:\\\/\\\/saiga.es\\\/wp-content\\\/uploads\\\/2025\\\/07\\\/logo_saiga_baseline_optimitzat.svg\",\"contentUrl\":\"https:\\\/\\\/saiga.es\\\/wp-content\\\/uploads\\\/2025\\\/07\\\/logo_saiga_baseline_optimitzat.svg\",\"caption\":\"SAIGA\"},\"image\":{\"@id\":\"https:\\\/\\\/saiga.es\\\/fr\\\/#\\\/schema\\\/logo\\\/image\\\/\"},\"sameAs\":[\"https:\\\/\\\/x.com\\\/saiga_agro\",\"https:\\\/\\\/www.instagram.com\\\/saiga_agro\\\/\"]}]}<\/script>\n<!-- \/ Yoast SEO plugin. -->","yoast_head_json":{"title":"Houe Bellota 3 B | SAIGA","robots":{"index":"index","follow":"follow","max-snippet":"max-snippet:-1","max-image-preview":"max-image-preview:large","max-video-preview":"max-video-preview:-1"},"canonical":"https:\/\/saiga.es\/fr\/produit\/houe-bellota-3-b\/","og_locale":"fr_FR","og_type":"article","og_title":"Houe Bellota 3 B | SAIGA","og_description":"Houe Bellota 3B Houe forg\u00e9e d'une seule pi\u00e8ce et fabriqu\u00e9e en acier sp\u00e9cial Bellota, polie et aiguis\u00e9e sp\u00e9cialement sur la face arri\u00e8re pour faciliter son insertion dans la terre.Elle ne s'use pas et vous pourrez l'utiliser toute votre vie gr\u00e2ce \u00e0 la trempe int\u00e9grale de toute la lame. Elle poss\u00e8de une nervure qui lui conf\u00e8re plus de robustesse et de durabilit\u00e9.Vous travaillerez la terre sans craindre que la houe ne se d\u00e9forme. Elle p\u00e9n\u00e9trera plus facilement et efficacement, \u00e9conomisant du temps et de l'effort. Elle int\u00e8gre un syst\u00e8me anti-rotation \u00e0 l'\u0153il : les deux encoches \u00e0 l'\u0153il bloquent la rotation de la t\u00eate. En combinaison avec le manche sp\u00e9cial anti-rotation, qui a deux languettes dans la zone d'embo\u00eetement, l'union est parfaite et emp\u00eache toute rotation, mouvement ou jeu. Fini l'utilisation de seaux d'eau, de chiffons ou de cales.Le syst\u00e8me anti-rotation est compatible avec les manches traditionnels : le bois s'adaptera naturellement aux encoches de la t\u00eate.","og_url":"https:\/\/saiga.es\/fr\/produit\/houe-bellota-3-b\/","og_site_name":"SAIGA","og_image":[{"width":1080,"height":1080,"url":"https:\/\/saiga.es\/wp-content\/uploads\/2025\/04\/Diseno-sin-titulo-1.png","type":"image\/png"}],"twitter_card":"summary_large_image","twitter_site":"@saiga_agro","twitter_misc":{"Dur\u00e9e de lecture estim\u00e9e":"1 minute"},"schema":{"@context":"https:\/\/schema.org","@graph":[{"@type":"WebPage","@id":"https:\/\/saiga.es\/fr\/produit\/houe-bellota-3-b\/","url":"https:\/\/saiga.es\/fr\/produit\/houe-bellota-3-b\/","name":"Houe Bellota 3 B | SAIGA","isPartOf":{"@id":"https:\/\/saiga.es\/fr\/#website"},"primaryImageOfPage":{"@id":"https:\/\/saiga.es\/fr\/produit\/houe-bellota-3-b\/#primaryimage"},"image":{"@id":"https:\/\/saiga.es\/fr\/produit\/houe-bellota-3-b\/#primaryimage"},"thumbnailUrl":"https:\/\/saiga.es\/wp-content\/uploads\/2025\/04\/Diseno-sin-titulo-1.png","datePublished":"2025-04-11T07:43:42+00:00","breadcrumb":{"@id":"https:\/\/saiga.es\/fr\/produit\/houe-bellota-3-b\/#breadcrumb"},"inLanguage":"fr-FR","potentialAction":[{"@type":"ReadAction","target":["https:\/\/saiga.es\/fr\/produit\/houe-bellota-3-b\/"]}]},{"@type":"ImageObject","inLanguage":"fr-FR","@id":"https:\/\/saiga.es\/fr\/produit\/houe-bellota-3-b\/#primaryimage","url":"https:\/\/saiga.es\/wp-content\/uploads\/2025\/04\/Diseno-sin-titulo-1.png","contentUrl":"https:\/\/saiga.es\/wp-content\/uploads\/2025\/04\/Diseno-sin-titulo-1.png","width":1080,"height":1080},{"@type":"BreadcrumbList","@id":"https:\/\/saiga.es\/fr\/produit\/houe-bellota-3-b\/#breadcrumb","itemListElement":[{"@type":"ListItem","position":1,"name":"Inici","item":"https:\/\/saiga.es\/fr\/"},{"@type":"ListItem","position":2,"name":"boutique","item":"https:\/\/saiga.es\/fr\/boutique\/"},{"@type":"ListItem","position":3,"name":"Houe Bellota 3 B"}]},{"@type":"WebSite","@id":"https:\/\/saiga.es\/fr\/#website","url":"https:\/\/saiga.es\/fr\/","name":"SAIGA","description":"M\u00e9s de 50 anys al servei de la terra i treballant per a un \u00fas eficient de l\u2019aigua!","publisher":{"@id":"https:\/\/saiga.es\/fr\/#organization"},"potentialAction":[{"@type":"SearchAction","target":{"@type":"EntryPoint","urlTemplate":"https:\/\/saiga.es\/fr\/?s={search_term_string}"},"query-input":{"@type":"PropertyValueSpecification","valueRequired":true,"valueName":"search_term_string"}}],"inLanguage":"fr-FR"},{"@type":"Organization","@id":"https:\/\/saiga.es\/fr\/#organization","name":"SAIGA","url":"https:\/\/saiga.es\/fr\/","logo":{"@type":"ImageObject","inLanguage":"fr-FR","@id":"https:\/\/saiga.es\/fr\/#\/schema\/logo\/image\/","url":"https:\/\/saiga.es\/wp-content\/uploads\/2025\/07\/logo_saiga_baseline_optimitzat.svg","contentUrl":"https:\/\/saiga.es\/wp-content\/uploads\/2025\/07\/logo_saiga_baseline_optimitzat.svg","caption":"SAIGA"},"image":{"@id":"https:\/\/saiga.es\/fr\/#\/schema\/logo\/image\/"},"sameAs":["https:\/\/x.com\/saiga_agro","https:\/\/www.instagram.com\/saiga_agro\/"]}]}},"_links":{"self":[{"href":"https:\/\/saiga.es\/fr\/wp-json\/wp\/v2\/product\/17286","targetHints":{"allow":["GET"]}}],"collection":[{"href":"https:\/\/saiga.es\/fr\/wp-json\/wp\/v2\/product"}],"about":[{"href":"https:\/\/saiga.es\/fr\/wp-json\/wp\/v2\/types\/product"}],"replies":[{"embeddable":true,"href":"https:\/\/saiga.es\/fr\/wp-json\/wp\/v2\/comments?post=17286"}],"wp:featuredmedia":[{"embeddable":true,"href":"https:\/\/saiga.es\/fr\/wp-json\/wp\/v2\/media\/14548"}],"wp:attachment":[{"href":"https:\/\/saiga.es\/fr\/wp-json\/wp\/v2\/media?parent=17286"}],"wp:term":[{"taxonomy":"product_brand","embeddable":true,"href":"https:\/\/saiga.es\/fr\/wp-json\/wp\/v2\/product_brand?post=17286"},{"taxonomy":"product_cat","embeddable":true,"href":"https:\/\/saiga.es\/fr\/wp-json\/wp\/v2\/product_cat?post=17286"},{"taxonomy":"product_tag","embeddable":true,"href":"https:\/\/saiga.es\/fr\/wp-json\/wp\/v2\/product_tag?post=17286"}],"curies":[{"name":"wp","href":"https:\/\/api.w.org\/{rel}","templated":true}]}}