{"id":17294,"date":"2025-05-08T07:59:18","date_gmt":"2025-05-08T07:59:18","guid":{"rendered":"https:\/\/saiga.es\/producte\/paire-de-gants-duralux-palm\/"},"modified":"2025-05-08T07:59:18","modified_gmt":"2025-05-08T07:59:18","slug":"paire-de-gants-duralux-palm","status":"publish","type":"product","link":"https:\/\/saiga.es\/fr\/produit\/paire-de-gants-duralux-palm\/","title":{"rendered":"Paire de gants Duralux Palm"},"content":{"rendered":"<p>Paire de gants Duralux Palm<\/p>\n<p>Gants de haute qualit\u00e9 avec base en nylon et lycra, enti\u00e8rement recouverts de nitrile microporeux. Leur finition satin\u00e9e \u00e9vite la prolif\u00e9ration de bact\u00e9ries et les mauvaises odeurs. Gr\u00e2ce au lycra, ils s\u2019adaptent parfaitement \u00e0 la main, offrant un grand confort et une sensibilit\u00e9 au toucher, sans causer de pression ni de fatigue. Les micropores du nitrile permettent une bonne transpiration. Haute r\u00e9sistance \u00e0 l\u2019abrasion avec une durabilit\u00e9 allant jusqu\u2019\u00e0 21\u202f000 cycles (niveau 4 selon la norme \u2013 8\u202f000 cycles minimum).    <\/p>\n<p>&nbsp;<\/p>\n","protected":false},"excerpt":{"rendered":"<p>Paire de gants Duralux Palm<\/p>\n<p>Gants de haute qualit\u00e9 avec base en nylon et lycra, enti\u00e8rement recouverts de nitrile microporeux. Leur finition satin\u00e9e \u00e9vite la prolif\u00e9ration de bact\u00e9ries et les mauvaises odeurs. Gr\u00e2ce au lycra, ils s\u2019adaptent parfaitement \u00e0 la main, offrant un grand confort et une sensibilit\u00e9 au toucher, sans causer de pression ni de fatigue. Les micropores du nitrile permettent une bonne transpiration. Haute r\u00e9sistance \u00e0 l\u2019abrasion avec une durabilit\u00e9 allant jusqu\u2019\u00e0 21\u202f000 cycles (niveau 4 selon la norme \u2013 8\u202f000 cycles minimum).    <\/p>\n<p>&nbsp;<\/p>\n","protected":false},"featured_media":14771,"comment_status":"open","ping_status":"closed","template":"","meta":[],"product_brand":[2136],"product_cat":[483],"product_tag":[],"class_list":{"0":"post-17294","1":"product","2":"type-product","3":"status-publish","4":"has-post-thumbnail","6":"product_brand-duralux","7":"product_cat-gants","9":"first","10":"instock","11":"taxable","12":"shipping-taxable","13":"purchasable","14":"product-type-variable"},"yoast_head":"<!-- This site is optimized with the Yoast SEO plugin v27.3 - https:\/\/yoast.com\/product\/yoast-seo-wordpress\/ -->\n<title>Paire de gants Duralux Palm | SAIGA<\/title>\n<meta name=\"description\" content=\"Gants en nylon et lycra recouverts de nitrile microporeux, respirants et offrant une grande sensibilit\u00e9 au toucher. R\u00e9sistance \u00e0 l\u2019abrasion (jusqu\u2019\u00e0 21\u202f000 cycles).\" \/>\n<meta name=\"robots\" content=\"index, follow, max-snippet:-1, max-image-preview:large, max-video-preview:-1\" \/>\n<link rel=\"canonical\" href=\"https:\/\/saiga.es\/fr\/produit\/paire-de-gants-duralux-palm\/\" \/>\n<meta property=\"og:locale\" content=\"fr_FR\" \/>\n<meta property=\"og:type\" content=\"article\" \/>\n<meta property=\"og:title\" content=\"Paire de gants Duralux Palm | SAIGA\" \/>\n<meta property=\"og:description\" content=\"Gants en nylon et lycra recouverts de nitrile microporeux, respirants et offrant une grande sensibilit\u00e9 au toucher. R\u00e9sistance \u00e0 l\u2019abrasion (jusqu\u2019\u00e0 21\u202f000 cycles).\" \/>\n<meta property=\"og:url\" content=\"https:\/\/saiga.es\/fr\/produit\/paire-de-gants-duralux-palm\/\" \/>\n<meta property=\"og:site_name\" content=\"SAIGA\" \/>\n<meta property=\"og:image\" content=\"https:\/\/saiga.es\/wp-content\/uploads\/2025\/05\/Diseno-sin-titulo-1.png\" \/>\n\t<meta property=\"og:image:width\" content=\"1080\" \/>\n\t<meta property=\"og:image:height\" content=\"1080\" \/>\n\t<meta property=\"og:image:type\" content=\"image\/png\" \/>\n<meta name=\"twitter:card\" content=\"summary_large_image\" \/>\n<meta name=\"twitter:site\" content=\"@saiga_agro\" \/>\n<script type=\"application\/ld+json\" class=\"yoast-schema-graph\">{\"@context\":\"https:\\\/\\\/schema.org\",\"@graph\":[{\"@type\":\"WebPage\",\"@id\":\"https:\\\/\\\/saiga.es\\\/fr\\\/produit\\\/paire-de-gants-duralux-palm\\\/\",\"url\":\"https:\\\/\\\/saiga.es\\\/fr\\\/produit\\\/paire-de-gants-duralux-palm\\\/\",\"name\":\"Paire de gants Duralux Palm | SAIGA\",\"isPartOf\":{\"@id\":\"https:\\\/\\\/saiga.es\\\/fr\\\/#website\"},\"primaryImageOfPage\":{\"@id\":\"https:\\\/\\\/saiga.es\\\/fr\\\/produit\\\/paire-de-gants-duralux-palm\\\/#primaryimage\"},\"image\":{\"@id\":\"https:\\\/\\\/saiga.es\\\/fr\\\/produit\\\/paire-de-gants-duralux-palm\\\/#primaryimage\"},\"thumbnailUrl\":\"https:\\\/\\\/saiga.es\\\/wp-content\\\/uploads\\\/2025\\\/05\\\/Diseno-sin-titulo-1.png\",\"datePublished\":\"2025-05-08T07:59:18+00:00\",\"description\":\"Gants en nylon et lycra recouverts de nitrile microporeux, respirants et offrant une grande sensibilit\u00e9 au toucher. R\u00e9sistance \u00e0 l\u2019abrasion (jusqu\u2019\u00e0 21\u202f000 cycles).\",\"breadcrumb\":{\"@id\":\"https:\\\/\\\/saiga.es\\\/fr\\\/produit\\\/paire-de-gants-duralux-palm\\\/#breadcrumb\"},\"inLanguage\":\"fr-FR\",\"potentialAction\":[{\"@type\":\"ReadAction\",\"target\":[\"https:\\\/\\\/saiga.es\\\/fr\\\/produit\\\/paire-de-gants-duralux-palm\\\/\"]}]},{\"@type\":\"ImageObject\",\"inLanguage\":\"fr-FR\",\"@id\":\"https:\\\/\\\/saiga.es\\\/fr\\\/produit\\\/paire-de-gants-duralux-palm\\\/#primaryimage\",\"url\":\"https:\\\/\\\/saiga.es\\\/wp-content\\\/uploads\\\/2025\\\/05\\\/Diseno-sin-titulo-1.png\",\"contentUrl\":\"https:\\\/\\\/saiga.es\\\/wp-content\\\/uploads\\\/2025\\\/05\\\/Diseno-sin-titulo-1.png\",\"width\":1080,\"height\":1080},{\"@type\":\"BreadcrumbList\",\"@id\":\"https:\\\/\\\/saiga.es\\\/fr\\\/produit\\\/paire-de-gants-duralux-palm\\\/#breadcrumb\",\"itemListElement\":[{\"@type\":\"ListItem\",\"position\":1,\"name\":\"Inici\",\"item\":\"https:\\\/\\\/saiga.es\\\/fr\\\/\"},{\"@type\":\"ListItem\",\"position\":2,\"name\":\"boutique\",\"item\":\"https:\\\/\\\/saiga.es\\\/fr\\\/boutique\\\/\"},{\"@type\":\"ListItem\",\"position\":3,\"name\":\"Paire de gants Duralux Palm\"}]},{\"@type\":\"WebSite\",\"@id\":\"https:\\\/\\\/saiga.es\\\/fr\\\/#website\",\"url\":\"https:\\\/\\\/saiga.es\\\/fr\\\/\",\"name\":\"SAIGA\",\"description\":\"M\u00e9s de 50 anys al servei de la terra i treballant per a un \u00fas eficient de l\u2019aigua!\",\"publisher\":{\"@id\":\"https:\\\/\\\/saiga.es\\\/fr\\\/#organization\"},\"potentialAction\":[{\"@type\":\"SearchAction\",\"target\":{\"@type\":\"EntryPoint\",\"urlTemplate\":\"https:\\\/\\\/saiga.es\\\/fr\\\/?s={search_term_string}\"},\"query-input\":{\"@type\":\"PropertyValueSpecification\",\"valueRequired\":true,\"valueName\":\"search_term_string\"}}],\"inLanguage\":\"fr-FR\"},{\"@type\":\"Organization\",\"@id\":\"https:\\\/\\\/saiga.es\\\/fr\\\/#organization\",\"name\":\"SAIGA\",\"url\":\"https:\\\/\\\/saiga.es\\\/fr\\\/\",\"logo\":{\"@type\":\"ImageObject\",\"inLanguage\":\"fr-FR\",\"@id\":\"https:\\\/\\\/saiga.es\\\/fr\\\/#\\\/schema\\\/logo\\\/image\\\/\",\"url\":\"https:\\\/\\\/saiga.es\\\/wp-content\\\/uploads\\\/2025\\\/07\\\/logo_saiga_baseline_optimitzat.svg\",\"contentUrl\":\"https:\\\/\\\/saiga.es\\\/wp-content\\\/uploads\\\/2025\\\/07\\\/logo_saiga_baseline_optimitzat.svg\",\"caption\":\"SAIGA\"},\"image\":{\"@id\":\"https:\\\/\\\/saiga.es\\\/fr\\\/#\\\/schema\\\/logo\\\/image\\\/\"},\"sameAs\":[\"https:\\\/\\\/x.com\\\/saiga_agro\",\"https:\\\/\\\/www.instagram.com\\\/saiga_agro\\\/\"]}]}<\/script>\n<!-- \/ Yoast SEO plugin. -->","yoast_head_json":{"title":"Paire de gants Duralux Palm | SAIGA","description":"Gants en nylon et lycra recouverts de nitrile microporeux, respirants et offrant une grande sensibilit\u00e9 au toucher. R\u00e9sistance \u00e0 l\u2019abrasion (jusqu\u2019\u00e0 21\u202f000 cycles).","robots":{"index":"index","follow":"follow","max-snippet":"max-snippet:-1","max-image-preview":"max-image-preview:large","max-video-preview":"max-video-preview:-1"},"canonical":"https:\/\/saiga.es\/fr\/produit\/paire-de-gants-duralux-palm\/","og_locale":"fr_FR","og_type":"article","og_title":"Paire de gants Duralux Palm | SAIGA","og_description":"Gants en nylon et lycra recouverts de nitrile microporeux, respirants et offrant une grande sensibilit\u00e9 au toucher. R\u00e9sistance \u00e0 l\u2019abrasion (jusqu\u2019\u00e0 21\u202f000 cycles).","og_url":"https:\/\/saiga.es\/fr\/produit\/paire-de-gants-duralux-palm\/","og_site_name":"SAIGA","og_image":[{"width":1080,"height":1080,"url":"https:\/\/saiga.es\/wp-content\/uploads\/2025\/05\/Diseno-sin-titulo-1.png","type":"image\/png"}],"twitter_card":"summary_large_image","twitter_site":"@saiga_agro","schema":{"@context":"https:\/\/schema.org","@graph":[{"@type":"WebPage","@id":"https:\/\/saiga.es\/fr\/produit\/paire-de-gants-duralux-palm\/","url":"https:\/\/saiga.es\/fr\/produit\/paire-de-gants-duralux-palm\/","name":"Paire de gants Duralux Palm | SAIGA","isPartOf":{"@id":"https:\/\/saiga.es\/fr\/#website"},"primaryImageOfPage":{"@id":"https:\/\/saiga.es\/fr\/produit\/paire-de-gants-duralux-palm\/#primaryimage"},"image":{"@id":"https:\/\/saiga.es\/fr\/produit\/paire-de-gants-duralux-palm\/#primaryimage"},"thumbnailUrl":"https:\/\/saiga.es\/wp-content\/uploads\/2025\/05\/Diseno-sin-titulo-1.png","datePublished":"2025-05-08T07:59:18+00:00","description":"Gants en nylon et lycra recouverts de nitrile microporeux, respirants et offrant une grande sensibilit\u00e9 au toucher. R\u00e9sistance \u00e0 l\u2019abrasion (jusqu\u2019\u00e0 21\u202f000 cycles).","breadcrumb":{"@id":"https:\/\/saiga.es\/fr\/produit\/paire-de-gants-duralux-palm\/#breadcrumb"},"inLanguage":"fr-FR","potentialAction":[{"@type":"ReadAction","target":["https:\/\/saiga.es\/fr\/produit\/paire-de-gants-duralux-palm\/"]}]},{"@type":"ImageObject","inLanguage":"fr-FR","@id":"https:\/\/saiga.es\/fr\/produit\/paire-de-gants-duralux-palm\/#primaryimage","url":"https:\/\/saiga.es\/wp-content\/uploads\/2025\/05\/Diseno-sin-titulo-1.png","contentUrl":"https:\/\/saiga.es\/wp-content\/uploads\/2025\/05\/Diseno-sin-titulo-1.png","width":1080,"height":1080},{"@type":"BreadcrumbList","@id":"https:\/\/saiga.es\/fr\/produit\/paire-de-gants-duralux-palm\/#breadcrumb","itemListElement":[{"@type":"ListItem","position":1,"name":"Inici","item":"https:\/\/saiga.es\/fr\/"},{"@type":"ListItem","position":2,"name":"boutique","item":"https:\/\/saiga.es\/fr\/boutique\/"},{"@type":"ListItem","position":3,"name":"Paire de gants Duralux Palm"}]},{"@type":"WebSite","@id":"https:\/\/saiga.es\/fr\/#website","url":"https:\/\/saiga.es\/fr\/","name":"SAIGA","description":"M\u00e9s de 50 anys al servei de la terra i treballant per a un \u00fas eficient de l\u2019aigua!","publisher":{"@id":"https:\/\/saiga.es\/fr\/#organization"},"potentialAction":[{"@type":"SearchAction","target":{"@type":"EntryPoint","urlTemplate":"https:\/\/saiga.es\/fr\/?s={search_term_string}"},"query-input":{"@type":"PropertyValueSpecification","valueRequired":true,"valueName":"search_term_string"}}],"inLanguage":"fr-FR"},{"@type":"Organization","@id":"https:\/\/saiga.es\/fr\/#organization","name":"SAIGA","url":"https:\/\/saiga.es\/fr\/","logo":{"@type":"ImageObject","inLanguage":"fr-FR","@id":"https:\/\/saiga.es\/fr\/#\/schema\/logo\/image\/","url":"https:\/\/saiga.es\/wp-content\/uploads\/2025\/07\/logo_saiga_baseline_optimitzat.svg","contentUrl":"https:\/\/saiga.es\/wp-content\/uploads\/2025\/07\/logo_saiga_baseline_optimitzat.svg","caption":"SAIGA"},"image":{"@id":"https:\/\/saiga.es\/fr\/#\/schema\/logo\/image\/"},"sameAs":["https:\/\/x.com\/saiga_agro","https:\/\/www.instagram.com\/saiga_agro\/"]}]}},"_links":{"self":[{"href":"https:\/\/saiga.es\/fr\/wp-json\/wp\/v2\/product\/17294","targetHints":{"allow":["GET"]}}],"collection":[{"href":"https:\/\/saiga.es\/fr\/wp-json\/wp\/v2\/product"}],"about":[{"href":"https:\/\/saiga.es\/fr\/wp-json\/wp\/v2\/types\/product"}],"replies":[{"embeddable":true,"href":"https:\/\/saiga.es\/fr\/wp-json\/wp\/v2\/comments?post=17294"}],"wp:featuredmedia":[{"embeddable":true,"href":"https:\/\/saiga.es\/fr\/wp-json\/wp\/v2\/media\/14771"}],"wp:attachment":[{"href":"https:\/\/saiga.es\/fr\/wp-json\/wp\/v2\/media?parent=17294"}],"wp:term":[{"taxonomy":"product_brand","embeddable":true,"href":"https:\/\/saiga.es\/fr\/wp-json\/wp\/v2\/product_brand?post=17294"},{"taxonomy":"product_cat","embeddable":true,"href":"https:\/\/saiga.es\/fr\/wp-json\/wp\/v2\/product_cat?post=17294"},{"taxonomy":"product_tag","embeddable":true,"href":"https:\/\/saiga.es\/fr\/wp-json\/wp\/v2\/product_tag?post=17294"}],"curies":[{"name":"wp","href":"https:\/\/api.w.org\/{rel}","templated":true}]}}