{"id":17355,"date":"2025-10-23T14:01:56","date_gmt":"2025-10-23T14:01:56","guid":{"rendered":"https:\/\/saiga.es\/producte\/herbiclair-500-ml\/"},"modified":"2026-03-19T16:47:47","modified_gmt":"2026-03-19T16:47:47","slug":"herbiclair-500-ml","status":"publish","type":"product","link":"https:\/\/saiga.es\/fr\/produit\/herbiclair-500-ml\/","title":{"rendered":"Herbiclair herbicide s\u00e9lectif 500 ml"},"content":{"rendered":"<p data-start=\"282\" data-end=\"615\">Herbiclair 500 ml est un herbicide s\u00e9lectif id\u00e9al pour maintenir les pelouses et les prairies exemptes de mauvaises herbes \u00e0 feuilles larges sans endommager les gramin\u00e9es. Gr\u00e2ce \u00e0 sa formulation \u00e0 base de fluroxypyr \u00e0 20 % p\/v, il agit de mani\u00e8re syst\u00e9mique : il p\u00e9n\u00e8tre dans les feuilles et se r\u00e9partit dans toute la plante, assurant un effet complet et durable.<\/p>\n<p data-start=\"617\" data-end=\"973\">Son effet commence \u00e0 se faire sentir en quelques jours et, apr\u00e8s trois \u00e0 cinq semaines, les mauvaises herbes sont consid\u00e9rablement affaiblies, voire compl\u00e8tement \u00e9limin\u00e9es. Herbiclair offre une action rapide et s\u00e9lective, avec une faible persistance dans le sol, ce qui en fait une solution \u00e9cologique et s\u00fbre pour l&rsquo;entretien r\u00e9gulier des espaces verts. <\/p>\n<p data-start=\"975\" data-end=\"1266\">L\u2019aplicaci\u00f3 \u00e9s senzilla: nom\u00e9s cal diluir la dosi recomanada en aigua i aplicar-la per polvoritzaci\u00f3 sobre les fulles, preferiblement quan les males herbes estiguin en ple creixement i en dies sense vent ni risc de pluja. Aix\u00ed s\u2019aconsegueix una cobertura homog\u00e8nia i un resultat m\u00e9s efectiu. <\/p>\n<p data-start=\"1268\" data-end=\"1540\">Ce produit est id\u00e9al pour les jardins, les prairies, les terrains de sport et autres espaces o\u00f9 vous souhaitez maintenir une v\u00e9g\u00e9tation propre et saine. Son format de 500 ml est pratique pour un usage domestique et professionnel, offrant une grande efficacit\u00e9 dans un r\u00e9cipient facile \u00e0 manipuler. <\/p>\n<p data-start=\"1542\" data-end=\"1824\">Pour un r\u00e9sultat optimal, suivez les instructions du fabricant et utilisez un \u00e9quipement de protection appropri\u00e9 lors de l&rsquo;application. Herbiclair est une solution professionnelle, efficace et pratique pour \u00e9liminer les mauvaises herbes et garder votre pelouse toujours verte et en parfait \u00e9tat. <\/p>\n","protected":false},"excerpt":{"rendered":"<p>Herbiclair 500 ml est un herbicide s\u00e9lectif id\u00e9al pour \u00e9liminer les dicotyl\u00e9dones des pelouses et prairies sans endommager les gramin\u00e9es. Gr\u00e2ce \u00e0 sa formule \u00e0 base de fluroxypyr \u00e0 20 % p\/v, il agit de mani\u00e8re syst\u00e9mique : il p\u00e9n\u00e8tre les feuilles et se diffuse dans toute la plante, assurant un effet complet et durable. <\/p>\n","protected":false},"featured_media":17351,"comment_status":"closed","ping_status":"closed","template":"","meta":[],"product_brand":[],"product_cat":[1843],"product_tag":[],"class_list":{"0":"post-17355","1":"product","2":"type-product","3":"status-publish","4":"has-post-thumbnail","6":"product_cat-herbicides-fr","8":"first","9":"instock","10":"taxable","11":"shipping-taxable","12":"purchasable","13":"product-type-simple"},"yoast_head":"<!-- This site is optimized with the Yoast SEO plugin v27.3 - https:\/\/yoast.com\/product\/yoast-seo-wordpress\/ -->\n<title>Herbiclair herbicide s\u00e9lectif 500 ml | SAIGA<\/title>\n<meta name=\"description\" content=\"Herbiclair 500 ml est un herbicide s\u00e9lectif id\u00e9al pour maintenir les pelouses et les prairies exemptes de mauvaises herbes \u00e0 feuilles larges sans endommager les gramin\u00e9es.\" \/>\n<meta name=\"robots\" content=\"index, follow, max-snippet:-1, max-image-preview:large, max-video-preview:-1\" \/>\n<link rel=\"canonical\" href=\"https:\/\/saiga.es\/fr\/produit\/herbiclair-500-ml\/\" \/>\n<meta property=\"og:locale\" content=\"fr_FR\" \/>\n<meta property=\"og:type\" content=\"article\" \/>\n<meta property=\"og:title\" content=\"Herbiclair herbicide s\u00e9lectif 500 ml | SAIGA\" \/>\n<meta property=\"og:description\" content=\"Herbiclair 500 ml est un herbicide s\u00e9lectif id\u00e9al pour maintenir les pelouses et les prairies exemptes de mauvaises herbes \u00e0 feuilles larges sans endommager les gramin\u00e9es.\" \/>\n<meta property=\"og:url\" content=\"https:\/\/saiga.es\/fr\/produit\/herbiclair-500-ml\/\" \/>\n<meta property=\"og:site_name\" content=\"SAIGA\" \/>\n<meta property=\"article:modified_time\" content=\"2026-03-19T16:47:47+00:00\" \/>\n<meta property=\"og:image\" content=\"https:\/\/saiga.es\/wp-content\/uploads\/2025\/10\/Herbiclair.jpg\" \/>\n\t<meta property=\"og:image:width\" content=\"1080\" \/>\n\t<meta property=\"og:image:height\" content=\"1080\" \/>\n\t<meta property=\"og:image:type\" content=\"image\/jpeg\" \/>\n<meta name=\"twitter:card\" content=\"summary_large_image\" \/>\n<meta name=\"twitter:site\" content=\"@saiga_agro\" \/>\n<meta name=\"twitter:label1\" content=\"Dur\u00e9e de lecture estim\u00e9e\" \/>\n\t<meta name=\"twitter:data1\" content=\"1 minute\" \/>\n<script type=\"application\/ld+json\" class=\"yoast-schema-graph\">{\"@context\":\"https:\\\/\\\/schema.org\",\"@graph\":[{\"@type\":\"WebPage\",\"@id\":\"https:\\\/\\\/saiga.es\\\/fr\\\/produit\\\/herbiclair-500-ml\\\/\",\"url\":\"https:\\\/\\\/saiga.es\\\/fr\\\/produit\\\/herbiclair-500-ml\\\/\",\"name\":\"Herbiclair herbicide s\u00e9lectif 500 ml | SAIGA\",\"isPartOf\":{\"@id\":\"https:\\\/\\\/saiga.es\\\/fr\\\/#website\"},\"primaryImageOfPage\":{\"@id\":\"https:\\\/\\\/saiga.es\\\/fr\\\/produit\\\/herbiclair-500-ml\\\/#primaryimage\"},\"image\":{\"@id\":\"https:\\\/\\\/saiga.es\\\/fr\\\/produit\\\/herbiclair-500-ml\\\/#primaryimage\"},\"thumbnailUrl\":\"https:\\\/\\\/saiga.es\\\/wp-content\\\/uploads\\\/2025\\\/10\\\/Herbiclair.jpg\",\"datePublished\":\"2025-10-23T14:01:56+00:00\",\"dateModified\":\"2026-03-19T16:47:47+00:00\",\"description\":\"Herbiclair 500 ml est un herbicide s\u00e9lectif id\u00e9al pour maintenir les pelouses et les prairies exemptes de mauvaises herbes \u00e0 feuilles larges sans endommager les gramin\u00e9es.\",\"breadcrumb\":{\"@id\":\"https:\\\/\\\/saiga.es\\\/fr\\\/produit\\\/herbiclair-500-ml\\\/#breadcrumb\"},\"inLanguage\":\"fr-FR\",\"potentialAction\":[{\"@type\":\"ReadAction\",\"target\":[\"https:\\\/\\\/saiga.es\\\/fr\\\/produit\\\/herbiclair-500-ml\\\/\"]}]},{\"@type\":\"ImageObject\",\"inLanguage\":\"fr-FR\",\"@id\":\"https:\\\/\\\/saiga.es\\\/fr\\\/produit\\\/herbiclair-500-ml\\\/#primaryimage\",\"url\":\"https:\\\/\\\/saiga.es\\\/wp-content\\\/uploads\\\/2025\\\/10\\\/Herbiclair.jpg\",\"contentUrl\":\"https:\\\/\\\/saiga.es\\\/wp-content\\\/uploads\\\/2025\\\/10\\\/Herbiclair.jpg\",\"width\":1080,\"height\":1080,\"caption\":\"Herbiclair\"},{\"@type\":\"BreadcrumbList\",\"@id\":\"https:\\\/\\\/saiga.es\\\/fr\\\/produit\\\/herbiclair-500-ml\\\/#breadcrumb\",\"itemListElement\":[{\"@type\":\"ListItem\",\"position\":1,\"name\":\"Inici\",\"item\":\"https:\\\/\\\/saiga.es\\\/fr\\\/\"},{\"@type\":\"ListItem\",\"position\":2,\"name\":\"boutique\",\"item\":\"https:\\\/\\\/saiga.es\\\/fr\\\/boutique\\\/\"},{\"@type\":\"ListItem\",\"position\":3,\"name\":\"Herbiclair herbicide s\u00e9lectif 500 ml\"}]},{\"@type\":\"WebSite\",\"@id\":\"https:\\\/\\\/saiga.es\\\/fr\\\/#website\",\"url\":\"https:\\\/\\\/saiga.es\\\/fr\\\/\",\"name\":\"SAIGA\",\"description\":\"M\u00e9s de 50 anys al servei de la terra i treballant per a un \u00fas eficient de l\u2019aigua!\",\"publisher\":{\"@id\":\"https:\\\/\\\/saiga.es\\\/fr\\\/#organization\"},\"potentialAction\":[{\"@type\":\"SearchAction\",\"target\":{\"@type\":\"EntryPoint\",\"urlTemplate\":\"https:\\\/\\\/saiga.es\\\/fr\\\/?s={search_term_string}\"},\"query-input\":{\"@type\":\"PropertyValueSpecification\",\"valueRequired\":true,\"valueName\":\"search_term_string\"}}],\"inLanguage\":\"fr-FR\"},{\"@type\":\"Organization\",\"@id\":\"https:\\\/\\\/saiga.es\\\/fr\\\/#organization\",\"name\":\"SAIGA\",\"url\":\"https:\\\/\\\/saiga.es\\\/fr\\\/\",\"logo\":{\"@type\":\"ImageObject\",\"inLanguage\":\"fr-FR\",\"@id\":\"https:\\\/\\\/saiga.es\\\/fr\\\/#\\\/schema\\\/logo\\\/image\\\/\",\"url\":\"https:\\\/\\\/saiga.es\\\/wp-content\\\/uploads\\\/2025\\\/07\\\/logo_saiga_baseline_optimitzat.svg\",\"contentUrl\":\"https:\\\/\\\/saiga.es\\\/wp-content\\\/uploads\\\/2025\\\/07\\\/logo_saiga_baseline_optimitzat.svg\",\"caption\":\"SAIGA\"},\"image\":{\"@id\":\"https:\\\/\\\/saiga.es\\\/fr\\\/#\\\/schema\\\/logo\\\/image\\\/\"},\"sameAs\":[\"https:\\\/\\\/x.com\\\/saiga_agro\",\"https:\\\/\\\/www.instagram.com\\\/saiga_agro\\\/\"]}]}<\/script>\n<!-- \/ Yoast SEO plugin. -->","yoast_head_json":{"title":"Herbiclair herbicide s\u00e9lectif 500 ml | SAIGA","description":"Herbiclair 500 ml est un herbicide s\u00e9lectif id\u00e9al pour maintenir les pelouses et les prairies exemptes de mauvaises herbes \u00e0 feuilles larges sans endommager les gramin\u00e9es.","robots":{"index":"index","follow":"follow","max-snippet":"max-snippet:-1","max-image-preview":"max-image-preview:large","max-video-preview":"max-video-preview:-1"},"canonical":"https:\/\/saiga.es\/fr\/produit\/herbiclair-500-ml\/","og_locale":"fr_FR","og_type":"article","og_title":"Herbiclair herbicide s\u00e9lectif 500 ml | SAIGA","og_description":"Herbiclair 500 ml est un herbicide s\u00e9lectif id\u00e9al pour maintenir les pelouses et les prairies exemptes de mauvaises herbes \u00e0 feuilles larges sans endommager les gramin\u00e9es.","og_url":"https:\/\/saiga.es\/fr\/produit\/herbiclair-500-ml\/","og_site_name":"SAIGA","article_modified_time":"2026-03-19T16:47:47+00:00","og_image":[{"width":1080,"height":1080,"url":"https:\/\/saiga.es\/wp-content\/uploads\/2025\/10\/Herbiclair.jpg","type":"image\/jpeg"}],"twitter_card":"summary_large_image","twitter_site":"@saiga_agro","twitter_misc":{"Dur\u00e9e de lecture estim\u00e9e":"1 minute"},"schema":{"@context":"https:\/\/schema.org","@graph":[{"@type":"WebPage","@id":"https:\/\/saiga.es\/fr\/produit\/herbiclair-500-ml\/","url":"https:\/\/saiga.es\/fr\/produit\/herbiclair-500-ml\/","name":"Herbiclair herbicide s\u00e9lectif 500 ml | SAIGA","isPartOf":{"@id":"https:\/\/saiga.es\/fr\/#website"},"primaryImageOfPage":{"@id":"https:\/\/saiga.es\/fr\/produit\/herbiclair-500-ml\/#primaryimage"},"image":{"@id":"https:\/\/saiga.es\/fr\/produit\/herbiclair-500-ml\/#primaryimage"},"thumbnailUrl":"https:\/\/saiga.es\/wp-content\/uploads\/2025\/10\/Herbiclair.jpg","datePublished":"2025-10-23T14:01:56+00:00","dateModified":"2026-03-19T16:47:47+00:00","description":"Herbiclair 500 ml est un herbicide s\u00e9lectif id\u00e9al pour maintenir les pelouses et les prairies exemptes de mauvaises herbes \u00e0 feuilles larges sans endommager les gramin\u00e9es.","breadcrumb":{"@id":"https:\/\/saiga.es\/fr\/produit\/herbiclair-500-ml\/#breadcrumb"},"inLanguage":"fr-FR","potentialAction":[{"@type":"ReadAction","target":["https:\/\/saiga.es\/fr\/produit\/herbiclair-500-ml\/"]}]},{"@type":"ImageObject","inLanguage":"fr-FR","@id":"https:\/\/saiga.es\/fr\/produit\/herbiclair-500-ml\/#primaryimage","url":"https:\/\/saiga.es\/wp-content\/uploads\/2025\/10\/Herbiclair.jpg","contentUrl":"https:\/\/saiga.es\/wp-content\/uploads\/2025\/10\/Herbiclair.jpg","width":1080,"height":1080,"caption":"Herbiclair"},{"@type":"BreadcrumbList","@id":"https:\/\/saiga.es\/fr\/produit\/herbiclair-500-ml\/#breadcrumb","itemListElement":[{"@type":"ListItem","position":1,"name":"Inici","item":"https:\/\/saiga.es\/fr\/"},{"@type":"ListItem","position":2,"name":"boutique","item":"https:\/\/saiga.es\/fr\/boutique\/"},{"@type":"ListItem","position":3,"name":"Herbiclair herbicide s\u00e9lectif 500 ml"}]},{"@type":"WebSite","@id":"https:\/\/saiga.es\/fr\/#website","url":"https:\/\/saiga.es\/fr\/","name":"SAIGA","description":"M\u00e9s de 50 anys al servei de la terra i treballant per a un \u00fas eficient de l\u2019aigua!","publisher":{"@id":"https:\/\/saiga.es\/fr\/#organization"},"potentialAction":[{"@type":"SearchAction","target":{"@type":"EntryPoint","urlTemplate":"https:\/\/saiga.es\/fr\/?s={search_term_string}"},"query-input":{"@type":"PropertyValueSpecification","valueRequired":true,"valueName":"search_term_string"}}],"inLanguage":"fr-FR"},{"@type":"Organization","@id":"https:\/\/saiga.es\/fr\/#organization","name":"SAIGA","url":"https:\/\/saiga.es\/fr\/","logo":{"@type":"ImageObject","inLanguage":"fr-FR","@id":"https:\/\/saiga.es\/fr\/#\/schema\/logo\/image\/","url":"https:\/\/saiga.es\/wp-content\/uploads\/2025\/07\/logo_saiga_baseline_optimitzat.svg","contentUrl":"https:\/\/saiga.es\/wp-content\/uploads\/2025\/07\/logo_saiga_baseline_optimitzat.svg","caption":"SAIGA"},"image":{"@id":"https:\/\/saiga.es\/fr\/#\/schema\/logo\/image\/"},"sameAs":["https:\/\/x.com\/saiga_agro","https:\/\/www.instagram.com\/saiga_agro\/"]}]}},"_links":{"self":[{"href":"https:\/\/saiga.es\/fr\/wp-json\/wp\/v2\/product\/17355","targetHints":{"allow":["GET"]}}],"collection":[{"href":"https:\/\/saiga.es\/fr\/wp-json\/wp\/v2\/product"}],"about":[{"href":"https:\/\/saiga.es\/fr\/wp-json\/wp\/v2\/types\/product"}],"replies":[{"embeddable":true,"href":"https:\/\/saiga.es\/fr\/wp-json\/wp\/v2\/comments?post=17355"}],"wp:featuredmedia":[{"embeddable":true,"href":"https:\/\/saiga.es\/fr\/wp-json\/wp\/v2\/media\/17351"}],"wp:attachment":[{"href":"https:\/\/saiga.es\/fr\/wp-json\/wp\/v2\/media?parent=17355"}],"wp:term":[{"taxonomy":"product_brand","embeddable":true,"href":"https:\/\/saiga.es\/fr\/wp-json\/wp\/v2\/product_brand?post=17355"},{"taxonomy":"product_cat","embeddable":true,"href":"https:\/\/saiga.es\/fr\/wp-json\/wp\/v2\/product_cat?post=17355"},{"taxonomy":"product_tag","embeddable":true,"href":"https:\/\/saiga.es\/fr\/wp-json\/wp\/v2\/product_tag?post=17355"}],"curies":[{"name":"wp","href":"https:\/\/api.w.org\/{rel}","templated":true}]}}