{"id":17522,"date":"2025-11-24T08:38:53","date_gmt":"2025-11-24T08:38:53","guid":{"rendered":"https:\/\/saiga.es\/producte\/mini-scie-delagage\/"},"modified":"2025-11-24T11:11:41","modified_gmt":"2025-11-24T11:11:41","slug":"mini-scie-delagage","status":"publish","type":"product","link":"https:\/\/saiga.es\/fr\/produit\/mini-scie-delagage\/","title":{"rendered":"scie d&rsquo;\u00e9lagage miniature D\u00e4her"},"content":{"rendered":"<p>&nbsp;<\/p>\n<p>La mini-scie d&rsquo;\u00e9lagage 20 V est l&rsquo;outil id\u00e9al pour les jardins, les vergers et les travaux d&rsquo;entretien gr\u00e2ce \u00e0 son parfait \u00e9quilibre entre puissance, l\u00e9g\u00e8ret\u00e9 et maniabilit\u00e9. Con\u00e7ue pour une coupe rapide et nette, elle convient parfaitement aux particuliers comme aux professionnels du jardinage. <\/p>\n<h5><strong>Principales caract\u00e9risticas<\/strong><\/h5>\n<ul>\n<li>Alta velocitat de tall: Motor de 5000 RPM que garanteix un rendiment potent i eficient en tot tipus de branques.<\/li>\n<li>Velocitat de cadena de 10 m\/s: Perfecta per aconseguir talls r\u00e0pids i precisos amb menys esfor\u00e7.<\/li>\n<li>Compatible avec les batteries Li-Ion 20 V (non incluses) : disponible en versions 2,0 Ah ou 4,0 Ah, pour adapter l\u2019autonomie \u00e0 vos besoins.<\/li>\n<li>Cargador 20V (no incl\u00f2s): Entrada 230VAC i sortida 20VDC 2.3Ah, preparat per rec\u00e0rregues r\u00e0pides i segures.<\/li>\n<li>Accessoris inclosos: Cadena i guia, perqu\u00e8 puguis comen\u00e7ar a treballar des del primer moment.<\/li>\n<\/ul>\n<h5><strong>Pourquoi choisir cette mini scie d&rsquo;\u00e9lagage ?<\/strong><\/h5>\n<ul>\n<li>Compact et l\u00e9ger, id\u00e9al pour les longues sessions de travail.<\/li>\n<li>Id\u00e9al pour la taille des arbres, arbustes et branches de taille moyenne.<\/li>\n<li>S\u00e9curit\u00e9 et contr\u00f4le maximums \u00e0 chaque coupe.<\/li>\n<li>Maintenance simple et pi\u00e8ces de rechange accessibles.<\/li>\n<\/ul>\n<p>Optimisez votre temps et obtenez des r\u00e9sultats professionnels avec la mini scie d&rsquo;\u00e9lagage 20V, un outil indispensable pour maintenir votre jardin en parfait \u00e9tat. Comprend une batterie.<\/p>\n","protected":false},"excerpt":{"rendered":"<p>La mini-scie d&rsquo;\u00e9lagage 20 V est l&rsquo;outil id\u00e9al pour les jardins, les vergers et les travaux d&rsquo;entretien gr\u00e2ce \u00e0 son parfait \u00e9quilibre entre puissance, l\u00e9g\u00e8ret\u00e9 et maniabilit\u00e9. Con\u00e7ue pour une coupe rapide et nette, elle convient parfaitement aux particuliers comme aux professionnels du jardinage.  Comprend une batterie.<\/p>\n","protected":false},"featured_media":17520,"comment_status":"closed","ping_status":"closed","template":"","meta":[],"product_brand":[2332],"product_cat":[1708],"product_tag":[],"class_list":{"0":"post-17522","1":"product","2":"type-product","3":"status-publish","4":"has-post-thumbnail","6":"product_brand-daher","7":"product_cat-scies-electriques-arvipo","9":"first","10":"instock","11":"taxable","12":"shipping-taxable","13":"purchasable","14":"product-type-simple"},"yoast_head":"<!-- This site is optimized with the Yoast SEO plugin v27.3 - https:\/\/yoast.com\/product\/yoast-seo-wordpress\/ -->\n<title>scie d&#039;\u00e9lagage miniature D\u00e4her | SAIGA<\/title>\n<meta name=\"description\" content=\"Serra de poda mini 20V amb 5000RPM i cadena de 10 m\/s. Compacta, potent i ideal per a jardins. Compatible amb bateries Li-Ion 2.0\/4.0Ah.\" \/>\n<meta name=\"robots\" content=\"index, follow, max-snippet:-1, max-image-preview:large, max-video-preview:-1\" \/>\n<link rel=\"canonical\" href=\"https:\/\/saiga.es\/fr\/produit\/mini-scie-delagage\/\" \/>\n<meta property=\"og:locale\" content=\"fr_FR\" \/>\n<meta property=\"og:type\" content=\"article\" \/>\n<meta property=\"og:title\" content=\"scie d&#039;\u00e9lagage miniature D\u00e4her | SAIGA\" \/>\n<meta property=\"og:description\" content=\"Serra de poda mini 20V amb 5000RPM i cadena de 10 m\/s. Compacta, potent i ideal per a jardins. Compatible amb bateries Li-Ion 2.0\/4.0Ah.\" \/>\n<meta property=\"og:url\" content=\"https:\/\/saiga.es\/fr\/produit\/mini-scie-delagage\/\" \/>\n<meta property=\"og:site_name\" content=\"SAIGA\" \/>\n<meta property=\"article:modified_time\" content=\"2025-11-24T11:11:41+00:00\" \/>\n<meta property=\"og:image\" content=\"https:\/\/saiga.es\/wp-content\/uploads\/2025\/11\/Serra-de-poda-Daher.jpg\" \/>\n\t<meta property=\"og:image:width\" content=\"1080\" \/>\n\t<meta property=\"og:image:height\" content=\"1080\" \/>\n\t<meta property=\"og:image:type\" content=\"image\/jpeg\" \/>\n<meta name=\"twitter:card\" content=\"summary_large_image\" \/>\n<meta name=\"twitter:site\" content=\"@saiga_agro\" \/>\n<meta name=\"twitter:label1\" content=\"Dur\u00e9e de lecture estim\u00e9e\" \/>\n\t<meta name=\"twitter:data1\" content=\"1 minute\" \/>\n<script type=\"application\/ld+json\" class=\"yoast-schema-graph\">{\"@context\":\"https:\\\/\\\/schema.org\",\"@graph\":[{\"@type\":\"WebPage\",\"@id\":\"https:\\\/\\\/saiga.es\\\/fr\\\/produit\\\/mini-scie-delagage\\\/\",\"url\":\"https:\\\/\\\/saiga.es\\\/fr\\\/produit\\\/mini-scie-delagage\\\/\",\"name\":\"scie d'\u00e9lagage miniature D\u00e4her | SAIGA\",\"isPartOf\":{\"@id\":\"https:\\\/\\\/saiga.es\\\/fr\\\/#website\"},\"primaryImageOfPage\":{\"@id\":\"https:\\\/\\\/saiga.es\\\/fr\\\/produit\\\/mini-scie-delagage\\\/#primaryimage\"},\"image\":{\"@id\":\"https:\\\/\\\/saiga.es\\\/fr\\\/produit\\\/mini-scie-delagage\\\/#primaryimage\"},\"thumbnailUrl\":\"https:\\\/\\\/saiga.es\\\/wp-content\\\/uploads\\\/2025\\\/11\\\/Serra-de-poda-Daher.jpg\",\"datePublished\":\"2025-11-24T08:38:53+00:00\",\"dateModified\":\"2025-11-24T11:11:41+00:00\",\"description\":\"Serra de poda mini 20V amb 5000RPM i cadena de 10 m\\\/s. Compacta, potent i ideal per a jardins. Compatible amb bateries Li-Ion 2.0\\\/4.0Ah.\",\"breadcrumb\":{\"@id\":\"https:\\\/\\\/saiga.es\\\/fr\\\/produit\\\/mini-scie-delagage\\\/#breadcrumb\"},\"inLanguage\":\"fr-FR\",\"potentialAction\":[{\"@type\":\"ReadAction\",\"target\":[\"https:\\\/\\\/saiga.es\\\/fr\\\/produit\\\/mini-scie-delagage\\\/\"]}]},{\"@type\":\"ImageObject\",\"inLanguage\":\"fr-FR\",\"@id\":\"https:\\\/\\\/saiga.es\\\/fr\\\/produit\\\/mini-scie-delagage\\\/#primaryimage\",\"url\":\"https:\\\/\\\/saiga.es\\\/wp-content\\\/uploads\\\/2025\\\/11\\\/Serra-de-poda-Daher.jpg\",\"contentUrl\":\"https:\\\/\\\/saiga.es\\\/wp-content\\\/uploads\\\/2025\\\/11\\\/Serra-de-poda-Daher.jpg\",\"width\":1080,\"height\":1080,\"caption\":\"scie d'\u00e9lagage Daher\"},{\"@type\":\"BreadcrumbList\",\"@id\":\"https:\\\/\\\/saiga.es\\\/fr\\\/produit\\\/mini-scie-delagage\\\/#breadcrumb\",\"itemListElement\":[{\"@type\":\"ListItem\",\"position\":1,\"name\":\"Inici\",\"item\":\"https:\\\/\\\/saiga.es\\\/fr\\\/\"},{\"@type\":\"ListItem\",\"position\":2,\"name\":\"boutique\",\"item\":\"https:\\\/\\\/saiga.es\\\/fr\\\/boutique\\\/\"},{\"@type\":\"ListItem\",\"position\":3,\"name\":\"scie d&rsquo;\u00e9lagage miniature D\u00e4her\"}]},{\"@type\":\"WebSite\",\"@id\":\"https:\\\/\\\/saiga.es\\\/fr\\\/#website\",\"url\":\"https:\\\/\\\/saiga.es\\\/fr\\\/\",\"name\":\"SAIGA\",\"description\":\"M\u00e9s de 50 anys al servei de la terra i treballant per a un \u00fas eficient de l\u2019aigua!\",\"publisher\":{\"@id\":\"https:\\\/\\\/saiga.es\\\/fr\\\/#organization\"},\"potentialAction\":[{\"@type\":\"SearchAction\",\"target\":{\"@type\":\"EntryPoint\",\"urlTemplate\":\"https:\\\/\\\/saiga.es\\\/fr\\\/?s={search_term_string}\"},\"query-input\":{\"@type\":\"PropertyValueSpecification\",\"valueRequired\":true,\"valueName\":\"search_term_string\"}}],\"inLanguage\":\"fr-FR\"},{\"@type\":\"Organization\",\"@id\":\"https:\\\/\\\/saiga.es\\\/fr\\\/#organization\",\"name\":\"SAIGA\",\"url\":\"https:\\\/\\\/saiga.es\\\/fr\\\/\",\"logo\":{\"@type\":\"ImageObject\",\"inLanguage\":\"fr-FR\",\"@id\":\"https:\\\/\\\/saiga.es\\\/fr\\\/#\\\/schema\\\/logo\\\/image\\\/\",\"url\":\"https:\\\/\\\/saiga.es\\\/wp-content\\\/uploads\\\/2025\\\/07\\\/logo_saiga_baseline_optimitzat.svg\",\"contentUrl\":\"https:\\\/\\\/saiga.es\\\/wp-content\\\/uploads\\\/2025\\\/07\\\/logo_saiga_baseline_optimitzat.svg\",\"caption\":\"SAIGA\"},\"image\":{\"@id\":\"https:\\\/\\\/saiga.es\\\/fr\\\/#\\\/schema\\\/logo\\\/image\\\/\"},\"sameAs\":[\"https:\\\/\\\/x.com\\\/saiga_agro\",\"https:\\\/\\\/www.instagram.com\\\/saiga_agro\\\/\"]}]}<\/script>\n<!-- \/ Yoast SEO plugin. -->","yoast_head_json":{"title":"scie d'\u00e9lagage miniature D\u00e4her | SAIGA","description":"Serra de poda mini 20V amb 5000RPM i cadena de 10 m\/s. Compacta, potent i ideal per a jardins. Compatible amb bateries Li-Ion 2.0\/4.0Ah.","robots":{"index":"index","follow":"follow","max-snippet":"max-snippet:-1","max-image-preview":"max-image-preview:large","max-video-preview":"max-video-preview:-1"},"canonical":"https:\/\/saiga.es\/fr\/produit\/mini-scie-delagage\/","og_locale":"fr_FR","og_type":"article","og_title":"scie d'\u00e9lagage miniature D\u00e4her | SAIGA","og_description":"Serra de poda mini 20V amb 5000RPM i cadena de 10 m\/s. Compacta, potent i ideal per a jardins. Compatible amb bateries Li-Ion 2.0\/4.0Ah.","og_url":"https:\/\/saiga.es\/fr\/produit\/mini-scie-delagage\/","og_site_name":"SAIGA","article_modified_time":"2025-11-24T11:11:41+00:00","og_image":[{"width":1080,"height":1080,"url":"https:\/\/saiga.es\/wp-content\/uploads\/2025\/11\/Serra-de-poda-Daher.jpg","type":"image\/jpeg"}],"twitter_card":"summary_large_image","twitter_site":"@saiga_agro","twitter_misc":{"Dur\u00e9e de lecture estim\u00e9e":"1 minute"},"schema":{"@context":"https:\/\/schema.org","@graph":[{"@type":"WebPage","@id":"https:\/\/saiga.es\/fr\/produit\/mini-scie-delagage\/","url":"https:\/\/saiga.es\/fr\/produit\/mini-scie-delagage\/","name":"scie d'\u00e9lagage miniature D\u00e4her | SAIGA","isPartOf":{"@id":"https:\/\/saiga.es\/fr\/#website"},"primaryImageOfPage":{"@id":"https:\/\/saiga.es\/fr\/produit\/mini-scie-delagage\/#primaryimage"},"image":{"@id":"https:\/\/saiga.es\/fr\/produit\/mini-scie-delagage\/#primaryimage"},"thumbnailUrl":"https:\/\/saiga.es\/wp-content\/uploads\/2025\/11\/Serra-de-poda-Daher.jpg","datePublished":"2025-11-24T08:38:53+00:00","dateModified":"2025-11-24T11:11:41+00:00","description":"Serra de poda mini 20V amb 5000RPM i cadena de 10 m\/s. Compacta, potent i ideal per a jardins. Compatible amb bateries Li-Ion 2.0\/4.0Ah.","breadcrumb":{"@id":"https:\/\/saiga.es\/fr\/produit\/mini-scie-delagage\/#breadcrumb"},"inLanguage":"fr-FR","potentialAction":[{"@type":"ReadAction","target":["https:\/\/saiga.es\/fr\/produit\/mini-scie-delagage\/"]}]},{"@type":"ImageObject","inLanguage":"fr-FR","@id":"https:\/\/saiga.es\/fr\/produit\/mini-scie-delagage\/#primaryimage","url":"https:\/\/saiga.es\/wp-content\/uploads\/2025\/11\/Serra-de-poda-Daher.jpg","contentUrl":"https:\/\/saiga.es\/wp-content\/uploads\/2025\/11\/Serra-de-poda-Daher.jpg","width":1080,"height":1080,"caption":"scie d'\u00e9lagage Daher"},{"@type":"BreadcrumbList","@id":"https:\/\/saiga.es\/fr\/produit\/mini-scie-delagage\/#breadcrumb","itemListElement":[{"@type":"ListItem","position":1,"name":"Inici","item":"https:\/\/saiga.es\/fr\/"},{"@type":"ListItem","position":2,"name":"boutique","item":"https:\/\/saiga.es\/fr\/boutique\/"},{"@type":"ListItem","position":3,"name":"scie d&rsquo;\u00e9lagage miniature D\u00e4her"}]},{"@type":"WebSite","@id":"https:\/\/saiga.es\/fr\/#website","url":"https:\/\/saiga.es\/fr\/","name":"SAIGA","description":"M\u00e9s de 50 anys al servei de la terra i treballant per a un \u00fas eficient de l\u2019aigua!","publisher":{"@id":"https:\/\/saiga.es\/fr\/#organization"},"potentialAction":[{"@type":"SearchAction","target":{"@type":"EntryPoint","urlTemplate":"https:\/\/saiga.es\/fr\/?s={search_term_string}"},"query-input":{"@type":"PropertyValueSpecification","valueRequired":true,"valueName":"search_term_string"}}],"inLanguage":"fr-FR"},{"@type":"Organization","@id":"https:\/\/saiga.es\/fr\/#organization","name":"SAIGA","url":"https:\/\/saiga.es\/fr\/","logo":{"@type":"ImageObject","inLanguage":"fr-FR","@id":"https:\/\/saiga.es\/fr\/#\/schema\/logo\/image\/","url":"https:\/\/saiga.es\/wp-content\/uploads\/2025\/07\/logo_saiga_baseline_optimitzat.svg","contentUrl":"https:\/\/saiga.es\/wp-content\/uploads\/2025\/07\/logo_saiga_baseline_optimitzat.svg","caption":"SAIGA"},"image":{"@id":"https:\/\/saiga.es\/fr\/#\/schema\/logo\/image\/"},"sameAs":["https:\/\/x.com\/saiga_agro","https:\/\/www.instagram.com\/saiga_agro\/"]}]}},"_links":{"self":[{"href":"https:\/\/saiga.es\/fr\/wp-json\/wp\/v2\/product\/17522","targetHints":{"allow":["GET"]}}],"collection":[{"href":"https:\/\/saiga.es\/fr\/wp-json\/wp\/v2\/product"}],"about":[{"href":"https:\/\/saiga.es\/fr\/wp-json\/wp\/v2\/types\/product"}],"replies":[{"embeddable":true,"href":"https:\/\/saiga.es\/fr\/wp-json\/wp\/v2\/comments?post=17522"}],"wp:featuredmedia":[{"embeddable":true,"href":"https:\/\/saiga.es\/fr\/wp-json\/wp\/v2\/media\/17520"}],"wp:attachment":[{"href":"https:\/\/saiga.es\/fr\/wp-json\/wp\/v2\/media?parent=17522"}],"wp:term":[{"taxonomy":"product_brand","embeddable":true,"href":"https:\/\/saiga.es\/fr\/wp-json\/wp\/v2\/product_brand?post=17522"},{"taxonomy":"product_cat","embeddable":true,"href":"https:\/\/saiga.es\/fr\/wp-json\/wp\/v2\/product_cat?post=17522"},{"taxonomy":"product_tag","embeddable":true,"href":"https:\/\/saiga.es\/fr\/wp-json\/wp\/v2\/product_tag?post=17522"}],"curies":[{"name":"wp","href":"https:\/\/api.w.org\/{rel}","templated":true}]}}