{"id":17601,"date":"2025-12-09T13:14:23","date_gmt":"2025-12-09T13:14:23","guid":{"rendered":"https:\/\/saiga.es\/producte\/permanent-trampa-barrera-insectos\/"},"modified":"2025-12-09T13:14:23","modified_gmt":"2025-12-09T13:14:23","slug":"permanent-trampa-barrera-insectos","status":"publish","type":"product","link":"https:\/\/saiga.es\/fr\/produit\/permanent-trampa-barrera-insectos\/","title":{"rendered":"Permanent Trampa Barrera Insectos"},"content":{"rendered":"<p>&nbsp;<\/p>\n<p>Le pi\u00e8ge \u00e0 insectes permanent est la solution naturelle, \u00e9cologique et efficace pour garder votre maison exempte d&rsquo;insectes rampants nuisibles.<\/p>\n<p>Gr\u00e2ce \u00e0 sa colle adh\u00e9sive permanente sans insecticides et \u00e0 sa composition 100 % en plastique recycl\u00e9, ce pi\u00e8ge cr\u00e9e une barri\u00e8re dissuasive qui capture les cafards, les l\u00e9pismes argent\u00e9s, les vers du bois, les grillons et tout autre insecte susceptible d&rsquo;infiltrer votre maison.<\/p>\n<p>Le pack comprend deux pi\u00e8ges avec des recharges adh\u00e9sives interchangeables, ce qui le rend tr\u00e8s durable et facile \u00e0 entretenir.<\/p>\n<p>Il convient aussi bien \u00e0 une utilisation int\u00e9rieure qu&rsquo;ext\u00e9rieure et est id\u00e9al pour les appartements, les maisons, les garages, les caves ou tout espace o\u00f9 vous souhaitez pr\u00e9venir ou \u00e9liminer la pr\u00e9sence d&rsquo;insectes sans utiliser de produits chimiques agressifs.<\/p>\n<h5>Avantages exceptionnels du pi\u00e8ge \u00e0 insectes permanent<\/h5>\n<ul>\n<li>Lutte naturelle et s\u00fbre : sans insecticides, elle est sans danger pour les personnes et les animaux domestiques.<\/li>\n<li>\u00c9cologique et durable : fabriqu\u00e9 \u00e0 partir de mat\u00e9riaux recycl\u00e9s.<\/li>\n<li>Efficace contre divers insectes : col\u00e9opt\u00e8res, l\u00e9pismes argent\u00e9s, vers, grillons\u2026<\/li>\n<li>Facile \u00e0 installer et \u00e0 entretenir : placez-le l\u00e0 o\u00f9 vous d\u00e9tectez un mouvement ; remplacez les autocollants si n\u00e9cessaire.<\/li>\n<li>Id\u00e9al pour la pr\u00e9vention et l&rsquo;action imm\u00e9diate : il aide \u00e0 \u00e9viter les nuisibles et aussi \u00e0 s&rsquo;attaquer \u00e0 ceux qui ont d\u00e9j\u00e0 commenc\u00e9 \u00e0 s&rsquo;installer.<\/li>\n<\/ul>\n<p>&nbsp;<\/p>\n","protected":false},"excerpt":{"rendered":"<p>Le pi\u00e8ge \u00e0 insectes permanent est la solution naturelle, \u00e9cologique et efficace pour garder votre maison exempte d&rsquo;insectes rampants nuisibles.<\/p>\n","protected":false},"featured_media":17599,"comment_status":"closed","ping_status":"closed","template":"","meta":[],"product_brand":[1974],"product_cat":[439],"product_tag":[],"class_list":{"0":"post-17601","1":"product","2":"type-product","3":"status-publish","4":"has-post-thumbnail","6":"product_brand-neudorff","7":"product_cat-biocides-fr","9":"first","10":"instock","11":"taxable","12":"shipping-taxable","13":"purchasable","14":"product-type-simple"},"yoast_head":"<!-- This site is optimized with the Yoast SEO plugin v27.4 - https:\/\/yoast.com\/product\/yoast-seo-wordpress\/ -->\n<title>Permanent Trampa Barrera Insectos | SAIGA<\/title>\n<meta name=\"description\" content=\"Pi\u00e8ge permanent Insectors contre les insectes rampants. \u00c9cologique, sans insecticide et tr\u00e8s efficace. Id\u00e9al pour la maison et l&#039;ext\u00e9rieur.\" \/>\n<meta name=\"robots\" content=\"index, follow, max-snippet:-1, max-image-preview:large, max-video-preview:-1\" \/>\n<link rel=\"canonical\" href=\"https:\/\/saiga.es\/fr\/produit\/permanent-trampa-barrera-insectos\/\" \/>\n<meta property=\"og:locale\" content=\"fr_FR\" \/>\n<meta property=\"og:type\" content=\"article\" \/>\n<meta property=\"og:title\" content=\"Permanent Trampa Barrera Insectos | SAIGA\" \/>\n<meta property=\"og:description\" content=\"Pi\u00e8ge permanent Insectors contre les insectes rampants. \u00c9cologique, sans insecticide et tr\u00e8s efficace. Id\u00e9al pour la maison et l&#039;ext\u00e9rieur.\" \/>\n<meta property=\"og:url\" content=\"https:\/\/saiga.es\/fr\/produit\/permanent-trampa-barrera-insectos\/\" \/>\n<meta property=\"og:site_name\" content=\"SAIGA\" \/>\n<meta property=\"og:image\" content=\"https:\/\/saiga.es\/wp-content\/uploads\/2025\/12\/Permanent-Trampa-Barrera-Insectos.jpg\" \/>\n\t<meta property=\"og:image:width\" content=\"1080\" \/>\n\t<meta property=\"og:image:height\" content=\"1080\" \/>\n\t<meta property=\"og:image:type\" content=\"image\/jpeg\" \/>\n<meta name=\"twitter:card\" content=\"summary_large_image\" \/>\n<meta name=\"twitter:site\" content=\"@saiga_agro\" \/>\n<meta name=\"twitter:label1\" content=\"Dur\u00e9e de lecture estim\u00e9e\" \/>\n\t<meta name=\"twitter:data1\" content=\"1 minute\" \/>\n<script type=\"application\/ld+json\" class=\"yoast-schema-graph\">{\"@context\":\"https:\\\/\\\/schema.org\",\"@graph\":[{\"@type\":\"WebPage\",\"@id\":\"https:\\\/\\\/saiga.es\\\/fr\\\/produit\\\/permanent-trampa-barrera-insectos\\\/\",\"url\":\"https:\\\/\\\/saiga.es\\\/fr\\\/produit\\\/permanent-trampa-barrera-insectos\\\/\",\"name\":\"Permanent Trampa Barrera Insectos | SAIGA\",\"isPartOf\":{\"@id\":\"https:\\\/\\\/saiga.es\\\/fr\\\/#website\"},\"primaryImageOfPage\":{\"@id\":\"https:\\\/\\\/saiga.es\\\/fr\\\/produit\\\/permanent-trampa-barrera-insectos\\\/#primaryimage\"},\"image\":{\"@id\":\"https:\\\/\\\/saiga.es\\\/fr\\\/produit\\\/permanent-trampa-barrera-insectos\\\/#primaryimage\"},\"thumbnailUrl\":\"https:\\\/\\\/saiga.es\\\/wp-content\\\/uploads\\\/2025\\\/12\\\/Permanent-Trampa-Barrera-Insectos.jpg\",\"datePublished\":\"2025-12-09T13:14:23+00:00\",\"description\":\"Pi\u00e8ge permanent Insectors contre les insectes rampants. \u00c9cologique, sans insecticide et tr\u00e8s efficace. Id\u00e9al pour la maison et l'ext\u00e9rieur.\",\"breadcrumb\":{\"@id\":\"https:\\\/\\\/saiga.es\\\/fr\\\/produit\\\/permanent-trampa-barrera-insectos\\\/#breadcrumb\"},\"inLanguage\":\"fr-FR\",\"potentialAction\":[{\"@type\":\"ReadAction\",\"target\":[\"https:\\\/\\\/saiga.es\\\/fr\\\/produit\\\/permanent-trampa-barrera-insectos\\\/\"]}]},{\"@type\":\"ImageObject\",\"inLanguage\":\"fr-FR\",\"@id\":\"https:\\\/\\\/saiga.es\\\/fr\\\/produit\\\/permanent-trampa-barrera-insectos\\\/#primaryimage\",\"url\":\"https:\\\/\\\/saiga.es\\\/wp-content\\\/uploads\\\/2025\\\/12\\\/Permanent-Trampa-Barrera-Insectos.jpg\",\"contentUrl\":\"https:\\\/\\\/saiga.es\\\/wp-content\\\/uploads\\\/2025\\\/12\\\/Permanent-Trampa-Barrera-Insectos.jpg\",\"width\":1080,\"height\":1080,\"caption\":\"Pi\u00e8ge \u00e0 insectes permanent\"},{\"@type\":\"BreadcrumbList\",\"@id\":\"https:\\\/\\\/saiga.es\\\/fr\\\/produit\\\/permanent-trampa-barrera-insectos\\\/#breadcrumb\",\"itemListElement\":[{\"@type\":\"ListItem\",\"position\":1,\"name\":\"Inici\",\"item\":\"https:\\\/\\\/saiga.es\\\/fr\\\/\"},{\"@type\":\"ListItem\",\"position\":2,\"name\":\"boutique\",\"item\":\"https:\\\/\\\/saiga.es\\\/fr\\\/boutique\\\/\"},{\"@type\":\"ListItem\",\"position\":3,\"name\":\"Permanent Trampa Barrera Insectos\"}]},{\"@type\":\"WebSite\",\"@id\":\"https:\\\/\\\/saiga.es\\\/fr\\\/#website\",\"url\":\"https:\\\/\\\/saiga.es\\\/fr\\\/\",\"name\":\"SAIGA\",\"description\":\"M\u00e9s de 50 anys al servei de la terra i treballant per a un \u00fas eficient de l\u2019aigua!\",\"publisher\":{\"@id\":\"https:\\\/\\\/saiga.es\\\/fr\\\/#organization\"},\"potentialAction\":[{\"@type\":\"SearchAction\",\"target\":{\"@type\":\"EntryPoint\",\"urlTemplate\":\"https:\\\/\\\/saiga.es\\\/fr\\\/?s={search_term_string}\"},\"query-input\":{\"@type\":\"PropertyValueSpecification\",\"valueRequired\":true,\"valueName\":\"search_term_string\"}}],\"inLanguage\":\"fr-FR\"},{\"@type\":\"Organization\",\"@id\":\"https:\\\/\\\/saiga.es\\\/fr\\\/#organization\",\"name\":\"SAIGA\",\"url\":\"https:\\\/\\\/saiga.es\\\/fr\\\/\",\"logo\":{\"@type\":\"ImageObject\",\"inLanguage\":\"fr-FR\",\"@id\":\"https:\\\/\\\/saiga.es\\\/fr\\\/#\\\/schema\\\/logo\\\/image\\\/\",\"url\":\"https:\\\/\\\/saiga.es\\\/wp-content\\\/uploads\\\/2025\\\/07\\\/logo_saiga_baseline_optimitzat.svg\",\"contentUrl\":\"https:\\\/\\\/saiga.es\\\/wp-content\\\/uploads\\\/2025\\\/07\\\/logo_saiga_baseline_optimitzat.svg\",\"caption\":\"SAIGA\"},\"image\":{\"@id\":\"https:\\\/\\\/saiga.es\\\/fr\\\/#\\\/schema\\\/logo\\\/image\\\/\"},\"sameAs\":[\"https:\\\/\\\/x.com\\\/saiga_agro\",\"https:\\\/\\\/www.instagram.com\\\/saiga_agro\\\/\"]}]}<\/script>\n<!-- \/ Yoast SEO plugin. -->","yoast_head_json":{"title":"Permanent Trampa Barrera Insectos | SAIGA","description":"Pi\u00e8ge permanent Insectors contre les insectes rampants. \u00c9cologique, sans insecticide et tr\u00e8s efficace. Id\u00e9al pour la maison et l'ext\u00e9rieur.","robots":{"index":"index","follow":"follow","max-snippet":"max-snippet:-1","max-image-preview":"max-image-preview:large","max-video-preview":"max-video-preview:-1"},"canonical":"https:\/\/saiga.es\/fr\/produit\/permanent-trampa-barrera-insectos\/","og_locale":"fr_FR","og_type":"article","og_title":"Permanent Trampa Barrera Insectos | SAIGA","og_description":"Pi\u00e8ge permanent Insectors contre les insectes rampants. \u00c9cologique, sans insecticide et tr\u00e8s efficace. Id\u00e9al pour la maison et l'ext\u00e9rieur.","og_url":"https:\/\/saiga.es\/fr\/produit\/permanent-trampa-barrera-insectos\/","og_site_name":"SAIGA","og_image":[{"width":1080,"height":1080,"url":"https:\/\/saiga.es\/wp-content\/uploads\/2025\/12\/Permanent-Trampa-Barrera-Insectos.jpg","type":"image\/jpeg"}],"twitter_card":"summary_large_image","twitter_site":"@saiga_agro","twitter_misc":{"Dur\u00e9e de lecture estim\u00e9e":"1 minute"},"schema":{"@context":"https:\/\/schema.org","@graph":[{"@type":"WebPage","@id":"https:\/\/saiga.es\/fr\/produit\/permanent-trampa-barrera-insectos\/","url":"https:\/\/saiga.es\/fr\/produit\/permanent-trampa-barrera-insectos\/","name":"Permanent Trampa Barrera Insectos | SAIGA","isPartOf":{"@id":"https:\/\/saiga.es\/fr\/#website"},"primaryImageOfPage":{"@id":"https:\/\/saiga.es\/fr\/produit\/permanent-trampa-barrera-insectos\/#primaryimage"},"image":{"@id":"https:\/\/saiga.es\/fr\/produit\/permanent-trampa-barrera-insectos\/#primaryimage"},"thumbnailUrl":"https:\/\/saiga.es\/wp-content\/uploads\/2025\/12\/Permanent-Trampa-Barrera-Insectos.jpg","datePublished":"2025-12-09T13:14:23+00:00","description":"Pi\u00e8ge permanent Insectors contre les insectes rampants. \u00c9cologique, sans insecticide et tr\u00e8s efficace. Id\u00e9al pour la maison et l'ext\u00e9rieur.","breadcrumb":{"@id":"https:\/\/saiga.es\/fr\/produit\/permanent-trampa-barrera-insectos\/#breadcrumb"},"inLanguage":"fr-FR","potentialAction":[{"@type":"ReadAction","target":["https:\/\/saiga.es\/fr\/produit\/permanent-trampa-barrera-insectos\/"]}]},{"@type":"ImageObject","inLanguage":"fr-FR","@id":"https:\/\/saiga.es\/fr\/produit\/permanent-trampa-barrera-insectos\/#primaryimage","url":"https:\/\/saiga.es\/wp-content\/uploads\/2025\/12\/Permanent-Trampa-Barrera-Insectos.jpg","contentUrl":"https:\/\/saiga.es\/wp-content\/uploads\/2025\/12\/Permanent-Trampa-Barrera-Insectos.jpg","width":1080,"height":1080,"caption":"Pi\u00e8ge \u00e0 insectes permanent"},{"@type":"BreadcrumbList","@id":"https:\/\/saiga.es\/fr\/produit\/permanent-trampa-barrera-insectos\/#breadcrumb","itemListElement":[{"@type":"ListItem","position":1,"name":"Inici","item":"https:\/\/saiga.es\/fr\/"},{"@type":"ListItem","position":2,"name":"boutique","item":"https:\/\/saiga.es\/fr\/boutique\/"},{"@type":"ListItem","position":3,"name":"Permanent Trampa Barrera Insectos"}]},{"@type":"WebSite","@id":"https:\/\/saiga.es\/fr\/#website","url":"https:\/\/saiga.es\/fr\/","name":"SAIGA","description":"M\u00e9s de 50 anys al servei de la terra i treballant per a un \u00fas eficient de l\u2019aigua!","publisher":{"@id":"https:\/\/saiga.es\/fr\/#organization"},"potentialAction":[{"@type":"SearchAction","target":{"@type":"EntryPoint","urlTemplate":"https:\/\/saiga.es\/fr\/?s={search_term_string}"},"query-input":{"@type":"PropertyValueSpecification","valueRequired":true,"valueName":"search_term_string"}}],"inLanguage":"fr-FR"},{"@type":"Organization","@id":"https:\/\/saiga.es\/fr\/#organization","name":"SAIGA","url":"https:\/\/saiga.es\/fr\/","logo":{"@type":"ImageObject","inLanguage":"fr-FR","@id":"https:\/\/saiga.es\/fr\/#\/schema\/logo\/image\/","url":"https:\/\/saiga.es\/wp-content\/uploads\/2025\/07\/logo_saiga_baseline_optimitzat.svg","contentUrl":"https:\/\/saiga.es\/wp-content\/uploads\/2025\/07\/logo_saiga_baseline_optimitzat.svg","caption":"SAIGA"},"image":{"@id":"https:\/\/saiga.es\/fr\/#\/schema\/logo\/image\/"},"sameAs":["https:\/\/x.com\/saiga_agro","https:\/\/www.instagram.com\/saiga_agro\/"]}]}},"_links":{"self":[{"href":"https:\/\/saiga.es\/fr\/wp-json\/wp\/v2\/product\/17601","targetHints":{"allow":["GET"]}}],"collection":[{"href":"https:\/\/saiga.es\/fr\/wp-json\/wp\/v2\/product"}],"about":[{"href":"https:\/\/saiga.es\/fr\/wp-json\/wp\/v2\/types\/product"}],"replies":[{"embeddable":true,"href":"https:\/\/saiga.es\/fr\/wp-json\/wp\/v2\/comments?post=17601"}],"wp:featuredmedia":[{"embeddable":true,"href":"https:\/\/saiga.es\/fr\/wp-json\/wp\/v2\/media\/17599"}],"wp:attachment":[{"href":"https:\/\/saiga.es\/fr\/wp-json\/wp\/v2\/media?parent=17601"}],"wp:term":[{"taxonomy":"product_brand","embeddable":true,"href":"https:\/\/saiga.es\/fr\/wp-json\/wp\/v2\/product_brand?post=17601"},{"taxonomy":"product_cat","embeddable":true,"href":"https:\/\/saiga.es\/fr\/wp-json\/wp\/v2\/product_cat?post=17601"},{"taxonomy":"product_tag","embeddable":true,"href":"https:\/\/saiga.es\/fr\/wp-json\/wp\/v2\/product_tag?post=17601"}],"curies":[{"name":"wp","href":"https:\/\/api.w.org\/{rel}","templated":true}]}}