{"id":17607,"date":"2024-06-12T15:30:42","date_gmt":"2024-06-12T15:30:42","guid":{"rendered":"https:\/\/saiga.es\/producte\/neudorff-loxiran-spray-antihormigas\/"},"modified":"2025-12-09T14:11:35","modified_gmt":"2025-12-09T14:11:35","slug":"neudorff-loxiran-spray-antihormigas","status":"publish","type":"product","link":"https:\/\/saiga.es\/fr\/produit\/neudorff-loxiran-spray-antihormigas\/","title":{"rendered":"Neudorff Loxiran Spray Antihormigas"},"content":{"rendered":"<p data-start=\"254\" data-end=\"496\">L&rsquo;insecticide anti-fourmis Neudorff Loxiran est un produit \u00e9cologique con\u00e7u pour \u00e9liminer les infestations de fourmis \u00e0 l&rsquo;int\u00e9rieur comme \u00e0 l&rsquo;ext\u00e9rieur : id\u00e9al pour les balcons, les terrasses, les all\u00e9es, les garages ou les maisons.<\/p>\n<p data-start=\"498\" data-end=\"781\">L&rsquo;insecticide anti-fourmis Neudorff Loxiran est un produit \u00e9cologique con\u00e7u pour \u00e9liminer les infestations de fourmis \u00e0 l&rsquo;int\u00e9rieur comme \u00e0 l&rsquo;ext\u00e9rieur : id\u00e9al pour les balcons, terrasses, all\u00e9es, garages ou maisons.<\/p>\n<p data-start=\"973\" data-end=\"1299\">Utilisation recommand\u00e9e : Appliquer directement sur les sols, les plinthes, les coins, les all\u00e9es et les pistes de fourmis. Ne pas appliquer par voie a\u00e9rienne ni sur les aliments, les ustensiles de cuisine, les plantes ou les zones occup\u00e9es par des personnes ou des animaux domestiques. Il est important d\u2019a\u00e9rer la pi\u00e8ce apr\u00e8s application. <\/p>\n<p data-start=\"1301\" data-end=\"1458\">Ce spray offre une solution pratique, naturelle et efficace pour d\u00e9barrasser votre espace des fourmis sans avoir recours \u00e0 des produits chimiques agressifs.<\/p>\n","protected":false},"excerpt":{"rendered":"<p>L&rsquo;insecticide anti-fourmis Neudorff Loxiran est un produit \u00e9cologique con\u00e7u pour \u00e9liminer les infestations de fourmis \u00e0 l&rsquo;int\u00e9rieur comme \u00e0 l&rsquo;ext\u00e9rieur : id\u00e9al pour les balcons, les terrasses, les all\u00e9es, les garages ou les maisons.<\/p>\n","protected":false},"featured_media":17604,"comment_status":"closed","ping_status":"closed","template":"","meta":[],"product_brand":[2223],"product_cat":[439],"product_tag":[],"class_list":{"0":"post-17607","1":"product","2":"type-product","3":"status-publish","4":"has-post-thumbnail","6":"product_brand-neudorff-es","7":"product_cat-biocides-fr","9":"first","10":"instock","11":"taxable","12":"shipping-taxable","13":"purchasable","14":"product-type-simple"},"yoast_head":"<!-- This site is optimized with the Yoast SEO plugin v27.4 - https:\/\/yoast.com\/product\/yoast-seo-wordpress\/ -->\n<title>Neudorff Loxiran Spray Antihormigas | SAIGA<\/title>\n<meta name=\"description\" content=\"Spray anti-fourmis Loxiran de Neudorff : \u00e9limination rapide et naturelle des fourmis \u00e0 l\u2019int\u00e9rieur comme \u00e0 l\u2019ext\u00e9rieur. Insecticide d\u2019origine v\u00e9g\u00e9tale, s\u00fbr et efficace.\" \/>\n<meta name=\"robots\" content=\"index, follow, max-snippet:-1, max-image-preview:large, max-video-preview:-1\" \/>\n<link rel=\"canonical\" href=\"https:\/\/saiga.es\/fr\/produit\/neudorff-loxiran-spray-antihormigas\/\" \/>\n<meta property=\"og:locale\" content=\"fr_FR\" \/>\n<meta property=\"og:type\" content=\"article\" \/>\n<meta property=\"og:title\" content=\"Neudorff Loxiran Spray Antihormigas | SAIGA\" \/>\n<meta property=\"og:description\" content=\"Spray anti-fourmis Loxiran de Neudorff : \u00e9limination rapide et naturelle des fourmis \u00e0 l\u2019int\u00e9rieur comme \u00e0 l\u2019ext\u00e9rieur. Insecticide d\u2019origine v\u00e9g\u00e9tale, s\u00fbr et efficace.\" \/>\n<meta property=\"og:url\" content=\"https:\/\/saiga.es\/fr\/produit\/neudorff-loxiran-spray-antihormigas\/\" \/>\n<meta property=\"og:site_name\" content=\"SAIGA\" \/>\n<meta property=\"article:modified_time\" content=\"2025-12-09T14:11:35+00:00\" \/>\n<meta property=\"og:image\" content=\"https:\/\/saiga.es\/wp-content\/uploads\/2024\/06\/Spray-antihormigas-Loxiran.jpg\" \/>\n\t<meta property=\"og:image:width\" content=\"1080\" \/>\n\t<meta property=\"og:image:height\" content=\"1080\" \/>\n\t<meta property=\"og:image:type\" content=\"image\/jpeg\" \/>\n<meta name=\"twitter:card\" content=\"summary_large_image\" \/>\n<meta name=\"twitter:site\" content=\"@saiga_agro\" \/>\n<meta name=\"twitter:label1\" content=\"Dur\u00e9e de lecture estim\u00e9e\" \/>\n\t<meta name=\"twitter:data1\" content=\"1 minute\" \/>\n<script type=\"application\/ld+json\" class=\"yoast-schema-graph\">{\"@context\":\"https:\\\/\\\/schema.org\",\"@graph\":[{\"@type\":\"WebPage\",\"@id\":\"https:\\\/\\\/saiga.es\\\/fr\\\/produit\\\/neudorff-loxiran-spray-antihormigas\\\/\",\"url\":\"https:\\\/\\\/saiga.es\\\/fr\\\/produit\\\/neudorff-loxiran-spray-antihormigas\\\/\",\"name\":\"Neudorff Loxiran Spray Antihormigas | SAIGA\",\"isPartOf\":{\"@id\":\"https:\\\/\\\/saiga.es\\\/fr\\\/#website\"},\"primaryImageOfPage\":{\"@id\":\"https:\\\/\\\/saiga.es\\\/fr\\\/produit\\\/neudorff-loxiran-spray-antihormigas\\\/#primaryimage\"},\"image\":{\"@id\":\"https:\\\/\\\/saiga.es\\\/fr\\\/produit\\\/neudorff-loxiran-spray-antihormigas\\\/#primaryimage\"},\"thumbnailUrl\":\"https:\\\/\\\/saiga.es\\\/wp-content\\\/uploads\\\/2024\\\/06\\\/Spray-antihormigas-Loxiran.jpg\",\"datePublished\":\"2024-06-12T15:30:42+00:00\",\"dateModified\":\"2025-12-09T14:11:35+00:00\",\"description\":\"Spray anti-fourmis Loxiran de Neudorff : \u00e9limination rapide et naturelle des fourmis \u00e0 l\u2019int\u00e9rieur comme \u00e0 l\u2019ext\u00e9rieur. Insecticide d\u2019origine v\u00e9g\u00e9tale, s\u00fbr et efficace.\",\"breadcrumb\":{\"@id\":\"https:\\\/\\\/saiga.es\\\/fr\\\/produit\\\/neudorff-loxiran-spray-antihormigas\\\/#breadcrumb\"},\"inLanguage\":\"fr-FR\",\"potentialAction\":[{\"@type\":\"ReadAction\",\"target\":[\"https:\\\/\\\/saiga.es\\\/fr\\\/produit\\\/neudorff-loxiran-spray-antihormigas\\\/\"]}]},{\"@type\":\"ImageObject\",\"inLanguage\":\"fr-FR\",\"@id\":\"https:\\\/\\\/saiga.es\\\/fr\\\/produit\\\/neudorff-loxiran-spray-antihormigas\\\/#primaryimage\",\"url\":\"https:\\\/\\\/saiga.es\\\/wp-content\\\/uploads\\\/2024\\\/06\\\/Spray-antihormigas-Loxiran.jpg\",\"contentUrl\":\"https:\\\/\\\/saiga.es\\\/wp-content\\\/uploads\\\/2024\\\/06\\\/Spray-antihormigas-Loxiran.jpg\",\"width\":1080,\"height\":1080,\"caption\":\"El Neudorff Loxiran Spray Antihormigas\"},{\"@type\":\"BreadcrumbList\",\"@id\":\"https:\\\/\\\/saiga.es\\\/fr\\\/produit\\\/neudorff-loxiran-spray-antihormigas\\\/#breadcrumb\",\"itemListElement\":[{\"@type\":\"ListItem\",\"position\":1,\"name\":\"Inici\",\"item\":\"https:\\\/\\\/saiga.es\\\/fr\\\/\"},{\"@type\":\"ListItem\",\"position\":2,\"name\":\"boutique\",\"item\":\"https:\\\/\\\/saiga.es\\\/fr\\\/boutique\\\/\"},{\"@type\":\"ListItem\",\"position\":3,\"name\":\"Neudorff Loxiran Spray Antihormigas\"}]},{\"@type\":\"WebSite\",\"@id\":\"https:\\\/\\\/saiga.es\\\/fr\\\/#website\",\"url\":\"https:\\\/\\\/saiga.es\\\/fr\\\/\",\"name\":\"SAIGA\",\"description\":\"M\u00e9s de 50 anys al servei de la terra i treballant per a un \u00fas eficient de l\u2019aigua!\",\"publisher\":{\"@id\":\"https:\\\/\\\/saiga.es\\\/fr\\\/#organization\"},\"potentialAction\":[{\"@type\":\"SearchAction\",\"target\":{\"@type\":\"EntryPoint\",\"urlTemplate\":\"https:\\\/\\\/saiga.es\\\/fr\\\/?s={search_term_string}\"},\"query-input\":{\"@type\":\"PropertyValueSpecification\",\"valueRequired\":true,\"valueName\":\"search_term_string\"}}],\"inLanguage\":\"fr-FR\"},{\"@type\":\"Organization\",\"@id\":\"https:\\\/\\\/saiga.es\\\/fr\\\/#organization\",\"name\":\"SAIGA\",\"url\":\"https:\\\/\\\/saiga.es\\\/fr\\\/\",\"logo\":{\"@type\":\"ImageObject\",\"inLanguage\":\"fr-FR\",\"@id\":\"https:\\\/\\\/saiga.es\\\/fr\\\/#\\\/schema\\\/logo\\\/image\\\/\",\"url\":\"https:\\\/\\\/saiga.es\\\/wp-content\\\/uploads\\\/2025\\\/07\\\/logo_saiga_baseline_optimitzat.svg\",\"contentUrl\":\"https:\\\/\\\/saiga.es\\\/wp-content\\\/uploads\\\/2025\\\/07\\\/logo_saiga_baseline_optimitzat.svg\",\"caption\":\"SAIGA\"},\"image\":{\"@id\":\"https:\\\/\\\/saiga.es\\\/fr\\\/#\\\/schema\\\/logo\\\/image\\\/\"},\"sameAs\":[\"https:\\\/\\\/x.com\\\/saiga_agro\",\"https:\\\/\\\/www.instagram.com\\\/saiga_agro\\\/\"]}]}<\/script>\n<!-- \/ Yoast SEO plugin. -->","yoast_head_json":{"title":"Neudorff Loxiran Spray Antihormigas | SAIGA","description":"Spray anti-fourmis Loxiran de Neudorff : \u00e9limination rapide et naturelle des fourmis \u00e0 l\u2019int\u00e9rieur comme \u00e0 l\u2019ext\u00e9rieur. Insecticide d\u2019origine v\u00e9g\u00e9tale, s\u00fbr et efficace.","robots":{"index":"index","follow":"follow","max-snippet":"max-snippet:-1","max-image-preview":"max-image-preview:large","max-video-preview":"max-video-preview:-1"},"canonical":"https:\/\/saiga.es\/fr\/produit\/neudorff-loxiran-spray-antihormigas\/","og_locale":"fr_FR","og_type":"article","og_title":"Neudorff Loxiran Spray Antihormigas | SAIGA","og_description":"Spray anti-fourmis Loxiran de Neudorff : \u00e9limination rapide et naturelle des fourmis \u00e0 l\u2019int\u00e9rieur comme \u00e0 l\u2019ext\u00e9rieur. Insecticide d\u2019origine v\u00e9g\u00e9tale, s\u00fbr et efficace.","og_url":"https:\/\/saiga.es\/fr\/produit\/neudorff-loxiran-spray-antihormigas\/","og_site_name":"SAIGA","article_modified_time":"2025-12-09T14:11:35+00:00","og_image":[{"width":1080,"height":1080,"url":"https:\/\/saiga.es\/wp-content\/uploads\/2024\/06\/Spray-antihormigas-Loxiran.jpg","type":"image\/jpeg"}],"twitter_card":"summary_large_image","twitter_site":"@saiga_agro","twitter_misc":{"Dur\u00e9e de lecture estim\u00e9e":"1 minute"},"schema":{"@context":"https:\/\/schema.org","@graph":[{"@type":"WebPage","@id":"https:\/\/saiga.es\/fr\/produit\/neudorff-loxiran-spray-antihormigas\/","url":"https:\/\/saiga.es\/fr\/produit\/neudorff-loxiran-spray-antihormigas\/","name":"Neudorff Loxiran Spray Antihormigas | SAIGA","isPartOf":{"@id":"https:\/\/saiga.es\/fr\/#website"},"primaryImageOfPage":{"@id":"https:\/\/saiga.es\/fr\/produit\/neudorff-loxiran-spray-antihormigas\/#primaryimage"},"image":{"@id":"https:\/\/saiga.es\/fr\/produit\/neudorff-loxiran-spray-antihormigas\/#primaryimage"},"thumbnailUrl":"https:\/\/saiga.es\/wp-content\/uploads\/2024\/06\/Spray-antihormigas-Loxiran.jpg","datePublished":"2024-06-12T15:30:42+00:00","dateModified":"2025-12-09T14:11:35+00:00","description":"Spray anti-fourmis Loxiran de Neudorff : \u00e9limination rapide et naturelle des fourmis \u00e0 l\u2019int\u00e9rieur comme \u00e0 l\u2019ext\u00e9rieur. Insecticide d\u2019origine v\u00e9g\u00e9tale, s\u00fbr et efficace.","breadcrumb":{"@id":"https:\/\/saiga.es\/fr\/produit\/neudorff-loxiran-spray-antihormigas\/#breadcrumb"},"inLanguage":"fr-FR","potentialAction":[{"@type":"ReadAction","target":["https:\/\/saiga.es\/fr\/produit\/neudorff-loxiran-spray-antihormigas\/"]}]},{"@type":"ImageObject","inLanguage":"fr-FR","@id":"https:\/\/saiga.es\/fr\/produit\/neudorff-loxiran-spray-antihormigas\/#primaryimage","url":"https:\/\/saiga.es\/wp-content\/uploads\/2024\/06\/Spray-antihormigas-Loxiran.jpg","contentUrl":"https:\/\/saiga.es\/wp-content\/uploads\/2024\/06\/Spray-antihormigas-Loxiran.jpg","width":1080,"height":1080,"caption":"El Neudorff Loxiran Spray Antihormigas"},{"@type":"BreadcrumbList","@id":"https:\/\/saiga.es\/fr\/produit\/neudorff-loxiran-spray-antihormigas\/#breadcrumb","itemListElement":[{"@type":"ListItem","position":1,"name":"Inici","item":"https:\/\/saiga.es\/fr\/"},{"@type":"ListItem","position":2,"name":"boutique","item":"https:\/\/saiga.es\/fr\/boutique\/"},{"@type":"ListItem","position":3,"name":"Neudorff Loxiran Spray Antihormigas"}]},{"@type":"WebSite","@id":"https:\/\/saiga.es\/fr\/#website","url":"https:\/\/saiga.es\/fr\/","name":"SAIGA","description":"M\u00e9s de 50 anys al servei de la terra i treballant per a un \u00fas eficient de l\u2019aigua!","publisher":{"@id":"https:\/\/saiga.es\/fr\/#organization"},"potentialAction":[{"@type":"SearchAction","target":{"@type":"EntryPoint","urlTemplate":"https:\/\/saiga.es\/fr\/?s={search_term_string}"},"query-input":{"@type":"PropertyValueSpecification","valueRequired":true,"valueName":"search_term_string"}}],"inLanguage":"fr-FR"},{"@type":"Organization","@id":"https:\/\/saiga.es\/fr\/#organization","name":"SAIGA","url":"https:\/\/saiga.es\/fr\/","logo":{"@type":"ImageObject","inLanguage":"fr-FR","@id":"https:\/\/saiga.es\/fr\/#\/schema\/logo\/image\/","url":"https:\/\/saiga.es\/wp-content\/uploads\/2025\/07\/logo_saiga_baseline_optimitzat.svg","contentUrl":"https:\/\/saiga.es\/wp-content\/uploads\/2025\/07\/logo_saiga_baseline_optimitzat.svg","caption":"SAIGA"},"image":{"@id":"https:\/\/saiga.es\/fr\/#\/schema\/logo\/image\/"},"sameAs":["https:\/\/x.com\/saiga_agro","https:\/\/www.instagram.com\/saiga_agro\/"]}]}},"_links":{"self":[{"href":"https:\/\/saiga.es\/fr\/wp-json\/wp\/v2\/product\/17607","targetHints":{"allow":["GET"]}}],"collection":[{"href":"https:\/\/saiga.es\/fr\/wp-json\/wp\/v2\/product"}],"about":[{"href":"https:\/\/saiga.es\/fr\/wp-json\/wp\/v2\/types\/product"}],"replies":[{"embeddable":true,"href":"https:\/\/saiga.es\/fr\/wp-json\/wp\/v2\/comments?post=17607"}],"wp:featuredmedia":[{"embeddable":true,"href":"https:\/\/saiga.es\/fr\/wp-json\/wp\/v2\/media\/17604"}],"wp:attachment":[{"href":"https:\/\/saiga.es\/fr\/wp-json\/wp\/v2\/media?parent=17607"}],"wp:term":[{"taxonomy":"product_brand","embeddable":true,"href":"https:\/\/saiga.es\/fr\/wp-json\/wp\/v2\/product_brand?post=17607"},{"taxonomy":"product_cat","embeddable":true,"href":"https:\/\/saiga.es\/fr\/wp-json\/wp\/v2\/product_cat?post=17607"},{"taxonomy":"product_tag","embeddable":true,"href":"https:\/\/saiga.es\/fr\/wp-json\/wp\/v2\/product_tag?post=17607"}],"curies":[{"name":"wp","href":"https:\/\/api.w.org\/{rel}","templated":true}]}}