{"id":17627,"date":"2025-12-05T13:09:23","date_gmt":"2025-12-05T13:09:23","guid":{"rendered":"https:\/\/saiga.es\/producte\/quelato-de-hierro\/"},"modified":"2025-12-05T13:09:23","modified_gmt":"2025-12-05T13:09:23","slug":"quelato-de-hierro","status":"publish","type":"product","link":"https:\/\/saiga.es\/fr\/produit\/quelato-de-hierro\/","title":{"rendered":"Quelato de hierro"},"content":{"rendered":"<p>VITHAL Quelato de Hierro Nitrosphere est un correcteur de fer microgranulaire destin\u00e9 \u00e0 lutter contre la chlorose ferrique caus\u00e9e par le manque de fer assimilable dans le sol.<\/p>\n<p>Sa formule est \u00e0 base de fer ch\u00e9lat\u00e9 par l&rsquo;EDDHA. Elle garantit une action rapide et favorise une couleur verte intense et visible des feuilles. <\/p>\n<p>Il contient 6 % de fer (Fe), et son format microgranulaire facilite l&rsquo;application directe sur le sol ou m\u00e9lang\u00e9 \u00e0 l&rsquo;eau, permettant une assimilation rapide par les racines sans avoir besoin de traitements compliqu\u00e9s.<\/p>\n<p>Le ch\u00e9late de fer est id\u00e9al pour tous les types de cultures \u2014 agrumes, arbres fruitiers, cultures horticoles, plantes ornementales \u2014 et particuli\u00e8rement recommand\u00e9 dans les sols calcaires ou les sols pauvres en fer assimilable, o\u00f9 une carence provoque le jaunissement ou le p\u00e2leur des feuilles.<\/p>\n<h3>Principaux avantages<\/h3>\n<ul>\n<li>Correction rapide de la chlorose ferrique et r\u00e9tablissement de la couleur verte naturelle des feuilles.<\/li>\n<li>Fer ch\u00e9lat\u00e9 hautement biodisponible pour les plantes \u2014 haute efficacit\u00e9 et assimilation ind\u00e9pendantes du pH du sol.<\/li>\n<li>Application simple : microgranul\u00e9, facile \u00e0 m\u00e9langer ou \u00e0 appliquer directement sur le sol.<\/li>\n<li>Utile pour une grande vari\u00e9t\u00e9 de cultures : arbres fruitiers, l\u00e9gumes, plantes ornementales, agrumes\u2026<\/li>\n<\/ul>\n","protected":false},"excerpt":{"rendered":"<p>VITHAL Quelato de Hierro Nitrosphere est un correcteur de fer microgranulaire destin\u00e9 \u00e0 lutter contre la chlorose ferrique caus\u00e9e par le manque de fer assimilable dans le sol.<\/p>\n","protected":false},"featured_media":17593,"comment_status":"closed","ping_status":"closed","template":"","meta":[],"product_brand":[],"product_cat":[1878,1898,425],"product_tag":[],"class_list":{"0":"post-17627","1":"product","2":"type-product","3":"status-publish","4":"has-post-thumbnail","6":"product_cat-engrais-et-engrais","7":"product_cat-plantes-ornementales","8":"product_cat-potager","10":"first","11":"instock","12":"taxable","13":"shipping-taxable","14":"purchasable","15":"product-type-simple"},"yoast_head":"<!-- This site is optimized with the Yoast SEO plugin v27.6 - https:\/\/yoast.com\/product\/yoast-seo-wordpress\/ -->\n<title>Quelato de hierro | SAIGA<\/title>\n<meta name=\"description\" content=\"VITHAL Quelato de Hierro corrector de ferro per evitar la clorosi f\u00e9rrica. Recupera el verd de les fulles en c\u00edtrics, fruiters, hort\u00edcoles i ornamentals.\" \/>\n<meta name=\"robots\" content=\"index, follow, max-snippet:-1, max-image-preview:large, max-video-preview:-1\" \/>\n<link rel=\"canonical\" href=\"https:\/\/saiga.es\/fr\/produit\/quelato-de-hierro\/\" \/>\n<meta property=\"og:locale\" content=\"fr_FR\" \/>\n<meta property=\"og:type\" content=\"article\" \/>\n<meta property=\"og:title\" content=\"Quelato de hierro | SAIGA\" \/>\n<meta property=\"og:description\" content=\"VITHAL Quelato de Hierro corrector de ferro per evitar la clorosi f\u00e9rrica. Recupera el verd de les fulles en c\u00edtrics, fruiters, hort\u00edcoles i ornamentals.\" \/>\n<meta property=\"og:url\" content=\"https:\/\/saiga.es\/fr\/produit\/quelato-de-hierro\/\" \/>\n<meta property=\"og:site_name\" content=\"SAIGA\" \/>\n<meta property=\"og:image\" content=\"https:\/\/saiga.es\/wp-content\/uploads\/2025\/12\/Quelato-de-hierro-Vithal.jpg\" \/>\n\t<meta property=\"og:image:width\" content=\"1080\" \/>\n\t<meta property=\"og:image:height\" content=\"1080\" \/>\n\t<meta property=\"og:image:type\" content=\"image\/jpeg\" \/>\n<meta name=\"twitter:card\" content=\"summary_large_image\" \/>\n<meta name=\"twitter:site\" content=\"@saiga_agro\" \/>\n<meta name=\"twitter:label1\" content=\"Dur\u00e9e de lecture estim\u00e9e\" \/>\n\t<meta name=\"twitter:data1\" content=\"1 minute\" \/>\n<script type=\"application\/ld+json\" class=\"yoast-schema-graph\">{\"@context\":\"https:\\\/\\\/schema.org\",\"@graph\":[{\"@type\":\"WebPage\",\"@id\":\"https:\\\/\\\/saiga.es\\\/fr\\\/produit\\\/quelato-de-hierro\\\/\",\"url\":\"https:\\\/\\\/saiga.es\\\/fr\\\/produit\\\/quelato-de-hierro\\\/\",\"name\":\"Quelato de hierro | SAIGA\",\"isPartOf\":{\"@id\":\"https:\\\/\\\/saiga.es\\\/fr\\\/#website\"},\"primaryImageOfPage\":{\"@id\":\"https:\\\/\\\/saiga.es\\\/fr\\\/produit\\\/quelato-de-hierro\\\/#primaryimage\"},\"image\":{\"@id\":\"https:\\\/\\\/saiga.es\\\/fr\\\/produit\\\/quelato-de-hierro\\\/#primaryimage\"},\"thumbnailUrl\":\"https:\\\/\\\/saiga.es\\\/wp-content\\\/uploads\\\/2025\\\/12\\\/Quelato-de-hierro-Vithal.jpg\",\"datePublished\":\"2025-12-05T13:09:23+00:00\",\"description\":\"VITHAL Quelato de Hierro corrector de ferro per evitar la clorosi f\u00e9rrica. Recupera el verd de les fulles en c\u00edtrics, fruiters, hort\u00edcoles i ornamentals.\",\"breadcrumb\":{\"@id\":\"https:\\\/\\\/saiga.es\\\/fr\\\/produit\\\/quelato-de-hierro\\\/#breadcrumb\"},\"inLanguage\":\"fr-FR\",\"potentialAction\":[{\"@type\":\"ReadAction\",\"target\":[\"https:\\\/\\\/saiga.es\\\/fr\\\/produit\\\/quelato-de-hierro\\\/\"]}]},{\"@type\":\"ImageObject\",\"inLanguage\":\"fr-FR\",\"@id\":\"https:\\\/\\\/saiga.es\\\/fr\\\/produit\\\/quelato-de-hierro\\\/#primaryimage\",\"url\":\"https:\\\/\\\/saiga.es\\\/wp-content\\\/uploads\\\/2025\\\/12\\\/Quelato-de-hierro-Vithal.jpg\",\"contentUrl\":\"https:\\\/\\\/saiga.es\\\/wp-content\\\/uploads\\\/2025\\\/12\\\/Quelato-de-hierro-Vithal.jpg\",\"width\":1080,\"height\":1080,\"caption\":\"Quelat de Hierro de Vithal\"},{\"@type\":\"BreadcrumbList\",\"@id\":\"https:\\\/\\\/saiga.es\\\/fr\\\/produit\\\/quelato-de-hierro\\\/#breadcrumb\",\"itemListElement\":[{\"@type\":\"ListItem\",\"position\":1,\"name\":\"Inici\",\"item\":\"https:\\\/\\\/saiga.es\\\/fr\\\/\"},{\"@type\":\"ListItem\",\"position\":2,\"name\":\"boutique\",\"item\":\"https:\\\/\\\/saiga.es\\\/fr\\\/boutique\\\/\"},{\"@type\":\"ListItem\",\"position\":3,\"name\":\"Quelato de hierro\"}]},{\"@type\":\"WebSite\",\"@id\":\"https:\\\/\\\/saiga.es\\\/fr\\\/#website\",\"url\":\"https:\\\/\\\/saiga.es\\\/fr\\\/\",\"name\":\"SAIGA\",\"description\":\"M\u00e9s de 50 anys al servei de la terra i treballant per a un \u00fas eficient de l\u2019aigua!\",\"publisher\":{\"@id\":\"https:\\\/\\\/saiga.es\\\/fr\\\/#organization\"},\"potentialAction\":[{\"@type\":\"SearchAction\",\"target\":{\"@type\":\"EntryPoint\",\"urlTemplate\":\"https:\\\/\\\/saiga.es\\\/fr\\\/?s={search_term_string}\"},\"query-input\":{\"@type\":\"PropertyValueSpecification\",\"valueRequired\":true,\"valueName\":\"search_term_string\"}}],\"inLanguage\":\"fr-FR\"},{\"@type\":\"Organization\",\"@id\":\"https:\\\/\\\/saiga.es\\\/fr\\\/#organization\",\"name\":\"SAIGA\",\"url\":\"https:\\\/\\\/saiga.es\\\/fr\\\/\",\"logo\":{\"@type\":\"ImageObject\",\"inLanguage\":\"fr-FR\",\"@id\":\"https:\\\/\\\/saiga.es\\\/fr\\\/#\\\/schema\\\/logo\\\/image\\\/\",\"url\":\"https:\\\/\\\/saiga.es\\\/wp-content\\\/uploads\\\/2025\\\/07\\\/logo_saiga_baseline_optimitzat.svg\",\"contentUrl\":\"https:\\\/\\\/saiga.es\\\/wp-content\\\/uploads\\\/2025\\\/07\\\/logo_saiga_baseline_optimitzat.svg\",\"caption\":\"SAIGA\"},\"image\":{\"@id\":\"https:\\\/\\\/saiga.es\\\/fr\\\/#\\\/schema\\\/logo\\\/image\\\/\"},\"sameAs\":[\"https:\\\/\\\/x.com\\\/saiga_agro\",\"https:\\\/\\\/www.instagram.com\\\/saiga_agro\\\/\"]}]}<\/script>\n<!-- \/ Yoast SEO plugin. -->","yoast_head_json":{"title":"Quelato de hierro | SAIGA","description":"VITHAL Quelato de Hierro corrector de ferro per evitar la clorosi f\u00e9rrica. Recupera el verd de les fulles en c\u00edtrics, fruiters, hort\u00edcoles i ornamentals.","robots":{"index":"index","follow":"follow","max-snippet":"max-snippet:-1","max-image-preview":"max-image-preview:large","max-video-preview":"max-video-preview:-1"},"canonical":"https:\/\/saiga.es\/fr\/produit\/quelato-de-hierro\/","og_locale":"fr_FR","og_type":"article","og_title":"Quelato de hierro | SAIGA","og_description":"VITHAL Quelato de Hierro corrector de ferro per evitar la clorosi f\u00e9rrica. Recupera el verd de les fulles en c\u00edtrics, fruiters, hort\u00edcoles i ornamentals.","og_url":"https:\/\/saiga.es\/fr\/produit\/quelato-de-hierro\/","og_site_name":"SAIGA","og_image":[{"width":1080,"height":1080,"url":"https:\/\/saiga.es\/wp-content\/uploads\/2025\/12\/Quelato-de-hierro-Vithal.jpg","type":"image\/jpeg"}],"twitter_card":"summary_large_image","twitter_site":"@saiga_agro","twitter_misc":{"Dur\u00e9e de lecture estim\u00e9e":"1 minute"},"schema":{"@context":"https:\/\/schema.org","@graph":[{"@type":"WebPage","@id":"https:\/\/saiga.es\/fr\/produit\/quelato-de-hierro\/","url":"https:\/\/saiga.es\/fr\/produit\/quelato-de-hierro\/","name":"Quelato de hierro | SAIGA","isPartOf":{"@id":"https:\/\/saiga.es\/fr\/#website"},"primaryImageOfPage":{"@id":"https:\/\/saiga.es\/fr\/produit\/quelato-de-hierro\/#primaryimage"},"image":{"@id":"https:\/\/saiga.es\/fr\/produit\/quelato-de-hierro\/#primaryimage"},"thumbnailUrl":"https:\/\/saiga.es\/wp-content\/uploads\/2025\/12\/Quelato-de-hierro-Vithal.jpg","datePublished":"2025-12-05T13:09:23+00:00","description":"VITHAL Quelato de Hierro corrector de ferro per evitar la clorosi f\u00e9rrica. Recupera el verd de les fulles en c\u00edtrics, fruiters, hort\u00edcoles i ornamentals.","breadcrumb":{"@id":"https:\/\/saiga.es\/fr\/produit\/quelato-de-hierro\/#breadcrumb"},"inLanguage":"fr-FR","potentialAction":[{"@type":"ReadAction","target":["https:\/\/saiga.es\/fr\/produit\/quelato-de-hierro\/"]}]},{"@type":"ImageObject","inLanguage":"fr-FR","@id":"https:\/\/saiga.es\/fr\/produit\/quelato-de-hierro\/#primaryimage","url":"https:\/\/saiga.es\/wp-content\/uploads\/2025\/12\/Quelato-de-hierro-Vithal.jpg","contentUrl":"https:\/\/saiga.es\/wp-content\/uploads\/2025\/12\/Quelato-de-hierro-Vithal.jpg","width":1080,"height":1080,"caption":"Quelat de Hierro de Vithal"},{"@type":"BreadcrumbList","@id":"https:\/\/saiga.es\/fr\/produit\/quelato-de-hierro\/#breadcrumb","itemListElement":[{"@type":"ListItem","position":1,"name":"Inici","item":"https:\/\/saiga.es\/fr\/"},{"@type":"ListItem","position":2,"name":"boutique","item":"https:\/\/saiga.es\/fr\/boutique\/"},{"@type":"ListItem","position":3,"name":"Quelato de hierro"}]},{"@type":"WebSite","@id":"https:\/\/saiga.es\/fr\/#website","url":"https:\/\/saiga.es\/fr\/","name":"SAIGA","description":"M\u00e9s de 50 anys al servei de la terra i treballant per a un \u00fas eficient de l\u2019aigua!","publisher":{"@id":"https:\/\/saiga.es\/fr\/#organization"},"potentialAction":[{"@type":"SearchAction","target":{"@type":"EntryPoint","urlTemplate":"https:\/\/saiga.es\/fr\/?s={search_term_string}"},"query-input":{"@type":"PropertyValueSpecification","valueRequired":true,"valueName":"search_term_string"}}],"inLanguage":"fr-FR"},{"@type":"Organization","@id":"https:\/\/saiga.es\/fr\/#organization","name":"SAIGA","url":"https:\/\/saiga.es\/fr\/","logo":{"@type":"ImageObject","inLanguage":"fr-FR","@id":"https:\/\/saiga.es\/fr\/#\/schema\/logo\/image\/","url":"https:\/\/saiga.es\/wp-content\/uploads\/2025\/07\/logo_saiga_baseline_optimitzat.svg","contentUrl":"https:\/\/saiga.es\/wp-content\/uploads\/2025\/07\/logo_saiga_baseline_optimitzat.svg","caption":"SAIGA"},"image":{"@id":"https:\/\/saiga.es\/fr\/#\/schema\/logo\/image\/"},"sameAs":["https:\/\/x.com\/saiga_agro","https:\/\/www.instagram.com\/saiga_agro\/"]}]}},"_links":{"self":[{"href":"https:\/\/saiga.es\/fr\/wp-json\/wp\/v2\/product\/17627","targetHints":{"allow":["GET"]}}],"collection":[{"href":"https:\/\/saiga.es\/fr\/wp-json\/wp\/v2\/product"}],"about":[{"href":"https:\/\/saiga.es\/fr\/wp-json\/wp\/v2\/types\/product"}],"replies":[{"embeddable":true,"href":"https:\/\/saiga.es\/fr\/wp-json\/wp\/v2\/comments?post=17627"}],"wp:featuredmedia":[{"embeddable":true,"href":"https:\/\/saiga.es\/fr\/wp-json\/wp\/v2\/media\/17593"}],"wp:attachment":[{"href":"https:\/\/saiga.es\/fr\/wp-json\/wp\/v2\/media?parent=17627"}],"wp:term":[{"taxonomy":"product_brand","embeddable":true,"href":"https:\/\/saiga.es\/fr\/wp-json\/wp\/v2\/product_brand?post=17627"},{"taxonomy":"product_cat","embeddable":true,"href":"https:\/\/saiga.es\/fr\/wp-json\/wp\/v2\/product_cat?post=17627"},{"taxonomy":"product_tag","embeddable":true,"href":"https:\/\/saiga.es\/fr\/wp-json\/wp\/v2\/product_tag?post=17627"}],"curies":[{"name":"wp","href":"https:\/\/api.w.org\/{rel}","templated":true}]}}