{"id":17648,"date":"2025-05-06T10:57:18","date_gmt":"2025-05-06T10:57:18","guid":{"rendered":"https:\/\/saiga.es\/producte\/jardiniere-a-legumes-renforcee\/"},"modified":"2025-05-06T10:57:18","modified_gmt":"2025-05-06T10:57:18","slug":"jardiniere-a-legumes-renforcee","status":"publish","type":"product","link":"https:\/\/saiga.es\/fr\/produit\/jardiniere-a-legumes-renforcee\/","title":{"rendered":"Jardini\u00e8re \u00e0 l\u00e9gumes renforc\u00e9e"},"content":{"rendered":"<p>&nbsp;<\/p>\n<p>Planteur \u00e0 double poign\u00e9e avec pointe renforc\u00e9e. Outil de jardinage pratique et durable, con\u00e7u pour faciliter la plantation de bulbes, de graines ou de jeunes plants dans les sols durs ou compact\u00e9s. Le planteur \u00e0 double poign\u00e9e offre un contr\u00f4le optimal et un confort accru gr\u00e2ce \u00e0 ses deux poign\u00e9es ergonomiques, permettant une application pr\u00e9cise et sans effort. La pointe renforc\u00e9e assure une p\u00e9n\u00e9tration facile dans le sol et une durabilit\u00e9 sup\u00e9rieure, m\u00eame dans des conditions difficiles. Id\u00e9al pour les jardiniers amateurs et professionnels \u00e0 la recherche d&rsquo;un outil fiable, efficace et confortable.   <\/p>\n<p>&nbsp;<\/p>\n","protected":false},"excerpt":{"rendered":"<p>Outil de jardinage pratique et r\u00e9sistant, con\u00e7u pour faciliter la plantation de bulbes, de graines ou de jeunes plants dans un sol dur ou compact\u00e9.<\/p>\n","protected":false},"featured_media":14731,"comment_status":"closed","ping_status":"closed","template":"","meta":[],"product_brand":[2243],"product_cat":[1635],"product_tag":[2338,507],"class_list":{"0":"post-17648","1":"product","2":"type-product","3":"status-publish","4":"has-post-thumbnail","6":"product_brand-sirfran-fr","7":"product_cat-autres","8":"product_tag-planteur","9":"product_tag-potager","11":"first","12":"instock","13":"taxable","14":"shipping-taxable","15":"purchasable","16":"product-type-simple"},"yoast_head":"<!-- This site is optimized with the Yoast SEO plugin v27.4 - https:\/\/yoast.com\/product\/yoast-seo-wordpress\/ -->\n<title>Jardini\u00e8re \u00e0 l\u00e9gumes renforc\u00e9e | SAIGA<\/title>\n<meta name=\"description\" content=\"Planteuse \u00e0 double poign\u00e9e avec embout renforc\u00e9. Outil de jardinage pratique et r\u00e9sistant, con\u00e7u pour faciliter la plantation de bulbes, de graines ou de jeunes plants dans un sol dur ou compact\u00e9.\" \/>\n<meta name=\"robots\" content=\"index, follow, max-snippet:-1, max-image-preview:large, max-video-preview:-1\" \/>\n<link rel=\"canonical\" href=\"https:\/\/saiga.es\/fr\/produit\/jardiniere-a-legumes-renforcee\/\" \/>\n<meta property=\"og:locale\" content=\"fr_FR\" \/>\n<meta property=\"og:type\" content=\"article\" \/>\n<meta property=\"og:title\" content=\"Jardini\u00e8re \u00e0 l\u00e9gumes renforc\u00e9e | SAIGA\" \/>\n<meta property=\"og:description\" content=\"Planteuse \u00e0 double poign\u00e9e avec embout renforc\u00e9. Outil de jardinage pratique et r\u00e9sistant, con\u00e7u pour faciliter la plantation de bulbes, de graines ou de jeunes plants dans un sol dur ou compact\u00e9.\" \/>\n<meta property=\"og:url\" content=\"https:\/\/saiga.es\/fr\/produit\/jardiniere-a-legumes-renforcee\/\" \/>\n<meta property=\"og:site_name\" content=\"SAIGA\" \/>\n<meta property=\"og:image\" content=\"https:\/\/saiga.es\/wp-content\/uploads\/2025\/05\/Plantadora-Sirfran.jpg\" \/>\n\t<meta property=\"og:image:width\" content=\"1080\" \/>\n\t<meta property=\"og:image:height\" content=\"1080\" \/>\n\t<meta property=\"og:image:type\" content=\"image\/jpeg\" \/>\n<meta name=\"twitter:card\" content=\"summary_large_image\" \/>\n<meta name=\"twitter:site\" content=\"@saiga_agro\" \/>\n<meta name=\"twitter:label1\" content=\"Dur\u00e9e de lecture estim\u00e9e\" \/>\n\t<meta name=\"twitter:data1\" content=\"1 minute\" \/>\n<script type=\"application\/ld+json\" class=\"yoast-schema-graph\">{\"@context\":\"https:\\\/\\\/schema.org\",\"@graph\":[{\"@type\":\"WebPage\",\"@id\":\"https:\\\/\\\/saiga.es\\\/fr\\\/produit\\\/jardiniere-a-legumes-renforcee\\\/\",\"url\":\"https:\\\/\\\/saiga.es\\\/fr\\\/produit\\\/jardiniere-a-legumes-renforcee\\\/\",\"name\":\"Jardini\u00e8re \u00e0 l\u00e9gumes renforc\u00e9e | SAIGA\",\"isPartOf\":{\"@id\":\"https:\\\/\\\/saiga.es\\\/fr\\\/#website\"},\"primaryImageOfPage\":{\"@id\":\"https:\\\/\\\/saiga.es\\\/fr\\\/produit\\\/jardiniere-a-legumes-renforcee\\\/#primaryimage\"},\"image\":{\"@id\":\"https:\\\/\\\/saiga.es\\\/fr\\\/produit\\\/jardiniere-a-legumes-renforcee\\\/#primaryimage\"},\"thumbnailUrl\":\"https:\\\/\\\/saiga.es\\\/wp-content\\\/uploads\\\/2025\\\/05\\\/Plantadora-Sirfran.jpg\",\"datePublished\":\"2025-05-06T10:57:18+00:00\",\"description\":\"Planteuse \u00e0 double poign\u00e9e avec embout renforc\u00e9. Outil de jardinage pratique et r\u00e9sistant, con\u00e7u pour faciliter la plantation de bulbes, de graines ou de jeunes plants dans un sol dur ou compact\u00e9.\",\"breadcrumb\":{\"@id\":\"https:\\\/\\\/saiga.es\\\/fr\\\/produit\\\/jardiniere-a-legumes-renforcee\\\/#breadcrumb\"},\"inLanguage\":\"fr-FR\",\"potentialAction\":[{\"@type\":\"ReadAction\",\"target\":[\"https:\\\/\\\/saiga.es\\\/fr\\\/produit\\\/jardiniere-a-legumes-renforcee\\\/\"]}]},{\"@type\":\"ImageObject\",\"inLanguage\":\"fr-FR\",\"@id\":\"https:\\\/\\\/saiga.es\\\/fr\\\/produit\\\/jardiniere-a-legumes-renforcee\\\/#primaryimage\",\"url\":\"https:\\\/\\\/saiga.es\\\/wp-content\\\/uploads\\\/2025\\\/05\\\/Plantadora-Sirfran.jpg\",\"contentUrl\":\"https:\\\/\\\/saiga.es\\\/wp-content\\\/uploads\\\/2025\\\/05\\\/Plantadora-Sirfran.jpg\",\"width\":1080,\"height\":1080,\"caption\":\"Jardini\u00e8re Sirfran\"},{\"@type\":\"BreadcrumbList\",\"@id\":\"https:\\\/\\\/saiga.es\\\/fr\\\/produit\\\/jardiniere-a-legumes-renforcee\\\/#breadcrumb\",\"itemListElement\":[{\"@type\":\"ListItem\",\"position\":1,\"name\":\"Inici\",\"item\":\"https:\\\/\\\/saiga.es\\\/fr\\\/\"},{\"@type\":\"ListItem\",\"position\":2,\"name\":\"boutique\",\"item\":\"https:\\\/\\\/saiga.es\\\/fr\\\/boutique\\\/\"},{\"@type\":\"ListItem\",\"position\":3,\"name\":\"Jardini\u00e8re \u00e0 l\u00e9gumes renforc\u00e9e\"}]},{\"@type\":\"WebSite\",\"@id\":\"https:\\\/\\\/saiga.es\\\/fr\\\/#website\",\"url\":\"https:\\\/\\\/saiga.es\\\/fr\\\/\",\"name\":\"SAIGA\",\"description\":\"M\u00e9s de 50 anys al servei de la terra i treballant per a un \u00fas eficient de l\u2019aigua!\",\"publisher\":{\"@id\":\"https:\\\/\\\/saiga.es\\\/fr\\\/#organization\"},\"potentialAction\":[{\"@type\":\"SearchAction\",\"target\":{\"@type\":\"EntryPoint\",\"urlTemplate\":\"https:\\\/\\\/saiga.es\\\/fr\\\/?s={search_term_string}\"},\"query-input\":{\"@type\":\"PropertyValueSpecification\",\"valueRequired\":true,\"valueName\":\"search_term_string\"}}],\"inLanguage\":\"fr-FR\"},{\"@type\":\"Organization\",\"@id\":\"https:\\\/\\\/saiga.es\\\/fr\\\/#organization\",\"name\":\"SAIGA\",\"url\":\"https:\\\/\\\/saiga.es\\\/fr\\\/\",\"logo\":{\"@type\":\"ImageObject\",\"inLanguage\":\"fr-FR\",\"@id\":\"https:\\\/\\\/saiga.es\\\/fr\\\/#\\\/schema\\\/logo\\\/image\\\/\",\"url\":\"https:\\\/\\\/saiga.es\\\/wp-content\\\/uploads\\\/2025\\\/07\\\/logo_saiga_baseline_optimitzat.svg\",\"contentUrl\":\"https:\\\/\\\/saiga.es\\\/wp-content\\\/uploads\\\/2025\\\/07\\\/logo_saiga_baseline_optimitzat.svg\",\"caption\":\"SAIGA\"},\"image\":{\"@id\":\"https:\\\/\\\/saiga.es\\\/fr\\\/#\\\/schema\\\/logo\\\/image\\\/\"},\"sameAs\":[\"https:\\\/\\\/x.com\\\/saiga_agro\",\"https:\\\/\\\/www.instagram.com\\\/saiga_agro\\\/\"]}]}<\/script>\n<!-- \/ Yoast SEO plugin. -->","yoast_head_json":{"title":"Jardini\u00e8re \u00e0 l\u00e9gumes renforc\u00e9e | SAIGA","description":"Planteuse \u00e0 double poign\u00e9e avec embout renforc\u00e9. Outil de jardinage pratique et r\u00e9sistant, con\u00e7u pour faciliter la plantation de bulbes, de graines ou de jeunes plants dans un sol dur ou compact\u00e9.","robots":{"index":"index","follow":"follow","max-snippet":"max-snippet:-1","max-image-preview":"max-image-preview:large","max-video-preview":"max-video-preview:-1"},"canonical":"https:\/\/saiga.es\/fr\/produit\/jardiniere-a-legumes-renforcee\/","og_locale":"fr_FR","og_type":"article","og_title":"Jardini\u00e8re \u00e0 l\u00e9gumes renforc\u00e9e | SAIGA","og_description":"Planteuse \u00e0 double poign\u00e9e avec embout renforc\u00e9. Outil de jardinage pratique et r\u00e9sistant, con\u00e7u pour faciliter la plantation de bulbes, de graines ou de jeunes plants dans un sol dur ou compact\u00e9.","og_url":"https:\/\/saiga.es\/fr\/produit\/jardiniere-a-legumes-renforcee\/","og_site_name":"SAIGA","og_image":[{"width":1080,"height":1080,"url":"https:\/\/saiga.es\/wp-content\/uploads\/2025\/05\/Plantadora-Sirfran.jpg","type":"image\/jpeg"}],"twitter_card":"summary_large_image","twitter_site":"@saiga_agro","twitter_misc":{"Dur\u00e9e de lecture estim\u00e9e":"1 minute"},"schema":{"@context":"https:\/\/schema.org","@graph":[{"@type":"WebPage","@id":"https:\/\/saiga.es\/fr\/produit\/jardiniere-a-legumes-renforcee\/","url":"https:\/\/saiga.es\/fr\/produit\/jardiniere-a-legumes-renforcee\/","name":"Jardini\u00e8re \u00e0 l\u00e9gumes renforc\u00e9e | SAIGA","isPartOf":{"@id":"https:\/\/saiga.es\/fr\/#website"},"primaryImageOfPage":{"@id":"https:\/\/saiga.es\/fr\/produit\/jardiniere-a-legumes-renforcee\/#primaryimage"},"image":{"@id":"https:\/\/saiga.es\/fr\/produit\/jardiniere-a-legumes-renforcee\/#primaryimage"},"thumbnailUrl":"https:\/\/saiga.es\/wp-content\/uploads\/2025\/05\/Plantadora-Sirfran.jpg","datePublished":"2025-05-06T10:57:18+00:00","description":"Planteuse \u00e0 double poign\u00e9e avec embout renforc\u00e9. Outil de jardinage pratique et r\u00e9sistant, con\u00e7u pour faciliter la plantation de bulbes, de graines ou de jeunes plants dans un sol dur ou compact\u00e9.","breadcrumb":{"@id":"https:\/\/saiga.es\/fr\/produit\/jardiniere-a-legumes-renforcee\/#breadcrumb"},"inLanguage":"fr-FR","potentialAction":[{"@type":"ReadAction","target":["https:\/\/saiga.es\/fr\/produit\/jardiniere-a-legumes-renforcee\/"]}]},{"@type":"ImageObject","inLanguage":"fr-FR","@id":"https:\/\/saiga.es\/fr\/produit\/jardiniere-a-legumes-renforcee\/#primaryimage","url":"https:\/\/saiga.es\/wp-content\/uploads\/2025\/05\/Plantadora-Sirfran.jpg","contentUrl":"https:\/\/saiga.es\/wp-content\/uploads\/2025\/05\/Plantadora-Sirfran.jpg","width":1080,"height":1080,"caption":"Jardini\u00e8re Sirfran"},{"@type":"BreadcrumbList","@id":"https:\/\/saiga.es\/fr\/produit\/jardiniere-a-legumes-renforcee\/#breadcrumb","itemListElement":[{"@type":"ListItem","position":1,"name":"Inici","item":"https:\/\/saiga.es\/fr\/"},{"@type":"ListItem","position":2,"name":"boutique","item":"https:\/\/saiga.es\/fr\/boutique\/"},{"@type":"ListItem","position":3,"name":"Jardini\u00e8re \u00e0 l\u00e9gumes renforc\u00e9e"}]},{"@type":"WebSite","@id":"https:\/\/saiga.es\/fr\/#website","url":"https:\/\/saiga.es\/fr\/","name":"SAIGA","description":"M\u00e9s de 50 anys al servei de la terra i treballant per a un \u00fas eficient de l\u2019aigua!","publisher":{"@id":"https:\/\/saiga.es\/fr\/#organization"},"potentialAction":[{"@type":"SearchAction","target":{"@type":"EntryPoint","urlTemplate":"https:\/\/saiga.es\/fr\/?s={search_term_string}"},"query-input":{"@type":"PropertyValueSpecification","valueRequired":true,"valueName":"search_term_string"}}],"inLanguage":"fr-FR"},{"@type":"Organization","@id":"https:\/\/saiga.es\/fr\/#organization","name":"SAIGA","url":"https:\/\/saiga.es\/fr\/","logo":{"@type":"ImageObject","inLanguage":"fr-FR","@id":"https:\/\/saiga.es\/fr\/#\/schema\/logo\/image\/","url":"https:\/\/saiga.es\/wp-content\/uploads\/2025\/07\/logo_saiga_baseline_optimitzat.svg","contentUrl":"https:\/\/saiga.es\/wp-content\/uploads\/2025\/07\/logo_saiga_baseline_optimitzat.svg","caption":"SAIGA"},"image":{"@id":"https:\/\/saiga.es\/fr\/#\/schema\/logo\/image\/"},"sameAs":["https:\/\/x.com\/saiga_agro","https:\/\/www.instagram.com\/saiga_agro\/"]}]}},"_links":{"self":[{"href":"https:\/\/saiga.es\/fr\/wp-json\/wp\/v2\/product\/17648","targetHints":{"allow":["GET"]}}],"collection":[{"href":"https:\/\/saiga.es\/fr\/wp-json\/wp\/v2\/product"}],"about":[{"href":"https:\/\/saiga.es\/fr\/wp-json\/wp\/v2\/types\/product"}],"replies":[{"embeddable":true,"href":"https:\/\/saiga.es\/fr\/wp-json\/wp\/v2\/comments?post=17648"}],"wp:featuredmedia":[{"embeddable":true,"href":"https:\/\/saiga.es\/fr\/wp-json\/wp\/v2\/media\/14731"}],"wp:attachment":[{"href":"https:\/\/saiga.es\/fr\/wp-json\/wp\/v2\/media?parent=17648"}],"wp:term":[{"taxonomy":"product_brand","embeddable":true,"href":"https:\/\/saiga.es\/fr\/wp-json\/wp\/v2\/product_brand?post=17648"},{"taxonomy":"product_cat","embeddable":true,"href":"https:\/\/saiga.es\/fr\/wp-json\/wp\/v2\/product_cat?post=17648"},{"taxonomy":"product_tag","embeddable":true,"href":"https:\/\/saiga.es\/fr\/wp-json\/wp\/v2\/product_tag?post=17648"}],"curies":[{"name":"wp","href":"https:\/\/api.w.org\/{rel}","templated":true}]}}