{"id":17653,"date":"2025-04-23T11:57:25","date_gmt":"2025-04-23T11:57:25","guid":{"rendered":"https:\/\/saiga.es\/producte\/quimifloc-ps-cartouche-floculant\/"},"modified":"2025-04-23T11:57:25","modified_gmt":"2025-04-23T11:57:25","slug":"quimifloc-ps-cartouche-floculant","status":"publish","type":"product","link":"https:\/\/saiga.es\/fr\/produit\/quimifloc-ps-cartouche-floculant\/","title":{"rendered":"Quimifloc Ps, cartouche floculant"},"content":{"rendered":"<p>Le floculant contenu dans les cartouches Quimifloc PS am\u00e9liore la filtration des syst\u00e8mes de purification \u00e0 sable ou \u00e0 verre. Il flocule et coagule toutes les impuret\u00e9s en suspension dans l&rsquo;eau de la piscine. Il cr\u00e9e une couche protectrice sur le lit filtrant, assurant une meilleure r\u00e9tention des impuret\u00e9s et, par cons\u00e9quent, une eau plus transparente et limpide. Il optimise la d\u00e9sinfection au chlore en \u00e9liminant les particules susceptibles d&rsquo;interf\u00e9rer avec son action, pour une eau parfaitement claire et limpide. Ce produit ne doit pas \u00eatre utilis\u00e9 avec les filtres \u00e0 diatom\u00e9es ni les filtres \u00e0 cartouche.    <\/p>\n","protected":false},"excerpt":{"rendered":"<p>Le floculant contenu dans les cartouches Quimifloc PS am\u00e9liore la filtration dans les \u00e9quipements de purification de sable ou de verre.<\/p>\n","protected":false},"featured_media":14637,"comment_status":"closed","ping_status":"closed","template":"","meta":[],"product_brand":[],"product_cat":[453],"product_tag":[1271,2340],"class_list":{"0":"post-17653","1":"product","2":"type-product","3":"status-publish","4":"has-post-thumbnail","6":"product_cat-produits-pour-piscines","7":"product_tag-piscine","8":"product_tag-produits-pour-piscine","10":"first","11":"instock","12":"taxable","13":"shipping-taxable","14":"purchasable","15":"product-type-simple"},"yoast_head":"<!-- This site is optimized with the Yoast SEO plugin v27.3 - https:\/\/yoast.com\/product\/yoast-seo-wordpress\/ -->\n<title>Quimifloc Ps, cartouche floculant | SAIGA<\/title>\n<meta name=\"description\" content=\"Le floculant contenu dans les cartouches Quimifloc PS am\u00e9liore la filtration dans les \u00e9quipements de purification de sable ou de verre.\" \/>\n<meta name=\"robots\" content=\"index, follow, max-snippet:-1, max-image-preview:large, max-video-preview:-1\" \/>\n<link rel=\"canonical\" href=\"https:\/\/saiga.es\/fr\/produit\/quimifloc-ps-cartouche-floculant\/\" \/>\n<meta property=\"og:locale\" content=\"fr_FR\" \/>\n<meta property=\"og:type\" content=\"article\" \/>\n<meta property=\"og:title\" content=\"Quimifloc Ps, cartouche floculant | SAIGA\" \/>\n<meta property=\"og:description\" content=\"Le floculant contenu dans les cartouches Quimifloc PS am\u00e9liore la filtration dans les \u00e9quipements de purification de sable ou de verre.\" \/>\n<meta property=\"og:url\" content=\"https:\/\/saiga.es\/fr\/produit\/quimifloc-ps-cartouche-floculant\/\" \/>\n<meta property=\"og:site_name\" content=\"SAIGA\" \/>\n<meta property=\"og:image\" content=\"https:\/\/saiga.es\/wp-content\/uploads\/2025\/04\/Quimifloc.jpg\" \/>\n\t<meta property=\"og:image:width\" content=\"1080\" \/>\n\t<meta property=\"og:image:height\" content=\"1080\" \/>\n\t<meta property=\"og:image:type\" content=\"image\/jpeg\" \/>\n<meta name=\"twitter:card\" content=\"summary_large_image\" \/>\n<meta name=\"twitter:site\" content=\"@saiga_agro\" \/>\n<meta name=\"twitter:label1\" content=\"Dur\u00e9e de lecture estim\u00e9e\" \/>\n\t<meta name=\"twitter:data1\" content=\"1 minute\" \/>\n<script type=\"application\/ld+json\" class=\"yoast-schema-graph\">{\"@context\":\"https:\\\/\\\/schema.org\",\"@graph\":[{\"@type\":\"WebPage\",\"@id\":\"https:\\\/\\\/saiga.es\\\/fr\\\/produit\\\/quimifloc-ps-cartouche-floculant\\\/\",\"url\":\"https:\\\/\\\/saiga.es\\\/fr\\\/produit\\\/quimifloc-ps-cartouche-floculant\\\/\",\"name\":\"Quimifloc Ps, cartouche floculant | SAIGA\",\"isPartOf\":{\"@id\":\"https:\\\/\\\/saiga.es\\\/fr\\\/#website\"},\"primaryImageOfPage\":{\"@id\":\"https:\\\/\\\/saiga.es\\\/fr\\\/produit\\\/quimifloc-ps-cartouche-floculant\\\/#primaryimage\"},\"image\":{\"@id\":\"https:\\\/\\\/saiga.es\\\/fr\\\/produit\\\/quimifloc-ps-cartouche-floculant\\\/#primaryimage\"},\"thumbnailUrl\":\"https:\\\/\\\/saiga.es\\\/wp-content\\\/uploads\\\/2025\\\/04\\\/Quimifloc.jpg\",\"datePublished\":\"2025-04-23T11:57:25+00:00\",\"description\":\"Le floculant contenu dans les cartouches Quimifloc PS am\u00e9liore la filtration dans les \u00e9quipements de purification de sable ou de verre.\",\"breadcrumb\":{\"@id\":\"https:\\\/\\\/saiga.es\\\/fr\\\/produit\\\/quimifloc-ps-cartouche-floculant\\\/#breadcrumb\"},\"inLanguage\":\"fr-FR\",\"potentialAction\":[{\"@type\":\"ReadAction\",\"target\":[\"https:\\\/\\\/saiga.es\\\/fr\\\/produit\\\/quimifloc-ps-cartouche-floculant\\\/\"]}]},{\"@type\":\"ImageObject\",\"inLanguage\":\"fr-FR\",\"@id\":\"https:\\\/\\\/saiga.es\\\/fr\\\/produit\\\/quimifloc-ps-cartouche-floculant\\\/#primaryimage\",\"url\":\"https:\\\/\\\/saiga.es\\\/wp-content\\\/uploads\\\/2025\\\/04\\\/Quimifloc.jpg\",\"contentUrl\":\"https:\\\/\\\/saiga.es\\\/wp-content\\\/uploads\\\/2025\\\/04\\\/Quimifloc.jpg\",\"width\":1080,\"height\":1080,\"caption\":\"Quimifloc\"},{\"@type\":\"BreadcrumbList\",\"@id\":\"https:\\\/\\\/saiga.es\\\/fr\\\/produit\\\/quimifloc-ps-cartouche-floculant\\\/#breadcrumb\",\"itemListElement\":[{\"@type\":\"ListItem\",\"position\":1,\"name\":\"Inici\",\"item\":\"https:\\\/\\\/saiga.es\\\/fr\\\/\"},{\"@type\":\"ListItem\",\"position\":2,\"name\":\"boutique\",\"item\":\"https:\\\/\\\/saiga.es\\\/fr\\\/boutique\\\/\"},{\"@type\":\"ListItem\",\"position\":3,\"name\":\"Quimifloc Ps, cartouche floculant\"}]},{\"@type\":\"WebSite\",\"@id\":\"https:\\\/\\\/saiga.es\\\/fr\\\/#website\",\"url\":\"https:\\\/\\\/saiga.es\\\/fr\\\/\",\"name\":\"SAIGA\",\"description\":\"M\u00e9s de 50 anys al servei de la terra i treballant per a un \u00fas eficient de l\u2019aigua!\",\"publisher\":{\"@id\":\"https:\\\/\\\/saiga.es\\\/fr\\\/#organization\"},\"potentialAction\":[{\"@type\":\"SearchAction\",\"target\":{\"@type\":\"EntryPoint\",\"urlTemplate\":\"https:\\\/\\\/saiga.es\\\/fr\\\/?s={search_term_string}\"},\"query-input\":{\"@type\":\"PropertyValueSpecification\",\"valueRequired\":true,\"valueName\":\"search_term_string\"}}],\"inLanguage\":\"fr-FR\"},{\"@type\":\"Organization\",\"@id\":\"https:\\\/\\\/saiga.es\\\/fr\\\/#organization\",\"name\":\"SAIGA\",\"url\":\"https:\\\/\\\/saiga.es\\\/fr\\\/\",\"logo\":{\"@type\":\"ImageObject\",\"inLanguage\":\"fr-FR\",\"@id\":\"https:\\\/\\\/saiga.es\\\/fr\\\/#\\\/schema\\\/logo\\\/image\\\/\",\"url\":\"https:\\\/\\\/saiga.es\\\/wp-content\\\/uploads\\\/2025\\\/07\\\/logo_saiga_baseline_optimitzat.svg\",\"contentUrl\":\"https:\\\/\\\/saiga.es\\\/wp-content\\\/uploads\\\/2025\\\/07\\\/logo_saiga_baseline_optimitzat.svg\",\"caption\":\"SAIGA\"},\"image\":{\"@id\":\"https:\\\/\\\/saiga.es\\\/fr\\\/#\\\/schema\\\/logo\\\/image\\\/\"},\"sameAs\":[\"https:\\\/\\\/x.com\\\/saiga_agro\",\"https:\\\/\\\/www.instagram.com\\\/saiga_agro\\\/\"]}]}<\/script>\n<!-- \/ Yoast SEO plugin. -->","yoast_head_json":{"title":"Quimifloc Ps, cartouche floculant | SAIGA","description":"Le floculant contenu dans les cartouches Quimifloc PS am\u00e9liore la filtration dans les \u00e9quipements de purification de sable ou de verre.","robots":{"index":"index","follow":"follow","max-snippet":"max-snippet:-1","max-image-preview":"max-image-preview:large","max-video-preview":"max-video-preview:-1"},"canonical":"https:\/\/saiga.es\/fr\/produit\/quimifloc-ps-cartouche-floculant\/","og_locale":"fr_FR","og_type":"article","og_title":"Quimifloc Ps, cartouche floculant | SAIGA","og_description":"Le floculant contenu dans les cartouches Quimifloc PS am\u00e9liore la filtration dans les \u00e9quipements de purification de sable ou de verre.","og_url":"https:\/\/saiga.es\/fr\/produit\/quimifloc-ps-cartouche-floculant\/","og_site_name":"SAIGA","og_image":[{"width":1080,"height":1080,"url":"https:\/\/saiga.es\/wp-content\/uploads\/2025\/04\/Quimifloc.jpg","type":"image\/jpeg"}],"twitter_card":"summary_large_image","twitter_site":"@saiga_agro","twitter_misc":{"Dur\u00e9e de lecture estim\u00e9e":"1 minute"},"schema":{"@context":"https:\/\/schema.org","@graph":[{"@type":"WebPage","@id":"https:\/\/saiga.es\/fr\/produit\/quimifloc-ps-cartouche-floculant\/","url":"https:\/\/saiga.es\/fr\/produit\/quimifloc-ps-cartouche-floculant\/","name":"Quimifloc Ps, cartouche floculant | SAIGA","isPartOf":{"@id":"https:\/\/saiga.es\/fr\/#website"},"primaryImageOfPage":{"@id":"https:\/\/saiga.es\/fr\/produit\/quimifloc-ps-cartouche-floculant\/#primaryimage"},"image":{"@id":"https:\/\/saiga.es\/fr\/produit\/quimifloc-ps-cartouche-floculant\/#primaryimage"},"thumbnailUrl":"https:\/\/saiga.es\/wp-content\/uploads\/2025\/04\/Quimifloc.jpg","datePublished":"2025-04-23T11:57:25+00:00","description":"Le floculant contenu dans les cartouches Quimifloc PS am\u00e9liore la filtration dans les \u00e9quipements de purification de sable ou de verre.","breadcrumb":{"@id":"https:\/\/saiga.es\/fr\/produit\/quimifloc-ps-cartouche-floculant\/#breadcrumb"},"inLanguage":"fr-FR","potentialAction":[{"@type":"ReadAction","target":["https:\/\/saiga.es\/fr\/produit\/quimifloc-ps-cartouche-floculant\/"]}]},{"@type":"ImageObject","inLanguage":"fr-FR","@id":"https:\/\/saiga.es\/fr\/produit\/quimifloc-ps-cartouche-floculant\/#primaryimage","url":"https:\/\/saiga.es\/wp-content\/uploads\/2025\/04\/Quimifloc.jpg","contentUrl":"https:\/\/saiga.es\/wp-content\/uploads\/2025\/04\/Quimifloc.jpg","width":1080,"height":1080,"caption":"Quimifloc"},{"@type":"BreadcrumbList","@id":"https:\/\/saiga.es\/fr\/produit\/quimifloc-ps-cartouche-floculant\/#breadcrumb","itemListElement":[{"@type":"ListItem","position":1,"name":"Inici","item":"https:\/\/saiga.es\/fr\/"},{"@type":"ListItem","position":2,"name":"boutique","item":"https:\/\/saiga.es\/fr\/boutique\/"},{"@type":"ListItem","position":3,"name":"Quimifloc Ps, cartouche floculant"}]},{"@type":"WebSite","@id":"https:\/\/saiga.es\/fr\/#website","url":"https:\/\/saiga.es\/fr\/","name":"SAIGA","description":"M\u00e9s de 50 anys al servei de la terra i treballant per a un \u00fas eficient de l\u2019aigua!","publisher":{"@id":"https:\/\/saiga.es\/fr\/#organization"},"potentialAction":[{"@type":"SearchAction","target":{"@type":"EntryPoint","urlTemplate":"https:\/\/saiga.es\/fr\/?s={search_term_string}"},"query-input":{"@type":"PropertyValueSpecification","valueRequired":true,"valueName":"search_term_string"}}],"inLanguage":"fr-FR"},{"@type":"Organization","@id":"https:\/\/saiga.es\/fr\/#organization","name":"SAIGA","url":"https:\/\/saiga.es\/fr\/","logo":{"@type":"ImageObject","inLanguage":"fr-FR","@id":"https:\/\/saiga.es\/fr\/#\/schema\/logo\/image\/","url":"https:\/\/saiga.es\/wp-content\/uploads\/2025\/07\/logo_saiga_baseline_optimitzat.svg","contentUrl":"https:\/\/saiga.es\/wp-content\/uploads\/2025\/07\/logo_saiga_baseline_optimitzat.svg","caption":"SAIGA"},"image":{"@id":"https:\/\/saiga.es\/fr\/#\/schema\/logo\/image\/"},"sameAs":["https:\/\/x.com\/saiga_agro","https:\/\/www.instagram.com\/saiga_agro\/"]}]}},"_links":{"self":[{"href":"https:\/\/saiga.es\/fr\/wp-json\/wp\/v2\/product\/17653","targetHints":{"allow":["GET"]}}],"collection":[{"href":"https:\/\/saiga.es\/fr\/wp-json\/wp\/v2\/product"}],"about":[{"href":"https:\/\/saiga.es\/fr\/wp-json\/wp\/v2\/types\/product"}],"replies":[{"embeddable":true,"href":"https:\/\/saiga.es\/fr\/wp-json\/wp\/v2\/comments?post=17653"}],"wp:featuredmedia":[{"embeddable":true,"href":"https:\/\/saiga.es\/fr\/wp-json\/wp\/v2\/media\/14637"}],"wp:attachment":[{"href":"https:\/\/saiga.es\/fr\/wp-json\/wp\/v2\/media?parent=17653"}],"wp:term":[{"taxonomy":"product_brand","embeddable":true,"href":"https:\/\/saiga.es\/fr\/wp-json\/wp\/v2\/product_brand?post=17653"},{"taxonomy":"product_cat","embeddable":true,"href":"https:\/\/saiga.es\/fr\/wp-json\/wp\/v2\/product_cat?post=17653"},{"taxonomy":"product_tag","embeddable":true,"href":"https:\/\/saiga.es\/fr\/wp-json\/wp\/v2\/product_tag?post=17653"}],"curies":[{"name":"wp","href":"https:\/\/api.w.org\/{rel}","templated":true}]}}