{"id":17658,"date":"2025-05-06T09:02:17","date_gmt":"2025-05-06T09:02:17","guid":{"rendered":"https:\/\/saiga.es\/producte\/paire-de-gants-en-mousse-hydrofuge\/"},"modified":"2025-05-06T09:02:17","modified_gmt":"2025-05-06T09:02:17","slug":"paire-de-gants-en-mousse-hydrofuge","status":"publish","type":"product","link":"https:\/\/saiga.es\/fr\/produit\/paire-de-gants-en-mousse-hydrofuge\/","title":{"rendered":"Paire de gants en mousse hydrofuge"},"content":{"rendered":"<p>Paire de gants en mousse hydrofuge<\/p>\n<p>Gant r\u00e9sistant \u00e0 l&rsquo;humidit\u00e9, fabriqu\u00e9 en latex microporeux pour une protection optimale en milieux humides ou huileux. Le rev\u00eatement int\u00e9gral de la paume assure une excellente adh\u00e9rence et un confort optimal. Conforme aux normes EN420 et EN388.  <\/p>\n","protected":false},"excerpt":{"rendered":"<p>Paire de gants en mousse hydrofuge<\/p>\n<p>Gant r\u00e9sistant \u00e0 l&rsquo;humidit\u00e9, fabriqu\u00e9 en latex microporeux pour une protection optimale en milieux humides ou huileux. Le rev\u00eatement int\u00e9gral de la paume assure une excellente adh\u00e9rence et un confort optimal. Conforme aux normes EN420 et EN388.  <\/p>\n","protected":false},"featured_media":14712,"comment_status":"open","ping_status":"closed","template":"","meta":[],"product_brand":[],"product_cat":[483],"product_tag":[],"class_list":{"0":"post-17658","1":"product","2":"type-product","3":"status-publish","4":"has-post-thumbnail","6":"product_cat-gants","8":"first","9":"instock","10":"taxable","11":"shipping-taxable","12":"purchasable","13":"product-type-variable"},"yoast_head":"<!-- This site is optimized with the Yoast SEO plugin v27.3 - https:\/\/yoast.com\/product\/yoast-seo-wordpress\/ -->\n<title>Paire de gants en mousse hydrofuge | SAIGA<\/title>\n<meta name=\"description\" content=\"Guant de l\u00e0tex micropor\u00f3s impermeable, amb recobriment al palmell per a una excel\u00b7lent adher\u00e8ncia, que ofereix gran confort i adaptaci\u00f3 a la m\u00e0\" \/>\n<meta name=\"robots\" content=\"index, follow, max-snippet:-1, max-image-preview:large, max-video-preview:-1\" \/>\n<link rel=\"canonical\" href=\"https:\/\/saiga.es\/fr\/produit\/paire-de-gants-en-mousse-hydrofuge\/\" \/>\n<meta property=\"og:locale\" content=\"fr_FR\" \/>\n<meta property=\"og:type\" content=\"article\" \/>\n<meta property=\"og:title\" content=\"Paire de gants en mousse hydrofuge | SAIGA\" \/>\n<meta property=\"og:description\" content=\"Guant de l\u00e0tex micropor\u00f3s impermeable, amb recobriment al palmell per a una excel\u00b7lent adher\u00e8ncia, que ofereix gran confort i adaptaci\u00f3 a la m\u00e0\" \/>\n<meta property=\"og:url\" content=\"https:\/\/saiga.es\/fr\/produit\/paire-de-gants-en-mousse-hydrofuge\/\" \/>\n<meta property=\"og:site_name\" content=\"SAIGA\" \/>\n<meta property=\"og:image\" content=\"https:\/\/saiga.es\/wp-content\/uploads\/2025\/05\/Diseno-sin-titulo.png\" \/>\n\t<meta property=\"og:image:width\" content=\"1080\" \/>\n\t<meta property=\"og:image:height\" content=\"1080\" \/>\n\t<meta property=\"og:image:type\" content=\"image\/png\" \/>\n<meta name=\"twitter:card\" content=\"summary_large_image\" \/>\n<meta name=\"twitter:site\" content=\"@saiga_agro\" \/>\n<script type=\"application\/ld+json\" class=\"yoast-schema-graph\">{\"@context\":\"https:\\\/\\\/schema.org\",\"@graph\":[{\"@type\":\"WebPage\",\"@id\":\"https:\\\/\\\/saiga.es\\\/fr\\\/produit\\\/paire-de-gants-en-mousse-hydrofuge\\\/\",\"url\":\"https:\\\/\\\/saiga.es\\\/fr\\\/produit\\\/paire-de-gants-en-mousse-hydrofuge\\\/\",\"name\":\"Paire de gants en mousse hydrofuge | SAIGA\",\"isPartOf\":{\"@id\":\"https:\\\/\\\/saiga.es\\\/fr\\\/#website\"},\"primaryImageOfPage\":{\"@id\":\"https:\\\/\\\/saiga.es\\\/fr\\\/produit\\\/paire-de-gants-en-mousse-hydrofuge\\\/#primaryimage\"},\"image\":{\"@id\":\"https:\\\/\\\/saiga.es\\\/fr\\\/produit\\\/paire-de-gants-en-mousse-hydrofuge\\\/#primaryimage\"},\"thumbnailUrl\":\"https:\\\/\\\/saiga.es\\\/wp-content\\\/uploads\\\/2025\\\/05\\\/Diseno-sin-titulo.png\",\"datePublished\":\"2025-05-06T09:02:17+00:00\",\"description\":\"Guant de l\u00e0tex micropor\u00f3s impermeable, amb recobriment al palmell per a una excel\u00b7lent adher\u00e8ncia, que ofereix gran confort i adaptaci\u00f3 a la m\u00e0\",\"breadcrumb\":{\"@id\":\"https:\\\/\\\/saiga.es\\\/fr\\\/produit\\\/paire-de-gants-en-mousse-hydrofuge\\\/#breadcrumb\"},\"inLanguage\":\"fr-FR\",\"potentialAction\":[{\"@type\":\"ReadAction\",\"target\":[\"https:\\\/\\\/saiga.es\\\/fr\\\/produit\\\/paire-de-gants-en-mousse-hydrofuge\\\/\"]}]},{\"@type\":\"ImageObject\",\"inLanguage\":\"fr-FR\",\"@id\":\"https:\\\/\\\/saiga.es\\\/fr\\\/produit\\\/paire-de-gants-en-mousse-hydrofuge\\\/#primaryimage\",\"url\":\"https:\\\/\\\/saiga.es\\\/wp-content\\\/uploads\\\/2025\\\/05\\\/Diseno-sin-titulo.png\",\"contentUrl\":\"https:\\\/\\\/saiga.es\\\/wp-content\\\/uploads\\\/2025\\\/05\\\/Diseno-sin-titulo.png\",\"width\":1080,\"height\":1080},{\"@type\":\"BreadcrumbList\",\"@id\":\"https:\\\/\\\/saiga.es\\\/fr\\\/produit\\\/paire-de-gants-en-mousse-hydrofuge\\\/#breadcrumb\",\"itemListElement\":[{\"@type\":\"ListItem\",\"position\":1,\"name\":\"Inici\",\"item\":\"https:\\\/\\\/saiga.es\\\/fr\\\/\"},{\"@type\":\"ListItem\",\"position\":2,\"name\":\"boutique\",\"item\":\"https:\\\/\\\/saiga.es\\\/fr\\\/boutique\\\/\"},{\"@type\":\"ListItem\",\"position\":3,\"name\":\"Paire de gants en mousse hydrofuge\"}]},{\"@type\":\"WebSite\",\"@id\":\"https:\\\/\\\/saiga.es\\\/fr\\\/#website\",\"url\":\"https:\\\/\\\/saiga.es\\\/fr\\\/\",\"name\":\"SAIGA\",\"description\":\"M\u00e9s de 50 anys al servei de la terra i treballant per a un \u00fas eficient de l\u2019aigua!\",\"publisher\":{\"@id\":\"https:\\\/\\\/saiga.es\\\/fr\\\/#organization\"},\"potentialAction\":[{\"@type\":\"SearchAction\",\"target\":{\"@type\":\"EntryPoint\",\"urlTemplate\":\"https:\\\/\\\/saiga.es\\\/fr\\\/?s={search_term_string}\"},\"query-input\":{\"@type\":\"PropertyValueSpecification\",\"valueRequired\":true,\"valueName\":\"search_term_string\"}}],\"inLanguage\":\"fr-FR\"},{\"@type\":\"Organization\",\"@id\":\"https:\\\/\\\/saiga.es\\\/fr\\\/#organization\",\"name\":\"SAIGA\",\"url\":\"https:\\\/\\\/saiga.es\\\/fr\\\/\",\"logo\":{\"@type\":\"ImageObject\",\"inLanguage\":\"fr-FR\",\"@id\":\"https:\\\/\\\/saiga.es\\\/fr\\\/#\\\/schema\\\/logo\\\/image\\\/\",\"url\":\"https:\\\/\\\/saiga.es\\\/wp-content\\\/uploads\\\/2025\\\/07\\\/logo_saiga_baseline_optimitzat.svg\",\"contentUrl\":\"https:\\\/\\\/saiga.es\\\/wp-content\\\/uploads\\\/2025\\\/07\\\/logo_saiga_baseline_optimitzat.svg\",\"caption\":\"SAIGA\"},\"image\":{\"@id\":\"https:\\\/\\\/saiga.es\\\/fr\\\/#\\\/schema\\\/logo\\\/image\\\/\"},\"sameAs\":[\"https:\\\/\\\/x.com\\\/saiga_agro\",\"https:\\\/\\\/www.instagram.com\\\/saiga_agro\\\/\"]}]}<\/script>\n<!-- \/ Yoast SEO plugin. -->","yoast_head_json":{"title":"Paire de gants en mousse hydrofuge | SAIGA","description":"Guant de l\u00e0tex micropor\u00f3s impermeable, amb recobriment al palmell per a una excel\u00b7lent adher\u00e8ncia, que ofereix gran confort i adaptaci\u00f3 a la m\u00e0","robots":{"index":"index","follow":"follow","max-snippet":"max-snippet:-1","max-image-preview":"max-image-preview:large","max-video-preview":"max-video-preview:-1"},"canonical":"https:\/\/saiga.es\/fr\/produit\/paire-de-gants-en-mousse-hydrofuge\/","og_locale":"fr_FR","og_type":"article","og_title":"Paire de gants en mousse hydrofuge | SAIGA","og_description":"Guant de l\u00e0tex micropor\u00f3s impermeable, amb recobriment al palmell per a una excel\u00b7lent adher\u00e8ncia, que ofereix gran confort i adaptaci\u00f3 a la m\u00e0","og_url":"https:\/\/saiga.es\/fr\/produit\/paire-de-gants-en-mousse-hydrofuge\/","og_site_name":"SAIGA","og_image":[{"width":1080,"height":1080,"url":"https:\/\/saiga.es\/wp-content\/uploads\/2025\/05\/Diseno-sin-titulo.png","type":"image\/png"}],"twitter_card":"summary_large_image","twitter_site":"@saiga_agro","schema":{"@context":"https:\/\/schema.org","@graph":[{"@type":"WebPage","@id":"https:\/\/saiga.es\/fr\/produit\/paire-de-gants-en-mousse-hydrofuge\/","url":"https:\/\/saiga.es\/fr\/produit\/paire-de-gants-en-mousse-hydrofuge\/","name":"Paire de gants en mousse hydrofuge | SAIGA","isPartOf":{"@id":"https:\/\/saiga.es\/fr\/#website"},"primaryImageOfPage":{"@id":"https:\/\/saiga.es\/fr\/produit\/paire-de-gants-en-mousse-hydrofuge\/#primaryimage"},"image":{"@id":"https:\/\/saiga.es\/fr\/produit\/paire-de-gants-en-mousse-hydrofuge\/#primaryimage"},"thumbnailUrl":"https:\/\/saiga.es\/wp-content\/uploads\/2025\/05\/Diseno-sin-titulo.png","datePublished":"2025-05-06T09:02:17+00:00","description":"Guant de l\u00e0tex micropor\u00f3s impermeable, amb recobriment al palmell per a una excel\u00b7lent adher\u00e8ncia, que ofereix gran confort i adaptaci\u00f3 a la m\u00e0","breadcrumb":{"@id":"https:\/\/saiga.es\/fr\/produit\/paire-de-gants-en-mousse-hydrofuge\/#breadcrumb"},"inLanguage":"fr-FR","potentialAction":[{"@type":"ReadAction","target":["https:\/\/saiga.es\/fr\/produit\/paire-de-gants-en-mousse-hydrofuge\/"]}]},{"@type":"ImageObject","inLanguage":"fr-FR","@id":"https:\/\/saiga.es\/fr\/produit\/paire-de-gants-en-mousse-hydrofuge\/#primaryimage","url":"https:\/\/saiga.es\/wp-content\/uploads\/2025\/05\/Diseno-sin-titulo.png","contentUrl":"https:\/\/saiga.es\/wp-content\/uploads\/2025\/05\/Diseno-sin-titulo.png","width":1080,"height":1080},{"@type":"BreadcrumbList","@id":"https:\/\/saiga.es\/fr\/produit\/paire-de-gants-en-mousse-hydrofuge\/#breadcrumb","itemListElement":[{"@type":"ListItem","position":1,"name":"Inici","item":"https:\/\/saiga.es\/fr\/"},{"@type":"ListItem","position":2,"name":"boutique","item":"https:\/\/saiga.es\/fr\/boutique\/"},{"@type":"ListItem","position":3,"name":"Paire de gants en mousse hydrofuge"}]},{"@type":"WebSite","@id":"https:\/\/saiga.es\/fr\/#website","url":"https:\/\/saiga.es\/fr\/","name":"SAIGA","description":"M\u00e9s de 50 anys al servei de la terra i treballant per a un \u00fas eficient de l\u2019aigua!","publisher":{"@id":"https:\/\/saiga.es\/fr\/#organization"},"potentialAction":[{"@type":"SearchAction","target":{"@type":"EntryPoint","urlTemplate":"https:\/\/saiga.es\/fr\/?s={search_term_string}"},"query-input":{"@type":"PropertyValueSpecification","valueRequired":true,"valueName":"search_term_string"}}],"inLanguage":"fr-FR"},{"@type":"Organization","@id":"https:\/\/saiga.es\/fr\/#organization","name":"SAIGA","url":"https:\/\/saiga.es\/fr\/","logo":{"@type":"ImageObject","inLanguage":"fr-FR","@id":"https:\/\/saiga.es\/fr\/#\/schema\/logo\/image\/","url":"https:\/\/saiga.es\/wp-content\/uploads\/2025\/07\/logo_saiga_baseline_optimitzat.svg","contentUrl":"https:\/\/saiga.es\/wp-content\/uploads\/2025\/07\/logo_saiga_baseline_optimitzat.svg","caption":"SAIGA"},"image":{"@id":"https:\/\/saiga.es\/fr\/#\/schema\/logo\/image\/"},"sameAs":["https:\/\/x.com\/saiga_agro","https:\/\/www.instagram.com\/saiga_agro\/"]}]}},"_links":{"self":[{"href":"https:\/\/saiga.es\/fr\/wp-json\/wp\/v2\/product\/17658","targetHints":{"allow":["GET"]}}],"collection":[{"href":"https:\/\/saiga.es\/fr\/wp-json\/wp\/v2\/product"}],"about":[{"href":"https:\/\/saiga.es\/fr\/wp-json\/wp\/v2\/types\/product"}],"replies":[{"embeddable":true,"href":"https:\/\/saiga.es\/fr\/wp-json\/wp\/v2\/comments?post=17658"}],"wp:featuredmedia":[{"embeddable":true,"href":"https:\/\/saiga.es\/fr\/wp-json\/wp\/v2\/media\/14712"}],"wp:attachment":[{"href":"https:\/\/saiga.es\/fr\/wp-json\/wp\/v2\/media?parent=17658"}],"wp:term":[{"taxonomy":"product_brand","embeddable":true,"href":"https:\/\/saiga.es\/fr\/wp-json\/wp\/v2\/product_brand?post=17658"},{"taxonomy":"product_cat","embeddable":true,"href":"https:\/\/saiga.es\/fr\/wp-json\/wp\/v2\/product_cat?post=17658"},{"taxonomy":"product_tag","embeddable":true,"href":"https:\/\/saiga.es\/fr\/wp-json\/wp\/v2\/product_tag?post=17658"}],"curies":[{"name":"wp","href":"https:\/\/api.w.org\/{rel}","templated":true}]}}