{"id":17662,"date":"2025-05-20T14:00:25","date_gmt":"2025-05-20T14:00:25","guid":{"rendered":"https:\/\/saiga.es\/producte\/houe-acorn-228a\/"},"modified":"2025-05-20T14:00:25","modified_gmt":"2025-05-20T14:00:25","slug":"houe-acorn-228a","status":"publish","type":"product","link":"https:\/\/saiga.es\/fr\/produit\/houe-acorn-228a\/","title":{"rendered":"Houe Acorn 228A"},"content":{"rendered":"<p>Houe Acorn 228A<\/p>\n<p>Houe forg\u00e9e d&rsquo;une seule pi\u00e8ce et tremp\u00e9e int\u00e9gralement pour garantir une r\u00e9sistance maximale contre les ruptures et les d\u00e9formations. Elle pr\u00e9sente une finition polie et un aff\u00fbtage sp\u00e9cifique \u00e0 l&rsquo;arri\u00e8re pour faciliter sa p\u00e9n\u00e9tration dans le sol. Elle dispose d&rsquo;un syst\u00e8me anti-rotation int\u00e9gr\u00e9 \u00e0 l&rsquo;\u0153il de la pi\u00e8ce, avec des rainures qui emp\u00eachent la t\u00eate de tourner. Lorsqu&rsquo;elle est utilis\u00e9e avec un manche anti-rotation, l&rsquo;outil maintient une fixation stable et durable. Con\u00e7ue avec une double fonction : d&rsquo;une part, elle travaille la terre, et d&rsquo;autre part, elle agit comme une fourche pour \u00e9liminer les racines apr\u00e8s le labour, id\u00e9ale pour les travaux de jardinage.    <\/p>\n","protected":false},"excerpt":{"rendered":"<p>Houe Acorn 228A<\/p>\n<p>Houe forg\u00e9e d&rsquo;une seule pi\u00e8ce et tremp\u00e9e int\u00e9gralement pour garantir une r\u00e9sistance maximale contre les ruptures et les d\u00e9formations. Elle pr\u00e9sente une finition polie et un aff\u00fbtage sp\u00e9cifique \u00e0 l&rsquo;arri\u00e8re pour faciliter sa p\u00e9n\u00e9tration dans le sol. Elle dispose d&rsquo;un syst\u00e8me anti-rotation int\u00e9gr\u00e9 \u00e0 l&rsquo;\u0153il de la pi\u00e8ce, avec des rainures qui emp\u00eachent la t\u00eate de tourner. Lorsqu&rsquo;elle est utilis\u00e9e avec un manche anti-rotation, l&rsquo;outil maintient une fixation stable et durable. Con\u00e7ue avec une double fonction : d&rsquo;une part, elle travaille la terre, et d&rsquo;autre part, elle agit comme une fourche pour \u00e9liminer les racines apr\u00e8s le labour, id\u00e9ale pour les travaux de jardinage.    <\/p>\n","protected":false},"featured_media":14873,"comment_status":"open","ping_status":"closed","template":"","meta":[],"product_brand":[1959],"product_cat":[1957],"product_tag":[],"class_list":{"0":"post-17662","1":"product","2":"type-product","3":"status-publish","4":"has-post-thumbnail","6":"product_brand-bellota","7":"product_cat-houes","9":"first","10":"instock","11":"taxable","12":"shipping-taxable","13":"purchasable","14":"product-type-simple"},"yoast_head":"<!-- This site is optimized with the Yoast SEO plugin v27.3 - https:\/\/yoast.com\/product\/yoast-seo-wordpress\/ -->\n<title>Houe Acorn 228A | SAIGA<\/title>\n<meta name=\"description\" content=\"Houe forg\u00e9e d&#039;une seule pi\u00e8ce, avec syst\u00e8me anti-rotation et double fonction : pour remuer la terre et nettoyer les racines. Id\u00e9ale pour le jardinage avec un emmanchement durable.\" \/>\n<meta name=\"robots\" content=\"index, follow, max-snippet:-1, max-image-preview:large, max-video-preview:-1\" \/>\n<link rel=\"canonical\" href=\"https:\/\/saiga.es\/fr\/produit\/houe-acorn-228a\/\" \/>\n<meta property=\"og:locale\" content=\"fr_FR\" \/>\n<meta property=\"og:type\" content=\"article\" \/>\n<meta property=\"og:title\" content=\"Houe Acorn 228A | SAIGA\" \/>\n<meta property=\"og:description\" content=\"Houe forg\u00e9e d&#039;une seule pi\u00e8ce, avec syst\u00e8me anti-rotation et double fonction : pour remuer la terre et nettoyer les racines. Id\u00e9ale pour le jardinage avec un emmanchement durable.\" \/>\n<meta property=\"og:url\" content=\"https:\/\/saiga.es\/fr\/produit\/houe-acorn-228a\/\" \/>\n<meta property=\"og:site_name\" content=\"SAIGA\" \/>\n<meta property=\"og:image\" content=\"https:\/\/saiga.es\/wp-content\/uploads\/2025\/05\/Diseno-sin-titulo-2.png\" \/>\n\t<meta property=\"og:image:width\" content=\"1080\" \/>\n\t<meta property=\"og:image:height\" content=\"1080\" \/>\n\t<meta property=\"og:image:type\" content=\"image\/png\" \/>\n<meta name=\"twitter:card\" content=\"summary_large_image\" \/>\n<meta name=\"twitter:site\" content=\"@saiga_agro\" \/>\n<meta name=\"twitter:label1\" content=\"Dur\u00e9e de lecture estim\u00e9e\" \/>\n\t<meta name=\"twitter:data1\" content=\"1 minute\" \/>\n<script type=\"application\/ld+json\" class=\"yoast-schema-graph\">{\"@context\":\"https:\\\/\\\/schema.org\",\"@graph\":[{\"@type\":\"WebPage\",\"@id\":\"https:\\\/\\\/saiga.es\\\/fr\\\/produit\\\/houe-acorn-228a\\\/\",\"url\":\"https:\\\/\\\/saiga.es\\\/fr\\\/produit\\\/houe-acorn-228a\\\/\",\"name\":\"Houe Acorn 228A | SAIGA\",\"isPartOf\":{\"@id\":\"https:\\\/\\\/saiga.es\\\/fr\\\/#website\"},\"primaryImageOfPage\":{\"@id\":\"https:\\\/\\\/saiga.es\\\/fr\\\/produit\\\/houe-acorn-228a\\\/#primaryimage\"},\"image\":{\"@id\":\"https:\\\/\\\/saiga.es\\\/fr\\\/produit\\\/houe-acorn-228a\\\/#primaryimage\"},\"thumbnailUrl\":\"https:\\\/\\\/saiga.es\\\/wp-content\\\/uploads\\\/2025\\\/05\\\/Diseno-sin-titulo-2.png\",\"datePublished\":\"2025-05-20T14:00:25+00:00\",\"description\":\"Houe forg\u00e9e d'une seule pi\u00e8ce, avec syst\u00e8me anti-rotation et double fonction : pour remuer la terre et nettoyer les racines. Id\u00e9ale pour le jardinage avec un emmanchement durable.\",\"breadcrumb\":{\"@id\":\"https:\\\/\\\/saiga.es\\\/fr\\\/produit\\\/houe-acorn-228a\\\/#breadcrumb\"},\"inLanguage\":\"fr-FR\",\"potentialAction\":[{\"@type\":\"ReadAction\",\"target\":[\"https:\\\/\\\/saiga.es\\\/fr\\\/produit\\\/houe-acorn-228a\\\/\"]}]},{\"@type\":\"ImageObject\",\"inLanguage\":\"fr-FR\",\"@id\":\"https:\\\/\\\/saiga.es\\\/fr\\\/produit\\\/houe-acorn-228a\\\/#primaryimage\",\"url\":\"https:\\\/\\\/saiga.es\\\/wp-content\\\/uploads\\\/2025\\\/05\\\/Diseno-sin-titulo-2.png\",\"contentUrl\":\"https:\\\/\\\/saiga.es\\\/wp-content\\\/uploads\\\/2025\\\/05\\\/Diseno-sin-titulo-2.png\",\"width\":1080,\"height\":1080},{\"@type\":\"BreadcrumbList\",\"@id\":\"https:\\\/\\\/saiga.es\\\/fr\\\/produit\\\/houe-acorn-228a\\\/#breadcrumb\",\"itemListElement\":[{\"@type\":\"ListItem\",\"position\":1,\"name\":\"Inici\",\"item\":\"https:\\\/\\\/saiga.es\\\/fr\\\/\"},{\"@type\":\"ListItem\",\"position\":2,\"name\":\"boutique\",\"item\":\"https:\\\/\\\/saiga.es\\\/fr\\\/boutique\\\/\"},{\"@type\":\"ListItem\",\"position\":3,\"name\":\"Houe Acorn 228A\"}]},{\"@type\":\"WebSite\",\"@id\":\"https:\\\/\\\/saiga.es\\\/fr\\\/#website\",\"url\":\"https:\\\/\\\/saiga.es\\\/fr\\\/\",\"name\":\"SAIGA\",\"description\":\"M\u00e9s de 50 anys al servei de la terra i treballant per a un \u00fas eficient de l\u2019aigua!\",\"publisher\":{\"@id\":\"https:\\\/\\\/saiga.es\\\/fr\\\/#organization\"},\"potentialAction\":[{\"@type\":\"SearchAction\",\"target\":{\"@type\":\"EntryPoint\",\"urlTemplate\":\"https:\\\/\\\/saiga.es\\\/fr\\\/?s={search_term_string}\"},\"query-input\":{\"@type\":\"PropertyValueSpecification\",\"valueRequired\":true,\"valueName\":\"search_term_string\"}}],\"inLanguage\":\"fr-FR\"},{\"@type\":\"Organization\",\"@id\":\"https:\\\/\\\/saiga.es\\\/fr\\\/#organization\",\"name\":\"SAIGA\",\"url\":\"https:\\\/\\\/saiga.es\\\/fr\\\/\",\"logo\":{\"@type\":\"ImageObject\",\"inLanguage\":\"fr-FR\",\"@id\":\"https:\\\/\\\/saiga.es\\\/fr\\\/#\\\/schema\\\/logo\\\/image\\\/\",\"url\":\"https:\\\/\\\/saiga.es\\\/wp-content\\\/uploads\\\/2025\\\/07\\\/logo_saiga_baseline_optimitzat.svg\",\"contentUrl\":\"https:\\\/\\\/saiga.es\\\/wp-content\\\/uploads\\\/2025\\\/07\\\/logo_saiga_baseline_optimitzat.svg\",\"caption\":\"SAIGA\"},\"image\":{\"@id\":\"https:\\\/\\\/saiga.es\\\/fr\\\/#\\\/schema\\\/logo\\\/image\\\/\"},\"sameAs\":[\"https:\\\/\\\/x.com\\\/saiga_agro\",\"https:\\\/\\\/www.instagram.com\\\/saiga_agro\\\/\"]}]}<\/script>\n<!-- \/ Yoast SEO plugin. -->","yoast_head_json":{"title":"Houe Acorn 228A | SAIGA","description":"Houe forg\u00e9e d'une seule pi\u00e8ce, avec syst\u00e8me anti-rotation et double fonction : pour remuer la terre et nettoyer les racines. Id\u00e9ale pour le jardinage avec un emmanchement durable.","robots":{"index":"index","follow":"follow","max-snippet":"max-snippet:-1","max-image-preview":"max-image-preview:large","max-video-preview":"max-video-preview:-1"},"canonical":"https:\/\/saiga.es\/fr\/produit\/houe-acorn-228a\/","og_locale":"fr_FR","og_type":"article","og_title":"Houe Acorn 228A | SAIGA","og_description":"Houe forg\u00e9e d'une seule pi\u00e8ce, avec syst\u00e8me anti-rotation et double fonction : pour remuer la terre et nettoyer les racines. Id\u00e9ale pour le jardinage avec un emmanchement durable.","og_url":"https:\/\/saiga.es\/fr\/produit\/houe-acorn-228a\/","og_site_name":"SAIGA","og_image":[{"width":1080,"height":1080,"url":"https:\/\/saiga.es\/wp-content\/uploads\/2025\/05\/Diseno-sin-titulo-2.png","type":"image\/png"}],"twitter_card":"summary_large_image","twitter_site":"@saiga_agro","twitter_misc":{"Dur\u00e9e de lecture estim\u00e9e":"1 minute"},"schema":{"@context":"https:\/\/schema.org","@graph":[{"@type":"WebPage","@id":"https:\/\/saiga.es\/fr\/produit\/houe-acorn-228a\/","url":"https:\/\/saiga.es\/fr\/produit\/houe-acorn-228a\/","name":"Houe Acorn 228A | SAIGA","isPartOf":{"@id":"https:\/\/saiga.es\/fr\/#website"},"primaryImageOfPage":{"@id":"https:\/\/saiga.es\/fr\/produit\/houe-acorn-228a\/#primaryimage"},"image":{"@id":"https:\/\/saiga.es\/fr\/produit\/houe-acorn-228a\/#primaryimage"},"thumbnailUrl":"https:\/\/saiga.es\/wp-content\/uploads\/2025\/05\/Diseno-sin-titulo-2.png","datePublished":"2025-05-20T14:00:25+00:00","description":"Houe forg\u00e9e d'une seule pi\u00e8ce, avec syst\u00e8me anti-rotation et double fonction : pour remuer la terre et nettoyer les racines. Id\u00e9ale pour le jardinage avec un emmanchement durable.","breadcrumb":{"@id":"https:\/\/saiga.es\/fr\/produit\/houe-acorn-228a\/#breadcrumb"},"inLanguage":"fr-FR","potentialAction":[{"@type":"ReadAction","target":["https:\/\/saiga.es\/fr\/produit\/houe-acorn-228a\/"]}]},{"@type":"ImageObject","inLanguage":"fr-FR","@id":"https:\/\/saiga.es\/fr\/produit\/houe-acorn-228a\/#primaryimage","url":"https:\/\/saiga.es\/wp-content\/uploads\/2025\/05\/Diseno-sin-titulo-2.png","contentUrl":"https:\/\/saiga.es\/wp-content\/uploads\/2025\/05\/Diseno-sin-titulo-2.png","width":1080,"height":1080},{"@type":"BreadcrumbList","@id":"https:\/\/saiga.es\/fr\/produit\/houe-acorn-228a\/#breadcrumb","itemListElement":[{"@type":"ListItem","position":1,"name":"Inici","item":"https:\/\/saiga.es\/fr\/"},{"@type":"ListItem","position":2,"name":"boutique","item":"https:\/\/saiga.es\/fr\/boutique\/"},{"@type":"ListItem","position":3,"name":"Houe Acorn 228A"}]},{"@type":"WebSite","@id":"https:\/\/saiga.es\/fr\/#website","url":"https:\/\/saiga.es\/fr\/","name":"SAIGA","description":"M\u00e9s de 50 anys al servei de la terra i treballant per a un \u00fas eficient de l\u2019aigua!","publisher":{"@id":"https:\/\/saiga.es\/fr\/#organization"},"potentialAction":[{"@type":"SearchAction","target":{"@type":"EntryPoint","urlTemplate":"https:\/\/saiga.es\/fr\/?s={search_term_string}"},"query-input":{"@type":"PropertyValueSpecification","valueRequired":true,"valueName":"search_term_string"}}],"inLanguage":"fr-FR"},{"@type":"Organization","@id":"https:\/\/saiga.es\/fr\/#organization","name":"SAIGA","url":"https:\/\/saiga.es\/fr\/","logo":{"@type":"ImageObject","inLanguage":"fr-FR","@id":"https:\/\/saiga.es\/fr\/#\/schema\/logo\/image\/","url":"https:\/\/saiga.es\/wp-content\/uploads\/2025\/07\/logo_saiga_baseline_optimitzat.svg","contentUrl":"https:\/\/saiga.es\/wp-content\/uploads\/2025\/07\/logo_saiga_baseline_optimitzat.svg","caption":"SAIGA"},"image":{"@id":"https:\/\/saiga.es\/fr\/#\/schema\/logo\/image\/"},"sameAs":["https:\/\/x.com\/saiga_agro","https:\/\/www.instagram.com\/saiga_agro\/"]}]}},"_links":{"self":[{"href":"https:\/\/saiga.es\/fr\/wp-json\/wp\/v2\/product\/17662","targetHints":{"allow":["GET"]}}],"collection":[{"href":"https:\/\/saiga.es\/fr\/wp-json\/wp\/v2\/product"}],"about":[{"href":"https:\/\/saiga.es\/fr\/wp-json\/wp\/v2\/types\/product"}],"replies":[{"embeddable":true,"href":"https:\/\/saiga.es\/fr\/wp-json\/wp\/v2\/comments?post=17662"}],"wp:featuredmedia":[{"embeddable":true,"href":"https:\/\/saiga.es\/fr\/wp-json\/wp\/v2\/media\/14873"}],"wp:attachment":[{"href":"https:\/\/saiga.es\/fr\/wp-json\/wp\/v2\/media?parent=17662"}],"wp:term":[{"taxonomy":"product_brand","embeddable":true,"href":"https:\/\/saiga.es\/fr\/wp-json\/wp\/v2\/product_brand?post=17662"},{"taxonomy":"product_cat","embeddable":true,"href":"https:\/\/saiga.es\/fr\/wp-json\/wp\/v2\/product_cat?post=17662"},{"taxonomy":"product_tag","embeddable":true,"href":"https:\/\/saiga.es\/fr\/wp-json\/wp\/v2\/product_tag?post=17662"}],"curies":[{"name":"wp","href":"https:\/\/api.w.org\/{rel}","templated":true}]}}