{"id":17690,"date":"2025-12-17T11:40:05","date_gmt":"2025-12-17T11:40:05","guid":{"rendered":"https:\/\/saiga.es\/producte\/pack-de-traitement-aux-fruits\/"},"modified":"2025-12-17T11:40:05","modified_gmt":"2025-12-17T11:40:05","slug":"pack-de-traitement-aux-fruits","status":"publish","type":"product","link":"https:\/\/saiga.es\/fr\/produit\/pack-de-traitement-aux-fruits\/","title":{"rendered":"Pack de traitement aux fruits"},"content":{"rendered":"<p>Le kit de traitement Sipcam Jard\u00ed est la solution id\u00e9ale pour l&rsquo;entretien complet des arbres fruitiers dans les jardins et les vergers. Con\u00e7u pour offrir une protection efficace contre les principaux ravageurs et maladies, il contribue \u00e0 maintenir des arbres fruitiers forts, sains et \u00e0 garantir une production de fruits de haute qualit\u00e9. <\/p>\n<p>Ce produit est id\u00e9al pour les jardiniers amateurs comme pour les professionnels, car il allie facilit\u00e9 d&rsquo;application, grande efficacit\u00e9 et r\u00e9sultats visibles. Il convient \u00e0 une grande vari\u00e9t\u00e9 d&rsquo;arbres fruitiers tels que pommiers, poiriers, p\u00eachers, pruniers, cerisiers, agrumes et autres. <\/p>\n","protected":false},"excerpt":{"rendered":"<p>Le kit de traitement pour arbres fruitiers Sipcam Jard\u00ed est la solution id\u00e9ale pour l&rsquo;entretien complet des arbres fruitiers dans les jardins et les vergers. Con\u00e7u pour offrir une protection efficace contre les principaux ravageurs et maladies, il contribue \u00e0 maintenir des arbres fruitiers forts, sains et \u00e0 garantir une production de fruits de haute qualit\u00e9. <\/p>\n","protected":false},"featured_media":17688,"comment_status":"closed","ping_status":"closed","template":"","meta":[],"product_brand":[1841],"product_cat":[444,445],"product_tag":[],"class_list":{"0":"post-17690","1":"product","2":"type-product","3":"status-publish","4":"has-post-thumbnail","6":"product_brand-sipcam","7":"product_cat-fongicides","8":"product_cat-insecticides-fr-2","10":"first","11":"instock","12":"taxable","13":"shipping-taxable","14":"purchasable","15":"product-type-simple"},"yoast_head":"<!-- This site is optimized with the Yoast SEO plugin v27.3 - https:\/\/yoast.com\/product\/yoast-seo-wordpress\/ -->\n<title>Pack de traitement aux fruits | SAIGA<\/title>\n<meta name=\"description\" content=\"Sipcam Jard\u00edn Traitement pour arbres fruitiers : prot\u00e8ge les arbres fruitiers des ravageurs et des maladies. Id\u00e9al pour les potagers et les jardins.\" \/>\n<meta name=\"robots\" content=\"index, follow, max-snippet:-1, max-image-preview:large, max-video-preview:-1\" \/>\n<link rel=\"canonical\" href=\"https:\/\/saiga.es\/fr\/produit\/pack-de-traitement-aux-fruits\/\" \/>\n<meta property=\"og:locale\" content=\"fr_FR\" \/>\n<meta property=\"og:type\" content=\"article\" \/>\n<meta property=\"og:title\" content=\"Pack de traitement aux fruits | SAIGA\" \/>\n<meta property=\"og:description\" content=\"Sipcam Jard\u00edn Traitement pour arbres fruitiers : prot\u00e8ge les arbres fruitiers des ravageurs et des maladies. Id\u00e9al pour les potagers et les jardins.\" \/>\n<meta property=\"og:url\" content=\"https:\/\/saiga.es\/fr\/produit\/pack-de-traitement-aux-fruits\/\" \/>\n<meta property=\"og:site_name\" content=\"SAIGA\" \/>\n<meta property=\"og:image\" content=\"https:\/\/saiga.es\/wp-content\/uploads\/2025\/12\/Pack-tratamiento-invierno.jpg\" \/>\n\t<meta property=\"og:image:width\" content=\"1080\" \/>\n\t<meta property=\"og:image:height\" content=\"1080\" \/>\n\t<meta property=\"og:image:type\" content=\"image\/jpeg\" \/>\n<meta name=\"twitter:card\" content=\"summary_large_image\" \/>\n<meta name=\"twitter:site\" content=\"@saiga_agro\" \/>\n<script type=\"application\/ld+json\" class=\"yoast-schema-graph\">{\"@context\":\"https:\\\/\\\/schema.org\",\"@graph\":[{\"@type\":\"WebPage\",\"@id\":\"https:\\\/\\\/saiga.es\\\/fr\\\/produit\\\/pack-de-traitement-aux-fruits\\\/\",\"url\":\"https:\\\/\\\/saiga.es\\\/fr\\\/produit\\\/pack-de-traitement-aux-fruits\\\/\",\"name\":\"Pack de traitement aux fruits | SAIGA\",\"isPartOf\":{\"@id\":\"https:\\\/\\\/saiga.es\\\/fr\\\/#website\"},\"primaryImageOfPage\":{\"@id\":\"https:\\\/\\\/saiga.es\\\/fr\\\/produit\\\/pack-de-traitement-aux-fruits\\\/#primaryimage\"},\"image\":{\"@id\":\"https:\\\/\\\/saiga.es\\\/fr\\\/produit\\\/pack-de-traitement-aux-fruits\\\/#primaryimage\"},\"thumbnailUrl\":\"https:\\\/\\\/saiga.es\\\/wp-content\\\/uploads\\\/2025\\\/12\\\/Pack-tratamiento-invierno.jpg\",\"datePublished\":\"2025-12-17T11:40:05+00:00\",\"description\":\"Sipcam Jard\u00edn Traitement pour arbres fruitiers : prot\u00e8ge les arbres fruitiers des ravageurs et des maladies. Id\u00e9al pour les potagers et les jardins.\",\"breadcrumb\":{\"@id\":\"https:\\\/\\\/saiga.es\\\/fr\\\/produit\\\/pack-de-traitement-aux-fruits\\\/#breadcrumb\"},\"inLanguage\":\"fr-FR\",\"potentialAction\":[{\"@type\":\"ReadAction\",\"target\":[\"https:\\\/\\\/saiga.es\\\/fr\\\/produit\\\/pack-de-traitement-aux-fruits\\\/\"]}]},{\"@type\":\"ImageObject\",\"inLanguage\":\"fr-FR\",\"@id\":\"https:\\\/\\\/saiga.es\\\/fr\\\/produit\\\/pack-de-traitement-aux-fruits\\\/#primaryimage\",\"url\":\"https:\\\/\\\/saiga.es\\\/wp-content\\\/uploads\\\/2025\\\/12\\\/Pack-tratamiento-invierno.jpg\",\"contentUrl\":\"https:\\\/\\\/saiga.es\\\/wp-content\\\/uploads\\\/2025\\\/12\\\/Pack-tratamiento-invierno.jpg\",\"width\":1080,\"height\":1080,\"caption\":\"Pack tratamiento frutales\"},{\"@type\":\"BreadcrumbList\",\"@id\":\"https:\\\/\\\/saiga.es\\\/fr\\\/produit\\\/pack-de-traitement-aux-fruits\\\/#breadcrumb\",\"itemListElement\":[{\"@type\":\"ListItem\",\"position\":1,\"name\":\"Inici\",\"item\":\"https:\\\/\\\/saiga.es\\\/fr\\\/\"},{\"@type\":\"ListItem\",\"position\":2,\"name\":\"boutique\",\"item\":\"https:\\\/\\\/saiga.es\\\/fr\\\/boutique\\\/\"},{\"@type\":\"ListItem\",\"position\":3,\"name\":\"Pack de traitement aux fruits\"}]},{\"@type\":\"WebSite\",\"@id\":\"https:\\\/\\\/saiga.es\\\/fr\\\/#website\",\"url\":\"https:\\\/\\\/saiga.es\\\/fr\\\/\",\"name\":\"SAIGA\",\"description\":\"M\u00e9s de 50 anys al servei de la terra i treballant per a un \u00fas eficient de l\u2019aigua!\",\"publisher\":{\"@id\":\"https:\\\/\\\/saiga.es\\\/fr\\\/#organization\"},\"potentialAction\":[{\"@type\":\"SearchAction\",\"target\":{\"@type\":\"EntryPoint\",\"urlTemplate\":\"https:\\\/\\\/saiga.es\\\/fr\\\/?s={search_term_string}\"},\"query-input\":{\"@type\":\"PropertyValueSpecification\",\"valueRequired\":true,\"valueName\":\"search_term_string\"}}],\"inLanguage\":\"fr-FR\"},{\"@type\":\"Organization\",\"@id\":\"https:\\\/\\\/saiga.es\\\/fr\\\/#organization\",\"name\":\"SAIGA\",\"url\":\"https:\\\/\\\/saiga.es\\\/fr\\\/\",\"logo\":{\"@type\":\"ImageObject\",\"inLanguage\":\"fr-FR\",\"@id\":\"https:\\\/\\\/saiga.es\\\/fr\\\/#\\\/schema\\\/logo\\\/image\\\/\",\"url\":\"https:\\\/\\\/saiga.es\\\/wp-content\\\/uploads\\\/2025\\\/07\\\/logo_saiga_baseline_optimitzat.svg\",\"contentUrl\":\"https:\\\/\\\/saiga.es\\\/wp-content\\\/uploads\\\/2025\\\/07\\\/logo_saiga_baseline_optimitzat.svg\",\"caption\":\"SAIGA\"},\"image\":{\"@id\":\"https:\\\/\\\/saiga.es\\\/fr\\\/#\\\/schema\\\/logo\\\/image\\\/\"},\"sameAs\":[\"https:\\\/\\\/x.com\\\/saiga_agro\",\"https:\\\/\\\/www.instagram.com\\\/saiga_agro\\\/\"]}]}<\/script>\n<!-- \/ Yoast SEO plugin. -->","yoast_head_json":{"title":"Pack de traitement aux fruits | SAIGA","description":"Sipcam Jard\u00edn Traitement pour arbres fruitiers : prot\u00e8ge les arbres fruitiers des ravageurs et des maladies. Id\u00e9al pour les potagers et les jardins.","robots":{"index":"index","follow":"follow","max-snippet":"max-snippet:-1","max-image-preview":"max-image-preview:large","max-video-preview":"max-video-preview:-1"},"canonical":"https:\/\/saiga.es\/fr\/produit\/pack-de-traitement-aux-fruits\/","og_locale":"fr_FR","og_type":"article","og_title":"Pack de traitement aux fruits | SAIGA","og_description":"Sipcam Jard\u00edn Traitement pour arbres fruitiers : prot\u00e8ge les arbres fruitiers des ravageurs et des maladies. Id\u00e9al pour les potagers et les jardins.","og_url":"https:\/\/saiga.es\/fr\/produit\/pack-de-traitement-aux-fruits\/","og_site_name":"SAIGA","og_image":[{"width":1080,"height":1080,"url":"https:\/\/saiga.es\/wp-content\/uploads\/2025\/12\/Pack-tratamiento-invierno.jpg","type":"image\/jpeg"}],"twitter_card":"summary_large_image","twitter_site":"@saiga_agro","schema":{"@context":"https:\/\/schema.org","@graph":[{"@type":"WebPage","@id":"https:\/\/saiga.es\/fr\/produit\/pack-de-traitement-aux-fruits\/","url":"https:\/\/saiga.es\/fr\/produit\/pack-de-traitement-aux-fruits\/","name":"Pack de traitement aux fruits | SAIGA","isPartOf":{"@id":"https:\/\/saiga.es\/fr\/#website"},"primaryImageOfPage":{"@id":"https:\/\/saiga.es\/fr\/produit\/pack-de-traitement-aux-fruits\/#primaryimage"},"image":{"@id":"https:\/\/saiga.es\/fr\/produit\/pack-de-traitement-aux-fruits\/#primaryimage"},"thumbnailUrl":"https:\/\/saiga.es\/wp-content\/uploads\/2025\/12\/Pack-tratamiento-invierno.jpg","datePublished":"2025-12-17T11:40:05+00:00","description":"Sipcam Jard\u00edn Traitement pour arbres fruitiers : prot\u00e8ge les arbres fruitiers des ravageurs et des maladies. Id\u00e9al pour les potagers et les jardins.","breadcrumb":{"@id":"https:\/\/saiga.es\/fr\/produit\/pack-de-traitement-aux-fruits\/#breadcrumb"},"inLanguage":"fr-FR","potentialAction":[{"@type":"ReadAction","target":["https:\/\/saiga.es\/fr\/produit\/pack-de-traitement-aux-fruits\/"]}]},{"@type":"ImageObject","inLanguage":"fr-FR","@id":"https:\/\/saiga.es\/fr\/produit\/pack-de-traitement-aux-fruits\/#primaryimage","url":"https:\/\/saiga.es\/wp-content\/uploads\/2025\/12\/Pack-tratamiento-invierno.jpg","contentUrl":"https:\/\/saiga.es\/wp-content\/uploads\/2025\/12\/Pack-tratamiento-invierno.jpg","width":1080,"height":1080,"caption":"Pack tratamiento frutales"},{"@type":"BreadcrumbList","@id":"https:\/\/saiga.es\/fr\/produit\/pack-de-traitement-aux-fruits\/#breadcrumb","itemListElement":[{"@type":"ListItem","position":1,"name":"Inici","item":"https:\/\/saiga.es\/fr\/"},{"@type":"ListItem","position":2,"name":"boutique","item":"https:\/\/saiga.es\/fr\/boutique\/"},{"@type":"ListItem","position":3,"name":"Pack de traitement aux fruits"}]},{"@type":"WebSite","@id":"https:\/\/saiga.es\/fr\/#website","url":"https:\/\/saiga.es\/fr\/","name":"SAIGA","description":"M\u00e9s de 50 anys al servei de la terra i treballant per a un \u00fas eficient de l\u2019aigua!","publisher":{"@id":"https:\/\/saiga.es\/fr\/#organization"},"potentialAction":[{"@type":"SearchAction","target":{"@type":"EntryPoint","urlTemplate":"https:\/\/saiga.es\/fr\/?s={search_term_string}"},"query-input":{"@type":"PropertyValueSpecification","valueRequired":true,"valueName":"search_term_string"}}],"inLanguage":"fr-FR"},{"@type":"Organization","@id":"https:\/\/saiga.es\/fr\/#organization","name":"SAIGA","url":"https:\/\/saiga.es\/fr\/","logo":{"@type":"ImageObject","inLanguage":"fr-FR","@id":"https:\/\/saiga.es\/fr\/#\/schema\/logo\/image\/","url":"https:\/\/saiga.es\/wp-content\/uploads\/2025\/07\/logo_saiga_baseline_optimitzat.svg","contentUrl":"https:\/\/saiga.es\/wp-content\/uploads\/2025\/07\/logo_saiga_baseline_optimitzat.svg","caption":"SAIGA"},"image":{"@id":"https:\/\/saiga.es\/fr\/#\/schema\/logo\/image\/"},"sameAs":["https:\/\/x.com\/saiga_agro","https:\/\/www.instagram.com\/saiga_agro\/"]}]}},"_links":{"self":[{"href":"https:\/\/saiga.es\/fr\/wp-json\/wp\/v2\/product\/17690","targetHints":{"allow":["GET"]}}],"collection":[{"href":"https:\/\/saiga.es\/fr\/wp-json\/wp\/v2\/product"}],"about":[{"href":"https:\/\/saiga.es\/fr\/wp-json\/wp\/v2\/types\/product"}],"replies":[{"embeddable":true,"href":"https:\/\/saiga.es\/fr\/wp-json\/wp\/v2\/comments?post=17690"}],"wp:featuredmedia":[{"embeddable":true,"href":"https:\/\/saiga.es\/fr\/wp-json\/wp\/v2\/media\/17688"}],"wp:attachment":[{"href":"https:\/\/saiga.es\/fr\/wp-json\/wp\/v2\/media?parent=17690"}],"wp:term":[{"taxonomy":"product_brand","embeddable":true,"href":"https:\/\/saiga.es\/fr\/wp-json\/wp\/v2\/product_brand?post=17690"},{"taxonomy":"product_cat","embeddable":true,"href":"https:\/\/saiga.es\/fr\/wp-json\/wp\/v2\/product_cat?post=17690"},{"taxonomy":"product_tag","embeddable":true,"href":"https:\/\/saiga.es\/fr\/wp-json\/wp\/v2\/product_tag?post=17690"}],"curies":[{"name":"wp","href":"https:\/\/api.w.org\/{rel}","templated":true}]}}