{"id":17710,"date":"2026-01-09T14:19:40","date_gmt":"2026-01-09T14:19:40","guid":{"rendered":"https:\/\/saiga.es\/producte\/biostimulant-siapton-avec-acides-amines\/"},"modified":"2026-01-09T14:19:40","modified_gmt":"2026-01-09T14:19:40","slug":"biostimulant-siapton-avec-acides-amines","status":"publish","type":"product","link":"https:\/\/saiga.es\/fr\/produit\/biostimulant-siapton-avec-acides-amines\/","title":{"rendered":"Biostimulant Siapton avec acides amin\u00e9s"},"content":{"rendered":"<p>Le biostimulant Siapton, enrichi en acides amin\u00e9s, est un produit rapidement absorb\u00e9 par la plante. Il contribue \u00e0 renforcer et \u00e0 \u00e9quilibrer les cultures, am\u00e9liorant ainsi leur fonctionnement interne et favorisant une r\u00e9colte plus abondante et de meilleure qualit\u00e9. <\/p>\n<p data-start=\"634\" data-end=\"665\"><strong data-start=\"641\" data-end=\"665\">Principaux avantages<\/strong><\/p>\n<ul data-start=\"666\" data-end=\"1302\">\n<li data-start=\"666\" data-end=\"800\">\n<p data-start=\"668\" data-end=\"800\">Am\u00e9lioration de la vigueur et de la croissance des cultures gr\u00e2ce \u00e0 l&rsquo;action directe des acides amin\u00e9s.<\/p>\n<\/li>\n<li data-start=\"801\" data-end=\"905\">\n<p data-start=\"803\" data-end=\"905\">Absorption et translocation rapides vers les feuilles et les racines.<\/p>\n<\/li>\n<li data-start=\"906\" data-end=\"1075\">\n<p data-start=\"908\" data-end=\"1075\">Elle aide les plantes \u00e0 se remettre des stress environnementaux, notamment du gel, de la s\u00e9cheresse, des fortes chaleurs ou des dommages caus\u00e9s par les parasites.<\/p>\n<\/li>\n<li data-start=\"1076\" data-end=\"1193\">\n<p data-start=\"1078\" data-end=\"1193\">Il am\u00e9liore la qualit\u00e9 des fruits et augmente le rendement final de la r\u00e9colte.<\/p>\n<\/li>\n<li data-start=\"1194\" data-end=\"1302\">\n<p data-start=\"1196\" data-end=\"1302\">Puissant bioactivateur pour applications foliaires et fertirrigation.<\/p>\n<\/li>\n<\/ul>\n<p data-start=\"1304\" data-end=\"1338\"><strong data-start=\"1311\" data-end=\"1338\">Applications recommand\u00e9es<\/strong><\/p>\n<p data-start=\"1339\" data-end=\"1552\">Siapton est indiqu\u00e9 pour une large gamme de cultures : cultures horticoles (telles que la laitue et les feuilles), arbres fruitiers, agrumes, vignes, c\u00e9r\u00e9ales, cultures fourrag\u00e8res, plantes ornementales et bien plus encore.<\/p>\n<p data-start=\"1554\" data-end=\"1791\">Il peut \u00eatre appliqu\u00e9 \u00e0 n&rsquo;importe quel stade de d\u00e9veloppement des cultures, notamment pendant les p\u00e9riodes de forte croissance v\u00e9g\u00e9tative et apr\u00e8s des situations de stress (gel, gr\u00eale, s\u00e9cheresse ou phytotoxicit\u00e9).<\/p>\n<p data-start=\"1793\" data-end=\"1813\"><strong data-start=\"1800\" data-end=\"1813\">Comment cela fonctionne-t-il ?<\/strong><\/p>\n<p data-start=\"1814\" data-end=\"2070\">Les acides amin\u00e9s de Siapton sont rapidement absorb\u00e9s par la plante, efficacement transport\u00e9s dans tous les tissus et utilis\u00e9s pour am\u00e9liorer des processus vitaux tels que la croissance, la r\u00e9cup\u00e9ration et le m\u00e9tabolisme.<\/p>\n","protected":false},"excerpt":{"rendered":"<p>Le biostimulant Siapton, enrichi en acides amin\u00e9s, est un produit rapidement absorb\u00e9 par la plante. Il contribue \u00e0 renforcer et \u00e0 \u00e9quilibrer les cultures, am\u00e9liorant ainsi leur fonctionnement interne et favorisant une r\u00e9colte plus abondante et de meilleure qualit\u00e9. <\/p>\n","protected":false},"featured_media":17705,"comment_status":"closed","ping_status":"closed","template":"","meta":[],"product_brand":[],"product_cat":[1878,442,425],"product_tag":[],"class_list":{"0":"post-17710","1":"product","2":"type-product","3":"status-publish","4":"has-post-thumbnail","6":"product_cat-engrais-et-engrais","7":"product_cat-non-classe","8":"product_cat-potager","10":"first","11":"instock","12":"taxable","13":"shipping-taxable","14":"purchasable","15":"product-type-variable"},"yoast_head":"<!-- This site is optimized with the Yoast SEO plugin v27.4 - https:\/\/yoast.com\/product\/yoast-seo-wordpress\/ -->\n<title>Biostimulant Siapton avec acides amin\u00e9s | SAIGA<\/title>\n<meta name=\"description\" content=\"Siapton est un biostimulant \u00e0 base d&#039;acides amin\u00e9s qui renforce les cultures face aux stress environnementaux. Tr\u00e8s efficace en cas de gel et de grand froid.\" \/>\n<meta name=\"robots\" content=\"index, follow, max-snippet:-1, max-image-preview:large, max-video-preview:-1\" \/>\n<link rel=\"canonical\" href=\"https:\/\/saiga.es\/fr\/produit\/biostimulant-siapton-avec-acides-amines\/\" \/>\n<meta property=\"og:locale\" content=\"fr_FR\" \/>\n<meta property=\"og:type\" content=\"article\" \/>\n<meta property=\"og:title\" content=\"Biostimulant Siapton avec acides amin\u00e9s | SAIGA\" \/>\n<meta property=\"og:description\" content=\"Siapton est un biostimulant \u00e0 base d&#039;acides amin\u00e9s qui renforce les cultures face aux stress environnementaux. Tr\u00e8s efficace en cas de gel et de grand froid.\" \/>\n<meta property=\"og:url\" content=\"https:\/\/saiga.es\/fr\/produit\/biostimulant-siapton-avec-acides-amines\/\" \/>\n<meta property=\"og:site_name\" content=\"SAIGA\" \/>\n<meta property=\"og:image\" content=\"https:\/\/saiga.es\/wp-content\/uploads\/2026\/01\/Siapton.jpg\" \/>\n\t<meta property=\"og:image:width\" content=\"1080\" \/>\n\t<meta property=\"og:image:height\" content=\"1080\" \/>\n\t<meta property=\"og:image:type\" content=\"image\/jpeg\" \/>\n<meta name=\"twitter:card\" content=\"summary_large_image\" \/>\n<meta name=\"twitter:site\" content=\"@saiga_agro\" \/>\n<meta name=\"twitter:label1\" content=\"Dur\u00e9e de lecture estim\u00e9e\" \/>\n\t<meta name=\"twitter:data1\" content=\"1 minute\" \/>\n<script type=\"application\/ld+json\" class=\"yoast-schema-graph\">{\"@context\":\"https:\\\/\\\/schema.org\",\"@graph\":[{\"@type\":\"WebPage\",\"@id\":\"https:\\\/\\\/saiga.es\\\/fr\\\/produit\\\/biostimulant-siapton-avec-acides-amines\\\/\",\"url\":\"https:\\\/\\\/saiga.es\\\/fr\\\/produit\\\/biostimulant-siapton-avec-acides-amines\\\/\",\"name\":\"Biostimulant Siapton avec acides amin\u00e9s | SAIGA\",\"isPartOf\":{\"@id\":\"https:\\\/\\\/saiga.es\\\/fr\\\/#website\"},\"primaryImageOfPage\":{\"@id\":\"https:\\\/\\\/saiga.es\\\/fr\\\/produit\\\/biostimulant-siapton-avec-acides-amines\\\/#primaryimage\"},\"image\":{\"@id\":\"https:\\\/\\\/saiga.es\\\/fr\\\/produit\\\/biostimulant-siapton-avec-acides-amines\\\/#primaryimage\"},\"thumbnailUrl\":\"https:\\\/\\\/saiga.es\\\/wp-content\\\/uploads\\\/2026\\\/01\\\/Siapton.jpg\",\"datePublished\":\"2026-01-09T14:19:40+00:00\",\"description\":\"Siapton est un biostimulant \u00e0 base d'acides amin\u00e9s qui renforce les cultures face aux stress environnementaux. Tr\u00e8s efficace en cas de gel et de grand froid.\",\"breadcrumb\":{\"@id\":\"https:\\\/\\\/saiga.es\\\/fr\\\/produit\\\/biostimulant-siapton-avec-acides-amines\\\/#breadcrumb\"},\"inLanguage\":\"fr-FR\",\"potentialAction\":[{\"@type\":\"ReadAction\",\"target\":[\"https:\\\/\\\/saiga.es\\\/fr\\\/produit\\\/biostimulant-siapton-avec-acides-amines\\\/\"]}]},{\"@type\":\"ImageObject\",\"inLanguage\":\"fr-FR\",\"@id\":\"https:\\\/\\\/saiga.es\\\/fr\\\/produit\\\/biostimulant-siapton-avec-acides-amines\\\/#primaryimage\",\"url\":\"https:\\\/\\\/saiga.es\\\/wp-content\\\/uploads\\\/2026\\\/01\\\/Siapton.jpg\",\"contentUrl\":\"https:\\\/\\\/saiga.es\\\/wp-content\\\/uploads\\\/2026\\\/01\\\/Siapton.jpg\",\"width\":1080,\"height\":1080,\"caption\":\"Siapton amino\u00e0cid\"},{\"@type\":\"BreadcrumbList\",\"@id\":\"https:\\\/\\\/saiga.es\\\/fr\\\/produit\\\/biostimulant-siapton-avec-acides-amines\\\/#breadcrumb\",\"itemListElement\":[{\"@type\":\"ListItem\",\"position\":1,\"name\":\"Inici\",\"item\":\"https:\\\/\\\/saiga.es\\\/fr\\\/\"},{\"@type\":\"ListItem\",\"position\":2,\"name\":\"boutique\",\"item\":\"https:\\\/\\\/saiga.es\\\/fr\\\/boutique\\\/\"},{\"@type\":\"ListItem\",\"position\":3,\"name\":\"Biostimulant Siapton avec acides amin\u00e9s\"}]},{\"@type\":\"WebSite\",\"@id\":\"https:\\\/\\\/saiga.es\\\/fr\\\/#website\",\"url\":\"https:\\\/\\\/saiga.es\\\/fr\\\/\",\"name\":\"SAIGA\",\"description\":\"M\u00e9s de 50 anys al servei de la terra i treballant per a un \u00fas eficient de l\u2019aigua!\",\"publisher\":{\"@id\":\"https:\\\/\\\/saiga.es\\\/fr\\\/#organization\"},\"potentialAction\":[{\"@type\":\"SearchAction\",\"target\":{\"@type\":\"EntryPoint\",\"urlTemplate\":\"https:\\\/\\\/saiga.es\\\/fr\\\/?s={search_term_string}\"},\"query-input\":{\"@type\":\"PropertyValueSpecification\",\"valueRequired\":true,\"valueName\":\"search_term_string\"}}],\"inLanguage\":\"fr-FR\"},{\"@type\":\"Organization\",\"@id\":\"https:\\\/\\\/saiga.es\\\/fr\\\/#organization\",\"name\":\"SAIGA\",\"url\":\"https:\\\/\\\/saiga.es\\\/fr\\\/\",\"logo\":{\"@type\":\"ImageObject\",\"inLanguage\":\"fr-FR\",\"@id\":\"https:\\\/\\\/saiga.es\\\/fr\\\/#\\\/schema\\\/logo\\\/image\\\/\",\"url\":\"https:\\\/\\\/saiga.es\\\/wp-content\\\/uploads\\\/2025\\\/07\\\/logo_saiga_baseline_optimitzat.svg\",\"contentUrl\":\"https:\\\/\\\/saiga.es\\\/wp-content\\\/uploads\\\/2025\\\/07\\\/logo_saiga_baseline_optimitzat.svg\",\"caption\":\"SAIGA\"},\"image\":{\"@id\":\"https:\\\/\\\/saiga.es\\\/fr\\\/#\\\/schema\\\/logo\\\/image\\\/\"},\"sameAs\":[\"https:\\\/\\\/x.com\\\/saiga_agro\",\"https:\\\/\\\/www.instagram.com\\\/saiga_agro\\\/\"]}]}<\/script>\n<!-- \/ Yoast SEO plugin. -->","yoast_head_json":{"title":"Biostimulant Siapton avec acides amin\u00e9s | SAIGA","description":"Siapton est un biostimulant \u00e0 base d'acides amin\u00e9s qui renforce les cultures face aux stress environnementaux. Tr\u00e8s efficace en cas de gel et de grand froid.","robots":{"index":"index","follow":"follow","max-snippet":"max-snippet:-1","max-image-preview":"max-image-preview:large","max-video-preview":"max-video-preview:-1"},"canonical":"https:\/\/saiga.es\/fr\/produit\/biostimulant-siapton-avec-acides-amines\/","og_locale":"fr_FR","og_type":"article","og_title":"Biostimulant Siapton avec acides amin\u00e9s | SAIGA","og_description":"Siapton est un biostimulant \u00e0 base d'acides amin\u00e9s qui renforce les cultures face aux stress environnementaux. Tr\u00e8s efficace en cas de gel et de grand froid.","og_url":"https:\/\/saiga.es\/fr\/produit\/biostimulant-siapton-avec-acides-amines\/","og_site_name":"SAIGA","og_image":[{"width":1080,"height":1080,"url":"https:\/\/saiga.es\/wp-content\/uploads\/2026\/01\/Siapton.jpg","type":"image\/jpeg"}],"twitter_card":"summary_large_image","twitter_site":"@saiga_agro","twitter_misc":{"Dur\u00e9e de lecture estim\u00e9e":"1 minute"},"schema":{"@context":"https:\/\/schema.org","@graph":[{"@type":"WebPage","@id":"https:\/\/saiga.es\/fr\/produit\/biostimulant-siapton-avec-acides-amines\/","url":"https:\/\/saiga.es\/fr\/produit\/biostimulant-siapton-avec-acides-amines\/","name":"Biostimulant Siapton avec acides amin\u00e9s | SAIGA","isPartOf":{"@id":"https:\/\/saiga.es\/fr\/#website"},"primaryImageOfPage":{"@id":"https:\/\/saiga.es\/fr\/produit\/biostimulant-siapton-avec-acides-amines\/#primaryimage"},"image":{"@id":"https:\/\/saiga.es\/fr\/produit\/biostimulant-siapton-avec-acides-amines\/#primaryimage"},"thumbnailUrl":"https:\/\/saiga.es\/wp-content\/uploads\/2026\/01\/Siapton.jpg","datePublished":"2026-01-09T14:19:40+00:00","description":"Siapton est un biostimulant \u00e0 base d'acides amin\u00e9s qui renforce les cultures face aux stress environnementaux. Tr\u00e8s efficace en cas de gel et de grand froid.","breadcrumb":{"@id":"https:\/\/saiga.es\/fr\/produit\/biostimulant-siapton-avec-acides-amines\/#breadcrumb"},"inLanguage":"fr-FR","potentialAction":[{"@type":"ReadAction","target":["https:\/\/saiga.es\/fr\/produit\/biostimulant-siapton-avec-acides-amines\/"]}]},{"@type":"ImageObject","inLanguage":"fr-FR","@id":"https:\/\/saiga.es\/fr\/produit\/biostimulant-siapton-avec-acides-amines\/#primaryimage","url":"https:\/\/saiga.es\/wp-content\/uploads\/2026\/01\/Siapton.jpg","contentUrl":"https:\/\/saiga.es\/wp-content\/uploads\/2026\/01\/Siapton.jpg","width":1080,"height":1080,"caption":"Siapton amino\u00e0cid"},{"@type":"BreadcrumbList","@id":"https:\/\/saiga.es\/fr\/produit\/biostimulant-siapton-avec-acides-amines\/#breadcrumb","itemListElement":[{"@type":"ListItem","position":1,"name":"Inici","item":"https:\/\/saiga.es\/fr\/"},{"@type":"ListItem","position":2,"name":"boutique","item":"https:\/\/saiga.es\/fr\/boutique\/"},{"@type":"ListItem","position":3,"name":"Biostimulant Siapton avec acides amin\u00e9s"}]},{"@type":"WebSite","@id":"https:\/\/saiga.es\/fr\/#website","url":"https:\/\/saiga.es\/fr\/","name":"SAIGA","description":"M\u00e9s de 50 anys al servei de la terra i treballant per a un \u00fas eficient de l\u2019aigua!","publisher":{"@id":"https:\/\/saiga.es\/fr\/#organization"},"potentialAction":[{"@type":"SearchAction","target":{"@type":"EntryPoint","urlTemplate":"https:\/\/saiga.es\/fr\/?s={search_term_string}"},"query-input":{"@type":"PropertyValueSpecification","valueRequired":true,"valueName":"search_term_string"}}],"inLanguage":"fr-FR"},{"@type":"Organization","@id":"https:\/\/saiga.es\/fr\/#organization","name":"SAIGA","url":"https:\/\/saiga.es\/fr\/","logo":{"@type":"ImageObject","inLanguage":"fr-FR","@id":"https:\/\/saiga.es\/fr\/#\/schema\/logo\/image\/","url":"https:\/\/saiga.es\/wp-content\/uploads\/2025\/07\/logo_saiga_baseline_optimitzat.svg","contentUrl":"https:\/\/saiga.es\/wp-content\/uploads\/2025\/07\/logo_saiga_baseline_optimitzat.svg","caption":"SAIGA"},"image":{"@id":"https:\/\/saiga.es\/fr\/#\/schema\/logo\/image\/"},"sameAs":["https:\/\/x.com\/saiga_agro","https:\/\/www.instagram.com\/saiga_agro\/"]}]}},"_links":{"self":[{"href":"https:\/\/saiga.es\/fr\/wp-json\/wp\/v2\/product\/17710","targetHints":{"allow":["GET"]}}],"collection":[{"href":"https:\/\/saiga.es\/fr\/wp-json\/wp\/v2\/product"}],"about":[{"href":"https:\/\/saiga.es\/fr\/wp-json\/wp\/v2\/types\/product"}],"replies":[{"embeddable":true,"href":"https:\/\/saiga.es\/fr\/wp-json\/wp\/v2\/comments?post=17710"}],"wp:featuredmedia":[{"embeddable":true,"href":"https:\/\/saiga.es\/fr\/wp-json\/wp\/v2\/media\/17705"}],"wp:attachment":[{"href":"https:\/\/saiga.es\/fr\/wp-json\/wp\/v2\/media?parent=17710"}],"wp:term":[{"taxonomy":"product_brand","embeddable":true,"href":"https:\/\/saiga.es\/fr\/wp-json\/wp\/v2\/product_brand?post=17710"},{"taxonomy":"product_cat","embeddable":true,"href":"https:\/\/saiga.es\/fr\/wp-json\/wp\/v2\/product_cat?post=17710"},{"taxonomy":"product_tag","embeddable":true,"href":"https:\/\/saiga.es\/fr\/wp-json\/wp\/v2\/product_tag?post=17710"}],"curies":[{"name":"wp","href":"https:\/\/api.w.org\/{rel}","templated":true}]}}