{"id":17724,"date":"2026-01-12T09:42:06","date_gmt":"2026-01-12T09:42:06","guid":{"rendered":"https:\/\/saiga.es\/producte\/chapeau-protecteur-pour-endives-blanchiment-et-protection-au-jardin\/"},"modified":"2026-01-12T09:59:02","modified_gmt":"2026-01-12T09:59:02","slug":"chapeau-protecteur-pour-endives-blanchiment-et-protection-au-jardin","status":"publish","type":"product","link":"https:\/\/saiga.es\/fr\/produit\/chapeau-protecteur-pour-endives-blanchiment-et-protection-au-jardin\/","title":{"rendered":"Chapeau protecteur pour endives \u2013 Blanchiment et protection au jardin"},"content":{"rendered":"<p>Le capuchon protecteur pour endives est le syst\u00e8me id\u00e9al pour obtenir des endives de qualit\u00e9, \u00e0 la blancheur caract\u00e9ristique, et prot\u00e9ger la plante lors des derni\u00e8res \u00e9tapes de sa culture. Ce capuchon emp\u00eache la lumi\u00e8re directe du soleil d&rsquo;atteindre le c\u0153ur de la plante, r\u00e9duisant ainsi l&rsquo;activit\u00e9 de la chlorophylle et permettant un blanchiment uniforme et naturel avant la r\u00e9colte. <\/p>\n<p data-start=\"656\" data-end=\"679\">Avantages cl\u00e9s :<\/p>\n<ul data-start=\"680\" data-end=\"1247\">\n<li data-start=\"680\" data-end=\"799\">\n<p data-start=\"682\" data-end=\"799\">Blanchiment naturel des endives gr\u00e2ce \u00e0 la r\u00e9duction de la lumi\u00e8re directe.<\/p>\n<\/li>\n<li data-start=\"800\" data-end=\"930\">\n<p data-start=\"802\" data-end=\"930\">Protecci\u00f3 f\u00edsica de la planta, ajudant a preservar la forma original i evitar danys.<\/p>\n<\/li>\n<li data-start=\"931\" data-end=\"1093\">\n<p data-start=\"933\" data-end=\"1093\">Faciles \u00e0 installer sur le terrain et r\u00e9utilisables : les mod\u00e8les avec tiges m\u00e9talliques s\u2019ancrent directement au sol.<\/p>\n<\/li>\n<li data-start=\"1094\" data-end=\"1247\">\n<p data-start=\"1096\" data-end=\"1247\">Cela r\u00e9duit le besoin d&rsquo;\u00e9trangler la plante avec des \u00e9lastiques ou des ficelles, am\u00e9liorant ainsi la douceur finale du produit.<\/p>\n<\/li>\n<\/ul>\n<p>Placez le couvercle sur le plant quelques jours avant la r\u00e9colte pour commencer le blanchiment, ce qui garantit un c\u0153ur ferme et une couleur plus claire, caract\u00e9ristiques des endives de haute qualit\u00e9.<\/p>\n","protected":false},"excerpt":{"rendered":"<p>Le capuchon protecteur pour endives est le syst\u00e8me id\u00e9al pour obtenir des endives de qualit\u00e9, \u00e0 la blancheur caract\u00e9ristique, et prot\u00e9ger la plante lors des derni\u00e8res \u00e9tapes de sa culture. Ce capuchon emp\u00eache la lumi\u00e8re directe du soleil d&rsquo;atteindre le c\u0153ur de la plante, r\u00e9duisant ainsi l&rsquo;activit\u00e9 de la chlorophylle et permettant un blanchiment uniforme et naturel avant la r\u00e9colte. <\/p>\n","protected":false},"featured_media":17719,"comment_status":"closed","ping_status":"closed","template":"","meta":[],"product_brand":[],"product_cat":[2153],"product_tag":[],"class_list":{"0":"post-17724","1":"product","2":"type-product","3":"status-publish","4":"has-post-thumbnail","6":"product_cat-divers","8":"first","9":"instock","10":"taxable","11":"shipping-taxable","12":"purchasable","13":"product-type-simple"},"yoast_head":"<!-- This site is optimized with the Yoast SEO plugin v27.3 - https:\/\/yoast.com\/product\/yoast-seo-wordpress\/ -->\n<title>Chapeau protecteur pour endives \u2013 Blanchiment et protection au jardin | SAIGA<\/title>\n<meta name=\"description\" content=\"Capuchon protecteur pour endives favorisant le blanchiment naturel et prot\u00e9geant la plante avant la r\u00e9colte. Facile \u00e0 utiliser et r\u00e9utilisable.\" \/>\n<meta name=\"robots\" content=\"index, follow, max-snippet:-1, max-image-preview:large, max-video-preview:-1\" \/>\n<link rel=\"canonical\" href=\"https:\/\/saiga.es\/fr\/produit\/chapeau-protecteur-pour-endives-blanchiment-et-protection-au-jardin\/\" \/>\n<meta property=\"og:locale\" content=\"fr_FR\" \/>\n<meta property=\"og:type\" content=\"article\" \/>\n<meta property=\"og:title\" content=\"Chapeau protecteur pour endives \u2013 Blanchiment et protection au jardin | SAIGA\" \/>\n<meta property=\"og:description\" content=\"Capuchon protecteur pour endives favorisant le blanchiment naturel et prot\u00e9geant la plante avant la r\u00e9colte. Facile \u00e0 utiliser et r\u00e9utilisable.\" \/>\n<meta property=\"og:url\" content=\"https:\/\/saiga.es\/fr\/produit\/chapeau-protecteur-pour-endives-blanchiment-et-protection-au-jardin\/\" \/>\n<meta property=\"og:site_name\" content=\"SAIGA\" \/>\n<meta property=\"article:modified_time\" content=\"2026-01-12T09:59:02+00:00\" \/>\n<meta property=\"og:image\" content=\"https:\/\/saiga.es\/wp-content\/uploads\/2026\/01\/Barret-escarola.jpg\" \/>\n\t<meta property=\"og:image:width\" content=\"1080\" \/>\n\t<meta property=\"og:image:height\" content=\"1080\" \/>\n\t<meta property=\"og:image:type\" content=\"image\/jpeg\" \/>\n<meta name=\"twitter:card\" content=\"summary_large_image\" \/>\n<meta name=\"twitter:site\" content=\"@saiga_agro\" \/>\n<meta name=\"twitter:label1\" content=\"Dur\u00e9e de lecture estim\u00e9e\" \/>\n\t<meta name=\"twitter:data1\" content=\"1 minute\" \/>\n<script type=\"application\/ld+json\" class=\"yoast-schema-graph\">{\"@context\":\"https:\\\/\\\/schema.org\",\"@graph\":[{\"@type\":\"WebPage\",\"@id\":\"https:\\\/\\\/saiga.es\\\/fr\\\/produit\\\/chapeau-protecteur-pour-endives-blanchiment-et-protection-au-jardin\\\/\",\"url\":\"https:\\\/\\\/saiga.es\\\/fr\\\/produit\\\/chapeau-protecteur-pour-endives-blanchiment-et-protection-au-jardin\\\/\",\"name\":\"Chapeau protecteur pour endives \u2013 Blanchiment et protection au jardin | SAIGA\",\"isPartOf\":{\"@id\":\"https:\\\/\\\/saiga.es\\\/fr\\\/#website\"},\"primaryImageOfPage\":{\"@id\":\"https:\\\/\\\/saiga.es\\\/fr\\\/produit\\\/chapeau-protecteur-pour-endives-blanchiment-et-protection-au-jardin\\\/#primaryimage\"},\"image\":{\"@id\":\"https:\\\/\\\/saiga.es\\\/fr\\\/produit\\\/chapeau-protecteur-pour-endives-blanchiment-et-protection-au-jardin\\\/#primaryimage\"},\"thumbnailUrl\":\"https:\\\/\\\/saiga.es\\\/wp-content\\\/uploads\\\/2026\\\/01\\\/Barret-escarola.jpg\",\"datePublished\":\"2026-01-12T09:42:06+00:00\",\"dateModified\":\"2026-01-12T09:59:02+00:00\",\"description\":\"Capuchon protecteur pour endives favorisant le blanchiment naturel et prot\u00e9geant la plante avant la r\u00e9colte. Facile \u00e0 utiliser et r\u00e9utilisable.\",\"breadcrumb\":{\"@id\":\"https:\\\/\\\/saiga.es\\\/fr\\\/produit\\\/chapeau-protecteur-pour-endives-blanchiment-et-protection-au-jardin\\\/#breadcrumb\"},\"inLanguage\":\"fr-FR\",\"potentialAction\":[{\"@type\":\"ReadAction\",\"target\":[\"https:\\\/\\\/saiga.es\\\/fr\\\/produit\\\/chapeau-protecteur-pour-endives-blanchiment-et-protection-au-jardin\\\/\"]}]},{\"@type\":\"ImageObject\",\"inLanguage\":\"fr-FR\",\"@id\":\"https:\\\/\\\/saiga.es\\\/fr\\\/produit\\\/chapeau-protecteur-pour-endives-blanchiment-et-protection-au-jardin\\\/#primaryimage\",\"url\":\"https:\\\/\\\/saiga.es\\\/wp-content\\\/uploads\\\/2026\\\/01\\\/Barret-escarola.jpg\",\"contentUrl\":\"https:\\\/\\\/saiga.es\\\/wp-content\\\/uploads\\\/2026\\\/01\\\/Barret-escarola.jpg\",\"width\":1080,\"height\":1080,\"caption\":\"Chapeau de protection pour endives\"},{\"@type\":\"BreadcrumbList\",\"@id\":\"https:\\\/\\\/saiga.es\\\/fr\\\/produit\\\/chapeau-protecteur-pour-endives-blanchiment-et-protection-au-jardin\\\/#breadcrumb\",\"itemListElement\":[{\"@type\":\"ListItem\",\"position\":1,\"name\":\"Inici\",\"item\":\"https:\\\/\\\/saiga.es\\\/fr\\\/\"},{\"@type\":\"ListItem\",\"position\":2,\"name\":\"boutique\",\"item\":\"https:\\\/\\\/saiga.es\\\/fr\\\/boutique\\\/\"},{\"@type\":\"ListItem\",\"position\":3,\"name\":\"Chapeau protecteur pour endives \u2013 Blanchiment et protection au jardin\"}]},{\"@type\":\"WebSite\",\"@id\":\"https:\\\/\\\/saiga.es\\\/fr\\\/#website\",\"url\":\"https:\\\/\\\/saiga.es\\\/fr\\\/\",\"name\":\"SAIGA\",\"description\":\"M\u00e9s de 50 anys al servei de la terra i treballant per a un \u00fas eficient de l\u2019aigua!\",\"publisher\":{\"@id\":\"https:\\\/\\\/saiga.es\\\/fr\\\/#organization\"},\"potentialAction\":[{\"@type\":\"SearchAction\",\"target\":{\"@type\":\"EntryPoint\",\"urlTemplate\":\"https:\\\/\\\/saiga.es\\\/fr\\\/?s={search_term_string}\"},\"query-input\":{\"@type\":\"PropertyValueSpecification\",\"valueRequired\":true,\"valueName\":\"search_term_string\"}}],\"inLanguage\":\"fr-FR\"},{\"@type\":\"Organization\",\"@id\":\"https:\\\/\\\/saiga.es\\\/fr\\\/#organization\",\"name\":\"SAIGA\",\"url\":\"https:\\\/\\\/saiga.es\\\/fr\\\/\",\"logo\":{\"@type\":\"ImageObject\",\"inLanguage\":\"fr-FR\",\"@id\":\"https:\\\/\\\/saiga.es\\\/fr\\\/#\\\/schema\\\/logo\\\/image\\\/\",\"url\":\"https:\\\/\\\/saiga.es\\\/wp-content\\\/uploads\\\/2025\\\/07\\\/logo_saiga_baseline_optimitzat.svg\",\"contentUrl\":\"https:\\\/\\\/saiga.es\\\/wp-content\\\/uploads\\\/2025\\\/07\\\/logo_saiga_baseline_optimitzat.svg\",\"caption\":\"SAIGA\"},\"image\":{\"@id\":\"https:\\\/\\\/saiga.es\\\/fr\\\/#\\\/schema\\\/logo\\\/image\\\/\"},\"sameAs\":[\"https:\\\/\\\/x.com\\\/saiga_agro\",\"https:\\\/\\\/www.instagram.com\\\/saiga_agro\\\/\"]}]}<\/script>\n<!-- \/ Yoast SEO plugin. -->","yoast_head_json":{"title":"Chapeau protecteur pour endives \u2013 Blanchiment et protection au jardin | SAIGA","description":"Capuchon protecteur pour endives favorisant le blanchiment naturel et prot\u00e9geant la plante avant la r\u00e9colte. Facile \u00e0 utiliser et r\u00e9utilisable.","robots":{"index":"index","follow":"follow","max-snippet":"max-snippet:-1","max-image-preview":"max-image-preview:large","max-video-preview":"max-video-preview:-1"},"canonical":"https:\/\/saiga.es\/fr\/produit\/chapeau-protecteur-pour-endives-blanchiment-et-protection-au-jardin\/","og_locale":"fr_FR","og_type":"article","og_title":"Chapeau protecteur pour endives \u2013 Blanchiment et protection au jardin | SAIGA","og_description":"Capuchon protecteur pour endives favorisant le blanchiment naturel et prot\u00e9geant la plante avant la r\u00e9colte. Facile \u00e0 utiliser et r\u00e9utilisable.","og_url":"https:\/\/saiga.es\/fr\/produit\/chapeau-protecteur-pour-endives-blanchiment-et-protection-au-jardin\/","og_site_name":"SAIGA","article_modified_time":"2026-01-12T09:59:02+00:00","og_image":[{"width":1080,"height":1080,"url":"https:\/\/saiga.es\/wp-content\/uploads\/2026\/01\/Barret-escarola.jpg","type":"image\/jpeg"}],"twitter_card":"summary_large_image","twitter_site":"@saiga_agro","twitter_misc":{"Dur\u00e9e de lecture estim\u00e9e":"1 minute"},"schema":{"@context":"https:\/\/schema.org","@graph":[{"@type":"WebPage","@id":"https:\/\/saiga.es\/fr\/produit\/chapeau-protecteur-pour-endives-blanchiment-et-protection-au-jardin\/","url":"https:\/\/saiga.es\/fr\/produit\/chapeau-protecteur-pour-endives-blanchiment-et-protection-au-jardin\/","name":"Chapeau protecteur pour endives \u2013 Blanchiment et protection au jardin | SAIGA","isPartOf":{"@id":"https:\/\/saiga.es\/fr\/#website"},"primaryImageOfPage":{"@id":"https:\/\/saiga.es\/fr\/produit\/chapeau-protecteur-pour-endives-blanchiment-et-protection-au-jardin\/#primaryimage"},"image":{"@id":"https:\/\/saiga.es\/fr\/produit\/chapeau-protecteur-pour-endives-blanchiment-et-protection-au-jardin\/#primaryimage"},"thumbnailUrl":"https:\/\/saiga.es\/wp-content\/uploads\/2026\/01\/Barret-escarola.jpg","datePublished":"2026-01-12T09:42:06+00:00","dateModified":"2026-01-12T09:59:02+00:00","description":"Capuchon protecteur pour endives favorisant le blanchiment naturel et prot\u00e9geant la plante avant la r\u00e9colte. Facile \u00e0 utiliser et r\u00e9utilisable.","breadcrumb":{"@id":"https:\/\/saiga.es\/fr\/produit\/chapeau-protecteur-pour-endives-blanchiment-et-protection-au-jardin\/#breadcrumb"},"inLanguage":"fr-FR","potentialAction":[{"@type":"ReadAction","target":["https:\/\/saiga.es\/fr\/produit\/chapeau-protecteur-pour-endives-blanchiment-et-protection-au-jardin\/"]}]},{"@type":"ImageObject","inLanguage":"fr-FR","@id":"https:\/\/saiga.es\/fr\/produit\/chapeau-protecteur-pour-endives-blanchiment-et-protection-au-jardin\/#primaryimage","url":"https:\/\/saiga.es\/wp-content\/uploads\/2026\/01\/Barret-escarola.jpg","contentUrl":"https:\/\/saiga.es\/wp-content\/uploads\/2026\/01\/Barret-escarola.jpg","width":1080,"height":1080,"caption":"Chapeau de protection pour endives"},{"@type":"BreadcrumbList","@id":"https:\/\/saiga.es\/fr\/produit\/chapeau-protecteur-pour-endives-blanchiment-et-protection-au-jardin\/#breadcrumb","itemListElement":[{"@type":"ListItem","position":1,"name":"Inici","item":"https:\/\/saiga.es\/fr\/"},{"@type":"ListItem","position":2,"name":"boutique","item":"https:\/\/saiga.es\/fr\/boutique\/"},{"@type":"ListItem","position":3,"name":"Chapeau protecteur pour endives \u2013 Blanchiment et protection au jardin"}]},{"@type":"WebSite","@id":"https:\/\/saiga.es\/fr\/#website","url":"https:\/\/saiga.es\/fr\/","name":"SAIGA","description":"M\u00e9s de 50 anys al servei de la terra i treballant per a un \u00fas eficient de l\u2019aigua!","publisher":{"@id":"https:\/\/saiga.es\/fr\/#organization"},"potentialAction":[{"@type":"SearchAction","target":{"@type":"EntryPoint","urlTemplate":"https:\/\/saiga.es\/fr\/?s={search_term_string}"},"query-input":{"@type":"PropertyValueSpecification","valueRequired":true,"valueName":"search_term_string"}}],"inLanguage":"fr-FR"},{"@type":"Organization","@id":"https:\/\/saiga.es\/fr\/#organization","name":"SAIGA","url":"https:\/\/saiga.es\/fr\/","logo":{"@type":"ImageObject","inLanguage":"fr-FR","@id":"https:\/\/saiga.es\/fr\/#\/schema\/logo\/image\/","url":"https:\/\/saiga.es\/wp-content\/uploads\/2025\/07\/logo_saiga_baseline_optimitzat.svg","contentUrl":"https:\/\/saiga.es\/wp-content\/uploads\/2025\/07\/logo_saiga_baseline_optimitzat.svg","caption":"SAIGA"},"image":{"@id":"https:\/\/saiga.es\/fr\/#\/schema\/logo\/image\/"},"sameAs":["https:\/\/x.com\/saiga_agro","https:\/\/www.instagram.com\/saiga_agro\/"]}]}},"_links":{"self":[{"href":"https:\/\/saiga.es\/fr\/wp-json\/wp\/v2\/product\/17724","targetHints":{"allow":["GET"]}}],"collection":[{"href":"https:\/\/saiga.es\/fr\/wp-json\/wp\/v2\/product"}],"about":[{"href":"https:\/\/saiga.es\/fr\/wp-json\/wp\/v2\/types\/product"}],"replies":[{"embeddable":true,"href":"https:\/\/saiga.es\/fr\/wp-json\/wp\/v2\/comments?post=17724"}],"wp:featuredmedia":[{"embeddable":true,"href":"https:\/\/saiga.es\/fr\/wp-json\/wp\/v2\/media\/17719"}],"wp:attachment":[{"href":"https:\/\/saiga.es\/fr\/wp-json\/wp\/v2\/media?parent=17724"}],"wp:term":[{"taxonomy":"product_brand","embeddable":true,"href":"https:\/\/saiga.es\/fr\/wp-json\/wp\/v2\/product_brand?post=17724"},{"taxonomy":"product_cat","embeddable":true,"href":"https:\/\/saiga.es\/fr\/wp-json\/wp\/v2\/product_cat?post=17724"},{"taxonomy":"product_tag","embeddable":true,"href":"https:\/\/saiga.es\/fr\/wp-json\/wp\/v2\/product_tag?post=17724"}],"curies":[{"name":"wp","href":"https:\/\/api.w.org\/{rel}","templated":true}]}}