{"id":17770,"date":"2026-01-13T12:55:40","date_gmt":"2026-01-13T12:55:40","guid":{"rendered":"https:\/\/saiga.es\/producte\/mini-serre\/"},"modified":"2026-01-13T12:55:40","modified_gmt":"2026-01-13T12:55:40","slug":"mini-serre","status":"publish","type":"product","link":"https:\/\/saiga.es\/fr\/produit\/mini-serre\/","title":{"rendered":"Mini-serre"},"content":{"rendered":"<p data-start=\"235\" data-end=\"531\">La mini-serre pour plantes est la solution id\u00e9ale pour prot\u00e9ger les cultures, les semis et les plantes ornementales du froid, du vent et des intemp\u00e9ries. Con\u00e7ue pour une utilisation ext\u00e9rieure, elle cr\u00e9e un microclimat optimal qui favorise une croissance saine des plantes tout au long de l&rsquo;ann\u00e9e. <\/p>\n<p data-start=\"533\" data-end=\"792\">Fabriqu\u00e9e dans un mat\u00e9riau r\u00e9sistant et translucide, elle laisse passer la lumi\u00e8re du soleil tout en conservant la chaleur. Sa structure l\u00e9g\u00e8re et stable facilite une installation rapide et une utilisation pratique aussi bien dans les vergers et les jardins que sur les terrasses. <\/p>\n<p data-start=\"794\" data-end=\"984\">Le couvercle \u00e0 ouverture sup\u00e9rieure permet un acc\u00e8s facile aux plantes, une meilleure ventilation et facilite les op\u00e9rations d&rsquo;irrigation ou d&rsquo;entretien sans avoir \u00e0 d\u00e9monter compl\u00e8tement la serre.<\/p>\n<h4 data-start=\"986\" data-end=\"1021\">Avantages de la mini-serre<\/h4>\n<ul data-start=\"1022\" data-end=\"1329\">\n<li data-start=\"1022\" data-end=\"1081\">\n<p data-start=\"1024\" data-end=\"1081\">Prot\u00e8ge les plantes du froid, du gel, du vent et de la pluie<\/p>\n<\/li>\n<li data-start=\"1082\" data-end=\"1137\">\n<p data-start=\"1084\" data-end=\"1137\">Contribue \u00e0 avancer ou \u00e0 prolonger la saison de croissance<\/p>\n<\/li>\n<li data-start=\"1138\" data-end=\"1184\">\n<p data-start=\"1140\" data-end=\"1184\">Maintient une temp\u00e9rature et une humidit\u00e9 plus stables.<\/p>\n<\/li>\n<li data-start=\"1185\" data-end=\"1235\">\n<p data-start=\"1187\" data-end=\"1235\">Mat\u00e9riau translucide laissant passer la lumi\u00e8re<\/p>\n<\/li>\n<li data-start=\"1236\" data-end=\"1290\">\n<p data-start=\"1238\" data-end=\"1290\">Ouverture pratique pour la ventilation et un acc\u00e8s facile<\/p>\n<\/li>\n<li data-start=\"1291\" data-end=\"1329\">\n<p data-start=\"1293\" data-end=\"1329\">L\u00e9ger, durable et facile \u00e0 assembler<\/p>\n<\/li>\n<\/ul>\n<h4 data-start=\"1331\" data-end=\"1348\">Id\u00e9al pour :<\/h4>\n<ul data-start=\"1349\" data-end=\"1485\">\n<li data-start=\"1349\" data-end=\"1375\">\n<p data-start=\"1351\" data-end=\"1375\">Jardins urbains et familiaux<\/p>\n<\/li>\n<li data-start=\"1376\" data-end=\"1397\">\n<p data-start=\"1378\" data-end=\"1397\">Jardins et terrasses<\/p>\n<\/li>\n<li data-start=\"1398\" data-end=\"1440\">\n<p data-start=\"1400\" data-end=\"1440\">Protection des semis et des cultures fragiles<\/p>\n<\/li>\n<li data-start=\"1441\" data-end=\"1485\">\n<p data-start=\"1443\" data-end=\"1485\">usage priv\u00e9 ou passionn\u00e9s de jardinage<\/p>\n<\/li>\n<\/ul>\n<p data-start=\"1487\" data-end=\"1669\">Cette mini-serre protectrice est une solution pratique et efficace pour prendre soin de vos plantes et assurer leur bon d\u00e9veloppement m\u00eame dans des conditions m\u00e9t\u00e9orologiques d\u00e9favorables.<\/p>\n","protected":false},"excerpt":{"rendered":"<p>La mini-serre pour plantes est la solution id\u00e9ale pour prot\u00e9ger les cultures, les semis et les plantes ornementales du froid, du vent et des intemp\u00e9ries. Con\u00e7ue pour une utilisation ext\u00e9rieure, elle cr\u00e9e un microclimat optimal qui favorise une croissance saine des plantes tout au long de l&rsquo;ann\u00e9e. <\/p>\n","protected":false},"featured_media":17767,"comment_status":"closed","ping_status":"closed","template":"","meta":[],"product_brand":[],"product_cat":[442],"product_tag":[],"class_list":{"0":"post-17770","1":"product","2":"type-product","3":"status-publish","4":"has-post-thumbnail","6":"product_cat-non-classe","8":"first","9":"instock","10":"taxable","11":"shipping-taxable","12":"purchasable","13":"product-type-simple"},"yoast_head":"<!-- This site is optimized with the Yoast SEO plugin v27.4 - https:\/\/yoast.com\/product\/yoast-seo-wordpress\/ -->\n<title>Mini-serre | SAIGA<\/title>\n<meta name=\"description\" content=\"Cette mini-serre protectrice est une solution pratique et efficace pour prendre soin de vos plantes et assurer leur bon d\u00e9veloppement m\u00eame dans des conditions m\u00e9t\u00e9orologiques d\u00e9favorables.\" \/>\n<meta name=\"robots\" content=\"index, follow, max-snippet:-1, max-image-preview:large, max-video-preview:-1\" \/>\n<link rel=\"canonical\" href=\"https:\/\/saiga.es\/fr\/produit\/mini-serre\/\" \/>\n<meta property=\"og:locale\" content=\"fr_FR\" \/>\n<meta property=\"og:type\" content=\"article\" \/>\n<meta property=\"og:title\" content=\"Mini-serre | SAIGA\" \/>\n<meta property=\"og:description\" content=\"Cette mini-serre protectrice est une solution pratique et efficace pour prendre soin de vos plantes et assurer leur bon d\u00e9veloppement m\u00eame dans des conditions m\u00e9t\u00e9orologiques d\u00e9favorables.\" \/>\n<meta property=\"og:url\" content=\"https:\/\/saiga.es\/fr\/produit\/mini-serre\/\" \/>\n<meta property=\"og:site_name\" content=\"SAIGA\" \/>\n<meta property=\"og:image\" content=\"https:\/\/saiga.es\/wp-content\/uploads\/2026\/01\/Mini-hivernacle.jpg\" \/>\n\t<meta property=\"og:image:width\" content=\"1080\" \/>\n\t<meta property=\"og:image:height\" content=\"1080\" \/>\n\t<meta property=\"og:image:type\" content=\"image\/jpeg\" \/>\n<meta name=\"twitter:card\" content=\"summary_large_image\" \/>\n<meta name=\"twitter:site\" content=\"@saiga_agro\" \/>\n<meta name=\"twitter:label1\" content=\"Dur\u00e9e de lecture estim\u00e9e\" \/>\n\t<meta name=\"twitter:data1\" content=\"1 minute\" \/>\n<script type=\"application\/ld+json\" class=\"yoast-schema-graph\">{\"@context\":\"https:\\\/\\\/schema.org\",\"@graph\":[{\"@type\":\"WebPage\",\"@id\":\"https:\\\/\\\/saiga.es\\\/fr\\\/produit\\\/mini-serre\\\/\",\"url\":\"https:\\\/\\\/saiga.es\\\/fr\\\/produit\\\/mini-serre\\\/\",\"name\":\"Mini-serre | SAIGA\",\"isPartOf\":{\"@id\":\"https:\\\/\\\/saiga.es\\\/fr\\\/#website\"},\"primaryImageOfPage\":{\"@id\":\"https:\\\/\\\/saiga.es\\\/fr\\\/produit\\\/mini-serre\\\/#primaryimage\"},\"image\":{\"@id\":\"https:\\\/\\\/saiga.es\\\/fr\\\/produit\\\/mini-serre\\\/#primaryimage\"},\"thumbnailUrl\":\"https:\\\/\\\/saiga.es\\\/wp-content\\\/uploads\\\/2026\\\/01\\\/Mini-hivernacle.jpg\",\"datePublished\":\"2026-01-13T12:55:40+00:00\",\"description\":\"Cette mini-serre protectrice est une solution pratique et efficace pour prendre soin de vos plantes et assurer leur bon d\u00e9veloppement m\u00eame dans des conditions m\u00e9t\u00e9orologiques d\u00e9favorables.\",\"breadcrumb\":{\"@id\":\"https:\\\/\\\/saiga.es\\\/fr\\\/produit\\\/mini-serre\\\/#breadcrumb\"},\"inLanguage\":\"fr-FR\",\"potentialAction\":[{\"@type\":\"ReadAction\",\"target\":[\"https:\\\/\\\/saiga.es\\\/fr\\\/produit\\\/mini-serre\\\/\"]}]},{\"@type\":\"ImageObject\",\"inLanguage\":\"fr-FR\",\"@id\":\"https:\\\/\\\/saiga.es\\\/fr\\\/produit\\\/mini-serre\\\/#primaryimage\",\"url\":\"https:\\\/\\\/saiga.es\\\/wp-content\\\/uploads\\\/2026\\\/01\\\/Mini-hivernacle.jpg\",\"contentUrl\":\"https:\\\/\\\/saiga.es\\\/wp-content\\\/uploads\\\/2026\\\/01\\\/Mini-hivernacle.jpg\",\"width\":1080,\"height\":1080,\"caption\":\"Mini-serre\"},{\"@type\":\"BreadcrumbList\",\"@id\":\"https:\\\/\\\/saiga.es\\\/fr\\\/produit\\\/mini-serre\\\/#breadcrumb\",\"itemListElement\":[{\"@type\":\"ListItem\",\"position\":1,\"name\":\"Inici\",\"item\":\"https:\\\/\\\/saiga.es\\\/fr\\\/\"},{\"@type\":\"ListItem\",\"position\":2,\"name\":\"boutique\",\"item\":\"https:\\\/\\\/saiga.es\\\/fr\\\/boutique\\\/\"},{\"@type\":\"ListItem\",\"position\":3,\"name\":\"Mini-serre\"}]},{\"@type\":\"WebSite\",\"@id\":\"https:\\\/\\\/saiga.es\\\/fr\\\/#website\",\"url\":\"https:\\\/\\\/saiga.es\\\/fr\\\/\",\"name\":\"SAIGA\",\"description\":\"M\u00e9s de 50 anys al servei de la terra i treballant per a un \u00fas eficient de l\u2019aigua!\",\"publisher\":{\"@id\":\"https:\\\/\\\/saiga.es\\\/fr\\\/#organization\"},\"potentialAction\":[{\"@type\":\"SearchAction\",\"target\":{\"@type\":\"EntryPoint\",\"urlTemplate\":\"https:\\\/\\\/saiga.es\\\/fr\\\/?s={search_term_string}\"},\"query-input\":{\"@type\":\"PropertyValueSpecification\",\"valueRequired\":true,\"valueName\":\"search_term_string\"}}],\"inLanguage\":\"fr-FR\"},{\"@type\":\"Organization\",\"@id\":\"https:\\\/\\\/saiga.es\\\/fr\\\/#organization\",\"name\":\"SAIGA\",\"url\":\"https:\\\/\\\/saiga.es\\\/fr\\\/\",\"logo\":{\"@type\":\"ImageObject\",\"inLanguage\":\"fr-FR\",\"@id\":\"https:\\\/\\\/saiga.es\\\/fr\\\/#\\\/schema\\\/logo\\\/image\\\/\",\"url\":\"https:\\\/\\\/saiga.es\\\/wp-content\\\/uploads\\\/2025\\\/07\\\/logo_saiga_baseline_optimitzat.svg\",\"contentUrl\":\"https:\\\/\\\/saiga.es\\\/wp-content\\\/uploads\\\/2025\\\/07\\\/logo_saiga_baseline_optimitzat.svg\",\"caption\":\"SAIGA\"},\"image\":{\"@id\":\"https:\\\/\\\/saiga.es\\\/fr\\\/#\\\/schema\\\/logo\\\/image\\\/\"},\"sameAs\":[\"https:\\\/\\\/x.com\\\/saiga_agro\",\"https:\\\/\\\/www.instagram.com\\\/saiga_agro\\\/\"]}]}<\/script>\n<!-- \/ Yoast SEO plugin. -->","yoast_head_json":{"title":"Mini-serre | SAIGA","description":"Cette mini-serre protectrice est une solution pratique et efficace pour prendre soin de vos plantes et assurer leur bon d\u00e9veloppement m\u00eame dans des conditions m\u00e9t\u00e9orologiques d\u00e9favorables.","robots":{"index":"index","follow":"follow","max-snippet":"max-snippet:-1","max-image-preview":"max-image-preview:large","max-video-preview":"max-video-preview:-1"},"canonical":"https:\/\/saiga.es\/fr\/produit\/mini-serre\/","og_locale":"fr_FR","og_type":"article","og_title":"Mini-serre | SAIGA","og_description":"Cette mini-serre protectrice est une solution pratique et efficace pour prendre soin de vos plantes et assurer leur bon d\u00e9veloppement m\u00eame dans des conditions m\u00e9t\u00e9orologiques d\u00e9favorables.","og_url":"https:\/\/saiga.es\/fr\/produit\/mini-serre\/","og_site_name":"SAIGA","og_image":[{"width":1080,"height":1080,"url":"https:\/\/saiga.es\/wp-content\/uploads\/2026\/01\/Mini-hivernacle.jpg","type":"image\/jpeg"}],"twitter_card":"summary_large_image","twitter_site":"@saiga_agro","twitter_misc":{"Dur\u00e9e de lecture estim\u00e9e":"1 minute"},"schema":{"@context":"https:\/\/schema.org","@graph":[{"@type":"WebPage","@id":"https:\/\/saiga.es\/fr\/produit\/mini-serre\/","url":"https:\/\/saiga.es\/fr\/produit\/mini-serre\/","name":"Mini-serre | SAIGA","isPartOf":{"@id":"https:\/\/saiga.es\/fr\/#website"},"primaryImageOfPage":{"@id":"https:\/\/saiga.es\/fr\/produit\/mini-serre\/#primaryimage"},"image":{"@id":"https:\/\/saiga.es\/fr\/produit\/mini-serre\/#primaryimage"},"thumbnailUrl":"https:\/\/saiga.es\/wp-content\/uploads\/2026\/01\/Mini-hivernacle.jpg","datePublished":"2026-01-13T12:55:40+00:00","description":"Cette mini-serre protectrice est une solution pratique et efficace pour prendre soin de vos plantes et assurer leur bon d\u00e9veloppement m\u00eame dans des conditions m\u00e9t\u00e9orologiques d\u00e9favorables.","breadcrumb":{"@id":"https:\/\/saiga.es\/fr\/produit\/mini-serre\/#breadcrumb"},"inLanguage":"fr-FR","potentialAction":[{"@type":"ReadAction","target":["https:\/\/saiga.es\/fr\/produit\/mini-serre\/"]}]},{"@type":"ImageObject","inLanguage":"fr-FR","@id":"https:\/\/saiga.es\/fr\/produit\/mini-serre\/#primaryimage","url":"https:\/\/saiga.es\/wp-content\/uploads\/2026\/01\/Mini-hivernacle.jpg","contentUrl":"https:\/\/saiga.es\/wp-content\/uploads\/2026\/01\/Mini-hivernacle.jpg","width":1080,"height":1080,"caption":"Mini-serre"},{"@type":"BreadcrumbList","@id":"https:\/\/saiga.es\/fr\/produit\/mini-serre\/#breadcrumb","itemListElement":[{"@type":"ListItem","position":1,"name":"Inici","item":"https:\/\/saiga.es\/fr\/"},{"@type":"ListItem","position":2,"name":"boutique","item":"https:\/\/saiga.es\/fr\/boutique\/"},{"@type":"ListItem","position":3,"name":"Mini-serre"}]},{"@type":"WebSite","@id":"https:\/\/saiga.es\/fr\/#website","url":"https:\/\/saiga.es\/fr\/","name":"SAIGA","description":"M\u00e9s de 50 anys al servei de la terra i treballant per a un \u00fas eficient de l\u2019aigua!","publisher":{"@id":"https:\/\/saiga.es\/fr\/#organization"},"potentialAction":[{"@type":"SearchAction","target":{"@type":"EntryPoint","urlTemplate":"https:\/\/saiga.es\/fr\/?s={search_term_string}"},"query-input":{"@type":"PropertyValueSpecification","valueRequired":true,"valueName":"search_term_string"}}],"inLanguage":"fr-FR"},{"@type":"Organization","@id":"https:\/\/saiga.es\/fr\/#organization","name":"SAIGA","url":"https:\/\/saiga.es\/fr\/","logo":{"@type":"ImageObject","inLanguage":"fr-FR","@id":"https:\/\/saiga.es\/fr\/#\/schema\/logo\/image\/","url":"https:\/\/saiga.es\/wp-content\/uploads\/2025\/07\/logo_saiga_baseline_optimitzat.svg","contentUrl":"https:\/\/saiga.es\/wp-content\/uploads\/2025\/07\/logo_saiga_baseline_optimitzat.svg","caption":"SAIGA"},"image":{"@id":"https:\/\/saiga.es\/fr\/#\/schema\/logo\/image\/"},"sameAs":["https:\/\/x.com\/saiga_agro","https:\/\/www.instagram.com\/saiga_agro\/"]}]}},"_links":{"self":[{"href":"https:\/\/saiga.es\/fr\/wp-json\/wp\/v2\/product\/17770","targetHints":{"allow":["GET"]}}],"collection":[{"href":"https:\/\/saiga.es\/fr\/wp-json\/wp\/v2\/product"}],"about":[{"href":"https:\/\/saiga.es\/fr\/wp-json\/wp\/v2\/types\/product"}],"replies":[{"embeddable":true,"href":"https:\/\/saiga.es\/fr\/wp-json\/wp\/v2\/comments?post=17770"}],"wp:featuredmedia":[{"embeddable":true,"href":"https:\/\/saiga.es\/fr\/wp-json\/wp\/v2\/media\/17767"}],"wp:attachment":[{"href":"https:\/\/saiga.es\/fr\/wp-json\/wp\/v2\/media?parent=17770"}],"wp:term":[{"taxonomy":"product_brand","embeddable":true,"href":"https:\/\/saiga.es\/fr\/wp-json\/wp\/v2\/product_brand?post=17770"},{"taxonomy":"product_cat","embeddable":true,"href":"https:\/\/saiga.es\/fr\/wp-json\/wp\/v2\/product_cat?post=17770"},{"taxonomy":"product_tag","embeddable":true,"href":"https:\/\/saiga.es\/fr\/wp-json\/wp\/v2\/product_tag?post=17770"}],"curies":[{"name":"wp","href":"https:\/\/api.w.org\/{rel}","templated":true}]}}