{"id":17784,"date":"2026-01-14T10:49:38","date_gmt":"2026-01-14T10:49:38","guid":{"rendered":"https:\/\/saiga.es\/producte\/protectnet-filet-de-protection-pour-arbres-et-plantes\/"},"modified":"2026-01-27T14:55:24","modified_gmt":"2026-01-27T14:55:24","slug":"protectnet-filet-de-protection-pour-arbres-et-plantes","status":"publish","type":"product","link":"https:\/\/saiga.es\/fr\/produit\/protectnet-filet-de-protection-pour-arbres-et-plantes\/","title":{"rendered":"Protection en filet pour arbres et plantes"},"content":{"rendered":"<p>Protectnet est une solution de protection agricole \u00e9conomique et efficace pour prot\u00e9ger les jeunes arbres, les arbres fruitiers, les oliviers et autres plantes en croissance contre les attaques de rongeurs et d&rsquo;animaux des champs. Fabriqu\u00e9 en maille r\u00e9sistante et l\u00e9g\u00e8re, ce protecteur pr\u00e9vient les d\u00e9g\u00e2ts caus\u00e9s par les lapins, les li\u00e8vres et autres herbivores, favorisant ainsi le bon d\u00e9veloppement des semis et r\u00e9duisant les risques de pertes dans les nouvelles plantations. <\/p>\n<p data-start=\"791\" data-end=\"823\">Principales caract\u00e9ristiques :<\/p>\n<ul data-start=\"824\" data-end=\"1330\">\n<li data-start=\"824\" data-end=\"995\">\n<p data-start=\"826\" data-end=\"995\">Dimensions standard : 50 cm de haut x 23 cm de large, adapt\u00e9es \u00e0 diff\u00e9rentes esp\u00e8ces de jeunes arbres.<\/p>\n<\/li>\n<li data-start=\"996\" data-end=\"1179\">\n<p data-start=\"998\" data-end=\"1179\">Filet de protection : ouvertures de maille de 8 \u00d7 8 mm qui emp\u00eachent l&rsquo;acc\u00e8s des rongeurs sans affecter la croissance des plantes.<\/p>\n<\/li>\n<li data-start=\"1180\" data-end=\"1330\">\n<p data-start=\"1182\" data-end=\"1330\">Installation simple : se place facilement gr\u00e2ce \u00e0 2 supports assurant stabilit\u00e9 et r\u00e9sistance.<\/p>\n<\/li>\n<\/ul>\n<p data-start=\"1182\" data-end=\"1330\">Applications recommand\u00e9es :<\/p>\n<p data-start=\"1182\" data-end=\"1330\">Id\u00e9al pour les arbres fruitiers, les oliviers, les petits arbres et les zones agricoles expos\u00e9es aux animaux de p\u00e2turage, Protectnet offre une barri\u00e8re physique durable et peu co\u00fbteuse qui favorise une croissance saine des plantes.<\/p>\n","protected":false},"excerpt":{"rendered":"<p>Le filet de protection est une solution \u00e9conomique et efficace pour prot\u00e9ger les jeunes arbres, les arbres fruitiers, les oliviers et autres plantes en croissance contre les attaques de rongeurs et d&rsquo;animaux des champs. Fabriqu\u00e9 en filet r\u00e9sistant et l\u00e9ger, ce filet pr\u00e9vient les d\u00e9g\u00e2ts caus\u00e9s par les lapins, les li\u00e8vres et autres herbivores, favorisant ainsi le bon d\u00e9veloppement des semis et r\u00e9duisant les risques de pertes dans les nouvelles plantations. <\/p>\n","protected":false},"featured_media":17779,"comment_status":"closed","ping_status":"closed","template":"","meta":[],"product_brand":[],"product_cat":[439,442,1551],"product_tag":[],"class_list":{"0":"post-17784","1":"product","2":"type-product","3":"status-publish","4":"has-post-thumbnail","6":"product_cat-biocides-fr","7":"product_cat-non-classe","8":"product_cat-produits-naturels","10":"first","11":"instock","12":"taxable","13":"shipping-taxable","14":"purchasable","15":"product-type-simple"},"yoast_head":"<!-- This site is optimized with the Yoast SEO plugin v27.4 - https:\/\/yoast.com\/product\/yoast-seo-wordpress\/ -->\n<title>Protection en filet pour arbres et plantes | SAIGA<\/title>\n<meta name=\"description\" content=\"Protection en filet pour jeunes arbres, pr\u00e9venant les dommages caus\u00e9s par les rongeurs et autres animaux. Id\u00e9ale pour les arbres fruitiers et les oliviers.\" \/>\n<meta name=\"robots\" content=\"index, follow, max-snippet:-1, max-image-preview:large, max-video-preview:-1\" \/>\n<link rel=\"canonical\" href=\"https:\/\/saiga.es\/fr\/produit\/protectnet-filet-de-protection-pour-arbres-et-plantes\/\" \/>\n<meta property=\"og:locale\" content=\"fr_FR\" \/>\n<meta property=\"og:type\" content=\"article\" \/>\n<meta property=\"og:title\" content=\"Protection en filet pour arbres et plantes | SAIGA\" \/>\n<meta property=\"og:description\" content=\"Protection en filet pour jeunes arbres, pr\u00e9venant les dommages caus\u00e9s par les rongeurs et autres animaux. Id\u00e9ale pour les arbres fruitiers et les oliviers.\" \/>\n<meta property=\"og:url\" content=\"https:\/\/saiga.es\/fr\/produit\/protectnet-filet-de-protection-pour-arbres-et-plantes\/\" \/>\n<meta property=\"og:site_name\" content=\"SAIGA\" \/>\n<meta property=\"article:modified_time\" content=\"2026-01-27T14:55:24+00:00\" \/>\n<meta property=\"og:image\" content=\"https:\/\/saiga.es\/wp-content\/uploads\/2026\/01\/Protecnet.jpg\" \/>\n\t<meta property=\"og:image:width\" content=\"1080\" \/>\n\t<meta property=\"og:image:height\" content=\"1080\" \/>\n\t<meta property=\"og:image:type\" content=\"image\/jpeg\" \/>\n<meta name=\"twitter:card\" content=\"summary_large_image\" \/>\n<meta name=\"twitter:site\" content=\"@saiga_agro\" \/>\n<meta name=\"twitter:label1\" content=\"Dur\u00e9e de lecture estim\u00e9e\" \/>\n\t<meta name=\"twitter:data1\" content=\"1 minute\" \/>\n<script type=\"application\/ld+json\" class=\"yoast-schema-graph\">{\"@context\":\"https:\\\/\\\/schema.org\",\"@graph\":[{\"@type\":\"WebPage\",\"@id\":\"https:\\\/\\\/saiga.es\\\/fr\\\/produit\\\/protectnet-filet-de-protection-pour-arbres-et-plantes\\\/\",\"url\":\"https:\\\/\\\/saiga.es\\\/fr\\\/produit\\\/protectnet-filet-de-protection-pour-arbres-et-plantes\\\/\",\"name\":\"Protection en filet pour arbres et plantes | SAIGA\",\"isPartOf\":{\"@id\":\"https:\\\/\\\/saiga.es\\\/fr\\\/#website\"},\"primaryImageOfPage\":{\"@id\":\"https:\\\/\\\/saiga.es\\\/fr\\\/produit\\\/protectnet-filet-de-protection-pour-arbres-et-plantes\\\/#primaryimage\"},\"image\":{\"@id\":\"https:\\\/\\\/saiga.es\\\/fr\\\/produit\\\/protectnet-filet-de-protection-pour-arbres-et-plantes\\\/#primaryimage\"},\"thumbnailUrl\":\"https:\\\/\\\/saiga.es\\\/wp-content\\\/uploads\\\/2026\\\/01\\\/Protecnet.jpg\",\"datePublished\":\"2026-01-14T10:49:38+00:00\",\"dateModified\":\"2026-01-27T14:55:24+00:00\",\"description\":\"Protection en filet pour jeunes arbres, pr\u00e9venant les dommages caus\u00e9s par les rongeurs et autres animaux. Id\u00e9ale pour les arbres fruitiers et les oliviers.\",\"breadcrumb\":{\"@id\":\"https:\\\/\\\/saiga.es\\\/fr\\\/produit\\\/protectnet-filet-de-protection-pour-arbres-et-plantes\\\/#breadcrumb\"},\"inLanguage\":\"fr-FR\",\"potentialAction\":[{\"@type\":\"ReadAction\",\"target\":[\"https:\\\/\\\/saiga.es\\\/fr\\\/produit\\\/protectnet-filet-de-protection-pour-arbres-et-plantes\\\/\"]}]},{\"@type\":\"ImageObject\",\"inLanguage\":\"fr-FR\",\"@id\":\"https:\\\/\\\/saiga.es\\\/fr\\\/produit\\\/protectnet-filet-de-protection-pour-arbres-et-plantes\\\/#primaryimage\",\"url\":\"https:\\\/\\\/saiga.es\\\/wp-content\\\/uploads\\\/2026\\\/01\\\/Protecnet.jpg\",\"contentUrl\":\"https:\\\/\\\/saiga.es\\\/wp-content\\\/uploads\\\/2026\\\/01\\\/Protecnet.jpg\",\"width\":1080,\"height\":1080,\"caption\":\"Protectnet\"},{\"@type\":\"BreadcrumbList\",\"@id\":\"https:\\\/\\\/saiga.es\\\/fr\\\/produit\\\/protectnet-filet-de-protection-pour-arbres-et-plantes\\\/#breadcrumb\",\"itemListElement\":[{\"@type\":\"ListItem\",\"position\":1,\"name\":\"Inici\",\"item\":\"https:\\\/\\\/saiga.es\\\/fr\\\/\"},{\"@type\":\"ListItem\",\"position\":2,\"name\":\"boutique\",\"item\":\"https:\\\/\\\/saiga.es\\\/fr\\\/boutique\\\/\"},{\"@type\":\"ListItem\",\"position\":3,\"name\":\"Protection en filet pour arbres et plantes\"}]},{\"@type\":\"WebSite\",\"@id\":\"https:\\\/\\\/saiga.es\\\/fr\\\/#website\",\"url\":\"https:\\\/\\\/saiga.es\\\/fr\\\/\",\"name\":\"SAIGA\",\"description\":\"M\u00e9s de 50 anys al servei de la terra i treballant per a un \u00fas eficient de l\u2019aigua!\",\"publisher\":{\"@id\":\"https:\\\/\\\/saiga.es\\\/fr\\\/#organization\"},\"potentialAction\":[{\"@type\":\"SearchAction\",\"target\":{\"@type\":\"EntryPoint\",\"urlTemplate\":\"https:\\\/\\\/saiga.es\\\/fr\\\/?s={search_term_string}\"},\"query-input\":{\"@type\":\"PropertyValueSpecification\",\"valueRequired\":true,\"valueName\":\"search_term_string\"}}],\"inLanguage\":\"fr-FR\"},{\"@type\":\"Organization\",\"@id\":\"https:\\\/\\\/saiga.es\\\/fr\\\/#organization\",\"name\":\"SAIGA\",\"url\":\"https:\\\/\\\/saiga.es\\\/fr\\\/\",\"logo\":{\"@type\":\"ImageObject\",\"inLanguage\":\"fr-FR\",\"@id\":\"https:\\\/\\\/saiga.es\\\/fr\\\/#\\\/schema\\\/logo\\\/image\\\/\",\"url\":\"https:\\\/\\\/saiga.es\\\/wp-content\\\/uploads\\\/2025\\\/07\\\/logo_saiga_baseline_optimitzat.svg\",\"contentUrl\":\"https:\\\/\\\/saiga.es\\\/wp-content\\\/uploads\\\/2025\\\/07\\\/logo_saiga_baseline_optimitzat.svg\",\"caption\":\"SAIGA\"},\"image\":{\"@id\":\"https:\\\/\\\/saiga.es\\\/fr\\\/#\\\/schema\\\/logo\\\/image\\\/\"},\"sameAs\":[\"https:\\\/\\\/x.com\\\/saiga_agro\",\"https:\\\/\\\/www.instagram.com\\\/saiga_agro\\\/\"]}]}<\/script>\n<!-- \/ Yoast SEO plugin. -->","yoast_head_json":{"title":"Protection en filet pour arbres et plantes | SAIGA","description":"Protection en filet pour jeunes arbres, pr\u00e9venant les dommages caus\u00e9s par les rongeurs et autres animaux. Id\u00e9ale pour les arbres fruitiers et les oliviers.","robots":{"index":"index","follow":"follow","max-snippet":"max-snippet:-1","max-image-preview":"max-image-preview:large","max-video-preview":"max-video-preview:-1"},"canonical":"https:\/\/saiga.es\/fr\/produit\/protectnet-filet-de-protection-pour-arbres-et-plantes\/","og_locale":"fr_FR","og_type":"article","og_title":"Protection en filet pour arbres et plantes | SAIGA","og_description":"Protection en filet pour jeunes arbres, pr\u00e9venant les dommages caus\u00e9s par les rongeurs et autres animaux. Id\u00e9ale pour les arbres fruitiers et les oliviers.","og_url":"https:\/\/saiga.es\/fr\/produit\/protectnet-filet-de-protection-pour-arbres-et-plantes\/","og_site_name":"SAIGA","article_modified_time":"2026-01-27T14:55:24+00:00","og_image":[{"width":1080,"height":1080,"url":"https:\/\/saiga.es\/wp-content\/uploads\/2026\/01\/Protecnet.jpg","type":"image\/jpeg"}],"twitter_card":"summary_large_image","twitter_site":"@saiga_agro","twitter_misc":{"Dur\u00e9e de lecture estim\u00e9e":"1 minute"},"schema":{"@context":"https:\/\/schema.org","@graph":[{"@type":"WebPage","@id":"https:\/\/saiga.es\/fr\/produit\/protectnet-filet-de-protection-pour-arbres-et-plantes\/","url":"https:\/\/saiga.es\/fr\/produit\/protectnet-filet-de-protection-pour-arbres-et-plantes\/","name":"Protection en filet pour arbres et plantes | SAIGA","isPartOf":{"@id":"https:\/\/saiga.es\/fr\/#website"},"primaryImageOfPage":{"@id":"https:\/\/saiga.es\/fr\/produit\/protectnet-filet-de-protection-pour-arbres-et-plantes\/#primaryimage"},"image":{"@id":"https:\/\/saiga.es\/fr\/produit\/protectnet-filet-de-protection-pour-arbres-et-plantes\/#primaryimage"},"thumbnailUrl":"https:\/\/saiga.es\/wp-content\/uploads\/2026\/01\/Protecnet.jpg","datePublished":"2026-01-14T10:49:38+00:00","dateModified":"2026-01-27T14:55:24+00:00","description":"Protection en filet pour jeunes arbres, pr\u00e9venant les dommages caus\u00e9s par les rongeurs et autres animaux. Id\u00e9ale pour les arbres fruitiers et les oliviers.","breadcrumb":{"@id":"https:\/\/saiga.es\/fr\/produit\/protectnet-filet-de-protection-pour-arbres-et-plantes\/#breadcrumb"},"inLanguage":"fr-FR","potentialAction":[{"@type":"ReadAction","target":["https:\/\/saiga.es\/fr\/produit\/protectnet-filet-de-protection-pour-arbres-et-plantes\/"]}]},{"@type":"ImageObject","inLanguage":"fr-FR","@id":"https:\/\/saiga.es\/fr\/produit\/protectnet-filet-de-protection-pour-arbres-et-plantes\/#primaryimage","url":"https:\/\/saiga.es\/wp-content\/uploads\/2026\/01\/Protecnet.jpg","contentUrl":"https:\/\/saiga.es\/wp-content\/uploads\/2026\/01\/Protecnet.jpg","width":1080,"height":1080,"caption":"Protectnet"},{"@type":"BreadcrumbList","@id":"https:\/\/saiga.es\/fr\/produit\/protectnet-filet-de-protection-pour-arbres-et-plantes\/#breadcrumb","itemListElement":[{"@type":"ListItem","position":1,"name":"Inici","item":"https:\/\/saiga.es\/fr\/"},{"@type":"ListItem","position":2,"name":"boutique","item":"https:\/\/saiga.es\/fr\/boutique\/"},{"@type":"ListItem","position":3,"name":"Protection en filet pour arbres et plantes"}]},{"@type":"WebSite","@id":"https:\/\/saiga.es\/fr\/#website","url":"https:\/\/saiga.es\/fr\/","name":"SAIGA","description":"M\u00e9s de 50 anys al servei de la terra i treballant per a un \u00fas eficient de l\u2019aigua!","publisher":{"@id":"https:\/\/saiga.es\/fr\/#organization"},"potentialAction":[{"@type":"SearchAction","target":{"@type":"EntryPoint","urlTemplate":"https:\/\/saiga.es\/fr\/?s={search_term_string}"},"query-input":{"@type":"PropertyValueSpecification","valueRequired":true,"valueName":"search_term_string"}}],"inLanguage":"fr-FR"},{"@type":"Organization","@id":"https:\/\/saiga.es\/fr\/#organization","name":"SAIGA","url":"https:\/\/saiga.es\/fr\/","logo":{"@type":"ImageObject","inLanguage":"fr-FR","@id":"https:\/\/saiga.es\/fr\/#\/schema\/logo\/image\/","url":"https:\/\/saiga.es\/wp-content\/uploads\/2025\/07\/logo_saiga_baseline_optimitzat.svg","contentUrl":"https:\/\/saiga.es\/wp-content\/uploads\/2025\/07\/logo_saiga_baseline_optimitzat.svg","caption":"SAIGA"},"image":{"@id":"https:\/\/saiga.es\/fr\/#\/schema\/logo\/image\/"},"sameAs":["https:\/\/x.com\/saiga_agro","https:\/\/www.instagram.com\/saiga_agro\/"]}]}},"_links":{"self":[{"href":"https:\/\/saiga.es\/fr\/wp-json\/wp\/v2\/product\/17784","targetHints":{"allow":["GET"]}}],"collection":[{"href":"https:\/\/saiga.es\/fr\/wp-json\/wp\/v2\/product"}],"about":[{"href":"https:\/\/saiga.es\/fr\/wp-json\/wp\/v2\/types\/product"}],"replies":[{"embeddable":true,"href":"https:\/\/saiga.es\/fr\/wp-json\/wp\/v2\/comments?post=17784"}],"wp:featuredmedia":[{"embeddable":true,"href":"https:\/\/saiga.es\/fr\/wp-json\/wp\/v2\/media\/17779"}],"wp:attachment":[{"href":"https:\/\/saiga.es\/fr\/wp-json\/wp\/v2\/media?parent=17784"}],"wp:term":[{"taxonomy":"product_brand","embeddable":true,"href":"https:\/\/saiga.es\/fr\/wp-json\/wp\/v2\/product_brand?post=17784"},{"taxonomy":"product_cat","embeddable":true,"href":"https:\/\/saiga.es\/fr\/wp-json\/wp\/v2\/product_cat?post=17784"},{"taxonomy":"product_tag","embeddable":true,"href":"https:\/\/saiga.es\/fr\/wp-json\/wp\/v2\/product_tag?post=17784"}],"curies":[{"name":"wp","href":"https:\/\/api.w.org\/{rel}","templated":true}]}}