{"id":17813,"date":"2026-01-14T14:03:33","date_gmt":"2026-01-14T14:03:33","guid":{"rendered":"https:\/\/saiga.es\/producte\/bouchon-reducteur-en-pvc\/"},"modified":"2026-01-14T14:03:33","modified_gmt":"2026-01-14T14:03:33","slug":"bouchon-reducteur-en-pvc","status":"publish","type":"product","link":"https:\/\/saiga.es\/fr\/produit\/bouchon-reducteur-en-pvc\/","title":{"rendered":"Bouchon r\u00e9ducteur en PVC"},"content":{"rendered":"<p data-start=\"261\" data-end=\"547\">Le manchon r\u00e9ducteur en PVC pour l&rsquo;\u00e9vacuation est un accessoire indispensable pour raccorder des tuyaux de diam\u00e8tres diff\u00e9rents au sein d&rsquo;un syst\u00e8me d&rsquo;\u00e9vacuation d&rsquo;eau. Il permet une installation s\u00fbre, \u00e9tanche et efficace, garantissant un bon d\u00e9bit d&rsquo;eau et pr\u00e9venant les fuites. <\/p>\n<p data-start=\"549\" data-end=\"865\">Fabriqu\u00e9 en PVC rigide de haute qualit\u00e9, ce passe-c\u00e2ble est con\u00e7u pour les syst\u00e8mes d&rsquo;\u00e9vacuation des eaux us\u00e9es, pluviales et de ventilation, aussi bien pour les applications domestiques que professionnelles. Son installation est simple gr\u00e2ce \u00e0 un collage \u00e0 l&rsquo;aide d&rsquo;un adh\u00e9sif PVC, garantissant une fixation solide et durable. <\/p>\n<h3 data-start=\"867\" data-end=\"898\">Principales caract\u00e9ristiques<\/h3>\n<ul data-start=\"899\" data-end=\"1122\">\n<li data-start=\"899\" data-end=\"944\">\n<p data-start=\"901\" data-end=\"944\">Raccord r\u00e9ducteur pour tuyaux en PVC<\/p>\n<\/li>\n<li data-start=\"945\" data-end=\"976\">\n<p data-start=\"947\" data-end=\"976\">Connexion \u00e9tanche et fiable<\/p>\n<\/li>\n<li data-start=\"977\" data-end=\"1026\">\n<p data-start=\"979\" data-end=\"1026\">mat\u00e9riau r\u00e9sistant \u00e0 l&rsquo;humidit\u00e9 et \u00e0 la corrosion<\/p>\n<\/li>\n<li data-start=\"1027\" data-end=\"1074\">\n<p data-start=\"1029\" data-end=\"1074\">Int\u00e9rieur lisse pour faciliter le passage de l&rsquo;eau<\/p>\n<\/li>\n<li data-start=\"1075\" data-end=\"1122\">\n<p data-start=\"1077\" data-end=\"1122\">Compatible avec diff\u00e9rents syst\u00e8mes d&rsquo;\u00e9vacuation<\/p>\n<\/li>\n<\/ul>\n<h3 data-start=\"1124\" data-end=\"1138\">avantages<\/h3>\n<ul data-start=\"1139\" data-end=\"1303\">\n<li data-start=\"1139\" data-end=\"1180\">\n<p data-start=\"1141\" data-end=\"1180\">Facilite l&rsquo;adaptation entre les sections de tuyauterie<\/p>\n<\/li>\n<li data-start=\"1181\" data-end=\"1216\">\n<p data-start=\"1183\" data-end=\"1216\">R\u00e9duit le risque de fuites d&rsquo;eau<\/p>\n<\/li>\n<li data-start=\"1217\" data-end=\"1262\">\n<p data-start=\"1219\" data-end=\"1262\">Installation rapide sans outils sp\u00e9ciaux<\/p>\n<\/li>\n<li data-start=\"1263\" data-end=\"1303\">\n<p data-start=\"1265\" data-end=\"1303\">solution durable et n\u00e9cessitant peu d&rsquo;entretien<\/p>\n<\/li>\n<\/ul>\n<p data-start=\"1305\" data-end=\"1525\">Ce manchon de r\u00e9duction est une solution pratique pour garantir des installations bien raccord\u00e9es, fonctionnelles et durables. Id\u00e9al pour tout syst\u00e8me d&rsquo;\u00e9vacuation n\u00e9cessitant une adaptation simple des diam\u00e8tres. <\/p>\n","protected":false},"excerpt":{"rendered":"<p>Le manchon r\u00e9ducteur en PVC pour l&rsquo;\u00e9vacuation est un accessoire indispensable pour raccorder des tuyaux de diam\u00e8tres diff\u00e9rents au sein d&rsquo;un syst\u00e8me d&rsquo;\u00e9vacuation d&rsquo;eau. Il permet une installation s\u00fbre, \u00e9tanche et efficace, garantissant un bon d\u00e9bit d&rsquo;eau et pr\u00e9venant les fuites. <\/p>\n","protected":false},"featured_media":17743,"comment_status":"closed","ping_status":"closed","template":"","meta":[],"product_brand":[],"product_cat":[2342],"product_tag":[],"class_list":{"0":"post-17813","1":"product","2":"type-product","3":"status-publish","4":"has-post-thumbnail","6":"product_cat-accessoires-en-pvc","8":"first","9":"instock","10":"taxable","11":"shipping-taxable","12":"purchasable","13":"product-type-variable"},"yoast_head":"<!-- This site is optimized with the Yoast SEO plugin v27.4 - https:\/\/yoast.com\/product\/yoast-seo-wordpress\/ -->\n<title>Bouchon r\u00e9ducteur en PVC | SAIGA<\/title>\n<meta name=\"description\" content=\"Bouchon de r\u00e9duction en PVC pour raccorder des tuyaux de diam\u00e8tres diff\u00e9rents dans les syst\u00e8mes d&#039;\u00e9vacuation d&#039;eau. Raccordement s\u00fbr et \u00e9tanche.\" \/>\n<meta name=\"robots\" content=\"index, follow, max-snippet:-1, max-image-preview:large, max-video-preview:-1\" \/>\n<link rel=\"canonical\" href=\"https:\/\/saiga.es\/fr\/produit\/bouchon-reducteur-en-pvc\/\" \/>\n<meta property=\"og:locale\" content=\"fr_FR\" \/>\n<meta property=\"og:type\" content=\"article\" \/>\n<meta property=\"og:title\" content=\"Bouchon r\u00e9ducteur en PVC | SAIGA\" \/>\n<meta property=\"og:description\" content=\"Bouchon de r\u00e9duction en PVC pour raccorder des tuyaux de diam\u00e8tres diff\u00e9rents dans les syst\u00e8mes d&#039;\u00e9vacuation d&#039;eau. Raccordement s\u00fbr et \u00e9tanche.\" \/>\n<meta property=\"og:url\" content=\"https:\/\/saiga.es\/fr\/produit\/bouchon-reducteur-en-pvc\/\" \/>\n<meta property=\"og:site_name\" content=\"SAIGA\" \/>\n<meta property=\"og:image\" content=\"https:\/\/saiga.es\/wp-content\/uploads\/2026\/01\/Casquet-reduccio.jpg\" \/>\n\t<meta property=\"og:image:width\" content=\"1080\" \/>\n\t<meta property=\"og:image:height\" content=\"1080\" \/>\n\t<meta property=\"og:image:type\" content=\"image\/jpeg\" \/>\n<meta name=\"twitter:card\" content=\"summary_large_image\" \/>\n<meta name=\"twitter:site\" content=\"@saiga_agro\" \/>\n<meta name=\"twitter:label1\" content=\"Dur\u00e9e de lecture estim\u00e9e\" \/>\n\t<meta name=\"twitter:data1\" content=\"1 minute\" \/>\n<script type=\"application\/ld+json\" class=\"yoast-schema-graph\">{\"@context\":\"https:\\\/\\\/schema.org\",\"@graph\":[{\"@type\":\"WebPage\",\"@id\":\"https:\\\/\\\/saiga.es\\\/fr\\\/produit\\\/bouchon-reducteur-en-pvc\\\/\",\"url\":\"https:\\\/\\\/saiga.es\\\/fr\\\/produit\\\/bouchon-reducteur-en-pvc\\\/\",\"name\":\"Bouchon r\u00e9ducteur en PVC | SAIGA\",\"isPartOf\":{\"@id\":\"https:\\\/\\\/saiga.es\\\/fr\\\/#website\"},\"primaryImageOfPage\":{\"@id\":\"https:\\\/\\\/saiga.es\\\/fr\\\/produit\\\/bouchon-reducteur-en-pvc\\\/#primaryimage\"},\"image\":{\"@id\":\"https:\\\/\\\/saiga.es\\\/fr\\\/produit\\\/bouchon-reducteur-en-pvc\\\/#primaryimage\"},\"thumbnailUrl\":\"https:\\\/\\\/saiga.es\\\/wp-content\\\/uploads\\\/2026\\\/01\\\/Casquet-reduccio.jpg\",\"datePublished\":\"2026-01-14T14:03:33+00:00\",\"description\":\"Bouchon de r\u00e9duction en PVC pour raccorder des tuyaux de diam\u00e8tres diff\u00e9rents dans les syst\u00e8mes d'\u00e9vacuation d'eau. Raccordement s\u00fbr et \u00e9tanche.\",\"breadcrumb\":{\"@id\":\"https:\\\/\\\/saiga.es\\\/fr\\\/produit\\\/bouchon-reducteur-en-pvc\\\/#breadcrumb\"},\"inLanguage\":\"fr-FR\",\"potentialAction\":[{\"@type\":\"ReadAction\",\"target\":[\"https:\\\/\\\/saiga.es\\\/fr\\\/produit\\\/bouchon-reducteur-en-pvc\\\/\"]}]},{\"@type\":\"ImageObject\",\"inLanguage\":\"fr-FR\",\"@id\":\"https:\\\/\\\/saiga.es\\\/fr\\\/produit\\\/bouchon-reducteur-en-pvc\\\/#primaryimage\",\"url\":\"https:\\\/\\\/saiga.es\\\/wp-content\\\/uploads\\\/2026\\\/01\\\/Casquet-reduccio.jpg\",\"contentUrl\":\"https:\\\/\\\/saiga.es\\\/wp-content\\\/uploads\\\/2026\\\/01\\\/Casquet-reduccio.jpg\",\"width\":1080,\"height\":1080,\"caption\":\"Bouchon de r\u00e9duction\"},{\"@type\":\"BreadcrumbList\",\"@id\":\"https:\\\/\\\/saiga.es\\\/fr\\\/produit\\\/bouchon-reducteur-en-pvc\\\/#breadcrumb\",\"itemListElement\":[{\"@type\":\"ListItem\",\"position\":1,\"name\":\"Inici\",\"item\":\"https:\\\/\\\/saiga.es\\\/fr\\\/\"},{\"@type\":\"ListItem\",\"position\":2,\"name\":\"boutique\",\"item\":\"https:\\\/\\\/saiga.es\\\/fr\\\/boutique\\\/\"},{\"@type\":\"ListItem\",\"position\":3,\"name\":\"Bouchon r\u00e9ducteur en PVC\"}]},{\"@type\":\"WebSite\",\"@id\":\"https:\\\/\\\/saiga.es\\\/fr\\\/#website\",\"url\":\"https:\\\/\\\/saiga.es\\\/fr\\\/\",\"name\":\"SAIGA\",\"description\":\"M\u00e9s de 50 anys al servei de la terra i treballant per a un \u00fas eficient de l\u2019aigua!\",\"publisher\":{\"@id\":\"https:\\\/\\\/saiga.es\\\/fr\\\/#organization\"},\"potentialAction\":[{\"@type\":\"SearchAction\",\"target\":{\"@type\":\"EntryPoint\",\"urlTemplate\":\"https:\\\/\\\/saiga.es\\\/fr\\\/?s={search_term_string}\"},\"query-input\":{\"@type\":\"PropertyValueSpecification\",\"valueRequired\":true,\"valueName\":\"search_term_string\"}}],\"inLanguage\":\"fr-FR\"},{\"@type\":\"Organization\",\"@id\":\"https:\\\/\\\/saiga.es\\\/fr\\\/#organization\",\"name\":\"SAIGA\",\"url\":\"https:\\\/\\\/saiga.es\\\/fr\\\/\",\"logo\":{\"@type\":\"ImageObject\",\"inLanguage\":\"fr-FR\",\"@id\":\"https:\\\/\\\/saiga.es\\\/fr\\\/#\\\/schema\\\/logo\\\/image\\\/\",\"url\":\"https:\\\/\\\/saiga.es\\\/wp-content\\\/uploads\\\/2025\\\/07\\\/logo_saiga_baseline_optimitzat.svg\",\"contentUrl\":\"https:\\\/\\\/saiga.es\\\/wp-content\\\/uploads\\\/2025\\\/07\\\/logo_saiga_baseline_optimitzat.svg\",\"caption\":\"SAIGA\"},\"image\":{\"@id\":\"https:\\\/\\\/saiga.es\\\/fr\\\/#\\\/schema\\\/logo\\\/image\\\/\"},\"sameAs\":[\"https:\\\/\\\/x.com\\\/saiga_agro\",\"https:\\\/\\\/www.instagram.com\\\/saiga_agro\\\/\"]}]}<\/script>\n<!-- \/ Yoast SEO plugin. -->","yoast_head_json":{"title":"Bouchon r\u00e9ducteur en PVC | SAIGA","description":"Bouchon de r\u00e9duction en PVC pour raccorder des tuyaux de diam\u00e8tres diff\u00e9rents dans les syst\u00e8mes d'\u00e9vacuation d'eau. Raccordement s\u00fbr et \u00e9tanche.","robots":{"index":"index","follow":"follow","max-snippet":"max-snippet:-1","max-image-preview":"max-image-preview:large","max-video-preview":"max-video-preview:-1"},"canonical":"https:\/\/saiga.es\/fr\/produit\/bouchon-reducteur-en-pvc\/","og_locale":"fr_FR","og_type":"article","og_title":"Bouchon r\u00e9ducteur en PVC | SAIGA","og_description":"Bouchon de r\u00e9duction en PVC pour raccorder des tuyaux de diam\u00e8tres diff\u00e9rents dans les syst\u00e8mes d'\u00e9vacuation d'eau. Raccordement s\u00fbr et \u00e9tanche.","og_url":"https:\/\/saiga.es\/fr\/produit\/bouchon-reducteur-en-pvc\/","og_site_name":"SAIGA","og_image":[{"width":1080,"height":1080,"url":"https:\/\/saiga.es\/wp-content\/uploads\/2026\/01\/Casquet-reduccio.jpg","type":"image\/jpeg"}],"twitter_card":"summary_large_image","twitter_site":"@saiga_agro","twitter_misc":{"Dur\u00e9e de lecture estim\u00e9e":"1 minute"},"schema":{"@context":"https:\/\/schema.org","@graph":[{"@type":"WebPage","@id":"https:\/\/saiga.es\/fr\/produit\/bouchon-reducteur-en-pvc\/","url":"https:\/\/saiga.es\/fr\/produit\/bouchon-reducteur-en-pvc\/","name":"Bouchon r\u00e9ducteur en PVC | SAIGA","isPartOf":{"@id":"https:\/\/saiga.es\/fr\/#website"},"primaryImageOfPage":{"@id":"https:\/\/saiga.es\/fr\/produit\/bouchon-reducteur-en-pvc\/#primaryimage"},"image":{"@id":"https:\/\/saiga.es\/fr\/produit\/bouchon-reducteur-en-pvc\/#primaryimage"},"thumbnailUrl":"https:\/\/saiga.es\/wp-content\/uploads\/2026\/01\/Casquet-reduccio.jpg","datePublished":"2026-01-14T14:03:33+00:00","description":"Bouchon de r\u00e9duction en PVC pour raccorder des tuyaux de diam\u00e8tres diff\u00e9rents dans les syst\u00e8mes d'\u00e9vacuation d'eau. Raccordement s\u00fbr et \u00e9tanche.","breadcrumb":{"@id":"https:\/\/saiga.es\/fr\/produit\/bouchon-reducteur-en-pvc\/#breadcrumb"},"inLanguage":"fr-FR","potentialAction":[{"@type":"ReadAction","target":["https:\/\/saiga.es\/fr\/produit\/bouchon-reducteur-en-pvc\/"]}]},{"@type":"ImageObject","inLanguage":"fr-FR","@id":"https:\/\/saiga.es\/fr\/produit\/bouchon-reducteur-en-pvc\/#primaryimage","url":"https:\/\/saiga.es\/wp-content\/uploads\/2026\/01\/Casquet-reduccio.jpg","contentUrl":"https:\/\/saiga.es\/wp-content\/uploads\/2026\/01\/Casquet-reduccio.jpg","width":1080,"height":1080,"caption":"Bouchon de r\u00e9duction"},{"@type":"BreadcrumbList","@id":"https:\/\/saiga.es\/fr\/produit\/bouchon-reducteur-en-pvc\/#breadcrumb","itemListElement":[{"@type":"ListItem","position":1,"name":"Inici","item":"https:\/\/saiga.es\/fr\/"},{"@type":"ListItem","position":2,"name":"boutique","item":"https:\/\/saiga.es\/fr\/boutique\/"},{"@type":"ListItem","position":3,"name":"Bouchon r\u00e9ducteur en PVC"}]},{"@type":"WebSite","@id":"https:\/\/saiga.es\/fr\/#website","url":"https:\/\/saiga.es\/fr\/","name":"SAIGA","description":"M\u00e9s de 50 anys al servei de la terra i treballant per a un \u00fas eficient de l\u2019aigua!","publisher":{"@id":"https:\/\/saiga.es\/fr\/#organization"},"potentialAction":[{"@type":"SearchAction","target":{"@type":"EntryPoint","urlTemplate":"https:\/\/saiga.es\/fr\/?s={search_term_string}"},"query-input":{"@type":"PropertyValueSpecification","valueRequired":true,"valueName":"search_term_string"}}],"inLanguage":"fr-FR"},{"@type":"Organization","@id":"https:\/\/saiga.es\/fr\/#organization","name":"SAIGA","url":"https:\/\/saiga.es\/fr\/","logo":{"@type":"ImageObject","inLanguage":"fr-FR","@id":"https:\/\/saiga.es\/fr\/#\/schema\/logo\/image\/","url":"https:\/\/saiga.es\/wp-content\/uploads\/2025\/07\/logo_saiga_baseline_optimitzat.svg","contentUrl":"https:\/\/saiga.es\/wp-content\/uploads\/2025\/07\/logo_saiga_baseline_optimitzat.svg","caption":"SAIGA"},"image":{"@id":"https:\/\/saiga.es\/fr\/#\/schema\/logo\/image\/"},"sameAs":["https:\/\/x.com\/saiga_agro","https:\/\/www.instagram.com\/saiga_agro\/"]}]}},"_links":{"self":[{"href":"https:\/\/saiga.es\/fr\/wp-json\/wp\/v2\/product\/17813","targetHints":{"allow":["GET"]}}],"collection":[{"href":"https:\/\/saiga.es\/fr\/wp-json\/wp\/v2\/product"}],"about":[{"href":"https:\/\/saiga.es\/fr\/wp-json\/wp\/v2\/types\/product"}],"replies":[{"embeddable":true,"href":"https:\/\/saiga.es\/fr\/wp-json\/wp\/v2\/comments?post=17813"}],"wp:featuredmedia":[{"embeddable":true,"href":"https:\/\/saiga.es\/fr\/wp-json\/wp\/v2\/media\/17743"}],"wp:attachment":[{"href":"https:\/\/saiga.es\/fr\/wp-json\/wp\/v2\/media?parent=17813"}],"wp:term":[{"taxonomy":"product_brand","embeddable":true,"href":"https:\/\/saiga.es\/fr\/wp-json\/wp\/v2\/product_brand?post=17813"},{"taxonomy":"product_cat","embeddable":true,"href":"https:\/\/saiga.es\/fr\/wp-json\/wp\/v2\/product_cat?post=17813"},{"taxonomy":"product_tag","embeddable":true,"href":"https:\/\/saiga.es\/fr\/wp-json\/wp\/v2\/product_tag?post=17813"}],"curies":[{"name":"wp","href":"https:\/\/api.w.org\/{rel}","templated":true}]}}