{"id":18098,"date":"2026-01-26T10:10:14","date_gmt":"2026-01-26T10:10:14","guid":{"rendered":"https:\/\/saiga.es\/producte\/protecteur-contre-les-lapins-et-les-herbicides\/"},"modified":"2026-01-26T10:10:14","modified_gmt":"2026-01-26T10:10:14","slug":"protecteur-contre-les-lapins-et-les-herbicides","status":"publish","type":"product","link":"https:\/\/saiga.es\/fr\/produit\/protecteur-contre-les-lapins-et-les-herbicides\/","title":{"rendered":"Protecteur contre les lapins et les herbicides"},"content":{"rendered":"<p data-start=\"262\" data-end=\"657\">Le protecteur anti-lapins et anti-herbicides est une solution agricole efficace con\u00e7ue pour prot\u00e9ger les jeunes plants, les vignes, les arbres fruitiers et autres cultures de plein champ. D&rsquo;une hauteur de 35 cm et d&rsquo;un diam\u00e8tre de 11 cm, ce protecteur est fourni avec une tige de support et est livr\u00e9 d\u00e9mont\u00e9 \u00e0 l&rsquo;unit\u00e9 ou par paquets de 500 unit\u00e9s, id\u00e9al pour les plantations de moyenne et grande taille. <\/p>\n<h4 data-start=\"659\" data-end=\"692\">Principales caract\u00e9ristiques :<\/h4>\n<ul data-start=\"693\" data-end=\"1442\">\n<li data-start=\"693\" data-end=\"879\">\n<p data-start=\"695\" data-end=\"879\">Protection compl\u00e8te : d\u00e9fense efficace contre les herbicides, les rongeurs, les lapins et les vents violents, am\u00e9liorant ainsi le succ\u00e8s du d\u00e9veloppement des semis.<\/p>\n<\/li>\n<li data-start=\"880\" data-end=\"1089\">\n<p data-start=\"882\" data-end=\"1089\">Mat\u00e9riau r\u00e9sistant : fabriqu\u00e9 en polypropyl\u00e8ne blanc translucide avec un additif anti-UV, qui prot\u00e8ge contre la d\u00e9gradation due au soleil et les intemp\u00e9ries.<\/p>\n<\/li>\n<li data-start=\"1090\" data-end=\"1260\">\n<p data-start=\"1092\" data-end=\"1260\">Durabilit\u00e9 : con\u00e7u pour durer au moins 3 ans dans des conditions normales, ce qui permet de r\u00e9utiliser le protecteur.<\/p>\n<\/li>\n<li data-start=\"1261\" data-end=\"1442\">\n<p data-start=\"1263\" data-end=\"1442\">Installation facile : le protecteur s&rsquo;assemble rapidement gr\u00e2ce \u00e0 la tige fournie, ce qui facilite sa mise en place dans les rang\u00e9es de vignes ou les plantations.<\/p>\n<\/li>\n<\/ul>\n<h4 data-start=\"1444\" data-end=\"1477\">Avantages pour votre r\u00e9colte :<\/h4>\n<ul data-start=\"1478\" data-end=\"1892\">\n<li data-start=\"1478\" data-end=\"1608\">\n<p data-start=\"1480\" data-end=\"1608\">Il favorise un microclimat favorable qui stimule la croissance et la sant\u00e9 des plantes.<\/p>\n<\/li>\n<li data-start=\"1609\" data-end=\"1767\">\n<p data-start=\"1611\" data-end=\"1767\">Cela att\u00e9nue l&rsquo;impact des facteurs externes susceptibles de ralentir le d\u00e9veloppement, tels que les vents secs ou la pression des ravageurs.<\/p>\n<\/li>\n<li data-start=\"1768\" data-end=\"1892\">\n<p data-start=\"1770\" data-end=\"1892\">Optimisez le succ\u00e8s de vos op\u00e9rations agricoles gr\u00e2ce \u00e0 une protection durable et \u00e9conomique.<\/p>\n<\/li>\n<\/ul>\n","protected":false},"excerpt":{"rendered":"<p>Le protecteur anti-lapins et anti-herbicides est une solution agricole efficace con\u00e7ue pour prot\u00e9ger les jeunes plants, les vignes, les arbres fruitiers et autres cultures de plein champ. D&rsquo;une hauteur de 35 cm et d&rsquo;un diam\u00e8tre de 11 cm, ce protecteur est fourni avec une tige de support et est livr\u00e9 d\u00e9mont\u00e9 \u00e0 l&rsquo;unit\u00e9 ou par paquets de 500 unit\u00e9s, id\u00e9al pour les plantations de moyenne et grande taille. <\/p>\n","protected":false},"featured_media":18093,"comment_status":"closed","ping_status":"closed","template":"","meta":[],"product_brand":[],"product_cat":[439,1551],"product_tag":[],"class_list":{"0":"post-18098","1":"product","2":"type-product","3":"status-publish","4":"has-post-thumbnail","6":"product_cat-biocides-fr","7":"product_cat-produits-naturels","9":"first","10":"instock","11":"taxable","12":"shipping-taxable","13":"purchasable","14":"product-type-simple"},"yoast_head":"<!-- This site is optimized with the Yoast SEO plugin v27.4 - https:\/\/yoast.com\/product\/yoast-seo-wordpress\/ -->\n<title>Protecteur contre les lapins et les herbicides | SAIGA<\/title>\n<meta name=\"description\" content=\"Protection A-35 \u00d811 pour vignes et arbres. Prot\u00e8ge des rongeurs, des herbicides et du vent. Mat\u00e9riau r\u00e9sistant trait\u00e9 anti-UV et installation facile.\" \/>\n<meta name=\"robots\" content=\"index, follow, max-snippet:-1, max-image-preview:large, max-video-preview:-1\" \/>\n<link rel=\"canonical\" href=\"https:\/\/saiga.es\/fr\/produit\/protecteur-contre-les-lapins-et-les-herbicides\/\" \/>\n<meta property=\"og:locale\" content=\"fr_FR\" \/>\n<meta property=\"og:type\" content=\"article\" \/>\n<meta property=\"og:title\" content=\"Protecteur contre les lapins et les herbicides | SAIGA\" \/>\n<meta property=\"og:description\" content=\"Protection A-35 \u00d811 pour vignes et arbres. Prot\u00e8ge des rongeurs, des herbicides et du vent. Mat\u00e9riau r\u00e9sistant trait\u00e9 anti-UV et installation facile.\" \/>\n<meta property=\"og:url\" content=\"https:\/\/saiga.es\/fr\/produit\/protecteur-contre-les-lapins-et-les-herbicides\/\" \/>\n<meta property=\"og:site_name\" content=\"SAIGA\" \/>\n<meta property=\"og:image\" content=\"https:\/\/saiga.es\/wp-content\/uploads\/2026\/01\/2.png\" \/>\n\t<meta property=\"og:image:width\" content=\"1080\" \/>\n\t<meta property=\"og:image:height\" content=\"1080\" \/>\n\t<meta property=\"og:image:type\" content=\"image\/png\" \/>\n<meta name=\"twitter:card\" content=\"summary_large_image\" \/>\n<meta name=\"twitter:site\" content=\"@saiga_agro\" \/>\n<meta name=\"twitter:label1\" content=\"Dur\u00e9e de lecture estim\u00e9e\" \/>\n\t<meta name=\"twitter:data1\" content=\"1 minute\" \/>\n<script type=\"application\/ld+json\" class=\"yoast-schema-graph\">{\"@context\":\"https:\\\/\\\/schema.org\",\"@graph\":[{\"@type\":\"WebPage\",\"@id\":\"https:\\\/\\\/saiga.es\\\/fr\\\/produit\\\/protecteur-contre-les-lapins-et-les-herbicides\\\/\",\"url\":\"https:\\\/\\\/saiga.es\\\/fr\\\/produit\\\/protecteur-contre-les-lapins-et-les-herbicides\\\/\",\"name\":\"Protecteur contre les lapins et les herbicides | SAIGA\",\"isPartOf\":{\"@id\":\"https:\\\/\\\/saiga.es\\\/fr\\\/#website\"},\"primaryImageOfPage\":{\"@id\":\"https:\\\/\\\/saiga.es\\\/fr\\\/produit\\\/protecteur-contre-les-lapins-et-les-herbicides\\\/#primaryimage\"},\"image\":{\"@id\":\"https:\\\/\\\/saiga.es\\\/fr\\\/produit\\\/protecteur-contre-les-lapins-et-les-herbicides\\\/#primaryimage\"},\"thumbnailUrl\":\"https:\\\/\\\/saiga.es\\\/wp-content\\\/uploads\\\/2026\\\/01\\\/2.png\",\"datePublished\":\"2026-01-26T10:10:14+00:00\",\"description\":\"Protection A-35 \u00d811 pour vignes et arbres. Prot\u00e8ge des rongeurs, des herbicides et du vent. Mat\u00e9riau r\u00e9sistant trait\u00e9 anti-UV et installation facile.\",\"breadcrumb\":{\"@id\":\"https:\\\/\\\/saiga.es\\\/fr\\\/produit\\\/protecteur-contre-les-lapins-et-les-herbicides\\\/#breadcrumb\"},\"inLanguage\":\"fr-FR\",\"potentialAction\":[{\"@type\":\"ReadAction\",\"target\":[\"https:\\\/\\\/saiga.es\\\/fr\\\/produit\\\/protecteur-contre-les-lapins-et-les-herbicides\\\/\"]}]},{\"@type\":\"ImageObject\",\"inLanguage\":\"fr-FR\",\"@id\":\"https:\\\/\\\/saiga.es\\\/fr\\\/produit\\\/protecteur-contre-les-lapins-et-les-herbicides\\\/#primaryimage\",\"url\":\"https:\\\/\\\/saiga.es\\\/wp-content\\\/uploads\\\/2026\\\/01\\\/2.png\",\"contentUrl\":\"https:\\\/\\\/saiga.es\\\/wp-content\\\/uploads\\\/2026\\\/01\\\/2.png\",\"width\":1080,\"height\":1080,\"caption\":\"Protecteur contre les lapins et les herbicides\"},{\"@type\":\"BreadcrumbList\",\"@id\":\"https:\\\/\\\/saiga.es\\\/fr\\\/produit\\\/protecteur-contre-les-lapins-et-les-herbicides\\\/#breadcrumb\",\"itemListElement\":[{\"@type\":\"ListItem\",\"position\":1,\"name\":\"Inici\",\"item\":\"https:\\\/\\\/saiga.es\\\/fr\\\/\"},{\"@type\":\"ListItem\",\"position\":2,\"name\":\"boutique\",\"item\":\"https:\\\/\\\/saiga.es\\\/fr\\\/boutique\\\/\"},{\"@type\":\"ListItem\",\"position\":3,\"name\":\"Protecteur contre les lapins et les herbicides\"}]},{\"@type\":\"WebSite\",\"@id\":\"https:\\\/\\\/saiga.es\\\/fr\\\/#website\",\"url\":\"https:\\\/\\\/saiga.es\\\/fr\\\/\",\"name\":\"SAIGA\",\"description\":\"M\u00e9s de 50 anys al servei de la terra i treballant per a un \u00fas eficient de l\u2019aigua!\",\"publisher\":{\"@id\":\"https:\\\/\\\/saiga.es\\\/fr\\\/#organization\"},\"potentialAction\":[{\"@type\":\"SearchAction\",\"target\":{\"@type\":\"EntryPoint\",\"urlTemplate\":\"https:\\\/\\\/saiga.es\\\/fr\\\/?s={search_term_string}\"},\"query-input\":{\"@type\":\"PropertyValueSpecification\",\"valueRequired\":true,\"valueName\":\"search_term_string\"}}],\"inLanguage\":\"fr-FR\"},{\"@type\":\"Organization\",\"@id\":\"https:\\\/\\\/saiga.es\\\/fr\\\/#organization\",\"name\":\"SAIGA\",\"url\":\"https:\\\/\\\/saiga.es\\\/fr\\\/\",\"logo\":{\"@type\":\"ImageObject\",\"inLanguage\":\"fr-FR\",\"@id\":\"https:\\\/\\\/saiga.es\\\/fr\\\/#\\\/schema\\\/logo\\\/image\\\/\",\"url\":\"https:\\\/\\\/saiga.es\\\/wp-content\\\/uploads\\\/2025\\\/07\\\/logo_saiga_baseline_optimitzat.svg\",\"contentUrl\":\"https:\\\/\\\/saiga.es\\\/wp-content\\\/uploads\\\/2025\\\/07\\\/logo_saiga_baseline_optimitzat.svg\",\"caption\":\"SAIGA\"},\"image\":{\"@id\":\"https:\\\/\\\/saiga.es\\\/fr\\\/#\\\/schema\\\/logo\\\/image\\\/\"},\"sameAs\":[\"https:\\\/\\\/x.com\\\/saiga_agro\",\"https:\\\/\\\/www.instagram.com\\\/saiga_agro\\\/\"]}]}<\/script>\n<!-- \/ Yoast SEO plugin. -->","yoast_head_json":{"title":"Protecteur contre les lapins et les herbicides | SAIGA","description":"Protection A-35 \u00d811 pour vignes et arbres. Prot\u00e8ge des rongeurs, des herbicides et du vent. Mat\u00e9riau r\u00e9sistant trait\u00e9 anti-UV et installation facile.","robots":{"index":"index","follow":"follow","max-snippet":"max-snippet:-1","max-image-preview":"max-image-preview:large","max-video-preview":"max-video-preview:-1"},"canonical":"https:\/\/saiga.es\/fr\/produit\/protecteur-contre-les-lapins-et-les-herbicides\/","og_locale":"fr_FR","og_type":"article","og_title":"Protecteur contre les lapins et les herbicides | SAIGA","og_description":"Protection A-35 \u00d811 pour vignes et arbres. Prot\u00e8ge des rongeurs, des herbicides et du vent. Mat\u00e9riau r\u00e9sistant trait\u00e9 anti-UV et installation facile.","og_url":"https:\/\/saiga.es\/fr\/produit\/protecteur-contre-les-lapins-et-les-herbicides\/","og_site_name":"SAIGA","og_image":[{"width":1080,"height":1080,"url":"https:\/\/saiga.es\/wp-content\/uploads\/2026\/01\/2.png","type":"image\/png"}],"twitter_card":"summary_large_image","twitter_site":"@saiga_agro","twitter_misc":{"Dur\u00e9e de lecture estim\u00e9e":"1 minute"},"schema":{"@context":"https:\/\/schema.org","@graph":[{"@type":"WebPage","@id":"https:\/\/saiga.es\/fr\/produit\/protecteur-contre-les-lapins-et-les-herbicides\/","url":"https:\/\/saiga.es\/fr\/produit\/protecteur-contre-les-lapins-et-les-herbicides\/","name":"Protecteur contre les lapins et les herbicides | SAIGA","isPartOf":{"@id":"https:\/\/saiga.es\/fr\/#website"},"primaryImageOfPage":{"@id":"https:\/\/saiga.es\/fr\/produit\/protecteur-contre-les-lapins-et-les-herbicides\/#primaryimage"},"image":{"@id":"https:\/\/saiga.es\/fr\/produit\/protecteur-contre-les-lapins-et-les-herbicides\/#primaryimage"},"thumbnailUrl":"https:\/\/saiga.es\/wp-content\/uploads\/2026\/01\/2.png","datePublished":"2026-01-26T10:10:14+00:00","description":"Protection A-35 \u00d811 pour vignes et arbres. Prot\u00e8ge des rongeurs, des herbicides et du vent. Mat\u00e9riau r\u00e9sistant trait\u00e9 anti-UV et installation facile.","breadcrumb":{"@id":"https:\/\/saiga.es\/fr\/produit\/protecteur-contre-les-lapins-et-les-herbicides\/#breadcrumb"},"inLanguage":"fr-FR","potentialAction":[{"@type":"ReadAction","target":["https:\/\/saiga.es\/fr\/produit\/protecteur-contre-les-lapins-et-les-herbicides\/"]}]},{"@type":"ImageObject","inLanguage":"fr-FR","@id":"https:\/\/saiga.es\/fr\/produit\/protecteur-contre-les-lapins-et-les-herbicides\/#primaryimage","url":"https:\/\/saiga.es\/wp-content\/uploads\/2026\/01\/2.png","contentUrl":"https:\/\/saiga.es\/wp-content\/uploads\/2026\/01\/2.png","width":1080,"height":1080,"caption":"Protecteur contre les lapins et les herbicides"},{"@type":"BreadcrumbList","@id":"https:\/\/saiga.es\/fr\/produit\/protecteur-contre-les-lapins-et-les-herbicides\/#breadcrumb","itemListElement":[{"@type":"ListItem","position":1,"name":"Inici","item":"https:\/\/saiga.es\/fr\/"},{"@type":"ListItem","position":2,"name":"boutique","item":"https:\/\/saiga.es\/fr\/boutique\/"},{"@type":"ListItem","position":3,"name":"Protecteur contre les lapins et les herbicides"}]},{"@type":"WebSite","@id":"https:\/\/saiga.es\/fr\/#website","url":"https:\/\/saiga.es\/fr\/","name":"SAIGA","description":"M\u00e9s de 50 anys al servei de la terra i treballant per a un \u00fas eficient de l\u2019aigua!","publisher":{"@id":"https:\/\/saiga.es\/fr\/#organization"},"potentialAction":[{"@type":"SearchAction","target":{"@type":"EntryPoint","urlTemplate":"https:\/\/saiga.es\/fr\/?s={search_term_string}"},"query-input":{"@type":"PropertyValueSpecification","valueRequired":true,"valueName":"search_term_string"}}],"inLanguage":"fr-FR"},{"@type":"Organization","@id":"https:\/\/saiga.es\/fr\/#organization","name":"SAIGA","url":"https:\/\/saiga.es\/fr\/","logo":{"@type":"ImageObject","inLanguage":"fr-FR","@id":"https:\/\/saiga.es\/fr\/#\/schema\/logo\/image\/","url":"https:\/\/saiga.es\/wp-content\/uploads\/2025\/07\/logo_saiga_baseline_optimitzat.svg","contentUrl":"https:\/\/saiga.es\/wp-content\/uploads\/2025\/07\/logo_saiga_baseline_optimitzat.svg","caption":"SAIGA"},"image":{"@id":"https:\/\/saiga.es\/fr\/#\/schema\/logo\/image\/"},"sameAs":["https:\/\/x.com\/saiga_agro","https:\/\/www.instagram.com\/saiga_agro\/"]}]}},"_links":{"self":[{"href":"https:\/\/saiga.es\/fr\/wp-json\/wp\/v2\/product\/18098","targetHints":{"allow":["GET"]}}],"collection":[{"href":"https:\/\/saiga.es\/fr\/wp-json\/wp\/v2\/product"}],"about":[{"href":"https:\/\/saiga.es\/fr\/wp-json\/wp\/v2\/types\/product"}],"replies":[{"embeddable":true,"href":"https:\/\/saiga.es\/fr\/wp-json\/wp\/v2\/comments?post=18098"}],"wp:featuredmedia":[{"embeddable":true,"href":"https:\/\/saiga.es\/fr\/wp-json\/wp\/v2\/media\/18093"}],"wp:attachment":[{"href":"https:\/\/saiga.es\/fr\/wp-json\/wp\/v2\/media?parent=18098"}],"wp:term":[{"taxonomy":"product_brand","embeddable":true,"href":"https:\/\/saiga.es\/fr\/wp-json\/wp\/v2\/product_brand?post=18098"},{"taxonomy":"product_cat","embeddable":true,"href":"https:\/\/saiga.es\/fr\/wp-json\/wp\/v2\/product_cat?post=18098"},{"taxonomy":"product_tag","embeddable":true,"href":"https:\/\/saiga.es\/fr\/wp-json\/wp\/v2\/product_tag?post=18098"}],"curies":[{"name":"wp","href":"https:\/\/api.w.org\/{rel}","templated":true}]}}