{"id":18127,"date":"2026-01-28T12:22:05","date_gmt":"2026-01-28T12:22:05","guid":{"rendered":"https:\/\/saiga.es\/producte\/arroseur-de-secteur-a-360-avec-pioche\/"},"modified":"2026-01-28T12:22:05","modified_gmt":"2026-01-28T12:22:05","slug":"arroseur-de-secteur-a-360-avec-pioche","status":"publish","type":"product","link":"https:\/\/saiga.es\/fr\/produit\/arroseur-de-secteur-a-360-avec-pioche\/","title":{"rendered":"Arroseur de secteur \u00e0 360\u00b0 avec pioche"},"content":{"rendered":"<p data-start=\"177\" data-end=\"514\">Arroseur sectoriel 360\u00b0 avec piquet en m\u00e9tal r\u00e9sistant, con\u00e7u pour une irrigation uniforme et efficace des grandes surfaces de jardins, vergers et zones agricoles. Son syst\u00e8me de rotation assure une distribution homog\u00e8ne de l&rsquo;eau, optimisant la consommation et garantissant une couverture compl\u00e8te de la zone \u00e0 irriguer. <\/p>\n<p data-start=\"516\" data-end=\"804\">Le piquet m\u00e9tallique permet une installation rapide et stable directement au sol, \u00e9vitant tout d\u00e9placement pendant l&rsquo;utilisation. Gr\u00e2ce \u00e0 sa construction robuste, il convient aussi bien \u00e0 un usage domestique que professionnel, garantissant une longue dur\u00e9e de vie m\u00eame dans des conditions exigeantes. <\/p>\n<p data-start=\"806\" data-end=\"901\">Id\u00e9al pour ceux qui recherchent une solution d&rsquo;irrigation durable, simple et efficace pour les grandes surfaces.<\/p>\n","protected":false},"excerpt":{"rendered":"<p>Arroseur sectoriel 360\u00b0 avec piquet en m\u00e9tal r\u00e9sistant, con\u00e7u pour une irrigation uniforme et efficace des grandes surfaces de jardins, vergers et zones agricoles. Son syst\u00e8me de rotation assure une distribution homog\u00e8ne de l&rsquo;eau, optimisant la consommation et garantissant une couverture compl\u00e8te de la zone \u00e0 irriguer. <\/p>\n","protected":false},"featured_media":18119,"comment_status":"closed","ping_status":"closed","template":"","meta":[],"product_brand":[],"product_cat":[470],"product_tag":[],"class_list":{"0":"post-18127","1":"product","2":"type-product","3":"status-publish","4":"has-post-thumbnail","6":"product_cat-arroseurs-et-diffuseurs","8":"first","9":"instock","10":"taxable","11":"shipping-taxable","12":"purchasable","13":"product-type-simple"},"yoast_head":"<!-- This site is optimized with the Yoast SEO plugin v27.4 - https:\/\/yoast.com\/product\/yoast-seo-wordpress\/ -->\n<title>Arroseur de secteur \u00e0 360\u00b0 avec pioche | SAIGA<\/title>\n<meta name=\"description\" content=\"Arroseur sectoriel m\u00e9tallique \u00e0 piquet et rotation \u00e0 360\u00b0 pour l&#039;arrosage de grandes surfaces. Arrosage uniforme, installation facile et usage domestique ou agricole.\" \/>\n<meta name=\"robots\" content=\"index, follow, max-snippet:-1, max-image-preview:large, max-video-preview:-1\" \/>\n<link rel=\"canonical\" href=\"https:\/\/saiga.es\/fr\/produit\/arroseur-de-secteur-a-360-avec-pioche\/\" \/>\n<meta property=\"og:locale\" content=\"fr_FR\" \/>\n<meta property=\"og:type\" content=\"article\" \/>\n<meta property=\"og:title\" content=\"Arroseur de secteur \u00e0 360\u00b0 avec pioche | SAIGA\" \/>\n<meta property=\"og:description\" content=\"Arroseur sectoriel m\u00e9tallique \u00e0 piquet et rotation \u00e0 360\u00b0 pour l&#039;arrosage de grandes surfaces. Arrosage uniforme, installation facile et usage domestique ou agricole.\" \/>\n<meta property=\"og:url\" content=\"https:\/\/saiga.es\/fr\/produit\/arroseur-de-secteur-a-360-avec-pioche\/\" \/>\n<meta property=\"og:site_name\" content=\"SAIGA\" \/>\n<meta property=\"og:image\" content=\"https:\/\/saiga.es\/wp-content\/uploads\/2026\/01\/Aspersor-sectorial-360.jpg\" \/>\n\t<meta property=\"og:image:width\" content=\"1080\" \/>\n\t<meta property=\"og:image:height\" content=\"1080\" \/>\n\t<meta property=\"og:image:type\" content=\"image\/jpeg\" \/>\n<meta name=\"twitter:card\" content=\"summary_large_image\" \/>\n<meta name=\"twitter:site\" content=\"@saiga_agro\" \/>\n<meta name=\"twitter:label1\" content=\"Dur\u00e9e de lecture estim\u00e9e\" \/>\n\t<meta name=\"twitter:data1\" content=\"1 minute\" \/>\n<script type=\"application\/ld+json\" class=\"yoast-schema-graph\">{\"@context\":\"https:\\\/\\\/schema.org\",\"@graph\":[{\"@type\":\"WebPage\",\"@id\":\"https:\\\/\\\/saiga.es\\\/fr\\\/produit\\\/arroseur-de-secteur-a-360-avec-pioche\\\/\",\"url\":\"https:\\\/\\\/saiga.es\\\/fr\\\/produit\\\/arroseur-de-secteur-a-360-avec-pioche\\\/\",\"name\":\"Arroseur de secteur \u00e0 360\u00b0 avec pioche | SAIGA\",\"isPartOf\":{\"@id\":\"https:\\\/\\\/saiga.es\\\/fr\\\/#website\"},\"primaryImageOfPage\":{\"@id\":\"https:\\\/\\\/saiga.es\\\/fr\\\/produit\\\/arroseur-de-secteur-a-360-avec-pioche\\\/#primaryimage\"},\"image\":{\"@id\":\"https:\\\/\\\/saiga.es\\\/fr\\\/produit\\\/arroseur-de-secteur-a-360-avec-pioche\\\/#primaryimage\"},\"thumbnailUrl\":\"https:\\\/\\\/saiga.es\\\/wp-content\\\/uploads\\\/2026\\\/01\\\/Aspersor-sectorial-360.jpg\",\"datePublished\":\"2026-01-28T12:22:05+00:00\",\"description\":\"Arroseur sectoriel m\u00e9tallique \u00e0 piquet et rotation \u00e0 360\u00b0 pour l'arrosage de grandes surfaces. Arrosage uniforme, installation facile et usage domestique ou agricole.\",\"breadcrumb\":{\"@id\":\"https:\\\/\\\/saiga.es\\\/fr\\\/produit\\\/arroseur-de-secteur-a-360-avec-pioche\\\/#breadcrumb\"},\"inLanguage\":\"fr-FR\",\"potentialAction\":[{\"@type\":\"ReadAction\",\"target\":[\"https:\\\/\\\/saiga.es\\\/fr\\\/produit\\\/arroseur-de-secteur-a-360-avec-pioche\\\/\"]}]},{\"@type\":\"ImageObject\",\"inLanguage\":\"fr-FR\",\"@id\":\"https:\\\/\\\/saiga.es\\\/fr\\\/produit\\\/arroseur-de-secteur-a-360-avec-pioche\\\/#primaryimage\",\"url\":\"https:\\\/\\\/saiga.es\\\/wp-content\\\/uploads\\\/2026\\\/01\\\/Aspersor-sectorial-360.jpg\",\"contentUrl\":\"https:\\\/\\\/saiga.es\\\/wp-content\\\/uploads\\\/2026\\\/01\\\/Aspersor-sectorial-360.jpg\",\"width\":1080,\"height\":1080,\"caption\":\"arroseur de secteur \u00e0 360\u00b0\"},{\"@type\":\"BreadcrumbList\",\"@id\":\"https:\\\/\\\/saiga.es\\\/fr\\\/produit\\\/arroseur-de-secteur-a-360-avec-pioche\\\/#breadcrumb\",\"itemListElement\":[{\"@type\":\"ListItem\",\"position\":1,\"name\":\"Inici\",\"item\":\"https:\\\/\\\/saiga.es\\\/fr\\\/\"},{\"@type\":\"ListItem\",\"position\":2,\"name\":\"boutique\",\"item\":\"https:\\\/\\\/saiga.es\\\/fr\\\/boutique\\\/\"},{\"@type\":\"ListItem\",\"position\":3,\"name\":\"Arroseur de secteur \u00e0 360\u00b0 avec pioche\"}]},{\"@type\":\"WebSite\",\"@id\":\"https:\\\/\\\/saiga.es\\\/fr\\\/#website\",\"url\":\"https:\\\/\\\/saiga.es\\\/fr\\\/\",\"name\":\"SAIGA\",\"description\":\"M\u00e9s de 50 anys al servei de la terra i treballant per a un \u00fas eficient de l\u2019aigua!\",\"publisher\":{\"@id\":\"https:\\\/\\\/saiga.es\\\/fr\\\/#organization\"},\"potentialAction\":[{\"@type\":\"SearchAction\",\"target\":{\"@type\":\"EntryPoint\",\"urlTemplate\":\"https:\\\/\\\/saiga.es\\\/fr\\\/?s={search_term_string}\"},\"query-input\":{\"@type\":\"PropertyValueSpecification\",\"valueRequired\":true,\"valueName\":\"search_term_string\"}}],\"inLanguage\":\"fr-FR\"},{\"@type\":\"Organization\",\"@id\":\"https:\\\/\\\/saiga.es\\\/fr\\\/#organization\",\"name\":\"SAIGA\",\"url\":\"https:\\\/\\\/saiga.es\\\/fr\\\/\",\"logo\":{\"@type\":\"ImageObject\",\"inLanguage\":\"fr-FR\",\"@id\":\"https:\\\/\\\/saiga.es\\\/fr\\\/#\\\/schema\\\/logo\\\/image\\\/\",\"url\":\"https:\\\/\\\/saiga.es\\\/wp-content\\\/uploads\\\/2025\\\/07\\\/logo_saiga_baseline_optimitzat.svg\",\"contentUrl\":\"https:\\\/\\\/saiga.es\\\/wp-content\\\/uploads\\\/2025\\\/07\\\/logo_saiga_baseline_optimitzat.svg\",\"caption\":\"SAIGA\"},\"image\":{\"@id\":\"https:\\\/\\\/saiga.es\\\/fr\\\/#\\\/schema\\\/logo\\\/image\\\/\"},\"sameAs\":[\"https:\\\/\\\/x.com\\\/saiga_agro\",\"https:\\\/\\\/www.instagram.com\\\/saiga_agro\\\/\"]}]}<\/script>\n<!-- \/ Yoast SEO plugin. -->","yoast_head_json":{"title":"Arroseur de secteur \u00e0 360\u00b0 avec pioche | SAIGA","description":"Arroseur sectoriel m\u00e9tallique \u00e0 piquet et rotation \u00e0 360\u00b0 pour l'arrosage de grandes surfaces. Arrosage uniforme, installation facile et usage domestique ou agricole.","robots":{"index":"index","follow":"follow","max-snippet":"max-snippet:-1","max-image-preview":"max-image-preview:large","max-video-preview":"max-video-preview:-1"},"canonical":"https:\/\/saiga.es\/fr\/produit\/arroseur-de-secteur-a-360-avec-pioche\/","og_locale":"fr_FR","og_type":"article","og_title":"Arroseur de secteur \u00e0 360\u00b0 avec pioche | SAIGA","og_description":"Arroseur sectoriel m\u00e9tallique \u00e0 piquet et rotation \u00e0 360\u00b0 pour l'arrosage de grandes surfaces. Arrosage uniforme, installation facile et usage domestique ou agricole.","og_url":"https:\/\/saiga.es\/fr\/produit\/arroseur-de-secteur-a-360-avec-pioche\/","og_site_name":"SAIGA","og_image":[{"width":1080,"height":1080,"url":"https:\/\/saiga.es\/wp-content\/uploads\/2026\/01\/Aspersor-sectorial-360.jpg","type":"image\/jpeg"}],"twitter_card":"summary_large_image","twitter_site":"@saiga_agro","twitter_misc":{"Dur\u00e9e de lecture estim\u00e9e":"1 minute"},"schema":{"@context":"https:\/\/schema.org","@graph":[{"@type":"WebPage","@id":"https:\/\/saiga.es\/fr\/produit\/arroseur-de-secteur-a-360-avec-pioche\/","url":"https:\/\/saiga.es\/fr\/produit\/arroseur-de-secteur-a-360-avec-pioche\/","name":"Arroseur de secteur \u00e0 360\u00b0 avec pioche | SAIGA","isPartOf":{"@id":"https:\/\/saiga.es\/fr\/#website"},"primaryImageOfPage":{"@id":"https:\/\/saiga.es\/fr\/produit\/arroseur-de-secteur-a-360-avec-pioche\/#primaryimage"},"image":{"@id":"https:\/\/saiga.es\/fr\/produit\/arroseur-de-secteur-a-360-avec-pioche\/#primaryimage"},"thumbnailUrl":"https:\/\/saiga.es\/wp-content\/uploads\/2026\/01\/Aspersor-sectorial-360.jpg","datePublished":"2026-01-28T12:22:05+00:00","description":"Arroseur sectoriel m\u00e9tallique \u00e0 piquet et rotation \u00e0 360\u00b0 pour l'arrosage de grandes surfaces. Arrosage uniforme, installation facile et usage domestique ou agricole.","breadcrumb":{"@id":"https:\/\/saiga.es\/fr\/produit\/arroseur-de-secteur-a-360-avec-pioche\/#breadcrumb"},"inLanguage":"fr-FR","potentialAction":[{"@type":"ReadAction","target":["https:\/\/saiga.es\/fr\/produit\/arroseur-de-secteur-a-360-avec-pioche\/"]}]},{"@type":"ImageObject","inLanguage":"fr-FR","@id":"https:\/\/saiga.es\/fr\/produit\/arroseur-de-secteur-a-360-avec-pioche\/#primaryimage","url":"https:\/\/saiga.es\/wp-content\/uploads\/2026\/01\/Aspersor-sectorial-360.jpg","contentUrl":"https:\/\/saiga.es\/wp-content\/uploads\/2026\/01\/Aspersor-sectorial-360.jpg","width":1080,"height":1080,"caption":"arroseur de secteur \u00e0 360\u00b0"},{"@type":"BreadcrumbList","@id":"https:\/\/saiga.es\/fr\/produit\/arroseur-de-secteur-a-360-avec-pioche\/#breadcrumb","itemListElement":[{"@type":"ListItem","position":1,"name":"Inici","item":"https:\/\/saiga.es\/fr\/"},{"@type":"ListItem","position":2,"name":"boutique","item":"https:\/\/saiga.es\/fr\/boutique\/"},{"@type":"ListItem","position":3,"name":"Arroseur de secteur \u00e0 360\u00b0 avec pioche"}]},{"@type":"WebSite","@id":"https:\/\/saiga.es\/fr\/#website","url":"https:\/\/saiga.es\/fr\/","name":"SAIGA","description":"M\u00e9s de 50 anys al servei de la terra i treballant per a un \u00fas eficient de l\u2019aigua!","publisher":{"@id":"https:\/\/saiga.es\/fr\/#organization"},"potentialAction":[{"@type":"SearchAction","target":{"@type":"EntryPoint","urlTemplate":"https:\/\/saiga.es\/fr\/?s={search_term_string}"},"query-input":{"@type":"PropertyValueSpecification","valueRequired":true,"valueName":"search_term_string"}}],"inLanguage":"fr-FR"},{"@type":"Organization","@id":"https:\/\/saiga.es\/fr\/#organization","name":"SAIGA","url":"https:\/\/saiga.es\/fr\/","logo":{"@type":"ImageObject","inLanguage":"fr-FR","@id":"https:\/\/saiga.es\/fr\/#\/schema\/logo\/image\/","url":"https:\/\/saiga.es\/wp-content\/uploads\/2025\/07\/logo_saiga_baseline_optimitzat.svg","contentUrl":"https:\/\/saiga.es\/wp-content\/uploads\/2025\/07\/logo_saiga_baseline_optimitzat.svg","caption":"SAIGA"},"image":{"@id":"https:\/\/saiga.es\/fr\/#\/schema\/logo\/image\/"},"sameAs":["https:\/\/x.com\/saiga_agro","https:\/\/www.instagram.com\/saiga_agro\/"]}]}},"_links":{"self":[{"href":"https:\/\/saiga.es\/fr\/wp-json\/wp\/v2\/product\/18127","targetHints":{"allow":["GET"]}}],"collection":[{"href":"https:\/\/saiga.es\/fr\/wp-json\/wp\/v2\/product"}],"about":[{"href":"https:\/\/saiga.es\/fr\/wp-json\/wp\/v2\/types\/product"}],"replies":[{"embeddable":true,"href":"https:\/\/saiga.es\/fr\/wp-json\/wp\/v2\/comments?post=18127"}],"wp:featuredmedia":[{"embeddable":true,"href":"https:\/\/saiga.es\/fr\/wp-json\/wp\/v2\/media\/18119"}],"wp:attachment":[{"href":"https:\/\/saiga.es\/fr\/wp-json\/wp\/v2\/media?parent=18127"}],"wp:term":[{"taxonomy":"product_brand","embeddable":true,"href":"https:\/\/saiga.es\/fr\/wp-json\/wp\/v2\/product_brand?post=18127"},{"taxonomy":"product_cat","embeddable":true,"href":"https:\/\/saiga.es\/fr\/wp-json\/wp\/v2\/product_cat?post=18127"},{"taxonomy":"product_tag","embeddable":true,"href":"https:\/\/saiga.es\/fr\/wp-json\/wp\/v2\/product_tag?post=18127"}],"curies":[{"name":"wp","href":"https:\/\/api.w.org\/{rel}","templated":true}]}}