{"id":18136,"date":"2026-01-28T12:40:11","date_gmt":"2026-01-28T12:40:11","guid":{"rendered":"https:\/\/saiga.es\/producte\/arroseur-dirrigation-sectoriel-en-polypropylene\/"},"modified":"2026-01-28T12:40:11","modified_gmt":"2026-01-28T12:40:11","slug":"arroseur-dirrigation-sectoriel-en-polypropylene","status":"publish","type":"product","link":"https:\/\/saiga.es\/fr\/produit\/arroseur-dirrigation-sectoriel-en-polypropylene\/","title":{"rendered":"Arroseur d&rsquo;irrigation sectoriel en polypropyl\u00e8ne"},"content":{"rendered":"<p data-start=\"173\" data-end=\"608\">L&rsquo;arroseur sectoriel en polypropyl\u00e8ne est une solution simple et efficace pour l&rsquo;irrigation uniforme des espaces verts et des jardins. Fabriqu\u00e9 en polypropyl\u00e8ne r\u00e9sistant, cet arroseur \u00e0 impact avec piquet s&rsquo;installe facilement en le clouant dans le sol et offre une couverture d&rsquo;irrigation \u00e0 360\u00b0 pour garantir une irrigation homog\u00e8ne et efficace de toute la surface. <\/p>\n<p data-start=\"610\" data-end=\"959\">Gr\u00e2ce \u00e0 sa rotation automatique et \u00e0 sa construction robuste, il convient aussi bien \u00e0 un usage domestique que professionnel. Sa longue dur\u00e9e de vie permet une utilisation continue dans diverses conditions de jardinage ou d&rsquo;agriculture l\u00e9g\u00e8re. Id\u00e9al pour entretenir facilement et durablement pelouses, massifs de fleurs et potagers. <\/p>\n","protected":false},"excerpt":{"rendered":"<p>L&rsquo;arroseur sectoriel en polypropyl\u00e8ne est une solution simple et efficace pour l&rsquo;irrigation uniforme des espaces verts et des jardins. Fabriqu\u00e9 en polypropyl\u00e8ne r\u00e9sistant, cet arroseur \u00e0 impact avec piquet s&rsquo;installe facilement en le clouant dans le sol et offre une couverture d&rsquo;irrigation \u00e0 360\u00b0 pour garantir une irrigation homog\u00e8ne et efficace de toute la surface. <\/p>\n","protected":false},"featured_media":18134,"comment_status":"closed","ping_status":"closed","template":"","meta":[],"product_brand":[],"product_cat":[470],"product_tag":[],"class_list":{"0":"post-18136","1":"product","2":"type-product","3":"status-publish","4":"has-post-thumbnail","6":"product_cat-arroseurs-et-diffuseurs","8":"first","9":"instock","10":"taxable","11":"shipping-taxable","12":"purchasable","13":"product-type-simple"},"yoast_head":"<!-- This site is optimized with the Yoast SEO plugin v27.4 - https:\/\/yoast.com\/product\/yoast-seo-wordpress\/ -->\n<title>Arroseur d&#039;irrigation sectoriel en polypropyl\u00e8ne | SAIGA<\/title>\n<meta name=\"description\" content=\"Arroseur sectoriel en polypropyl\u00e8ne avec piquet et couverture \u00e0 360\u00b0. Durable, facile \u00e0 installer et adapt\u00e9 \u00e0 un usage domestique ou professionnel.\" \/>\n<meta name=\"robots\" content=\"index, follow, max-snippet:-1, max-image-preview:large, max-video-preview:-1\" \/>\n<link rel=\"canonical\" href=\"https:\/\/saiga.es\/fr\/produit\/arroseur-dirrigation-sectoriel-en-polypropylene\/\" \/>\n<meta property=\"og:locale\" content=\"fr_FR\" \/>\n<meta property=\"og:type\" content=\"article\" \/>\n<meta property=\"og:title\" content=\"Arroseur d&#039;irrigation sectoriel en polypropyl\u00e8ne | SAIGA\" \/>\n<meta property=\"og:description\" content=\"Arroseur sectoriel en polypropyl\u00e8ne avec piquet et couverture \u00e0 360\u00b0. Durable, facile \u00e0 installer et adapt\u00e9 \u00e0 un usage domestique ou professionnel.\" \/>\n<meta property=\"og:url\" content=\"https:\/\/saiga.es\/fr\/produit\/arroseur-dirrigation-sectoriel-en-polypropylene\/\" \/>\n<meta property=\"og:site_name\" content=\"SAIGA\" \/>\n<meta property=\"og:image\" content=\"https:\/\/saiga.es\/wp-content\/uploads\/2026\/01\/Aspersor-sectorial-de-reg-de-polipropile-.jpg\" \/>\n\t<meta property=\"og:image:width\" content=\"1080\" \/>\n\t<meta property=\"og:image:height\" content=\"1080\" \/>\n\t<meta property=\"og:image:type\" content=\"image\/jpeg\" \/>\n<meta name=\"twitter:card\" content=\"summary_large_image\" \/>\n<meta name=\"twitter:site\" content=\"@saiga_agro\" \/>\n<meta name=\"twitter:label1\" content=\"Dur\u00e9e de lecture estim\u00e9e\" \/>\n\t<meta name=\"twitter:data1\" content=\"1 minute\" \/>\n<script type=\"application\/ld+json\" class=\"yoast-schema-graph\">{\"@context\":\"https:\\\/\\\/schema.org\",\"@graph\":[{\"@type\":\"WebPage\",\"@id\":\"https:\\\/\\\/saiga.es\\\/fr\\\/produit\\\/arroseur-dirrigation-sectoriel-en-polypropylene\\\/\",\"url\":\"https:\\\/\\\/saiga.es\\\/fr\\\/produit\\\/arroseur-dirrigation-sectoriel-en-polypropylene\\\/\",\"name\":\"Arroseur d'irrigation sectoriel en polypropyl\u00e8ne | SAIGA\",\"isPartOf\":{\"@id\":\"https:\\\/\\\/saiga.es\\\/fr\\\/#website\"},\"primaryImageOfPage\":{\"@id\":\"https:\\\/\\\/saiga.es\\\/fr\\\/produit\\\/arroseur-dirrigation-sectoriel-en-polypropylene\\\/#primaryimage\"},\"image\":{\"@id\":\"https:\\\/\\\/saiga.es\\\/fr\\\/produit\\\/arroseur-dirrigation-sectoriel-en-polypropylene\\\/#primaryimage\"},\"thumbnailUrl\":\"https:\\\/\\\/saiga.es\\\/wp-content\\\/uploads\\\/2026\\\/01\\\/Aspersor-sectorial-de-reg-de-polipropile-.jpg\",\"datePublished\":\"2026-01-28T12:40:11+00:00\",\"description\":\"Arroseur sectoriel en polypropyl\u00e8ne avec piquet et couverture \u00e0 360\u00b0. Durable, facile \u00e0 installer et adapt\u00e9 \u00e0 un usage domestique ou professionnel.\",\"breadcrumb\":{\"@id\":\"https:\\\/\\\/saiga.es\\\/fr\\\/produit\\\/arroseur-dirrigation-sectoriel-en-polypropylene\\\/#breadcrumb\"},\"inLanguage\":\"fr-FR\",\"potentialAction\":[{\"@type\":\"ReadAction\",\"target\":[\"https:\\\/\\\/saiga.es\\\/fr\\\/produit\\\/arroseur-dirrigation-sectoriel-en-polypropylene\\\/\"]}]},{\"@type\":\"ImageObject\",\"inLanguage\":\"fr-FR\",\"@id\":\"https:\\\/\\\/saiga.es\\\/fr\\\/produit\\\/arroseur-dirrigation-sectoriel-en-polypropylene\\\/#primaryimage\",\"url\":\"https:\\\/\\\/saiga.es\\\/wp-content\\\/uploads\\\/2026\\\/01\\\/Aspersor-sectorial-de-reg-de-polipropile-.jpg\",\"contentUrl\":\"https:\\\/\\\/saiga.es\\\/wp-content\\\/uploads\\\/2026\\\/01\\\/Aspersor-sectorial-de-reg-de-polipropile-.jpg\",\"width\":1080,\"height\":1080,\"caption\":\"Arroseur d'irrigation sectoriel en polypropyl\u00e8ne\"},{\"@type\":\"BreadcrumbList\",\"@id\":\"https:\\\/\\\/saiga.es\\\/fr\\\/produit\\\/arroseur-dirrigation-sectoriel-en-polypropylene\\\/#breadcrumb\",\"itemListElement\":[{\"@type\":\"ListItem\",\"position\":1,\"name\":\"Inici\",\"item\":\"https:\\\/\\\/saiga.es\\\/fr\\\/\"},{\"@type\":\"ListItem\",\"position\":2,\"name\":\"boutique\",\"item\":\"https:\\\/\\\/saiga.es\\\/fr\\\/boutique\\\/\"},{\"@type\":\"ListItem\",\"position\":3,\"name\":\"Arroseur d&rsquo;irrigation sectoriel en polypropyl\u00e8ne\"}]},{\"@type\":\"WebSite\",\"@id\":\"https:\\\/\\\/saiga.es\\\/fr\\\/#website\",\"url\":\"https:\\\/\\\/saiga.es\\\/fr\\\/\",\"name\":\"SAIGA\",\"description\":\"M\u00e9s de 50 anys al servei de la terra i treballant per a un \u00fas eficient de l\u2019aigua!\",\"publisher\":{\"@id\":\"https:\\\/\\\/saiga.es\\\/fr\\\/#organization\"},\"potentialAction\":[{\"@type\":\"SearchAction\",\"target\":{\"@type\":\"EntryPoint\",\"urlTemplate\":\"https:\\\/\\\/saiga.es\\\/fr\\\/?s={search_term_string}\"},\"query-input\":{\"@type\":\"PropertyValueSpecification\",\"valueRequired\":true,\"valueName\":\"search_term_string\"}}],\"inLanguage\":\"fr-FR\"},{\"@type\":\"Organization\",\"@id\":\"https:\\\/\\\/saiga.es\\\/fr\\\/#organization\",\"name\":\"SAIGA\",\"url\":\"https:\\\/\\\/saiga.es\\\/fr\\\/\",\"logo\":{\"@type\":\"ImageObject\",\"inLanguage\":\"fr-FR\",\"@id\":\"https:\\\/\\\/saiga.es\\\/fr\\\/#\\\/schema\\\/logo\\\/image\\\/\",\"url\":\"https:\\\/\\\/saiga.es\\\/wp-content\\\/uploads\\\/2025\\\/07\\\/logo_saiga_baseline_optimitzat.svg\",\"contentUrl\":\"https:\\\/\\\/saiga.es\\\/wp-content\\\/uploads\\\/2025\\\/07\\\/logo_saiga_baseline_optimitzat.svg\",\"caption\":\"SAIGA\"},\"image\":{\"@id\":\"https:\\\/\\\/saiga.es\\\/fr\\\/#\\\/schema\\\/logo\\\/image\\\/\"},\"sameAs\":[\"https:\\\/\\\/x.com\\\/saiga_agro\",\"https:\\\/\\\/www.instagram.com\\\/saiga_agro\\\/\"]}]}<\/script>\n<!-- \/ Yoast SEO plugin. -->","yoast_head_json":{"title":"Arroseur d'irrigation sectoriel en polypropyl\u00e8ne | SAIGA","description":"Arroseur sectoriel en polypropyl\u00e8ne avec piquet et couverture \u00e0 360\u00b0. Durable, facile \u00e0 installer et adapt\u00e9 \u00e0 un usage domestique ou professionnel.","robots":{"index":"index","follow":"follow","max-snippet":"max-snippet:-1","max-image-preview":"max-image-preview:large","max-video-preview":"max-video-preview:-1"},"canonical":"https:\/\/saiga.es\/fr\/produit\/arroseur-dirrigation-sectoriel-en-polypropylene\/","og_locale":"fr_FR","og_type":"article","og_title":"Arroseur d'irrigation sectoriel en polypropyl\u00e8ne | SAIGA","og_description":"Arroseur sectoriel en polypropyl\u00e8ne avec piquet et couverture \u00e0 360\u00b0. Durable, facile \u00e0 installer et adapt\u00e9 \u00e0 un usage domestique ou professionnel.","og_url":"https:\/\/saiga.es\/fr\/produit\/arroseur-dirrigation-sectoriel-en-polypropylene\/","og_site_name":"SAIGA","og_image":[{"width":1080,"height":1080,"url":"https:\/\/saiga.es\/wp-content\/uploads\/2026\/01\/Aspersor-sectorial-de-reg-de-polipropile-.jpg","type":"image\/jpeg"}],"twitter_card":"summary_large_image","twitter_site":"@saiga_agro","twitter_misc":{"Dur\u00e9e de lecture estim\u00e9e":"1 minute"},"schema":{"@context":"https:\/\/schema.org","@graph":[{"@type":"WebPage","@id":"https:\/\/saiga.es\/fr\/produit\/arroseur-dirrigation-sectoriel-en-polypropylene\/","url":"https:\/\/saiga.es\/fr\/produit\/arroseur-dirrigation-sectoriel-en-polypropylene\/","name":"Arroseur d'irrigation sectoriel en polypropyl\u00e8ne | SAIGA","isPartOf":{"@id":"https:\/\/saiga.es\/fr\/#website"},"primaryImageOfPage":{"@id":"https:\/\/saiga.es\/fr\/produit\/arroseur-dirrigation-sectoriel-en-polypropylene\/#primaryimage"},"image":{"@id":"https:\/\/saiga.es\/fr\/produit\/arroseur-dirrigation-sectoriel-en-polypropylene\/#primaryimage"},"thumbnailUrl":"https:\/\/saiga.es\/wp-content\/uploads\/2026\/01\/Aspersor-sectorial-de-reg-de-polipropile-.jpg","datePublished":"2026-01-28T12:40:11+00:00","description":"Arroseur sectoriel en polypropyl\u00e8ne avec piquet et couverture \u00e0 360\u00b0. Durable, facile \u00e0 installer et adapt\u00e9 \u00e0 un usage domestique ou professionnel.","breadcrumb":{"@id":"https:\/\/saiga.es\/fr\/produit\/arroseur-dirrigation-sectoriel-en-polypropylene\/#breadcrumb"},"inLanguage":"fr-FR","potentialAction":[{"@type":"ReadAction","target":["https:\/\/saiga.es\/fr\/produit\/arroseur-dirrigation-sectoriel-en-polypropylene\/"]}]},{"@type":"ImageObject","inLanguage":"fr-FR","@id":"https:\/\/saiga.es\/fr\/produit\/arroseur-dirrigation-sectoriel-en-polypropylene\/#primaryimage","url":"https:\/\/saiga.es\/wp-content\/uploads\/2026\/01\/Aspersor-sectorial-de-reg-de-polipropile-.jpg","contentUrl":"https:\/\/saiga.es\/wp-content\/uploads\/2026\/01\/Aspersor-sectorial-de-reg-de-polipropile-.jpg","width":1080,"height":1080,"caption":"Arroseur d'irrigation sectoriel en polypropyl\u00e8ne"},{"@type":"BreadcrumbList","@id":"https:\/\/saiga.es\/fr\/produit\/arroseur-dirrigation-sectoriel-en-polypropylene\/#breadcrumb","itemListElement":[{"@type":"ListItem","position":1,"name":"Inici","item":"https:\/\/saiga.es\/fr\/"},{"@type":"ListItem","position":2,"name":"boutique","item":"https:\/\/saiga.es\/fr\/boutique\/"},{"@type":"ListItem","position":3,"name":"Arroseur d&rsquo;irrigation sectoriel en polypropyl\u00e8ne"}]},{"@type":"WebSite","@id":"https:\/\/saiga.es\/fr\/#website","url":"https:\/\/saiga.es\/fr\/","name":"SAIGA","description":"M\u00e9s de 50 anys al servei de la terra i treballant per a un \u00fas eficient de l\u2019aigua!","publisher":{"@id":"https:\/\/saiga.es\/fr\/#organization"},"potentialAction":[{"@type":"SearchAction","target":{"@type":"EntryPoint","urlTemplate":"https:\/\/saiga.es\/fr\/?s={search_term_string}"},"query-input":{"@type":"PropertyValueSpecification","valueRequired":true,"valueName":"search_term_string"}}],"inLanguage":"fr-FR"},{"@type":"Organization","@id":"https:\/\/saiga.es\/fr\/#organization","name":"SAIGA","url":"https:\/\/saiga.es\/fr\/","logo":{"@type":"ImageObject","inLanguage":"fr-FR","@id":"https:\/\/saiga.es\/fr\/#\/schema\/logo\/image\/","url":"https:\/\/saiga.es\/wp-content\/uploads\/2025\/07\/logo_saiga_baseline_optimitzat.svg","contentUrl":"https:\/\/saiga.es\/wp-content\/uploads\/2025\/07\/logo_saiga_baseline_optimitzat.svg","caption":"SAIGA"},"image":{"@id":"https:\/\/saiga.es\/fr\/#\/schema\/logo\/image\/"},"sameAs":["https:\/\/x.com\/saiga_agro","https:\/\/www.instagram.com\/saiga_agro\/"]}]}},"_links":{"self":[{"href":"https:\/\/saiga.es\/fr\/wp-json\/wp\/v2\/product\/18136","targetHints":{"allow":["GET"]}}],"collection":[{"href":"https:\/\/saiga.es\/fr\/wp-json\/wp\/v2\/product"}],"about":[{"href":"https:\/\/saiga.es\/fr\/wp-json\/wp\/v2\/types\/product"}],"replies":[{"embeddable":true,"href":"https:\/\/saiga.es\/fr\/wp-json\/wp\/v2\/comments?post=18136"}],"wp:featuredmedia":[{"embeddable":true,"href":"https:\/\/saiga.es\/fr\/wp-json\/wp\/v2\/media\/18134"}],"wp:attachment":[{"href":"https:\/\/saiga.es\/fr\/wp-json\/wp\/v2\/media?parent=18136"}],"wp:term":[{"taxonomy":"product_brand","embeddable":true,"href":"https:\/\/saiga.es\/fr\/wp-json\/wp\/v2\/product_brand?post=18136"},{"taxonomy":"product_cat","embeddable":true,"href":"https:\/\/saiga.es\/fr\/wp-json\/wp\/v2\/product_cat?post=18136"},{"taxonomy":"product_tag","embeddable":true,"href":"https:\/\/saiga.es\/fr\/wp-json\/wp\/v2\/product_tag?post=18136"}],"curies":[{"name":"wp","href":"https:\/\/api.w.org\/{rel}","templated":true}]}}