{"id":18146,"date":"2026-01-28T13:02:51","date_gmt":"2026-01-28T13:02:51","guid":{"rendered":"https:\/\/saiga.es\/producte\/arroseur-rotatif-a-4-jets-deau\/"},"modified":"2026-01-28T13:02:51","modified_gmt":"2026-01-28T13:02:51","slug":"arroseur-rotatif-a-4-jets-deau","status":"publish","type":"product","link":"https:\/\/saiga.es\/fr\/produit\/arroseur-rotatif-a-4-jets-deau\/","title":{"rendered":"Arroseur rotatif \u00e0 4 jets d&rsquo;eau"},"content":{"rendered":"<p data-start=\"170\" data-end=\"623\">Arroseur rotatif \u00e0 4 jets d&rsquo;eau, fabriqu\u00e9 en polypropyl\u00e8ne de haute qualit\u00e9, con\u00e7u pour un arrosage uniforme, efficace et adaptable aux besoins de tous types de jardins et d&rsquo;espaces verts. Cet arroseur permet de r\u00e9gler l&rsquo;angle des gouttes d&rsquo;eau pour adapter la trajectoire et la port\u00e9e du jet, et de choisir parmi diff\u00e9rents modes d&rsquo;arrosage selon le type de zone ou de v\u00e9g\u00e9tation \u00e0 arroser. <\/p>\n<p data-start=\"625\" data-end=\"1087\">Son arrosage \u00e0 360\u00b0 assure une r\u00e9partition homog\u00e8ne de l&rsquo;eau et une irrigation compl\u00e8te, aussi bien pour les particuliers que pour les professionnels. Sa conception robuste et r\u00e9sistante lui permet de supporter des temp\u00e9ratures extr\u00eames et des chocs, tout en conservant son int\u00e9grit\u00e9 dans le temps. De plus, il peut \u00eatre fix\u00e9 directement au sol ou install\u00e9 sur des supports sp\u00e9cifiques pour une adaptation optimale \u00e0 l&rsquo;espace \u00e0 irriguer.  <\/p>\n<p data-start=\"1089\" data-end=\"1322\">Cet arroseur rotatif est facile \u00e0 transporter, \u00e0 man\u0153uvrer et \u00e0 nettoyer, et repr\u00e9sente une solution fiable pour garder les pelouses, les parterres de fleurs et les potagers verts et bien hydrat\u00e9s de mani\u00e8re confortable et efficace.<\/p>\n","protected":false},"excerpt":{"rendered":"<p>Arroseur rotatif \u00e0 4 jets d&rsquo;eau, fabriqu\u00e9 en polypropyl\u00e8ne de haute qualit\u00e9, con\u00e7u pour un arrosage uniforme, efficace et adaptable aux besoins de tous types de jardins et d&rsquo;espaces verts. Cet arroseur permet de r\u00e9gler l&rsquo;angle des gouttes d&rsquo;eau pour adapter la trajectoire et la port\u00e9e du jet, et de choisir parmi diff\u00e9rents modes d&rsquo;arrosage selon le type de zone ou de v\u00e9g\u00e9tation \u00e0 arroser. <\/p>\n","protected":false},"featured_media":18143,"comment_status":"closed","ping_status":"closed","template":"","meta":[],"product_brand":[],"product_cat":[470],"product_tag":[],"class_list":{"0":"post-18146","1":"product","2":"type-product","3":"status-publish","4":"has-post-thumbnail","6":"product_cat-arroseurs-et-diffuseurs","8":"first","9":"instock","10":"taxable","11":"shipping-taxable","12":"purchasable","13":"product-type-simple"},"yoast_head":"<!-- This site is optimized with the Yoast SEO plugin v27.4 - https:\/\/yoast.com\/product\/yoast-seo-wordpress\/ -->\n<title>Arroseur rotatif \u00e0 4 jets d&#039;eau | SAIGA<\/title>\n<meta name=\"description\" content=\"Arroseur rotatif \u00e0 4 jets et angle r\u00e9glable pour une irrigation uniforme des jardins. En polypropyl\u00e8ne, couverture \u00e0 360\u00b0, adaptable et performant.\" \/>\n<meta name=\"robots\" content=\"index, follow, max-snippet:-1, max-image-preview:large, max-video-preview:-1\" \/>\n<link rel=\"canonical\" href=\"https:\/\/saiga.es\/fr\/produit\/arroseur-rotatif-a-4-jets-deau\/\" \/>\n<meta property=\"og:locale\" content=\"fr_FR\" \/>\n<meta property=\"og:type\" content=\"article\" \/>\n<meta property=\"og:title\" content=\"Arroseur rotatif \u00e0 4 jets d&#039;eau | SAIGA\" \/>\n<meta property=\"og:description\" content=\"Arroseur rotatif \u00e0 4 jets et angle r\u00e9glable pour une irrigation uniforme des jardins. En polypropyl\u00e8ne, couverture \u00e0 360\u00b0, adaptable et performant.\" \/>\n<meta property=\"og:url\" content=\"https:\/\/saiga.es\/fr\/produit\/arroseur-rotatif-a-4-jets-deau\/\" \/>\n<meta property=\"og:site_name\" content=\"SAIGA\" \/>\n<meta property=\"og:image\" content=\"https:\/\/saiga.es\/wp-content\/uploads\/2026\/01\/Aspersor-rotatori-amb-4-funcions.jpg\" \/>\n\t<meta property=\"og:image:width\" content=\"1080\" \/>\n\t<meta property=\"og:image:height\" content=\"1080\" \/>\n\t<meta property=\"og:image:type\" content=\"image\/jpeg\" \/>\n<meta name=\"twitter:card\" content=\"summary_large_image\" \/>\n<meta name=\"twitter:site\" content=\"@saiga_agro\" \/>\n<meta name=\"twitter:label1\" content=\"Dur\u00e9e de lecture estim\u00e9e\" \/>\n\t<meta name=\"twitter:data1\" content=\"1 minute\" \/>\n<script type=\"application\/ld+json\" class=\"yoast-schema-graph\">{\"@context\":\"https:\\\/\\\/schema.org\",\"@graph\":[{\"@type\":\"WebPage\",\"@id\":\"https:\\\/\\\/saiga.es\\\/fr\\\/produit\\\/arroseur-rotatif-a-4-jets-deau\\\/\",\"url\":\"https:\\\/\\\/saiga.es\\\/fr\\\/produit\\\/arroseur-rotatif-a-4-jets-deau\\\/\",\"name\":\"Arroseur rotatif \u00e0 4 jets d'eau | SAIGA\",\"isPartOf\":{\"@id\":\"https:\\\/\\\/saiga.es\\\/fr\\\/#website\"},\"primaryImageOfPage\":{\"@id\":\"https:\\\/\\\/saiga.es\\\/fr\\\/produit\\\/arroseur-rotatif-a-4-jets-deau\\\/#primaryimage\"},\"image\":{\"@id\":\"https:\\\/\\\/saiga.es\\\/fr\\\/produit\\\/arroseur-rotatif-a-4-jets-deau\\\/#primaryimage\"},\"thumbnailUrl\":\"https:\\\/\\\/saiga.es\\\/wp-content\\\/uploads\\\/2026\\\/01\\\/Aspersor-rotatori-amb-4-funcions.jpg\",\"datePublished\":\"2026-01-28T13:02:51+00:00\",\"description\":\"Arroseur rotatif \u00e0 4 jets et angle r\u00e9glable pour une irrigation uniforme des jardins. En polypropyl\u00e8ne, couverture \u00e0 360\u00b0, adaptable et performant.\",\"breadcrumb\":{\"@id\":\"https:\\\/\\\/saiga.es\\\/fr\\\/produit\\\/arroseur-rotatif-a-4-jets-deau\\\/#breadcrumb\"},\"inLanguage\":\"fr-FR\",\"potentialAction\":[{\"@type\":\"ReadAction\",\"target\":[\"https:\\\/\\\/saiga.es\\\/fr\\\/produit\\\/arroseur-rotatif-a-4-jets-deau\\\/\"]}]},{\"@type\":\"ImageObject\",\"inLanguage\":\"fr-FR\",\"@id\":\"https:\\\/\\\/saiga.es\\\/fr\\\/produit\\\/arroseur-rotatif-a-4-jets-deau\\\/#primaryimage\",\"url\":\"https:\\\/\\\/saiga.es\\\/wp-content\\\/uploads\\\/2026\\\/01\\\/Aspersor-rotatori-amb-4-funcions.jpg\",\"contentUrl\":\"https:\\\/\\\/saiga.es\\\/wp-content\\\/uploads\\\/2026\\\/01\\\/Aspersor-rotatori-amb-4-funcions.jpg\",\"width\":1080,\"height\":1080,\"caption\":\"Arroseur rotatif \u00e0 4 fonctions\"},{\"@type\":\"BreadcrumbList\",\"@id\":\"https:\\\/\\\/saiga.es\\\/fr\\\/produit\\\/arroseur-rotatif-a-4-jets-deau\\\/#breadcrumb\",\"itemListElement\":[{\"@type\":\"ListItem\",\"position\":1,\"name\":\"Inici\",\"item\":\"https:\\\/\\\/saiga.es\\\/fr\\\/\"},{\"@type\":\"ListItem\",\"position\":2,\"name\":\"boutique\",\"item\":\"https:\\\/\\\/saiga.es\\\/fr\\\/boutique\\\/\"},{\"@type\":\"ListItem\",\"position\":3,\"name\":\"Arroseur rotatif \u00e0 4 jets d&rsquo;eau\"}]},{\"@type\":\"WebSite\",\"@id\":\"https:\\\/\\\/saiga.es\\\/fr\\\/#website\",\"url\":\"https:\\\/\\\/saiga.es\\\/fr\\\/\",\"name\":\"SAIGA\",\"description\":\"M\u00e9s de 50 anys al servei de la terra i treballant per a un \u00fas eficient de l\u2019aigua!\",\"publisher\":{\"@id\":\"https:\\\/\\\/saiga.es\\\/fr\\\/#organization\"},\"potentialAction\":[{\"@type\":\"SearchAction\",\"target\":{\"@type\":\"EntryPoint\",\"urlTemplate\":\"https:\\\/\\\/saiga.es\\\/fr\\\/?s={search_term_string}\"},\"query-input\":{\"@type\":\"PropertyValueSpecification\",\"valueRequired\":true,\"valueName\":\"search_term_string\"}}],\"inLanguage\":\"fr-FR\"},{\"@type\":\"Organization\",\"@id\":\"https:\\\/\\\/saiga.es\\\/fr\\\/#organization\",\"name\":\"SAIGA\",\"url\":\"https:\\\/\\\/saiga.es\\\/fr\\\/\",\"logo\":{\"@type\":\"ImageObject\",\"inLanguage\":\"fr-FR\",\"@id\":\"https:\\\/\\\/saiga.es\\\/fr\\\/#\\\/schema\\\/logo\\\/image\\\/\",\"url\":\"https:\\\/\\\/saiga.es\\\/wp-content\\\/uploads\\\/2025\\\/07\\\/logo_saiga_baseline_optimitzat.svg\",\"contentUrl\":\"https:\\\/\\\/saiga.es\\\/wp-content\\\/uploads\\\/2025\\\/07\\\/logo_saiga_baseline_optimitzat.svg\",\"caption\":\"SAIGA\"},\"image\":{\"@id\":\"https:\\\/\\\/saiga.es\\\/fr\\\/#\\\/schema\\\/logo\\\/image\\\/\"},\"sameAs\":[\"https:\\\/\\\/x.com\\\/saiga_agro\",\"https:\\\/\\\/www.instagram.com\\\/saiga_agro\\\/\"]}]}<\/script>\n<!-- \/ Yoast SEO plugin. -->","yoast_head_json":{"title":"Arroseur rotatif \u00e0 4 jets d'eau | SAIGA","description":"Arroseur rotatif \u00e0 4 jets et angle r\u00e9glable pour une irrigation uniforme des jardins. En polypropyl\u00e8ne, couverture \u00e0 360\u00b0, adaptable et performant.","robots":{"index":"index","follow":"follow","max-snippet":"max-snippet:-1","max-image-preview":"max-image-preview:large","max-video-preview":"max-video-preview:-1"},"canonical":"https:\/\/saiga.es\/fr\/produit\/arroseur-rotatif-a-4-jets-deau\/","og_locale":"fr_FR","og_type":"article","og_title":"Arroseur rotatif \u00e0 4 jets d'eau | SAIGA","og_description":"Arroseur rotatif \u00e0 4 jets et angle r\u00e9glable pour une irrigation uniforme des jardins. En polypropyl\u00e8ne, couverture \u00e0 360\u00b0, adaptable et performant.","og_url":"https:\/\/saiga.es\/fr\/produit\/arroseur-rotatif-a-4-jets-deau\/","og_site_name":"SAIGA","og_image":[{"width":1080,"height":1080,"url":"https:\/\/saiga.es\/wp-content\/uploads\/2026\/01\/Aspersor-rotatori-amb-4-funcions.jpg","type":"image\/jpeg"}],"twitter_card":"summary_large_image","twitter_site":"@saiga_agro","twitter_misc":{"Dur\u00e9e de lecture estim\u00e9e":"1 minute"},"schema":{"@context":"https:\/\/schema.org","@graph":[{"@type":"WebPage","@id":"https:\/\/saiga.es\/fr\/produit\/arroseur-rotatif-a-4-jets-deau\/","url":"https:\/\/saiga.es\/fr\/produit\/arroseur-rotatif-a-4-jets-deau\/","name":"Arroseur rotatif \u00e0 4 jets d'eau | SAIGA","isPartOf":{"@id":"https:\/\/saiga.es\/fr\/#website"},"primaryImageOfPage":{"@id":"https:\/\/saiga.es\/fr\/produit\/arroseur-rotatif-a-4-jets-deau\/#primaryimage"},"image":{"@id":"https:\/\/saiga.es\/fr\/produit\/arroseur-rotatif-a-4-jets-deau\/#primaryimage"},"thumbnailUrl":"https:\/\/saiga.es\/wp-content\/uploads\/2026\/01\/Aspersor-rotatori-amb-4-funcions.jpg","datePublished":"2026-01-28T13:02:51+00:00","description":"Arroseur rotatif \u00e0 4 jets et angle r\u00e9glable pour une irrigation uniforme des jardins. En polypropyl\u00e8ne, couverture \u00e0 360\u00b0, adaptable et performant.","breadcrumb":{"@id":"https:\/\/saiga.es\/fr\/produit\/arroseur-rotatif-a-4-jets-deau\/#breadcrumb"},"inLanguage":"fr-FR","potentialAction":[{"@type":"ReadAction","target":["https:\/\/saiga.es\/fr\/produit\/arroseur-rotatif-a-4-jets-deau\/"]}]},{"@type":"ImageObject","inLanguage":"fr-FR","@id":"https:\/\/saiga.es\/fr\/produit\/arroseur-rotatif-a-4-jets-deau\/#primaryimage","url":"https:\/\/saiga.es\/wp-content\/uploads\/2026\/01\/Aspersor-rotatori-amb-4-funcions.jpg","contentUrl":"https:\/\/saiga.es\/wp-content\/uploads\/2026\/01\/Aspersor-rotatori-amb-4-funcions.jpg","width":1080,"height":1080,"caption":"Arroseur rotatif \u00e0 4 fonctions"},{"@type":"BreadcrumbList","@id":"https:\/\/saiga.es\/fr\/produit\/arroseur-rotatif-a-4-jets-deau\/#breadcrumb","itemListElement":[{"@type":"ListItem","position":1,"name":"Inici","item":"https:\/\/saiga.es\/fr\/"},{"@type":"ListItem","position":2,"name":"boutique","item":"https:\/\/saiga.es\/fr\/boutique\/"},{"@type":"ListItem","position":3,"name":"Arroseur rotatif \u00e0 4 jets d&rsquo;eau"}]},{"@type":"WebSite","@id":"https:\/\/saiga.es\/fr\/#website","url":"https:\/\/saiga.es\/fr\/","name":"SAIGA","description":"M\u00e9s de 50 anys al servei de la terra i treballant per a un \u00fas eficient de l\u2019aigua!","publisher":{"@id":"https:\/\/saiga.es\/fr\/#organization"},"potentialAction":[{"@type":"SearchAction","target":{"@type":"EntryPoint","urlTemplate":"https:\/\/saiga.es\/fr\/?s={search_term_string}"},"query-input":{"@type":"PropertyValueSpecification","valueRequired":true,"valueName":"search_term_string"}}],"inLanguage":"fr-FR"},{"@type":"Organization","@id":"https:\/\/saiga.es\/fr\/#organization","name":"SAIGA","url":"https:\/\/saiga.es\/fr\/","logo":{"@type":"ImageObject","inLanguage":"fr-FR","@id":"https:\/\/saiga.es\/fr\/#\/schema\/logo\/image\/","url":"https:\/\/saiga.es\/wp-content\/uploads\/2025\/07\/logo_saiga_baseline_optimitzat.svg","contentUrl":"https:\/\/saiga.es\/wp-content\/uploads\/2025\/07\/logo_saiga_baseline_optimitzat.svg","caption":"SAIGA"},"image":{"@id":"https:\/\/saiga.es\/fr\/#\/schema\/logo\/image\/"},"sameAs":["https:\/\/x.com\/saiga_agro","https:\/\/www.instagram.com\/saiga_agro\/"]}]}},"_links":{"self":[{"href":"https:\/\/saiga.es\/fr\/wp-json\/wp\/v2\/product\/18146","targetHints":{"allow":["GET"]}}],"collection":[{"href":"https:\/\/saiga.es\/fr\/wp-json\/wp\/v2\/product"}],"about":[{"href":"https:\/\/saiga.es\/fr\/wp-json\/wp\/v2\/types\/product"}],"replies":[{"embeddable":true,"href":"https:\/\/saiga.es\/fr\/wp-json\/wp\/v2\/comments?post=18146"}],"wp:featuredmedia":[{"embeddable":true,"href":"https:\/\/saiga.es\/fr\/wp-json\/wp\/v2\/media\/18143"}],"wp:attachment":[{"href":"https:\/\/saiga.es\/fr\/wp-json\/wp\/v2\/media?parent=18146"}],"wp:term":[{"taxonomy":"product_brand","embeddable":true,"href":"https:\/\/saiga.es\/fr\/wp-json\/wp\/v2\/product_brand?post=18146"},{"taxonomy":"product_cat","embeddable":true,"href":"https:\/\/saiga.es\/fr\/wp-json\/wp\/v2\/product_cat?post=18146"},{"taxonomy":"product_tag","embeddable":true,"href":"https:\/\/saiga.es\/fr\/wp-json\/wp\/v2\/product_tag?post=18146"}],"curies":[{"name":"wp","href":"https:\/\/api.w.org\/{rel}","templated":true}]}}