{"id":18165,"date":"2026-01-28T14:46:04","date_gmt":"2026-01-28T14:46:04","guid":{"rendered":"https:\/\/saiga.es\/producte\/arroseur-oscillant-a-16-rayons\/"},"modified":"2026-01-28T14:46:04","modified_gmt":"2026-01-28T14:46:04","slug":"arroseur-oscillant-a-16-rayons","status":"publish","type":"product","link":"https:\/\/saiga.es\/fr\/produit\/arroseur-oscillant-a-16-rayons\/","title":{"rendered":"Arroseur oscillant \u00e0 16 rayons"},"content":{"rendered":"<p data-start=\"51\" data-end=\"442\">L&rsquo;arroseur oscillant \u00e0 16 jets est une solution efficace et polyvalente pour garder votre jardin verdoyant et bien hydrat\u00e9. Cet arroseur de surface est fabriqu\u00e9 en polypropyl\u00e8ne r\u00e9sistant, avec un tube central flexible qui le prot\u00e8ge des chocs et des marches accidentelles, ce qui accro\u00eet sa durabilit\u00e9 et sa fiabilit\u00e9. <\/p>\n<p data-start=\"444\" data-end=\"889\">Gr\u00e2ce \u00e0 ses 16 buses dispos\u00e9es en parall\u00e8le, ce mod\u00e8le assure un arrosage uniforme et efficace des jardins de 160 \u00e0 200 m\u00b2, sur une longueur de couverture rectangulaire de 11 \u00e0 15 m\u00e8tres (selon la pression de l&rsquo;eau et la longueur du tuyau). Son installation est simple et rapide : il suffit de le raccorder au tuyau et de le placer dans la zone \u00e0 arroser. <\/p>\n<p data-start=\"891\" data-end=\"1168\">Cet arroseur est facile \u00e0 transporter et polyvalent, adapt\u00e9 \u00e0 un usage domestique et professionnel, et permet d&rsquo;obtenir une irrigation uniforme avec un dosage d&rsquo;eau optimal, \u00e9conomisant ainsi les ressources et contribuant \u00e0 une utilisation durable de l&rsquo;eau.<\/p>\n","protected":false},"excerpt":{"rendered":"<p>L&rsquo;arroseur oscillant \u00e0 16 jets est une solution efficace et polyvalente pour garder votre jardin verdoyant et bien hydrat\u00e9. Cet arroseur de surface est fabriqu\u00e9 en polypropyl\u00e8ne r\u00e9sistant, avec un tube central flexible qui le prot\u00e8ge des chocs et des marches accidentelles, ce qui accro\u00eet sa durabilit\u00e9 et sa fiabilit\u00e9. <\/p>\n","protected":false},"featured_media":18160,"comment_status":"closed","ping_status":"closed","template":"","meta":[],"product_brand":[],"product_cat":[470],"product_tag":[],"class_list":{"0":"post-18165","1":"product","2":"type-product","3":"status-publish","4":"has-post-thumbnail","6":"product_cat-arroseurs-et-diffuseurs","8":"first","9":"instock","10":"taxable","11":"shipping-taxable","12":"purchasable","13":"product-type-simple"},"yoast_head":"<!-- This site is optimized with the Yoast SEO plugin v27.4 - https:\/\/yoast.com\/product\/yoast-seo-wordpress\/ -->\n<title>Arroseur oscillant \u00e0 16 rayons | SAIGA<\/title>\n<meta name=\"description\" content=\"Arroseur oscillant \u00e0 16 jets en polypropyl\u00e8ne avec tuyau flexible incassable. Pour jardins de 160 \u00e0 200 m\u00b2 et irrigation efficace et durable.\" \/>\n<meta name=\"robots\" content=\"index, follow, max-snippet:-1, max-image-preview:large, max-video-preview:-1\" \/>\n<link rel=\"canonical\" href=\"https:\/\/saiga.es\/fr\/produit\/arroseur-oscillant-a-16-rayons\/\" \/>\n<meta property=\"og:locale\" content=\"fr_FR\" \/>\n<meta property=\"og:type\" content=\"article\" \/>\n<meta property=\"og:title\" content=\"Arroseur oscillant \u00e0 16 rayons | SAIGA\" \/>\n<meta property=\"og:description\" content=\"Arroseur oscillant \u00e0 16 jets en polypropyl\u00e8ne avec tuyau flexible incassable. Pour jardins de 160 \u00e0 200 m\u00b2 et irrigation efficace et durable.\" \/>\n<meta property=\"og:url\" content=\"https:\/\/saiga.es\/fr\/produit\/arroseur-oscillant-a-16-rayons\/\" \/>\n<meta property=\"og:site_name\" content=\"SAIGA\" \/>\n<meta property=\"og:image\" content=\"https:\/\/saiga.es\/wp-content\/uploads\/2026\/01\/Aspersor-oscilant-16-raigs.jpg\" \/>\n\t<meta property=\"og:image:width\" content=\"1080\" \/>\n\t<meta property=\"og:image:height\" content=\"1080\" \/>\n\t<meta property=\"og:image:type\" content=\"image\/jpeg\" \/>\n<meta name=\"twitter:card\" content=\"summary_large_image\" \/>\n<meta name=\"twitter:site\" content=\"@saiga_agro\" \/>\n<meta name=\"twitter:label1\" content=\"Dur\u00e9e de lecture estim\u00e9e\" \/>\n\t<meta name=\"twitter:data1\" content=\"1 minute\" \/>\n<script type=\"application\/ld+json\" class=\"yoast-schema-graph\">{\"@context\":\"https:\\\/\\\/schema.org\",\"@graph\":[{\"@type\":\"WebPage\",\"@id\":\"https:\\\/\\\/saiga.es\\\/fr\\\/produit\\\/arroseur-oscillant-a-16-rayons\\\/\",\"url\":\"https:\\\/\\\/saiga.es\\\/fr\\\/produit\\\/arroseur-oscillant-a-16-rayons\\\/\",\"name\":\"Arroseur oscillant \u00e0 16 rayons | SAIGA\",\"isPartOf\":{\"@id\":\"https:\\\/\\\/saiga.es\\\/fr\\\/#website\"},\"primaryImageOfPage\":{\"@id\":\"https:\\\/\\\/saiga.es\\\/fr\\\/produit\\\/arroseur-oscillant-a-16-rayons\\\/#primaryimage\"},\"image\":{\"@id\":\"https:\\\/\\\/saiga.es\\\/fr\\\/produit\\\/arroseur-oscillant-a-16-rayons\\\/#primaryimage\"},\"thumbnailUrl\":\"https:\\\/\\\/saiga.es\\\/wp-content\\\/uploads\\\/2026\\\/01\\\/Aspersor-oscilant-16-raigs.jpg\",\"datePublished\":\"2026-01-28T14:46:04+00:00\",\"description\":\"Arroseur oscillant \u00e0 16 jets en polypropyl\u00e8ne avec tuyau flexible incassable. Pour jardins de 160 \u00e0 200 m\u00b2 et irrigation efficace et durable.\",\"breadcrumb\":{\"@id\":\"https:\\\/\\\/saiga.es\\\/fr\\\/produit\\\/arroseur-oscillant-a-16-rayons\\\/#breadcrumb\"},\"inLanguage\":\"fr-FR\",\"potentialAction\":[{\"@type\":\"ReadAction\",\"target\":[\"https:\\\/\\\/saiga.es\\\/fr\\\/produit\\\/arroseur-oscillant-a-16-rayons\\\/\"]}]},{\"@type\":\"ImageObject\",\"inLanguage\":\"fr-FR\",\"@id\":\"https:\\\/\\\/saiga.es\\\/fr\\\/produit\\\/arroseur-oscillant-a-16-rayons\\\/#primaryimage\",\"url\":\"https:\\\/\\\/saiga.es\\\/wp-content\\\/uploads\\\/2026\\\/01\\\/Aspersor-oscilant-16-raigs.jpg\",\"contentUrl\":\"https:\\\/\\\/saiga.es\\\/wp-content\\\/uploads\\\/2026\\\/01\\\/Aspersor-oscilant-16-raigs.jpg\",\"width\":1080,\"height\":1080,\"caption\":\"Arroseur oscillant \u00e0 16 jets\"},{\"@type\":\"BreadcrumbList\",\"@id\":\"https:\\\/\\\/saiga.es\\\/fr\\\/produit\\\/arroseur-oscillant-a-16-rayons\\\/#breadcrumb\",\"itemListElement\":[{\"@type\":\"ListItem\",\"position\":1,\"name\":\"Inici\",\"item\":\"https:\\\/\\\/saiga.es\\\/fr\\\/\"},{\"@type\":\"ListItem\",\"position\":2,\"name\":\"boutique\",\"item\":\"https:\\\/\\\/saiga.es\\\/fr\\\/boutique\\\/\"},{\"@type\":\"ListItem\",\"position\":3,\"name\":\"Arroseur oscillant \u00e0 16 rayons\"}]},{\"@type\":\"WebSite\",\"@id\":\"https:\\\/\\\/saiga.es\\\/fr\\\/#website\",\"url\":\"https:\\\/\\\/saiga.es\\\/fr\\\/\",\"name\":\"SAIGA\",\"description\":\"M\u00e9s de 50 anys al servei de la terra i treballant per a un \u00fas eficient de l\u2019aigua!\",\"publisher\":{\"@id\":\"https:\\\/\\\/saiga.es\\\/fr\\\/#organization\"},\"potentialAction\":[{\"@type\":\"SearchAction\",\"target\":{\"@type\":\"EntryPoint\",\"urlTemplate\":\"https:\\\/\\\/saiga.es\\\/fr\\\/?s={search_term_string}\"},\"query-input\":{\"@type\":\"PropertyValueSpecification\",\"valueRequired\":true,\"valueName\":\"search_term_string\"}}],\"inLanguage\":\"fr-FR\"},{\"@type\":\"Organization\",\"@id\":\"https:\\\/\\\/saiga.es\\\/fr\\\/#organization\",\"name\":\"SAIGA\",\"url\":\"https:\\\/\\\/saiga.es\\\/fr\\\/\",\"logo\":{\"@type\":\"ImageObject\",\"inLanguage\":\"fr-FR\",\"@id\":\"https:\\\/\\\/saiga.es\\\/fr\\\/#\\\/schema\\\/logo\\\/image\\\/\",\"url\":\"https:\\\/\\\/saiga.es\\\/wp-content\\\/uploads\\\/2025\\\/07\\\/logo_saiga_baseline_optimitzat.svg\",\"contentUrl\":\"https:\\\/\\\/saiga.es\\\/wp-content\\\/uploads\\\/2025\\\/07\\\/logo_saiga_baseline_optimitzat.svg\",\"caption\":\"SAIGA\"},\"image\":{\"@id\":\"https:\\\/\\\/saiga.es\\\/fr\\\/#\\\/schema\\\/logo\\\/image\\\/\"},\"sameAs\":[\"https:\\\/\\\/x.com\\\/saiga_agro\",\"https:\\\/\\\/www.instagram.com\\\/saiga_agro\\\/\"]}]}<\/script>\n<!-- \/ Yoast SEO plugin. -->","yoast_head_json":{"title":"Arroseur oscillant \u00e0 16 rayons | SAIGA","description":"Arroseur oscillant \u00e0 16 jets en polypropyl\u00e8ne avec tuyau flexible incassable. Pour jardins de 160 \u00e0 200 m\u00b2 et irrigation efficace et durable.","robots":{"index":"index","follow":"follow","max-snippet":"max-snippet:-1","max-image-preview":"max-image-preview:large","max-video-preview":"max-video-preview:-1"},"canonical":"https:\/\/saiga.es\/fr\/produit\/arroseur-oscillant-a-16-rayons\/","og_locale":"fr_FR","og_type":"article","og_title":"Arroseur oscillant \u00e0 16 rayons | SAIGA","og_description":"Arroseur oscillant \u00e0 16 jets en polypropyl\u00e8ne avec tuyau flexible incassable. Pour jardins de 160 \u00e0 200 m\u00b2 et irrigation efficace et durable.","og_url":"https:\/\/saiga.es\/fr\/produit\/arroseur-oscillant-a-16-rayons\/","og_site_name":"SAIGA","og_image":[{"width":1080,"height":1080,"url":"https:\/\/saiga.es\/wp-content\/uploads\/2026\/01\/Aspersor-oscilant-16-raigs.jpg","type":"image\/jpeg"}],"twitter_card":"summary_large_image","twitter_site":"@saiga_agro","twitter_misc":{"Dur\u00e9e de lecture estim\u00e9e":"1 minute"},"schema":{"@context":"https:\/\/schema.org","@graph":[{"@type":"WebPage","@id":"https:\/\/saiga.es\/fr\/produit\/arroseur-oscillant-a-16-rayons\/","url":"https:\/\/saiga.es\/fr\/produit\/arroseur-oscillant-a-16-rayons\/","name":"Arroseur oscillant \u00e0 16 rayons | SAIGA","isPartOf":{"@id":"https:\/\/saiga.es\/fr\/#website"},"primaryImageOfPage":{"@id":"https:\/\/saiga.es\/fr\/produit\/arroseur-oscillant-a-16-rayons\/#primaryimage"},"image":{"@id":"https:\/\/saiga.es\/fr\/produit\/arroseur-oscillant-a-16-rayons\/#primaryimage"},"thumbnailUrl":"https:\/\/saiga.es\/wp-content\/uploads\/2026\/01\/Aspersor-oscilant-16-raigs.jpg","datePublished":"2026-01-28T14:46:04+00:00","description":"Arroseur oscillant \u00e0 16 jets en polypropyl\u00e8ne avec tuyau flexible incassable. Pour jardins de 160 \u00e0 200 m\u00b2 et irrigation efficace et durable.","breadcrumb":{"@id":"https:\/\/saiga.es\/fr\/produit\/arroseur-oscillant-a-16-rayons\/#breadcrumb"},"inLanguage":"fr-FR","potentialAction":[{"@type":"ReadAction","target":["https:\/\/saiga.es\/fr\/produit\/arroseur-oscillant-a-16-rayons\/"]}]},{"@type":"ImageObject","inLanguage":"fr-FR","@id":"https:\/\/saiga.es\/fr\/produit\/arroseur-oscillant-a-16-rayons\/#primaryimage","url":"https:\/\/saiga.es\/wp-content\/uploads\/2026\/01\/Aspersor-oscilant-16-raigs.jpg","contentUrl":"https:\/\/saiga.es\/wp-content\/uploads\/2026\/01\/Aspersor-oscilant-16-raigs.jpg","width":1080,"height":1080,"caption":"Arroseur oscillant \u00e0 16 jets"},{"@type":"BreadcrumbList","@id":"https:\/\/saiga.es\/fr\/produit\/arroseur-oscillant-a-16-rayons\/#breadcrumb","itemListElement":[{"@type":"ListItem","position":1,"name":"Inici","item":"https:\/\/saiga.es\/fr\/"},{"@type":"ListItem","position":2,"name":"boutique","item":"https:\/\/saiga.es\/fr\/boutique\/"},{"@type":"ListItem","position":3,"name":"Arroseur oscillant \u00e0 16 rayons"}]},{"@type":"WebSite","@id":"https:\/\/saiga.es\/fr\/#website","url":"https:\/\/saiga.es\/fr\/","name":"SAIGA","description":"M\u00e9s de 50 anys al servei de la terra i treballant per a un \u00fas eficient de l\u2019aigua!","publisher":{"@id":"https:\/\/saiga.es\/fr\/#organization"},"potentialAction":[{"@type":"SearchAction","target":{"@type":"EntryPoint","urlTemplate":"https:\/\/saiga.es\/fr\/?s={search_term_string}"},"query-input":{"@type":"PropertyValueSpecification","valueRequired":true,"valueName":"search_term_string"}}],"inLanguage":"fr-FR"},{"@type":"Organization","@id":"https:\/\/saiga.es\/fr\/#organization","name":"SAIGA","url":"https:\/\/saiga.es\/fr\/","logo":{"@type":"ImageObject","inLanguage":"fr-FR","@id":"https:\/\/saiga.es\/fr\/#\/schema\/logo\/image\/","url":"https:\/\/saiga.es\/wp-content\/uploads\/2025\/07\/logo_saiga_baseline_optimitzat.svg","contentUrl":"https:\/\/saiga.es\/wp-content\/uploads\/2025\/07\/logo_saiga_baseline_optimitzat.svg","caption":"SAIGA"},"image":{"@id":"https:\/\/saiga.es\/fr\/#\/schema\/logo\/image\/"},"sameAs":["https:\/\/x.com\/saiga_agro","https:\/\/www.instagram.com\/saiga_agro\/"]}]}},"_links":{"self":[{"href":"https:\/\/saiga.es\/fr\/wp-json\/wp\/v2\/product\/18165","targetHints":{"allow":["GET"]}}],"collection":[{"href":"https:\/\/saiga.es\/fr\/wp-json\/wp\/v2\/product"}],"about":[{"href":"https:\/\/saiga.es\/fr\/wp-json\/wp\/v2\/types\/product"}],"replies":[{"embeddable":true,"href":"https:\/\/saiga.es\/fr\/wp-json\/wp\/v2\/comments?post=18165"}],"wp:featuredmedia":[{"embeddable":true,"href":"https:\/\/saiga.es\/fr\/wp-json\/wp\/v2\/media\/18160"}],"wp:attachment":[{"href":"https:\/\/saiga.es\/fr\/wp-json\/wp\/v2\/media?parent=18165"}],"wp:term":[{"taxonomy":"product_brand","embeddable":true,"href":"https:\/\/saiga.es\/fr\/wp-json\/wp\/v2\/product_brand?post=18165"},{"taxonomy":"product_cat","embeddable":true,"href":"https:\/\/saiga.es\/fr\/wp-json\/wp\/v2\/product_cat?post=18165"},{"taxonomy":"product_tag","embeddable":true,"href":"https:\/\/saiga.es\/fr\/wp-json\/wp\/v2\/product_tag?post=18165"}],"curies":[{"name":"wp","href":"https:\/\/api.w.org\/{rel}","templated":true}]}}