{"id":18231,"date":"2026-02-10T13:51:06","date_gmt":"2026-02-10T13:51:06","guid":{"rendered":"https:\/\/saiga.es\/producte\/fumeur-sans-etincelles\/"},"modified":"2026-02-10T13:51:06","modified_gmt":"2026-02-10T13:51:06","slug":"fumeur-sans-etincelles","status":"publish","type":"product","link":"https:\/\/saiga.es\/fr\/produit\/fumeur-sans-etincelles\/","title":{"rendered":"Fumeur sans \u00e9tincelles"},"content":{"rendered":"<p data-start=\"292\" data-end=\"664\">L&rsquo;enfumoir anti-\u00e9tincelles en acier inoxydable est un outil apicole indispensable pour la manipulation s\u00e9curitaire des ruches. Enti\u00e8rement fabriqu\u00e9 en acier inoxydable r\u00e9sistant et durable, il int\u00e8gre un syst\u00e8me anti-\u00e9tincelles qui emp\u00eache la propagation des braises et minimise les risques d&rsquo;incendie lors de l&rsquo;inspection et de la manipulation des ruches. <\/p>\n<p data-start=\"666\" data-end=\"1027\">Cet enfumoir combine un r\u00e9servoir de combustible avec une double grille de protection et un soufflet en bois et similicuir pour produire efficacement de la fum\u00e9e froide. Cette fum\u00e9e contribue \u00e0 apaiser les abeilles, r\u00e9duisant ainsi leur comportement d\u00e9fensif et facilitant des t\u00e2ches telles que l&rsquo;ouverture des ruches, le contr\u00f4le des cadres ou la r\u00e9colte du miel. <\/p>\n<p data-start=\"1029\" data-end=\"1060\">Principales caract\u00e9ristiques :<\/p>\n<ul data-start=\"1061\" data-end=\"1620\">\n<li data-start=\"1061\" data-end=\"1172\">\n<p data-start=\"1063\" data-end=\"1172\">Fabriqu\u00e9 en acier inoxydable anticorrosion pour une utilisation durable.<\/p>\n<\/li>\n<li data-start=\"1173\" data-end=\"1288\">\n<p data-start=\"1175\" data-end=\"1288\">Syst\u00e8me anti-\u00e9tincelles avec double grille emp\u00eachant les braises de s&rsquo;\u00e9chapper.<\/p>\n<\/li>\n<li data-start=\"1289\" data-end=\"1412\">\n<p data-start=\"1291\" data-end=\"1412\">Soufflet ergonomique en bois et similicuir pour un flux d&rsquo;air constant et contr\u00f4l\u00e9.<\/p>\n<\/li>\n<li data-start=\"1413\" data-end=\"1518\">\n<p data-start=\"1415\" data-end=\"1518\">Capacit\u00e9 adapt\u00e9e \u00e0 l&rsquo;apiculture professionnelle et amateur.<\/p>\n<\/li>\n<li data-start=\"1519\" data-end=\"1620\">\n<p data-start=\"1521\" data-end=\"1620\">Format compact et l\u00e9ger pour un transport et une manipulation faciles.<\/p>\n<\/li>\n<\/ul>\n<p data-start=\"1622\" data-end=\"1884\">Ce mod\u00e8le est id\u00e9al pour les apiculteurs \u00e0 la recherche d&rsquo;un enfumoir s\u00fbr, fiable et facile \u00e0 utiliser pour toutes les t\u00e2ches de gestion de la colonie, des inspections de routine \u00e0 la gestion des ruches les plus exigeantes.<\/p>\n","protected":false},"excerpt":{"rendered":"<p>L&rsquo;enfumoir anti-\u00e9tincelles en acier inoxydable est un outil apicole indispensable pour la manipulation s\u00e9curitaire des ruches. Enti\u00e8rement fabriqu\u00e9 en acier inoxydable r\u00e9sistant et durable, il int\u00e8gre un syst\u00e8me anti-\u00e9tincelles qui emp\u00eache la propagation des braises et minimise les risques d&rsquo;incendie lors de l&rsquo;inspection et de la manipulation des ruches. <\/p>\n","protected":false},"featured_media":18229,"comment_status":"closed","ping_status":"closed","template":"","meta":[],"product_brand":[],"product_cat":[2368],"product_tag":[],"class_list":{"0":"post-18231","1":"product","2":"type-product","3":"status-publish","4":"has-post-thumbnail","6":"product_cat-abeilles","8":"first","9":"instock","10":"taxable","11":"shipping-taxable","12":"purchasable","13":"product-type-simple"},"yoast_head":"<!-- This site is optimized with the Yoast SEO plugin v27.4 - https:\/\/yoast.com\/product\/yoast-seo-wordpress\/ -->\n<title>Fumeur sans \u00e9tincelles | SAIGA<\/title>\n<meta name=\"description\" content=\"Fumoir anti-\u00e9tincelles en acier inoxydable de haute qualit\u00e9 pour l&#039;apiculture, avec syst\u00e8me de protection contre les \u00e9tincelles, fum\u00e9e froide constante et mat\u00e9riaux durables.\" \/>\n<meta name=\"robots\" content=\"index, follow, max-snippet:-1, max-image-preview:large, max-video-preview:-1\" \/>\n<link rel=\"canonical\" href=\"https:\/\/saiga.es\/fr\/produit\/fumeur-sans-etincelles\/\" \/>\n<meta property=\"og:locale\" content=\"fr_FR\" \/>\n<meta property=\"og:type\" content=\"article\" \/>\n<meta property=\"og:title\" content=\"Fumeur sans \u00e9tincelles | SAIGA\" \/>\n<meta property=\"og:description\" content=\"Fumoir anti-\u00e9tincelles en acier inoxydable de haute qualit\u00e9 pour l&#039;apiculture, avec syst\u00e8me de protection contre les \u00e9tincelles, fum\u00e9e froide constante et mat\u00e9riaux durables.\" \/>\n<meta property=\"og:url\" content=\"https:\/\/saiga.es\/fr\/produit\/fumeur-sans-etincelles\/\" \/>\n<meta property=\"og:site_name\" content=\"SAIGA\" \/>\n<meta property=\"og:image\" content=\"https:\/\/saiga.es\/wp-content\/uploads\/2026\/02\/Fumador-Antixispes.jpg\" \/>\n\t<meta property=\"og:image:width\" content=\"1080\" \/>\n\t<meta property=\"og:image:height\" content=\"1080\" \/>\n\t<meta property=\"og:image:type\" content=\"image\/jpeg\" \/>\n<meta name=\"twitter:card\" content=\"summary_large_image\" \/>\n<meta name=\"twitter:site\" content=\"@saiga_agro\" \/>\n<meta name=\"twitter:label1\" content=\"Dur\u00e9e de lecture estim\u00e9e\" \/>\n\t<meta name=\"twitter:data1\" content=\"1 minute\" \/>\n<script type=\"application\/ld+json\" class=\"yoast-schema-graph\">{\"@context\":\"https:\\\/\\\/schema.org\",\"@graph\":[{\"@type\":\"WebPage\",\"@id\":\"https:\\\/\\\/saiga.es\\\/fr\\\/produit\\\/fumeur-sans-etincelles\\\/\",\"url\":\"https:\\\/\\\/saiga.es\\\/fr\\\/produit\\\/fumeur-sans-etincelles\\\/\",\"name\":\"Fumeur sans \u00e9tincelles | SAIGA\",\"isPartOf\":{\"@id\":\"https:\\\/\\\/saiga.es\\\/fr\\\/#website\"},\"primaryImageOfPage\":{\"@id\":\"https:\\\/\\\/saiga.es\\\/fr\\\/produit\\\/fumeur-sans-etincelles\\\/#primaryimage\"},\"image\":{\"@id\":\"https:\\\/\\\/saiga.es\\\/fr\\\/produit\\\/fumeur-sans-etincelles\\\/#primaryimage\"},\"thumbnailUrl\":\"https:\\\/\\\/saiga.es\\\/wp-content\\\/uploads\\\/2026\\\/02\\\/Fumador-Antixispes.jpg\",\"datePublished\":\"2026-02-10T13:51:06+00:00\",\"description\":\"Fumoir anti-\u00e9tincelles en acier inoxydable de haute qualit\u00e9 pour l'apiculture, avec syst\u00e8me de protection contre les \u00e9tincelles, fum\u00e9e froide constante et mat\u00e9riaux durables.\",\"breadcrumb\":{\"@id\":\"https:\\\/\\\/saiga.es\\\/fr\\\/produit\\\/fumeur-sans-etincelles\\\/#breadcrumb\"},\"inLanguage\":\"fr-FR\",\"potentialAction\":[{\"@type\":\"ReadAction\",\"target\":[\"https:\\\/\\\/saiga.es\\\/fr\\\/produit\\\/fumeur-sans-etincelles\\\/\"]}]},{\"@type\":\"ImageObject\",\"inLanguage\":\"fr-FR\",\"@id\":\"https:\\\/\\\/saiga.es\\\/fr\\\/produit\\\/fumeur-sans-etincelles\\\/#primaryimage\",\"url\":\"https:\\\/\\\/saiga.es\\\/wp-content\\\/uploads\\\/2026\\\/02\\\/Fumador-Antixispes.jpg\",\"contentUrl\":\"https:\\\/\\\/saiga.es\\\/wp-content\\\/uploads\\\/2026\\\/02\\\/Fumador-Antixispes.jpg\",\"width\":1080,\"height\":1080,\"caption\":\"Fumeur sans \u00e9tincelles\"},{\"@type\":\"BreadcrumbList\",\"@id\":\"https:\\\/\\\/saiga.es\\\/fr\\\/produit\\\/fumeur-sans-etincelles\\\/#breadcrumb\",\"itemListElement\":[{\"@type\":\"ListItem\",\"position\":1,\"name\":\"Inici\",\"item\":\"https:\\\/\\\/saiga.es\\\/fr\\\/\"},{\"@type\":\"ListItem\",\"position\":2,\"name\":\"boutique\",\"item\":\"https:\\\/\\\/saiga.es\\\/fr\\\/boutique\\\/\"},{\"@type\":\"ListItem\",\"position\":3,\"name\":\"Fumeur sans \u00e9tincelles\"}]},{\"@type\":\"WebSite\",\"@id\":\"https:\\\/\\\/saiga.es\\\/fr\\\/#website\",\"url\":\"https:\\\/\\\/saiga.es\\\/fr\\\/\",\"name\":\"SAIGA\",\"description\":\"M\u00e9s de 50 anys al servei de la terra i treballant per a un \u00fas eficient de l\u2019aigua!\",\"publisher\":{\"@id\":\"https:\\\/\\\/saiga.es\\\/fr\\\/#organization\"},\"potentialAction\":[{\"@type\":\"SearchAction\",\"target\":{\"@type\":\"EntryPoint\",\"urlTemplate\":\"https:\\\/\\\/saiga.es\\\/fr\\\/?s={search_term_string}\"},\"query-input\":{\"@type\":\"PropertyValueSpecification\",\"valueRequired\":true,\"valueName\":\"search_term_string\"}}],\"inLanguage\":\"fr-FR\"},{\"@type\":\"Organization\",\"@id\":\"https:\\\/\\\/saiga.es\\\/fr\\\/#organization\",\"name\":\"SAIGA\",\"url\":\"https:\\\/\\\/saiga.es\\\/fr\\\/\",\"logo\":{\"@type\":\"ImageObject\",\"inLanguage\":\"fr-FR\",\"@id\":\"https:\\\/\\\/saiga.es\\\/fr\\\/#\\\/schema\\\/logo\\\/image\\\/\",\"url\":\"https:\\\/\\\/saiga.es\\\/wp-content\\\/uploads\\\/2025\\\/07\\\/logo_saiga_baseline_optimitzat.svg\",\"contentUrl\":\"https:\\\/\\\/saiga.es\\\/wp-content\\\/uploads\\\/2025\\\/07\\\/logo_saiga_baseline_optimitzat.svg\",\"caption\":\"SAIGA\"},\"image\":{\"@id\":\"https:\\\/\\\/saiga.es\\\/fr\\\/#\\\/schema\\\/logo\\\/image\\\/\"},\"sameAs\":[\"https:\\\/\\\/x.com\\\/saiga_agro\",\"https:\\\/\\\/www.instagram.com\\\/saiga_agro\\\/\"]}]}<\/script>\n<!-- \/ Yoast SEO plugin. -->","yoast_head_json":{"title":"Fumeur sans \u00e9tincelles | SAIGA","description":"Fumoir anti-\u00e9tincelles en acier inoxydable de haute qualit\u00e9 pour l'apiculture, avec syst\u00e8me de protection contre les \u00e9tincelles, fum\u00e9e froide constante et mat\u00e9riaux durables.","robots":{"index":"index","follow":"follow","max-snippet":"max-snippet:-1","max-image-preview":"max-image-preview:large","max-video-preview":"max-video-preview:-1"},"canonical":"https:\/\/saiga.es\/fr\/produit\/fumeur-sans-etincelles\/","og_locale":"fr_FR","og_type":"article","og_title":"Fumeur sans \u00e9tincelles | SAIGA","og_description":"Fumoir anti-\u00e9tincelles en acier inoxydable de haute qualit\u00e9 pour l'apiculture, avec syst\u00e8me de protection contre les \u00e9tincelles, fum\u00e9e froide constante et mat\u00e9riaux durables.","og_url":"https:\/\/saiga.es\/fr\/produit\/fumeur-sans-etincelles\/","og_site_name":"SAIGA","og_image":[{"width":1080,"height":1080,"url":"https:\/\/saiga.es\/wp-content\/uploads\/2026\/02\/Fumador-Antixispes.jpg","type":"image\/jpeg"}],"twitter_card":"summary_large_image","twitter_site":"@saiga_agro","twitter_misc":{"Dur\u00e9e de lecture estim\u00e9e":"1 minute"},"schema":{"@context":"https:\/\/schema.org","@graph":[{"@type":"WebPage","@id":"https:\/\/saiga.es\/fr\/produit\/fumeur-sans-etincelles\/","url":"https:\/\/saiga.es\/fr\/produit\/fumeur-sans-etincelles\/","name":"Fumeur sans \u00e9tincelles | SAIGA","isPartOf":{"@id":"https:\/\/saiga.es\/fr\/#website"},"primaryImageOfPage":{"@id":"https:\/\/saiga.es\/fr\/produit\/fumeur-sans-etincelles\/#primaryimage"},"image":{"@id":"https:\/\/saiga.es\/fr\/produit\/fumeur-sans-etincelles\/#primaryimage"},"thumbnailUrl":"https:\/\/saiga.es\/wp-content\/uploads\/2026\/02\/Fumador-Antixispes.jpg","datePublished":"2026-02-10T13:51:06+00:00","description":"Fumoir anti-\u00e9tincelles en acier inoxydable de haute qualit\u00e9 pour l'apiculture, avec syst\u00e8me de protection contre les \u00e9tincelles, fum\u00e9e froide constante et mat\u00e9riaux durables.","breadcrumb":{"@id":"https:\/\/saiga.es\/fr\/produit\/fumeur-sans-etincelles\/#breadcrumb"},"inLanguage":"fr-FR","potentialAction":[{"@type":"ReadAction","target":["https:\/\/saiga.es\/fr\/produit\/fumeur-sans-etincelles\/"]}]},{"@type":"ImageObject","inLanguage":"fr-FR","@id":"https:\/\/saiga.es\/fr\/produit\/fumeur-sans-etincelles\/#primaryimage","url":"https:\/\/saiga.es\/wp-content\/uploads\/2026\/02\/Fumador-Antixispes.jpg","contentUrl":"https:\/\/saiga.es\/wp-content\/uploads\/2026\/02\/Fumador-Antixispes.jpg","width":1080,"height":1080,"caption":"Fumeur sans \u00e9tincelles"},{"@type":"BreadcrumbList","@id":"https:\/\/saiga.es\/fr\/produit\/fumeur-sans-etincelles\/#breadcrumb","itemListElement":[{"@type":"ListItem","position":1,"name":"Inici","item":"https:\/\/saiga.es\/fr\/"},{"@type":"ListItem","position":2,"name":"boutique","item":"https:\/\/saiga.es\/fr\/boutique\/"},{"@type":"ListItem","position":3,"name":"Fumeur sans \u00e9tincelles"}]},{"@type":"WebSite","@id":"https:\/\/saiga.es\/fr\/#website","url":"https:\/\/saiga.es\/fr\/","name":"SAIGA","description":"M\u00e9s de 50 anys al servei de la terra i treballant per a un \u00fas eficient de l\u2019aigua!","publisher":{"@id":"https:\/\/saiga.es\/fr\/#organization"},"potentialAction":[{"@type":"SearchAction","target":{"@type":"EntryPoint","urlTemplate":"https:\/\/saiga.es\/fr\/?s={search_term_string}"},"query-input":{"@type":"PropertyValueSpecification","valueRequired":true,"valueName":"search_term_string"}}],"inLanguage":"fr-FR"},{"@type":"Organization","@id":"https:\/\/saiga.es\/fr\/#organization","name":"SAIGA","url":"https:\/\/saiga.es\/fr\/","logo":{"@type":"ImageObject","inLanguage":"fr-FR","@id":"https:\/\/saiga.es\/fr\/#\/schema\/logo\/image\/","url":"https:\/\/saiga.es\/wp-content\/uploads\/2025\/07\/logo_saiga_baseline_optimitzat.svg","contentUrl":"https:\/\/saiga.es\/wp-content\/uploads\/2025\/07\/logo_saiga_baseline_optimitzat.svg","caption":"SAIGA"},"image":{"@id":"https:\/\/saiga.es\/fr\/#\/schema\/logo\/image\/"},"sameAs":["https:\/\/x.com\/saiga_agro","https:\/\/www.instagram.com\/saiga_agro\/"]}]}},"_links":{"self":[{"href":"https:\/\/saiga.es\/fr\/wp-json\/wp\/v2\/product\/18231","targetHints":{"allow":["GET"]}}],"collection":[{"href":"https:\/\/saiga.es\/fr\/wp-json\/wp\/v2\/product"}],"about":[{"href":"https:\/\/saiga.es\/fr\/wp-json\/wp\/v2\/types\/product"}],"replies":[{"embeddable":true,"href":"https:\/\/saiga.es\/fr\/wp-json\/wp\/v2\/comments?post=18231"}],"wp:featuredmedia":[{"embeddable":true,"href":"https:\/\/saiga.es\/fr\/wp-json\/wp\/v2\/media\/18229"}],"wp:attachment":[{"href":"https:\/\/saiga.es\/fr\/wp-json\/wp\/v2\/media?parent=18231"}],"wp:term":[{"taxonomy":"product_brand","embeddable":true,"href":"https:\/\/saiga.es\/fr\/wp-json\/wp\/v2\/product_brand?post=18231"},{"taxonomy":"product_cat","embeddable":true,"href":"https:\/\/saiga.es\/fr\/wp-json\/wp\/v2\/product_cat?post=18231"},{"taxonomy":"product_tag","embeddable":true,"href":"https:\/\/saiga.es\/fr\/wp-json\/wp\/v2\/product_tag?post=18231"}],"curies":[{"name":"wp","href":"https:\/\/api.w.org\/{rel}","templated":true}]}}