{"id":18238,"date":"2026-02-10T14:23:56","date_gmt":"2026-02-10T14:23:56","guid":{"rendered":"https:\/\/saiga.es\/producte\/fumoir-lega-en-acier-inoxydable\/"},"modified":"2026-02-10T14:23:56","modified_gmt":"2026-02-10T14:23:56","slug":"fumoir-lega-en-acier-inoxydable","status":"publish","type":"product","link":"https:\/\/saiga.es\/fr\/produit\/fumoir-lega-en-acier-inoxydable\/","title":{"rendered":"Fumoir Lega en acier inoxydable"},"content":{"rendered":"<p data-start=\"237\" data-end=\"566\">L&rsquo;enfumoir Lega en acier inoxydable est un outil indispensable en apiculture, con\u00e7u pour faciliter la manipulation des ruches en toute s\u00e9curit\u00e9 lors des inspections et des op\u00e9rations d&rsquo;entretien. Fabriqu\u00e9 en acier inoxydable de haute qualit\u00e9, il offre une excellente r\u00e9sistance \u00e0 la corrosion et une longue dur\u00e9e de vie, m\u00eame en cas d&rsquo;utilisation intensive. <\/p>\n<p data-start=\"568\" data-end=\"795\">Cet enfumoir permet de g\u00e9n\u00e9rer une fum\u00e9e froide constante qui contribue \u00e0 calmer les abeilles, r\u00e9duisant ainsi leur comportement d\u00e9fensif et facilitant l&rsquo;inspection des cadres, la r\u00e9colte du miel et autres travaux de routine au rucher.<\/p>\n<p data-start=\"797\" data-end=\"1077\">Gr\u00e2ce \u00e0 son soufflet ergonomique, il assure un flux d&rsquo;air r\u00e9gulier et contr\u00f4l\u00e9, optimisant ainsi l&rsquo;allumage et le rendement \u00e9nerg\u00e9tique. Sa structure robuste le rend id\u00e9al aussi bien pour les apiculteurs professionnels que pour les amateurs \u00e0 la recherche d&rsquo;un enfumoir fiable et durable. <\/p>\n<h3 data-start=\"1079\" data-end=\"1111\">Fonctionnalit\u00e9s principales :<\/h3>\n<ul data-start=\"1112\" data-end=\"1372\">\n<li data-start=\"1112\" data-end=\"1167\">\n<p data-start=\"1114\" data-end=\"1167\">Fabriqu\u00e9 en acier inoxydable robuste et durable<\/p>\n<\/li>\n<li data-start=\"1168\" data-end=\"1223\">\n<p data-start=\"1170\" data-end=\"1223\">G\u00e9n\u00e8re une fum\u00e9e froide constante pour calmer les abeilles.<\/p>\n<\/li>\n<li data-start=\"1224\" data-end=\"1267\">\n<p data-start=\"1226\" data-end=\"1267\">Soufflet ergonomique pour une utilisation confortable<\/p>\n<\/li>\n<li data-start=\"1268\" data-end=\"1319\">\n<p data-start=\"1270\" data-end=\"1319\">Conception robuste pour une utilisation professionnelle et domestique<\/p>\n<\/li>\n<li data-start=\"1320\" data-end=\"1372\">\n<p data-start=\"1322\" data-end=\"1372\">Convient pour les inspections, la maintenance et la r\u00e9colte<\/p>\n<\/li>\n<\/ul>\n<p data-start=\"1374\" data-end=\"1545\">L&rsquo;enfumoir Lega en acier inoxydable est une option pratique et s\u00fbre pour tout apiculteur souhaitant travailler avec ses colonies avec plus de contr\u00f4le, de confort et de s\u00e9curit\u00e9.<\/p>\n","protected":false},"excerpt":{"rendered":"<p>L&rsquo;enfumoir Lega en acier inoxydable est un outil indispensable en apiculture, con\u00e7u pour faciliter la manipulation des ruches en toute s\u00e9curit\u00e9 lors des inspections et des op\u00e9rations d&rsquo;entretien. Fabriqu\u00e9 en acier inoxydable de haute qualit\u00e9, il offre une excellente r\u00e9sistance \u00e0 la corrosion et une longue dur\u00e9e de vie, m\u00eame en cas d&rsquo;utilisation intensive. <\/p>\n","protected":false},"featured_media":18236,"comment_status":"closed","ping_status":"closed","template":"","meta":[],"product_brand":[],"product_cat":[2368],"product_tag":[],"class_list":{"0":"post-18238","1":"product","2":"type-product","3":"status-publish","4":"has-post-thumbnail","6":"product_cat-abeilles","8":"first","9":"instock","10":"taxable","11":"shipping-taxable","12":"purchasable","13":"product-type-simple"},"yoast_head":"<!-- This site is optimized with the Yoast SEO plugin v27.4 - https:\/\/yoast.com\/product\/yoast-seo-wordpress\/ -->\n<title>Fumoir Lega en acier inoxydable | SAIGA<\/title>\n<meta name=\"description\" content=\"L&#039;enfumoir Lega en acier inoxydable est un outil essentiel pour l&#039;apiculture, con\u00e7u pour faciliter la manipulation en toute s\u00e9curit\u00e9 des ruches lors des op\u00e9rations d&#039;inspection et d&#039;entretien.\" \/>\n<meta name=\"robots\" content=\"index, follow, max-snippet:-1, max-image-preview:large, max-video-preview:-1\" \/>\n<link rel=\"canonical\" href=\"https:\/\/saiga.es\/fr\/produit\/fumoir-lega-en-acier-inoxydable\/\" \/>\n<meta property=\"og:locale\" content=\"fr_FR\" \/>\n<meta property=\"og:type\" content=\"article\" \/>\n<meta property=\"og:title\" content=\"Fumoir Lega en acier inoxydable | SAIGA\" \/>\n<meta property=\"og:description\" content=\"L&#039;enfumoir Lega en acier inoxydable est un outil essentiel pour l&#039;apiculture, con\u00e7u pour faciliter la manipulation en toute s\u00e9curit\u00e9 des ruches lors des op\u00e9rations d&#039;inspection et d&#039;entretien.\" \/>\n<meta property=\"og:url\" content=\"https:\/\/saiga.es\/fr\/produit\/fumoir-lega-en-acier-inoxydable\/\" \/>\n<meta property=\"og:site_name\" content=\"SAIGA\" \/>\n<meta property=\"og:image\" content=\"https:\/\/saiga.es\/wp-content\/uploads\/2026\/02\/Fumador-Inoxidable-Lega-.jpg\" \/>\n\t<meta property=\"og:image:width\" content=\"1080\" \/>\n\t<meta property=\"og:image:height\" content=\"1080\" \/>\n\t<meta property=\"og:image:type\" content=\"image\/jpeg\" \/>\n<meta name=\"twitter:card\" content=\"summary_large_image\" \/>\n<meta name=\"twitter:site\" content=\"@saiga_agro\" \/>\n<meta name=\"twitter:label1\" content=\"Dur\u00e9e de lecture estim\u00e9e\" \/>\n\t<meta name=\"twitter:data1\" content=\"1 minute\" \/>\n<script type=\"application\/ld+json\" class=\"yoast-schema-graph\">{\"@context\":\"https:\\\/\\\/schema.org\",\"@graph\":[{\"@type\":\"WebPage\",\"@id\":\"https:\\\/\\\/saiga.es\\\/fr\\\/produit\\\/fumoir-lega-en-acier-inoxydable\\\/\",\"url\":\"https:\\\/\\\/saiga.es\\\/fr\\\/produit\\\/fumoir-lega-en-acier-inoxydable\\\/\",\"name\":\"Fumoir Lega en acier inoxydable | SAIGA\",\"isPartOf\":{\"@id\":\"https:\\\/\\\/saiga.es\\\/fr\\\/#website\"},\"primaryImageOfPage\":{\"@id\":\"https:\\\/\\\/saiga.es\\\/fr\\\/produit\\\/fumoir-lega-en-acier-inoxydable\\\/#primaryimage\"},\"image\":{\"@id\":\"https:\\\/\\\/saiga.es\\\/fr\\\/produit\\\/fumoir-lega-en-acier-inoxydable\\\/#primaryimage\"},\"thumbnailUrl\":\"https:\\\/\\\/saiga.es\\\/wp-content\\\/uploads\\\/2026\\\/02\\\/Fumador-Inoxidable-Lega-.jpg\",\"datePublished\":\"2026-02-10T14:23:56+00:00\",\"description\":\"L'enfumoir Lega en acier inoxydable est un outil essentiel pour l'apiculture, con\u00e7u pour faciliter la manipulation en toute s\u00e9curit\u00e9 des ruches lors des op\u00e9rations d'inspection et d'entretien.\",\"breadcrumb\":{\"@id\":\"https:\\\/\\\/saiga.es\\\/fr\\\/produit\\\/fumoir-lega-en-acier-inoxydable\\\/#breadcrumb\"},\"inLanguage\":\"fr-FR\",\"potentialAction\":[{\"@type\":\"ReadAction\",\"target\":[\"https:\\\/\\\/saiga.es\\\/fr\\\/produit\\\/fumoir-lega-en-acier-inoxydable\\\/\"]}]},{\"@type\":\"ImageObject\",\"inLanguage\":\"fr-FR\",\"@id\":\"https:\\\/\\\/saiga.es\\\/fr\\\/produit\\\/fumoir-lega-en-acier-inoxydable\\\/#primaryimage\",\"url\":\"https:\\\/\\\/saiga.es\\\/wp-content\\\/uploads\\\/2026\\\/02\\\/Fumador-Inoxidable-Lega-.jpg\",\"contentUrl\":\"https:\\\/\\\/saiga.es\\\/wp-content\\\/uploads\\\/2026\\\/02\\\/Fumador-Inoxidable-Lega-.jpg\",\"width\":1080,\"height\":1080,\"caption\":\"Fumoir Lega en acier inoxydable\"},{\"@type\":\"BreadcrumbList\",\"@id\":\"https:\\\/\\\/saiga.es\\\/fr\\\/produit\\\/fumoir-lega-en-acier-inoxydable\\\/#breadcrumb\",\"itemListElement\":[{\"@type\":\"ListItem\",\"position\":1,\"name\":\"Inici\",\"item\":\"https:\\\/\\\/saiga.es\\\/fr\\\/\"},{\"@type\":\"ListItem\",\"position\":2,\"name\":\"boutique\",\"item\":\"https:\\\/\\\/saiga.es\\\/fr\\\/boutique\\\/\"},{\"@type\":\"ListItem\",\"position\":3,\"name\":\"Fumoir Lega en acier inoxydable\"}]},{\"@type\":\"WebSite\",\"@id\":\"https:\\\/\\\/saiga.es\\\/fr\\\/#website\",\"url\":\"https:\\\/\\\/saiga.es\\\/fr\\\/\",\"name\":\"SAIGA\",\"description\":\"M\u00e9s de 50 anys al servei de la terra i treballant per a un \u00fas eficient de l\u2019aigua!\",\"publisher\":{\"@id\":\"https:\\\/\\\/saiga.es\\\/fr\\\/#organization\"},\"potentialAction\":[{\"@type\":\"SearchAction\",\"target\":{\"@type\":\"EntryPoint\",\"urlTemplate\":\"https:\\\/\\\/saiga.es\\\/fr\\\/?s={search_term_string}\"},\"query-input\":{\"@type\":\"PropertyValueSpecification\",\"valueRequired\":true,\"valueName\":\"search_term_string\"}}],\"inLanguage\":\"fr-FR\"},{\"@type\":\"Organization\",\"@id\":\"https:\\\/\\\/saiga.es\\\/fr\\\/#organization\",\"name\":\"SAIGA\",\"url\":\"https:\\\/\\\/saiga.es\\\/fr\\\/\",\"logo\":{\"@type\":\"ImageObject\",\"inLanguage\":\"fr-FR\",\"@id\":\"https:\\\/\\\/saiga.es\\\/fr\\\/#\\\/schema\\\/logo\\\/image\\\/\",\"url\":\"https:\\\/\\\/saiga.es\\\/wp-content\\\/uploads\\\/2025\\\/07\\\/logo_saiga_baseline_optimitzat.svg\",\"contentUrl\":\"https:\\\/\\\/saiga.es\\\/wp-content\\\/uploads\\\/2025\\\/07\\\/logo_saiga_baseline_optimitzat.svg\",\"caption\":\"SAIGA\"},\"image\":{\"@id\":\"https:\\\/\\\/saiga.es\\\/fr\\\/#\\\/schema\\\/logo\\\/image\\\/\"},\"sameAs\":[\"https:\\\/\\\/x.com\\\/saiga_agro\",\"https:\\\/\\\/www.instagram.com\\\/saiga_agro\\\/\"]}]}<\/script>\n<!-- \/ Yoast SEO plugin. -->","yoast_head_json":{"title":"Fumoir Lega en acier inoxydable | SAIGA","description":"L'enfumoir Lega en acier inoxydable est un outil essentiel pour l'apiculture, con\u00e7u pour faciliter la manipulation en toute s\u00e9curit\u00e9 des ruches lors des op\u00e9rations d'inspection et d'entretien.","robots":{"index":"index","follow":"follow","max-snippet":"max-snippet:-1","max-image-preview":"max-image-preview:large","max-video-preview":"max-video-preview:-1"},"canonical":"https:\/\/saiga.es\/fr\/produit\/fumoir-lega-en-acier-inoxydable\/","og_locale":"fr_FR","og_type":"article","og_title":"Fumoir Lega en acier inoxydable | SAIGA","og_description":"L'enfumoir Lega en acier inoxydable est un outil essentiel pour l'apiculture, con\u00e7u pour faciliter la manipulation en toute s\u00e9curit\u00e9 des ruches lors des op\u00e9rations d'inspection et d'entretien.","og_url":"https:\/\/saiga.es\/fr\/produit\/fumoir-lega-en-acier-inoxydable\/","og_site_name":"SAIGA","og_image":[{"width":1080,"height":1080,"url":"https:\/\/saiga.es\/wp-content\/uploads\/2026\/02\/Fumador-Inoxidable-Lega-.jpg","type":"image\/jpeg"}],"twitter_card":"summary_large_image","twitter_site":"@saiga_agro","twitter_misc":{"Dur\u00e9e de lecture estim\u00e9e":"1 minute"},"schema":{"@context":"https:\/\/schema.org","@graph":[{"@type":"WebPage","@id":"https:\/\/saiga.es\/fr\/produit\/fumoir-lega-en-acier-inoxydable\/","url":"https:\/\/saiga.es\/fr\/produit\/fumoir-lega-en-acier-inoxydable\/","name":"Fumoir Lega en acier inoxydable | SAIGA","isPartOf":{"@id":"https:\/\/saiga.es\/fr\/#website"},"primaryImageOfPage":{"@id":"https:\/\/saiga.es\/fr\/produit\/fumoir-lega-en-acier-inoxydable\/#primaryimage"},"image":{"@id":"https:\/\/saiga.es\/fr\/produit\/fumoir-lega-en-acier-inoxydable\/#primaryimage"},"thumbnailUrl":"https:\/\/saiga.es\/wp-content\/uploads\/2026\/02\/Fumador-Inoxidable-Lega-.jpg","datePublished":"2026-02-10T14:23:56+00:00","description":"L'enfumoir Lega en acier inoxydable est un outil essentiel pour l'apiculture, con\u00e7u pour faciliter la manipulation en toute s\u00e9curit\u00e9 des ruches lors des op\u00e9rations d'inspection et d'entretien.","breadcrumb":{"@id":"https:\/\/saiga.es\/fr\/produit\/fumoir-lega-en-acier-inoxydable\/#breadcrumb"},"inLanguage":"fr-FR","potentialAction":[{"@type":"ReadAction","target":["https:\/\/saiga.es\/fr\/produit\/fumoir-lega-en-acier-inoxydable\/"]}]},{"@type":"ImageObject","inLanguage":"fr-FR","@id":"https:\/\/saiga.es\/fr\/produit\/fumoir-lega-en-acier-inoxydable\/#primaryimage","url":"https:\/\/saiga.es\/wp-content\/uploads\/2026\/02\/Fumador-Inoxidable-Lega-.jpg","contentUrl":"https:\/\/saiga.es\/wp-content\/uploads\/2026\/02\/Fumador-Inoxidable-Lega-.jpg","width":1080,"height":1080,"caption":"Fumoir Lega en acier inoxydable"},{"@type":"BreadcrumbList","@id":"https:\/\/saiga.es\/fr\/produit\/fumoir-lega-en-acier-inoxydable\/#breadcrumb","itemListElement":[{"@type":"ListItem","position":1,"name":"Inici","item":"https:\/\/saiga.es\/fr\/"},{"@type":"ListItem","position":2,"name":"boutique","item":"https:\/\/saiga.es\/fr\/boutique\/"},{"@type":"ListItem","position":3,"name":"Fumoir Lega en acier inoxydable"}]},{"@type":"WebSite","@id":"https:\/\/saiga.es\/fr\/#website","url":"https:\/\/saiga.es\/fr\/","name":"SAIGA","description":"M\u00e9s de 50 anys al servei de la terra i treballant per a un \u00fas eficient de l\u2019aigua!","publisher":{"@id":"https:\/\/saiga.es\/fr\/#organization"},"potentialAction":[{"@type":"SearchAction","target":{"@type":"EntryPoint","urlTemplate":"https:\/\/saiga.es\/fr\/?s={search_term_string}"},"query-input":{"@type":"PropertyValueSpecification","valueRequired":true,"valueName":"search_term_string"}}],"inLanguage":"fr-FR"},{"@type":"Organization","@id":"https:\/\/saiga.es\/fr\/#organization","name":"SAIGA","url":"https:\/\/saiga.es\/fr\/","logo":{"@type":"ImageObject","inLanguage":"fr-FR","@id":"https:\/\/saiga.es\/fr\/#\/schema\/logo\/image\/","url":"https:\/\/saiga.es\/wp-content\/uploads\/2025\/07\/logo_saiga_baseline_optimitzat.svg","contentUrl":"https:\/\/saiga.es\/wp-content\/uploads\/2025\/07\/logo_saiga_baseline_optimitzat.svg","caption":"SAIGA"},"image":{"@id":"https:\/\/saiga.es\/fr\/#\/schema\/logo\/image\/"},"sameAs":["https:\/\/x.com\/saiga_agro","https:\/\/www.instagram.com\/saiga_agro\/"]}]}},"_links":{"self":[{"href":"https:\/\/saiga.es\/fr\/wp-json\/wp\/v2\/product\/18238","targetHints":{"allow":["GET"]}}],"collection":[{"href":"https:\/\/saiga.es\/fr\/wp-json\/wp\/v2\/product"}],"about":[{"href":"https:\/\/saiga.es\/fr\/wp-json\/wp\/v2\/types\/product"}],"replies":[{"embeddable":true,"href":"https:\/\/saiga.es\/fr\/wp-json\/wp\/v2\/comments?post=18238"}],"wp:featuredmedia":[{"embeddable":true,"href":"https:\/\/saiga.es\/fr\/wp-json\/wp\/v2\/media\/18236"}],"wp:attachment":[{"href":"https:\/\/saiga.es\/fr\/wp-json\/wp\/v2\/media?parent=18238"}],"wp:term":[{"taxonomy":"product_brand","embeddable":true,"href":"https:\/\/saiga.es\/fr\/wp-json\/wp\/v2\/product_brand?post=18238"},{"taxonomy":"product_cat","embeddable":true,"href":"https:\/\/saiga.es\/fr\/wp-json\/wp\/v2\/product_cat?post=18238"},{"taxonomy":"product_tag","embeddable":true,"href":"https:\/\/saiga.es\/fr\/wp-json\/wp\/v2\/product_tag?post=18238"}],"curies":[{"name":"wp","href":"https:\/\/api.w.org\/{rel}","templated":true}]}}