{"id":18253,"date":"2026-02-11T12:10:02","date_gmt":"2026-02-11T12:10:02","guid":{"rendered":"https:\/\/saiga.es\/producte\/brosse-decireuse-avec-manche-en-plastique\/"},"modified":"2026-02-11T12:10:02","modified_gmt":"2026-02-11T12:10:02","slug":"brosse-decireuse-avec-manche-en-plastique","status":"publish","type":"product","link":"https:\/\/saiga.es\/fr\/produit\/brosse-decireuse-avec-manche-en-plastique\/","title":{"rendered":"Brosse d\u00e9cireuse avec manche en plastique"},"content":{"rendered":"<p>La brosse apicole \u00e0 manche en plastique est un outil pratique et r\u00e9sistant, sp\u00e9cialement con\u00e7u pour les apiculteurs. Id\u00e9ale pour vider les ruches confortablement et efficacement, elle est dot\u00e9e d&rsquo;un manche ergonomique en plastique de 45 cm de long offrant une excellente prise en main et un contr\u00f4le optimal. Cette brosse facilite le retrait des opercules de cire pour acc\u00e9der au miel. Ses m\u00e8ches blanches et ses 33 poils uniform\u00e9ment r\u00e9partis garantissent un travail doux et efficace, r\u00e9duisant ainsi l&rsquo;effort et le temps n\u00e9cessaires \u00e0 la r\u00e9colte. Cet outil apicole se distingue par sa durabilit\u00e9 et sa facilit\u00e9 d&rsquo;utilisation, et convient parfaitement aux apiculteurs amateurs comme professionnels recherchant une solution confortable et performante pour l&rsquo;extraction du miel.   <\/p>\n","protected":false},"excerpt":{"rendered":"<p>La brosse apicole \u00e0 manche en plastique est un outil pratique et r\u00e9sistant, sp\u00e9cialement con\u00e7u pour l&rsquo;apiculteur. Id\u00e9ale pour vider les ruches de leurs opercules de cire de mani\u00e8re confortable et efficace, elle est dot\u00e9e d&rsquo;un manche ergonomique en plastique de 45 cm de long offrant une bonne prise en main et un contr\u00f4le optimal. Cette brosse facilite le retrait des opercules de cire pour acc\u00e9der au miel. <\/p>\n","protected":false},"featured_media":18251,"comment_status":"closed","ping_status":"closed","template":"","meta":[],"product_brand":[],"product_cat":[2368],"product_tag":[],"class_list":{"0":"post-18253","1":"product","2":"type-product","3":"status-publish","4":"has-post-thumbnail","6":"product_cat-abeilles","8":"first","9":"instock","10":"taxable","11":"shipping-taxable","12":"purchasable","13":"product-type-simple"},"yoast_head":"<!-- This site is optimized with the Yoast SEO plugin v27.4 - https:\/\/yoast.com\/product\/yoast-seo-wordpress\/ -->\n<title>Brosse d\u00e9cireuse avec manche en plastique | SAIGA<\/title>\n<meta name=\"description\" content=\"Outil apicole robuste pour vider facilement vos cadres de leurs abeilles. Ergonomique et r\u00e9sistant, il est id\u00e9al pour les apiculteurs exigeants qui recherchent un travail propre et efficace.\" \/>\n<meta name=\"robots\" content=\"index, follow, max-snippet:-1, max-image-preview:large, max-video-preview:-1\" \/>\n<link rel=\"canonical\" href=\"https:\/\/saiga.es\/fr\/produit\/brosse-decireuse-avec-manche-en-plastique\/\" \/>\n<meta property=\"og:locale\" content=\"fr_FR\" \/>\n<meta property=\"og:type\" content=\"article\" \/>\n<meta property=\"og:title\" content=\"Brosse d\u00e9cireuse avec manche en plastique | SAIGA\" \/>\n<meta property=\"og:description\" content=\"Outil apicole robuste pour vider facilement vos cadres de leurs abeilles. Ergonomique et r\u00e9sistant, il est id\u00e9al pour les apiculteurs exigeants qui recherchent un travail propre et efficace.\" \/>\n<meta property=\"og:url\" content=\"https:\/\/saiga.es\/fr\/produit\/brosse-decireuse-avec-manche-en-plastique\/\" \/>\n<meta property=\"og:site_name\" content=\"SAIGA\" \/>\n<meta property=\"og:image\" content=\"https:\/\/saiga.es\/wp-content\/uploads\/2026\/02\/Raspall-netejar-caixa-abelles-.jpg\" \/>\n\t<meta property=\"og:image:width\" content=\"1080\" \/>\n\t<meta property=\"og:image:height\" content=\"1080\" \/>\n\t<meta property=\"og:image:type\" content=\"image\/jpeg\" \/>\n<meta name=\"twitter:card\" content=\"summary_large_image\" \/>\n<meta name=\"twitter:site\" content=\"@saiga_agro\" \/>\n<meta name=\"twitter:label1\" content=\"Dur\u00e9e de lecture estim\u00e9e\" \/>\n\t<meta name=\"twitter:data1\" content=\"1 minute\" \/>\n<script type=\"application\/ld+json\" class=\"yoast-schema-graph\">{\"@context\":\"https:\\\/\\\/schema.org\",\"@graph\":[{\"@type\":\"WebPage\",\"@id\":\"https:\\\/\\\/saiga.es\\\/fr\\\/produit\\\/brosse-decireuse-avec-manche-en-plastique\\\/\",\"url\":\"https:\\\/\\\/saiga.es\\\/fr\\\/produit\\\/brosse-decireuse-avec-manche-en-plastique\\\/\",\"name\":\"Brosse d\u00e9cireuse avec manche en plastique | SAIGA\",\"isPartOf\":{\"@id\":\"https:\\\/\\\/saiga.es\\\/fr\\\/#website\"},\"primaryImageOfPage\":{\"@id\":\"https:\\\/\\\/saiga.es\\\/fr\\\/produit\\\/brosse-decireuse-avec-manche-en-plastique\\\/#primaryimage\"},\"image\":{\"@id\":\"https:\\\/\\\/saiga.es\\\/fr\\\/produit\\\/brosse-decireuse-avec-manche-en-plastique\\\/#primaryimage\"},\"thumbnailUrl\":\"https:\\\/\\\/saiga.es\\\/wp-content\\\/uploads\\\/2026\\\/02\\\/Raspall-netejar-caixa-abelles-.jpg\",\"datePublished\":\"2026-02-11T12:10:02+00:00\",\"description\":\"Outil apicole robuste pour vider facilement vos cadres de leurs abeilles. Ergonomique et r\u00e9sistant, il est id\u00e9al pour les apiculteurs exigeants qui recherchent un travail propre et efficace.\",\"breadcrumb\":{\"@id\":\"https:\\\/\\\/saiga.es\\\/fr\\\/produit\\\/brosse-decireuse-avec-manche-en-plastique\\\/#breadcrumb\"},\"inLanguage\":\"fr-FR\",\"potentialAction\":[{\"@type\":\"ReadAction\",\"target\":[\"https:\\\/\\\/saiga.es\\\/fr\\\/produit\\\/brosse-decireuse-avec-manche-en-plastique\\\/\"]}]},{\"@type\":\"ImageObject\",\"inLanguage\":\"fr-FR\",\"@id\":\"https:\\\/\\\/saiga.es\\\/fr\\\/produit\\\/brosse-decireuse-avec-manche-en-plastique\\\/#primaryimage\",\"url\":\"https:\\\/\\\/saiga.es\\\/wp-content\\\/uploads\\\/2026\\\/02\\\/Raspall-netejar-caixa-abelles-.jpg\",\"contentUrl\":\"https:\\\/\\\/saiga.es\\\/wp-content\\\/uploads\\\/2026\\\/02\\\/Raspall-netejar-caixa-abelles-.jpg\",\"width\":1080,\"height\":1080,\"caption\":\"Brosse d\u00e9cireuse avec manche en plastique\"},{\"@type\":\"BreadcrumbList\",\"@id\":\"https:\\\/\\\/saiga.es\\\/fr\\\/produit\\\/brosse-decireuse-avec-manche-en-plastique\\\/#breadcrumb\",\"itemListElement\":[{\"@type\":\"ListItem\",\"position\":1,\"name\":\"Inici\",\"item\":\"https:\\\/\\\/saiga.es\\\/fr\\\/\"},{\"@type\":\"ListItem\",\"position\":2,\"name\":\"boutique\",\"item\":\"https:\\\/\\\/saiga.es\\\/fr\\\/boutique\\\/\"},{\"@type\":\"ListItem\",\"position\":3,\"name\":\"Brosse d\u00e9cireuse avec manche en plastique\"}]},{\"@type\":\"WebSite\",\"@id\":\"https:\\\/\\\/saiga.es\\\/fr\\\/#website\",\"url\":\"https:\\\/\\\/saiga.es\\\/fr\\\/\",\"name\":\"SAIGA\",\"description\":\"M\u00e9s de 50 anys al servei de la terra i treballant per a un \u00fas eficient de l\u2019aigua!\",\"publisher\":{\"@id\":\"https:\\\/\\\/saiga.es\\\/fr\\\/#organization\"},\"potentialAction\":[{\"@type\":\"SearchAction\",\"target\":{\"@type\":\"EntryPoint\",\"urlTemplate\":\"https:\\\/\\\/saiga.es\\\/fr\\\/?s={search_term_string}\"},\"query-input\":{\"@type\":\"PropertyValueSpecification\",\"valueRequired\":true,\"valueName\":\"search_term_string\"}}],\"inLanguage\":\"fr-FR\"},{\"@type\":\"Organization\",\"@id\":\"https:\\\/\\\/saiga.es\\\/fr\\\/#organization\",\"name\":\"SAIGA\",\"url\":\"https:\\\/\\\/saiga.es\\\/fr\\\/\",\"logo\":{\"@type\":\"ImageObject\",\"inLanguage\":\"fr-FR\",\"@id\":\"https:\\\/\\\/saiga.es\\\/fr\\\/#\\\/schema\\\/logo\\\/image\\\/\",\"url\":\"https:\\\/\\\/saiga.es\\\/wp-content\\\/uploads\\\/2025\\\/07\\\/logo_saiga_baseline_optimitzat.svg\",\"contentUrl\":\"https:\\\/\\\/saiga.es\\\/wp-content\\\/uploads\\\/2025\\\/07\\\/logo_saiga_baseline_optimitzat.svg\",\"caption\":\"SAIGA\"},\"image\":{\"@id\":\"https:\\\/\\\/saiga.es\\\/fr\\\/#\\\/schema\\\/logo\\\/image\\\/\"},\"sameAs\":[\"https:\\\/\\\/x.com\\\/saiga_agro\",\"https:\\\/\\\/www.instagram.com\\\/saiga_agro\\\/\"]}]}<\/script>\n<!-- \/ Yoast SEO plugin. -->","yoast_head_json":{"title":"Brosse d\u00e9cireuse avec manche en plastique | SAIGA","description":"Outil apicole robuste pour vider facilement vos cadres de leurs abeilles. Ergonomique et r\u00e9sistant, il est id\u00e9al pour les apiculteurs exigeants qui recherchent un travail propre et efficace.","robots":{"index":"index","follow":"follow","max-snippet":"max-snippet:-1","max-image-preview":"max-image-preview:large","max-video-preview":"max-video-preview:-1"},"canonical":"https:\/\/saiga.es\/fr\/produit\/brosse-decireuse-avec-manche-en-plastique\/","og_locale":"fr_FR","og_type":"article","og_title":"Brosse d\u00e9cireuse avec manche en plastique | SAIGA","og_description":"Outil apicole robuste pour vider facilement vos cadres de leurs abeilles. Ergonomique et r\u00e9sistant, il est id\u00e9al pour les apiculteurs exigeants qui recherchent un travail propre et efficace.","og_url":"https:\/\/saiga.es\/fr\/produit\/brosse-decireuse-avec-manche-en-plastique\/","og_site_name":"SAIGA","og_image":[{"width":1080,"height":1080,"url":"https:\/\/saiga.es\/wp-content\/uploads\/2026\/02\/Raspall-netejar-caixa-abelles-.jpg","type":"image\/jpeg"}],"twitter_card":"summary_large_image","twitter_site":"@saiga_agro","twitter_misc":{"Dur\u00e9e de lecture estim\u00e9e":"1 minute"},"schema":{"@context":"https:\/\/schema.org","@graph":[{"@type":"WebPage","@id":"https:\/\/saiga.es\/fr\/produit\/brosse-decireuse-avec-manche-en-plastique\/","url":"https:\/\/saiga.es\/fr\/produit\/brosse-decireuse-avec-manche-en-plastique\/","name":"Brosse d\u00e9cireuse avec manche en plastique | SAIGA","isPartOf":{"@id":"https:\/\/saiga.es\/fr\/#website"},"primaryImageOfPage":{"@id":"https:\/\/saiga.es\/fr\/produit\/brosse-decireuse-avec-manche-en-plastique\/#primaryimage"},"image":{"@id":"https:\/\/saiga.es\/fr\/produit\/brosse-decireuse-avec-manche-en-plastique\/#primaryimage"},"thumbnailUrl":"https:\/\/saiga.es\/wp-content\/uploads\/2026\/02\/Raspall-netejar-caixa-abelles-.jpg","datePublished":"2026-02-11T12:10:02+00:00","description":"Outil apicole robuste pour vider facilement vos cadres de leurs abeilles. Ergonomique et r\u00e9sistant, il est id\u00e9al pour les apiculteurs exigeants qui recherchent un travail propre et efficace.","breadcrumb":{"@id":"https:\/\/saiga.es\/fr\/produit\/brosse-decireuse-avec-manche-en-plastique\/#breadcrumb"},"inLanguage":"fr-FR","potentialAction":[{"@type":"ReadAction","target":["https:\/\/saiga.es\/fr\/produit\/brosse-decireuse-avec-manche-en-plastique\/"]}]},{"@type":"ImageObject","inLanguage":"fr-FR","@id":"https:\/\/saiga.es\/fr\/produit\/brosse-decireuse-avec-manche-en-plastique\/#primaryimage","url":"https:\/\/saiga.es\/wp-content\/uploads\/2026\/02\/Raspall-netejar-caixa-abelles-.jpg","contentUrl":"https:\/\/saiga.es\/wp-content\/uploads\/2026\/02\/Raspall-netejar-caixa-abelles-.jpg","width":1080,"height":1080,"caption":"Brosse d\u00e9cireuse avec manche en plastique"},{"@type":"BreadcrumbList","@id":"https:\/\/saiga.es\/fr\/produit\/brosse-decireuse-avec-manche-en-plastique\/#breadcrumb","itemListElement":[{"@type":"ListItem","position":1,"name":"Inici","item":"https:\/\/saiga.es\/fr\/"},{"@type":"ListItem","position":2,"name":"boutique","item":"https:\/\/saiga.es\/fr\/boutique\/"},{"@type":"ListItem","position":3,"name":"Brosse d\u00e9cireuse avec manche en plastique"}]},{"@type":"WebSite","@id":"https:\/\/saiga.es\/fr\/#website","url":"https:\/\/saiga.es\/fr\/","name":"SAIGA","description":"M\u00e9s de 50 anys al servei de la terra i treballant per a un \u00fas eficient de l\u2019aigua!","publisher":{"@id":"https:\/\/saiga.es\/fr\/#organization"},"potentialAction":[{"@type":"SearchAction","target":{"@type":"EntryPoint","urlTemplate":"https:\/\/saiga.es\/fr\/?s={search_term_string}"},"query-input":{"@type":"PropertyValueSpecification","valueRequired":true,"valueName":"search_term_string"}}],"inLanguage":"fr-FR"},{"@type":"Organization","@id":"https:\/\/saiga.es\/fr\/#organization","name":"SAIGA","url":"https:\/\/saiga.es\/fr\/","logo":{"@type":"ImageObject","inLanguage":"fr-FR","@id":"https:\/\/saiga.es\/fr\/#\/schema\/logo\/image\/","url":"https:\/\/saiga.es\/wp-content\/uploads\/2025\/07\/logo_saiga_baseline_optimitzat.svg","contentUrl":"https:\/\/saiga.es\/wp-content\/uploads\/2025\/07\/logo_saiga_baseline_optimitzat.svg","caption":"SAIGA"},"image":{"@id":"https:\/\/saiga.es\/fr\/#\/schema\/logo\/image\/"},"sameAs":["https:\/\/x.com\/saiga_agro","https:\/\/www.instagram.com\/saiga_agro\/"]}]}},"_links":{"self":[{"href":"https:\/\/saiga.es\/fr\/wp-json\/wp\/v2\/product\/18253","targetHints":{"allow":["GET"]}}],"collection":[{"href":"https:\/\/saiga.es\/fr\/wp-json\/wp\/v2\/product"}],"about":[{"href":"https:\/\/saiga.es\/fr\/wp-json\/wp\/v2\/types\/product"}],"replies":[{"embeddable":true,"href":"https:\/\/saiga.es\/fr\/wp-json\/wp\/v2\/comments?post=18253"}],"wp:featuredmedia":[{"embeddable":true,"href":"https:\/\/saiga.es\/fr\/wp-json\/wp\/v2\/media\/18251"}],"wp:attachment":[{"href":"https:\/\/saiga.es\/fr\/wp-json\/wp\/v2\/media?parent=18253"}],"wp:term":[{"taxonomy":"product_brand","embeddable":true,"href":"https:\/\/saiga.es\/fr\/wp-json\/wp\/v2\/product_brand?post=18253"},{"taxonomy":"product_cat","embeddable":true,"href":"https:\/\/saiga.es\/fr\/wp-json\/wp\/v2\/product_cat?post=18253"},{"taxonomy":"product_tag","embeddable":true,"href":"https:\/\/saiga.es\/fr\/wp-json\/wp\/v2\/product_tag?post=18253"}],"curies":[{"name":"wp","href":"https:\/\/api.w.org\/{rel}","templated":true}]}}