{"id":18267,"date":"2026-02-13T08:17:01","date_gmt":"2026-02-13T08:17:01","guid":{"rendered":"https:\/\/saiga.es\/producte\/programmateur-analogique-aqua-control-c4109\/"},"modified":"2026-02-13T08:17:01","modified_gmt":"2026-02-13T08:17:01","slug":"programmateur-analogique-aqua-control-c4109","status":"publish","type":"product","link":"https:\/\/saiga.es\/fr\/produit\/programmateur-analogique-aqua-control-c4109\/","title":{"rendered":"Programmateur analogique Aqua Control C4109"},"content":{"rendered":"<p data-start=\"296\" data-end=\"717\">Le programmateur analogique Aqua Control C4109 est un programmateur d&rsquo;arrosage automatique pour robinets de jardin qui simplifie l&rsquo;entretien des plantes, pelouses et jardins, m\u00eame \u00e0 distance. Gr\u00e2ce \u00e0 sa configuration manuelle simple via deux molettes, ce programmateur permet de s\u00e9lectionner facilement la fr\u00e9quence d&rsquo;arrosage (toutes les 1 \u00e0 72 heures ou hebdomadairement) et la dur\u00e9e d&rsquo;arrosage (de 1 \u00e0 120 minutes). <\/p>\n<p data-start=\"719\" data-end=\"1047\">Dot\u00e9 d&rsquo;un m\u00e9canisme \u00e0 bille interne et d&rsquo;un compartiment \u00e0 piles \u00e9tanche, le C4109 fonctionne avec 2 piles AAA (non fournies) et est id\u00e9al pour les jardins, les vergers et les syst\u00e8mes d&rsquo;irrigation goutte \u00e0 goutte. Lorsque la pile est faible, la vanne se ferme automatiquement pour prot\u00e9ger l&rsquo;installation. <\/p>\n<p data-start=\"1049\" data-end=\"1435\">Ce programmateur est dot\u00e9 d&rsquo;une fonction \u00ab D\u00e9lai \u00bb permettant de diff\u00e9rer le d\u00e9marrage de l&rsquo;arrosage jusqu&rsquo;\u00e0 12 heures, ainsi que d&rsquo;un indicateur LED de batterie facilitant l&rsquo;entretien. Fonctionnant sous une pression de 0 \u00e0 6 bars et \u00e9quip\u00e9 d&rsquo;un adaptateur de robinet standard de \u00be\u00a0\u00bb, il se distingue par sa fiabilit\u00e9, sa facilit\u00e9 d&rsquo;installation sans outil et sa polyvalence d&rsquo;utilisation en ext\u00e9rieur. <\/p>\n","protected":false},"excerpt":{"rendered":"<p>Le programmateur analogique Aqua Control C4109 est un programmateur d&rsquo;arrosage automatique pour robinets de jardin qui simplifie l&rsquo;entretien des plantes, pelouses et jardins, m\u00eame \u00e0 distance. Gr\u00e2ce \u00e0 sa configuration manuelle simple via deux molettes, ce programmateur permet de s\u00e9lectionner facilement la fr\u00e9quence d&rsquo;arrosage (toutes les 1 \u00e0 72 heures ou hebdomadairement) et la dur\u00e9e d&rsquo;arrosage (de 1 \u00e0 120 minutes). <\/p>\n","protected":false},"featured_media":18265,"comment_status":"closed","ping_status":"closed","template":"","meta":[],"product_brand":[],"product_cat":[475],"product_tag":[834,2148,824],"class_list":{"0":"post-18267","1":"product","2":"type-product","3":"status-publish","4":"has-post-thumbnail","6":"product_cat-programmeurs","7":"product_tag-arrosage-automatique-fr","8":"product_tag-programmeur","9":"product_tag-reg-fr","11":"first","12":"instock","13":"taxable","14":"shipping-taxable","15":"purchasable","16":"product-type-simple"},"yoast_head":"<!-- This site is optimized with the Yoast SEO plugin v27.4 - https:\/\/yoast.com\/product\/yoast-seo-wordpress\/ -->\n<title>Programmateur analogique Aqua Control C4109 | SAIGA<\/title>\n<meta name=\"description\" content=\"Programmateur d&#039;irrigation Aqua Control C4109 pour robinets de jardin, avec configuration manuelle, intervalles r\u00e9glables de 1 \u00e0 72 h ou hebdomadaires et dur\u00e9es de 1 \u00e0 120 min.\" \/>\n<meta name=\"robots\" content=\"index, follow, max-snippet:-1, max-image-preview:large, max-video-preview:-1\" \/>\n<link rel=\"canonical\" href=\"https:\/\/saiga.es\/fr\/produit\/programmateur-analogique-aqua-control-c4109\/\" \/>\n<meta property=\"og:locale\" content=\"fr_FR\" \/>\n<meta property=\"og:type\" content=\"article\" \/>\n<meta property=\"og:title\" content=\"Programmateur analogique Aqua Control C4109 | SAIGA\" \/>\n<meta property=\"og:description\" content=\"Programmateur d&#039;irrigation Aqua Control C4109 pour robinets de jardin, avec configuration manuelle, intervalles r\u00e9glables de 1 \u00e0 72 h ou hebdomadaires et dur\u00e9es de 1 \u00e0 120 min.\" \/>\n<meta property=\"og:url\" content=\"https:\/\/saiga.es\/fr\/produit\/programmateur-analogique-aqua-control-c4109\/\" \/>\n<meta property=\"og:site_name\" content=\"SAIGA\" \/>\n<meta property=\"og:image\" content=\"https:\/\/saiga.es\/wp-content\/uploads\/2026\/02\/Programador-c4109.jpg\" \/>\n\t<meta property=\"og:image:width\" content=\"1080\" \/>\n\t<meta property=\"og:image:height\" content=\"1080\" \/>\n\t<meta property=\"og:image:type\" content=\"image\/jpeg\" \/>\n<meta name=\"twitter:card\" content=\"summary_large_image\" \/>\n<meta name=\"twitter:site\" content=\"@saiga_agro\" \/>\n<meta name=\"twitter:label1\" content=\"Dur\u00e9e de lecture estim\u00e9e\" \/>\n\t<meta name=\"twitter:data1\" content=\"1 minute\" \/>\n<script type=\"application\/ld+json\" class=\"yoast-schema-graph\">{\"@context\":\"https:\\\/\\\/schema.org\",\"@graph\":[{\"@type\":\"WebPage\",\"@id\":\"https:\\\/\\\/saiga.es\\\/fr\\\/produit\\\/programmateur-analogique-aqua-control-c4109\\\/\",\"url\":\"https:\\\/\\\/saiga.es\\\/fr\\\/produit\\\/programmateur-analogique-aqua-control-c4109\\\/\",\"name\":\"Programmateur analogique Aqua Control C4109 | SAIGA\",\"isPartOf\":{\"@id\":\"https:\\\/\\\/saiga.es\\\/fr\\\/#website\"},\"primaryImageOfPage\":{\"@id\":\"https:\\\/\\\/saiga.es\\\/fr\\\/produit\\\/programmateur-analogique-aqua-control-c4109\\\/#primaryimage\"},\"image\":{\"@id\":\"https:\\\/\\\/saiga.es\\\/fr\\\/produit\\\/programmateur-analogique-aqua-control-c4109\\\/#primaryimage\"},\"thumbnailUrl\":\"https:\\\/\\\/saiga.es\\\/wp-content\\\/uploads\\\/2026\\\/02\\\/Programador-c4109.jpg\",\"datePublished\":\"2026-02-13T08:17:01+00:00\",\"description\":\"Programmateur d'irrigation Aqua Control C4109 pour robinets de jardin, avec configuration manuelle, intervalles r\u00e9glables de 1 \u00e0 72 h ou hebdomadaires et dur\u00e9es de 1 \u00e0 120 min.\",\"breadcrumb\":{\"@id\":\"https:\\\/\\\/saiga.es\\\/fr\\\/produit\\\/programmateur-analogique-aqua-control-c4109\\\/#breadcrumb\"},\"inLanguage\":\"fr-FR\",\"potentialAction\":[{\"@type\":\"ReadAction\",\"target\":[\"https:\\\/\\\/saiga.es\\\/fr\\\/produit\\\/programmateur-analogique-aqua-control-c4109\\\/\"]}]},{\"@type\":\"ImageObject\",\"inLanguage\":\"fr-FR\",\"@id\":\"https:\\\/\\\/saiga.es\\\/fr\\\/produit\\\/programmateur-analogique-aqua-control-c4109\\\/#primaryimage\",\"url\":\"https:\\\/\\\/saiga.es\\\/wp-content\\\/uploads\\\/2026\\\/02\\\/Programador-c4109.jpg\",\"contentUrl\":\"https:\\\/\\\/saiga.es\\\/wp-content\\\/uploads\\\/2026\\\/02\\\/Programador-c4109.jpg\",\"width\":1080,\"height\":1080,\"caption\":\"Programmateur analogique Aqua Control C4109\"},{\"@type\":\"BreadcrumbList\",\"@id\":\"https:\\\/\\\/saiga.es\\\/fr\\\/produit\\\/programmateur-analogique-aqua-control-c4109\\\/#breadcrumb\",\"itemListElement\":[{\"@type\":\"ListItem\",\"position\":1,\"name\":\"Inici\",\"item\":\"https:\\\/\\\/saiga.es\\\/fr\\\/\"},{\"@type\":\"ListItem\",\"position\":2,\"name\":\"boutique\",\"item\":\"https:\\\/\\\/saiga.es\\\/fr\\\/boutique\\\/\"},{\"@type\":\"ListItem\",\"position\":3,\"name\":\"Programmateur analogique Aqua Control C4109\"}]},{\"@type\":\"WebSite\",\"@id\":\"https:\\\/\\\/saiga.es\\\/fr\\\/#website\",\"url\":\"https:\\\/\\\/saiga.es\\\/fr\\\/\",\"name\":\"SAIGA\",\"description\":\"M\u00e9s de 50 anys al servei de la terra i treballant per a un \u00fas eficient de l\u2019aigua!\",\"publisher\":{\"@id\":\"https:\\\/\\\/saiga.es\\\/fr\\\/#organization\"},\"potentialAction\":[{\"@type\":\"SearchAction\",\"target\":{\"@type\":\"EntryPoint\",\"urlTemplate\":\"https:\\\/\\\/saiga.es\\\/fr\\\/?s={search_term_string}\"},\"query-input\":{\"@type\":\"PropertyValueSpecification\",\"valueRequired\":true,\"valueName\":\"search_term_string\"}}],\"inLanguage\":\"fr-FR\"},{\"@type\":\"Organization\",\"@id\":\"https:\\\/\\\/saiga.es\\\/fr\\\/#organization\",\"name\":\"SAIGA\",\"url\":\"https:\\\/\\\/saiga.es\\\/fr\\\/\",\"logo\":{\"@type\":\"ImageObject\",\"inLanguage\":\"fr-FR\",\"@id\":\"https:\\\/\\\/saiga.es\\\/fr\\\/#\\\/schema\\\/logo\\\/image\\\/\",\"url\":\"https:\\\/\\\/saiga.es\\\/wp-content\\\/uploads\\\/2025\\\/07\\\/logo_saiga_baseline_optimitzat.svg\",\"contentUrl\":\"https:\\\/\\\/saiga.es\\\/wp-content\\\/uploads\\\/2025\\\/07\\\/logo_saiga_baseline_optimitzat.svg\",\"caption\":\"SAIGA\"},\"image\":{\"@id\":\"https:\\\/\\\/saiga.es\\\/fr\\\/#\\\/schema\\\/logo\\\/image\\\/\"},\"sameAs\":[\"https:\\\/\\\/x.com\\\/saiga_agro\",\"https:\\\/\\\/www.instagram.com\\\/saiga_agro\\\/\"]}]}<\/script>\n<!-- \/ Yoast SEO plugin. -->","yoast_head_json":{"title":"Programmateur analogique Aqua Control C4109 | SAIGA","description":"Programmateur d'irrigation Aqua Control C4109 pour robinets de jardin, avec configuration manuelle, intervalles r\u00e9glables de 1 \u00e0 72 h ou hebdomadaires et dur\u00e9es de 1 \u00e0 120 min.","robots":{"index":"index","follow":"follow","max-snippet":"max-snippet:-1","max-image-preview":"max-image-preview:large","max-video-preview":"max-video-preview:-1"},"canonical":"https:\/\/saiga.es\/fr\/produit\/programmateur-analogique-aqua-control-c4109\/","og_locale":"fr_FR","og_type":"article","og_title":"Programmateur analogique Aqua Control C4109 | SAIGA","og_description":"Programmateur d'irrigation Aqua Control C4109 pour robinets de jardin, avec configuration manuelle, intervalles r\u00e9glables de 1 \u00e0 72 h ou hebdomadaires et dur\u00e9es de 1 \u00e0 120 min.","og_url":"https:\/\/saiga.es\/fr\/produit\/programmateur-analogique-aqua-control-c4109\/","og_site_name":"SAIGA","og_image":[{"width":1080,"height":1080,"url":"https:\/\/saiga.es\/wp-content\/uploads\/2026\/02\/Programador-c4109.jpg","type":"image\/jpeg"}],"twitter_card":"summary_large_image","twitter_site":"@saiga_agro","twitter_misc":{"Dur\u00e9e de lecture estim\u00e9e":"1 minute"},"schema":{"@context":"https:\/\/schema.org","@graph":[{"@type":"WebPage","@id":"https:\/\/saiga.es\/fr\/produit\/programmateur-analogique-aqua-control-c4109\/","url":"https:\/\/saiga.es\/fr\/produit\/programmateur-analogique-aqua-control-c4109\/","name":"Programmateur analogique Aqua Control C4109 | SAIGA","isPartOf":{"@id":"https:\/\/saiga.es\/fr\/#website"},"primaryImageOfPage":{"@id":"https:\/\/saiga.es\/fr\/produit\/programmateur-analogique-aqua-control-c4109\/#primaryimage"},"image":{"@id":"https:\/\/saiga.es\/fr\/produit\/programmateur-analogique-aqua-control-c4109\/#primaryimage"},"thumbnailUrl":"https:\/\/saiga.es\/wp-content\/uploads\/2026\/02\/Programador-c4109.jpg","datePublished":"2026-02-13T08:17:01+00:00","description":"Programmateur d'irrigation Aqua Control C4109 pour robinets de jardin, avec configuration manuelle, intervalles r\u00e9glables de 1 \u00e0 72 h ou hebdomadaires et dur\u00e9es de 1 \u00e0 120 min.","breadcrumb":{"@id":"https:\/\/saiga.es\/fr\/produit\/programmateur-analogique-aqua-control-c4109\/#breadcrumb"},"inLanguage":"fr-FR","potentialAction":[{"@type":"ReadAction","target":["https:\/\/saiga.es\/fr\/produit\/programmateur-analogique-aqua-control-c4109\/"]}]},{"@type":"ImageObject","inLanguage":"fr-FR","@id":"https:\/\/saiga.es\/fr\/produit\/programmateur-analogique-aqua-control-c4109\/#primaryimage","url":"https:\/\/saiga.es\/wp-content\/uploads\/2026\/02\/Programador-c4109.jpg","contentUrl":"https:\/\/saiga.es\/wp-content\/uploads\/2026\/02\/Programador-c4109.jpg","width":1080,"height":1080,"caption":"Programmateur analogique Aqua Control C4109"},{"@type":"BreadcrumbList","@id":"https:\/\/saiga.es\/fr\/produit\/programmateur-analogique-aqua-control-c4109\/#breadcrumb","itemListElement":[{"@type":"ListItem","position":1,"name":"Inici","item":"https:\/\/saiga.es\/fr\/"},{"@type":"ListItem","position":2,"name":"boutique","item":"https:\/\/saiga.es\/fr\/boutique\/"},{"@type":"ListItem","position":3,"name":"Programmateur analogique Aqua Control C4109"}]},{"@type":"WebSite","@id":"https:\/\/saiga.es\/fr\/#website","url":"https:\/\/saiga.es\/fr\/","name":"SAIGA","description":"M\u00e9s de 50 anys al servei de la terra i treballant per a un \u00fas eficient de l\u2019aigua!","publisher":{"@id":"https:\/\/saiga.es\/fr\/#organization"},"potentialAction":[{"@type":"SearchAction","target":{"@type":"EntryPoint","urlTemplate":"https:\/\/saiga.es\/fr\/?s={search_term_string}"},"query-input":{"@type":"PropertyValueSpecification","valueRequired":true,"valueName":"search_term_string"}}],"inLanguage":"fr-FR"},{"@type":"Organization","@id":"https:\/\/saiga.es\/fr\/#organization","name":"SAIGA","url":"https:\/\/saiga.es\/fr\/","logo":{"@type":"ImageObject","inLanguage":"fr-FR","@id":"https:\/\/saiga.es\/fr\/#\/schema\/logo\/image\/","url":"https:\/\/saiga.es\/wp-content\/uploads\/2025\/07\/logo_saiga_baseline_optimitzat.svg","contentUrl":"https:\/\/saiga.es\/wp-content\/uploads\/2025\/07\/logo_saiga_baseline_optimitzat.svg","caption":"SAIGA"},"image":{"@id":"https:\/\/saiga.es\/fr\/#\/schema\/logo\/image\/"},"sameAs":["https:\/\/x.com\/saiga_agro","https:\/\/www.instagram.com\/saiga_agro\/"]}]}},"_links":{"self":[{"href":"https:\/\/saiga.es\/fr\/wp-json\/wp\/v2\/product\/18267","targetHints":{"allow":["GET"]}}],"collection":[{"href":"https:\/\/saiga.es\/fr\/wp-json\/wp\/v2\/product"}],"about":[{"href":"https:\/\/saiga.es\/fr\/wp-json\/wp\/v2\/types\/product"}],"replies":[{"embeddable":true,"href":"https:\/\/saiga.es\/fr\/wp-json\/wp\/v2\/comments?post=18267"}],"wp:featuredmedia":[{"embeddable":true,"href":"https:\/\/saiga.es\/fr\/wp-json\/wp\/v2\/media\/18265"}],"wp:attachment":[{"href":"https:\/\/saiga.es\/fr\/wp-json\/wp\/v2\/media?parent=18267"}],"wp:term":[{"taxonomy":"product_brand","embeddable":true,"href":"https:\/\/saiga.es\/fr\/wp-json\/wp\/v2\/product_brand?post=18267"},{"taxonomy":"product_cat","embeddable":true,"href":"https:\/\/saiga.es\/fr\/wp-json\/wp\/v2\/product_cat?post=18267"},{"taxonomy":"product_tag","embeddable":true,"href":"https:\/\/saiga.es\/fr\/wp-json\/wp\/v2\/product_tag?post=18267"}],"curies":[{"name":"wp","href":"https:\/\/api.w.org\/{rel}","templated":true}]}}