{"id":18274,"date":"2026-02-13T08:49:47","date_gmt":"2026-02-13T08:49:47","guid":{"rendered":"https:\/\/saiga.es\/producte\/programmateur-numerique-aqua-control-4111\/"},"modified":"2026-02-13T08:49:47","modified_gmt":"2026-02-13T08:49:47","slug":"programmateur-numerique-aqua-control-4111","status":"publish","type":"product","link":"https:\/\/saiga.es\/fr\/produit\/programmateur-numerique-aqua-control-4111\/","title":{"rendered":"Programmateur num\u00e9rique Aqua Control 4111"},"content":{"rendered":"<p data-start=\"192\" data-end=\"626\">L&rsquo;Aqua Control PRZERO C4111 est un programmateur d&rsquo;arrosage automatique num\u00e9rique con\u00e7u pour g\u00e9rer efficacement l&rsquo;arrosage des jardins, pelouses et autres cultures horticoles \u00e0 partir d&rsquo;un robinet standard. Ce programmateur est dot\u00e9 d&rsquo;un \u00e9cran LCD haute visibilit\u00e9 affichant clairement toutes les donn\u00e9es de programmation et le prochain arrosage programm\u00e9, ce qui le rend intuitif et accessible \u00e0 tous. <\/p>\n<p data-start=\"628\" data-end=\"1006\">La unitat t\u00e9 una programaci\u00f3 flexible i totalment personalitzable, permetent ajustar el temps de reg entre 1 i 59 minuts, aix\u00ed com configurar la freq\u00fc\u00e8ncia segons les necessitats del teu espai verd. Inclou funcions especials com \u201cDELAY\u201d per retardar l\u2019inici del reg fins a 12 hores i una opci\u00f3 de reg manual amb un sol clic. <\/p>\n<p data-start=\"1008\" data-end=\"1435\">Dot\u00e9 de la certification IPX5 (r\u00e9sistant \u00e0 l&rsquo;eau) et d&rsquo;un compartiment \u00e0 piles \u00e9tanche, le C4111 fonctionne avec 2 piles AA (non fournies) et ferme automatiquement la vanne lorsque les piles sont faibles afin d&rsquo;\u00e9viter le gaspillage d&rsquo;eau. Il est \u00e9galement \u00e9quip\u00e9 d&rsquo;un filtre \u00e0 mailles, d&rsquo;un raccord de robinet 3\/4&Prime; et d&rsquo;une pression de service de 0 \u00e0 8 bars, ce qui le rend id\u00e9al pour un arrosage automatique fiable en ext\u00e9rieur. <\/p>\n<p data-start=\"1437\" data-end=\"1679\">Id\u00e9al pour le jardinage, les jardins urbains et les espaces verts, ce programmateur num\u00e9rique allie facilit\u00e9 d&rsquo;utilisation et contr\u00f4le pr\u00e9cis de la consommation d&rsquo;eau, apportant confort et efficacit\u00e9 \u00e0 votre syst\u00e8me d&rsquo;irrigation.<\/p>\n","protected":false},"excerpt":{"rendered":"<p>L&rsquo;Aqua Control PRZERO C4111 est un programmateur d&rsquo;arrosage automatique num\u00e9rique con\u00e7u pour g\u00e9rer efficacement l&rsquo;arrosage des jardins, pelouses et autres cultures horticoles \u00e0 partir d&rsquo;un robinet standard. Ce programmateur est dot\u00e9 d&rsquo;un \u00e9cran LCD haute visibilit\u00e9 affichant clairement toutes les donn\u00e9es de programmation et le prochain arrosage programm\u00e9, ce qui le rend intuitif et accessible \u00e0 tous. <\/p>\n","protected":false},"featured_media":18272,"comment_status":"closed","ping_status":"closed","template":"","meta":[],"product_brand":[],"product_cat":[475],"product_tag":[834,2148,824],"class_list":{"0":"post-18274","1":"product","2":"type-product","3":"status-publish","4":"has-post-thumbnail","6":"product_cat-programmeurs","7":"product_tag-arrosage-automatique-fr","8":"product_tag-programmeur","9":"product_tag-reg-fr","11":"first","12":"instock","13":"taxable","14":"shipping-taxable","15":"purchasable","16":"product-type-simple"},"yoast_head":"<!-- This site is optimized with the Yoast SEO plugin v27.4 - https:\/\/yoast.com\/product\/yoast-seo-wordpress\/ -->\n<title>Programmateur num\u00e9rique Aqua Control 4111 | SAIGA<\/title>\n<meta name=\"description\" content=\"Le programmateur d&#039;arrosage Aqua Control C4111 est dot\u00e9 d&#039;un \u00e9cran LCD, d&#039;une programmation personnalisable, de fonctions d&#039;arrosage diff\u00e9r\u00e9 et manuel, et d&#039;une haute r\u00e9sistance IPX5. Il permet de contr\u00f4ler facilement les dur\u00e9es d&#039;arrosage de 1 \u00e0 59 minutes et int\u00e8gre une protection contre la batterie faible pour un arrosage efficace des jardins et des vergers.\" \/>\n<meta name=\"robots\" content=\"index, follow, max-snippet:-1, max-image-preview:large, max-video-preview:-1\" \/>\n<link rel=\"canonical\" href=\"https:\/\/saiga.es\/fr\/produit\/programmateur-numerique-aqua-control-4111\/\" \/>\n<meta property=\"og:locale\" content=\"fr_FR\" \/>\n<meta property=\"og:type\" content=\"article\" \/>\n<meta property=\"og:title\" content=\"Programmateur num\u00e9rique Aqua Control 4111 | SAIGA\" \/>\n<meta property=\"og:description\" content=\"Le programmateur d&#039;arrosage Aqua Control C4111 est dot\u00e9 d&#039;un \u00e9cran LCD, d&#039;une programmation personnalisable, de fonctions d&#039;arrosage diff\u00e9r\u00e9 et manuel, et d&#039;une haute r\u00e9sistance IPX5. Il permet de contr\u00f4ler facilement les dur\u00e9es d&#039;arrosage de 1 \u00e0 59 minutes et int\u00e8gre une protection contre la batterie faible pour un arrosage efficace des jardins et des vergers.\" \/>\n<meta property=\"og:url\" content=\"https:\/\/saiga.es\/fr\/produit\/programmateur-numerique-aqua-control-4111\/\" \/>\n<meta property=\"og:site_name\" content=\"SAIGA\" \/>\n<meta property=\"og:image\" content=\"https:\/\/saiga.es\/wp-content\/uploads\/2026\/02\/Programador-C4111.jpg\" \/>\n\t<meta property=\"og:image:width\" content=\"1080\" \/>\n\t<meta property=\"og:image:height\" content=\"1080\" \/>\n\t<meta property=\"og:image:type\" content=\"image\/jpeg\" \/>\n<meta name=\"twitter:card\" content=\"summary_large_image\" \/>\n<meta name=\"twitter:site\" content=\"@saiga_agro\" \/>\n<meta name=\"twitter:label1\" content=\"Dur\u00e9e de lecture estim\u00e9e\" \/>\n\t<meta name=\"twitter:data1\" content=\"1 minute\" \/>\n<script type=\"application\/ld+json\" class=\"yoast-schema-graph\">{\"@context\":\"https:\\\/\\\/schema.org\",\"@graph\":[{\"@type\":\"WebPage\",\"@id\":\"https:\\\/\\\/saiga.es\\\/fr\\\/produit\\\/programmateur-numerique-aqua-control-4111\\\/\",\"url\":\"https:\\\/\\\/saiga.es\\\/fr\\\/produit\\\/programmateur-numerique-aqua-control-4111\\\/\",\"name\":\"Programmateur num\u00e9rique Aqua Control 4111 | SAIGA\",\"isPartOf\":{\"@id\":\"https:\\\/\\\/saiga.es\\\/fr\\\/#website\"},\"primaryImageOfPage\":{\"@id\":\"https:\\\/\\\/saiga.es\\\/fr\\\/produit\\\/programmateur-numerique-aqua-control-4111\\\/#primaryimage\"},\"image\":{\"@id\":\"https:\\\/\\\/saiga.es\\\/fr\\\/produit\\\/programmateur-numerique-aqua-control-4111\\\/#primaryimage\"},\"thumbnailUrl\":\"https:\\\/\\\/saiga.es\\\/wp-content\\\/uploads\\\/2026\\\/02\\\/Programador-C4111.jpg\",\"datePublished\":\"2026-02-13T08:49:47+00:00\",\"description\":\"Le programmateur d'arrosage Aqua Control C4111 est dot\u00e9 d'un \u00e9cran LCD, d'une programmation personnalisable, de fonctions d'arrosage diff\u00e9r\u00e9 et manuel, et d'une haute r\u00e9sistance IPX5. Il permet de contr\u00f4ler facilement les dur\u00e9es d'arrosage de 1 \u00e0 59 minutes et int\u00e8gre une protection contre la batterie faible pour un arrosage efficace des jardins et des vergers.\",\"breadcrumb\":{\"@id\":\"https:\\\/\\\/saiga.es\\\/fr\\\/produit\\\/programmateur-numerique-aqua-control-4111\\\/#breadcrumb\"},\"inLanguage\":\"fr-FR\",\"potentialAction\":[{\"@type\":\"ReadAction\",\"target\":[\"https:\\\/\\\/saiga.es\\\/fr\\\/produit\\\/programmateur-numerique-aqua-control-4111\\\/\"]}]},{\"@type\":\"ImageObject\",\"inLanguage\":\"fr-FR\",\"@id\":\"https:\\\/\\\/saiga.es\\\/fr\\\/produit\\\/programmateur-numerique-aqua-control-4111\\\/#primaryimage\",\"url\":\"https:\\\/\\\/saiga.es\\\/wp-content\\\/uploads\\\/2026\\\/02\\\/Programador-C4111.jpg\",\"contentUrl\":\"https:\\\/\\\/saiga.es\\\/wp-content\\\/uploads\\\/2026\\\/02\\\/Programador-C4111.jpg\",\"width\":1080,\"height\":1080,\"caption\":\"Programadaor digital Aqua Control 4111\"},{\"@type\":\"BreadcrumbList\",\"@id\":\"https:\\\/\\\/saiga.es\\\/fr\\\/produit\\\/programmateur-numerique-aqua-control-4111\\\/#breadcrumb\",\"itemListElement\":[{\"@type\":\"ListItem\",\"position\":1,\"name\":\"Inici\",\"item\":\"https:\\\/\\\/saiga.es\\\/fr\\\/\"},{\"@type\":\"ListItem\",\"position\":2,\"name\":\"boutique\",\"item\":\"https:\\\/\\\/saiga.es\\\/fr\\\/boutique\\\/\"},{\"@type\":\"ListItem\",\"position\":3,\"name\":\"Programmateur num\u00e9rique Aqua Control 4111\"}]},{\"@type\":\"WebSite\",\"@id\":\"https:\\\/\\\/saiga.es\\\/fr\\\/#website\",\"url\":\"https:\\\/\\\/saiga.es\\\/fr\\\/\",\"name\":\"SAIGA\",\"description\":\"M\u00e9s de 50 anys al servei de la terra i treballant per a un \u00fas eficient de l\u2019aigua!\",\"publisher\":{\"@id\":\"https:\\\/\\\/saiga.es\\\/fr\\\/#organization\"},\"potentialAction\":[{\"@type\":\"SearchAction\",\"target\":{\"@type\":\"EntryPoint\",\"urlTemplate\":\"https:\\\/\\\/saiga.es\\\/fr\\\/?s={search_term_string}\"},\"query-input\":{\"@type\":\"PropertyValueSpecification\",\"valueRequired\":true,\"valueName\":\"search_term_string\"}}],\"inLanguage\":\"fr-FR\"},{\"@type\":\"Organization\",\"@id\":\"https:\\\/\\\/saiga.es\\\/fr\\\/#organization\",\"name\":\"SAIGA\",\"url\":\"https:\\\/\\\/saiga.es\\\/fr\\\/\",\"logo\":{\"@type\":\"ImageObject\",\"inLanguage\":\"fr-FR\",\"@id\":\"https:\\\/\\\/saiga.es\\\/fr\\\/#\\\/schema\\\/logo\\\/image\\\/\",\"url\":\"https:\\\/\\\/saiga.es\\\/wp-content\\\/uploads\\\/2025\\\/07\\\/logo_saiga_baseline_optimitzat.svg\",\"contentUrl\":\"https:\\\/\\\/saiga.es\\\/wp-content\\\/uploads\\\/2025\\\/07\\\/logo_saiga_baseline_optimitzat.svg\",\"caption\":\"SAIGA\"},\"image\":{\"@id\":\"https:\\\/\\\/saiga.es\\\/fr\\\/#\\\/schema\\\/logo\\\/image\\\/\"},\"sameAs\":[\"https:\\\/\\\/x.com\\\/saiga_agro\",\"https:\\\/\\\/www.instagram.com\\\/saiga_agro\\\/\"]}]}<\/script>\n<!-- \/ Yoast SEO plugin. -->","yoast_head_json":{"title":"Programmateur num\u00e9rique Aqua Control 4111 | SAIGA","description":"Le programmateur d'arrosage Aqua Control C4111 est dot\u00e9 d'un \u00e9cran LCD, d'une programmation personnalisable, de fonctions d'arrosage diff\u00e9r\u00e9 et manuel, et d'une haute r\u00e9sistance IPX5. Il permet de contr\u00f4ler facilement les dur\u00e9es d'arrosage de 1 \u00e0 59 minutes et int\u00e8gre une protection contre la batterie faible pour un arrosage efficace des jardins et des vergers.","robots":{"index":"index","follow":"follow","max-snippet":"max-snippet:-1","max-image-preview":"max-image-preview:large","max-video-preview":"max-video-preview:-1"},"canonical":"https:\/\/saiga.es\/fr\/produit\/programmateur-numerique-aqua-control-4111\/","og_locale":"fr_FR","og_type":"article","og_title":"Programmateur num\u00e9rique Aqua Control 4111 | SAIGA","og_description":"Le programmateur d'arrosage Aqua Control C4111 est dot\u00e9 d'un \u00e9cran LCD, d'une programmation personnalisable, de fonctions d'arrosage diff\u00e9r\u00e9 et manuel, et d'une haute r\u00e9sistance IPX5. Il permet de contr\u00f4ler facilement les dur\u00e9es d'arrosage de 1 \u00e0 59 minutes et int\u00e8gre une protection contre la batterie faible pour un arrosage efficace des jardins et des vergers.","og_url":"https:\/\/saiga.es\/fr\/produit\/programmateur-numerique-aqua-control-4111\/","og_site_name":"SAIGA","og_image":[{"width":1080,"height":1080,"url":"https:\/\/saiga.es\/wp-content\/uploads\/2026\/02\/Programador-C4111.jpg","type":"image\/jpeg"}],"twitter_card":"summary_large_image","twitter_site":"@saiga_agro","twitter_misc":{"Dur\u00e9e de lecture estim\u00e9e":"1 minute"},"schema":{"@context":"https:\/\/schema.org","@graph":[{"@type":"WebPage","@id":"https:\/\/saiga.es\/fr\/produit\/programmateur-numerique-aqua-control-4111\/","url":"https:\/\/saiga.es\/fr\/produit\/programmateur-numerique-aqua-control-4111\/","name":"Programmateur num\u00e9rique Aqua Control 4111 | SAIGA","isPartOf":{"@id":"https:\/\/saiga.es\/fr\/#website"},"primaryImageOfPage":{"@id":"https:\/\/saiga.es\/fr\/produit\/programmateur-numerique-aqua-control-4111\/#primaryimage"},"image":{"@id":"https:\/\/saiga.es\/fr\/produit\/programmateur-numerique-aqua-control-4111\/#primaryimage"},"thumbnailUrl":"https:\/\/saiga.es\/wp-content\/uploads\/2026\/02\/Programador-C4111.jpg","datePublished":"2026-02-13T08:49:47+00:00","description":"Le programmateur d'arrosage Aqua Control C4111 est dot\u00e9 d'un \u00e9cran LCD, d'une programmation personnalisable, de fonctions d'arrosage diff\u00e9r\u00e9 et manuel, et d'une haute r\u00e9sistance IPX5. Il permet de contr\u00f4ler facilement les dur\u00e9es d'arrosage de 1 \u00e0 59 minutes et int\u00e8gre une protection contre la batterie faible pour un arrosage efficace des jardins et des vergers.","breadcrumb":{"@id":"https:\/\/saiga.es\/fr\/produit\/programmateur-numerique-aqua-control-4111\/#breadcrumb"},"inLanguage":"fr-FR","potentialAction":[{"@type":"ReadAction","target":["https:\/\/saiga.es\/fr\/produit\/programmateur-numerique-aqua-control-4111\/"]}]},{"@type":"ImageObject","inLanguage":"fr-FR","@id":"https:\/\/saiga.es\/fr\/produit\/programmateur-numerique-aqua-control-4111\/#primaryimage","url":"https:\/\/saiga.es\/wp-content\/uploads\/2026\/02\/Programador-C4111.jpg","contentUrl":"https:\/\/saiga.es\/wp-content\/uploads\/2026\/02\/Programador-C4111.jpg","width":1080,"height":1080,"caption":"Programadaor digital Aqua Control 4111"},{"@type":"BreadcrumbList","@id":"https:\/\/saiga.es\/fr\/produit\/programmateur-numerique-aqua-control-4111\/#breadcrumb","itemListElement":[{"@type":"ListItem","position":1,"name":"Inici","item":"https:\/\/saiga.es\/fr\/"},{"@type":"ListItem","position":2,"name":"boutique","item":"https:\/\/saiga.es\/fr\/boutique\/"},{"@type":"ListItem","position":3,"name":"Programmateur num\u00e9rique Aqua Control 4111"}]},{"@type":"WebSite","@id":"https:\/\/saiga.es\/fr\/#website","url":"https:\/\/saiga.es\/fr\/","name":"SAIGA","description":"M\u00e9s de 50 anys al servei de la terra i treballant per a un \u00fas eficient de l\u2019aigua!","publisher":{"@id":"https:\/\/saiga.es\/fr\/#organization"},"potentialAction":[{"@type":"SearchAction","target":{"@type":"EntryPoint","urlTemplate":"https:\/\/saiga.es\/fr\/?s={search_term_string}"},"query-input":{"@type":"PropertyValueSpecification","valueRequired":true,"valueName":"search_term_string"}}],"inLanguage":"fr-FR"},{"@type":"Organization","@id":"https:\/\/saiga.es\/fr\/#organization","name":"SAIGA","url":"https:\/\/saiga.es\/fr\/","logo":{"@type":"ImageObject","inLanguage":"fr-FR","@id":"https:\/\/saiga.es\/fr\/#\/schema\/logo\/image\/","url":"https:\/\/saiga.es\/wp-content\/uploads\/2025\/07\/logo_saiga_baseline_optimitzat.svg","contentUrl":"https:\/\/saiga.es\/wp-content\/uploads\/2025\/07\/logo_saiga_baseline_optimitzat.svg","caption":"SAIGA"},"image":{"@id":"https:\/\/saiga.es\/fr\/#\/schema\/logo\/image\/"},"sameAs":["https:\/\/x.com\/saiga_agro","https:\/\/www.instagram.com\/saiga_agro\/"]}]}},"_links":{"self":[{"href":"https:\/\/saiga.es\/fr\/wp-json\/wp\/v2\/product\/18274","targetHints":{"allow":["GET"]}}],"collection":[{"href":"https:\/\/saiga.es\/fr\/wp-json\/wp\/v2\/product"}],"about":[{"href":"https:\/\/saiga.es\/fr\/wp-json\/wp\/v2\/types\/product"}],"replies":[{"embeddable":true,"href":"https:\/\/saiga.es\/fr\/wp-json\/wp\/v2\/comments?post=18274"}],"wp:featuredmedia":[{"embeddable":true,"href":"https:\/\/saiga.es\/fr\/wp-json\/wp\/v2\/media\/18272"}],"wp:attachment":[{"href":"https:\/\/saiga.es\/fr\/wp-json\/wp\/v2\/media?parent=18274"}],"wp:term":[{"taxonomy":"product_brand","embeddable":true,"href":"https:\/\/saiga.es\/fr\/wp-json\/wp\/v2\/product_brand?post=18274"},{"taxonomy":"product_cat","embeddable":true,"href":"https:\/\/saiga.es\/fr\/wp-json\/wp\/v2\/product_cat?post=18274"},{"taxonomy":"product_tag","embeddable":true,"href":"https:\/\/saiga.es\/fr\/wp-json\/wp\/v2\/product_tag?post=18274"}],"curies":[{"name":"wp","href":"https:\/\/api.w.org\/{rel}","templated":true}]}}